{"id":1851,"date":"2023-10-17T07:46:14","date_gmt":"2023-10-17T07:46:14","guid":{"rendered":"https:\/\/hydraulic-cylinders.net\/?post_type=product&#038;p=1851"},"modified":"2025-04-15T05:42:45","modified_gmt":"2025-04-15T05:42:45","slug":"stacker-reclaimer-skeleton-pitch-cylinder","status":"publish","type":"product","link":"https:\/\/www.hydraulic-cylinders.net\/sv\/produkt\/stacker-reclaimer-skeleton-pitch-cylinder\/","title":{"rendered":"Staplar\u00e5tervinningsskelettcylinder"},"content":{"rendered":"<h1 style=\"text-align: center;\"><strong>Staplar\u00e5tervinningsskelettcylinder<\/strong><\/h1>\n<h1 style=\"text-align: center;\"><img loading=\"lazy\" decoding=\"async\" class=\"alignnone wp-image-1852\" src=\"https:\/\/hydraulic-cylinders.net\/wp-content\/uploads\/2023\/10\/skeleton-pitch-cylinder-1-300x300.webp\" alt=\"\" width=\"400\" height=\"400\" \/><\/h1>\n<p>Skelettcylindern f\u00f6r staplar\u00e5tervinning \u00e4r en viktig hydraulisk komponent som \u00e4r utformad f\u00f6r att optimera funktionaliteten och prestandan hos staplar\u00e5tervinningsmaskiner vid hantering av bulkmaterial. Denna specialcylinder m\u00f6jligg\u00f6r exakt kontroll och justering av skelettskopans lutningsvinkel, vilket underl\u00e4ttar effektiv materialupptagning och urladdning. Med sina exceptionella egenskaper, robusta konstruktion och tillf\u00f6rlitliga prestanda revolutionerar skelettcylindern f\u00f6r staplar\u00e5tervinning effektiviteten och produktiviteten vid hantering av bulkmaterial.<\/p>\n<p>Skelettcylindern f\u00f6r staplings\u00e5tervinning \u00e4r avg\u00f6rande inom bulkhanteringsindustrin och erbjuder exakt lutningskontroll, robust konstruktion och h\u00f6g lastb\u00e4rande kapacitet. Dess f\u00f6rm\u00e5ga att optimera skelettskopans lutningsvinkel underl\u00e4ttar effektiv lastning och lossning, vilket minimerar materialspill och \u00f6kar produktiviteten. Genom att f\u00f6lja de rekommenderade anv\u00e4ndningsmetoderna och implementera regelbundet underh\u00e5ll kan f\u00f6retag maximera prestandan, livsl\u00e4ngden och tillf\u00f6rlitligheten f\u00f6r sina staplings\u00e5tervinningsoperationer. Skelettcylindern f\u00f6r staplings\u00e5tervinning \u00e4r en ov\u00e4rderlig investering f\u00f6r bulkhantering, vilket ger operat\u00f6rer m\u00f6jlighet att uppn\u00e5 optimal effektivitet, noggrannhet och produktivitet inom det dynamiska och kr\u00e4vande omr\u00e5det bulkhantering.<\/p>\n<p>Viktiga egenskaper f\u00f6r skelettcylinder f\u00f6r \u00e5tervinningsbar staplare:<\/p>\n<ul>\n<li>Exakt lutningskontroll: Staplarens \u00e5tervinningsbara skelettcylinder erbjuder exakt kontroll \u00f6ver skelettskopans lutningsvinkel. F\u00f6rare kan enkelt justera vinkeln f\u00f6r att matcha materialets egenskaper och optimera lastnings- och lossningsprocessen. Denna precision s\u00e4kerst\u00e4ller effektiv materialhantering, minimerar spill och \u00f6kar produktiviteten.<\/li>\n<li>Robust konstruktion: Denna cylinder \u00e4r konstruerad med h\u00f6gkvalitativa material och en robust konstruktion f\u00f6r att klara de kr\u00e4vande f\u00f6rh\u00e5llandena vid hantering av bulkmaterial. Den \u00e4r konstruerad f\u00f6r att klara tunga belastningar, st\u00f6tar och tuffa milj\u00f6er, vilket s\u00e4kerst\u00e4ller l\u00e5ngvarig prestanda och tillf\u00f6rlitlighet.<\/li>\n<li>H\u00f6g b\u00e4rf\u00f6rm\u00e5ga: Staplarens \u00e5tervinningsbara skelettcylinder \u00e4r byggd f\u00f6r att hantera tunga belastningar som uppst\u00e5r vid hantering av bulkmaterial. Den har en robust kolv- och st\u00e5ngkonstruktion som t\u00e5l extrema krafter, vilket ger stabilitet och s\u00e4kerhet.<\/li>\n<\/ul>\n<h2><strong>Parameter f\u00f6r skelettcylinder f\u00f6r staplar\u00e5tervinning:<\/strong><\/h2>\n<table border=\"1\" cellspacing=\"0\" cellpadding=\"0\">\n<tbody>\n<tr>\n<td>Produktnamn<\/td>\n<td>Staplar\u00e5tervinningsskelettcylinder<\/td>\n<\/tr>\n<tr>\n<td>Drag:<\/td>\n<td>F\u00f6rst\u00e5 den utkragande pitching-funktionen<\/td>\n<\/tr>\n<tr>\n<td>Borrdiameter:<\/td>\n<td>300 mm\uff5e400 m<\/td>\n<\/tr>\n<tr>\n<td>St\u00e5ngdiameter:<\/td>\n<td>200 mm\uff5e320 mm<br \/>\nSlagl\u00e4ngd 1000 mm ~ 4500 mm<\/td>\n<\/tr>\n<tr>\n<td>Tryck:<\/td>\n<td>upp till 35 MPa<\/td>\n<\/tr>\n<tr>\n<td>Anv\u00e4ndningsomr\u00e5den:<\/td>\n<td>\u00c5tervinningsanordning f\u00f6r staplare<\/td>\n<\/tr>\n<\/tbody>\n<\/table>\n<h2><strong>Anv\u00e4ndning av \u00e5tervinningscylinder f\u00f6r staplare:<\/strong><\/h2>\n<p><img loading=\"lazy\" decoding=\"async\" class=\"alignnone wp-image-1854 size-full\" src=\"https:\/\/hydraulic-cylinders.net\/wp-content\/uploads\/2023\/10\/stacker-reclaimer-cylinder-1.webp\" alt=\"\" width=\"494\" height=\"330\" srcset=\"https:\/\/hydraulic-cylinders.net\/wp-content\/uploads\/2023\/10\/stacker-reclaimer-cylinder-1.webp 494w, https:\/\/hydraulic-cylinders.net\/wp-content\/uploads\/2023\/10\/stacker-reclaimer-cylinder-1-480x321.webp 480w\" sizes=\"(min-width: 0px) and (max-width: 480px) 480px, (min-width: 481px) 494px, 100vw\" \/><\/p>\n<h2><strong>Anv\u00e4ndningsmetod f\u00f6r Stacker Reclaimer Skeleton Pitch Cylinder<\/strong><strong>:<\/strong><\/h2>\n<p>Lutningsjustering: F\u00f6r att effektivt anv\u00e4nda Stacker Reclaimer Skeleton Cylinder, f\u00f6lj dessa steg:<\/p>\n<p>a. Koppla in staplarens \u00e5tervinningsaggregat och se till att hydraultrycket ligger inom det rekommenderade driftsomr\u00e5det.<br \/>\nb. Anv\u00e4nd det medf\u00f6ljande kontrollgr\u00e4nssnittet eller joysticken f\u00f6r att justera lutningsvinkeln p\u00e5 skelettskopan.<br \/>\nc. Stacker Reclaimer Skeleton Cylinder kommer att reagera p\u00e5 operat\u00f6rens input och justera lutningsvinkeln smidigt och exakt.<br \/>\nd. \u00d6vervaka materialfl\u00f6det och justera lutningsvinkeln efter behov f\u00f6r att s\u00e4kerst\u00e4lla effektiv lastning eller lossning.<\/p>\n<h2><strong>Hur tillverkas hydraulcylindrar?<\/strong><\/h2>\n<p>Lyftkapaciteten hos en hydraulcylinder beror p\u00e5 olika faktorer, inklusive dess design, storlek, driftstryck och den specifika till\u00e4mpning den anv\u00e4nds f\u00f6r. Hydraulcylindrar \u00e4r konstruerade f\u00f6r att hantera flera belastningar, fr\u00e5n l\u00e4tta till tunga applikationer.<\/p>\n<p>Tillverkaren specificerar vanligtvis lyftkapaciteten f\u00f6r en hydraulcylinder, vilken kan variera kraftigt beroende p\u00e5 cylinderns storlek och avsedda anv\u00e4ndning. Mindre cylindrar kan ha lyftkapaciteter p\u00e5 n\u00e5gra hundra pund eller kilogram, medan st\u00f6rre cylindrar kan hantera laster p\u00e5 tiotals eller hundratals ton.<\/p>\n<p>F\u00f6r att best\u00e4mma lyftkapaciteten hos en hydraulcylinder f\u00f6r en specifik till\u00e4mpning \u00e4r det viktigt att beakta f\u00f6ljande faktorer:<\/p>\n<ol>\n<li><strong>Borrstorlek:<\/strong> En hydraulcylinders borrstorlek h\u00e4nvisar till cylinderr\u00f6rets innerdiameter. Generellt sett m\u00f6jligg\u00f6r st\u00f6rre borrstorlekar h\u00f6gre lyftkapacitet.<\/li>\n<li><strong>St\u00e5ngdiameter:<\/strong> Hydraulcylinderns kolvst\u00e5ngsdiameter avser kolvst\u00e5ngens diameter. En tjockare st\u00e5ng ger vanligtvis \u00f6kad styrka och lyftkapacitet.<\/li>\n<li><strong>Driftstryck:<\/strong> Hydraulsystemets driftstryck p\u00e5verkar lyftkapaciteten. H\u00f6gre driftstryck kan generera mer kraft, vilket resulterar i en h\u00f6gre lyftkapacitet.<\/li>\n<li><strong>Slagl\u00e4ngd:<\/strong> Slagl\u00e4ngden avser den str\u00e4cka kolven kan f\u00e4rdas inom cylinderr\u00f6ret. L\u00e4ngre slagl\u00e4ngder kan \u00f6ka den totala lyftkapaciteten.<\/li>\n<li><strong>Monteringskonfiguration:<\/strong> Hydraulcylinderns monteringskonfiguration kan ocks\u00e5 p\u00e5verka dess lyftkapacitet. Olika monteringstyper erbjuder varierande niv\u00e5er av stabilitet och lastb\u00e4rande kapacitet.<\/li>\n<li><strong>S\u00e4kerhetsfaktorer:<\/strong> Det \u00e4r viktigt att beakta s\u00e4kerhetsfaktorer och s\u00e4kerst\u00e4lla att hydraulcylindern inte \u00f6verbelastas ut\u00f6ver dess angivna lyftkapacitet. \u00d6verbelastning kan leda till cylinderfel, skador p\u00e5 utrustningen och s\u00e4kerhetsrisker.<\/li>\n<\/ol>\n<h2><strong>Fabrikens kapacitet och kapacitet:<\/strong><\/h2>\n<h3>(1) Montering<\/h3>\n<p>Vi har en f\u00f6rstklassig oberoende forsknings- och utvecklingsplattform. Verkstaden f\u00f6r tillverkning av hydraulcylindrar har fyra halvautomatiska monteringslinjer f\u00f6r lyftcylindrar och en automatisk monteringslinje f\u00f6r tiltcylindrar, med en planerad \u00e5rlig produktionskapacitet p\u00e5 1 miljon enheter. Specialcylinderverkstaden \u00e4r utrustad med olika specifikationer f\u00f6r ett halvautomatiskt reng\u00f6ringsmonteringssystem med en planerad \u00e5rlig produktionskapacitet p\u00e5 200 000 och utrustad med k\u00e4nd CNC-bearbetningsutrustning, ett fleroperationscenter, en specialutrustning f\u00f6r h\u00f6gprecisionscylindrar, en robotsvetsmaskin, en automatisk reng\u00f6ringsmaskin, en automatisk cylindermonteringsmaskin och en automatisk produktionslinje f\u00f6r m\u00e5lning. Befintlig kritisk utrustning p\u00e5 mer \u00e4n 300 set (set). Optimal allokering och effektiv anv\u00e4ndning av utrustningsresurser s\u00e4kerst\u00e4ller produkternas noggrannhetskrav och uppfyller produkternas h\u00f6ga kvalitetsbehov.<\/p>\n<p><img loading=\"lazy\" decoding=\"async\" class=\"alignnone wp-image-626\" src=\"https:\/\/hydraulic-cylinders.net\/wp-content\/uploads\/2023\/08\/hydraulic-cylinder-product-1-300x158.webp\" alt=\"\" width=\"495\" height=\"260\" srcset=\"https:\/\/hydraulic-cylinders.net\/wp-content\/uploads\/2023\/08\/hydraulic-cylinder-product-1-300x158.webp 495w, https:\/\/hydraulic-cylinders.net\/wp-content\/uploads\/2023\/08\/hydraulic-cylinder-product-1-480x252.webp 480w\" sizes=\"(min-width: 0px) and (max-width: 480px) 480px, (min-width: 481px) 495px, 100vw\" \/> <img loading=\"lazy\" decoding=\"async\" class=\"alignnone wp-image-627\" src=\"https:\/\/hydraulic-cylinders.net\/wp-content\/uploads\/2023\/08\/hydraulic-cylinder-product-2-300x189.webp\" alt=\"\" width=\"413\" height=\"260\" \/><\/p>\n<h3>(2) Maskinbearbetning<\/h3>\n<p>Bearbetningsverkstaden \u00e4r utrustad med en specialanpassad svarvcentral f\u00f6r lutande r\u00e4ls, bearbetningscenter, h\u00f6ghastighetsh\u00f6nsmaskin, svetsrobot och annan relaterad utrustning, som kan hantera bearbetning av cylinderr\u00f6r med en maximal innerdiameter p\u00e5 400 mm och en maximal l\u00e4ngd p\u00e5 6 meter.<\/p>\n<p><img loading=\"lazy\" decoding=\"async\" class=\"alignnone wp-image-628 size-large\" src=\"https:\/\/hydraulic-cylinders.net\/wp-content\/uploads\/2023\/08\/hydraulic-cylinder-product-3-1024x391.webp\" alt=\"\" width=\"1024\" height=\"391\" srcset=\"https:\/\/hydraulic-cylinders.net\/wp-content\/uploads\/2023\/08\/hydraulic-cylinder-product-3-980x374.webp 980w, https:\/\/hydraulic-cylinders.net\/wp-content\/uploads\/2023\/08\/hydraulic-cylinder-product-3-480x183.webp 480w\" sizes=\"(min-width: 0px) and (max-width: 480px) 480px, (min-width: 481px) and (max-width: 980px) 980px, (min-width: 981px) 1024px, 100vw\" \/><\/p>\n<h3>(3) Svetsning<\/h3>\n<p><img loading=\"lazy\" decoding=\"async\" class=\"alignnone wp-image-629 size-large\" src=\"https:\/\/hydraulic-cylinders.net\/wp-content\/uploads\/2023\/08\/hydraulic-cylinder-product-4-1024x510.webp\" alt=\"\" width=\"1024\" height=\"510\" srcset=\"https:\/\/hydraulic-cylinders.net\/wp-content\/uploads\/2023\/08\/hydraulic-cylinder-product-4-980x488.webp 980w, https:\/\/hydraulic-cylinders.net\/wp-content\/uploads\/2023\/08\/hydraulic-cylinder-product-4-480x239.webp 480w\" sizes=\"(min-width: 0px) and (max-width: 480px) 480px, (min-width: 481px) and (max-width: 980px) 980px, (min-width: 981px) 1024px, 100vw\" \/><\/p>\n<h3>(4) M\u00e5lning och ytbehandling<\/h3>\n<p>Med sm\u00e5 och medelstora cylindriska automatiska vattenbaserade f\u00e4rgbel\u00e4ggningslinjer, f\u00f6r att uppn\u00e5 automatisk robotlastning och lossning samt automatisk sprutning, \u00e4r den designade kapaciteten 4000 stycken per skift;<br \/>\nVi har \u00e4ven en halvautomatisk f\u00e4rgproduktionslinje f\u00f6r stora cylindrar som drivs av en sl\u00e4pkedja, med en designkapacitet p\u00e5 60 l\u00e5dor per skift.<\/p>\n<p><img loading=\"lazy\" decoding=\"async\" class=\"alignnone wp-image-630\" src=\"https:\/\/hydraulic-cylinders.net\/wp-content\/uploads\/2023\/08\/hydraulic-cylinder-product-5-300x213.webp\" alt=\"\" width=\"366\" height=\"260\" \/> <img loading=\"lazy\" decoding=\"async\" class=\"alignnone wp-image-631\" src=\"https:\/\/hydraulic-cylinders.net\/wp-content\/uploads\/2023\/08\/hydraulic-cylinder-product-6-300x225.webp\" alt=\"\" width=\"347\" height=\"260\" \/><\/p>\n<h3>(5) Testning<\/h3>\n<p>Vi har f\u00f6rstklassiga inspektionsanl\u00e4ggningar och testb\u00e4ddar f\u00f6r att s\u00e4kerst\u00e4lla att cylinderns prestanda uppfyller kraven.<\/p>\n<p><img loading=\"lazy\" decoding=\"async\" class=\"alignnone wp-image-632\" src=\"https:\/\/hydraulic-cylinders.net\/wp-content\/uploads\/2023\/08\/hydraulic-cylinder-product-8-300x200.webp\" alt=\"\" width=\"389\" height=\"260\" \/><\/p>\n<p>&nbsp;<\/p>\n<p>&nbsp;<\/p>\n<p>Vi \u00e4r en av de b\u00e4sta tillverkarna av hydraulcylindrar. Vi kan erbjuda ett helt\u00e4ckande utbud av hydraulcylindrar. Vi tillhandah\u00e5ller \u00e4ven motsvarande <a href=\"https:\/\/hzpt.com\/agricultural-pto-gearbox\/\" target=\"_blank\" rel=\"noopener\">jordbruksv\u00e4xell\u00e5dor<\/a>Vi har exporterat v\u00e5ra produkter till kunder \u00f6ver hela v\u00e4rlden och f\u00e5tt ett gott rykte tack vare v\u00e5r \u00f6verl\u00e4gsna produktkvalitet och kundservice. Vi v\u00e4lkomnar kunder b\u00e5de hemma och utomlands att kontakta oss f\u00f6r att f\u00f6rhandla aff\u00e4rer, utbyta information och <a href=\"https:\/\/www.hydraulic-cylinders.net\/sv\/contact-us\/\">samarbeta med oss<\/a>!<\/p>\n<p>&nbsp;<\/p>\n<p>&nbsp;<\/p>","protected":false},"excerpt":{"rendered":"<p>Stacker Reclaimer Skeleton Pitch Cylinder The stacker reclaimer skeleton pitch cylinder is a crucial hydraulic component designed to optimize the functionality and performance of stacker reclaimers in bulk material handling applications. This specialized cylinder enables precise control and adjustment of the skeleton bucket&#8217;s pitch angle, facilitating efficient material pickup and discharge. With its exceptional features, [&hellip;]<\/p>","protected":false},"featured_media":1853,"comment_status":"open","ping_status":"closed","template":"","meta":{"_et_pb_use_builder":"","_et_pb_old_content":"","_et_gb_content_width":""},"product_brand":[],"product_cat":[1550,1516,1552],"product_tag":[1380],"class_list":{"0":"post-1851","1":"product","2":"type-product","3":"status-publish","4":"has-post-thumbnail","6":"product_cat-double-acting-hydraulic-cylinder","7":"product_cat-stacker-reclaimer-hydraulic-cylinders","8":"product_cat-stainless-steel-hydraulic-cylinder","9":"product_tag-hydraulic-cylinder","11":"first","12":"instock","13":"shipping-taxable","14":"product-type-simple"},"amp_enabled":true,"_links":{"self":[{"href":"https:\/\/www.hydraulic-cylinders.net\/sv\/wp-json\/wp\/v2\/product\/1851","targetHints":{"allow":["GET"]}}],"collection":[{"href":"https:\/\/www.hydraulic-cylinders.net\/sv\/wp-json\/wp\/v2\/product"}],"about":[{"href":"https:\/\/www.hydraulic-cylinders.net\/sv\/wp-json\/wp\/v2\/types\/product"}],"replies":[{"embeddable":true,"href":"https:\/\/www.hydraulic-cylinders.net\/sv\/wp-json\/wp\/v2\/comments?post=1851"}],"wp:featuredmedia":[{"embeddable":true,"href":"https:\/\/www.hydraulic-cylinders.net\/sv\/wp-json\/wp\/v2\/media\/1853"}],"wp:attachment":[{"href":"https:\/\/www.hydraulic-cylinders.net\/sv\/wp-json\/wp\/v2\/media?parent=1851"}],"wp:term":[{"taxonomy":"product_brand","embeddable":true,"href":"https:\/\/www.hydraulic-cylinders.net\/sv\/wp-json\/wp\/v2\/product_brand?post=1851"},{"taxonomy":"product_cat","embeddable":true,"href":"https:\/\/www.hydraulic-cylinders.net\/sv\/wp-json\/wp\/v2\/product_cat?post=1851"},{"taxonomy":"product_tag","embeddable":true,"href":"https:\/\/www.hydraulic-cylinders.net\/sv\/wp-json\/wp\/v2\/product_tag?post=1851"}],"curies":[{"name":"wp","href":"https:\/\/api.w.org\/{rel}","templated":true}]}}