{"id":1862,"date":"2023-10-18T02:42:20","date_gmt":"2023-10-18T02:42:20","guid":{"rendered":"https:\/\/hydraulic-cylinders.net\/?post_type=product&#038;p=1862"},"modified":"2025-04-15T05:52:29","modified_gmt":"2025-04-15T05:52:29","slug":"oil-gas-drilling-platform-lifting-cylinder","status":"publish","type":"product","link":"https:\/\/www.hydraulic-cylinders.net\/sv\/produkt\/oil-gas-drilling-platform-lifting-cylinder\/","title":{"rendered":"Lyftcylinder f\u00f6r olje-\/gasborrplattform"},"content":{"rendered":"<h1 style=\"text-align: center;\"><strong>Lyftcylinder f\u00f6r olje-\/gasborrplattform<\/strong><\/h1>\n<p><img loading=\"lazy\" decoding=\"async\" class=\"aligncenter wp-image-1863\" src=\"https:\/\/hydraulic-cylinders.net\/wp-content\/uploads\/2023\/10\/platform-lifting-cylinder-1-300x300.webp\" alt=\"\" width=\"400\" height=\"400\" \/><\/p>\n<p>Lyftcylindern f\u00f6r olje-\/gasborrplattformar \u00e4r avg\u00f6rande f\u00f6r olje- och gasborrningsoperationer till havs. Denna specialiserade hydraulcylinder \u00e4r utformad f\u00f6r att ge tillf\u00f6rlitliga och effektiva lyftkapaciteter och spelar en avg\u00f6rande roll f\u00f6r att st\u00f6dja lyftning och s\u00e4nkning av borrplattformar, vilket s\u00e4kerst\u00e4ller s\u00e4ker och produktiv drift i kr\u00e4vande offshore-milj\u00f6er.<\/p>\n<p>Lyftcylindern f\u00f6r olje-\/gasborrplattformar \u00e4r avg\u00f6rande f\u00f6r offshore-borrningsoperationer och erbjuder robust konstruktion, h\u00f6g lastkapacitet och precisionskontroll. Med sin f\u00f6rm\u00e5ga att hantera tunga laster och ge exakt r\u00f6relsekontroll f\u00f6rb\u00e4ttrar den s\u00e4kerheten och effektiviteten vid lyft- och s\u00e4nkningsoperationer av borrplattformar. Genom att f\u00f6lja de rekommenderade anv\u00e4ndningsmetoderna och implementera regelbundet underh\u00e5ll kan f\u00f6retag maximera prestanda, livsl\u00e4ngd och tillf\u00f6rlitlighet f\u00f6r sina offshore-borrningsoperationer. Lyftcylindern f\u00f6r olje-\/gasborrplattformar \u00e4r en oumb\u00e4rlig investering f\u00f6r olje- och gasindustrin, som ger operat\u00f6rer m\u00f6jlighet att uppn\u00e5 optimal s\u00e4kerhet, produktivitet och framg\u00e5ng i utmanande offshore-milj\u00f6er.<\/p>\n<p>Lyftcylinder f\u00f6r olje-\/gasborrplattformar, viktiga egenskaper:<\/p>\n<ul>\n<li>Robust konstruktion: Lyftcylindern \u00e4r byggd med h\u00f6gkvalitativa material och har en komplett design f\u00f6r att klara de tuffa f\u00f6rh\u00e5llandena vid offshore-borrning. Dess robusta konstruktion garanterar h\u00e5llbarhet och tillf\u00f6rlitlighet \u00e4ven i extremt v\u00e4der och korrosiva milj\u00f6er.<\/li>\n<li>H\u00f6g lastkapacitet: Denna cylinder \u00e4r konstruerad f\u00f6r att hantera tunga belastningar i samband med lyftning och s\u00e4nkning av borrplattformar. Dess exceptionella lastb\u00e4rande kapacitet ger den styrka och stabilitet som kr\u00e4vs f\u00f6r s\u00e4ker och effektiv drift.<\/li>\n<li>Precisionskontroll: Lyftcylindern erbjuder exakt kontroll \u00f6ver plattformens r\u00f6relse, vilket g\u00f6r det m\u00f6jligt f\u00f6r operat\u00f6rer att exakt positionera och justera borrplattformens h\u00f6jd. Denna kontrollniv\u00e5 s\u00e4kerst\u00e4ller optimal driftseffektivitet och f\u00f6rb\u00e4ttrar s\u00e4kerheten under kritiska lyftoperationer.<\/li>\n<\/ul>\n<h2><strong>Parameter f\u00f6r lyftcylinder f\u00f6r olje-\/gasborrplattform:<\/strong><\/h2>\n<table border=\"1\" cellspacing=\"0\" cellpadding=\"0\">\n<tbody>\n<tr>\n<td>Produktnamn<\/td>\n<td>Lyftcylinder f\u00f6r olje-\/gasborrplattform<\/td>\n<\/tr>\n<tr>\n<td>Drag:<\/td>\n<td>F\u00f6rst\u00e5 lyft- och s\u00e4nkningsfunktionerna p\u00e5 borrplattformen.<\/td>\n<\/tr>\n<tr>\n<td>Borrdiameter:<\/td>\n<td>530 mm<\/td>\n<\/tr>\n<tr>\n<td>St\u00e5ngdiameter:<\/td>\n<td>\u00a0490 mm<br \/>\nSlagl\u00e4ngd \u22649000 mm<\/td>\n<\/tr>\n<tr>\n<td>Tryck:<\/td>\n<td>Maximalt 20,7 MPa<\/td>\n<\/tr>\n<tr>\n<td>Anv\u00e4ndningsomr\u00e5den:<\/td>\n<td>Olje-\/gasborrplattform<\/td>\n<\/tr>\n<\/tbody>\n<\/table>\n<h2><strong>Anv\u00e4ndning av cylinder f\u00f6r olje-\/gasborrplattform:<\/strong><\/h2>\n<p><img loading=\"lazy\" decoding=\"async\" class=\"alignnone wp-image-1864 size-full\" src=\"https:\/\/hydraulic-cylinders.net\/wp-content\/uploads\/2023\/10\/oilgas-drilling-cylinder-1.webp\" alt=\"\" width=\"494\" height=\"330\" srcset=\"https:\/\/hydraulic-cylinders.net\/wp-content\/uploads\/2023\/10\/oilgas-drilling-cylinder-1.webp 494w, https:\/\/hydraulic-cylinders.net\/wp-content\/uploads\/2023\/10\/oilgas-drilling-cylinder-1-480x321.webp 480w\" sizes=\"(min-width: 0px) and (max-width: 480px) 480px, (min-width: 481px) 494px, 100vw\" \/><\/p>\n<h2><strong>Anv\u00e4ndningsmetod f\u00f6r lyftcylinder f\u00f6r olje-\/gasborrplattform<\/strong><strong>:<\/strong><\/h2>\n<p>Plattformslyft: F\u00f6lj dessa steg f\u00f6r att effektivt anv\u00e4nda lyftcylindern f\u00f6r olje-\/gasborrplattformar:<\/p>\n<p>a. Koppla in det hydrauliska systemet som driver lyftmekanismen och se till att hydraultrycket ligger inom det rekommenderade driftsomr\u00e5det.<br \/>\nb. Anv\u00e4nd det medf\u00f6ljande kontrollgr\u00e4nssnittet eller spaken f\u00f6r att aktivera cylindern, vilket initierar lyft- eller s\u00e4nkningsfunktionen p\u00e5 borrplattformen.<br \/>\nc. \u00d6vervaka plattformens r\u00f6relse och justera cylinderns funktion f\u00f6r att uppn\u00e5 \u00f6nskad h\u00f6jd eller position.<\/p>\n<h2><strong>Hur mycket vikt kan en hydraulcylinder lyfta?<\/strong><\/h2>\n<p>En hydraulcylinders viktkapacitet beror p\u00e5 olika faktorer, inklusive dess design, storlek och driftsparametrar. Hydraulcylindrar finns i olika storlekar och konfigurationer, var och en med sin specifika b\u00e4rf\u00f6rm\u00e5ga. F\u00f6r att best\u00e4mma en hydraulcylinders viktkapacitet \u00e4r det avg\u00f6rande att beakta f\u00f6ljande faktorer:<\/p>\n<ol>\n<li><strong>Cylindertyp och design:<\/strong> Olika typer av hydraulcylindrar, s\u00e5som enkelverkande, dubbelverkande, teleskopiska eller flerstegscylindrar, har varierande lastkapacitet. Teleskopiska cylindrar \u00e4r till exempel konstruerade f\u00f6r att hantera tyngre laster j\u00e4mf\u00f6rt med vanliga enkelverkande eller dubbelverkande cylindrar.<\/li>\n<li><strong>Cylinderstorlek:<\/strong> Cylinderns fysiska storlek och dimensioner spelar en viktig roll f\u00f6r dess viktkapacitet. St\u00f6rre cylindrar har generellt h\u00f6gre lastkapacitet j\u00e4mf\u00f6rt med mindre.<\/li>\n<li><strong>Driftstryck:<\/strong> Det hydrauliska trycket som appliceras p\u00e5 cylindern \u00e4r en annan kritisk faktor f\u00f6r att best\u00e4mma dess viktkapacitet. H\u00f6gre tryckniv\u00e5er m\u00f6jligg\u00f6r vanligtvis st\u00f6rre lyftkapacitet.<\/li>\n<li><strong>St\u00e5ngdiameter och material:<\/strong> Diametern p\u00e5 cylinderns st\u00e5ng och materialet den \u00e4r tillverkad av kan p\u00e5verka dess b\u00e4rf\u00f6rm\u00e5ga. Tjockare st\u00e4nger tillverkade av h\u00f6gh\u00e5llfasta material klarar tyngre vikter.<\/li>\n<li><strong>Monterings- och st\u00f6dstruktur:<\/strong> Monterings- och st\u00f6dstrukturen som anv\u00e4nds med hydraulcylindern kan p\u00e5verka dess viktkapacitet. Ett robust och v\u00e4lkonstruerat monteringssystem s\u00e4kerst\u00e4ller korrekt lastf\u00f6rdelning och stabilitet.<\/li>\n<\/ol>\n<h2><strong>Fabrikens kapacitet och kapacitet:<\/strong><\/h2>\n<h3>(1) Montering<\/h3>\n<p>Vi har en f\u00f6rstklassig oberoende forsknings- och utvecklingsplattform. Verkstaden f\u00f6r tillverkning av hydraulcylindrar har fyra halvautomatiska monteringslinjer f\u00f6r lyftcylindrar och en automatisk monteringslinje f\u00f6r tiltcylindrar, med en planerad \u00e5rlig produktionskapacitet p\u00e5 1 miljon enheter. Specialcylinderverkstaden \u00e4r utrustad med olika specifikationer f\u00f6r ett halvautomatiskt reng\u00f6ringsmonteringssystem med en planerad \u00e5rlig produktionskapacitet p\u00e5 200 000 och utrustad med k\u00e4nd CNC-bearbetningsutrustning, ett fleroperationscenter, en specialutrustning f\u00f6r h\u00f6gprecisionscylindrar, en robotsvetsmaskin, en automatisk reng\u00f6ringsmaskin, en automatisk cylindermonteringsmaskin och en automatisk produktionslinje f\u00f6r m\u00e5lning. Befintlig kritisk utrustning p\u00e5 mer \u00e4n 300 set (set). Optimal allokering och effektiv anv\u00e4ndning av utrustningsresurser s\u00e4kerst\u00e4ller produkternas noggrannhetskrav och uppfyller produkternas h\u00f6ga kvalitetsbehov.<\/p>\n<p><img loading=\"lazy\" decoding=\"async\" class=\"alignnone wp-image-626\" src=\"https:\/\/hydraulic-cylinders.net\/wp-content\/uploads\/2023\/08\/hydraulic-cylinder-product-1-300x158.webp\" alt=\"\" width=\"495\" height=\"260\" srcset=\"https:\/\/hydraulic-cylinders.net\/wp-content\/uploads\/2023\/08\/hydraulic-cylinder-product-1-300x158.webp 495w, https:\/\/hydraulic-cylinders.net\/wp-content\/uploads\/2023\/08\/hydraulic-cylinder-product-1-480x252.webp 480w\" sizes=\"(min-width: 0px) and (max-width: 480px) 480px, (min-width: 481px) 495px, 100vw\" \/> <img loading=\"lazy\" decoding=\"async\" class=\"alignnone wp-image-627\" src=\"https:\/\/hydraulic-cylinders.net\/wp-content\/uploads\/2023\/08\/hydraulic-cylinder-product-2-300x189.webp\" alt=\"\" width=\"413\" height=\"260\" \/><\/p>\n<h3>(2) Maskinbearbetning<\/h3>\n<p>Bearbetningsverkstaden \u00e4r utrustad med en specialanpassad svarvcentral f\u00f6r lutande r\u00e4ls, bearbetningscenter, h\u00f6ghastighetsh\u00f6nsmaskin, svetsrobot och annan relaterad utrustning, som kan hantera bearbetning av cylinderr\u00f6r med en maximal innerdiameter p\u00e5 400 mm och en maximal l\u00e4ngd p\u00e5 6 meter.<\/p>\n<p><img loading=\"lazy\" decoding=\"async\" class=\"alignnone wp-image-628 size-large\" src=\"https:\/\/hydraulic-cylinders.net\/wp-content\/uploads\/2023\/08\/hydraulic-cylinder-product-3-1024x391.webp\" alt=\"\" width=\"1024\" height=\"391\" srcset=\"https:\/\/hydraulic-cylinders.net\/wp-content\/uploads\/2023\/08\/hydraulic-cylinder-product-3-980x374.webp 980w, https:\/\/hydraulic-cylinders.net\/wp-content\/uploads\/2023\/08\/hydraulic-cylinder-product-3-480x183.webp 480w\" sizes=\"(min-width: 0px) and (max-width: 480px) 480px, (min-width: 481px) and (max-width: 980px) 980px, (min-width: 981px) 1024px, 100vw\" \/><\/p>\n<h3>(3) Svetsning<\/h3>\n<p><img loading=\"lazy\" decoding=\"async\" class=\"alignnone wp-image-629 size-large\" src=\"https:\/\/hydraulic-cylinders.net\/wp-content\/uploads\/2023\/08\/hydraulic-cylinder-product-4-1024x510.webp\" alt=\"\" width=\"1024\" height=\"510\" srcset=\"https:\/\/hydraulic-cylinders.net\/wp-content\/uploads\/2023\/08\/hydraulic-cylinder-product-4-980x488.webp 980w, https:\/\/hydraulic-cylinders.net\/wp-content\/uploads\/2023\/08\/hydraulic-cylinder-product-4-480x239.webp 480w\" sizes=\"(min-width: 0px) and (max-width: 480px) 480px, (min-width: 481px) and (max-width: 980px) 980px, (min-width: 981px) 1024px, 100vw\" \/><\/p>\n<h3>(4) M\u00e5lning och ytbehandling<\/h3>\n<p>Med sm\u00e5 och medelstora cylindriska automatiska vattenbaserade f\u00e4rgbel\u00e4ggningslinjer, f\u00f6r att uppn\u00e5 automatisk robotlastning och lossning samt automatisk sprutning, \u00e4r den designade kapaciteten 4000 stycken per skift;<br \/>\nVi har \u00e4ven en halvautomatisk f\u00e4rgproduktionslinje f\u00f6r stora cylindrar som drivs av en sl\u00e4pkedja, med en designkapacitet p\u00e5 60 l\u00e5dor per skift.<\/p>\n<p><img loading=\"lazy\" decoding=\"async\" class=\"alignnone wp-image-630\" src=\"https:\/\/hydraulic-cylinders.net\/wp-content\/uploads\/2023\/08\/hydraulic-cylinder-product-5-300x213.webp\" alt=\"\" width=\"366\" height=\"260\" \/> <img loading=\"lazy\" decoding=\"async\" class=\"alignnone wp-image-631\" src=\"https:\/\/hydraulic-cylinders.net\/wp-content\/uploads\/2023\/08\/hydraulic-cylinder-product-6-300x225.webp\" alt=\"\" width=\"347\" height=\"260\" \/><\/p>\n<h3>(5) Testning<\/h3>\n<p>Vi har f\u00f6rstklassiga inspektionsanl\u00e4ggningar och testb\u00e4ddar f\u00f6r att s\u00e4kerst\u00e4lla att cylinderns prestanda uppfyller kraven.<\/p>\n<p><img loading=\"lazy\" decoding=\"async\" class=\"alignnone wp-image-632\" src=\"https:\/\/hydraulic-cylinders.net\/wp-content\/uploads\/2023\/08\/hydraulic-cylinder-product-8-300x200.webp\" alt=\"\" width=\"389\" height=\"260\" \/><\/p>\n<p>&nbsp;<\/p>\n<p>&nbsp;<\/p>\n<p>Vi \u00e4r en av de b\u00e4sta tillverkarna av hydraulcylindrar. Vi kan erbjuda ett helt\u00e4ckande utbud av hydraulcylindrar. Vi tillhandah\u00e5ller \u00e4ven motsvarande <a href=\"https:\/\/hzpt.com\/agricultural-pto-gearbox\/\" target=\"_blank\" rel=\"noopener\">jordbruksv\u00e4xell\u00e5dor<\/a>Vi har exporterat v\u00e5ra produkter till kunder \u00f6ver hela v\u00e4rlden och f\u00e5tt ett gott rykte tack vare v\u00e5r \u00f6verl\u00e4gsna produktkvalitet och kundservice. Vi v\u00e4lkomnar kunder b\u00e5de hemma och utomlands att kontakta oss f\u00f6r att f\u00f6rhandla aff\u00e4rer, utbyta information och <a href=\"https:\/\/www.hydraulic-cylinders.net\/sv\/contact-us\/\">samarbeta med oss<\/a>!<\/p>\n<p>&nbsp;<\/p>\n<p>&nbsp;<\/p>","protected":false},"excerpt":{"rendered":"<p>Oil\/Gas Drilling Platform Lifting Cylinder The oil\/gas drilling platform lifting cylinder is crucial in offshore oil and gas drilling operations. Designed to provide reliable and efficient lifting capabilities, this specialized hydraulic cylinder plays a crucial role in supporting the lifting and lowering of drilling platforms, ensuring safe and productive operations in challenging offshore environments. The [&hellip;]<\/p>","protected":false},"featured_media":1865,"comment_status":"open","ping_status":"closed","template":"","meta":{"_et_pb_use_builder":"","_et_pb_old_content":"","_et_gb_content_width":""},"product_brand":[],"product_cat":[1549,1552,1418],"product_tag":[1380],"class_list":{"0":"post-1862","1":"product","2":"type-product","3":"status-publish","4":"has-post-thumbnail","6":"product_cat-single-acting-hydraulic-cylinder","7":"product_cat-stainless-steel-hydraulic-cylinder","8":"product_cat-oil-gas-hydraulic-cylinders","9":"product_tag-hydraulic-cylinder","11":"first","12":"instock","13":"shipping-taxable","14":"product-type-simple"},"amp_enabled":true,"_links":{"self":[{"href":"https:\/\/www.hydraulic-cylinders.net\/sv\/wp-json\/wp\/v2\/product\/1862","targetHints":{"allow":["GET"]}}],"collection":[{"href":"https:\/\/www.hydraulic-cylinders.net\/sv\/wp-json\/wp\/v2\/product"}],"about":[{"href":"https:\/\/www.hydraulic-cylinders.net\/sv\/wp-json\/wp\/v2\/types\/product"}],"replies":[{"embeddable":true,"href":"https:\/\/www.hydraulic-cylinders.net\/sv\/wp-json\/wp\/v2\/comments?post=1862"}],"wp:featuredmedia":[{"embeddable":true,"href":"https:\/\/www.hydraulic-cylinders.net\/sv\/wp-json\/wp\/v2\/media\/1865"}],"wp:attachment":[{"href":"https:\/\/www.hydraulic-cylinders.net\/sv\/wp-json\/wp\/v2\/media?parent=1862"}],"wp:term":[{"taxonomy":"product_brand","embeddable":true,"href":"https:\/\/www.hydraulic-cylinders.net\/sv\/wp-json\/wp\/v2\/product_brand?post=1862"},{"taxonomy":"product_cat","embeddable":true,"href":"https:\/\/www.hydraulic-cylinders.net\/sv\/wp-json\/wp\/v2\/product_cat?post=1862"},{"taxonomy":"product_tag","embeddable":true,"href":"https:\/\/www.hydraulic-cylinders.net\/sv\/wp-json\/wp\/v2\/product_tag?post=1862"}],"curies":[{"name":"wp","href":"https:\/\/api.w.org\/{rel}","templated":true}]}}