{"id":1866,"date":"2023-10-18T03:13:57","date_gmt":"2023-10-18T03:13:57","guid":{"rendered":"https:\/\/hydraulic-cylinders.net\/?post_type=product&#038;p=1866"},"modified":"2025-04-15T05:52:24","modified_gmt":"2025-04-15T05:52:24","slug":"oil-gas-drilling-derrick-lifting-cylinder","status":"publish","type":"product","link":"https:\/\/www.hydraulic-cylinders.net\/sv\/produkt\/oil-gas-drilling-derrick-lifting-cylinder\/","title":{"rendered":"Lyftcylinder f\u00f6r borrtorn f\u00f6r olja\/gas"},"content":{"rendered":"<h1 style=\"text-align: center;\"><strong>Lyftcylinder f\u00f6r borrtorn f\u00f6r olja\/gas<\/strong><\/h1>\n<p><img loading=\"lazy\" decoding=\"async\" class=\"aligncenter wp-image-1868\" src=\"https:\/\/hydraulic-cylinders.net\/wp-content\/uploads\/2023\/10\/derrick-lifting-cylinder-1-1-300x300.webp\" alt=\"\" width=\"400\" height=\"400\" \/><\/p>\n<p>Lyftcylindern f\u00f6r borrtorn f\u00f6r olja\/gas \u00e4r en kritisk komponent vid olje- och gasborrning och \u00e4r speciellt utformad f\u00f6r att lyfta och s\u00e4nka borrtorn. Denna specialiserade hydraulcylinder spelar en avg\u00f6rande roll f\u00f6r att st\u00f6dja borrtornets vertikala r\u00f6relse, vilket m\u00f6jligg\u00f6r effektiva och s\u00e4kra borrningsaktiviteter inom olje- och gasindustrin.<\/p>\n<p>Lyftcylindern f\u00f6r borrtorn f\u00f6r olje-\/gasborrning \u00e4r avg\u00f6rande inom olje- och gasborrningsindustrin och erbjuder robust konstruktion, h\u00f6g lastkapacitet och exakt kontroll. Dess f\u00f6rm\u00e5ga att hantera tunga laster och ge noggrann r\u00f6relsekontroll f\u00f6rb\u00e4ttrar effektiviteten och s\u00e4kerheten vid borroperationer. Genom att f\u00f6lja de rekommenderade anv\u00e4ndningsmetoderna och implementera regelbundna underh\u00e5llspraxis kan f\u00f6retag maximera prestanda, livsl\u00e4ngd och tillf\u00f6rlitlighet f\u00f6r sina borroperationer. Lyftcylindern f\u00f6r borrtorn f\u00f6r olje-\/gasborrning \u00e4r en oumb\u00e4rlig investering f\u00f6r olje- och gasindustrin, som ger operat\u00f6rer m\u00f6jlighet att uppn\u00e5 optimal s\u00e4kerhet, produktivitet och framg\u00e5ng i sina borroperationer.<\/p>\n<p>Lyftcylinder f\u00f6r olje-\/gasborrplattformar, viktiga egenskaper:<\/p>\n<ul>\n<li>Robust konstruktion: Lyftcylindern \u00e4r byggd med h\u00f6gkvalitativa material och har en komplett design f\u00f6r att klara de kr\u00e4vande f\u00f6rh\u00e5llandena vid olje- och gasborrning. Dess robusta konstruktion garanterar h\u00e5llbarhet och tillf\u00f6rlitlighet, \u00e4ven i tuffa milj\u00f6f\u00f6rh\u00e5llanden och extrema temperaturer.<\/li>\n<li>H\u00f6g lastkapacitet: Denna cylinder \u00e4r konstruerad f\u00f6r att hantera tunga belastningar i samband med lyftning och s\u00e4nkning av borrtorn. Dess exceptionella lastb\u00e4rande kapacitet ger den styrka och stabilitet som kr\u00e4vs f\u00f6r s\u00e4kra och effektiva borroperationer.<\/li>\n<li>Exakt kontroll: Lyftcylindern erbjuder exakt kontroll \u00f6ver borrtornets vertikala r\u00f6relse, vilket g\u00f6r det m\u00f6jligt f\u00f6r operat\u00f6rer att positionera och justera borrstrukturens h\u00f6jd exakt. Denna kontrollniv\u00e5 s\u00e4kerst\u00e4ller optimal driftseffektivitet och f\u00f6rb\u00e4ttrar s\u00e4kerheten under kritiska borraktiviteter.<\/li>\n<\/ul>\n<h2><strong>Parameter f\u00f6r lyftcylinder f\u00f6r olje-\/gasborrning:<\/strong><\/h2>\n<table border=\"1\" cellspacing=\"0\" cellpadding=\"0\">\n<tbody>\n<tr>\n<td>Produktnamn<\/td>\n<td>Olje-\/gasborrplattform Derrick lyftcylinder<\/td>\n<\/tr>\n<tr>\n<td>Drag:<\/td>\n<td>F\u00f6rst\u00e5 lyft- och s\u00e4nkningsfunktionerna p\u00e5 borrplattformen.<\/td>\n<\/tr>\n<tr>\n<td>Borrdiameter:<\/td>\n<td>530 mm<\/td>\n<\/tr>\n<tr>\n<td>St\u00e5ngdiameter:<\/td>\n<td>\u00a0490 mm<br \/>\nSlagl\u00e4ngd \u22649000 mm<\/td>\n<\/tr>\n<tr>\n<td>Tryck:<\/td>\n<td>Maximalt 20,7 MPa<\/td>\n<\/tr>\n<tr>\n<td>Anv\u00e4ndningsomr\u00e5den:<\/td>\n<td>Olje-\/gasborrplattform<\/td>\n<\/tr>\n<\/tbody>\n<\/table>\n<h2><strong>Anv\u00e4ndning av cylinder f\u00f6r olje-\/gasborrplattform:<\/strong><\/h2>\n<p><img loading=\"lazy\" decoding=\"async\" class=\"alignnone wp-image-1864 size-full\" src=\"https:\/\/hydraulic-cylinders.net\/wp-content\/uploads\/2023\/10\/oilgas-drilling-cylinder-1.webp\" alt=\"\" width=\"494\" height=\"330\" srcset=\"https:\/\/hydraulic-cylinders.net\/wp-content\/uploads\/2023\/10\/oilgas-drilling-cylinder-1.webp 494w, https:\/\/hydraulic-cylinders.net\/wp-content\/uploads\/2023\/10\/oilgas-drilling-cylinder-1-480x321.webp 480w\" sizes=\"(min-width: 0px) and (max-width: 480px) 480px, (min-width: 481px) 494px, 100vw\" \/><\/p>\n<h2><strong>Anv\u00e4ndningsmetod f\u00f6r olje-\/gasborrningslyftcylinder<\/strong><strong>:<\/strong><\/h2>\n<p>Lyftning av borrtorn: F\u00f6lj dessa steg f\u00f6r att effektivt anv\u00e4nda lyftcylindern f\u00f6r olje-\/gasborrning:<\/p>\n<p>a. Koppla in det hydrauliska systemet som driver lyftmekanismen och se till att hydraultrycket ligger inom det rekommenderade driftsomr\u00e5det.<br \/>\nb. Anv\u00e4nd det medf\u00f6ljande kontrollgr\u00e4nssnittet eller spaken f\u00f6r att aktivera cylindern, vilket initierar lyft- eller s\u00e4nkningsr\u00f6relsen f\u00f6r borrtornet.<br \/>\nc. \u00d6vervaka borrtornets r\u00f6relser och justera cylinderns funktion f\u00f6r att uppn\u00e5 \u00f6nskad h\u00f6jd eller position.<\/p>\n<h2><strong>Hur man monterar en hydraulcylinder?<\/strong><\/h2>\n<p>Att montera en hydraulcylinder kr\u00e4ver noggrann uppm\u00e4rksamhet p\u00e5 detaljer och att man f\u00f6ljer korrekta procedurer f\u00f6r att s\u00e4kerst\u00e4lla ett s\u00e4kert och funktionellt resultat. H\u00e4r \u00e4r en allm\u00e4n guide f\u00f6r hur man tillverkar en hydraulcylinder:<\/p>\n<ol>\n<li><strong>Samla de n\u00f6dv\u00e4ndiga komponenterna:<\/strong>\n<ul>\n<li>Cylinderr\u00f6r<\/li>\n<li>Kolvaggregat<\/li>\n<li>Kolvst\u00e5ng<\/li>\n<li>Cylinder\u00e4ndk\u00e5por<\/li>\n<li>T\u00e4tningar och O-ringar<\/li>\n<li>F\u00e4stringar eller sn\u00e4ppringar<\/li>\n<li>Monteringssm\u00f6rjmedel<\/li>\n<\/ul>\n<\/li>\n<li><strong>F\u00f6rbered komponenterna:<\/strong>\n<ul>\n<li>Reng\u00f6r alla komponenter noggrant f\u00f6r att avl\u00e4gsna smuts och skr\u00e4p.<\/li>\n<li>Kontrollera alla komponenter f\u00f6r tecken p\u00e5 skador eller slitage. Byt ut alla skadade eller slitna delar.<\/li>\n<\/ul>\n<\/li>\n<li><strong>Montera t\u00e4tningar och O-ringar:<\/strong>\n<ul>\n<li>Applicera ett tunt lager monteringssm\u00f6rjmedel p\u00e5 t\u00e4tningarna och O-ringarna.<\/li>\n<li>Montera f\u00f6rsiktigt t\u00e4tningarna och O-ringarna p\u00e5 kolven, kolvst\u00e5ngen och cylinder\u00e4ndk\u00e5porna i sina sp\u00e5r.<\/li>\n<\/ul>\n<\/li>\n<li><strong>Montera kolvaggregatet:<\/strong>\n<ul>\n<li>Skjut kolvaggregatet p\u00e5 st\u00e5ngen och se till att den \u00e4r korrekt inriktad.<\/li>\n<li>S\u00e4tt in kolvst\u00e5ngen och kolvaggregatet i cylindercylindern.<\/li>\n<li>Tryck f\u00f6rsiktigt in kolvaggregatet i cylinderr\u00f6ret utan att skada t\u00e4tningarna.<\/li>\n<\/ul>\n<\/li>\n<li><strong>F\u00e4st cylinderns \u00e4ndk\u00e5por:<\/strong>\n<ul>\n<li>Applicera monteringssm\u00f6rjmedel p\u00e5 cylinder\u00e4ndk\u00e5pans anslutningsytor.<\/li>\n<li>Placera f\u00f6rsiktigt cylinderns \u00e4ndlock p\u00e5 cylindern och justera dem ordentligt.<\/li>\n<li>F\u00e4st \u00e4ndk\u00e5porna ordentligt med l\u00e4mpliga l\u00e5sringar eller sn\u00e4ppringar.<\/li>\n<\/ul>\n<\/li>\n<li><strong>Kontrollera att det g\u00e5r smidigt:<\/strong>\n<ul>\n<li>Flytta kolven fram och tillbaka i cylinderr\u00f6ret f\u00f6r att s\u00e4kerst\u00e4lla j\u00e4mn r\u00f6relse och korrekt inriktning.<\/li>\n<li>Kontrollera att t\u00e4tningarna inte k\u00e4rvar eller l\u00e4cker.<\/li>\n<\/ul>\n<\/li>\n<li><strong>Testa f\u00f6r l\u00e4ckor:<\/strong>\n<ul>\n<li>Anslut hydraulledningarna till cylinderportarna.<\/li>\n<li>Applicera hydraultryck p\u00e5 cylindern enligt tillverkarens rekommenderade tryckspecifikationer.<\/li>\n<li>Kontrollera cylindern f\u00f6r tecken p\u00e5 l\u00e4ckage vid t\u00e4tningar eller anslutningar. Demontera och kontrollera t\u00e4tningarna igen om l\u00e4ckor uppt\u00e4cks eller kontakta en fackman f\u00f6r hj\u00e4lp.<\/li>\n<\/ul>\n<\/li>\n<\/ol>\n<h2><strong>Fabrikens kapacitet och kapacitet:<\/strong><\/h2>\n<h3>(1) Montering<\/h3>\n<p>Vi har en f\u00f6rstklassig oberoende forsknings- och utvecklingsplattform. Verkstaden f\u00f6r tillverkning av hydraulcylindrar har fyra halvautomatiska monteringslinjer f\u00f6r lyftcylindrar och en automatisk monteringslinje f\u00f6r tiltcylindrar, med en planerad \u00e5rlig produktionskapacitet p\u00e5 1 miljon enheter. Specialcylinderverkstaden \u00e4r utrustad med olika specifikationer f\u00f6r ett halvautomatiskt reng\u00f6ringsmonteringssystem med en planerad \u00e5rlig produktionskapacitet p\u00e5 200 000 och utrustad med k\u00e4nd CNC-bearbetningsutrustning, ett fleroperationscenter, en specialutrustning f\u00f6r h\u00f6gprecisionscylindrar, en robotsvetsmaskin, en automatisk reng\u00f6ringsmaskin, en automatisk cylindermonteringsmaskin och en automatisk produktionslinje f\u00f6r m\u00e5lning. Befintlig kritisk utrustning p\u00e5 mer \u00e4n 300 set (set). Optimal allokering och effektiv anv\u00e4ndning av utrustningsresurser s\u00e4kerst\u00e4ller produkternas noggrannhetskrav och uppfyller produkternas h\u00f6ga kvalitetsbehov.<\/p>\n<p><img loading=\"lazy\" decoding=\"async\" class=\"alignnone wp-image-626\" src=\"https:\/\/hydraulic-cylinders.net\/wp-content\/uploads\/2023\/08\/hydraulic-cylinder-product-1-300x158.webp\" alt=\"\" width=\"495\" height=\"260\" srcset=\"https:\/\/hydraulic-cylinders.net\/wp-content\/uploads\/2023\/08\/hydraulic-cylinder-product-1-300x158.webp 495w, https:\/\/hydraulic-cylinders.net\/wp-content\/uploads\/2023\/08\/hydraulic-cylinder-product-1-480x252.webp 480w\" sizes=\"(min-width: 0px) and (max-width: 480px) 480px, (min-width: 481px) 495px, 100vw\" \/> <img loading=\"lazy\" decoding=\"async\" class=\"alignnone wp-image-627\" src=\"https:\/\/hydraulic-cylinders.net\/wp-content\/uploads\/2023\/08\/hydraulic-cylinder-product-2-300x189.webp\" alt=\"\" width=\"413\" height=\"260\" \/><\/p>\n<h3>(2) Maskinbearbetning<\/h3>\n<p>Bearbetningsverkstaden \u00e4r utrustad med en specialanpassad svarvcentral f\u00f6r lutande r\u00e4ls, bearbetningscenter, h\u00f6ghastighetsh\u00f6nsmaskin, svetsrobot och annan relaterad utrustning, som kan hantera bearbetning av cylinderr\u00f6r med en maximal innerdiameter p\u00e5 400 mm och en maximal l\u00e4ngd p\u00e5 6 meter.<\/p>\n<p><img loading=\"lazy\" decoding=\"async\" class=\"alignnone wp-image-628 size-large\" src=\"https:\/\/hydraulic-cylinders.net\/wp-content\/uploads\/2023\/08\/hydraulic-cylinder-product-3-1024x391.webp\" alt=\"\" width=\"1024\" height=\"391\" srcset=\"https:\/\/hydraulic-cylinders.net\/wp-content\/uploads\/2023\/08\/hydraulic-cylinder-product-3-980x374.webp 980w, https:\/\/hydraulic-cylinders.net\/wp-content\/uploads\/2023\/08\/hydraulic-cylinder-product-3-480x183.webp 480w\" sizes=\"(min-width: 0px) and (max-width: 480px) 480px, (min-width: 481px) and (max-width: 980px) 980px, (min-width: 981px) 1024px, 100vw\" \/><\/p>\n<h3>(3) Svetsning<\/h3>\n<p><img loading=\"lazy\" decoding=\"async\" class=\"alignnone wp-image-629 size-large\" src=\"https:\/\/hydraulic-cylinders.net\/wp-content\/uploads\/2023\/08\/hydraulic-cylinder-product-4-1024x510.webp\" alt=\"\" width=\"1024\" height=\"510\" srcset=\"https:\/\/hydraulic-cylinders.net\/wp-content\/uploads\/2023\/08\/hydraulic-cylinder-product-4-980x488.webp 980w, https:\/\/hydraulic-cylinders.net\/wp-content\/uploads\/2023\/08\/hydraulic-cylinder-product-4-480x239.webp 480w\" sizes=\"(min-width: 0px) and (max-width: 480px) 480px, (min-width: 481px) and (max-width: 980px) 980px, (min-width: 981px) 1024px, 100vw\" \/><\/p>\n<h3>(4) M\u00e5lning och ytbehandling<\/h3>\n<p>Med sm\u00e5 och medelstora cylindriska automatiska vattenbaserade f\u00e4rgbel\u00e4ggningslinjer, f\u00f6r att uppn\u00e5 automatisk robotlastning och lossning samt automatisk sprutning, \u00e4r den designade kapaciteten 4000 stycken per skift;<br \/>\nVi har \u00e4ven en halvautomatisk f\u00e4rgproduktionslinje f\u00f6r stora cylindrar som drivs av en sl\u00e4pkedja, med en designkapacitet p\u00e5 60 l\u00e5dor per skift.<\/p>\n<p><img loading=\"lazy\" decoding=\"async\" class=\"alignnone wp-image-630\" src=\"https:\/\/hydraulic-cylinders.net\/wp-content\/uploads\/2023\/08\/hydraulic-cylinder-product-5-300x213.webp\" alt=\"\" width=\"366\" height=\"260\" \/> <img loading=\"lazy\" decoding=\"async\" class=\"alignnone wp-image-631\" src=\"https:\/\/hydraulic-cylinders.net\/wp-content\/uploads\/2023\/08\/hydraulic-cylinder-product-6-300x225.webp\" alt=\"\" width=\"347\" height=\"260\" \/><\/p>\n<h3>(5) Testning<\/h3>\n<p>Vi har f\u00f6rstklassiga inspektionsanl\u00e4ggningar och testb\u00e4ddar f\u00f6r att s\u00e4kerst\u00e4lla att cylinderns prestanda uppfyller kraven.<\/p>\n<p><img loading=\"lazy\" decoding=\"async\" class=\"alignnone wp-image-632\" src=\"https:\/\/hydraulic-cylinders.net\/wp-content\/uploads\/2023\/08\/hydraulic-cylinder-product-8-300x200.webp\" alt=\"\" width=\"389\" height=\"260\" \/><\/p>\n<p>&nbsp;<\/p>\n<p>&nbsp;<\/p>\n<p>Vi \u00e4r en av de b\u00e4sta tillverkarna av hydraulcylindrar. Vi kan erbjuda ett helt\u00e4ckande utbud av hydraulcylindrar. Vi tillhandah\u00e5ller \u00e4ven motsvarande <a href=\"https:\/\/hzpt.com\/agricultural-pto-gearbox\/\" target=\"_blank\" rel=\"noopener\">jordbruksv\u00e4xell\u00e5dor<\/a>Vi har exporterat v\u00e5ra produkter till kunder \u00f6ver hela v\u00e4rlden och f\u00e5tt ett gott rykte tack vare v\u00e5r \u00f6verl\u00e4gsna produktkvalitet och kundservice. Vi v\u00e4lkomnar kunder b\u00e5de hemma och utomlands att kontakta oss f\u00f6r att f\u00f6rhandla aff\u00e4rer, utbyta information och <a href=\"https:\/\/www.hydraulic-cylinders.net\/sv\/contact-us\/\">samarbeta med oss<\/a>!<\/p>\n<p>&nbsp;<\/p>\n<p>&nbsp;<\/p>","protected":false},"excerpt":{"rendered":"<p>Oil\/Gas Drilling Derrick Lifting Cylinder The oil\/gas drilling derrick lifting cylinder is a critical component in oil and gas drilling operations, specifically designed for lifting and lowering derricks. This specialized hydraulic cylinder plays a crucial role in supporting the vertical movement of the derrick, enabling efficient and safe drilling activities in the oil and gas [&hellip;]<\/p>","protected":false},"featured_media":1867,"comment_status":"open","ping_status":"closed","template":"","meta":{"_et_pb_use_builder":"","_et_pb_old_content":"","_et_gb_content_width":""},"product_brand":[],"product_cat":[1549,1552,1418],"product_tag":[1380],"class_list":{"0":"post-1866","1":"product","2":"type-product","3":"status-publish","4":"has-post-thumbnail","6":"product_cat-single-acting-hydraulic-cylinder","7":"product_cat-stainless-steel-hydraulic-cylinder","8":"product_cat-oil-gas-hydraulic-cylinders","9":"product_tag-hydraulic-cylinder","11":"first","12":"instock","13":"shipping-taxable","14":"product-type-simple"},"amp_enabled":true,"_links":{"self":[{"href":"https:\/\/www.hydraulic-cylinders.net\/sv\/wp-json\/wp\/v2\/product\/1866","targetHints":{"allow":["GET"]}}],"collection":[{"href":"https:\/\/www.hydraulic-cylinders.net\/sv\/wp-json\/wp\/v2\/product"}],"about":[{"href":"https:\/\/www.hydraulic-cylinders.net\/sv\/wp-json\/wp\/v2\/types\/product"}],"replies":[{"embeddable":true,"href":"https:\/\/www.hydraulic-cylinders.net\/sv\/wp-json\/wp\/v2\/comments?post=1866"}],"wp:featuredmedia":[{"embeddable":true,"href":"https:\/\/www.hydraulic-cylinders.net\/sv\/wp-json\/wp\/v2\/media\/1867"}],"wp:attachment":[{"href":"https:\/\/www.hydraulic-cylinders.net\/sv\/wp-json\/wp\/v2\/media?parent=1866"}],"wp:term":[{"taxonomy":"product_brand","embeddable":true,"href":"https:\/\/www.hydraulic-cylinders.net\/sv\/wp-json\/wp\/v2\/product_brand?post=1866"},{"taxonomy":"product_cat","embeddable":true,"href":"https:\/\/www.hydraulic-cylinders.net\/sv\/wp-json\/wp\/v2\/product_cat?post=1866"},{"taxonomy":"product_tag","embeddable":true,"href":"https:\/\/www.hydraulic-cylinders.net\/sv\/wp-json\/wp\/v2\/product_tag?post=1866"}],"curies":[{"name":"wp","href":"https:\/\/api.w.org\/{rel}","templated":true}]}}