{"id":1877,"date":"2023-10-18T07:57:51","date_gmt":"2023-10-18T07:57:51","guid":{"rendered":"https:\/\/hydraulic-cylinders.net\/?post_type=product&#038;p=1877"},"modified":"2025-04-11T03:43:31","modified_gmt":"2025-04-11T03:43:31","slug":"shield-machine-articulated-cylinder","status":"publish","type":"product","link":"https:\/\/www.hydraulic-cylinders.net\/sv\/produkt\/shield-machine-articulated-cylinder\/","title":{"rendered":"Sk\u00f6ldmaskin Ledad Cylinder"},"content":{"rendered":"<h1 style=\"text-align: center;\"><strong>Sk\u00f6ldmaskin Ledad Cylinder<\/strong><\/h1>\n<p><img loading=\"lazy\" decoding=\"async\" class=\"aligncenter wp-image-1878\" src=\"https:\/\/hydraulic-cylinders.net\/wp-content\/uploads\/2023\/10\/articulated-cylinder-1-300x300.webp\" alt=\"\" width=\"400\" height=\"400\" \/><\/p>\n<p>Den ledade cylindern f\u00f6r sk\u00e4rmmaskinen \u00e4r en avancerad hydraulisk komponent som \u00e4r speciellt utformad f\u00f6r sk\u00e4rmmaskiner som anv\u00e4nds vid tunneldrivning och underjordiska byggprojekt. Med sin exceptionella flexibilitet, tillf\u00f6rlitlighet och effektivitet \u00e4r denna cylinder avg\u00f6rande f\u00f6r att s\u00e4kerst\u00e4lla smidiga gr\u00e4vningsoperationer. Den h\u00e4r artikeln kommer att f\u00f6rdjupa sig i de viktigaste egenskaperna, anv\u00e4ndningsmetoderna och underh\u00e5llstipsen f\u00f6r denna anm\u00e4rkningsv\u00e4rda produkt.<\/p>\n<p>Den ledade cylindern f\u00f6r sk\u00e4rmmaskinen revolutionerar tunneldrivning med sitt flexibla r\u00f6relseomf\u00e5ng, robusta konstruktion och exakta hydrauliska styrning. Dess ledade design m\u00f6jligg\u00f6r exceptionell anpassningsf\u00f6rm\u00e5ga, man\u00f6vrerbarhet och effektivitet, vilket g\u00f6r den oumb\u00e4rlig f\u00f6r framg\u00e5ngsrika underjordiska byggprojekt. Genom att f\u00f6lja de rekommenderade anv\u00e4ndningsmetoderna och implementera regelbundet underh\u00e5ll kommer den ledade cylindern f\u00f6r sk\u00e4rmmaskinen att forts\u00e4tta leverera exceptionell prestanda, vilket s\u00e4kerst\u00e4ller en smidig fortskridande process f\u00f6r dina tunneldrivningsprojekt. Upplev flexibiliteten, effektiviteten och tillf\u00f6rlitligheten hos den ledade cylindern f\u00f6r sk\u00e4rmmaskinen och frig\u00f6r den fulla potentialen i dina tunneldrivningsprojekt.<\/p>\n<p>Viktiga egenskaper f\u00f6r den ledade cylindern f\u00f6r sk\u00f6ldmaskinen:<\/p>\n<ol>\n<li>Ledad design: Sk\u00f6ldmaskinens ledade cylinder har en innovativ ledad design som m\u00f6jligg\u00f6r f\u00f6rb\u00e4ttrad man\u00f6vrerbarhet och anpassningsf\u00f6rm\u00e5ga under tunnelborrning. Dess unika struktur g\u00f6r att sk\u00f6ldmaskinen enkelt kan navigera i utmanande terr\u00e4ng, sn\u00e4va kurvor och varierande tunnellinjer, vilket s\u00e4kerst\u00e4ller maximal effektivitet och projektframg\u00e5ng.<\/li>\n<li>Robust konstruktion: Byggd med h\u00f6gkvalitativa material och precisionsteknik, uppvisar denna cylinder exceptionell h\u00e5llbarhet och motst\u00e5ndskraft mot de kr\u00e4vande f\u00f6rh\u00e5llanden som uppst\u00e5r vid underjordsbyggnation. Dess robusta konstruktion s\u00e4kerst\u00e4ller p\u00e5litlig prestanda, l\u00e5ng livsl\u00e4ngd och minimal driftstopp, \u00e4ven i de tuffaste driftsmilj\u00f6erna.<\/li>\n<li>Flexibel r\u00f6relseomf\u00e5ng: Den ledade cylindern erbjuder ett brett r\u00f6relseomf\u00e5ng, vilket g\u00f6r att sk\u00e4rmmaskinen kan ledas och justera sin position efter behov. Denna flexibilitet m\u00f6jligg\u00f6r exakt uppriktning, effektiv gr\u00e4vning och f\u00f6rb\u00e4ttrad tunnelprecision, vilket i slut\u00e4ndan resulterar i snabbare projektslutf\u00f6rande och minskade kostnader.<\/li>\n<li>Hydrauliskt styrsystem: Utrustad med avancerade hydrauliska styrsystem ger den ledade cylindern f\u00f6r skyddsmaskinen exakt och responsiv kontroll \u00f6ver ledade r\u00f6relser. Detta s\u00e4kerst\u00e4ller smidig drift och g\u00f6r det m\u00f6jligt f\u00f6r operat\u00f6rerna att bibeh\u00e5lla optimal kontroll \u00f6ver skyddsmaskinen, vilket \u00f6kar s\u00e4kerheten och produktiviteten.<\/li>\n<\/ol>\n<h2><strong>Parameter f\u00f6r ledad cylinder f\u00f6r sk\u00f6ldmaskin:<\/strong><\/h2>\n<table border=\"1\" cellspacing=\"0\" cellpadding=\"0\">\n<tbody>\n<tr>\n<td>Produktnamn<\/td>\n<td>Sk\u00f6ldmaskin Ledad Cylinder<\/td>\n<\/tr>\n<tr>\n<td>Drag:<\/td>\n<td>Aktiv artikulation: styrning av sk\u00e4rhuvud\/koordinerat verktygsbyte<br \/>\nPassiv artikulation: dra sk\u00f6ldens svans fram\u00e5t<\/td>\n<\/tr>\n<tr>\n<td>Borrdiameter:<\/td>\n<td>125 mm\uff5e550 mm<\/td>\n<\/tr>\n<tr>\n<td>St\u00e5ngdiameter:<\/td>\n<td>\u00a070 mm\uff5e370 mm<br \/>\nSlagl\u00e4ngd 140 mm ~ 1200 mm<\/td>\n<\/tr>\n<tr>\n<td>Tryck:<\/td>\n<td>Upp till 35 MPa<\/td>\n<\/tr>\n<tr>\n<td>Anv\u00e4ndningsomr\u00e5den:<\/td>\n<td>Sk\u00f6ldmaskin, tunnelborrningsmaskiner<\/td>\n<\/tr>\n<\/tbody>\n<\/table>\n<h2><strong>Anv\u00e4ndning av tryckcylinder f\u00f6r sk\u00f6ldmaskin:<\/strong><\/h2>\n<p><img loading=\"lazy\" decoding=\"async\" class=\"alignnone wp-image-1875 size-full\" src=\"https:\/\/hydraulic-cylinders.net\/wp-content\/uploads\/2023\/10\/harsh-corrosive-cylinder-1.webp\" alt=\"\" width=\"1418\" height=\"946\" srcset=\"https:\/\/hydraulic-cylinders.net\/wp-content\/uploads\/2023\/10\/harsh-corrosive-cylinder-1.webp 1418w, https:\/\/hydraulic-cylinders.net\/wp-content\/uploads\/2023\/10\/harsh-corrosive-cylinder-1-1280x854.webp 1280w, https:\/\/hydraulic-cylinders.net\/wp-content\/uploads\/2023\/10\/harsh-corrosive-cylinder-1-980x654.webp 980w, https:\/\/hydraulic-cylinders.net\/wp-content\/uploads\/2023\/10\/harsh-corrosive-cylinder-1-480x320.webp 480w\" sizes=\"(min-width: 0px) and (max-width: 480px) 480px, (min-width: 481px) and (max-width: 980px) 980px, (min-width: 981px) and (max-width: 1280px) 1280px, (min-width: 1281px) 1418px, 100vw\" \/><\/p>\n<h2><strong>Anv\u00e4ndningsmetod f\u00f6r sk\u00f6ldmaskinens ledade cylinder<\/strong><strong>:<\/strong><\/h2>\n<ul>\n<li><strong>F\u00f6rberedande bed\u00f6mning:<\/strong>\u00a0 Innan skyddsmaskinens ledade cylinder installeras, bed\u00f6m projektets krav, inklusive tunnelns dimensioner, begr\u00e4nsningar i uppriktningen och markf\u00f6rh\u00e5llanden. Denna utv\u00e4rdering hj\u00e4lper till att fastst\u00e4lla l\u00e4mpliga cylinderspecifikationer och konfiguration f\u00f6r optimal prestanda.<\/li>\n<li><strong>Installation och integration:<\/strong> F\u00f6lj dessa steg f\u00f6r en lyckad installation:\n<ul>\n<li>Montera den ledade cylindern ordentligt p\u00e5 sk\u00e4rmmaskinen och s\u00e4kerst\u00e4ll korrekt inriktning och stabilitet enligt tillverkarens riktlinjer.<\/li>\n<li>Anslut hydraulledningarna till cylindern och se till att de \u00e4r t\u00e4ta och l\u00e4ckagefria. Kontrollera kompatibiliteten med hydraulsystemet och anv\u00e4nd l\u00e4mpliga kopplingar och slangar.<\/li>\n<\/ul>\n<\/li>\n<li><strong>Installation av hydraulsystem:<\/strong> Integrera cylindern i sk\u00e4rmmaskinens hydraulsystem och anslut den till en p\u00e5litlig str\u00f6mk\u00e4lla och styrmekanism. Korrekt installation och kalibrering av hydraulsystemet \u00e4r avg\u00f6rande f\u00f6r optimal prestanda och s\u00e4kerhet.<\/li>\n<li><strong>Operativ kontroll:<\/strong> Bekanta dig med styrmekanismen f\u00f6r den ledade cylindern. F\u00f6rst\u00e5 kontrolling\u00e5ngarna och deras motsvarande effekter p\u00e5 cylinderns r\u00f6relseomf\u00e5ng. \u00d6va p\u00e5 att anv\u00e4nda styrsystemet f\u00f6r att s\u00e4kerst\u00e4lla smidig och exakt artikulation under tunnelborrningsoperationer.<\/li>\n<\/ul>\n<h2><strong>Hur man luftar en hydraulcylinder p\u00e5 en dumper?<\/strong><\/h2>\n<p><strong>Steg 1: F\u00f6rbered fordonet och s\u00e4kerhets\u00e5tg\u00e4rder<\/strong><\/p>\n<ul>\n<li>Parkera dumptrucken p\u00e5 en plan yta och dra \u00e5t parkeringsbromsen.<\/li>\n<li>St\u00e4ng av motorn och ta ut nyckeln ur t\u00e4ndningsl\u00e5set f\u00f6r att f\u00f6rhindra oavsiktlig aktivering av hydraulsystemet.<\/li>\n<li>Anv\u00e4nd l\u00e4mplig personlig skyddsutrustning, s\u00e5som handskar och skyddsglas\u00f6gon, f\u00f6r att skydda dig mot hydraulv\u00e4tska och skr\u00e4p.<\/li>\n<\/ul>\n<p><strong>Steg 2: Lokalisera avluftningsventilen<\/strong><\/p>\n<ul>\n<li>Identifiera den\/de hydraulcylinder(ar) som beh\u00f6ver luftas. Dessa cylindrar \u00e4r vanligtvis anslutna till dumptruckens lyftmekanism.<\/li>\n<li>Lokalisera luftningsventilen\/ventilerna p\u00e5 hydraulcylindern\/cylindrarna. Luftningsventilen \u00e4r en liten koppling med dammk\u00e5pa.<\/li>\n<\/ul>\n<p><strong>Steg 3: F\u00f6rbered dig f\u00f6r bl\u00f6dning<\/strong><\/p>\n<ul>\n<li>Ta bort dammk\u00e5pan fr\u00e5n avluftningsventilen.<\/li>\n<li>Placera trasor eller handdukar runt luftningsventilen f\u00f6r att f\u00e5nga upp eventuell hydraulv\u00e4tska som l\u00e4cker under luftningsprocessen.<\/li>\n<\/ul>\n<p><strong>Steg 4: Bl\u00f6dningsprocess<\/strong><\/p>\n<ul>\n<li>Med hj\u00e4lp av en annan person, som ska sk\u00f6ta reglagen inuti hytten, kommunicera och koordinera luftningsprocessen.<\/li>\n<li>Beroende p\u00e5 dumptruckens konfiguration, instruera personen som sk\u00f6ter reglagen att aktivera hydraulsystemet i l\u00e4ge \"s\u00e4nk\" eller \"t\u00f6m\".<\/li>\n<li>\u00d6ppna avluftningsventilen genom att vrida den moturs. N\u00e4r ventilen \u00f6ppnas kommer hydraulv\u00e4tska och luftbubblor att t\u00f6mmas fr\u00e5n systemet.<\/li>\n<li>L\u00e5t hydraulv\u00e4tskan rinna ut tills en j\u00e4mn str\u00f6m observeras, vilket indikerar att luften har tryckts ut. St\u00e4ng avluftningsventilen genom att vrida den medurs.<\/li>\n<\/ul>\n<p><strong>Steg 5: Upprepa processen<\/strong><\/p>\n<ul>\n<li>Upprepa luftningsprocessen f\u00f6r varje hydraulcylinder som beh\u00f6ver luftas, enligt samma steg som beskrivits ovan.<\/li>\n<li>Se till att varje luftningsventil \u00e4r ordentligt st\u00e4ngd efter luftning f\u00f6r att f\u00f6rhindra l\u00e4ckage av hydraulv\u00e4tska.<\/li>\n<\/ul>\n<p><strong>Steg 6: Kontrollera v\u00e4tskeniv\u00e5 och funktion<\/strong><\/p>\n<ul>\n<li>Kontrollera hydraulv\u00e4tskeniv\u00e5n i dumptruckens beh\u00e5llare. Fyll p\u00e5 v\u00e4tska vid behov enligt tillverkarens anvisningar.<\/li>\n<li>Starta motorn och anv\u00e4nd hydraulsystemet f\u00f6r att testa de avluftade cylindrarnas funktion. Kontrollera att de g\u00e5r ut och in smidigt utan onormala ljud eller prestandaproblem.<\/li>\n<\/ul>\n<h2><strong>Fabrikens kapacitet och kapacitet:<\/strong><\/h2>\n<h3>(1) Montering<\/h3>\n<p>Vi har en f\u00f6rstklassig oberoende forsknings- och utvecklingsplattform. Verkstaden f\u00f6r tillverkning av hydraulcylindrar har fyra halvautomatiska monteringslinjer f\u00f6r lyftcylindrar och en automatisk monteringslinje f\u00f6r tiltcylindrar, med en planerad \u00e5rlig produktionskapacitet p\u00e5 1 miljon enheter. Specialcylinderverkstaden \u00e4r utrustad med olika specifikationer f\u00f6r ett halvautomatiskt reng\u00f6ringsmonteringssystem med en planerad \u00e5rlig produktionskapacitet p\u00e5 200 000 och utrustad med k\u00e4nd CNC-bearbetningsutrustning, ett fleroperationscenter, en specialutrustning f\u00f6r h\u00f6gprecisionscylindrar, en robotsvetsmaskin, en automatisk reng\u00f6ringsmaskin, en automatisk cylindermonteringsmaskin och en automatisk produktionslinje f\u00f6r m\u00e5lning. Befintlig kritisk utrustning p\u00e5 mer \u00e4n 300 set (set). Optimal allokering och effektiv anv\u00e4ndning av utrustningsresurser s\u00e4kerst\u00e4ller produkternas noggrannhetskrav och uppfyller produkternas h\u00f6ga kvalitetsbehov.<\/p>\n<p><img loading=\"lazy\" decoding=\"async\" class=\"alignnone wp-image-626\" src=\"https:\/\/hydraulic-cylinders.net\/wp-content\/uploads\/2023\/08\/hydraulic-cylinder-product-1-300x158.webp\" alt=\"\" width=\"495\" height=\"260\" srcset=\"https:\/\/hydraulic-cylinders.net\/wp-content\/uploads\/2023\/08\/hydraulic-cylinder-product-1-300x158.webp 495w, https:\/\/hydraulic-cylinders.net\/wp-content\/uploads\/2023\/08\/hydraulic-cylinder-product-1-480x252.webp 480w\" sizes=\"(min-width: 0px) and (max-width: 480px) 480px, (min-width: 481px) 495px, 100vw\" \/> <img loading=\"lazy\" decoding=\"async\" class=\"alignnone wp-image-627\" src=\"https:\/\/hydraulic-cylinders.net\/wp-content\/uploads\/2023\/08\/hydraulic-cylinder-product-2-300x189.webp\" alt=\"\" width=\"413\" height=\"260\" \/><\/p>\n<h3>(2) Maskinbearbetning<\/h3>\n<p>Bearbetningsverkstaden \u00e4r utrustad med en specialanpassad svarvcentral f\u00f6r lutande r\u00e4ls, bearbetningscenter, h\u00f6ghastighetsh\u00f6nsmaskin, svetsrobot och annan relaterad utrustning, som kan hantera bearbetning av cylinderr\u00f6r med en maximal innerdiameter p\u00e5 400 mm och en maximal l\u00e4ngd p\u00e5 6 meter.<\/p>\n<p><img loading=\"lazy\" decoding=\"async\" class=\"alignnone wp-image-628 size-large\" src=\"https:\/\/hydraulic-cylinders.net\/wp-content\/uploads\/2023\/08\/hydraulic-cylinder-product-3-1024x391.webp\" alt=\"\" width=\"1024\" height=\"391\" srcset=\"https:\/\/hydraulic-cylinders.net\/wp-content\/uploads\/2023\/08\/hydraulic-cylinder-product-3-980x374.webp 980w, https:\/\/hydraulic-cylinders.net\/wp-content\/uploads\/2023\/08\/hydraulic-cylinder-product-3-480x183.webp 480w\" sizes=\"(min-width: 0px) and (max-width: 480px) 480px, (min-width: 481px) and (max-width: 980px) 980px, (min-width: 981px) 1024px, 100vw\" \/><\/p>\n<h3>(3) Svetsning<\/h3>\n<p><img loading=\"lazy\" decoding=\"async\" class=\"alignnone wp-image-629 size-large\" src=\"https:\/\/hydraulic-cylinders.net\/wp-content\/uploads\/2023\/08\/hydraulic-cylinder-product-4-1024x510.webp\" alt=\"\" width=\"1024\" height=\"510\" srcset=\"https:\/\/hydraulic-cylinders.net\/wp-content\/uploads\/2023\/08\/hydraulic-cylinder-product-4-980x488.webp 980w, https:\/\/hydraulic-cylinders.net\/wp-content\/uploads\/2023\/08\/hydraulic-cylinder-product-4-480x239.webp 480w\" sizes=\"(min-width: 0px) and (max-width: 480px) 480px, (min-width: 481px) and (max-width: 980px) 980px, (min-width: 981px) 1024px, 100vw\" \/><\/p>\n<h3>(4) M\u00e5lning och ytbehandling<\/h3>\n<p>Med sm\u00e5 och medelstora cylindriska automatiska vattenbaserade f\u00e4rgbel\u00e4ggningslinjer, f\u00f6r att uppn\u00e5 automatisk robotlastning och lossning samt automatisk sprutning, \u00e4r den designade kapaciteten 4000 stycken per skift;<br \/>\nVi har \u00e4ven en halvautomatisk f\u00e4rgproduktionslinje f\u00f6r stora cylindrar som drivs av en sl\u00e4pkedja, med en designkapacitet p\u00e5 60 l\u00e5dor per skift.<\/p>\n<p><img loading=\"lazy\" decoding=\"async\" class=\"alignnone wp-image-630\" src=\"https:\/\/hydraulic-cylinders.net\/wp-content\/uploads\/2023\/08\/hydraulic-cylinder-product-5-300x213.webp\" alt=\"\" width=\"366\" height=\"260\" \/> <img loading=\"lazy\" decoding=\"async\" class=\"alignnone wp-image-631\" src=\"https:\/\/hydraulic-cylinders.net\/wp-content\/uploads\/2023\/08\/hydraulic-cylinder-product-6-300x225.webp\" alt=\"\" width=\"347\" height=\"260\" \/><\/p>\n<h3>(5) Testning<\/h3>\n<p>Vi har f\u00f6rstklassiga inspektionsanl\u00e4ggningar och testb\u00e4ddar f\u00f6r att s\u00e4kerst\u00e4lla att cylinderns prestanda uppfyller kraven.<\/p>\n<p><img loading=\"lazy\" decoding=\"async\" class=\"alignnone wp-image-632\" src=\"https:\/\/hydraulic-cylinders.net\/wp-content\/uploads\/2023\/08\/hydraulic-cylinder-product-8-300x200.webp\" alt=\"\" width=\"389\" height=\"260\" \/><\/p>\n<p>&nbsp;<\/p>\n<p>&nbsp;<\/p>\n<p>Vi \u00e4r en av de b\u00e4sta tillverkarna av hydraulcylindrar. Vi kan erbjuda ett helt\u00e4ckande utbud av hydraulcylindrar. Vi tillhandah\u00e5ller \u00e4ven motsvarande <a href=\"https:\/\/hzpt.com\/agricultural-pto-gearbox\/\" target=\"_blank\" rel=\"noopener\">jordbruksv\u00e4xell\u00e5dor<\/a>Vi har exporterat v\u00e5ra produkter till kunder \u00f6ver hela v\u00e4rlden och f\u00e5tt ett gott rykte tack vare v\u00e5r \u00f6verl\u00e4gsna produktkvalitet och kundservice. Vi v\u00e4lkomnar kunder b\u00e5de hemma och utomlands att kontakta oss f\u00f6r att f\u00f6rhandla aff\u00e4rer, utbyta information och <a href=\"https:\/\/www.hydraulic-cylinders.net\/sv\/contact-us\/\">samarbeta med oss<\/a>!<\/p>\n<p>&nbsp;<\/p>","protected":false},"excerpt":{"rendered":"<p>Shield Machine Articulated Cylinder The shield machine articulated cylinder is a cutting-edge hydraulic component specifically designed for shield machines used in tunneling and underground construction projects. With its exceptional flexibility, reliability, and efficiency, this cylinder is vital in ensuring smooth excavation operations. This article will delve into the key characteristics, usage methods, and maintenance tips [&hellip;]<\/p>","protected":false},"featured_media":1881,"comment_status":"open","ping_status":"closed","template":"","meta":{"_et_pb_use_builder":"","_et_pb_old_content":"","_et_gb_content_width":""},"product_brand":[],"product_cat":[1550,1519],"product_tag":[1380],"class_list":{"0":"post-1877","1":"product","2":"type-product","3":"status-publish","4":"has-post-thumbnail","6":"product_cat-double-acting-hydraulic-cylinder","7":"product_cat-shield-machine-hydraulic-cylinders","8":"product_tag-hydraulic-cylinder","10":"first","11":"instock","12":"shipping-taxable","13":"product-type-simple"},"amp_enabled":true,"_links":{"self":[{"href":"https:\/\/www.hydraulic-cylinders.net\/sv\/wp-json\/wp\/v2\/product\/1877","targetHints":{"allow":["GET"]}}],"collection":[{"href":"https:\/\/www.hydraulic-cylinders.net\/sv\/wp-json\/wp\/v2\/product"}],"about":[{"href":"https:\/\/www.hydraulic-cylinders.net\/sv\/wp-json\/wp\/v2\/types\/product"}],"replies":[{"embeddable":true,"href":"https:\/\/www.hydraulic-cylinders.net\/sv\/wp-json\/wp\/v2\/comments?post=1877"}],"wp:featuredmedia":[{"embeddable":true,"href":"https:\/\/www.hydraulic-cylinders.net\/sv\/wp-json\/wp\/v2\/media\/1881"}],"wp:attachment":[{"href":"https:\/\/www.hydraulic-cylinders.net\/sv\/wp-json\/wp\/v2\/media?parent=1877"}],"wp:term":[{"taxonomy":"product_brand","embeddable":true,"href":"https:\/\/www.hydraulic-cylinders.net\/sv\/wp-json\/wp\/v2\/product_brand?post=1877"},{"taxonomy":"product_cat","embeddable":true,"href":"https:\/\/www.hydraulic-cylinders.net\/sv\/wp-json\/wp\/v2\/product_cat?post=1877"},{"taxonomy":"product_tag","embeddable":true,"href":"https:\/\/www.hydraulic-cylinders.net\/sv\/wp-json\/wp\/v2\/product_tag?post=1877"}],"curies":[{"name":"wp","href":"https:\/\/api.w.org\/{rel}","templated":true}]}}