{"id":1882,"date":"2023-10-18T08:18:09","date_gmt":"2023-10-18T08:18:09","guid":{"rendered":"https:\/\/hydraulic-cylinders.net\/?post_type=product&#038;p=1882"},"modified":"2025-04-11T02:52:07","modified_gmt":"2025-04-11T02:52:07","slug":"shield-machine-assembly-lifting-cylinder","status":"publish","type":"product","link":"https:\/\/www.hydraulic-cylinders.net\/sv\/produkt\/shield-machine-assembly-lifting-cylinder\/","title":{"rendered":"Lyftcylinder f\u00f6r sk\u00f6ldmaskinmontering"},"content":{"rendered":"<h1 style=\"text-align: center;\"><strong>Lyftcylinder f\u00f6r sk\u00f6ldmaskinmontering<\/strong><\/h1>\n<p><img loading=\"lazy\" decoding=\"async\" class=\"aligncenter wp-image-1884\" src=\"https:\/\/hydraulic-cylinders.net\/wp-content\/uploads\/2023\/10\/assembly-lifting-cylinder-1-300x300.webp\" alt=\"\" width=\"400\" height=\"400\" \/><\/p>\n<p>Lyftcylindern f\u00f6r montering av sk\u00e4rmmaskiner \u00e4r en avancerad hydraulisk komponent som \u00e4r s\u00e4rskilt utformad f\u00f6r sk\u00e4rmmaskiner som anv\u00e4nds i tunnelbyggprojekt. Denna cylinder s\u00e4kerst\u00e4ller effektiva och exakta monteringsoperationer med sina exceptionella lyftkapaciteter, tillf\u00f6rlitlighet och precision. Den h\u00e4r artikeln kommer att utforska de viktigaste egenskaperna, anv\u00e4ndningsmetoderna och underh\u00e5llsriktlinjerna f\u00f6r denna anm\u00e4rkningsv\u00e4rda produkt.<\/p>\n<p>Lyftcylindern f\u00f6r montering av sk\u00e4rmmaskin \u00e4r en p\u00e5litlig och robust hydraulisk komponent som revolutionerar monteringsprocessen inom tunnelbyggnation. Med sin exceptionella lyftkapacitet, exakta kontroll och h\u00e5llbarhet f\u00f6rb\u00e4ttrar denna cylinder effektiviteten och noggrannheten, vilket minskar projekttiderna och f\u00f6rb\u00e4ttrar produktiviteten. Genom att f\u00f6lja de rekommenderade anv\u00e4ndningsmetoderna och regelbundna underh\u00e5llspraxis kommer lyftcylindern f\u00f6r montering av sk\u00e4rmmaskinen att forts\u00e4tta leverera enast\u00e5ende prestanda, vilket s\u00e4kerst\u00e4ller s\u00f6ml\u00f6sa monteringsoperationer och framg\u00e5ngsrika tunnelbyggnationer. F\u00f6rh\u00f6j dina byggprojekt med effektiviteten och precisionen hos lyftcylindern f\u00f6r montering av sk\u00e4rmmaskinen.<\/p>\n<p>Viktiga egenskaper f\u00f6r den ledade cylindern f\u00f6r sk\u00f6ldmaskinen:<\/p>\n<ul>\n<li>Kraftfull lyftkapacitet: Lyftcylindern f\u00f6r montering av sk\u00e4rmmaskinen har en robust design som g\u00f6r att den enkelt kan hantera tunga laster. Med sin h\u00f6ga lyftkapacitet underl\u00e4ttar denna cylinder en smidig och effektiv montering av sk\u00e4rmmaskinens komponenter, vilket minskar byggtiden och \u00f6kar produktiviteten.<\/li>\n<li>Exakt styrning: Utrustad med avancerade hydrauliska styrsystem ger denna cylinder exakt och responsiv styrning \u00f6ver lyftoperationen. Operat\u00f6rer kan justera lyfthastighet och position exakt, vilket s\u00e4kerst\u00e4ller optimal uppriktning och minimerar risken f\u00f6r fel under monteringsprocessen.<\/li>\n<li>H\u00e5llbarhet och tillf\u00f6rlitlighet: Lyftcylindern f\u00f6r sk\u00e4rmmaskinmontering \u00e4r konstruerad med h\u00f6gkvalitativa material och byggd f\u00f6r att motst\u00e5 de kr\u00e4vande f\u00f6rh\u00e5llandena vid tunnelkonstruktion, och uppvisar exceptionell h\u00e5llbarhet och tillf\u00f6rlitlighet. Dess robusta konstruktion s\u00e4kerst\u00e4ller l\u00e5ngvarig prestanda, vilket minimerar stillest\u00e5ndstid och underh\u00e5llskostnader.<\/li>\n<li>S\u00e4kerhetsfunktioner: Cylindern har s\u00e4kerhetsfunktioner som prioriterar operat\u00f6rernas och den omgivande milj\u00f6ns v\u00e4lbefinnande. Dessa funktioner kan inkludera \u00f6verbelastningsskydd, n\u00f6dstoppsfunktion och fels\u00e4kra system f\u00f6r att f\u00f6rhindra olyckor och s\u00e4kerst\u00e4lla s\u00e4kra lyftoperationer.<\/li>\n<\/ul>\n<h2><strong>Parameter f\u00f6r ledad cylinder f\u00f6r sk\u00f6ldmaskin:<\/strong><\/h2>\n<table border=\"1\" cellspacing=\"0\" cellpadding=\"0\">\n<tbody>\n<tr>\n<td>Produktnamn<\/td>\n<td>Sk\u00f6ldmaskin Ledad Cylinder<\/td>\n<\/tr>\n<tr>\n<td>Drag:<\/td>\n<td>Aktiv artikulation: styrning av sk\u00e4rhuvud\/koordinerat verktygsbyte<br \/>\nPassiv artikulation: dra sk\u00f6ldens svans fram\u00e5t<\/td>\n<\/tr>\n<tr>\n<td>Borrdiameter:<\/td>\n<td>125 mm\uff5e550 mm<\/td>\n<\/tr>\n<tr>\n<td>St\u00e5ngdiameter:<\/td>\n<td>\u00a070 mm\uff5e370 mm<br \/>\nSlagl\u00e4ngd 140 mm ~ 1200 mm<\/td>\n<\/tr>\n<tr>\n<td>Tryck:<\/td>\n<td>Upp till 35 MPa<\/td>\n<\/tr>\n<tr>\n<td>Anv\u00e4ndningsomr\u00e5den:<\/td>\n<td>Sk\u00f6ldmaskin, tunnelborrningsmaskiner<\/td>\n<\/tr>\n<\/tbody>\n<\/table>\n<h2><strong>Anv\u00e4ndning av tryckcylinder f\u00f6r sk\u00f6ldmaskin:<\/strong><\/h2>\n<p><img loading=\"lazy\" decoding=\"async\" class=\"alignnone wp-image-1875 size-full\" src=\"https:\/\/hydraulic-cylinders.net\/wp-content\/uploads\/2023\/10\/harsh-corrosive-cylinder-1.webp\" alt=\"\" width=\"1418\" height=\"946\" srcset=\"https:\/\/hydraulic-cylinders.net\/wp-content\/uploads\/2023\/10\/harsh-corrosive-cylinder-1.webp 1418w, https:\/\/hydraulic-cylinders.net\/wp-content\/uploads\/2023\/10\/harsh-corrosive-cylinder-1-1280x854.webp 1280w, https:\/\/hydraulic-cylinders.net\/wp-content\/uploads\/2023\/10\/harsh-corrosive-cylinder-1-980x654.webp 980w, https:\/\/hydraulic-cylinders.net\/wp-content\/uploads\/2023\/10\/harsh-corrosive-cylinder-1-480x320.webp 480w\" sizes=\"(min-width: 0px) and (max-width: 480px) 480px, (min-width: 481px) and (max-width: 980px) 980px, (min-width: 981px) and (max-width: 1280px) 1280px, (min-width: 1281px) 1418px, 100vw\" \/><\/p>\n<h2><strong>Anv\u00e4ndningsmetod f\u00f6r sk\u00f6ldmaskinens ledade cylinder<\/strong><strong>:<\/strong><\/h2>\n<ul>\n<li><strong>Planering f\u00f6re montering:<\/strong> Innan monteringsprocessen p\u00e5b\u00f6rjas, g\u00f6r en noggrann bed\u00f6mning av sk\u00e4rmmaskinens komponenter, monteringssekvens och s\u00e4kerhetskrav. Planera lyftpunkterna och best\u00e4m l\u00e4mplig placering av sk\u00e4rmmaskinens lyftcylinder f\u00f6r optimal lyfteffektivitet och stabilitet.<\/li>\n<li><strong>Cylinderinstallation:<\/strong>\u00a0 Montera sk\u00e4rmmaskinens lyftcylinder s\u00e4kert p\u00e5 sk\u00e4rmmaskinen och se till att den \u00e4r ordentligt f\u00e4st och inriktad enligt tillverkarens instruktioner. Anv\u00e4nd l\u00e4mplig monteringsutrustning, s\u00e5som bultar eller f\u00e4sten, f\u00f6r att s\u00e4kerst\u00e4lla en stabil anslutning.<\/li>\n<li><strong>Integration av hydraulsystem:<\/strong> Anslut cylindern till skyddsmaskinens hydraulsystem med kompatibla slangar och kopplingar. S\u00e4kerst\u00e4ll t\u00e4ta och l\u00e4ckagefria anslutningar f\u00f6r att f\u00f6rhindra l\u00e4ckage av hydraulv\u00e4tska och bibeh\u00e5lla optimal systemprestanda.<\/li>\n<li><strong>Operativ kontroll:<\/strong> Bekanta dig med styrmekanismerna och driftsprocedurerna f\u00f6r lyftcylindern f\u00f6r sk\u00f6ldmaskinens montering. F\u00f6rst\u00e5 kontrolling\u00e5ngarna och deras motsvarande effekter p\u00e5 lyftoperationen. \u00d6va p\u00e5 att anv\u00e4nda kontrollerna f\u00f6r att f\u00e5 skicklighet och s\u00e4kerst\u00e4lla smidig och exakt lyftning under monteringsprocessen.<\/li>\n<\/ul>\n<h2><strong>Hur man luftar en enkelverkande hydraulcylinder?<\/strong><\/h2>\n<p>Att lufta en enkelverkande hydraulcylinder \u00e4r en relativt enkel process. Enkelverkande cylindrar har v\u00e4tsketryck p\u00e5 ena sidan av kolven, medan den andra sidan \u00e4r beroende av gravitationen eller en yttre kraft f\u00f6r att \u00e5terg\u00e5 till sitt ursprungliga l\u00e4ge. H\u00e4r \u00e4r en steg-f\u00f6r-steg-guide om hur man luftar en enkelverkande hydraulcylinder:<\/p>\n<ol>\n<li><strong>F\u00f6rberedelse:<\/strong>\n<ul>\n<li>Se till att hydraulsystemet \u00e4r avst\u00e4ngt och att trycket \u00e4r utsl\u00e4ppt.<\/li>\n<li>Anv\u00e4nd personlig skyddsutrustning, handskar och skyddsglas\u00f6gon f\u00f6r att skydda dig mot hydraulv\u00e4tska.<\/li>\n<\/ul>\n<\/li>\n<li><strong>Identifiera avluftningsventilen:<\/strong>\n<ul>\n<li>Lokalisera luftningsventilen p\u00e5 hydraulcylindern. Det \u00e4r vanligtvis en liten koppling med ett dammlock. Luftningsventilen sl\u00e4pper ut luft som \u00e4r inst\u00e4ngd i cylindern.<\/li>\n<\/ul>\n<\/li>\n<li><strong>Placera cylindern:<\/strong>\n<ul>\n<li>Flytta cylindern till dess helt indragna l\u00e4ge. Detta s\u00e4kerst\u00e4ller att luftningsventilen \u00e4r \u00e5tkomlig och l\u00e5ter luft stiga upp till toppen av cylindern.<\/li>\n<\/ul>\n<\/li>\n<li><strong>Ta bort dammk\u00e5pan:<\/strong>\n<ul>\n<li>Ta bort dammk\u00e5pan fr\u00e5n luftningsventilen. L\u00e4gg den \u00e5t sidan p\u00e5 ett s\u00e4kert st\u00e4lle.<\/li>\n<\/ul>\n<\/li>\n<li><strong>\u00d6ppna avluftningsventilen:<\/strong>\n<ul>\n<li>Vrid luftningsventilen moturs med hj\u00e4lp av en l\u00e4mplig skiftnyckel eller ett verktyg f\u00f6r att \u00f6ppna den. Detta g\u00f6r att luft och eventuell inst\u00e4ngd v\u00e4tska kan komma ut ur cylindern.<\/li>\n<\/ul>\n<\/li>\n<li><strong>F\u00f6rl\u00e4ng cylindern:<\/strong>\n<ul>\n<li>Applicera hydraultryck p\u00e5 cylindern genom att aktivera hydraulpumpen eller ventilen som styr cylindern. Detta g\u00f6r att cylindern str\u00e4cks ut och trycker ut v\u00e4tska och luft genom den \u00f6ppna avluftningsventilen.<\/li>\n<\/ul>\n<\/li>\n<li><strong>Observera v\u00e4tskefl\u00f6det:<\/strong>\n<ul>\n<li>Titta p\u00e5 v\u00e4tskefl\u00f6det fr\u00e5n avluftningsventilen. Inledningsvis kan du m\u00e4rka att luftbubblor kommer ut tillsammans med v\u00e4tskan. L\u00e5t v\u00e4tskan rinna tills det inte finns n\u00e5gra fler bubblor, vilket indikerar att luften har t\u00f6mts ut ur cylindern.<\/li>\n<\/ul>\n<\/li>\n<li><strong>St\u00e4ng avluftningsventilen:<\/strong>\n<ul>\n<li>St\u00e4ng avluftningsventilen medurs n\u00e4r du har tagit bort alla luftbubblor. Se till att den \u00e4r ordentligt st\u00e4ngd f\u00f6r att f\u00f6rhindra v\u00e4tskel\u00e4ckage.<\/li>\n<\/ul>\n<\/li>\n<li><strong>Dra in cylindern:<\/strong>\n<ul>\n<li>Sl\u00e4pp ut hydraultrycket och l\u00e5t cylindern dras in helt. Detta kan inneb\u00e4ra att en styrventil aktiveras eller att eventuell yttre kraft som h\u00e5ller cylindern utf\u00e4lld frig\u00f6rs.<\/li>\n<\/ul>\n<\/li>\n<li><strong>Upprepa vid behov:<\/strong>\n<ul>\n<li>Om du fortfarande m\u00e4rker luftbubblor eller upplever svampighet i cylinderns funktion, upprepa luftningsprocessen tills all luft \u00e4r borta.<\/li>\n<\/ul>\n<\/li>\n<li><strong>Kontrollera v\u00e4tskeniv\u00e5n:<\/strong>\n<ul>\n<li>Kontrollera hydraulv\u00e4tskeniv\u00e5n i systemets beh\u00e5llare efter att cylindern har luftats. Fyll p\u00e5 v\u00e4tska vid behov f\u00f6r att bibeh\u00e5lla den rekommenderade niv\u00e5n.<\/li>\n<\/ul>\n<\/li>\n<\/ol>\n<h2><strong>Fabrikens kapacitet och kapacitet:<\/strong><\/h2>\n<h3>(1) Montering<\/h3>\n<p>Vi har en f\u00f6rstklassig oberoende forsknings- och utvecklingsplattform. Verkstaden f\u00f6r tillverkning av hydraulcylindrar har fyra halvautomatiska monteringslinjer f\u00f6r lyftcylindrar och en automatisk monteringslinje f\u00f6r tiltcylindrar, med en planerad \u00e5rlig produktionskapacitet p\u00e5 1 miljon enheter. Specialcylinderverkstaden \u00e4r utrustad med olika specifikationer f\u00f6r ett halvautomatiskt reng\u00f6ringsmonteringssystem med en planerad \u00e5rlig produktionskapacitet p\u00e5 200 000 och utrustad med k\u00e4nd CNC-bearbetningsutrustning, ett fleroperationscenter, en specialutrustning f\u00f6r h\u00f6gprecisionscylindrar, en robotsvetsmaskin, en automatisk reng\u00f6ringsmaskin, en automatisk cylindermonteringsmaskin och en automatisk produktionslinje f\u00f6r m\u00e5lning. Befintlig kritisk utrustning p\u00e5 mer \u00e4n 300 set (set). Optimal allokering och effektiv anv\u00e4ndning av utrustningsresurser s\u00e4kerst\u00e4ller produkternas noggrannhetskrav och uppfyller produkternas h\u00f6ga kvalitetsbehov.<\/p>\n<p><img loading=\"lazy\" decoding=\"async\" class=\"alignnone wp-image-626\" src=\"https:\/\/hydraulic-cylinders.net\/wp-content\/uploads\/2023\/08\/hydraulic-cylinder-product-1-300x158.webp\" alt=\"\" width=\"495\" height=\"260\" srcset=\"https:\/\/hydraulic-cylinders.net\/wp-content\/uploads\/2023\/08\/hydraulic-cylinder-product-1-300x158.webp 495w, https:\/\/hydraulic-cylinders.net\/wp-content\/uploads\/2023\/08\/hydraulic-cylinder-product-1-480x252.webp 480w\" sizes=\"(min-width: 0px) and (max-width: 480px) 480px, (min-width: 481px) 495px, 100vw\" \/> <img loading=\"lazy\" decoding=\"async\" class=\"alignnone wp-image-627\" src=\"https:\/\/hydraulic-cylinders.net\/wp-content\/uploads\/2023\/08\/hydraulic-cylinder-product-2-300x189.webp\" alt=\"\" width=\"413\" height=\"260\" \/><\/p>\n<h3>(2) Maskinbearbetning<\/h3>\n<p>Bearbetningsverkstaden \u00e4r utrustad med en specialanpassad svarvcentral f\u00f6r lutande r\u00e4ls, bearbetningscenter, h\u00f6ghastighetsh\u00f6nsmaskin, svetsrobot och annan relaterad utrustning, som kan hantera bearbetning av cylinderr\u00f6r med en maximal innerdiameter p\u00e5 400 mm och en maximal l\u00e4ngd p\u00e5 6 meter.<\/p>\n<p><img loading=\"lazy\" decoding=\"async\" class=\"alignnone wp-image-628 size-large\" src=\"https:\/\/hydraulic-cylinders.net\/wp-content\/uploads\/2023\/08\/hydraulic-cylinder-product-3-1024x391.webp\" alt=\"\" width=\"1024\" height=\"391\" srcset=\"https:\/\/hydraulic-cylinders.net\/wp-content\/uploads\/2023\/08\/hydraulic-cylinder-product-3-980x374.webp 980w, https:\/\/hydraulic-cylinders.net\/wp-content\/uploads\/2023\/08\/hydraulic-cylinder-product-3-480x183.webp 480w\" sizes=\"(min-width: 0px) and (max-width: 480px) 480px, (min-width: 481px) and (max-width: 980px) 980px, (min-width: 981px) 1024px, 100vw\" \/><\/p>\n<h3>(3) Svetsning<\/h3>\n<p><img loading=\"lazy\" decoding=\"async\" class=\"alignnone wp-image-629 size-large\" src=\"https:\/\/hydraulic-cylinders.net\/wp-content\/uploads\/2023\/08\/hydraulic-cylinder-product-4-1024x510.webp\" alt=\"\" width=\"1024\" height=\"510\" srcset=\"https:\/\/hydraulic-cylinders.net\/wp-content\/uploads\/2023\/08\/hydraulic-cylinder-product-4-980x488.webp 980w, https:\/\/hydraulic-cylinders.net\/wp-content\/uploads\/2023\/08\/hydraulic-cylinder-product-4-480x239.webp 480w\" sizes=\"(min-width: 0px) and (max-width: 480px) 480px, (min-width: 481px) and (max-width: 980px) 980px, (min-width: 981px) 1024px, 100vw\" \/><\/p>\n<h3>(4) M\u00e5lning och ytbehandling<\/h3>\n<p>Med sm\u00e5 och medelstora cylindriska automatiska vattenbaserade f\u00e4rgbel\u00e4ggningslinjer, f\u00f6r att uppn\u00e5 automatisk robotlastning och lossning samt automatisk sprutning, \u00e4r den designade kapaciteten 4000 stycken per skift;<br \/>\nVi har \u00e4ven en halvautomatisk f\u00e4rgproduktionslinje f\u00f6r stora cylindrar som drivs av en sl\u00e4pkedja, med en designkapacitet p\u00e5 60 l\u00e5dor per skift.<\/p>\n<p><img loading=\"lazy\" decoding=\"async\" class=\"alignnone wp-image-630\" src=\"https:\/\/hydraulic-cylinders.net\/wp-content\/uploads\/2023\/08\/hydraulic-cylinder-product-5-300x213.webp\" alt=\"\" width=\"366\" height=\"260\" \/> <img loading=\"lazy\" decoding=\"async\" class=\"alignnone wp-image-631\" src=\"https:\/\/hydraulic-cylinders.net\/wp-content\/uploads\/2023\/08\/hydraulic-cylinder-product-6-300x225.webp\" alt=\"\" width=\"347\" height=\"260\" \/><\/p>\n<h3>(5) Testning<\/h3>\n<p>Vi har f\u00f6rstklassiga inspektionsanl\u00e4ggningar och testb\u00e4ddar f\u00f6r att s\u00e4kerst\u00e4lla att cylinderns prestanda uppfyller kraven.<\/p>\n<p><img loading=\"lazy\" decoding=\"async\" class=\"alignnone wp-image-632\" src=\"https:\/\/hydraulic-cylinders.net\/wp-content\/uploads\/2023\/08\/hydraulic-cylinder-product-8-300x200.webp\" alt=\"\" width=\"389\" height=\"260\" \/><\/p>\n<p>&nbsp;<\/p>\n<p>&nbsp;<\/p>\n<p>Vi \u00e4r en av de b\u00e4sta tillverkarna av hydraulcylindrar. Vi kan erbjuda ett helt\u00e4ckande utbud av hydraulcylindrar. Vi tillhandah\u00e5ller \u00e4ven motsvarande <a href=\"https:\/\/hzpt.com\/agricultural-pto-gearbox\/\" target=\"_blank\" rel=\"noopener\">jordbruksv\u00e4xell\u00e5dor<\/a>Vi har exporterat v\u00e5ra produkter till kunder \u00f6ver hela v\u00e4rlden och f\u00e5tt ett gott rykte tack vare v\u00e5r \u00f6verl\u00e4gsna produktkvalitet och kundservice. Vi v\u00e4lkomnar kunder b\u00e5de hemma och utomlands att kontakta oss f\u00f6r att f\u00f6rhandla aff\u00e4rer, utbyta information och <a href=\"https:\/\/www.hydraulic-cylinders.net\/sv\/contact-us\/\">samarbeta med oss<\/a>!<\/p>\n<p>&nbsp;<\/p>","protected":false},"excerpt":{"rendered":"<p>Shield Machine Assembly Lifting Cylinder The shield machine assembly lifting cylinder is an advanced hydraulic component explicitly designed for shield machines used in tunnel construction projects. This cylinder ensures efficient and accurate assembly operations with its exceptional lifting capabilities, reliability, and precision. This article will explore the key characteristics, usage methods, and maintenance guidelines for [&hellip;]<\/p>","protected":false},"featured_media":1885,"comment_status":"open","ping_status":"closed","template":"","meta":{"_et_pb_use_builder":"","_et_pb_old_content":"","_et_gb_content_width":""},"product_brand":[],"product_cat":[1519,1549],"product_tag":[1380],"class_list":{"0":"post-1882","1":"product","2":"type-product","3":"status-publish","4":"has-post-thumbnail","6":"product_cat-shield-machine-hydraulic-cylinders","7":"product_cat-single-acting-hydraulic-cylinder","8":"product_tag-hydraulic-cylinder","10":"first","11":"instock","12":"shipping-taxable","13":"product-type-simple"},"amp_enabled":true,"_links":{"self":[{"href":"https:\/\/www.hydraulic-cylinders.net\/sv\/wp-json\/wp\/v2\/product\/1882","targetHints":{"allow":["GET"]}}],"collection":[{"href":"https:\/\/www.hydraulic-cylinders.net\/sv\/wp-json\/wp\/v2\/product"}],"about":[{"href":"https:\/\/www.hydraulic-cylinders.net\/sv\/wp-json\/wp\/v2\/types\/product"}],"replies":[{"embeddable":true,"href":"https:\/\/www.hydraulic-cylinders.net\/sv\/wp-json\/wp\/v2\/comments?post=1882"}],"wp:featuredmedia":[{"embeddable":true,"href":"https:\/\/www.hydraulic-cylinders.net\/sv\/wp-json\/wp\/v2\/media\/1885"}],"wp:attachment":[{"href":"https:\/\/www.hydraulic-cylinders.net\/sv\/wp-json\/wp\/v2\/media?parent=1882"}],"wp:term":[{"taxonomy":"product_brand","embeddable":true,"href":"https:\/\/www.hydraulic-cylinders.net\/sv\/wp-json\/wp\/v2\/product_brand?post=1882"},{"taxonomy":"product_cat","embeddable":true,"href":"https:\/\/www.hydraulic-cylinders.net\/sv\/wp-json\/wp\/v2\/product_cat?post=1882"},{"taxonomy":"product_tag","embeddable":true,"href":"https:\/\/www.hydraulic-cylinders.net\/sv\/wp-json\/wp\/v2\/product_tag?post=1882"}],"curies":[{"name":"wp","href":"https:\/\/api.w.org\/{rel}","templated":true}]}}