{"id":18869,"date":"2025-04-07T05:59:29","date_gmt":"2025-04-07T05:59:29","guid":{"rendered":"https:\/\/www.hydraulic-cylinders.net\/product\/boom-cylinder-for-komatsu-large-excavator-pc400-3-5-6-7-8\/"},"modified":"2025-04-07T05:59:32","modified_gmt":"2025-04-07T05:59:32","slug":"boom-cylinder-for-komatsu-large-excavator-pc400-3-5-6-7-8","status":"publish","type":"product","link":"https:\/\/www.hydraulic-cylinders.net\/sv\/produkt\/boom-cylinder-for-komatsu-large-excavator-pc400-3-5-6-7-8\/","title":{"rendered":"Bomcylinder f\u00f6r Komatsu stor gr\u00e4vmaskin PC400-3-5-6-7-8"},"content":{"rendered":"<h1>Bomcylinder f\u00f6r Komatsu stor gr\u00e4vmaskin PC400-3-5-6-7-8<\/h1>\n<h2>Produkt\u00f6versikt<\/h2>\n<p>Bomcylindern \u00e4r en viktig hydraulisk komponent som \u00e4r speciellt utformad f\u00f6r att styra r\u00f6relsen hos skopor i olika tunga maskiner som gr\u00e4vmaskiner, gr\u00e4vlastare och frontlastare. Denna hydraulcylinder g\u00f6r att skopan kan lyftas, s\u00e4nkas och lutas, vilket underl\u00e4ttar effektiva materialhanteringsuppgifter. Dessa cylindrar, som vanligtvis anv\u00e4nds i stora gr\u00e4vmaskiner fr\u00e5n Komatsu, som PC400-serien, spelar en avg\u00f6rande roll f\u00f6r att optimera driften p\u00e5 byggarbetsplatser och andra tunga applikationer.<\/p>\n<p><img decoding=\"async\" src=\"https:\/\/www.hydraulic-cylinders.net\/wp-content\/uploads\/2025\/04\/songte-company-1.webp\" alt=\"Bomcylinder f\u00f6r gr\u00e4vmaskiner\" \/><\/p>\n<h2>Funktioner hos bomcylindern<\/h2>\n<ul>\n<li><strong>H\u00f6g styrka och h\u00e5llbarhet:<\/strong> Tillverkade av h\u00f6gh\u00e5llfast st\u00e5l eller aluminium, t\u00e5l dessa cylindrar h\u00f6gt tryck och tunga belastningar, vilket g\u00f6r dem l\u00e4mpliga f\u00f6r tuffa arbetsmilj\u00f6er. De \u00e4r konstruerade med slitstyrka och korrosionsskydd f\u00f6r att f\u00f6rl\u00e4nga deras livsl\u00e4ngd.<\/li>\n<li><strong>Effektiv hydraulisk drift:<\/strong> Genom att anv\u00e4nda hydrauloljetrycket ger bomcylindern smidiga ut- och inf\u00e4llningsr\u00f6relser. Detta m\u00f6jligg\u00f6r snabba svar p\u00e5 f\u00f6rarens kommandon och ger starka tryck- och dragkrafter, optimalt f\u00f6r hantering av tunga material och komplexa uppgifter.<\/li>\n<li><strong>Olika typer:<\/strong> Dessa cylindrar finns i b\u00e5de enkelverkande (hydraulisk anv\u00e4ndning i en riktning) och dubbelverkande (hydraulisk anv\u00e4ndning i b\u00e5da riktningarna) konfigurationer och tillgodoser olika driftsbehov. Vissa modeller \u00e4r teleskopiska, vilket m\u00f6jligg\u00f6r st\u00f6rre utdrag utan att \u00f6ka de yttre m\u00e5tten, perfekt f\u00f6r tr\u00e5nga utrymmen.<\/li>\n<\/ul>\n<p>Vi kan tillverka denna produkt, och v\u00e5ra cylindrar kan perfekt ers\u00e4tta dessa hydraulcylindrar.<\/p>\n<p><img decoding=\"async\" src=\"https:\/\/www.hydraulic-cylinders.net\/wp-content\/uploads\/2025\/04\/songte-cylinder-head-with-all-kinds-excavator-models.webp\" alt=\"Gr\u00e4vmaskinsmodeller\" \/><\/p>\n<h2>Anv\u00e4ndningsomr\u00e5den f\u00f6r bomcylindrar<\/h2>\n<h3>Byggutrustning<\/h3>\n<p>I gr\u00e4vmaskiner \u00e4r bomcylindern avg\u00f6rande f\u00f6r gr\u00e4vning, lastning och f\u00f6rflyttning av jord eller skr\u00e4p. Dess f\u00f6rm\u00e5ga att ge exakt kontroll \u00f6ver skopans r\u00f6relse \u00f6kar produktiviteten och effektiviteten p\u00e5 byggarbetsplatser. Cylinderns robusta design s\u00e4kerst\u00e4ller tillf\u00f6rlitlig prestanda under kr\u00e4vande f\u00f6rh\u00e5llanden.<\/p>\n<h3>Jordbruksmaskiner<\/h3>\n<p>I frontlastare anv\u00e4nds bomcylindrar f\u00f6r att skopa, lyfta och transportera jord, h\u00f6 och andra material. Deras effektiva hydrauliska drift g\u00f6r det m\u00f6jligt f\u00f6r lantbrukare att utf\u00f6ra uppgifter snabbt och effektivt, vilket g\u00f6r dem oumb\u00e4rliga inom jordbruksapplikationer.<\/p>\n<h3>Gr\u00e4vmaskiner<\/h3>\n<p>Bomcylindern m\u00f6jligg\u00f6r gr\u00e4vning genom att l\u00e5ta skopan tr\u00e4nga ner i jorden. Denna funktion \u00e4r avg\u00f6rande f\u00f6r gr\u00e4varbeten, eftersom den s\u00e4kerst\u00e4ller effektiv jordborttagning och materialhantering. Cylinderns design bidrar till gr\u00e4vmaskinens totala effektivitet.<\/p>\n<h3>Lastare<\/h3>\n<p>Hos frontlastare hj\u00e4lper bomcylindrar till att lyfta och dumpa laster effektivt. Deras f\u00f6rm\u00e5ga att hantera tunga laster och utf\u00f6ra exakta r\u00f6relser \u00e4r avg\u00f6rande f\u00f6r bygg- och materialhanteringsuppgifter, vilket s\u00e4kerst\u00e4ller h\u00f6g produktivitet och effektivitet.<\/p>\n<h2>Design\u00f6verv\u00e4ganden och urvalskriterier<\/h2>\n<h3>Lastkapacitet<\/h3>\n<p>N\u00e4r man v\u00e4ljer en bomcylinder \u00e4r lastkapaciteten en avg\u00f6rande faktor. Cylindern m\u00e5ste kunna hantera den maximala belastningen som uppst\u00e5r i till\u00e4mpningen utan att kompromissa med s\u00e4kerhet eller prestanda. Ingenj\u00f6rer m\u00e5ste beakta faktorer som skopans vikt och material som hanteras, samt eventuella ytterligare krafter som ut\u00f6vas under drift. En korrekt konstruerad cylinder tar h\u00e4nsyn till dessa belastningar f\u00f6r att s\u00e4kerst\u00e4lla livsl\u00e4ngd och tillf\u00f6rlitlighet.<\/p>\n<h3>T\u00e4tningsmekanismer<\/h3>\n<p>Effektiv t\u00e4tning \u00e4r avg\u00f6rande f\u00f6r hydraulcylindrar, eftersom det f\u00f6rhindrar v\u00e4tskel\u00e4ckage och bibeh\u00e5ller trycket i systemet. H\u00f6gkvalitativa t\u00e4tningar tillverkade av slitstarka material som polyuretan eller nitrilgummi \u00e4r avg\u00f6rande f\u00f6r att klara de h\u00e5rda driftsf\u00f6rh\u00e5llanden som vanligtvis finns i bygg- och jordbruksmilj\u00f6er. Regelbunden inspektion av t\u00e4tningar och snabba utbyten \u00e4r avg\u00f6rande f\u00f6r att bibeh\u00e5lla optimal prestanda.<\/p>\n<h3>Varaktighet<\/h3>\n<p>H\u00e5llbarhet \u00e4r en viktig aspekt vid konstruktionen av bomcylindrar. Materialen som anv\u00e4nds m\u00e5ste kunna motst\u00e5 slitage fr\u00e5n konstant anv\u00e4ndning under kr\u00e4vande f\u00f6rh\u00e5llanden. H\u00f6gh\u00e5llfast st\u00e5l och skyddande bel\u00e4ggningar kan f\u00f6rb\u00e4ttra h\u00e5llbarheten och s\u00e4kerst\u00e4lla att cylindern f\u00f6rblir i drift under l\u00e4ngre perioder. Tillverkare b\u00f6r tillhandah\u00e5lla riktlinjer f\u00f6r underh\u00e5ll f\u00f6r att maximera cylinderns livsl\u00e4ngd.<\/p>\n<h3>S\u00e4kerhetsfunktioner<\/h3>\n<p>S\u00e4kerhet \u00e4r av st\u00f6rsta vikt vid konstruktionen av hydraulcylindrar. Ingenj\u00f6rer m\u00e5ste inf\u00f6rliva s\u00e4kerhetsmekanismer som tryckavlastningsventiler f\u00f6r att f\u00f6rhindra \u00f6verbelastning och potentiella fel. Dessutom \u00e4r robust konstruktion och s\u00e4kerhetscertifieringar avg\u00f6rande f\u00f6r att s\u00e4kerst\u00e4lla att cylindern kan fungera s\u00e4kert i olika milj\u00f6er.<\/p>\n<h3>Underh\u00e5llbarhet<\/h3>\n<p>Att konstruera f\u00f6r underh\u00e5llsv\u00e4nlighet \u00e4r avg\u00f6rande f\u00f6r hydraulcylindrar. Enkel \u00e5tkomst till komponenter f\u00f6r inspektion, sm\u00f6rjning och utbyte bidrar till att minska driftstopp och underh\u00e5llskostnader. En v\u00e4lkonstruerad cylinder kommer att inneh\u00e5lla funktioner som m\u00f6jligg\u00f6r snabb och effektiv service, vilket s\u00e4kerst\u00e4ller att maskiner f\u00f6rblir funktionsdugliga och produktiva.<\/p>\n<p><img decoding=\"async\" src=\"https:\/\/www.hydraulic-cylinders.net\/wp-content\/uploads\/2025\/04\/songte-oil-pipes-and-spare-parts.webp\" alt=\"Hydrauliska cylinderdelar\" \/><\/p>\n<h2>T\u00e4tning och sm\u00f6rjning<\/h2>\n<p>Korrekt t\u00e4tning och sm\u00f6rjning \u00e4r avg\u00f6rande f\u00f6r effektiv drift av bomcylindrar. Olika t\u00e4tningskomponenter, inklusive kolvt\u00e4tningar och st\u00e5ngt\u00e4tningar, \u00e4r utformade f\u00f6r att f\u00f6rhindra l\u00e4ckage av hydraulv\u00e4tska samtidigt som de s\u00e4kerst\u00e4ller smidig drift. T\u00e4tningar tillverkade av slitstarka material som polyuretan och nitrilgummi t\u00e5l tuffa arbetsf\u00f6rh\u00e5llanden, vilket garanterar l\u00e5ng livsl\u00e4ngd.<\/p>\n<p>Cylinderhuset och de g\u00e4ngade \u00e4ndarna b\u00f6r finbearbetas f\u00f6r att f\u00f6rb\u00e4ttra slitstyrkan. Regelbunden sm\u00f6rjning med hydraulolja \u00e4r n\u00f6dv\u00e4ndig f\u00f6r att bibeh\u00e5lla prestanda och minska friktion. Operat\u00f6rer b\u00f6r se till att en tillr\u00e4cklig m\u00e4ngd hydraulv\u00e4tska bibeh\u00e5lls f\u00f6r att undvika skador och optimera funktionaliteten.<\/p>\n<h2>Regelbunden inspektion och f\u00f6rebyggande underh\u00e5ll<\/h2>\n<ul>\n<li><strong>Regelbundna inspektioner:<\/strong> Att utf\u00f6ra regelbundna inspektioner av hydraulsystemet \u00e4r avg\u00f6rande f\u00f6r att identifiera potentiella problem innan de eskalerar. Operat\u00f6rer b\u00f6r visuellt unders\u00f6ka cylindern f\u00f6r tecken p\u00e5 slitage, skador eller l\u00e4ckor. Eventuella oregelbundenheter b\u00f6r \u00e5tg\u00e4rdas omedelbart f\u00f6r att f\u00f6rhindra ytterligare komplikationer.<\/li>\n<li><strong>L\u00e4mplig sm\u00f6rjning:<\/strong> Att s\u00e4kerst\u00e4lla att hydraulcylindern \u00e4r tillr\u00e4ckligt smord \u00e4r avg\u00f6rande f\u00f6r smidig drift. Operat\u00f6rer b\u00f6r f\u00f6lja tillverkarens rekommendationer g\u00e4llande sm\u00f6rjintervall och typer av hydraulolja som ska anv\u00e4ndas. Regelbunden kontroll av oljeniv\u00e5erna kan f\u00f6rhindra utrustningsfel.<\/li>\n<li><strong>Byte av t\u00e4tning:<\/strong> Med tiden kan t\u00e4tningar slitas ut och beh\u00f6va bytas ut. Att regelbundet \u00f6vervaka t\u00e4tningarnas skick och byta ut dem vid behov \u00e4r avg\u00f6rande f\u00f6r att bibeh\u00e5lla hydraulcylinderns effektivitet. Operat\u00f6rer b\u00f6r ha reservt\u00e4tningar till hands f\u00f6r att minimera stillest\u00e5ndstiden.<\/li>\n<\/ul>\n<h2>Installationsriktlinjer<\/h2>\n<p>Korrekt installation av bomcylindern \u00e4r avg\u00f6rande f\u00f6r optimal prestanda. Se till att alla komponenter \u00e4r rena och fria fr\u00e5n skr\u00e4p f\u00f6re installation. Korrekt inriktning av cylindern med monteringsf\u00e4stena \u00e4r avg\u00f6rande f\u00f6r att undvika problem med feljustering. Anv\u00e4nd l\u00e4mpliga monteringsst\u00f6d f\u00f6r att f\u00e4sta cylindern ordentligt p\u00e5 plats.<\/p>\n<p>F\u00f6lj noggrant tillverkarens instruktioner under installationen f\u00f6r att s\u00e4kerst\u00e4lla att alla anslutningar \u00e4r t\u00e4ta och l\u00e4ckagefria. Efter installationen, testa systemet genom att anv\u00e4nda hydraulfunktionerna och kontrollera om det finns tecken p\u00e5 l\u00e4ckage eller ovanliga ljud. Granska regelbundet installationsprocessen f\u00f6r att s\u00e4kerst\u00e4lla att s\u00e4kerhetsstandarderna f\u00f6ljs.<\/p>\n<h2>Underh\u00e5llsuppgifter<\/h2>\n<ul>\n<li><strong>Regelbundna kontroller:<\/strong> Rutinm\u00e4ssiga inspektioner av hydraulsystemet \u00e4r avg\u00f6rande f\u00f6r att f\u00f6rhindra fel. Detta inkluderar att kontrollera l\u00e4ckor, inspektera slangar och s\u00e4kerst\u00e4lla att alla komponenter fungerar korrekt. Tidig uppt\u00e4ckt av problem kan spara tid och pengar vid reparationer.<\/li>\n<li><strong>Korrekt sm\u00f6rjning:<\/strong> Regelbunden sm\u00f6rjning \u00e4r avg\u00f6rande f\u00f6r cylinderns skick. Operat\u00f6rer b\u00f6r se till att hydraulv\u00e4tskan har r\u00e4tt niv\u00e5 och att r\u00e4tt typ av olja anv\u00e4nds. Detta minskar slitaget p\u00e5 komponenterna och f\u00f6rb\u00e4ttrar hydraulsystemets effektivitet.<\/li>\n<li><strong>Byte och kalibrering av t\u00e4tning:<\/strong> Att regelbundet byta ut slitna t\u00e4tningar \u00e4r viktigt f\u00f6r att bibeh\u00e5lla hydraultrycket och f\u00f6rhindra l\u00e4ckage. Kalibreringskontroller b\u00f6r ocks\u00e5 utf\u00f6ras regelbundet f\u00f6r att s\u00e4kerst\u00e4lla att cylindern fungerar inom sina angivna parametrar.<\/li>\n<\/ul>\n<p>Korrekt inriktning av cylindern under installationen \u00e4r avg\u00f6rande. Det rekommenderas att anv\u00e4nda l\u00e4mpliga installationsf\u00e4sten f\u00f6r att s\u00e4kra cylindern effektivt. Genom att f\u00f6lja rekommenderade inspektions-, reparations- och utbytesprocedurer kan bomcylinderns livsl\u00e4ngd avsev\u00e4rt \u00f6kas.<\/p>\n<p><img decoding=\"async\" src=\"https:\/\/www.hydraulic-cylinders.net\/wp-content\/uploads\/2025\/04\/songte-chushion-collar.webp\" alt=\"Kuddekrage\" \/><\/p>\n<h2>S\u00e4kerhetsaspekter och milj\u00f6faktorer<\/h2>\n<p>Vid anv\u00e4ndning av bomcylindrar \u00e4r det av yttersta vikt att implementera s\u00e4kerhets\u00e5tg\u00e4rder. Operat\u00f6rer b\u00f6r utbildas f\u00f6r att k\u00e4nna igen potentiella faror, inklusive felaktig hantering och underh\u00e5llsprotokoll som kan leda till olyckor. Att s\u00e4kerst\u00e4lla att s\u00e4kerhetsprotokoll finns p\u00e5 plats skyddar b\u00e5de arbetare och utrustning, vilket f\u00f6rb\u00e4ttrar den totala driftseffektiviteten.<\/p>\n<h2>Fels\u00f6kning och vanliga problem<\/h2>\n<h3>Vanliga problem<\/h3>\n<ul>\n<li><strong>L\u00e4ckage:<\/strong> Ett av de vanligaste problemen med hydraulcylindrar \u00e4r l\u00e4ckage. Detta kan uppst\u00e5 p\u00e5 grund av slitna t\u00e4tningar eller skadade komponenter. Regelbundna inspektioner kan hj\u00e4lpa till att identifiera l\u00e4ckor tidigt.<\/li>\n<li><strong>F\u00f6rlust av kraft:<\/strong> Om hydraulcylindern inte fungerar som f\u00f6rv\u00e4ntat kan det bero p\u00e5 l\u00e5ga hydraulv\u00e4tskeniv\u00e5er eller en trasig pump. Det \u00e4r viktigt att kontrollera v\u00e4tskeniv\u00e5erna och systemets integritet.<\/li>\n<li><strong>Oj\u00e4mna r\u00f6relser:<\/strong> Om cylindern dras ut eller in oj\u00e4mnt kan det tyda p\u00e5 ett problem med hydraulv\u00e4tskef\u00f6rdelningen eller ett blockering i hydraulledningarna.<\/li>\n<\/ul>\n<h3>Diagnos och l\u00f6sningar<\/h3>\n<p>F\u00f6r effektiv diagnos b\u00f6r operat\u00f6rer b\u00f6rja med att utf\u00f6ra en grundlig visuell inspektion av hydraulsystemet och kontrollera om det finns synliga l\u00e4ckor eller skador. Att f\u00f6ra noggranna register \u00f6ver eventuella problem kan hj\u00e4lpa till att identifiera m\u00f6nster och potentiella underliggande problem.<\/p>\n<p>F\u00f6rebyggande \u00e5tg\u00e4rder \u00e4r avg\u00f6rande f\u00f6r att minimera potentiella problem. Regelbundet underh\u00e5ll, inklusive snabba t\u00e4tningsbyten och sm\u00f6rjning, kan avsev\u00e4rt minska risken f\u00f6r hydrauliska systemfel. Operat\u00f6rer b\u00f6r utbildas om b\u00e4sta praxis f\u00f6r att undvika vanliga fel som leder till utrustningsskador.<\/p>\n<p><img decoding=\"async\" src=\"https:\/\/www.hydraulic-cylinders.net\/wp-content\/uploads\/2025\/04\/songte-bushings-with-all-kinds-of-excavator-models.webp\" alt=\"Gr\u00e4vmaskinsbussningar\" \/><\/p>\n<h2>F\u00f6retagsintroduktion<\/h2>\n<p>Vi \u00e4r en ledande tillverkare av hydraulcylindrar f\u00f6r reservdelar och erbjuder ett brett utbud av produkter som har positionerat oss som en ledande akt\u00f6r p\u00e5 b\u00e5de inhemska och internationella marknader. V\u00e5rt engagemang f\u00f6r excellens backas upp av en f\u00f6rfinad tillverkningsstrategi, som utnyttjar avancerad teknik och skicklig personal f\u00f6r att f\u00f6rb\u00e4ttra produktionskvaliteten.<\/p>\n<p>V\u00e5r verksamhet fokuserar p\u00e5 h\u00f6geffektiva och precisa tillverkningsprinciper som m\u00f6ter olika kunders behov. Med internationella certifieringar och stark betoning p\u00e5 kundanpassade tj\u00e4nster s\u00e4kerst\u00e4ller vi att v\u00e5ra produkter uppfyller rigor\u00f6sa branschstandarder. V\u00e5r toppmoderna produktionsutrustning och professionella testsystem bidrar till v\u00e5r exceptionella produktkvalitet.<\/p>\n<p><img decoding=\"async\" src=\"https:\/\/www.hydraulic-cylinders.net\/wp-content\/uploads\/2025\/04\/songte-company-4.webp\" alt=\"F\u00f6retagsbild 1\" \/><br \/>\n<img decoding=\"async\" src=\"https:\/\/www.hydraulic-cylinders.net\/wp-content\/uploads\/2025\/04\/songte-company-3.webp\" alt=\"F\u00f6retagsbild 2\" \/><\/p>\n<p>F\u00f6rfattare: lyl<\/p>","protected":false},"excerpt":{"rendered":"<p>Boom Cylinder For Komatsu Large Excavator PC400-3-5-6-7-8 Product Overview The Boom Cylinder is an essential hydraulic component specially designed for controlling the movement of buckets in various heavy machinery such as excavators, backhoe loaders, and front-end loaders. This hydraulic cylinder enables the bucket to lift, lower, and tilt, facilitating efficient material handling tasks. Typically utilized [&hellip;]<\/p>","protected":false},"featured_media":17871,"comment_status":"open","ping_status":"closed","template":"","meta":{"_et_pb_use_builder":"","_et_pb_old_content":"","_et_gb_content_width":""},"product_brand":[],"product_cat":[1546],"product_tag":[1547,1496],"class_list":{"0":"post-18869","1":"product","2":"type-product","3":"status-publish","4":"has-post-thumbnail","6":"product_cat-boom-cylinders","7":"product_tag-boom-cylinders","8":"product_tag-hydraulic-cylinders","10":"first","11":"instock","12":"shipping-taxable","13":"product-type-simple"},"amp_enabled":true,"_links":{"self":[{"href":"https:\/\/www.hydraulic-cylinders.net\/sv\/wp-json\/wp\/v2\/product\/18869","targetHints":{"allow":["GET"]}}],"collection":[{"href":"https:\/\/www.hydraulic-cylinders.net\/sv\/wp-json\/wp\/v2\/product"}],"about":[{"href":"https:\/\/www.hydraulic-cylinders.net\/sv\/wp-json\/wp\/v2\/types\/product"}],"replies":[{"embeddable":true,"href":"https:\/\/www.hydraulic-cylinders.net\/sv\/wp-json\/wp\/v2\/comments?post=18869"}],"wp:featuredmedia":[{"embeddable":true,"href":"https:\/\/www.hydraulic-cylinders.net\/sv\/wp-json\/wp\/v2\/media\/17871"}],"wp:attachment":[{"href":"https:\/\/www.hydraulic-cylinders.net\/sv\/wp-json\/wp\/v2\/media?parent=18869"}],"wp:term":[{"taxonomy":"product_brand","embeddable":true,"href":"https:\/\/www.hydraulic-cylinders.net\/sv\/wp-json\/wp\/v2\/product_brand?post=18869"},{"taxonomy":"product_cat","embeddable":true,"href":"https:\/\/www.hydraulic-cylinders.net\/sv\/wp-json\/wp\/v2\/product_cat?post=18869"},{"taxonomy":"product_tag","embeddable":true,"href":"https:\/\/www.hydraulic-cylinders.net\/sv\/wp-json\/wp\/v2\/product_tag?post=18869"}],"curies":[{"name":"wp","href":"https:\/\/api.w.org\/{rel}","templated":true}]}}