{"id":18879,"date":"2025-04-07T06:00:08","date_gmt":"2025-04-07T06:00:08","guid":{"rendered":"https:\/\/www.hydraulic-cylinders.net\/product\/boom-cylinder-for-hitachi-small-excavator-ex55\/"},"modified":"2025-04-07T06:00:10","modified_gmt":"2025-04-07T06:00:10","slug":"boom-cylinder-for-hitachi-small-excavator-ex55","status":"publish","type":"product","link":"https:\/\/www.hydraulic-cylinders.net\/sv\/produkt\/boom-cylinder-for-hitachi-small-excavator-ex55\/","title":{"rendered":"Bomcylinder f\u00f6r Hitachi liten gr\u00e4vmaskin EX55"},"content":{"rendered":"<h1>Bomcylinder f\u00f6r Hitachi liten gr\u00e4vmaskin EX55<\/h1>\n<h2>Introduktion till bomcylindrar<\/h2>\n<p>Bomcylindern \u00e4r en viktig hydraulisk komponent i tunga maskiner, speciellt utformad f\u00f6r att styra skopans r\u00f6relse i gr\u00e4vmaskiner, gr\u00e4vmaskiner och frontlastare. Den g\u00f6r det m\u00f6jligt f\u00f6r f\u00f6rare att lyfta, s\u00e4nka och luta skopan, vilket underl\u00e4ttar effektiva materialhanteringsuppgifter. I hydrauliska system spelar bomcylindrar en avg\u00f6rande roll genom att omvandla hydraultryck till linj\u00e4r r\u00f6relse, vilket m\u00f6jligg\u00f6r exakt kontroll \u00f6ver utrustningens gr\u00e4v- och lyftoperationer.<\/p>\n<p>Dessa cylindrar, som vanligtvis \u00e4r tillverkade av h\u00f6gh\u00e5llfast st\u00e5l eller aluminium, \u00e4r konstruerade f\u00f6r att motst\u00e5 h\u00f6ga tryck och tunga belastningar, vilket s\u00e4kerst\u00e4ller h\u00e5llbarhet i tuffa arbetsmilj\u00f6er. Deras design inkluderar motst\u00e5ndskraft mot slitage och korrosion, vilket avsev\u00e4rt f\u00f6rl\u00e4nger deras livsl\u00e4ngd.<\/p>\n<p><img decoding=\"async\" src=\"https:\/\/www.hydraulic-cylinders.net\/wp-content\/uploads\/2025\/04\/songte-company-1.webp\" alt=\"Bomcylinder\" \/><\/p>\n<h2>Funktioner hos bomcylindern<\/h2>\n<ul>\n<li>\n<h3>H\u00f6g styrka och h\u00e5llbarhet<\/h3>\n<p>Bomcylindern \u00e4r tillverkad av robusta material och t\u00e5l extrema tryck och tunga belastningar. Den \u00e4r specifikt utformad f\u00f6r att motst\u00e5 slitage och korrosion, vilket f\u00f6rl\u00e4nger dess livsl\u00e4ngd.<\/p>\n<\/li>\n<li>\n<h3>Effektiv hydraulisk drift<\/h3>\n<p>Bomcylindern anv\u00e4nder hydrauliskt oljetryck f\u00f6r att uppn\u00e5 smidig ut- och inf\u00e4llning. Denna funktion m\u00f6jligg\u00f6r snabb respons p\u00e5 f\u00f6rarens kommandon och levererar betydande tryck- och dragkrafter l\u00e4mpliga f\u00f6r hantering av tunga material och komplexa uppgifter.<\/p>\n<\/li>\n<li>\n<h3>Olika typer<\/h3>\n<p>Bomcylindern finns i enkelverkande och dubbelverkande konfigurationer och kan uppfylla olika driftskrav. Vissa modeller har en teleskopisk design, vilket m\u00f6jligg\u00f6r st\u00f6rre utdrag utan att \u00f6ka de yttre m\u00e5tten, perfekt f\u00f6r utrymmesbegr\u00e4nsade till\u00e4mpningar.<\/p>\n<\/li>\n<\/ul>\n<h2>Produktionskapacitet<\/h2>\n<p>V\u00e5rt f\u00f6retag specialiserar sig p\u00e5 tillverkning av bomcylindrar och kan perfekt ers\u00e4tta befintliga hydraulcylindrar i era maskiner.<\/p>\n<p><img decoding=\"async\" src=\"https:\/\/www.hydraulic-cylinders.net\/wp-content\/uploads\/2025\/04\/songte-cylinder-head-with-all-kinds-excavator-models.webp\" alt=\"Gr\u00e4vmaskinsmodeller\" \/><\/p>\n<h2>Anv\u00e4ndningsomr\u00e5den f\u00f6r bomcylindrar<\/h2>\n<ul>\n<li>\n<h3>Byggutrustning<\/h3>\n<p>I gr\u00e4vmaskiner \u00e4r bomcylindrar avg\u00f6rande f\u00f6r gr\u00e4vning, lastning och f\u00f6rflyttning av jord eller skr\u00e4p. De f\u00f6rb\u00e4ttrar maskinens f\u00f6rm\u00e5ga att utf\u00f6ra olika uppgifter, fr\u00e5n schaktning till schaktflyttning, vilket s\u00e4kerst\u00e4ller effektivitet och produktivitet p\u00e5 byggarbetsplatser.<\/p>\n<\/li>\n<li>\n<h3>Jordbruksmaskiner<\/h3>\n<p>Bomcylindrar, som anv\u00e4nds i frontlastare, underl\u00e4ttar lyftning, skopning och transport av jord, h\u00f6 och andra material. Deras tillf\u00f6rlitliga prestanda \u00e4r avg\u00f6rande f\u00f6r jordbruksverksamhet, s\u00e5 att lantbrukare kan hantera sina uppgifter effektivt.<\/p>\n<\/li>\n<li>\n<h3>Gr\u00e4vmaskiner<\/h3>\n<p>Bomcylindrar g\u00f6r att skopan kan tr\u00e4nga ner i jorden, vilket m\u00f6jligg\u00f6r effektiva gr\u00e4varbeten. Den hydrauliska effekten ger den kraft som kr\u00e4vs f\u00f6r att bryta igenom tuff mark, vilket g\u00f6r dem oumb\u00e4rliga vid gr\u00e4varbeten.<\/p>\n<\/li>\n<li>\n<h3>Lastare<\/h3>\n<p>Hos frontlastare hj\u00e4lper bomcylindrar till att lyfta och dumpa laster effektivt. Deras f\u00f6rm\u00e5ga att utnyttja betydande lyftkraft s\u00e4kerst\u00e4ller att f\u00f6rare kan flytta och kassera material snabbt och s\u00e4kert.<\/p>\n<\/li>\n<\/ul>\n<h2>Design\u00f6verv\u00e4ganden och urvalskriterier<\/h2>\n<ul>\n<li>\n<h3>Lastkapacitet<\/h3>\n<p>En av de viktigaste faktorerna vid konstruktionen av bomcylindrar \u00e4r deras lastkapacitet. Att f\u00f6rst\u00e5 den maximala vikt de kan hantera \u00e4r avg\u00f6rande f\u00f6r att v\u00e4lja r\u00e4tt cylinder. Konstruktionen m\u00e5ste s\u00e4kerst\u00e4lla att cylindern kan fungera effektivt under den f\u00f6rv\u00e4ntade belastningen utan risk f\u00f6r fel.<\/p>\n<\/li>\n<li>\n<h3>T\u00e4tningsegenskaper<\/h3>\n<p>Effektiv t\u00e4tning \u00e4r avg\u00f6rande f\u00f6r hydraulcylindrars prestanda. T\u00e4tningarna m\u00e5ste f\u00f6rhindra att hydraulv\u00e4tska l\u00e4cker samtidigt som de m\u00f6jligg\u00f6r smidig kolvr\u00f6relse. Valet av t\u00e4tningsmaterial och design p\u00e5verkar cylinderns tillf\u00f6rlitlighet och underh\u00e5llsbehov avsev\u00e4rt.<\/p>\n<\/li>\n<li>\n<h3>Varaktighet<\/h3>\n<p>H\u00e5llbarhet \u00e4r av st\u00f6rsta vikt vid konstruktion av bomcylindrar. De m\u00e5ste t\u00e5la tuffa arbetsf\u00f6rh\u00e5llanden, inklusive exponering f\u00f6r smuts, fukt och kemikalier. Att v\u00e4lja material och bel\u00e4ggningar som f\u00f6rb\u00e4ttrar motst\u00e5ndskraften mot slitage och korrosion \u00e4r avg\u00f6rande f\u00f6r att maximera deras livsl\u00e4ngd.<\/p>\n<\/li>\n<li>\n<h3>S\u00e4kerhetsfunktioner<\/h3>\n<p>S\u00e4kerhet \u00e4r en viktig faktor. Konstruktionen b\u00f6r inneh\u00e5lla funktioner som f\u00f6rhindrar \u00f6verdriven tryckuppbyggnad och skyddar mot funktionsfel. S\u00e4kerhetsventiler och s\u00e4kerhetsmekanismer ing\u00e5r ofta f\u00f6r att minska risker under drift.<\/p>\n<\/li>\n<li>\n<h3>Tillg\u00e4nglighet f\u00f6r underh\u00e5ll<\/h3>\n<p>Att konstruera f\u00f6r enkelt underh\u00e5ll \u00e4r avg\u00f6rande. Komponenter b\u00f6r vara \u00e5tkomliga f\u00f6r inspektion, sm\u00f6rjning och utbyte. En v\u00e4l genomt\u00e4nkt design minimerar driftstopp och underh\u00e5llskostnader, vilket s\u00e4kerst\u00e4ller att bomcylindern fungerar effektivt under l\u00e5ng tid.<\/p>\n<\/li>\n<\/ul>\n<p><img decoding=\"async\" src=\"https:\/\/www.hydraulic-cylinders.net\/wp-content\/uploads\/2025\/04\/songte-oil-pipes-and-spare-parts.webp\" alt=\"Hydrauliska delar\" \/><\/p>\n<h2>T\u00e4tning och sm\u00f6rjning<\/h2>\n<p>Korrekt t\u00e4tning \u00e4r avg\u00f6rande f\u00f6r effektiv drift av bomcylindrar. Olika t\u00e4tningar, s\u00e5som kolvt\u00e4tningar och st\u00e5ngt\u00e4tningar, anv\u00e4nds f\u00f6r att f\u00f6rhindra l\u00e4ckage av hydraulv\u00e4tska och s\u00e4kerst\u00e4lla j\u00e4mn r\u00f6relse. T\u00e4tningar tillverkade av material som polyuretan och nitrilgummi anv\u00e4nds ofta p\u00e5 grund av deras n\u00f6tningsbest\u00e4ndighet. Dessutom genomg\u00e5r cylinderhuset och de g\u00e4ngade \u00e4ndarna precisionsbearbetning f\u00f6r att f\u00f6rb\u00e4ttra h\u00e5llbarhet och slitstyrka.<\/p>\n<p>Regelbunden sm\u00f6rjning \u00e4r n\u00f6dv\u00e4ndig f\u00f6r att bibeh\u00e5lla hydraulsystemets effektivitet. Anv\u00e4ndare b\u00f6r regelbundet fylla p\u00e5 l\u00e4mplig hydraulolja f\u00f6r att minska friktion och slitage i cylindern och s\u00e4kerst\u00e4lla smidig drift.<\/p>\n<h2>F\u00f6rebyggande underh\u00e5lls\u00e5tg\u00e4rder<\/h2>\n<ul>\n<li>\n<h3>Regelbundna inspektioner<\/h3>\n<p>Att genomf\u00f6ra regelbundna inspektioner \u00e4r avg\u00f6rande f\u00f6r tidig uppt\u00e4ckt av problem som l\u00e4ckor eller slitage. Operat\u00f6rer b\u00f6r kontrollera cylindern f\u00f6r tecken p\u00e5 skador och s\u00e4kerst\u00e4lla att den f\u00f6rblir i optimalt skick.<\/p>\n<\/li>\n<li>\n<h3>L\u00e4mplig sm\u00f6rjning<\/h3>\n<p>Att uppr\u00e4tth\u00e5lla korrekt sm\u00f6rjning \u00e4r avg\u00f6rande f\u00f6r bomcylinderns livsl\u00e4ngd. F\u00f6rare b\u00f6r f\u00f6lja tillverkarens rekommendationer ang\u00e5ende anv\u00e4ndningsfrekvens och typ av sm\u00f6rjmedel och s\u00e4kerst\u00e4lla att alla r\u00f6rliga delar \u00e4r tillr\u00e4ckligt smorda.<\/p>\n<\/li>\n<li>\n<h3>Byte av t\u00e4tning<\/h3>\n<p>Med tiden kan t\u00e4tningar slitas ut och bli mindre effektiva. Regelbunden kontroll och byte av t\u00e4tningar vid behov hj\u00e4lper till att f\u00f6rhindra l\u00e4ckor och bibeh\u00e5lla hydraulsystemets integritet.<\/p>\n<\/li>\n<\/ul>\n<h2>Installationsriktlinjer<\/h2>\n<p>Att installera en bomcylinder korrekt \u00e4r avg\u00f6rande f\u00f6r optimal prestanda. H\u00e4r \u00e4r stegen att f\u00f6lja:<\/p>\n<ol>\n<li>\n<h3>F\u00f6rberedelse<\/h3>\n<p>Se till att alla n\u00f6dv\u00e4ndiga verktyg och s\u00e4kerhetsutrustning finns till hands innan installationen p\u00e5b\u00f6rjas. L\u00e4s installationsmanualen f\u00f6r specifika instruktioner relaterade till din modell.<\/p>\n<\/li>\n<li>\n<h3>Inriktning<\/h3>\n<p>Korrekt inriktning av cylindern \u00e4r avg\u00f6rande. Anv\u00e4nd l\u00e4mpliga monteringsf\u00e4sten f\u00f6r att s\u00e4kra cylindern i r\u00e4tt position och se till att den \u00e4r i linje med maskinens komponenter.<\/p>\n<\/li>\n<li>\n<h3>Anslutning av hydrauliska ledningar<\/h3>\n<p>Anslut hydraulledningarna noggrant och se till att det inte finns n\u00e5gra veck eller b\u00f6jar som kan begr\u00e4nsa v\u00e4tskefl\u00f6det. Dra \u00e5t anslutningarna ordentligt f\u00f6r att f\u00f6rhindra l\u00e4ckage.<\/p>\n<\/li>\n<li>\n<h3>Funktionstest<\/h3>\n<p>Efter installationen, genomf\u00f6r ett noggrant funktionstest f\u00f6r att s\u00e4kerst\u00e4lla att cylindern fungerar felfritt. Kontrollera om det finns n\u00e5gra ovanliga ljud eller l\u00e4ckor under drift.<\/p>\n<\/li>\n<\/ol>\n<h2>Underh\u00e5llsuppgifter<\/h2>\n<ul>\n<li>\n<h3>Regelbundna kontroller<\/h3>\n<p>Det \u00e4r viktigt att regelbundet kontrollera bomcylindern. Detta inkluderar att inspektera f\u00f6r synliga skador och l\u00e4ckor samt att s\u00e4kerst\u00e4lla att alla anslutningar \u00e4r \u00e5tdragna.<\/p>\n<\/li>\n<li>\n<h3>Korrekt sm\u00f6rjning<\/h3>\n<p>F\u00f6lj ett sm\u00f6rjschema baserat p\u00e5 anv\u00e4ndning. Anv\u00e4nd hydraulolja av h\u00f6g kvalitet f\u00f6r att de interna komponenterna ska fungera smidigt och f\u00f6r att f\u00f6rhindra slitage.<\/p>\n<\/li>\n<li>\n<h3>Byte och kalibrering av t\u00e4tning<\/h3>\n<p>\u00d6vervaka t\u00e4tningarna regelbundet f\u00f6r slitage. Byt ut dem vid behov f\u00f6r att bibeh\u00e5lla hydraulisk integritet och s\u00e4kerst\u00e4ll korrekt kalibrering av cylindern f\u00f6r att maximera prestandan.<\/p>\n<\/li>\n<\/ul>\n<h2>S\u00e4kerhetsaspekter och milj\u00f6faktorer<\/h2>\n<p>S\u00e4kerhets\u00e5tg\u00e4rder \u00e4r av st\u00f6rsta vikt vid arbete med hydrauliska system. Operat\u00f6rer m\u00e5ste vara medvetna om potentiella faror, s\u00e5som l\u00e4ckage av hydraulv\u00e4tska, vilket kan utg\u00f6ra milj\u00f6risker. Korrekt hantering och avfallshantering av hydraulv\u00e4tskor \u00e4r avg\u00f6rande f\u00f6r att minimera milj\u00f6p\u00e5verkan. Dessutom s\u00e4kerst\u00e4ller implementering av s\u00e4kerhetsprotokoll, s\u00e5som anv\u00e4ndning av personlig skyddsutrustning och s\u00e4kerhetsutbildning, en s\u00e4krare arbetsmilj\u00f6.<\/p>\n<h2>Fels\u00f6kning och vanliga problem<\/h2>\n<ul>\n<li>\n<h3>L\u00e4ckage<\/h3>\n<p>Hydrauliska l\u00e4ckor kan uppst\u00e5 p\u00e5 grund av slitna t\u00e4tningar eller skadade komponenter. Regelbundna inspektioner kan hj\u00e4lpa till att identifiera l\u00e4ckor tidigt, vilket m\u00f6jligg\u00f6r snabba reparationer.<\/p>\n<\/li>\n<li>\n<h3>Minskad prestanda<\/h3>\n<p>En minskad prestanda kan tyda p\u00e5 problem som luft i hydraulsystemet, otillr\u00e4ckliga v\u00e4tskeniv\u00e5er eller slitna komponenter. Att kontrollera v\u00e4tskeniv\u00e5erna och lufta systemet kan ofta l\u00f6sa dessa problem.<\/p>\n<\/li>\n<li>\n<h3>Ovanliga ljud<\/h3>\n<p>Konstiga ljud under drift kan vara ett tecken p\u00e5 inre skador eller bristande sm\u00f6rjning. En noggrann inspektion hj\u00e4lper till att diagnostisera problemet korrekt.<\/p>\n<\/li>\n<\/ul>\n<p><img decoding=\"async\" src=\"https:\/\/www.hydraulic-cylinders.net\/wp-content\/uploads\/2025\/04\/songte-bushings-with-all-kinds-of-excavator-models.webp\" alt=\"Gr\u00e4vmaskinsbussningar\" \/><\/p>\n<h2>Fels\u00f6kningstips<\/h2>\n<p>F\u00f6r att effektivt \u00e5tg\u00e4rda problem med bomcylindrar, \u00f6verv\u00e4g f\u00f6ljande tips:<\/p>\n<ul>\n<li>\u00d6vervaka regelbundet hydraulv\u00e4tskeniv\u00e5erna och fyll p\u00e5 dem vid behov f\u00f6r att f\u00f6rhindra prestandaproblem.<\/li>\n<li>Inspektera t\u00e4tningarna och byt ut dem omedelbart f\u00f6r att undvika l\u00e4ckor som kan \u00e4ventyra hydraulsystemets integritet.<\/li>\n<li>H\u00e5ll arbetsmilj\u00f6n ren och fri fr\u00e5n skr\u00e4p som kan skada cylindern eller hydraulledningarna.<\/li>\n<\/ul>\n<h2>F\u00f6retags\u00f6versikt<\/h2>\n<p>Vi \u00e4r en ledande tillverkare av hydraulcylindrar f\u00f6r reservdelar och erbjuder ett brett utbud av produkter f\u00f6r b\u00e5de inhemska och internationella marknader. V\u00e5rt engagemang f\u00f6r excellens syns tydligt i v\u00e5ra sofistikerade tillverkningsprocesser och kvalitetss\u00e4krings\u00e5tg\u00e4rder. Med fokus p\u00e5 h\u00f6g effektivitet, precision och produktkvalitet str\u00e4var vi efter att m\u00f6ta v\u00e5ra olika kunders behov.<\/p>\n<p>V\u00e5r expertis str\u00e4cker sig till avancerade tillverkningsanl\u00e4ggningar, internationella certifieringar och kundanpassningstj\u00e4nster. Vi utnyttjar den senaste tekniken och en skicklig arbetsstyrka f\u00f6r att s\u00e4kerst\u00e4lla att v\u00e5ra produkter uppfyller de h\u00f6gsta branschstandarderna.<\/p>\n<p><img decoding=\"async\" src=\"https:\/\/www.hydraulic-cylinders.net\/wp-content\/uploads\/2025\/04\/songte-company-4.webp\" alt=\"F\u00f6retags\u00f6versikt\" \/><br \/>\n<img decoding=\"async\" src=\"https:\/\/www.hydraulic-cylinders.net\/wp-content\/uploads\/2025\/04\/songte-company-3.webp\" alt=\"Tillverkningsutrustning\" \/><\/p>\n<p>F\u00f6rfattare: lyl<\/p>","protected":false},"excerpt":{"rendered":"<p>Boom Cylinder For Hitachi Small Excavator EX55 Introduction to Boom Cylinders The boom cylinder is an essential hydraulic component in heavy machinery, specifically designed to control the movement of the bucket in excavators, backhoes, and front-end loaders. It allows operators to lift, lower, and tilt the bucket, facilitating efficient material handling tasks. In hydraulic systems, [&hellip;]<\/p>","protected":false},"featured_media":17881,"comment_status":"open","ping_status":"closed","template":"","meta":{"_et_pb_use_builder":"","_et_pb_old_content":"","_et_gb_content_width":""},"product_brand":[],"product_cat":[1546],"product_tag":[1547,1496],"class_list":{"0":"post-18879","1":"product","2":"type-product","3":"status-publish","4":"has-post-thumbnail","6":"product_cat-boom-cylinders","7":"product_tag-boom-cylinders","8":"product_tag-hydraulic-cylinders","10":"first","11":"instock","12":"shipping-taxable","13":"product-type-simple"},"amp_enabled":true,"_links":{"self":[{"href":"https:\/\/www.hydraulic-cylinders.net\/sv\/wp-json\/wp\/v2\/product\/18879","targetHints":{"allow":["GET"]}}],"collection":[{"href":"https:\/\/www.hydraulic-cylinders.net\/sv\/wp-json\/wp\/v2\/product"}],"about":[{"href":"https:\/\/www.hydraulic-cylinders.net\/sv\/wp-json\/wp\/v2\/types\/product"}],"replies":[{"embeddable":true,"href":"https:\/\/www.hydraulic-cylinders.net\/sv\/wp-json\/wp\/v2\/comments?post=18879"}],"wp:featuredmedia":[{"embeddable":true,"href":"https:\/\/www.hydraulic-cylinders.net\/sv\/wp-json\/wp\/v2\/media\/17881"}],"wp:attachment":[{"href":"https:\/\/www.hydraulic-cylinders.net\/sv\/wp-json\/wp\/v2\/media?parent=18879"}],"wp:term":[{"taxonomy":"product_brand","embeddable":true,"href":"https:\/\/www.hydraulic-cylinders.net\/sv\/wp-json\/wp\/v2\/product_brand?post=18879"},{"taxonomy":"product_cat","embeddable":true,"href":"https:\/\/www.hydraulic-cylinders.net\/sv\/wp-json\/wp\/v2\/product_cat?post=18879"},{"taxonomy":"product_tag","embeddable":true,"href":"https:\/\/www.hydraulic-cylinders.net\/sv\/wp-json\/wp\/v2\/product_tag?post=18879"}],"curies":[{"name":"wp","href":"https:\/\/api.w.org\/{rel}","templated":true}]}}