{"id":18913,"date":"2025-04-07T06:01:48","date_gmt":"2025-04-07T06:01:48","guid":{"rendered":"https:\/\/www.hydraulic-cylinders.net\/product\/boom-cylinder-for-jcb-small-excavator-js200sc\/"},"modified":"2025-04-07T06:01:51","modified_gmt":"2025-04-07T06:01:51","slug":"boom-cylinder-for-jcb-small-excavator-js200sc","status":"publish","type":"product","link":"https:\/\/www.hydraulic-cylinders.net\/sv\/produkt\/boom-cylinder-for-jcb-small-excavator-js200sc\/","title":{"rendered":"Bomcylinder f\u00f6r JCB liten gr\u00e4vmaskin JS200SC"},"content":{"rendered":"<h1>Bomcylinder f\u00f6r JCB liten gr\u00e4vmaskin JS200SC<\/h1>\n<h2>Produkt\u00f6versikt<\/h2>\n<p>Bomcylindern spelar en avg\u00f6rande roll i hydraulsystemet i entreprenadmaskiner, s\u00e4rskilt i sm\u00e5 gr\u00e4vmaskiner som JCB JS200SC. Denna hydraulcylinder \u00e4r specifikt utformad f\u00f6r att styra bommens r\u00f6relse, vilket g\u00f6r att den kan lyftas, s\u00e4nkas och lutas effektivt. Dessa funktioner \u00e4r viktiga f\u00f6r materialhanteringsuppgifter, vilket g\u00f6r bomcylindrar till integrerade komponenter i olika tunga maskinoperationer.<\/p>\n<p><img decoding=\"async\" src=\"https:\/\/www.hydraulic-cylinders.net\/wp-content\/uploads\/2025\/04\/songte-company-1.webp\" alt=\"Bild av bomcylinder\"><\/p>\n<h3>Funktionalitet och definition<\/h3>\n<p>Som en typ av hydraulcylinder reglerar bomcylindern bommens r\u00f6relse i tunga maskiner. Den m\u00f6jligg\u00f6r exakt kontroll under arbetet, vilket \u00f6kar effektiviteten och produktiviteten p\u00e5 arbetsplatsen. Dess f\u00f6rm\u00e5ga att hantera bommens r\u00f6relse p\u00e5verkar direkt gr\u00e4vmaskinens prestanda, vilket g\u00f6r den avg\u00f6rande f\u00f6r uppgifter som gr\u00e4vning, lyftning och transport av material.<\/p>\n<h2>Viktiga funktioner<\/h2>\n<ul>\n<li><strong>H\u00f6g styrka och h\u00e5llbarhet:<\/strong> Bomcylindern \u00e4r tillverkad av h\u00f6gh\u00e5llfast st\u00e5l eller aluminium och \u00e4r konstruerad f\u00f6r att motst\u00e5 h\u00f6gt tryck och tunga belastningar, vilket g\u00f6r den tillf\u00f6rlitlig under tuffa arbetsf\u00f6rh\u00e5llanden.<\/li>\n<li><strong>Effektiv hydraulisk drift:<\/strong> Cylindern anv\u00e4nder hydrauliskt oljetryck f\u00f6r smidig ut- och indragning, vilket ger en kraftfull tryck- och dragkraft l\u00e4mplig f\u00f6r tunga och komplexa uppgifter.<\/li>\n<li><strong>Olika typer:<\/strong> Finns i enkelverkande eller dubbelverkande konfigurationer f\u00f6r att m\u00f6ta olika driftsbehov, med vissa modeller med teleskopfunktioner f\u00f6r ut\u00f6kad r\u00e4ckvidd utan att \u00f6ka de yttersta m\u00e5tten.<\/li>\n<li><strong>Korrosionsbest\u00e4ndighet:<\/strong> Designen anv\u00e4nder material som motst\u00e5r slitage och korrosion, vilket s\u00e4kerst\u00e4ller l\u00e5ng livsl\u00e4ngd och j\u00e4mn prestanda \u00f6ver tid.<\/li>\n<li><strong>Enkelt underh\u00e5ll:<\/strong> Utformad f\u00f6r enkel service, vilket m\u00f6jligg\u00f6r enkla inspektioner och reparationer f\u00f6r att bibeh\u00e5lla driftseffektiviteten.<\/li>\n<\/ul>\n<p>V\u00e5rt f\u00f6retag kan tillverka denna produkt och erbjuder perfekta ers\u00e4ttningar f\u00f6r olika hydraulcylindrar.<\/p>\n<p><img decoding=\"async\" src=\"https:\/\/www.hydraulic-cylinders.net\/wp-content\/uploads\/2025\/04\/songte-cylinder-head-with-all-kinds-excavator-models.webp\" alt=\"Bild av hydraulcylinder\"><\/p>\n<h2>Applikationsscenarier<\/h2>\n<h3>Byggutrustning<\/h3>\n<p>I gr\u00e4vmaskiner \u00e4r bomcylindern viktig f\u00f6r gr\u00e4vning, lastning och f\u00f6rflyttning av jord eller skr\u00e4p. Den underl\u00e4ttar effektiv gr\u00e4vning genom att bommen kan n\u00e5 djupt ner i marken och lyfta tunga laster effektivt. I gr\u00e4vlastare underl\u00e4ttar bomcylindern b\u00e5de gr\u00e4vnings- och lyftkapaciteten, vilket g\u00f6r den till en m\u00e5ngsidig komponent i entreprenadmaskiner.<\/p>\n<h3>Jordbruksmaskiner<\/h3>\n<p>I frontlastare anv\u00e4nds bomcylindern f\u00f6r att skopa, lyfta och transportera jord, h\u00f6 och andra material. Dess design g\u00f6r det m\u00f6jligt f\u00f6r f\u00f6rare att utf\u00f6ra olika uppgifter med precision, vilket avsev\u00e4rt f\u00f6rb\u00e4ttrar produktiviteten inom jordbruksarbete.<\/p>\n<h3>Gr\u00e4vmaskiner<\/h3>\n<p>Bomcylindern \u00e4r avg\u00f6rande f\u00f6r gr\u00e4vmaskiner, eftersom den g\u00f6r att skopan kan tr\u00e4nga ner i jorden effektivt. Denna funktion \u00e4r avg\u00f6rande f\u00f6r olika gr\u00e4vuppgifter och s\u00e4kerst\u00e4ller att material flyttas effektivt och med minimal fysisk anstr\u00e4ngning fr\u00e5n f\u00f6raren.<\/p>\n<h3>Lastare<\/h3>\n<p>P\u00e5 frontlastare hj\u00e4lper bomcylindern till att lyfta och dumpa laster effektivt. Denna hydrauliska mekanism m\u00f6jligg\u00f6r snabba \u00f6verg\u00e5ngar mellan lyft- och dumpningsl\u00e4gen, vilket f\u00f6rb\u00e4ttrar lastarens \u00f6vergripande funktionalitet.<\/p>\n<h2>Design\u00f6verv\u00e4ganden och urvalskriterier<\/h2>\n<h3>Lastkapacitet<\/h3>\n<p>Bomcylinderns lastkapacitet \u00e4r av st\u00f6rsta vikt, eftersom den avg\u00f6r den maximala vikt som cylindern s\u00e4kert kan hantera. En v\u00e4lkonstruerad cylinder b\u00f6r klara de krafter som ut\u00f6vas under drift utan risk f\u00f6r fel. Tillverkare specificerar vanligtvis lastklassificeringarna baserat p\u00e5 rigor\u00f6sa tester f\u00f6r att s\u00e4kerst\u00e4lla s\u00e4kerhet och tillf\u00f6rlitlighet.<\/p>\n<h3>T\u00e4tningsprestanda<\/h3>\n<p>Effektiv t\u00e4tning \u00e4r avg\u00f6rande i hydraulsystem f\u00f6r att f\u00f6rhindra v\u00e4tskel\u00e4ckage och s\u00e4kerst\u00e4lla optimal prestanda. Anv\u00e4ndningen av h\u00f6gkvalitativa t\u00e4tningar minimerar slitage och f\u00f6rl\u00e4nger cylinderns livsl\u00e4ngd. T\u00e4tningar b\u00f6r v\u00e4ljas baserat p\u00e5 de specifika driftsf\u00f6rh\u00e5llandena, inklusive temperatur- och tryckkrav.<\/p>\n<h3>Varaktighet<\/h3>\n<p>H\u00e5llbarhet \u00e4r en viktig faktor vid konstruktionen av bomcylindrar. De m\u00e5ste klara extrema f\u00f6rh\u00e5llanden \u2013 fr\u00e5n h\u00e5rt v\u00e4der till slipande material. Materialen som anv\u00e4nds b\u00f6r vara motst\u00e5ndskraftiga mot slitage och korrosion, vilket s\u00e4kerst\u00e4ller att cylindern h\u00e5ller under m\u00e5nga driftscykler.<\/p>\n<h3>S\u00e4kerhetsfunktioner<\/h3>\n<p>S\u00e4kerhet \u00e4r h\u00f6gsta prioritet vid konstruktion av hydraulcylindrar. Genom att inf\u00f6rliva s\u00e4kerhets\u00e5tg\u00e4rder, s\u00e5som tryckavlastningsventiler och skyddsh\u00f6ljen, s\u00e4kerst\u00e4lls operat\u00f6rens s\u00e4kerhet och risken f\u00f6r olyckor. Regelbundna s\u00e4kerhetskontroller och efterlevnad av driftsriktlinjer f\u00f6rb\u00e4ttrar ytterligare s\u00e4ker anv\u00e4ndning.<\/p>\n<h3>Underh\u00e5llbarhet<\/h3>\n<p>H\u00e4nsyn till underh\u00e5ll \u00e4r avg\u00f6rande i designprocessen. En v\u00e4lkonstruerad bomcylinder b\u00f6r m\u00f6jligg\u00f6ra enkel \u00e5tkomst till komponenter som kr\u00e4ver regelbunden inspektion och underh\u00e5ll, vilket s\u00e4kerst\u00e4ller att driftstopp minimeras och prestandan optimeras.<\/p>\n<p><img decoding=\"async\" src=\"https:\/\/www.hydraulic-cylinders.net\/wp-content\/uploads\/2025\/04\/songte-oil-pipes-and-spare-parts.webp\" alt=\"Bild av hydrauliska delar\"><\/p>\n<h2>T\u00e4tning och sm\u00f6rjning<\/h2>\n<p>Korrekt t\u00e4tning och sm\u00f6rjning \u00e4r avg\u00f6rande f\u00f6r effektiv drift av hydraulcylindrar. Olika t\u00e4tningar, s\u00e5som kolvt\u00e4tningar och kolvst\u00e5ngst\u00e4tningar, b\u00f6r vara tillverkade av slitstarka material som polyuretan och nitrilgummi f\u00f6r att motst\u00e5 slitage. Cylinderhuset och de g\u00e4ngade \u00e4ndytorna m\u00e5ste finbearbetas f\u00f6r att f\u00f6rb\u00e4ttra slitstyrkan. Regelbunden sm\u00f6rjning med hydraulolja \u00e4r n\u00f6dv\u00e4ndig f\u00f6r att minska friktion och f\u00f6rl\u00e4nga cylinderns livsl\u00e4ngd.<\/p>\n<h2>Regelbundna kontroller och f\u00f6rebyggande underh\u00e5ll<\/h2>\n<ul>\n<li><strong>Rutininspektioner:<\/strong> Kontrollera regelbundet bomcylindern f\u00f6r tecken p\u00e5 slitage eller skador. Leta efter l\u00e4ckor och se till att alla komponenter fungerar korrekt.<\/li>\n<li><strong>Korrekt sm\u00f6rjning:<\/strong> S\u00e4kerst\u00e4ll att cylindern \u00e4r tillr\u00e4ckligt smord f\u00f6r att f\u00f6rhindra friktion och slitage. Anv\u00e4nd l\u00e4mplig hydraulolja f\u00f6r att bibeh\u00e5lla optimal prestanda.<\/li>\n<li><strong>Byte av t\u00e4tning:<\/strong> Med tiden kan t\u00e4tningar slitas ut, vilket kr\u00e4ver byte f\u00f6r att f\u00f6rhindra l\u00e4ckage och bibeh\u00e5lla effektiviteten.<\/li>\n<\/ul>\n<h2>Installationsriktlinjer<\/h2>\n<p>Korrekt installation av bomcylindern \u00e4r avg\u00f6rande f\u00f6r optimal prestanda. B\u00f6rja med att se till att monteringspunkterna \u00e4r rena och fria fr\u00e5n skr\u00e4p. Rikta in cylindern noggrant med f\u00e4stpunkterna och anv\u00e4nd l\u00e4mpliga monteringsf\u00e4sten f\u00f6r att f\u00e4sta den p\u00e5 plats. Dra \u00e5t alla bultar enligt tillverkarens specifikationer och se till att cylindern \u00e4r korrekt placerad f\u00f6r att f\u00f6rhindra feljustering under drift. Efter installationen, utf\u00f6r en systemkontroll f\u00f6r att bekr\u00e4fta att alla komponenter fungerar som avsett.<\/p>\n<p><img decoding=\"async\" src=\"https:\/\/www.hydraulic-cylinders.net\/wp-content\/uploads\/2025\/04\/songte-chushion-collar.webp\" alt=\"Installationsbild\"><\/p>\n<h2>Underh\u00e5llsuppgifter<\/h2>\n<h3>Rutinkontroller<\/h3>\n<p>Regelbundna kontroller av bomcylindern \u00e4r avg\u00f6rande f\u00f6r att identifiera eventuella problem tidigt. Att inspektera cylindern f\u00f6r l\u00e4ckor och slitage s\u00e4kerst\u00e4ller att problemen \u00e5tg\u00e4rdas innan de eskalerar, vilket bevarar utrustningens livsl\u00e4ngd.<\/p>\n<h3>Korrekt sm\u00f6rjning<\/h3>\n<p>Regelbunden sm\u00f6rjning av cylindern \u00e4r avg\u00f6rande f\u00f6r smidig drift. Korrekt sm\u00f6rjning minimerar friktion mellan r\u00f6rliga delar, vilket minskar slitage och f\u00f6rb\u00e4ttrar prestandan. Se till att du anv\u00e4nder den rekommenderade typen av hydraulolja f\u00f6r den specifika cylindern.<\/p>\n<h3>T\u00e4tningsbyte och kalibreringskontroller<\/h3>\n<p>Med tiden kommer t\u00e4tningar att f\u00f6rs\u00e4mras och kan beh\u00f6va bytas ut. Regelbunden kontroll av t\u00e4tningarnas slitage hj\u00e4lper till att bibeh\u00e5lla hydraulikens integritet och f\u00f6rhindra v\u00e4tskel\u00e4ckage. Kalibrering s\u00e4kerst\u00e4ller att hydraulsystemet fungerar inom de angivna parametrarna, vilket f\u00f6rb\u00e4ttrar den totala effektiviteten och s\u00e4kerheten.<\/p>\n<h2>S\u00e4kerhetsaspekter och milj\u00f6faktorer<\/h2>\n<p>Vid arbete med hydrauliska system \u00e4r s\u00e4kerhets\u00e5tg\u00e4rder av st\u00f6rsta vikt. Anv\u00e4nd alltid l\u00e4mplig skyddsutrustning och se till att arbetsomr\u00e5det \u00e4r fritt fr\u00e5n faror. Korrekt utbildning i hantering av hydraulisk utrustning kan f\u00f6rhindra olyckor och skador. T\u00e4nk dessutom p\u00e5 milj\u00f6p\u00e5verkan av hydraulv\u00e4tskel\u00e4ckor och kassera allt avfall p\u00e5 ett ansvarsfullt s\u00e4tt f\u00f6r att minimera ekologiska skador.<\/p>\n<h2>Fels\u00f6kning och vanliga problem<\/h2>\n<ul>\n<li><strong>L\u00e4ckageproblem:<\/strong> Om l\u00e4ckage uppt\u00e4cks, kontrollera t\u00e4tningar och kopplingar f\u00f6r slitage. Se till att alla anslutningar \u00e4r \u00e5tdragna och \u00f6verv\u00e4g att byta ut skadade t\u00e4tningar.<\/li>\n<li><strong>Tryckf\u00f6rlust:<\/strong> Ett betydande tryckfall indikerar eventuella interna l\u00e4ckor. Kontrollera cylindern f\u00f6r skador och testa hydraulledningarna f\u00f6r att s\u00e4kerst\u00e4lla att de \u00e4r intakta.<\/li>\n<li><strong>Prestandavariabilitet:<\/strong> Inkonsekvent prestanda kan bero p\u00e5 otillr\u00e4cklig sm\u00f6rjning, feljustering eller skadade komponenter. Regelbundet underh\u00e5ll \u00e4r nyckeln till att l\u00f6sa dessa problem.<\/li>\n<\/ul>\n<h2>Tips f\u00f6r probleml\u00f6sning<\/h2>\n<p>F\u00f6r att effektivt diagnostisera och l\u00f6sa problem relaterade till hydraulcylindrar, b\u00f6rja med en noggrann inspektion av alla komponenter. Kontrollera l\u00e4ckor och s\u00e4kerst\u00e4ll korrekt sm\u00f6rjning. Implementera regelbundna underh\u00e5llsscheman f\u00f6r att minska risken f\u00f6r framtida problem. Att f\u00f6ra detaljerade register \u00f6ver underh\u00e5llsaktiviteter kan hj\u00e4lpa till att identifiera m\u00f6nster som indikerar potentiella fel.<\/p>\n<p><img decoding=\"async\" src=\"https:\/\/www.hydraulic-cylinders.net\/wp-content\/uploads\/2025\/04\/songte-bushings-with-all-kinds-of-excavator-models.webp\" alt=\"Fels\u00f6kningsbild\"><\/p>\n<h2>F\u00f6retags\u00f6versikt<\/h2>\n<p>Vi \u00e4r en ledande tillverkare av hydraulcylindrar f\u00f6r reservdelar och specialiserar oss p\u00e5 ett brett utbud av produkter f\u00f6r b\u00e5de inhemska och internationella marknader. V\u00e5rt engagemang f\u00f6r excellens driver oss att anv\u00e4nda avancerade tillverkningsstrategier och h\u00f6gkvalitativa material. Med fokus p\u00e5 innovativ teknik utnyttjar v\u00e5ra produktionsanl\u00e4ggningar skickliga yrkesm\u00e4n och den senaste utrustningen f\u00f6r att f\u00f6rb\u00e4ttra v\u00e5r tillverkningskapacitet. V\u00e5rt engagemang f\u00f6r kvalitetss\u00e4kring \u00e4r tydligt i v\u00e5ra rigor\u00f6sa test- och certifieringsprocesser, vilket s\u00e4kerst\u00e4ller att v\u00e5ra produkter uppfyller internationella standarder.<\/p>\n<p><img decoding=\"async\" src=\"https:\/\/www.hydraulic-cylinders.net\/wp-content\/uploads\/2025\/04\/songte-company-4.webp\" alt=\"F\u00f6retagsbild\"><br \/>\n<img decoding=\"async\" src=\"https:\/\/www.hydraulic-cylinders.net\/wp-content\/uploads\/2025\/04\/songte-company-3.webp\" alt=\"F\u00f6retagsbild\"><\/p>\n<p>Vi erbjuder skr\u00e4ddarsydda l\u00f6sningar, professionell eftermarknadssupport och ett engagemang f\u00f6r kundn\u00f6jdhet. V\u00e5rt omfattande produktsortiment, i kombination med robust tillverkningskapacitet, positionerar oss som en p\u00e5litlig partner inom hydraulcylindrar.<\/p>\n<p>F\u00f6rfattare: lyl<\/p>","protected":false},"excerpt":{"rendered":"<p>Boom Cylinder For JCB Small Excavator JS200SC Product Overview The Boom Cylinder plays a crucial role in the hydraulic system of construction machinery, especially in small excavators like the JCB JS200SC. This hydraulic cylinder is specifically designed to control the movement of the boom, allowing it to lift, lower, and tilt effectively. These actions are [&hellip;]<\/p>","protected":false},"featured_media":17870,"comment_status":"open","ping_status":"closed","template":"","meta":{"_et_pb_use_builder":"","_et_pb_old_content":"","_et_gb_content_width":""},"product_brand":[],"product_cat":[1546],"product_tag":[1547,1496],"class_list":{"0":"post-18913","1":"product","2":"type-product","3":"status-publish","4":"has-post-thumbnail","6":"product_cat-boom-cylinders","7":"product_tag-boom-cylinders","8":"product_tag-hydraulic-cylinders","10":"first","11":"instock","12":"shipping-taxable","13":"product-type-simple"},"amp_enabled":true,"_links":{"self":[{"href":"https:\/\/www.hydraulic-cylinders.net\/sv\/wp-json\/wp\/v2\/product\/18913","targetHints":{"allow":["GET"]}}],"collection":[{"href":"https:\/\/www.hydraulic-cylinders.net\/sv\/wp-json\/wp\/v2\/product"}],"about":[{"href":"https:\/\/www.hydraulic-cylinders.net\/sv\/wp-json\/wp\/v2\/types\/product"}],"replies":[{"embeddable":true,"href":"https:\/\/www.hydraulic-cylinders.net\/sv\/wp-json\/wp\/v2\/comments?post=18913"}],"wp:featuredmedia":[{"embeddable":true,"href":"https:\/\/www.hydraulic-cylinders.net\/sv\/wp-json\/wp\/v2\/media\/17870"}],"wp:attachment":[{"href":"https:\/\/www.hydraulic-cylinders.net\/sv\/wp-json\/wp\/v2\/media?parent=18913"}],"wp:term":[{"taxonomy":"product_brand","embeddable":true,"href":"https:\/\/www.hydraulic-cylinders.net\/sv\/wp-json\/wp\/v2\/product_brand?post=18913"},{"taxonomy":"product_cat","embeddable":true,"href":"https:\/\/www.hydraulic-cylinders.net\/sv\/wp-json\/wp\/v2\/product_cat?post=18913"},{"taxonomy":"product_tag","embeddable":true,"href":"https:\/\/www.hydraulic-cylinders.net\/sv\/wp-json\/wp\/v2\/product_tag?post=18913"}],"curies":[{"name":"wp","href":"https:\/\/api.w.org\/{rel}","templated":true}]}}