{"id":18918,"date":"2025-04-07T06:02:13","date_gmt":"2025-04-07T06:02:13","guid":{"rendered":"https:\/\/www.hydraulic-cylinders.net\/product\/boom-cylinder-for-caterpillar-small-excavator-e70-70b\/"},"modified":"2025-04-07T06:02:16","modified_gmt":"2025-04-07T06:02:16","slug":"boom-cylinder-for-caterpillar-small-excavator-e70-70b","status":"publish","type":"product","link":"https:\/\/www.hydraulic-cylinders.net\/sv\/produkt\/boom-cylinder-for-caterpillar-small-excavator-e70-70b\/","title":{"rendered":"Bomcylinder f\u00f6r Caterpillar liten gr\u00e4vmaskin E70\/70B"},"content":{"rendered":"<h1>Bomcylinder f\u00f6r Caterpillar liten gr\u00e4vmaskin E70\/70B<\/h1>\n<h2>Introduktion till bomcylindrar<\/h2>\n<p>Bomcylindern \u00e4r en specialiserad hydraulcylinder som anv\u00e4nds i olika tunga maskiner f\u00f6r att styra skopans r\u00f6relse, inklusive gr\u00e4vmaskiner, gr\u00e4vlastare och frontlastare. Denna hydrauliska komponent g\u00f6r att skopan kan lyftas, s\u00e4nkas och lutas, vilket underl\u00e4ttar materialhanteringsuppgifter med precision och effektivitet. I hydrauliska system \u00e4r bomcylindrar viktiga komponenter som omvandlar hydraulisk energi till mekanisk r\u00f6relse, vilket ger den n\u00f6dv\u00e4ndiga kraften och kontrollen f\u00f6r olika gr\u00e4v- och lyftoperationer.<\/p>\n<p><img decoding=\"async\" src=\"https:\/\/www.hydraulic-cylinders.net\/wp-content\/uploads\/2025\/04\/songte-company-1.webp\" alt=\"Bild av bomcylinder\" \/><\/p>\n<h3>Viktiga funktioner hos bomcylindern<\/h3>\n<ul>\n<li><strong>H\u00f6g styrka och h\u00e5llbarhet:<\/strong> Dessa cylindrar \u00e4r tillverkade av h\u00f6gh\u00e5llfast st\u00e5l eller aluminium och \u00e4r konstruerade f\u00f6r att motst\u00e5 h\u00f6gt tryck och tunga belastningar, vilket g\u00f6r dem l\u00e4mpliga f\u00f6r tuffa arbetsmilj\u00f6er.<\/li>\n<li><strong>Effektiv hydraulisk drift:<\/strong> Bomcylindern anv\u00e4nder hydrauliskt oljetryck f\u00f6r smidig ut- och ink\u00f6rning, vilket m\u00f6jligg\u00f6r snabb respons p\u00e5 f\u00f6rarens kommandon och ger kraftfull tryck- och dragkraft.<\/li>\n<li><strong>Olika typer:<\/strong> Finns i enkelverkande (fungerar i en riktning) eller dubbelverkande (fungerar i b\u00e5da riktningarna) utf\u00f6randen, d\u00e4r vissa modeller \u00e4r teleskopiska, vilket m\u00f6jligg\u00f6r st\u00f6rre utbyggnad utan att \u00f6ka de yttre m\u00e5tten, idealiskt f\u00f6r tr\u00e5nga applikationer.<\/li>\n<\/ul>\n<h2>Anv\u00e4ndningsomr\u00e5den f\u00f6r bomcylindern<\/h2>\n<h3>Byggutrustning<\/h3>\n<p>I gr\u00e4vmaskiner \u00e4r bomcylindrar avg\u00f6rande f\u00f6r gr\u00e4vning, lastning och f\u00f6rflyttning av jord eller skr\u00e4p. Bommens effektiva drift g\u00f6r det m\u00f6jligt f\u00f6r f\u00f6rare att utf\u00f6ra exakta r\u00f6relser, vilket g\u00f6r gr\u00e4varbeten snabbare och effektivare. I gr\u00e4vlastare hj\u00e4lper bomcylindern till vid b\u00e5de gr\u00e4vning och lyft, vilket f\u00f6rb\u00e4ttrar den totala produktiviteten.<\/p>\n<h3>Jordbruksmaskiner<\/h3>\n<p>Frontlastare anv\u00e4nder bomcylindrar f\u00f6r att skopa, lyfta och transportera jord, h\u00f6 och andra material. Bomcylinderns tillf\u00f6rlitliga funktion m\u00f6jligg\u00f6r smidig drift, vilket s\u00e4kerst\u00e4ller att jordbruksuppgifter utf\u00f6rs snabbt och effektivt, vilket \u00e4r avg\u00f6rande under planterings- och sk\u00f6rdes\u00e4songer.<\/p>\n<h3>Gr\u00e4vmaskiner<\/h3>\n<p>I gr\u00e4vmaskiner g\u00f6r bomcylindern att skopan kan tr\u00e4nga ner i jorden effektivt, vilket g\u00f6r gr\u00e4vprocessen effektiv och minskar tr\u00f6ttheten p\u00e5 maskineriet. Denna f\u00f6rm\u00e5ga \u00e4r avg\u00f6rande f\u00f6r olika till\u00e4mpningar, inklusive landskapsarkitektur, hyvling och markf\u00f6rberedelse.<\/p>\n<h3>Lastare<\/h3>\n<p>Hos frontlastare bidrar bomcylindrar till att lyfta och dumpa laster effektivt. Den kraftfulla hydrauliska effekten g\u00f6r det m\u00f6jligt f\u00f6r f\u00f6rare att hantera tunga material med l\u00e4tthet, vilket g\u00f6r lastare oumb\u00e4rliga vid bygg- och materialhanteringsuppgifter.<\/p>\n<h2>Design\u00f6verv\u00e4ganden och urvalskriterier<\/h2>\n<h3>Lastkapacitet<\/h3>\n<p>N\u00e4r man v\u00e4ljer en bomcylinder \u00e4r det viktigt att f\u00f6rst\u00e5 lastkapaciteten. Cylindern m\u00e5ste kunna hantera maximal belastning utan att kompromissa med prestanda eller s\u00e4kerhet. Tillverkare tillhandah\u00e5ller vanligtvis specifikationer som anger gr\u00e4nserna f\u00f6r s\u00e4ker arbetsbelastning.<\/p>\n<h3>T\u00e4tning och h\u00e5llbarhet<\/h3>\n<p>Effektiv t\u00e4tning \u00e4r avg\u00f6rande f\u00f6r att f\u00f6rhindra l\u00e4ckage av hydraulv\u00e4tska och bibeh\u00e5lla systemets effektivitet. H\u00f6gkvalitativa t\u00e4tningar tillverkade av slitstarka material s\u00e4kerst\u00e4ller l\u00e5ngvarig prestanda och minskar underh\u00e5llsbehovet. Konstruktionen b\u00f6r inneh\u00e5lla funktioner som f\u00f6rb\u00e4ttrar h\u00e5llbarhet och slitstyrka.<\/p>\n<h3>S\u00e4kerhet och underh\u00e5ll<\/h3>\n<p>S\u00e4kerhet \u00e4r en viktig faktor vid konstruktion av bomcylindrar. Funktioner som robust konstruktion, fels\u00e4kra system och enkel \u00e5tkomst f\u00f6r underh\u00e5llsinspektioner \u00e4r avg\u00f6rande. Regelbundna underh\u00e5llsprotokoll b\u00f6r uppr\u00e4ttas f\u00f6r att s\u00e4kerst\u00e4lla att cylindern fungerar s\u00e4kert och effektivt under hela sin livsl\u00e4ngd.<\/p>\n<p><img decoding=\"async\" src=\"https:\/\/www.hydraulic-cylinders.net\/wp-content\/uploads\/2025\/04\/songte-oil-pipes-and-spare-parts.webp\" alt=\"Oljer\u00f6r och reservdelar\" \/><\/p>\n<h2>T\u00e4tning och sm\u00f6rjning<\/h2>\n<p>Korrekt t\u00e4tning och sm\u00f6rjning \u00e4r grundl\u00e4ggande f\u00f6r bomcylindrars funktion. Olika t\u00e4tningskomponenter, s\u00e5som kolvt\u00e4tningar och st\u00e5ngt\u00e4tningar, b\u00f6r vara tillverkade av slitstarka material som polyuretan och nitrilgummi. Cylinderhuset och de g\u00e4ngade \u00e4ndarna m\u00e5ste genomg\u00e5 finbearbetning f\u00f6r att f\u00f6rb\u00e4ttra slitstyrkan. Regelbunden sm\u00f6rjning med hydraulolja \u00e4r n\u00f6dv\u00e4ndig f\u00f6r att minimera friktion och slitage, vilket s\u00e4kerst\u00e4ller smidig drift och f\u00f6rl\u00e4nger cylinderns livsl\u00e4ngd.<\/p>\n<h2>F\u00f6rebyggande underh\u00e5lls\u00e5tg\u00e4rder<\/h2>\n<ul>\n<li><strong>Regelbundna inspektioner:<\/strong> Schemal\u00e4gg rutinkontroller f\u00f6r att identifiera slitage tidigt. Inspektera t\u00e4tningar, slangar och anslutningar f\u00f6r tecken p\u00e5 skador.<\/li>\n<li><strong>Sm\u00f6rjningsscheman:<\/strong> Uppr\u00e4tta en regelbunden sm\u00f6rjrutin f\u00f6r att s\u00e4kerst\u00e4lla att alla r\u00f6rliga delar f\u00e5r tillr\u00e4ckligt med olja, vilket minskar risken f\u00f6r fel.<\/li>\n<li><strong>Byte av t\u00e4tning:<\/strong> Byt ut t\u00e4tningar vid behov f\u00f6r att f\u00f6rhindra l\u00e4ckage och bibeh\u00e5lla trycket i hydraulsystemet.<\/li>\n<\/ul>\n<h2>Installationsriktlinjer<\/h2>\n<p>Korrekt installation av bomcylindern \u00e4r avg\u00f6rande f\u00f6r optimal prestanda. B\u00f6rja med att se till att alla komponenter \u00e4r rena och fria fr\u00e5n skr\u00e4p. Rikta in cylindern noggrant f\u00f6r att f\u00f6rhindra on\u00f6dig belastning p\u00e5 hydraulsystemet. Anv\u00e4nd l\u00e4mpliga monteringsf\u00e4sten f\u00f6r att s\u00e4kra cylindern p\u00e5 plats. Se till att hydraulledningarna \u00e4r korrekt anslutna och kontrollera om det finns n\u00e5gra l\u00e4ckor efter installationen. F\u00f6lj tillverkarens riktlinjer f\u00f6r \u00e5tdragningsmomentspecifikationer och monteringsprocedurer f\u00f6r att s\u00e4kerst\u00e4lla tillf\u00f6rlitlighet och s\u00e4kerhet.<\/p>\n<h2>Underh\u00e5llsuppgifter<\/h2>\n<ul>\n<li><strong>Regelbundna inspektioner:<\/strong> Att utf\u00f6ra regelbundna inspektioner hj\u00e4lper till att identifiera potentiella problem innan de eskalerar. Leta efter slitage p\u00e5 t\u00e4tningar, slangar och tillbeh\u00f6r och \u00e5tg\u00e4rda dem omedelbart.<\/li>\n<li><strong>Korrekt sm\u00f6rjning:<\/strong> Att uppr\u00e4tth\u00e5lla l\u00e4mpliga sm\u00f6rjniv\u00e5er \u00e4r avg\u00f6rande f\u00f6r cylinderns livsl\u00e4ngd. Anv\u00e4nd r\u00e4tt typ av hydraulolja och se till att den \u00e4r fri fr\u00e5n f\u00f6roreningar.<\/li>\n<li><strong>Kontroller av t\u00e4tningsbyte och kalibrering:<\/strong> Byt regelbundet ut slitna t\u00e4tningar f\u00f6r att bibeh\u00e5lla optimal prestanda. Kalibreringskontroller s\u00e4kerst\u00e4ller att cylindern fungerar inom sina angivna gr\u00e4nser, vilket f\u00f6rb\u00e4ttrar s\u00e4kerheten och effektiviteten.<\/li>\n<\/ul>\n<p><img decoding=\"async\" src=\"https:\/\/www.hydraulic-cylinders.net\/wp-content\/uploads\/2025\/04\/songte-chushion-collar.webp\" alt=\"Kuddekrage\" \/><\/p>\n<h2>S\u00e4kerhets- och milj\u00f6h\u00e4nsyn<\/h2>\n<p>Att implementera s\u00e4kerhets\u00e5tg\u00e4rder under anv\u00e4ndning av bomcylindrar \u00e4r av yttersta vikt. Operat\u00f6rer b\u00f6r utbildas f\u00f6r att k\u00e4nna igen potentiella faror och f\u00f6lja s\u00e4kerhetsprotokoll f\u00f6r att undvika olyckor. Milj\u00f6h\u00e4nsyn inkluderar att s\u00e4kerst\u00e4lla att hydraulv\u00e4tskor hanteras och kasseras p\u00e5 r\u00e4tt s\u00e4tt f\u00f6r att f\u00f6rhindra kontaminering.<\/p>\n<h2>Fels\u00f6kning och vanliga problem<\/h2>\n<ul>\n<li><strong>L\u00e4ckage:<\/strong> Ett vanligt problem \u00e4r l\u00e4ckage av hydraulv\u00e4tska, vilket kan tyda p\u00e5 slitna t\u00e4tningar eller skadade slangar. Regelbundna inspektioner kan hj\u00e4lpa till att uppt\u00e4cka dessa problem tidigt.<\/li>\n<li><strong>L\u00e5ngsam svarstid:<\/strong> Om cylindern reagerar l\u00e5ngsamt, kontrollera om det finns l\u00e5ga hydraulv\u00e4tskeniv\u00e5er eller luft i systemet, vilket kan beh\u00f6va luftas.<\/li>\n<li><strong>Ovanliga ljud:<\/strong> Ljud som sm\u00e4llande eller malande ljud kan tyda p\u00e5 mekaniska problem eller otillr\u00e4cklig sm\u00f6rjning; omedelbar inspektion \u00e4r n\u00f6dv\u00e4ndig.<\/li>\n<\/ul>\n<p>F\u00f6r att effektivt diagnostisera och l\u00f6sa dessa problem b\u00f6r operat\u00f6rer konsultera tillverkarens fels\u00f6kningsguide och f\u00f6lja rekommenderade f\u00f6rebyggande \u00e5tg\u00e4rder f\u00f6r att minimera potentiella problem.<\/p>\n<p><img decoding=\"async\" src=\"https:\/\/www.hydraulic-cylinders.net\/wp-content\/uploads\/2025\/04\/songte-bushings-with-all-kinds-of-excavator-models.webp\" alt=\"Bussningar f\u00f6r gr\u00e4vmaskinsmodeller\" \/><\/p>\n<h2>Om v\u00e5rt f\u00f6retag<\/h2>\n<p>Vi \u00e4r en ledande tillverkare av hydraulcylindrar och specialiserar oss p\u00e5 att producera h\u00f6gkvalitativa alternativ till OEM-produkter. Med ett omfattande produktsortiment har vi etablerat oss som en av de ledande tillverkarna och grossistdistribut\u00f6rerna p\u00e5 b\u00e5de inhemska och internationella marknader. Vi f\u00f6ljer strikta kvalitetsstandarder och anv\u00e4nder avancerade tillverkningsstrategier f\u00f6r h\u00f6gsta kvalitet i produktionen. V\u00e5ra skickliga tekniker, avancerad digital tillverkningsutrustning och professionella testsystem arbetar tillsammans f\u00f6r att kontinuerligt f\u00f6rb\u00e4ttra v\u00e5r tillverkningsplattform. Vi prioriterar effektivitet, precision och kvalitet f\u00f6r att m\u00f6ta olika kunders behov.<\/p>\n<p><img decoding=\"async\" src=\"https:\/\/www.hydraulic-cylinders.net\/wp-content\/uploads\/2025\/04\/songte-company-4.webp\" alt=\"F\u00f6retags\u00f6versikt\" \/><br \/>\n<img decoding=\"async\" src=\"https:\/\/www.hydraulic-cylinders.net\/wp-content\/uploads\/2025\/04\/songte-company-3.webp\" alt=\"Tillverkningsanl\u00e4ggningar\" \/><\/p>\n<p>V\u00e5r expertis str\u00e4cker sig till att erbjuda skr\u00e4ddarsydda tj\u00e4nster anpassade efter specifika kunders krav. Vi \u00e4r internationellt certifierade, vilket s\u00e4kerst\u00e4ller att v\u00e5ra produkter uppfyller globala standarder. V\u00e5r toppmoderna produktionsutrustning och dedikerade eftermarknadssupport garanterar att v\u00e5ra kunder f\u00e5r h\u00f6gsta m\u00f6jliga serviceniv\u00e5 och produktn\u00f6jdhet.<\/p>\n<p>F\u00f6rfattare: lyl<\/p>","protected":false},"excerpt":{"rendered":"<p>Boom Cylinder For Caterpillar Small Excavator E70\/70B Introduction to Boom Cylinders The boom cylinder is a specialized hydraulic cylinder used in various heavy machinery to control the movement of the bucket, including excavators, backhoe loaders, and front-end loaders. This hydraulic component allows the bucket to lift, lower, and tilt, facilitating material handling tasks with precision [&hellip;]<\/p>","protected":false},"featured_media":17875,"comment_status":"open","ping_status":"closed","template":"","meta":{"_et_pb_use_builder":"","_et_pb_old_content":"","_et_gb_content_width":""},"product_brand":[],"product_cat":[1546],"product_tag":[1547,1496],"class_list":{"0":"post-18918","1":"product","2":"type-product","3":"status-publish","4":"has-post-thumbnail","6":"product_cat-boom-cylinders","7":"product_tag-boom-cylinders","8":"product_tag-hydraulic-cylinders","10":"first","11":"instock","12":"shipping-taxable","13":"product-type-simple"},"amp_enabled":true,"_links":{"self":[{"href":"https:\/\/www.hydraulic-cylinders.net\/sv\/wp-json\/wp\/v2\/product\/18918","targetHints":{"allow":["GET"]}}],"collection":[{"href":"https:\/\/www.hydraulic-cylinders.net\/sv\/wp-json\/wp\/v2\/product"}],"about":[{"href":"https:\/\/www.hydraulic-cylinders.net\/sv\/wp-json\/wp\/v2\/types\/product"}],"replies":[{"embeddable":true,"href":"https:\/\/www.hydraulic-cylinders.net\/sv\/wp-json\/wp\/v2\/comments?post=18918"}],"wp:featuredmedia":[{"embeddable":true,"href":"https:\/\/www.hydraulic-cylinders.net\/sv\/wp-json\/wp\/v2\/media\/17875"}],"wp:attachment":[{"href":"https:\/\/www.hydraulic-cylinders.net\/sv\/wp-json\/wp\/v2\/media?parent=18918"}],"wp:term":[{"taxonomy":"product_brand","embeddable":true,"href":"https:\/\/www.hydraulic-cylinders.net\/sv\/wp-json\/wp\/v2\/product_brand?post=18918"},{"taxonomy":"product_cat","embeddable":true,"href":"https:\/\/www.hydraulic-cylinders.net\/sv\/wp-json\/wp\/v2\/product_cat?post=18918"},{"taxonomy":"product_tag","embeddable":true,"href":"https:\/\/www.hydraulic-cylinders.net\/sv\/wp-json\/wp\/v2\/product_tag?post=18918"}],"curies":[{"name":"wp","href":"https:\/\/api.w.org\/{rel}","templated":true}]}}