{"id":18925,"date":"2025-04-07T06:02:31","date_gmt":"2025-04-07T06:02:31","guid":{"rendered":"https:\/\/www.hydraulic-cylinders.net\/product\/boom-cylinder-for-caterpillar-small-excavator-e302-7dcr\/"},"modified":"2025-04-07T06:02:33","modified_gmt":"2025-04-07T06:02:33","slug":"boom-cylinder-for-caterpillar-small-excavator-e302-7dcr","status":"publish","type":"product","link":"https:\/\/www.hydraulic-cylinders.net\/sv\/produkt\/boom-cylinder-for-caterpillar-small-excavator-e302-7dcr\/","title":{"rendered":"Bomcylinder f\u00f6r Caterpillar liten gr\u00e4vmaskin E302.7DCR"},"content":{"rendered":"<h1>Bomcylinder f\u00f6r Caterpillar liten gr\u00e4vmaskin E302.7DCR<\/h1>\n<h2>Introduktion till bomcylinder<\/h2>\n<p>Bomcylindern f\u00f6r Caterpillar Small Excavator E302.7DCR \u00e4r en viktig hydraulisk komponent som \u00e4r speciellt utformad f\u00f6r att styra r\u00f6relsen hos olika tunga maskiner, inklusive gr\u00e4vmaskiner. Denna hydraulcylinder spelar en avg\u00f6rande roll f\u00f6r att m\u00f6jligg\u00f6ra h\u00f6jning, s\u00e4nkning och lutning av bommen, vilket g\u00f6r den oumb\u00e4rlig f\u00f6r materialhanteringsuppgifter inom bygg- och jordbruksapplikationer. Med sin f\u00f6rm\u00e5ga att hantera hydraulv\u00e4tska under h\u00f6gt tryck s\u00e4kerst\u00e4ller bomcylindern effektiv drift av utrustningen, vilket f\u00f6rb\u00e4ttrar produktivitet och prestanda.<\/p>\n<p><img decoding=\"async\" src=\"https:\/\/www.hydraulic-cylinders.net\/wp-content\/uploads\/2025\/04\/songte-company-1.webp\" alt=\"Bomcylinder\" \/><\/p>\n<h3>Funktion och till\u00e4mpning av skopcylinder<\/h3>\n<p>Skopcylindern \u00e4r en typ av hydraulcylinder som \u00e4r speciellt konstruerad f\u00f6r att styra driften av skopor i tunga maskiner som gr\u00e4vmaskiner, traktorgr\u00e4vare och frontlastare. Den g\u00f6r att skopan kan utf\u00f6ra olika r\u00f6relser som \u00e4r viktiga f\u00f6r gr\u00e4vning, lyftning och transport av material. Cylinderns driftseffektivitet \u00e4r avg\u00f6rande vid byggarbeten, eftersom den m\u00f6jligg\u00f6r exakt kontroll under gr\u00e4vprocesser, vilket f\u00f6rb\u00e4ttrar maskinens totala effektivitet.<\/p>\n<h2>Funktioner hos bomcylindern<\/h2>\n<ul>\n<li><strong>H\u00f6g styrka och h\u00e5llbarhet:<\/strong> Bomcylindern \u00e4r vanligtvis tillverkad av h\u00f6gh\u00e5llfast st\u00e5l eller aluminium och t\u00e5l h\u00f6gt tryck och tunga belastningar, vilket g\u00f6r den l\u00e4mplig f\u00f6r tuffa arbetsmilj\u00f6er.<\/li>\n<li><strong>Effektiv hydraulisk drift:<\/strong> Anv\u00e4nder hydrauloljetryck f\u00f6r smidig ut- och indragning, reagerar snabbt p\u00e5 kontrollkommandon samtidigt som den ger betydande tryck- och dragkrafter.<\/li>\n<li><strong>Olika typer:<\/strong> Finns i enkelverkande och dubbelverkande konfigurationer f\u00f6r att m\u00f6ta olika driftsbehov, och vissa modeller har teleskopiska konstruktioner f\u00f6r \u00f6kad f\u00f6rl\u00e4ngning utan att f\u00f6rstora ytterm\u00e5tten.<\/li>\n<li><strong>Slitstyrka:<\/strong> Utformad med h\u00e5llbarhet i \u00e5tanke, med korrosionsskyddande egenskaper f\u00f6r att f\u00f6rl\u00e4nga komponentens livsl\u00e4ngd.<\/li>\n<li><strong>Enkelt underh\u00e5ll:<\/strong> Konstruerad f\u00f6r enkel service och reparation, vilket s\u00e4kerst\u00e4ller minimal driftstopp f\u00f6r utrustningen.<\/li>\n<\/ul>\n<p>V\u00e5rt f\u00f6retag specialiserar sig p\u00e5 tillverkning av denna produkt och tillhandah\u00e5ller h\u00f6gkvalitativa hydraulcylindrar som perfekt ers\u00e4tter befintliga enheter.<\/p>\n<p><img decoding=\"async\" src=\"https:\/\/www.hydraulic-cylinders.net\/wp-content\/uploads\/2025\/04\/songte-cylinder-head-with-all-kinds-excavator-models.webp\" alt=\"Gr\u00e4vmaskinsmodeller\" \/><\/p>\n<h2>Anv\u00e4ndningsomr\u00e5den f\u00f6r bomcylindern<\/h2>\n<h3>Byggutrustning<\/h3>\n<p>I entreprenadmaskiner, s\u00e4rskilt gr\u00e4vmaskiner, \u00e4r bomcylindrar avg\u00f6rande f\u00f6r att gr\u00e4va, lasta och flytta jord eller skr\u00e4p effektivt. De g\u00f6r det m\u00f6jligt f\u00f6r f\u00f6rare att man\u00f6vrera skopan med precision, vilket f\u00f6rb\u00e4ttrar maskinens f\u00f6rm\u00e5ga att utf\u00f6ra komplexa uppgifter effektivt.<\/p>\n<h3>Jordbruksmaskiner<\/h3>\n<p>I jordbruksmaskiner finns bomcylindrar i frontlastare, d\u00e4r de underl\u00e4ttar lastning, lyftning och transport av jord, h\u00f6 och andra material. Deras effektiva design g\u00f6r det m\u00f6jligt f\u00f6r lantbrukare att anv\u00e4nda tunga maskiner med l\u00e4tthet, vilket f\u00f6rb\u00e4ttrar den operativa produktiviteten.<\/p>\n<h3>Gr\u00e4vmaskiner<\/h3>\n<p>F\u00f6r gr\u00e4vmaskiner g\u00f6r bomcylindern att skopan kan tr\u00e4nga ner i jorden och utf\u00f6ra gr\u00e4vnings\u00e5tg\u00e4rder effektivt. Dess hydrauliska kraft m\u00f6jligg\u00f6r djupare gr\u00e4vningar, vilket g\u00f6r den avg\u00f6rande i olika byggprojekt.<\/p>\n<h3>Lastare<\/h3>\n<p>P\u00e5 frontlastare hj\u00e4lper bomcylindrar till att lyfta och dumpa laster effektivt. De s\u00e4kerst\u00e4ller att tunga material flyttas snabbt, vilket bidrar till den totala produktiviteten vid lastningsoperationer.<\/p>\n<h2>Design\u00f6verv\u00e4ganden och urvalsstandarder<\/h2>\n<h3>Lastkapacitet<\/h3>\n<p>Bomcylinderns lastkapacitet \u00e4r en kritisk faktor som avg\u00f6r dess l\u00e4mplighet f\u00f6r olika till\u00e4mpningar. Det \u00e4r viktigt att v\u00e4lja en cylinder som kan hantera den maximala belastningen som f\u00f6rv\u00e4ntas vid drift utan risk f\u00f6r fel. Att f\u00f6rst\u00e5 maskinens specifika belastningskrav hj\u00e4lper till att v\u00e4lja r\u00e4tt cylinderstorlek och konfiguration.<\/p>\n<h3>T\u00e4tningsfunktioner<\/h3>\n<p>T\u00e4tningssystem \u00e4r avg\u00f6rande f\u00f6r att hydraulcylindrar ska fungera korrekt. De f\u00f6rhindrar v\u00e4tskel\u00e4ckage och bibeh\u00e5ller hydraulsystemets integritet. Val av h\u00f6gkvalitativa t\u00e4tningsmaterial, s\u00e5som polyuretan eller nitrilgummi, s\u00e4kerst\u00e4ller h\u00e5llbarhet och effektivitet mot slitage.<\/p>\n<h3>Varaktighet<\/h3>\n<p>H\u00e5llbarhet \u00e4r en avg\u00f6rande faktor vid konstruktion av hydraulcylindrar. De m\u00e5ste kunna motst\u00e5 de tuffa f\u00f6rh\u00e5llandena i bygg- och jordbruksmilj\u00f6er. Materialen v\u00e4ljs ut f\u00f6r sin motst\u00e5ndskraft mot slitage, korrosion och utmattning f\u00f6r att f\u00f6rl\u00e4nga produktens livsl\u00e4ngd.<\/p>\n<h3>S\u00e4kerhet<\/h3>\n<p>S\u00e4kerhetsfunktioner vid konstruktionen av hydraulcylindrar kan inte f\u00f6rbises. Korrekt konstruktion s\u00e4kerst\u00e4ller att cylindrarna arbetar inom s\u00e4kra tryckgr\u00e4nser och inkluderar funktioner som \u00f6verbelastningsskydd f\u00f6r att f\u00f6rhindra olyckor under drift.<\/p>\n<h3>Tillg\u00e4nglighet f\u00f6r underh\u00e5ll<\/h3>\n<p>Att konstruera f\u00f6r enkelt underh\u00e5ll \u00e4r avg\u00f6rande f\u00f6r att minska driftstopp. Hydraulcylindrar b\u00f6r konstrueras p\u00e5 ett s\u00e5dant s\u00e4tt att rutininspektioner, sm\u00f6rjning och reservdelsbyten kan utf\u00f6ras snabbt och effektivt, vilket s\u00e4kerst\u00e4ller minimala st\u00f6rningar i driften.<\/p>\n<p><img decoding=\"async\" src=\"https:\/\/www.hydraulic-cylinders.net\/wp-content\/uploads\/2025\/04\/songte-oil-pipes-and-spare-parts.webp\" alt=\"Oljer\u00f6r och reservdelar\" \/><\/p>\n<h2>T\u00e4tning och sm\u00f6rjning<\/h2>\n<p>Hydraulcylindrars effektivitet \u00e4r starkt beroende av deras t\u00e4tnings- och sm\u00f6rjsystem. Olika t\u00e4tningar, s\u00e5som kolvt\u00e4tningar och kolvst\u00e5ngst\u00e4tningar, spelar en viktig roll f\u00f6r att uppr\u00e4tth\u00e5lla hydraultrycket och f\u00f6rhindra l\u00e4ckage. Dessa t\u00e4tningar \u00e4r vanligtvis tillverkade av slitstarka material som polyuretan och nitrilgummi, vilka ger utm\u00e4rkt h\u00e5llbarhet.<\/p>\n<p>F\u00f6r att s\u00e4kerst\u00e4lla hydraulcylinderns l\u00e5nga livsl\u00e4ngd genomg\u00e5r cylinderhuset och de g\u00e4ngade \u00e4ndytorna precisionsbehandling f\u00f6r att f\u00f6rb\u00e4ttra slitstyrkan. Dessutom \u00e4r regelbunden sm\u00f6rjning med l\u00e4mplig hydraulv\u00e4tska avg\u00f6rande f\u00f6r optimal prestanda. Korrekt sm\u00f6rjning hj\u00e4lper till att minska friktion, f\u00f6rhindra slitage och bibeh\u00e5lla hydraulsystemets effektivitet.<\/p>\n<h2>F\u00f6rebyggande underh\u00e5lls\u00e5tg\u00e4rder<\/h2>\n<ul>\n<li><strong>Regelbundna inspektioner:<\/strong> Schemal\u00e4gg regelbundna kontroller f\u00f6r att identifiera tecken p\u00e5 slitage, l\u00e4ckor eller skador. Tidig uppt\u00e4ckt kan f\u00f6rhindra st\u00f6rre fel och f\u00f6rl\u00e4nga cylinderns livsl\u00e4ngd.<\/li>\n<li><strong>L\u00e4mplig sm\u00f6rjning:<\/strong> Se till att cylindern sm\u00f6rjs med r\u00e4tt hydraulolja regelbundet f\u00f6r att bibeh\u00e5lla smidig drift och f\u00f6rhindra att den k\u00e4rvar.<\/li>\n<li><strong>Byte av t\u00e4tning:<\/strong> Byt ut t\u00e4tningar vid behov f\u00f6r att f\u00f6rhindra l\u00e4ckage och bibeh\u00e5lla hydraultrycket. Regelbundna kontroller av t\u00e4tningarnas integritet kan bidra till snabba byten.<\/li>\n<\/ul>\n<h2>Installationsriktlinjer<\/h2>\n<p>Korrekt installation av bomcylindern \u00e4r avg\u00f6rande f\u00f6r dess prestanda och livsl\u00e4ngd. H\u00e4r \u00e4r riktlinjer att f\u00f6lja:<\/p>\n<p>1. **Justering:** S\u00e4kerst\u00e4ll att hydraulcylindern \u00e4r korrekt justerad med monteringspunkterna. Felaktig justering kan leda till f\u00f6r tidigt slitage eller fel.<\/p>\n<p>2. **Anv\u00e4ndning av monteringsf\u00e4sten:** Anv\u00e4nd l\u00e4mpliga monteringsf\u00e4sten f\u00f6r att f\u00e4sta cylindern p\u00e5 plats. Detta hj\u00e4lper till att bibeh\u00e5lla stabiliteten under drift.<\/p>\n<p>3. **\u00c5tdragning av bultar:** Dra \u00e5t alla monteringsbultar ordentligt och se till att cylindern inte r\u00f6r sig under anv\u00e4ndning.<\/p>\n<p>4. **Hydrauliska anslutningar:** Se till att hydrauliska anslutningar \u00e4r s\u00e4kra och l\u00e4ckagefria. Kontrollera alla kopplingar f\u00f6r att s\u00e4kerst\u00e4lla att de \u00e4r ordentligt \u00e5tdragna.<\/p>\n<p>5. **Slutinspektion:** Efter installationen, utf\u00f6r en slutinspektion f\u00f6r att bekr\u00e4fta att allt \u00e4r i sin ordning innan arbetet p\u00e5b\u00f6rjas.<\/p>\n<p><img decoding=\"async\" src=\"https:\/\/www.hydraulic-cylinders.net\/wp-content\/uploads\/2025\/04\/songte-chushion-collar.webp\" alt=\"Kuddekrage\" \/><\/p>\n<h2>Vanliga underh\u00e5llsuppgifter<\/h2>\n<ul>\n<li><strong>Regelbundna inspektioner:<\/strong> Att utf\u00f6ra regelbundna inspektioner hj\u00e4lper till att identifiera slitage och potentiella problem innan de eskalerar till allvarliga problem. Det \u00e4r avg\u00f6rande att kontrollera om det finns l\u00e4ckor, sprickor eller onormala ljud under drift.<\/li>\n<li><strong>Korrekt sm\u00f6rjning:<\/strong> Att s\u00e4kerst\u00e4lla att hydraulcylindern \u00e4r korrekt smord \u00e4r avg\u00f6rande f\u00f6r dess funktion. Anv\u00e4nd regelbundet rekommenderad hydraulv\u00e4tska f\u00f6r att minimera friktion och slitage.<\/li>\n<li><strong>Byte av t\u00e4tning:<\/strong> Kontrollera regelbundet t\u00e4tningarnas skick och byt ut dem vid behov. Detta hj\u00e4lper till att uppr\u00e4tth\u00e5lla hydraultrycket och f\u00f6rhindra l\u00e4ckage, vilket s\u00e4kerst\u00e4ller att cylindern fungerar effektivt.<\/li>\n<\/ul>\n<p>Se till att cylindern \u00e4r korrekt justerad och s\u00e4krad under installationen. Att anv\u00e4nda r\u00e4tt installationsteknik och verktyg \u00e4r avg\u00f6rande f\u00f6r att f\u00f6rhindra framtida problem. Att f\u00f6lja rekommenderade underh\u00e5llsscheman och procedurer kommer att avsev\u00e4rt f\u00f6rb\u00e4ttra hydraulcylinderns livsl\u00e4ngd och prestanda.<\/p>\n<h2>S\u00e4kerhetsaspekter och milj\u00f6faktorer<\/h2>\n<p>Vid hantering av hydraulcylindrar \u00e4r det viktigt att prioritera s\u00e4kerheten. L\u00e4mpliga s\u00e4kerhets\u00e5tg\u00e4rder b\u00f6r vidtas f\u00f6r att f\u00f6rhindra olyckor under drift. Anv\u00e4nd l\u00e4mplig personlig skyddsutrustning (PPE), inklusive handskar och skyddsglas\u00f6gon, n\u00e4r du arbetar med hydraulsystemet. Se till att alla operat\u00f6rer \u00e4r utbildade i s\u00e4ker hantering av hydrauliska maskiner och f\u00f6rst\u00e5r de potentiella farorna i samband med hydrauliska man\u00f6vrer.<\/p>\n<h2>Fels\u00f6kning och vanliga problem<\/h2>\n<ul>\n<li><strong>L\u00e4ckage:<\/strong> Ett av de vanligaste problemen \u00e4r l\u00e4ckage av hydraulv\u00e4tska, ofta p\u00e5 grund av slitna t\u00e4tningar. Inspektera t\u00e4tningarna regelbundet och byt ut dem vid behov.<\/li>\n<li><strong>Minskad prestanda:<\/strong> Om hydraulcylindern inte kan dras ut eller in smidigt kan det tyda p\u00e5 l\u00e5ga hydraulv\u00e4tskeniv\u00e5er eller blockering i hydraulledningarna. Kontrollera v\u00e4tskeniv\u00e5erna och \u00e5tg\u00e4rda eventuella hinder.<\/li>\n<li><strong>Ovanliga ljud:<\/strong> Ovanliga ljud under drift kan tyda p\u00e5 interna skador. Unders\u00f6k ljudk\u00e4llan och utf\u00f6r n\u00f6dv\u00e4ndiga reparationer.<\/li>\n<\/ul>\n<p>Vid problem \u00e4r snabb diagnos och effektiva reparationer avg\u00f6rande f\u00f6r att minimera driftstopp. Regelbundet underh\u00e5ll av hydraulsystemet hj\u00e4lper ocks\u00e5 till att f\u00f6rebygga potentiella problem innan de uppst\u00e5r.<\/p>\n<p><img decoding=\"async\" src=\"https:\/\/www.hydraulic-cylinders.net\/wp-content\/uploads\/2025\/04\/songte-bushings-with-all-kinds-of-excavator-models.webp\" alt=\"Bussningar f\u00f6r gr\u00e4vmaskinsmodeller\" \/><\/p>\n<h2>Om v\u00e5rt f\u00f6retag<\/h2>\n<p>Vi \u00e4r en ledande tillverkare av alternativa hydraulcylindrar och erbjuder ett omfattande produktsortiment p\u00e5 b\u00e5de inhemska och internationella marknader. V\u00e5rt engagemang f\u00f6r exceptionell kvalitet st\u00f6ds av v\u00e5ra f\u00f6rfinade tillverkningsstrategier och toppmoderna produktionsanl\u00e4ggningar. Genom att utnyttja teknisk talang, avancerad tillverkningsutrustning och professionella kvalitetstestsystem f\u00f6rb\u00e4ttrar vi kontinuerligt v\u00e5r produktionskapacitet och v\u00e5ra kvalitetss\u00e4kringsprocesser.<\/p>\n<p>V\u00e5rt f\u00f6retag \u00e4r stolta \u00f6ver sin effektivitet, precision och h\u00f6gkvalitativa principer f\u00f6r att m\u00f6ta olika kunders behov. Vi erbjuder \u00e4ven skr\u00e4ddarsydda tj\u00e4nster, vilket s\u00e4kerst\u00e4ller att v\u00e5ra produkter perfekt uppfyller specifika krav. V\u00e5ra internationella certifieringar bekr\u00e4ftar v\u00e5rt engagemang f\u00f6r kvalitet och tillf\u00f6rlitlighet, och v\u00e5rt engagerade kundserviceteam ger kontinuerligt st\u00f6d till v\u00e5ra kunder.<\/p>\n<p><img decoding=\"async\" src=\"https:\/\/www.hydraulic-cylinders.net\/wp-content\/uploads\/2025\/04\/songte-company-4.webp\" alt=\"F\u00f6retags\u00f6versikt\" \/><br \/>\n<img decoding=\"async\" src=\"https:\/\/www.hydraulic-cylinders.net\/wp-content\/uploads\/2025\/04\/songte-company-3.webp\" alt=\"F\u00f6retagsfaciliteter\" \/><\/p>\n<p>F\u00f6rfattare: lyl<\/p>","protected":false},"excerpt":{"rendered":"<p>Boom Cylinder For Caterpillar Small Excavator E302.7DCR Introduction to Boom Cylinder The Boom Cylinder for Caterpillar Small Excavator E302.7DCR is an essential hydraulic component designed specifically for controlling the movement of various heavy machinery equipment, including excavators. This hydraulic cylinder plays a pivotal role in enabling the boom to lift, lower, and tilt, making it [&hellip;]<\/p>","protected":false},"featured_media":17867,"comment_status":"open","ping_status":"closed","template":"","meta":{"_et_pb_use_builder":"","_et_pb_old_content":"","_et_gb_content_width":""},"product_brand":[],"product_cat":[1546],"product_tag":[1547,1496],"class_list":{"0":"post-18925","1":"product","2":"type-product","3":"status-publish","4":"has-post-thumbnail","6":"product_cat-boom-cylinders","7":"product_tag-boom-cylinders","8":"product_tag-hydraulic-cylinders","10":"first","11":"instock","12":"shipping-taxable","13":"product-type-simple"},"amp_enabled":true,"_links":{"self":[{"href":"https:\/\/www.hydraulic-cylinders.net\/sv\/wp-json\/wp\/v2\/product\/18925","targetHints":{"allow":["GET"]}}],"collection":[{"href":"https:\/\/www.hydraulic-cylinders.net\/sv\/wp-json\/wp\/v2\/product"}],"about":[{"href":"https:\/\/www.hydraulic-cylinders.net\/sv\/wp-json\/wp\/v2\/types\/product"}],"replies":[{"embeddable":true,"href":"https:\/\/www.hydraulic-cylinders.net\/sv\/wp-json\/wp\/v2\/comments?post=18925"}],"wp:featuredmedia":[{"embeddable":true,"href":"https:\/\/www.hydraulic-cylinders.net\/sv\/wp-json\/wp\/v2\/media\/17867"}],"wp:attachment":[{"href":"https:\/\/www.hydraulic-cylinders.net\/sv\/wp-json\/wp\/v2\/media?parent=18925"}],"wp:term":[{"taxonomy":"product_brand","embeddable":true,"href":"https:\/\/www.hydraulic-cylinders.net\/sv\/wp-json\/wp\/v2\/product_brand?post=18925"},{"taxonomy":"product_cat","embeddable":true,"href":"https:\/\/www.hydraulic-cylinders.net\/sv\/wp-json\/wp\/v2\/product_cat?post=18925"},{"taxonomy":"product_tag","embeddable":true,"href":"https:\/\/www.hydraulic-cylinders.net\/sv\/wp-json\/wp\/v2\/product_tag?post=18925"}],"curies":[{"name":"wp","href":"https:\/\/api.w.org\/{rel}","templated":true}]}}