{"id":18926,"date":"2025-04-07T06:02:34","date_gmt":"2025-04-07T06:02:34","guid":{"rendered":"https:\/\/www.hydraulic-cylinders.net\/product\/boom-cylinder-for-caterpillar-small-excavator-e306ez\/"},"modified":"2025-04-07T06:02:37","modified_gmt":"2025-04-07T06:02:37","slug":"boom-cylinder-for-caterpillar-small-excavator-e306ez","status":"publish","type":"product","link":"https:\/\/www.hydraulic-cylinders.net\/sv\/produkt\/boom-cylinder-for-caterpillar-small-excavator-e306ez\/","title":{"rendered":"Bomcylinder f\u00f6r Caterpillar liten gr\u00e4vmaskin E306EZ"},"content":{"rendered":"<h1>Bomcylinder f\u00f6r Caterpillar liten gr\u00e4vmaskin E306EZ<\/h1>\n<h2>Produkt\u00f6versikt<\/h2>\n<p>Bomcylindern f\u00f6r Caterpillar Small Excavator E306EZ \u00e4r en kritisk komponent i hydraulsystem, speciellt utformad f\u00f6r att styra bommens r\u00f6relse i olika tunga maskiner. Dessa cylindrar g\u00f6r det m\u00f6jligt f\u00f6r gr\u00e4vmaskinens bom att h\u00f6jas, s\u00e4nkas och lutas, vilket underl\u00e4ttar effektiva materialhanteringsuppgifter. Skopcylindern \u00e4r en typ av hydraulcylinder som spelar en viktig roll i driften av gr\u00e4vmaskiner, gr\u00e4vlastare och frontlastare, vilket m\u00f6jligg\u00f6r exakt kontroll \u00f6ver maskinens drift.<\/p>\n<p><img decoding=\"async\" src=\"https:\/\/www.hydraulic-cylinders.net\/wp-content\/uploads\/2025\/04\/songte-company-1.webp\" alt=\"Bomcylinder\"><\/p>\n<h2>Viktiga funktioner<\/h2>\n<ul>\n<li><strong>H\u00f6g styrka och h\u00e5llbarhet:<\/strong> Dessa cylindrar, som vanligtvis \u00e4r tillverkade av h\u00f6gh\u00e5llfast st\u00e5l eller aluminium, t\u00e5l h\u00f6gt tryck och tunga belastningar. De \u00e4r konstruerade f\u00f6r att klara tuffa arbetsf\u00f6rh\u00e5llanden, vilket s\u00e4kerst\u00e4ller l\u00e5ng livsl\u00e4ngd genom slitstyrka och korrosionsskydd.<\/li>\n<li><strong>Effektiv hydraulisk drift:<\/strong> Med hj\u00e4lp av hydrauloljetryck ger bomcylindrar smidig ut- och ink\u00f6rning. De reagerar snabbt p\u00e5 kontrollkommandon och erbjuder kraftfulla tryck- och dragkrafter, perfekt f\u00f6r hantering av tunga material och komplexa uppgifter.<\/li>\n<li><strong>Olika typer:<\/strong> Bomcylindrar finns i olika typer, inklusive enkelverkande (som arbetar i en riktning) och dubbelverkande (som arbetar i b\u00e5da riktningarna). Vissa modeller har teleskopiska konstruktioner som m\u00f6jligg\u00f6r st\u00f6rre utdrag utan att \u00f6ka de yttre m\u00e5tten, vilket \u00e4r l\u00e4mpligt f\u00f6r till\u00e4mpningar med begr\u00e4nsat utrymme.<\/li>\n<li><strong>Anpassad tillverkning:<\/strong> V\u00e5ra produkter tillverkas med precision och kan perfekt ers\u00e4tta befintliga hydraulcylindrar, vilket s\u00e4kerst\u00e4ller s\u00f6ml\u00f6s integration och prestanda.<\/li>\n<li><strong>Kvalitetss\u00e4kring:<\/strong> Varje cylinder genomg\u00e5r rigor\u00f6sa kvalitetskontroller och uppfyller branschstandarder, vilket s\u00e4kerst\u00e4ller tillf\u00f6rlitlighet och optimal prestanda i olika till\u00e4mpningar.<\/li>\n<\/ul>\n<p><img decoding=\"async\" src=\"https:\/\/www.hydraulic-cylinders.net\/wp-content\/uploads\/2025\/04\/songte-cylinder-head-with-all-kinds-excavator-models.webp\" alt=\"Caterpillar gr\u00e4vmaskinsmodeller\"><\/p>\n<h2>Applikationsscenarier<\/h2>\n<h3>Byggutrustning<\/h3>\n<p>I entreprenadmaskiner, s\u00e5som gr\u00e4vmaskiner, \u00e4r bomcylindrar viktiga f\u00f6r gr\u00e4vning, lastning och f\u00f6rflyttning av jord eller skr\u00e4p. Deras f\u00f6rm\u00e5ga att l\u00e5ta bommen vridas och n\u00e5 olika vinklar \u00f6kar gr\u00e4vmaskinens operativa m\u00e5ngsidighet. I gr\u00e4vlastare hj\u00e4lper bomcylindern inte bara till vid gr\u00e4vning utan ocks\u00e5 vid lyft av tunga laster, vilket g\u00f6r den till en oumb\u00e4rlig del av maskinen.<\/p>\n<h3>Jordbruksmaskiner<\/h3>\n<p>Inom jordbruket anv\u00e4nder frontlastare bomcylindrar f\u00f6r att skopa, lyfta och transportera jord, h\u00f6 och andra material. Den exakta kontrollen som dessa cylindrar erbjuder g\u00f6r det m\u00f6jligt f\u00f6r lantbrukare att effektivt hantera sina uppgifter, fr\u00e5n lastning av spannm\u00e5l till r\u00f6jning av \u00e5krar.<\/p>\n<h3>Gr\u00e4vmaskiner<\/h3>\n<p>I gr\u00e4vmaskiner underl\u00e4ttar bomcylindern gr\u00e4vningen genom att l\u00e5ta skopan tr\u00e4nga ner i jorden. Denna f\u00f6rm\u00e5ga \u00e4r avg\u00f6rande f\u00f6r att uppr\u00e4tth\u00e5lla produktiviteten p\u00e5 arbetsplatser, s\u00e4kerst\u00e4lla snabbare slutf\u00f6rande av gr\u00e4varbeten och f\u00f6rb\u00e4ttra den totala driftseffektiviteten.<\/p>\n<h3>Lastare<\/h3>\n<p>Hos frontlastare \u00e4r bomcylindrar ansvariga f\u00f6r att lyfta och tippa laster effektivt. Denna funktion \u00e4r avg\u00f6rande f\u00f6r att flytta material som grus, sand eller byggavfall, vilket g\u00f6r lastaren till ett m\u00e5ngsidigt verktyg i bygg- och landskapsprojekt.<\/p>\n<h2>Design\u00f6verv\u00e4ganden och urvalskriterier<\/h2>\n<h3>Lastkapacitet<\/h3>\n<p>Lastkapaciteten hos en bomcylinder \u00e4r en kritisk konstruktionsfaktor, eftersom den avg\u00f6r den maximala vikt som cylindern s\u00e4kert kan hantera. Tillverkare m\u00e5ste se till att cylindern \u00e4r klassad f\u00f6r den avsedda anv\u00e4ndningen, med h\u00e4nsyn till b\u00e5de statiska och dynamiska belastningar. \u00d6verbelastning kan leda till f\u00f6rtida fel, vilket betonar vikten av noggranna lastbed\u00f6mningar under urvalsprocessen.<\/p>\n<h3>T\u00e4tning<\/h3>\n<p>Effektiv t\u00e4tning \u00e4r avg\u00f6rande f\u00f6r hydraulcylindrar f\u00f6r att f\u00f6rhindra v\u00e4tskel\u00e4ckage och bibeh\u00e5lla prestanda. H\u00f6gkvalitativa t\u00e4tningar, s\u00e5som kolvt\u00e4tningar och kolvst\u00e5ngst\u00e4tningar, tillverkade av slitstarka material som polyuretan eller nitrilgummi, \u00e4r avg\u00f6rande f\u00f6r att s\u00e4kerst\u00e4lla l\u00e5ngvarig funktion. Korrekt t\u00e4tningsdesign minimerar slitage och f\u00f6rb\u00e4ttrar hydraulsystemets \u00f6vergripande tillf\u00f6rlitlighet.<\/p>\n<h3>Varaktighet<\/h3>\n<p>H\u00e5llbarhet \u00e4r en avg\u00f6rande faktor f\u00f6r bomcylindrar, s\u00e4rskilt med tanke p\u00e5 de tuffa milj\u00f6er de anv\u00e4nds i. Faktorer som materialval, ytbehandling och konstruktionsgeometri bidrar alla till en cylinders f\u00f6rm\u00e5ga att motst\u00e5 slitage, utmattning och milj\u00f6p\u00e5verkan. Tillverkare anv\u00e4nder ofta avancerade bel\u00e4ggningar och material f\u00f6r att f\u00f6rb\u00e4ttra motst\u00e5ndskraften mot n\u00f6tning och korrosion, vilket s\u00e4kerst\u00e4ller l\u00e5ng livsl\u00e4ngd.<\/p>\n<h3>S\u00e4kerhet<\/h3>\n<p>S\u00e4kerhetsfunktioner m\u00e5ste integreras i konstruktionen av bomcylindrar f\u00f6r att skydda operat\u00f6rer och maskiner. Detta inkluderar konstruktionselement som f\u00f6rhindrar cylinderfel under belastning, samt mekanismer som s\u00e4kerst\u00e4ller korrekt installation och drift. Regelbundet underh\u00e5ll och inspektioner \u00e4r ocks\u00e5 avg\u00f6rande f\u00f6r att identifiera potentiella s\u00e4kerhetsproblem innan de eskalerar.<\/p>\n<h3>Underh\u00e5llbarhet<\/h3>\n<p>Att konstruera f\u00f6r underh\u00e5llsv\u00e4nlighet inneb\u00e4r att skapa bomcylindrar som \u00e4r enkla att serva och reparera. Detta inkluderar h\u00e4nsyn till enkel \u00e5tkomst till t\u00e4tningar, lager och andra komponenter som kan kr\u00e4va rutinm\u00e4ssigt underh\u00e5ll. Att tillhandah\u00e5lla tydliga riktlinjer f\u00f6r underh\u00e5llsprocedurer kan avsev\u00e4rt f\u00f6rl\u00e4nga hydraulcylinderns livsl\u00e4ngd och s\u00e4kerst\u00e4lla j\u00e4mn prestanda.<\/p>\n<p><img decoding=\"async\" src=\"https:\/\/www.hydraulic-cylinders.net\/wp-content\/uploads\/2025\/04\/songte-oil-pipes-and-spare-parts.webp\" alt=\"Hydrauliska delar\"><\/p>\n<h2>T\u00e4tning och sm\u00f6rjning<\/h2>\n<p>Korrekt t\u00e4tning och sm\u00f6rjning \u00e4r avg\u00f6rande f\u00f6r bomcylindrarnas livsl\u00e4ngd och effektiva drift. Olika t\u00e4tningselement, inklusive kolvt\u00e4tningar och st\u00e5ngt\u00e4tningar, anv\u00e4nds f\u00f6r att f\u00f6rhindra att hydraulv\u00e4tska l\u00e4cker och f\u00f6r att h\u00e5lla f\u00f6roreningar borta fr\u00e5n cylindern. T\u00e4tningar tillverkade av slitstarka material som polyuretan och nitrilgummi v\u00e4ljs ofta f\u00f6r sin h\u00e5llbarhet. Dessutom genomg\u00e5r cylinderhuset och de g\u00e4ngade \u00e4ndytorna fin bearbetning f\u00f6r att f\u00f6rb\u00e4ttra slitstyrkan.<\/p>\n<p>Regelbunden sm\u00f6rjning med hydraulolja \u00e4r avg\u00f6rande f\u00f6r att bibeh\u00e5lla optimal prestanda. Korrekt sm\u00f6rjning minskar friktionen mellan r\u00f6rliga delar, vilket f\u00f6rhindrar f\u00f6r tidigt slitage och s\u00e4kerst\u00e4ller smidig drift. Att etablera en rutin f\u00f6r att kontrollera och fylla p\u00e5 hydraulv\u00e4tskeniv\u00e5erna kan avsev\u00e4rt p\u00e5verka cylinderns totala effektivitet och h\u00e5llbarhet.<\/p>\n<h2>F\u00f6rebyggande underh\u00e5lls\u00e5tg\u00e4rder<\/h2>\n<ul>\n<li><strong>Regelbundna inspektioner:<\/strong> Utf\u00f6r rutininspektioner f\u00f6r att identifiera tecken p\u00e5 slitage, l\u00e4ckor eller skador. Leta efter ovanliga ljud under drift, vilket kan tyda p\u00e5 interna problem.<\/li>\n<li><strong>Sm\u00f6rjkontroller:<\/strong> S\u00e4kerst\u00e4ll tillr\u00e4cklig sm\u00f6rjning genom att regelbundet kontrollera hydraulv\u00e4tskeniv\u00e5erna och fylla p\u00e5 vid behov f\u00f6r att f\u00f6rhindra torrk\u00f6rning.<\/li>\n<li><strong>Byte av t\u00e4tningar:<\/strong> \u00d6vervaka t\u00e4tningarna f\u00f6r tecken p\u00e5 slitage och byt ut dem omedelbart f\u00f6r att bibeh\u00e5lla effektiviteten och f\u00f6rhindra l\u00e4ckage.<\/li>\n<\/ul>\n<h2>Installationsriktlinjer<\/h2>\n<p>Korrekt installation av bomcylindern \u00e4r avg\u00f6rande f\u00f6r optimal prestanda. B\u00f6rja med att rikta in cylindern med monteringsf\u00e4stena och se till att alla komponenter \u00e4r korrekt justerade f\u00f6r att f\u00f6rhindra on\u00f6dig belastning. Anv\u00e4nd l\u00e4mpliga monteringsf\u00e4sten f\u00f6r att s\u00e4kra cylindern p\u00e5 plats, eftersom detta hj\u00e4lper till att bibeh\u00e5lla dess position under drift.<\/p>\n<p>F\u00f6lj tillverkarens specifikationer f\u00f6r \u00e5tdragningsmoment och f\u00e4stelement f\u00f6r att s\u00e4kerst\u00e4lla en s\u00e4ker fasts\u00e4ttning. Det \u00e4r ocks\u00e5 viktigt att kontrollera att hydraulledningarna \u00e4r korrekt anslutna och fria fr\u00e5n b\u00f6jningar eller hinder. Efter installationen, testa systemet f\u00f6r korrekt funktion och kontrollera om det finns n\u00e5gra l\u00e4ckor eller avvikelser innan full drift.<\/p>\n<h2>Vanliga underh\u00e5llsuppgifter<\/h2>\n<ul>\n<li><strong>Regelbundna inspektioner:<\/strong> Utf\u00f6r inspektioner f\u00f6r att identifiera slitage och skador. Denna proaktiva \u00e5tg\u00e4rd kan bidra till att f\u00f6rhindra katastrofala fel.<\/li>\n<li><strong>Korrekt sm\u00f6rjning:<\/strong> S\u00e4kerst\u00e4ll att hydrauloljeniv\u00e5erna bibeh\u00e5lls och att sm\u00f6rjning appliceras med regelbundna intervall f\u00f6r att minimera friktion och slitage.<\/li>\n<li><strong>Byte av t\u00e4tning:<\/strong> Kontrollera regelbundet t\u00e4tningarna f\u00f6r slitage och byt ut dem f\u00f6r att f\u00f6rhindra l\u00e4ckage och bibeh\u00e5lla systemets integritet.<\/li>\n<\/ul>\n<h2>S\u00e4kerhetsaspekter och milj\u00f6faktorer<\/h2>\n<p>S\u00e4kerhets\u00e5tg\u00e4rder \u00e4r av st\u00f6rsta vikt vid anv\u00e4ndning av hydraulcylindrar. Operat\u00f6rer b\u00f6r utbildas f\u00f6r att k\u00e4nna igen potentiella faror och f\u00f6lja s\u00e4kerhetsprotokoll under drift och underh\u00e5ll. Detta inkluderar att s\u00e4kerst\u00e4lla att bomcylindern inte \u00f6verbelastas och att alla s\u00e4kerhetsanordningar fungerar. Dessutom b\u00f6r milj\u00f6faktorer som temperaturfluktuationer och exponering f\u00f6r korrosiva \u00e4mnen beaktas vid val av material och konstruktion av cylindrar.<\/p>\n<h2>Fels\u00f6kning av vanliga problem<\/h2>\n<ul>\n<li><strong>L\u00e4ckage:<\/strong> Om en hydraulcylinder l\u00e4cker, kontrollera t\u00e4tningarna f\u00f6r slitage eller skador. Byt ut t\u00e4tningarna vid behov och se till att alla anslutningar \u00e4r \u00e5tdragna.<\/li>\n<li><strong>D\u00e5lig prestanda:<\/strong> Detta kan bero p\u00e5 otillr\u00e4cklig sm\u00f6rjning eller f\u00f6rorening i hydraulv\u00e4tskan. Kontrollera regelbundet v\u00e4tskeniv\u00e5erna och byt ut f\u00f6rorenad v\u00e4tska.<\/li>\n<li><strong>Bullrig drift:<\/strong> Ovanliga ljud kan tyda p\u00e5 inre slitage eller otillr\u00e4cklig sm\u00f6rjning. G\u00f6r en grundlig inspektion f\u00f6r att diagnostisera problemet och vidta korrigerande \u00e5tg\u00e4rder.<\/li>\n<\/ul>\n<h2>Fels\u00f6kningstips<\/h2>\n<p>F\u00f6r att effektivt diagnostisera och fels\u00f6ka problem med hydraulcylindrar \u00e4r det viktigt att f\u00f6lja en systematisk metod. B\u00f6rja med att identifiera symtom och isolera problemomr\u00e5det. Kontrollera v\u00e4tskeniv\u00e5er och t\u00e4tningarnas skick regelbundet f\u00f6r att f\u00f6rhindra l\u00e4ckor och bibeh\u00e5lla prestandan. Implementera f\u00f6rebyggande \u00e5tg\u00e4rder, s\u00e5som rutinm\u00e4ssigt underh\u00e5ll och inspektioner, f\u00f6r att minimera risken f\u00f6r potentiella problem.<\/p>\n<p><img decoding=\"async\" src=\"https:\/\/www.hydraulic-cylinders.net\/wp-content\/uploads\/2025\/04\/songte-bushings-with-all-kinds-of-excavator-models.webp\" alt=\"Gr\u00e4vmaskinsbussningar\"><\/p>\n<h2>F\u00f6retags\u00f6versikt<\/h2>\n<p>Vi \u00e4r en ledande tillverkare och grossistdistribut\u00f6r av hydraulcylindrar f\u00f6r reservdelar och erbjuder ett brett utbud av produkter f\u00f6r att m\u00f6ta b\u00e5de inhemska och internationella marknadskrav. V\u00e5rt engagemang f\u00f6r excellens syns tydligt i v\u00e5ra f\u00f6rfinade tillverkningsstrategier och h\u00f6gkvalitativa produktionsledning. Genom att utnyttja skickliga tekniker och digital tillverkningsutrustning f\u00f6rb\u00e4ttrar vi kontinuerligt v\u00e5r produktionskapacitet f\u00f6r att m\u00f6ta olika kunders behov med h\u00f6g effektivitet, precision och kvalitet.<\/p>\n<p>V\u00e5rt professionella tillv\u00e4gag\u00e5ngss\u00e4tt inkluderar internationella certifieringar, kundanpassade tj\u00e4nster, avancerad produktionsutrustning och omfattande eftermarknadssupport, vilket s\u00e4kerst\u00e4ller att v\u00e5ra kunder f\u00e5r de b\u00e4sta produkterna och tj\u00e4nsterna i branschen.<\/p>\n<p><img decoding=\"async\" src=\"https:\/\/www.hydraulic-cylinders.net\/wp-content\/uploads\/2025\/04\/songte-company-4.webp\" alt=\"F\u00f6retags\u00f6versikt\"><br \/>\n<img decoding=\"async\" src=\"https:\/\/www.hydraulic-cylinders.net\/wp-content\/uploads\/2025\/04\/songte-company-3.webp\" alt=\"Tillverkningsutrustning\"><\/p>\n<p>F\u00f6rfattare: lyl<\/p>","protected":false},"excerpt":{"rendered":"<p>Boom Cylinder For Caterpillar Small Excavator E306EZ Product Overview The Boom Cylinder for Caterpillar Small Excavator E306EZ is a critical component in hydraulic systems, specifically designed to control the movement of the boom in various heavy machinery. These cylinders enable the boom of an excavator to raise, lower, and tilt, facilitating efficient material handling tasks. [&hellip;]<\/p>","protected":false},"featured_media":17868,"comment_status":"open","ping_status":"closed","template":"","meta":{"_et_pb_use_builder":"","_et_pb_old_content":"","_et_gb_content_width":""},"product_brand":[],"product_cat":[1546],"product_tag":[1547,1496],"class_list":{"0":"post-18926","1":"product","2":"type-product","3":"status-publish","4":"has-post-thumbnail","6":"product_cat-boom-cylinders","7":"product_tag-boom-cylinders","8":"product_tag-hydraulic-cylinders","10":"first","11":"instock","12":"shipping-taxable","13":"product-type-simple"},"amp_enabled":true,"_links":{"self":[{"href":"https:\/\/www.hydraulic-cylinders.net\/sv\/wp-json\/wp\/v2\/product\/18926","targetHints":{"allow":["GET"]}}],"collection":[{"href":"https:\/\/www.hydraulic-cylinders.net\/sv\/wp-json\/wp\/v2\/product"}],"about":[{"href":"https:\/\/www.hydraulic-cylinders.net\/sv\/wp-json\/wp\/v2\/types\/product"}],"replies":[{"embeddable":true,"href":"https:\/\/www.hydraulic-cylinders.net\/sv\/wp-json\/wp\/v2\/comments?post=18926"}],"wp:featuredmedia":[{"embeddable":true,"href":"https:\/\/www.hydraulic-cylinders.net\/sv\/wp-json\/wp\/v2\/media\/17868"}],"wp:attachment":[{"href":"https:\/\/www.hydraulic-cylinders.net\/sv\/wp-json\/wp\/v2\/media?parent=18926"}],"wp:term":[{"taxonomy":"product_brand","embeddable":true,"href":"https:\/\/www.hydraulic-cylinders.net\/sv\/wp-json\/wp\/v2\/product_brand?post=18926"},{"taxonomy":"product_cat","embeddable":true,"href":"https:\/\/www.hydraulic-cylinders.net\/sv\/wp-json\/wp\/v2\/product_cat?post=18926"},{"taxonomy":"product_tag","embeddable":true,"href":"https:\/\/www.hydraulic-cylinders.net\/sv\/wp-json\/wp\/v2\/product_tag?post=18926"}],"curies":[{"name":"wp","href":"https:\/\/api.w.org\/{rel}","templated":true}]}}