{"id":18930,"date":"2025-04-07T06:02:45","date_gmt":"2025-04-07T06:02:45","guid":{"rendered":"https:\/\/www.hydraulic-cylinders.net\/product\/boom-cylinder-for-caterpillar-small-excavator-e120-120b\/"},"modified":"2025-04-07T06:02:47","modified_gmt":"2025-04-07T06:02:47","slug":"boom-cylinder-for-caterpillar-small-excavator-e120-120b","status":"publish","type":"product","link":"https:\/\/www.hydraulic-cylinders.net\/sv\/produkt\/boom-cylinder-for-caterpillar-small-excavator-e120-120b\/","title":{"rendered":"Bomcylinder f\u00f6r Caterpillar liten gr\u00e4vmaskin E120\/120B"},"content":{"rendered":"<h1>Bomcylinder f\u00f6r Caterpillar liten gr\u00e4vmaskin E120\/120B<\/h1>\n<h2>\u00d6versikt \u00f6ver bomcylinder<\/h2>\n<p>Bomcylindern \u00e4r en avg\u00f6rande komponent i hydraulsystemet i tunga maskiner, s\u00e4rskilt i gr\u00e4vmaskiner som Caterpillar E120\/120B. Denna hydraulcylinder \u00e4r specifikt utformad f\u00f6r att styra skopans r\u00f6relse, vilket g\u00f6r att den kan lyftas, s\u00e4nkas och lutas, vilket g\u00f6r den oumb\u00e4rlig f\u00f6r materialhanteringsuppgifter. Skopcylindern fungerar som drivkraften bakom gr\u00e4vning, lastning och transport av olika material, vilket \u00f6kar effektiviteten och produktiviteten i bygg- och gr\u00e4vprojekt.<\/p>\n<p><img decoding=\"async\" src=\"https:\/\/www.hydraulic-cylinders.net\/wp-content\/uploads\/2025\/04\/songte-company-1.webp\" alt=\"Bomcylinder f\u00f6r gr\u00e4vmaskin\" \/><\/p>\n<h3>Viktiga funktioner hos bomcylindern<\/h3>\n<ul>\n<li><strong>H\u00f6g styrka och h\u00e5llbarhet:<\/strong> Bomcylindern \u00e4r tillverkad av h\u00f6gh\u00e5llfast st\u00e5l eller aluminium och t\u00e5l h\u00f6ga tryck och tunga belastningar, vilket g\u00f6r den l\u00e4mplig f\u00f6r tuffa arbetsmilj\u00f6er.<\/li>\n<li><strong>Effektiv hydraulisk drift:<\/strong> Genom att anv\u00e4nda hydrauloljetrycket erbjuder cylindern smidig ut- och indragning, reagerar snabbt p\u00e5 man\u00f6verkommandon och ger starka tryck- och dragkrafter.<\/li>\n<li><strong>Olika typer:<\/strong> Finns i enkelverkande (i en riktning) eller dubbelverkande (i b\u00e5da riktningarna) utf\u00f6randen, vissa modeller har en teleskopisk design f\u00f6r st\u00f6rre utbyggnad utan att \u00f6ka de yttersta m\u00e5tten, idealiskt f\u00f6r tr\u00e5nga utrymmen.<\/li>\n<\/ul>\n<h2>Anv\u00e4ndningsomr\u00e5den f\u00f6r bomcylindern<\/h2>\n<h3>Byggutrustning<\/h3>\n<p>Inom anl\u00e4ggningsmaskiner \u00e4r bomcylindrar integrerade i gr\u00e4vmaskiner, vilket g\u00f6r att de kan utf\u00f6ra viktiga funktioner som att gr\u00e4va, lasta och flytta jord eller skr\u00e4p. Denna hydrauliska komponent g\u00f6r att skopan kan tr\u00e4nga ner i marken effektivt, vilket f\u00f6rb\u00e4ttrar gr\u00e4vmaskinens driftskapacitet.<\/p>\n<h3>Jordbruksmaskiner<\/h3>\n<p>I jordbruksmaskiner anv\u00e4nds bomcylindrar i frontlastare, vilket underl\u00e4ttar processerna f\u00f6r att skopa, lyfta och transportera material som jord, h\u00f6 och andra varor. Deras p\u00e5litliga hydrauliska prestanda g\u00f6r dem oumb\u00e4rliga f\u00f6r olika jordbruksuppgifter.<\/p>\n<h3>Gr\u00e4vmaskiner<\/h3>\n<p>I gr\u00e4vmaskiner spelar bomcylindern en avg\u00f6rande roll genom att l\u00e5ta skopan tr\u00e4nga ner i jorden, vilket \u00e4r grundl\u00e4ggande f\u00f6r gr\u00e4varbeten. Effektiviteten hos denna hydrauliska komponent p\u00e5verkar direkt hastigheten och effektiviteten vid jordhanteringsoperationer.<\/p>\n<h3>Lastare<\/h3>\n<p>Hos frontlastare hj\u00e4lper bomcylindrar till att lyfta och dumpa laster effektivt. Deras robusta design och tillf\u00f6rlitliga hydrauliska funktion g\u00f6r dem viktiga f\u00f6r att hantera stora volymer material snabbt och effektivt, vilket bidrar till snabbare projektslutf\u00f6rande.<\/p>\n<h2>Design\u00f6verv\u00e4ganden och urvalskriterier<\/h2>\n<h3>Lastkapacitet<\/h3>\n<p>Lastkapaciteten \u00e4r en viktig faktor vid val av bomcylinder. Den m\u00e5ste kunna hantera den maximala vikt som gr\u00e4vmaskinen kan lyfta utan att kompromissa med s\u00e4kerhet eller prestanda. Ingenj\u00f6rer m\u00e5ste analysera driftskraven och v\u00e4lja cylindrar med tillr\u00e4cklig styrka.<\/p>\n<h3>T\u00e4tningsprestanda<\/h3>\n<p>T\u00e4tningsprestanda \u00e4r avg\u00f6rande f\u00f6r att s\u00e4kerst\u00e4lla att hydraulolja inte l\u00e4cker under tryck. H\u00f6gkvalitativa t\u00e4tningar \u00e4r n\u00f6dv\u00e4ndiga f\u00f6r att bibeh\u00e5lla systemets integritet och effektivitet, f\u00f6rhindra kontaminering och s\u00e4kerst\u00e4lla smidig drift \u00f6ver tid.<\/p>\n<h3>Varaktighet<\/h3>\n<p>H\u00e5llbarhet \u00e4r avg\u00f6rande f\u00f6r bomcylindrar p\u00e5 grund av deras exponering f\u00f6r tuffa f\u00f6rh\u00e5llanden. Materialen som anv\u00e4nds i deras konstruktion m\u00e5ste motst\u00e5 slitage och korrosion, vilket s\u00e4kerst\u00e4ller l\u00e5ngvarig prestanda och minimerar underh\u00e5llsbehovet.<\/p>\n<h3>S\u00e4kerhetsstandarder<\/h3>\n<p>S\u00e4kerhet \u00e4r av yttersta vikt i hydrauliska system. Bomcylindrar m\u00e5ste uppfylla rigor\u00f6sa s\u00e4kerhetsstandarder f\u00f6r att skydda operat\u00f6rer och maskiner fr\u00e5n potentiella fel. Regelbundna inspektioner och efterlevnad av s\u00e4kerhetsprotokoll \u00e4r avg\u00f6rande f\u00f6r att uppr\u00e4tth\u00e5lla driftss\u00e4kerheten.<\/p>\n<h3>Anv\u00e4ndbarhet<\/h3>\n<p>Servicev\u00e4nlighet avser hur l\u00e4tt en bomcylinder kan underh\u00e5llas eller repareras. Konstruktioner som m\u00f6jligg\u00f6r enkel \u00e5tkomst till komponenter underl\u00e4ttar rutinunderh\u00e5ll, vilket minskar stillest\u00e5ndstiden och f\u00f6rl\u00e4nger hydraulsystemets livsl\u00e4ngd.<\/p>\n<p><img decoding=\"async\" src=\"https:\/\/www.hydraulic-cylinders.net\/wp-content\/uploads\/2025\/04\/songte-oil-pipes-and-spare-parts.webp\" alt=\"Hydrauliska cylinderkomponenter\" \/><\/p>\n<h2>T\u00e4tning och sm\u00f6rjning<\/h2>\n<p>Effektiv t\u00e4tning och sm\u00f6rjning \u00e4r avg\u00f6rande f\u00f6r smidig drift av hydraulcylindrar. Olika t\u00e4tningskomponenter, s\u00e5som kolvt\u00e4tningar och kolvst\u00e5ngst\u00e4tningar, \u00e4r avg\u00f6rande f\u00f6r att f\u00f6rhindra l\u00e4ckage. Dessa t\u00e4tningar \u00e4r vanligtvis tillverkade av slitstarka material som polyuretan och nitrilgummi f\u00f6r att motst\u00e5 slitage. Cylinderhuset och de g\u00e4ngade \u00e4ndytorna kr\u00e4ver exakt bearbetning f\u00f6r att f\u00f6rb\u00e4ttra slitstyrkan. Dessutom s\u00e4kerst\u00e4ller regelbunden sm\u00f6rjning med hydraulolja smidig r\u00f6relse och minskar friktionen mellan komponenterna, vilket i slut\u00e4ndan f\u00f6rl\u00e4nger cylinderns livsl\u00e4ngd.<\/p>\n<h2>F\u00f6rebyggande underh\u00e5lls\u00e5tg\u00e4rder<\/h2>\n<ul>\n<li><strong>Regelbundna inspektioner:<\/strong> Genomf\u00f6r noggranna inspektioner f\u00f6r att identifiera tecken p\u00e5 slitage eller skador. Detta inkluderar kontroll av l\u00e4ckor och att s\u00e4kerst\u00e4lla att alla t\u00e4tningar \u00e4r intakta.<\/li>\n<li><strong>Sm\u00f6rjning:<\/strong> S\u00e4kerst\u00e4ll att hydrauloljan har r\u00e4tt niv\u00e5 och att systemet sm\u00f6rjs regelbundet f\u00f6r att f\u00f6rhindra slitage och \u00f6verhettning.<\/li>\n<li><strong>Byte av t\u00e4tning:<\/strong> Byt ut t\u00e4tningar vid behov f\u00f6r att bibeh\u00e5lla optimal prestanda och f\u00f6rhindra l\u00e4ckage. Regelbundna underh\u00e5llskontroller b\u00f6r inkludera denna uppgift.<\/li>\n<\/ul>\n<h2>Installationsriktlinjer<\/h2>\n<p>Korrekt installation av bomcylindern \u00e4r avg\u00f6rande f\u00f6r dess prestanda. B\u00f6rja med att se till att alla komponenter \u00e4r rena och fria fr\u00e5n skr\u00e4p. Rikta in cylindern med monteringspunkterna p\u00e5 gr\u00e4vmaskinen och anv\u00e4nd l\u00e4mpliga monteringsf\u00e4sten f\u00f6r att f\u00e4sta den ordentligt. Det \u00e4r viktigt att f\u00f6lja tillverkarens specifikationer g\u00e4llande momentinst\u00e4llningar och justering f\u00f6r att f\u00f6rhindra feljustering som kan leda till f\u00f6r tidigt slitage. Kontrollera alla hydrauliska anslutningar f\u00f6r \u00e5tdragning och se till att hydrauloljan \u00e4r fylld till r\u00e4tt niv\u00e5 innan maskinen anv\u00e4nds. Slutligen, utf\u00f6r en testk\u00f6rning f\u00f6r att bekr\u00e4fta att cylindern fungerar smidigt utan l\u00e4ckor eller problem.<\/p>\n<h2>Vanliga underh\u00e5llsuppgifter<\/h2>\n<ul>\n<li><strong>Regelbundna inspektioner:<\/strong> Det \u00e4r viktigt att regelbundet inspektera bomcylindern f\u00f6r att uppt\u00e4cka tecken p\u00e5 slitage eller skador. Leta efter l\u00e4ckor och se till att t\u00e4tningarna fungerar korrekt. Denna uppgift \u00e4r avg\u00f6rande f\u00f6r att f\u00f6rhindra att allvarligare problem uppst\u00e5r.<\/li>\n<li><strong>Korrekt sm\u00f6rjning:<\/strong> S\u00e4kerst\u00e4ll tillr\u00e4cklig sm\u00f6rjning genom att kontrollera hydrauloljeniv\u00e5n och fylla p\u00e5 olja vid behov. Korrekt sm\u00f6rjning minskar friktion och slitage, vilket \u00f6kar livsl\u00e4ngden p\u00e5 hydraulkomponenterna.<\/li>\n<li><strong>Byte av t\u00e4tning:<\/strong> Byt regelbundet ut slitna eller skadade t\u00e4tningar f\u00f6r att bibeh\u00e5lla cylinderns integritet. Med tiden kan t\u00e4tningarna f\u00f6rs\u00e4mras, vilket leder till l\u00e4ckor som f\u00f6rs\u00e4mrar prestandan.<\/li>\n<\/ul>\n<p><img decoding=\"async\" src=\"https:\/\/www.hydraulic-cylinders.net\/wp-content\/uploads\/2025\/04\/songte-chushion-collar.webp\" alt=\"Installation av hydraulcylinder\" \/><\/p>\n<h2>S\u00e4kerhetsaspekter och milj\u00f6faktorer<\/h2>\n<p>Vid anv\u00e4ndning av bomcylindrar \u00e4r det avg\u00f6rande att f\u00f6lja s\u00e4kerhets\u00e5tg\u00e4rder f\u00f6r att skydda b\u00e5de operat\u00f6rer och milj\u00f6n. Korrekt utbildning i driftsprocedurer och s\u00e4kerhetsprotokoll minimerar riskerna i samband med hydrauliska system. Dessutom bidrar regelbundet underh\u00e5ll av utrustningen till att f\u00f6rhindra l\u00e4ckor som kan skada milj\u00f6n. Genom att implementera spillinneh\u00e5llnings\u00e5tg\u00e4rder under underh\u00e5ll kan man ytterligare skydda mot potentiell milj\u00f6p\u00e5verkan.<\/p>\n<h2>Feldiagnos och vanliga problem<\/h2>\n<ul>\n<li><strong>L\u00e4ckage:<\/strong> Ett av de vanligaste problemen \u00e4r l\u00e4ckage av hydraulv\u00e4tska, ofta orsakat av slitna t\u00e4tningar eller skadade anslutningar. Regelbundna kontroller kan hj\u00e4lpa till att identifiera och \u00e5tg\u00e4rda l\u00e4ckor snabbt.<\/li>\n<li><strong>D\u00e5lig prestanda:<\/strong> Om cylindern inte f\u00f6rl\u00e4ngs eller dras in smidigt kan det tyda p\u00e5 l\u00e5ga hydraulv\u00e4tskeniv\u00e5er eller att luft \u00e4r inst\u00e4ngd i systemet, vilket kr\u00e4ver luftning f\u00f6r att \u00e5terst\u00e4lla korrekt funktion.<\/li>\n<li><strong>\u00d6verhettning:<\/strong> \u00d6verhettning kan uppst\u00e5 p\u00e5 grund av f\u00f6r h\u00f6g arbetsbelastning eller otillr\u00e4cklig sm\u00f6rjning, vilket kr\u00e4ver en \u00f6versyn av driftsf\u00f6rh\u00e5llanden och sm\u00f6rjrutiner.<\/li>\n<\/ul>\n<p>F\u00f6r att fels\u00f6ka dessa problem effektivt b\u00f6r operat\u00f6rer utf\u00f6ra regelbundna underh\u00e5llskontroller, f\u00f6ra logg \u00f6ver prestandam\u00e5tt och omedelbart \u00e5tg\u00e4rda eventuella avvikelser f\u00f6r att f\u00f6rhindra att mer allvarliga problem uppst\u00e5r.<\/p>\n<p><img decoding=\"async\" src=\"https:\/\/www.hydraulic-cylinders.net\/wp-content\/uploads\/2025\/04\/songte-bushings-with-all-kinds-of-excavator-models.webp\" alt=\"Hydrauliska cylinderdelar\" \/><\/p>\n<h2>F\u00f6retags\u00f6versikt<\/h2>\n<p>Vi \u00e4r en ledande tillverkare av hydraulcylindrar och specialiserar oss p\u00e5 att producera h\u00f6gkvalitativa ers\u00e4ttningsalternativ f\u00f6r en m\u00e4ngd olika till\u00e4mpningar. V\u00e5rt omfattande produktsortiment och engagemang f\u00f6r excellens har gjort oss till en av de fr\u00e4msta tillverkarna och grossisterna av hydraulcylindrar p\u00e5 b\u00e5de inhemska och internationella marknader. Vi f\u00f6ljer en strategi f\u00f6r exakt tillverkningsstyrning, d\u00e4r vi anv\u00e4nder avancerad teknik, skickliga yrkesm\u00e4n och digital h\u00f6gkvalitativ tillverkningsutrustning f\u00f6r att f\u00f6rb\u00e4ttra v\u00e5r produktionskapacitet.<\/p>\n<p>V\u00e5rt fokus p\u00e5 kvalitetskontroll \u00e4r tydligt i v\u00e5ra sofistikerade testsystem, som s\u00e4kerst\u00e4ller att varje produkt uppfyller str\u00e4nga standarder. Med ett engagemang f\u00f6r effektivitet, precision och h\u00f6gkvalitativa principer str\u00e4var vi efter att m\u00f6ta v\u00e5ra kunders olika behov genom skr\u00e4ddarsydda tj\u00e4nster, professionell support och omfattande eftermarknadsservice.<\/p>\n<p><img decoding=\"async\" src=\"https:\/\/www.hydraulic-cylinders.net\/wp-content\/uploads\/2025\/04\/songte-company-4.webp\" alt=\"V\u00e5rt f\u00f6retag\" \/><br \/>\n<img decoding=\"async\" src=\"https:\/\/www.hydraulic-cylinders.net\/wp-content\/uploads\/2025\/04\/songte-company-3.webp\" alt=\"V\u00e5ra anl\u00e4ggningar\" \/><\/p>\n<p>F\u00f6rfattare: lyl<\/p>","protected":false},"excerpt":{"rendered":"<p>Boom Cylinder For Caterpillar Small Excavator E120\/120B Overview of Boom Cylinder The Boom Cylinder is a crucial component in the hydraulic system of heavy machinery, particularly in excavators like the Caterpillar E120\/120B. This hydraulic cylinder is specifically designed to control the movement of the bucket, allowing it to lift, lower, and tilt, making it essential [&hellip;]<\/p>","protected":false},"featured_media":17872,"comment_status":"open","ping_status":"closed","template":"","meta":{"_et_pb_use_builder":"","_et_pb_old_content":"","_et_gb_content_width":""},"product_brand":[],"product_cat":[1546],"product_tag":[1547,1496],"class_list":{"0":"post-18930","1":"product","2":"type-product","3":"status-publish","4":"has-post-thumbnail","6":"product_cat-boom-cylinders","7":"product_tag-boom-cylinders","8":"product_tag-hydraulic-cylinders","10":"first","11":"instock","12":"shipping-taxable","13":"product-type-simple"},"amp_enabled":true,"_links":{"self":[{"href":"https:\/\/www.hydraulic-cylinders.net\/sv\/wp-json\/wp\/v2\/product\/18930","targetHints":{"allow":["GET"]}}],"collection":[{"href":"https:\/\/www.hydraulic-cylinders.net\/sv\/wp-json\/wp\/v2\/product"}],"about":[{"href":"https:\/\/www.hydraulic-cylinders.net\/sv\/wp-json\/wp\/v2\/types\/product"}],"replies":[{"embeddable":true,"href":"https:\/\/www.hydraulic-cylinders.net\/sv\/wp-json\/wp\/v2\/comments?post=18930"}],"wp:featuredmedia":[{"embeddable":true,"href":"https:\/\/www.hydraulic-cylinders.net\/sv\/wp-json\/wp\/v2\/media\/17872"}],"wp:attachment":[{"href":"https:\/\/www.hydraulic-cylinders.net\/sv\/wp-json\/wp\/v2\/media?parent=18930"}],"wp:term":[{"taxonomy":"product_brand","embeddable":true,"href":"https:\/\/www.hydraulic-cylinders.net\/sv\/wp-json\/wp\/v2\/product_brand?post=18930"},{"taxonomy":"product_cat","embeddable":true,"href":"https:\/\/www.hydraulic-cylinders.net\/sv\/wp-json\/wp\/v2\/product_cat?post=18930"},{"taxonomy":"product_tag","embeddable":true,"href":"https:\/\/www.hydraulic-cylinders.net\/sv\/wp-json\/wp\/v2\/product_tag?post=18930"}],"curies":[{"name":"wp","href":"https:\/\/api.w.org\/{rel}","templated":true}]}}