{"id":18931,"date":"2025-04-07T06:02:47","date_gmt":"2025-04-07T06:02:47","guid":{"rendered":"https:\/\/www.hydraulic-cylinders.net\/product\/boom-cylinder-for-caterpillar-small-excavator-e300-9d301-7d\/"},"modified":"2025-04-07T06:02:50","modified_gmt":"2025-04-07T06:02:50","slug":"boom-cylinder-for-caterpillar-small-excavator-e300-9d301-7d","status":"publish","type":"product","link":"https:\/\/www.hydraulic-cylinders.net\/sv\/produkt\/boom-cylinder-for-caterpillar-small-excavator-e300-9d301-7d\/","title":{"rendered":"Bomcylinder f\u00f6r Caterpillar liten gr\u00e4vmaskin E300.9D301.7D"},"content":{"rendered":"<h1>Bomcylinder f\u00f6r Caterpillar liten gr\u00e4vmaskin E300.9D301.7D<\/h1>\n<h2>Produkt\u00f6versikt<\/h2>\n<p>De <strong>Bomcylinder<\/strong> \u00e4r en viktig hydraulisk komponent som anv\u00e4nds i olika tunga maskiner, s\u00e4rskilt i gr\u00e4vmaskiner som Caterpillar E300.9D301.7D. Den \u00e4r fr\u00e4mst utformad f\u00f6r att styra skopans r\u00f6relse, vilket m\u00f6jligg\u00f6r effektiva lyft-, s\u00e4nk- och lutnings\u00e5tg\u00e4rder. Bomcylindern spelar en avg\u00f6rande roll i hydraulsystem genom att m\u00f6jligg\u00f6ra exakta och kraftfulla operationer, vilket g\u00f6r den oumb\u00e4rlig f\u00f6r materialhanteringsuppgifter. Denna hydraulcylinder \u00e4r konstruerad f\u00f6r att klara kraven i kr\u00e4vande milj\u00f6er, vilket f\u00f6rb\u00e4ttrar prestanda och h\u00e5llbarhet.<\/p>\n<p><img decoding=\"async\" src=\"https:\/\/www.hydraulic-cylinders.net\/wp-content\/uploads\/2025\/04\/songte-company-1.webp\" alt=\"Bomcylinder\"><\/p>\n<h3>Definition och funktion<\/h3>\n<p>En skopcylinder \u00e4r en typ av hydraulcylinder som \u00e4r speciellt utformad f\u00f6r att underl\u00e4tta f\u00f6rflyttningen av gr\u00e4vmaskinens skopor. Den prim\u00e4ra funktionen hos denna hydrauliska komponent \u00e4r att ge den n\u00f6dv\u00e4ndiga kraften f\u00f6r att lyfta och hantera tunga material effektivt. Den g\u00f6r att skopan kan utf\u00f6ra uppgifter som gr\u00e4vning, skopning och dumpning, vilket \u00e4r avg\u00f6rande vid bygg- och schaktningsarbeten. Genom att omvandla hydraultryck till mekanisk kraft s\u00e4kerst\u00e4ller bomcylindern att gr\u00e4vmaskinen arbetar smidigt och effektivt, vilket maximerar produktiviteten p\u00e5 arbetsplatsen.<\/p>\n<h2>Viktiga funktioner<\/h2>\n<ul>\n<li><strong>H\u00f6g styrka och h\u00e5llbarhet:<\/strong> Tillverkad av h\u00f6gh\u00e5llfast st\u00e5l eller aluminium, t\u00e5l h\u00f6gt tryck och tunga belastningar, konstruerad f\u00f6r att motst\u00e5 slitage och korrosion, vilket f\u00f6rl\u00e4nger livsl\u00e4ngden.<\/li>\n<li><strong>Effektiv hydraulisk drift:<\/strong> Anv\u00e4nder hydrauloljetryck f\u00f6r smidig ut- och indragning, vilket m\u00f6jligg\u00f6r snabb respons p\u00e5 man\u00f6verkommandon och ger stark tryck- och dragkraft, idealisk f\u00f6r hantering av tunga laster.<\/li>\n<li><strong>Olika typer:<\/strong> Finns i enkelverkande (arbetar i en riktning) eller dubbelverkande (arbetar i b\u00e5da riktningarna) konfigurationer, l\u00e4mpliga f\u00f6r olika driftskrav, med vissa modeller med teleskopisk design f\u00f6r f\u00f6rb\u00e4ttrad utbyggnad i kompakta utrymmen.<\/li>\n<\/ul>\n<h2>Produktionskapacitet<\/h2>\n<p>V\u00e5rt f\u00f6retag specialiserar sig p\u00e5 produktion av h\u00f6gkvalitativa bomcylindrar som perfekt ers\u00e4tter befintliga hydraulcylindrar i olika till\u00e4mpningar. V\u00e5rt engagemang f\u00f6r kvalitet s\u00e4kerst\u00e4ller att v\u00e5ra produkter uppfyller och \u00f6vertr\u00e4ffar branschstandarder.<\/p>\n<p><img decoding=\"async\" src=\"https:\/\/www.hydraulic-cylinders.net\/wp-content\/uploads\/2025\/04\/songte-cylinder-head-with-all-kinds-excavator-models.webp\" alt=\"Gr\u00e4vmaskinsmodeller\"><\/p>\n<h2>Applikationsscenarier<\/h2>\n<h3>Byggutrustning<\/h3>\n<p>I gr\u00e4vmaskiner \u00e4r bomcylindrar avg\u00f6rande f\u00f6r gr\u00e4vning, lastning och f\u00f6rflyttning av jord eller skr\u00e4p. Det hydrauliska systemet m\u00f6jligg\u00f6r exakt kontroll \u00f6ver skopans r\u00f6relse, vilket g\u00f6r det m\u00f6jligt f\u00f6r f\u00f6rare att uppn\u00e5 exakta gr\u00e4vdjup och effektiv materialhantering. Denna f\u00f6rm\u00e5ga \u00e4r avg\u00f6rande inom byggbranschen, d\u00e4r effektivitet och precision kan p\u00e5verka projektets tidslinjer och resultat avsev\u00e4rt.<\/p>\n<h3>Jordbruksmaskiner<\/h3>\n<p>Bomcylindrar, som anv\u00e4nds i frontlastare, \u00e4r viktiga f\u00f6r att skopa, lyfta och transportera jord, h\u00f6 och andra material. De f\u00f6rb\u00e4ttrar jordbruksutrustningens driftseffektivitet, vilket g\u00f6r det enklare f\u00f6r lantbrukare att hantera sina dagliga uppgifter och f\u00f6rb\u00e4ttrar produktiviteten p\u00e5 g\u00e5rden.<\/p>\n<h3>Gr\u00e4vmaskiner<\/h3>\n<p>I gr\u00e4vmaskiner underl\u00e4ttar skopcylindrar gr\u00e4vr\u00f6relsen genom att l\u00e5ta skopan penetrera jorden effektivt. Den genererade hydrauliska kraften g\u00f6r det m\u00f6jligt f\u00f6r f\u00f6raren att ut\u00f6va tillr\u00e4cklig kraft f\u00f6r att ta sig igenom tuffa markf\u00f6rh\u00e5llanden, vilket g\u00f6r gr\u00e4vmaskiner oumb\u00e4rliga vid olika gr\u00e4vuppgifter.<\/p>\n<h3>Lastare<\/h3>\n<p>I frontlastare hj\u00e4lper bomcylindrar till att lyfta och dumpa laster effektivt. Denna funktion \u00e4r avg\u00f6rande f\u00f6r uppgifter som att lasta material p\u00e5 lastbilar eller flytta material fr\u00e5n en plats till en annan, vilket f\u00f6rb\u00e4ttrar den totala effektiviteten vid lastningsoperationer.<\/p>\n<h2>Design\u00f6verv\u00e4ganden och urvalskriterier<\/h2>\n<h3>Lastkapacitet<\/h3>\n<p>N\u00e4r man v\u00e4ljer en bomcylinder \u00e4r lastkapaciteten en grundl\u00e4ggande faktor. Cylindern m\u00e5ste kunna hantera de maximala belastningarna som f\u00f6rv\u00e4ntas under drift utan att kompromissa med s\u00e4kerhet eller funktionalitet. En v\u00e4lkonstruerad cylinder s\u00e4kerst\u00e4ller stabilitet och f\u00f6rhindrar mekaniska fel under kr\u00e4vande arbetsf\u00f6rh\u00e5llanden.<\/p>\n<h3>T\u00e4tningsintegritet<\/h3>\n<p>T\u00e4tning spelar en avg\u00f6rande roll f\u00f6r hydraulcylindrars prestanda och livsl\u00e4ngd. Effektiva t\u00e4tningar f\u00f6rhindrar l\u00e4ckage av hydraulv\u00e4tska, vilket kan leda till minskad effektivitet och potentiella systemfel. Att v\u00e4lja h\u00f6gkvalitativa t\u00e4tningar och s\u00e4kerst\u00e4lla korrekt installation \u00e4r avg\u00f6rande f\u00f6r att bibeh\u00e5lla hydraulsystemets integritet.<\/p>\n<h3>Varaktighet<\/h3>\n<p>En h\u00e5llbar design \u00e4r avg\u00f6rande f\u00f6r bomcylindrar som arbetar i tuffa milj\u00f6er. Faktorer som materialval, ytbehandlingar och skyddande bel\u00e4ggningar bidrar till cylinderns f\u00f6rm\u00e5ga att motst\u00e5 slitage, korrosion och andra former av skador \u00f6ver tid, vilket s\u00e4kerst\u00e4ller tillf\u00f6rlitlig prestanda \u00e4ven under kr\u00e4vande f\u00f6rh\u00e5llanden.<\/p>\n<h3>S\u00e4kerhetsfunktioner<\/h3>\n<p>Att integrera s\u00e4kerhetsfunktioner i konstruktionen av bomcylindrar \u00e4r avg\u00f6rande f\u00f6r att skydda f\u00f6rare och maskiner. Detta inkluderar tryckavlastningsventiler, \u00f6verbelastningsskydd och s\u00e4kerhetssp\u00e4rrar. Dessa funktioner hj\u00e4lper till att f\u00f6rhindra olyckor och mekaniska fel, vilket s\u00e4kerst\u00e4ller s\u00e4ker drift i olika till\u00e4mpningar.<\/p>\n<h3>Underh\u00e5ll och reparationsm\u00f6jligheter<\/h3>\n<p>Designaspekter b\u00f6r ocks\u00e5 prioritera enkelt underh\u00e5ll. En cylinder som m\u00f6jligg\u00f6r enkel inspektion, service och utbyte av delar minskar stillest\u00e5ndstid och underh\u00e5llskostnader. Funktioner som tillg\u00e4ngliga t\u00e4tningar och utbytbara komponenter kan avsev\u00e4rt f\u00f6rb\u00e4ttra den totala tillf\u00f6rlitligheten och livsl\u00e4ngden f\u00f6r hydraulcylindern.<\/p>\n<p><img decoding=\"async\" src=\"https:\/\/www.hydraulic-cylinders.net\/wp-content\/uploads\/2025\/04\/songte-oil-pipes-and-spare-parts.webp\" alt=\"Oljer\u00f6r och reservdelar\"><\/p>\n<h2>T\u00e4tning och sm\u00f6rjning<\/h2>\n<p>T\u00e4tning och sm\u00f6rjning av bomcylindrar \u00e4r avg\u00f6rande f\u00f6r deras prestanda och livsl\u00e4ngd. Olika t\u00e4tningar, s\u00e5som kolvt\u00e4tningar och st\u00e5ngt\u00e4tningar, anv\u00e4nds f\u00f6r att f\u00f6rhindra l\u00e4ckage av hydraulv\u00e4tska och bibeh\u00e5lla trycket. T\u00e4tningar tillverkade av slitstarka material som polyuretan och nitrilgummi \u00e4r att f\u00f6redra f\u00f6r sin slitstyrka. Dessutom \u00e4r cylinderhuset och de g\u00e4ngade \u00e4ndarna exakt bearbetade f\u00f6r att \u00f6ka h\u00e5llbarheten. Regelbunden sm\u00f6rjning med hydraulolja \u00e4r n\u00f6dv\u00e4ndig f\u00f6r att s\u00e4kerst\u00e4lla smidig drift och f\u00f6rhindra slitage.<\/p>\n<h2>F\u00f6rebyggande underh\u00e5lls\u00e5tg\u00e4rder<\/h2>\n<ul>\n<li><strong>Regelbundna inspektioner:<\/strong> Kontrollera regelbundet om det finns tecken p\u00e5 slitage, l\u00e4ckor eller skador f\u00f6r att s\u00e4kerst\u00e4lla att hydraulsystemet fungerar optimalt.<\/li>\n<li><strong>L\u00e4mplig sm\u00f6rjning:<\/strong> S\u00e4kerst\u00e4ll tillr\u00e4cklig sm\u00f6rjning av cylindern och dess komponenter f\u00f6r att minimera friktion och f\u00f6rl\u00e4nga livsl\u00e4ngden.<\/li>\n<li><strong>Byte av t\u00e4tning:<\/strong> Byt regelbundet t\u00e4tningar f\u00f6r att f\u00f6rhindra l\u00e4ckage och bibeh\u00e5lla hydraulisk effektivitet.<\/li>\n<\/ul>\n<h2>Installationsriktlinjer<\/h2>\n<p>Korrekt installation av bomcylindern \u00e4r avg\u00f6rande f\u00f6r optimal prestanda. B\u00f6rja med att se till att alla monteringsytor \u00e4r rena och fria fr\u00e5n skr\u00e4p. Rikta in cylindern noggrant med f\u00e4stpunkterna och anv\u00e4nd l\u00e4mpliga st\u00f6df\u00e4sten f\u00f6r att f\u00e4sta den p\u00e5 plats. Det \u00e4r viktigt att f\u00f6lja tillverkarens specifikationer f\u00f6r momentinst\u00e4llningar och justeringstoleranser. Efter installationen, kontrollera de hydrauliska anslutningarna f\u00f6r l\u00e4ckor och se till att systemet \u00e4r fyllt med r\u00e4tt hydraulv\u00e4tska innan du testar funktionen.<\/p>\n<h2>Underh\u00e5llsuppgifter<\/h2>\n<h3>Regelbundna inspektioner<\/h3>\n<p>Att regelbundet utf\u00f6ra inspektioner av bomcylindern \u00e4r viktigt f\u00f6r att identifiera potentiella problem innan de eskalerar. Detta inkluderar att kontrollera externa l\u00e4ckor, inspektera t\u00e4tningar f\u00f6r slitage och s\u00e4kerst\u00e4lla att cylindern \u00e4r korrekt justerad. Tidig uppt\u00e4ckt av problem kan f\u00f6rhindra kostsamma reparationer och driftstopp.<\/p>\n<h3>Korrekt sm\u00f6rjning<\/h3>\n<p>Regelbunden sm\u00f6rjning av hydraulcylindern \u00e4r avg\u00f6rande f\u00f6r att bibeh\u00e5lla dess funktion. Se till att l\u00e4mplig hydraulolja anv\u00e4nds och att sm\u00f6rjpunkterna \u00e4r l\u00e4tt\u00e5tkomliga. Korrekt sm\u00f6rjning minskar friktion och slitage, vilket f\u00f6rl\u00e4nger cylinderns livsl\u00e4ngd och s\u00e4kerst\u00e4ller smidig drift.<\/p>\n<h3>Byte av t\u00e4tningar och kalibreringar<\/h3>\n<p>Att byta ut slitna eller skadade t\u00e4tningar \u00e4r en kritisk underh\u00e5llsuppgift som inte b\u00f6r f\u00f6rbises. Regelbundet underh\u00e5ll b\u00f6r inkludera kontroll av t\u00e4tningarna och byte av dem vid behov f\u00f6r att f\u00f6rhindra hydraull\u00e4ckor. Dessutom s\u00e4kerst\u00e4ller kalibrering av hydraulsystemet optimal prestanda och s\u00e4kerhet under drift.<\/p>\n<p><img decoding=\"async\" src=\"https:\/\/www.hydraulic-cylinders.net\/wp-content\/uploads\/2025\/04\/songte-chushion-collar.webp\" alt=\"Kuddekrage\"><\/p>\n<h2>S\u00e4kerhetsaspekter och milj\u00f6faktorer<\/h2>\n<p>Vid anv\u00e4ndning av bomcylindrar \u00e4r s\u00e4kerhets\u00e5tg\u00e4rder av st\u00f6rsta vikt. Operat\u00f6rer b\u00f6r utbildas i s\u00e4kra driftsprocedurer, inklusive hur man k\u00e4nner igen och reagerar p\u00e5 potentiella faror. Dessutom b\u00f6r milj\u00f6faktorer som extrema temperaturer och exponering f\u00f6r korrosiva \u00e4mnen beaktas vid design och val av hydraulcylindrar f\u00f6r att s\u00e4kerst\u00e4lla tillf\u00f6rlitlighet.<\/p>\n<h2>Feldiagnos och vanliga problem<\/h2>\n<ul>\n<li><strong>Hydrauliska l\u00e4ckor:<\/strong> Tecken p\u00e5 v\u00e4tskel\u00e4ckage kan tyda p\u00e5 slitna t\u00e4tningar eller skadade komponenter.<\/li>\n<li><strong>Otillr\u00e4cklig prestanda:<\/strong> Om cylindern inte kan dras ut eller in ordentligt kan den beh\u00f6va kontrolleras f\u00f6r hydraulv\u00e4tskeniv\u00e5er eller inre skador.<\/li>\n<li><strong>Buller under drift:<\/strong> Onormala ljud kan tyda p\u00e5 problem i hydraulsystemet, s\u00e5som kavitation eller kontaminering.<\/li>\n<\/ul>\n<h2>Fels\u00f6kningstips<\/h2>\n<p>F\u00f6r att effektivt diagnostisera och l\u00f6sa problem med bomcylindrar, b\u00f6rja med att visuellt inspektera alla hydrauliska anslutningar f\u00f6r l\u00e4ckor. Kontrollera v\u00e4tskeniv\u00e5erna och byt ut slitna komponenter f\u00f6r att f\u00f6rhindra ytterligare skador. Implementera f\u00f6rebyggande \u00e5tg\u00e4rder som regelbundet underh\u00e5ll och inspektioner f\u00f6r att minimera potentiella problem.<\/p>\n<p><img decoding=\"async\" src=\"https:\/\/www.hydraulic-cylinders.net\/wp-content\/uploads\/2025\/04\/songte-bushings-with-all-kinds-of-excavator-models.webp\" alt=\"Bussningar med gr\u00e4vmaskinsmodeller\"><\/p>\n<h2>Om v\u00e5rt f\u00f6retag<\/h2>\n<p>Vi \u00e4r en ledande tillverkare av hydrauliska reservcylindrar och erbjuder ett omfattande sortiment av produkter som m\u00f6ter b\u00e5de inhemska och internationella marknadskrav. V\u00e5rt engagemang f\u00f6r excellens \u00e5terspeglas i v\u00e5ra f\u00f6rfinade tillverkningsprocesser, som st\u00f6ds av skickliga yrkesm\u00e4n, spetsteknologi och rigor\u00f6sa kvalitetskontrollsystem. Vi f\u00f6rb\u00e4ttrar kontinuerligt v\u00e5r produktionskapacitet f\u00f6r att f\u00f6rse v\u00e5ra kunder med h\u00f6geffektiva, precisa och h\u00f6gkvalitativa hydrauliska l\u00f6sningar.<\/p>\n<p><img decoding=\"async\" src=\"https:\/\/www.hydraulic-cylinders.net\/wp-content\/uploads\/2025\/04\/songte-company-4.webp\" alt=\"F\u00f6retagsinredning\"><br \/>\n<img decoding=\"async\" src=\"https:\/\/www.hydraulic-cylinders.net\/wp-content\/uploads\/2025\/04\/songte-company-3.webp\" alt=\"Tillverkningsprocess\"><\/p>\n<h2>Slutsats<\/h2>\n<p>Sammanfattningsvis \u00e4r bomcylindern f\u00f6r Caterpillars lilla gr\u00e4vmaskin E300.9D301.7D en viktig komponent f\u00f6r effektiv hydraulisk drift i tunga maskiner. Att f\u00f6rst\u00e5 dess funktioner, till\u00e4mpningar och underh\u00e5llskrav s\u00e4kerst\u00e4ller optimal prestanda och livsl\u00e4ngd.<\/p>\n<p>F\u00f6rfattare: lyl<\/p>","protected":false},"excerpt":{"rendered":"<p>Boom Cylinder For Caterpillar Small Excavator E300.9D301.7D Product Overview The Boom Cylinder is an essential hydraulic component used in various heavy machinery, particularly in excavators like the Caterpillar E300.9D301.7D. It is primarily designed to control the movement of the bucket, allowing for efficient lifting, lowering, and tilting actions. The boom cylinder plays a crucial role [&hellip;]<\/p>","protected":false},"featured_media":17873,"comment_status":"open","ping_status":"closed","template":"","meta":{"_et_pb_use_builder":"","_et_pb_old_content":"","_et_gb_content_width":""},"product_brand":[],"product_cat":[1546],"product_tag":[1547,1496],"class_list":{"0":"post-18931","1":"product","2":"type-product","3":"status-publish","4":"has-post-thumbnail","6":"product_cat-boom-cylinders","7":"product_tag-boom-cylinders","8":"product_tag-hydraulic-cylinders","10":"first","11":"instock","12":"shipping-taxable","13":"product-type-simple"},"amp_enabled":true,"_links":{"self":[{"href":"https:\/\/www.hydraulic-cylinders.net\/sv\/wp-json\/wp\/v2\/product\/18931","targetHints":{"allow":["GET"]}}],"collection":[{"href":"https:\/\/www.hydraulic-cylinders.net\/sv\/wp-json\/wp\/v2\/product"}],"about":[{"href":"https:\/\/www.hydraulic-cylinders.net\/sv\/wp-json\/wp\/v2\/types\/product"}],"replies":[{"embeddable":true,"href":"https:\/\/www.hydraulic-cylinders.net\/sv\/wp-json\/wp\/v2\/comments?post=18931"}],"wp:featuredmedia":[{"embeddable":true,"href":"https:\/\/www.hydraulic-cylinders.net\/sv\/wp-json\/wp\/v2\/media\/17873"}],"wp:attachment":[{"href":"https:\/\/www.hydraulic-cylinders.net\/sv\/wp-json\/wp\/v2\/media?parent=18931"}],"wp:term":[{"taxonomy":"product_brand","embeddable":true,"href":"https:\/\/www.hydraulic-cylinders.net\/sv\/wp-json\/wp\/v2\/product_brand?post=18931"},{"taxonomy":"product_cat","embeddable":true,"href":"https:\/\/www.hydraulic-cylinders.net\/sv\/wp-json\/wp\/v2\/product_cat?post=18931"},{"taxonomy":"product_tag","embeddable":true,"href":"https:\/\/www.hydraulic-cylinders.net\/sv\/wp-json\/wp\/v2\/product_tag?post=18931"}],"curies":[{"name":"wp","href":"https:\/\/api.w.org\/{rel}","templated":true}]}}