{"id":18934,"date":"2025-04-07T06:02:58","date_gmt":"2025-04-07T06:02:58","guid":{"rendered":"https:\/\/www.hydraulic-cylinders.net\/product\/boom-cylinder-for-caterpillar-small-excavator-e312d\/"},"modified":"2025-04-07T06:03:07","modified_gmt":"2025-04-07T06:03:07","slug":"boom-cylinder-for-caterpillar-small-excavator-e312d","status":"publish","type":"product","link":"https:\/\/www.hydraulic-cylinders.net\/sv\/produkt\/boom-cylinder-for-caterpillar-small-excavator-e312d\/","title":{"rendered":"Bomcylinder f\u00f6r Caterpillar liten gr\u00e4vmaskin E312D"},"content":{"rendered":"<h1>Bomcylinder f\u00f6r Caterpillar liten gr\u00e4vmaskin E312D<\/h1>\n<h2>Produkt\u00f6versikt<\/h2>\n<p>Bomcylindern f\u00f6r Caterpillar Small Excavator E312D \u00e4r en viktig hydraulisk komponent som \u00e4r utformad f\u00f6r att styra r\u00f6relsen hos gr\u00e4vmaskinens bom. Denna hydraulcylinder spelar en avg\u00f6rande roll i hydraulsystemet och g\u00f6r det m\u00f6jligt f\u00f6r bommen att lyfta, s\u00e4nka och luta, vilket underl\u00e4ttar olika materialhanteringsuppgifter. En skopcylinder, eller bomcylinder, \u00e4r speciellt konstruerad f\u00f6r tunga maskiner, vilket g\u00f6r det m\u00f6jligt f\u00f6r f\u00f6rare att effektivt hantera gr\u00e4v- och lyftoperationer.<\/p>\n<p><img decoding=\"async\" src=\"https:\/\/www.hydraulic-cylinders.net\/wp-content\/uploads\/2025\/04\/songte-company-1.webp\" alt=\"Bomcylinder f\u00f6r gr\u00e4vmaskiner\" \/><\/p>\n<h3>Definition och funktionalitet<\/h3>\n<p>Skopcylindrar, som vanligtvis finns i gr\u00e4vmaskiner, gr\u00e4vlastare och frontlastare, \u00e4r hydraulcylindrar som \u00e4r avg\u00f6rande f\u00f6r att styra skopans r\u00f6relse. Dessa cylindrar \u00e4r konstruerade f\u00f6r att motst\u00e5 h\u00f6ga tryck och tunga belastningar, vilket s\u00e4kerst\u00e4ller att de kan fungera effektivt i kr\u00e4vande milj\u00f6er. Bomcylinderns prim\u00e4ra funktion \u00e4r att ge den n\u00f6dv\u00e4ndiga kraften f\u00f6r att lyfta och s\u00e4nka skopan, vilket m\u00f6jligg\u00f6r exakt gr\u00e4vning och materialtransport.<\/p>\n<h2>Funktioner hos bomcylindern<\/h2>\n<ul>\n<li><strong>H\u00f6g styrka och h\u00e5llbarhet:<\/strong> Dessa cylindrar \u00e4r vanligtvis tillverkade av h\u00f6gh\u00e5llfast st\u00e5l eller aluminium och t\u00e5l h\u00f6gt tryck och tunga belastningar, vilket g\u00f6r dem l\u00e4mpliga f\u00f6r tuffa arbetsf\u00f6rh\u00e5llanden.<\/li>\n<li><strong>Effektiv hydraulisk drift:<\/strong> Genom att anv\u00e4nda hydrauloljetryck f\u00f6r smidig ut- och indragning reagerar de snabbt p\u00e5 kontrollkommandon och ger betydande tryck- och dragkraft, idealisk f\u00f6r hantering av tunga material.<\/li>\n<li><strong>Olika typer:<\/strong> Finns i b\u00e5de enkelverkande (i en riktning) och dubbelverkande (i tv\u00e5 riktningar) konfigurationer, med vissa modeller med teleskopisk design f\u00f6r st\u00f6rre r\u00e4ckvidd utan att \u00f6ka den yttre storleken.<\/li>\n<li><strong>Korrosionsbest\u00e4ndighet:<\/strong> Utformad med slitstyrka och korrosionsskyddande egenskaper f\u00f6r att f\u00f6rl\u00e4nga cylinderns livsl\u00e4ngd, vilket s\u00e4kerst\u00e4ller p\u00e5litlig prestanda \u00f6ver tid.<\/li>\n<li><strong>Anpassningsbara alternativ:<\/strong> V\u00e5ra cylindrar kan skr\u00e4ddarsys f\u00f6r att m\u00f6ta specifika driftskrav, vilket s\u00e4kerst\u00e4ller kompatibilitet med olika gr\u00e4vmaskinsmodeller.<\/li>\n<\/ul>\n<h2>Anv\u00e4ndningsomr\u00e5den f\u00f6r bomcylindern<\/h2>\n<h3>Byggutrustning<\/h3>\n<p>I gr\u00e4vmaskiner \u00e4r bomcylindern avg\u00f6rande f\u00f6r gr\u00e4vning, lastning och f\u00f6rflyttning av jord eller skr\u00e4p. Den hydrauliska kraften som genereras av cylindern g\u00f6r att skopan kan tr\u00e4nga ner i marken effektivt, vilket g\u00f6r det l\u00e4ttare att gr\u00e4va \u00e4ven tuffa material. Dessutom, i gr\u00e4vlastare, hj\u00e4lper cylindern till b\u00e5de gr\u00e4varbeten och lyftuppgifter, vilket f\u00f6rb\u00e4ttrar den totala produktiviteten p\u00e5 byggarbetsplatsen.<\/p>\n<h3>Jordbruksmaskiner<\/h3>\n<p>I frontlastare anv\u00e4nds bomcylindern f\u00f6r att skopa, lyfta och transportera jord, h\u00f6 och andra material. Hydraulcylindern m\u00f6jligg\u00f6r effektiv lastning och lossning, vilket \u00e4r avg\u00f6rande i jordbruksmilj\u00f6er d\u00e4r snabb och effektiv materialhantering \u00e4r avg\u00f6rande f\u00f6r g\u00e5rdsdriften.<\/p>\n<h3>Gr\u00e4vmaskinstill\u00e4mpningar<\/h3>\n<p>Skopans cylinder i gr\u00e4vmaskiner underl\u00e4ttar gr\u00e4vningen genom att l\u00e5ta skopan tr\u00e4nga ner i jorden l\u00e4tt. Denna f\u00f6rm\u00e5ga \u00e4r grundl\u00e4ggande vid olika gr\u00e4vuppgifter, oavsett om det g\u00e4ller landskapsarkitektur, gruvdrift eller byggarbeten. Den kraftfulla hydraulmekanismen s\u00e4kerst\u00e4ller att f\u00f6rare kan utf\u00f6ra djupa gr\u00e4vningar med precision och kontroll.<\/p>\n<h3>Lastaroperationer<\/h3>\n<p>Hos frontlastare hj\u00e4lper bomcylindrar till att lyfta och dumpa laster effektivt. Hydraulsystemet m\u00f6jligg\u00f6r smidiga operationer och hj\u00e4lper till att lyfta material till betydande h\u00f6jder och dumpa dem exakt, vilket \u00e4r s\u00e4rskilt viktigt vid bygg- och materialhanteringsuppgifter.<\/p>\n<h2>Design\u00f6verv\u00e4ganden och urvalskriterier<\/h2>\n<h3>Lastkapacitet<\/h3>\n<p>N\u00e4r man v\u00e4ljer en bomcylinder \u00e4r en av de viktigaste faktorerna dess lastkapacitet. Cylindern m\u00e5ste kunna hantera den maximala vikt den uts\u00e4tts f\u00f6r under drift. Denna faktor \u00e4r avg\u00f6rande eftersom den s\u00e4kerst\u00e4ller utrustningens s\u00e4kerhet och effektivitet. Tillverkare specificerar vanligtvis lastklassificeringarna f\u00f6r sina cylindrar, vilket g\u00f6r det m\u00f6jligt f\u00f6r operat\u00f6rer att v\u00e4lja r\u00e4tt utrustning f\u00f6r sina behov.<\/p>\n<h3>T\u00e4tningsmekanismer<\/h3>\n<p>Effektiv t\u00e4tning \u00e4r avg\u00f6rande f\u00f6r att f\u00f6rhindra l\u00e4ckage av hydraulv\u00e4tska och s\u00e4kerst\u00e4lla optimal prestanda. Konstruktionen b\u00f6r inkludera h\u00f6gkvalitativa t\u00e4tningar, s\u00e5som kolvt\u00e4tningar och kolvst\u00e5ngst\u00e4tningar, tillverkade av slitstarka material som polyuretan eller nitrilgummi. Dessa t\u00e4tningar m\u00e5ste t\u00e5la h\u00f6ga tryck och ge motst\u00e5ndskraft mot slitage och n\u00f6tning, vilket \u00f6kar cylinderns livsl\u00e4ngd.<\/p>\n<h3>Varaktighet<\/h3>\n<p>H\u00e5llbarhet \u00e4r en nyckelfaktor vid konstruktionen av bomcylindrar. De uts\u00e4tts f\u00f6r extrema f\u00f6rh\u00e5llanden, inklusive temperaturfluktuationer och exponering f\u00f6r smuts och skr\u00e4p. Materialen som anv\u00e4nds i konstruktionen b\u00f6r vara robusta och motst\u00e5ndskraftiga mot korrosion, vilket kan f\u00f6rs\u00e4mra prestandan med tiden. En v\u00e4lkonstruerad bomcylinder har genomg\u00e5tt rigor\u00f6sa tester f\u00f6r att s\u00e4kerst\u00e4lla att den kan klara kraven i sin driftsmilj\u00f6.<\/p>\n<h3>S\u00e4kerhetsfunktioner<\/h3>\n<p>S\u00e4kerhet b\u00f6r vara av st\u00f6rsta vikt vid konstruktionen av hydraulcylindrar. Funktioner som tryckavlastningsventiler kan f\u00f6rhindra \u00f6verbelastning, medan korrekt monteringskonfiguration kan s\u00e4kerst\u00e4lla stabilitet under drift. Uppm\u00e4rksamhet p\u00e5 s\u00e4kerhetsstandarder och certifieringar \u00e4r avg\u00f6rande i tillverkningsprocessen f\u00f6r att skydda anv\u00e4ndare och utrustning.<\/p>\n<h3>Underh\u00e5ll och reparationsm\u00f6jligheter<\/h3>\n<p>Enkelt underh\u00e5ll \u00e4r en annan viktig designaspekt. Cylindern b\u00f6r m\u00f6jligg\u00f6ra enkel \u00e5tkomst till t\u00e4tningar och komponenter f\u00f6r regelbundna kontroller och byten. H\u00e4nsyn b\u00f6r tas till hur ofta underh\u00e5llsuppgifter \u00e4r n\u00f6dv\u00e4ndiga och hur enkelt delar kan bytas ut. En design som prioriterar reparationsm\u00f6jligheter kan avsev\u00e4rt minska driftstopp och kostnader i samband med utrustningsfel.<\/p>\n<p><img decoding=\"async\" src=\"https:\/\/www.hydraulic-cylinders.net\/wp-content\/uploads\/2025\/04\/songte-oil-pipes-and-spare-parts.webp\" alt=\"Hydrauliska komponenter\" \/><\/p>\n<h2>T\u00e4tning och sm\u00f6rjning<\/h2>\n<p>Korrekt t\u00e4tning och sm\u00f6rjning \u00e4r avg\u00f6rande f\u00f6r effektiv drift av bomcylindrar. Olika t\u00e4tningskomponenter, inklusive kolvt\u00e4tningar och st\u00e5ngt\u00e4tningar, b\u00f6r anv\u00e4ndas f\u00f6r att f\u00f6rhindra l\u00e4ckage av hydraulv\u00e4tska. T\u00e4tningar tillverkade av slitstarka material som polyuretan och nitrilgummi rekommenderas. Dessutom b\u00f6r cylinderhuset och de g\u00e4ngade \u00e4ndarna precisionsbearbetas f\u00f6r att f\u00f6rb\u00e4ttra slitstyrkan. Regelbunden sm\u00f6rjning med hydraulolja \u00e4r n\u00f6dv\u00e4ndig f\u00f6r att minimera friktion och slitage, vilket s\u00e4kerst\u00e4ller smidig drift och f\u00f6rl\u00e4nger cylinderns livsl\u00e4ngd.<\/p>\n<h2>Regelbunden inspektion och f\u00f6rebyggande underh\u00e5ll<\/h2>\n<ul>\n<li><strong>Regelbundna inspektioner:<\/strong> Schemal\u00e4gg rutinm\u00e4ssiga inspektioner f\u00f6r att kontrollera om det finns tecken p\u00e5 slitage, l\u00e4ckor eller skador p\u00e5 cylindern. Tidig uppt\u00e4ckt av problem kan f\u00f6rhindra mer allvarliga problem.<\/li>\n<li><strong>Sm\u00f6rjning:<\/strong> S\u00e4kerst\u00e4ll att hydrauloljeniv\u00e5erna \u00e4r tillr\u00e4ckliga och att sm\u00f6rjning utf\u00f6rs regelbundet f\u00f6r att h\u00e5lla t\u00e4tningarna i gott skick och minska friktionen.<\/li>\n<li><strong>Byte av t\u00e4tning:<\/strong> Med tiden kan t\u00e4tningar slitas ner och beh\u00f6va bytas ut. Regelbundna kontroller hj\u00e4lper till att identifiera n\u00e4r t\u00e4tningar beh\u00f6ver bytas ut f\u00f6r att bibeh\u00e5lla prestandan.<\/li>\n<\/ul>\n<h2>Installationsriktlinjer<\/h2>\n<p>Korrekt installation av bomcylindern \u00e4r avg\u00f6rande f\u00f6r optimal prestanda och s\u00e4kerhet. B\u00f6rja med att se till att arbetsomr\u00e5det \u00e4r rent och fritt fr\u00e5n skr\u00e4p. Rikta in cylindern korrekt med de befintliga monteringspunkterna p\u00e5 gr\u00e4vmaskinen och anv\u00e4nd l\u00e4mpliga monteringsf\u00e4sten f\u00f6r att f\u00e4sta cylindern p\u00e5 plats. Se till att alla hydrauliska anslutningar \u00e4r korrekt gjorda och undvik korsg\u00e4ngning eller l\u00e4ckage. Det \u00e4r ocks\u00e5 viktigt att f\u00f6lja tillverkarens specifikationer f\u00f6r \u00e5tdragningsmoment och installationsprocedurer f\u00f6r att s\u00e4kerst\u00e4lla s\u00e4ker och effektiv drift.<\/p>\n<h2>Vanliga underh\u00e5llsuppgifter<\/h2>\n<ul>\n<li><strong>Regelbundna inspektioner:<\/strong> Utf\u00f6r regelbundna kontroller av cylindern f\u00f6r l\u00e4ckor, skador och slitage. Detta \u00e4r viktigt f\u00f6r att uppr\u00e4tth\u00e5lla driftseffektivitet och s\u00e4kerhet.<\/li>\n<li><strong>Korrekt sm\u00f6rjning:<\/strong> Sm\u00f6rj cylindern regelbundet med hydraulolja f\u00f6r att minska friktion och f\u00f6rhindra slitage p\u00e5 t\u00e4tningar och r\u00f6rliga delar.<\/li>\n<li><strong>Byte av t\u00e4tning:<\/strong> \u00d6vervaka t\u00e4tningarna f\u00f6r slitage och byt ut dem vid behov. Detta \u00e4r viktigt f\u00f6r att f\u00f6rhindra l\u00e4ckage av hydraulv\u00e4tska, vilket kan leda till utrustningsfel.<\/li>\n<\/ul>\n<h2>S\u00e4kerhetsaspekter och milj\u00f6faktorer<\/h2>\n<p>Vid anv\u00e4ndning av hydraulcylindrar \u00e4r s\u00e4kerhets\u00e5tg\u00e4rder av st\u00f6rsta vikt. Operat\u00f6rer b\u00f6r utbildas f\u00f6r att inse vikten av att f\u00f6lja s\u00e4kerhetsprotokoll, s\u00e5som att b\u00e4ra l\u00e4mplig personlig skyddsutrustning och f\u00f6lja riktlinjer f\u00f6r s\u00e4ker maskindrift. Dessutom b\u00f6r milj\u00f6h\u00e4nsyn beaktas, vilket s\u00e4kerst\u00e4ller korrekt kassering av hydraulv\u00e4tskor och underh\u00e5ll av utrustning f\u00f6r att minimera l\u00e4ckor och spill som kan skada milj\u00f6n.<\/p>\n<h2>Fels\u00f6kning och vanliga problem<\/h2>\n<ul>\n<li><strong>L\u00e4ckage:<\/strong> Ett vanligt problem med hydraulcylindrar \u00e4r l\u00e4ckage, vilket kan bero p\u00e5 slitna t\u00e4tningar eller skadade komponenter. Regelbundna inspektioner kan hj\u00e4lpa till att identifiera och \u00e5tg\u00e4rda l\u00e4ckor snabbt.<\/li>\n<li><strong>Prestandaproblem:<\/strong> Om bomcylindern inte fungerar korrekt kan det tyda p\u00e5 ett problem med hydraulsystemet, s\u00e5som l\u00e5ga v\u00e4tskeniv\u00e5er eller luft i ledningarna. Det \u00e4r viktigt att \u00e5tg\u00e4rda dessa problem snabbt.<\/li>\n<li><strong>\u00d6verhettning:<\/strong> \u00d6verdriven v\u00e4rme kan p\u00e5verka hydraulsystem negativt, vilket leder till t\u00e4tningsfel och minskad effektivitet. Att \u00f6vervaka temperaturen och s\u00e4kerst\u00e4lla korrekta v\u00e4tskeniv\u00e5er kan bidra till att f\u00f6rhindra \u00f6verhettning.<\/li>\n<\/ul>\n<h2>Tips f\u00f6r felhantering<\/h2>\n<p>F\u00f6r att effektivt diagnostisera och l\u00f6sa problem med bomcylindern b\u00f6r operat\u00f6rer f\u00f6lja en systematisk metod. B\u00f6rja med att kontrollera v\u00e4tskeniv\u00e5erna och inspektera f\u00f6r l\u00e4ckor. Om prestandaproblem uppst\u00e5r \u00e4r det viktigt att bed\u00f6ma hydraulsystemet f\u00f6r eventuella blockeringar eller luftfickor. Genom att implementera f\u00f6rebyggande \u00e5tg\u00e4rder, s\u00e5som regelbundet underh\u00e5ll och snabba utbyten av slitna komponenter, kan sannolikheten f\u00f6r framtida problem avsev\u00e4rt minskas.<\/p>\n<p><img decoding=\"async\" src=\"https:\/\/www.hydraulic-cylinders.net\/wp-content\/uploads\/2025\/04\/songte-bushings-with-all-kinds-of-excavator-models.webp\" alt=\"Gr\u00e4vmaskinsbussningar\" \/><\/p>\n<h2>Om v\u00e5rt f\u00f6retag<\/h2>\n<p>Vi \u00e4r en ledande tillverkare av hydraulcylindrar f\u00f6r reservdelar och erbjuder ett omfattande produktsortiment p\u00e5 b\u00e5de inhemska och internationella marknader. V\u00e5rt engagemang f\u00f6r excellens \u00e5terspeglas i v\u00e5ra noggranna tillverkningsprocesser och anv\u00e4ndningen av avancerad teknik. Vi investerar i avancerad digital tillverkningsutrustning och professionella testsystem f\u00f6r att f\u00f6rb\u00e4ttra v\u00e5r produktionskapacitet. V\u00e5rt m\u00e5l \u00e4r att m\u00f6ta olika kunders behov med h\u00f6g effektivitet, precision och kvalitet.<\/p>\n<p><img decoding=\"async\" src=\"https:\/\/www.hydraulic-cylinders.net\/wp-content\/uploads\/2025\/04\/songte-company-4.webp\" alt=\"F\u00f6retags\u00f6versikt\" \/><br \/>\n<img decoding=\"async\" src=\"https:\/\/www.hydraulic-cylinders.net\/wp-content\/uploads\/2025\/04\/songte-company-3.webp\" alt=\"Tillverkningsanl\u00e4ggning\" \/><\/p>\n<h2>Slutsats<\/h2>\n<p>Sammanfattningsvis \u00e4r bomcylindern f\u00f6r Caterpillar Small Excavator E312D en viktig komponent som f\u00f6rb\u00e4ttrar gr\u00e4vmaskinernas driftskapacitet. Att f\u00f6rst\u00e5 dess funktioner, till\u00e4mpningar och underh\u00e5llskrav kan avsev\u00e4rt f\u00f6rb\u00e4ttra dess prestanda och livsl\u00e4ngd.<\/p>\n<p>F\u00f6rfattare: lyl<\/p>","protected":false},"excerpt":{"rendered":"<p>Boom Cylinder For Caterpillar Small Excavator E312D Product Overview The Boom Cylinder for Caterpillar Small Excavator E312D is an essential hydraulic component designed to control the movement of the excavator&#8217;s boom. This hydraulic cylinder plays a critical role in the hydraulic system, enabling the boom to lift, lower, and tilt, thus facilitating various material handling [&hellip;]<\/p>","protected":false},"featured_media":17876,"comment_status":"open","ping_status":"closed","template":"","meta":{"_et_pb_use_builder":"","_et_pb_old_content":"","_et_gb_content_width":""},"product_brand":[],"product_cat":[1546],"product_tag":[1547,1496],"class_list":{"0":"post-18934","1":"product","2":"type-product","3":"status-publish","4":"has-post-thumbnail","6":"product_cat-boom-cylinders","7":"product_tag-boom-cylinders","8":"product_tag-hydraulic-cylinders","10":"first","11":"instock","12":"shipping-taxable","13":"product-type-simple"},"amp_enabled":true,"_links":{"self":[{"href":"https:\/\/www.hydraulic-cylinders.net\/sv\/wp-json\/wp\/v2\/product\/18934","targetHints":{"allow":["GET"]}}],"collection":[{"href":"https:\/\/www.hydraulic-cylinders.net\/sv\/wp-json\/wp\/v2\/product"}],"about":[{"href":"https:\/\/www.hydraulic-cylinders.net\/sv\/wp-json\/wp\/v2\/types\/product"}],"replies":[{"embeddable":true,"href":"https:\/\/www.hydraulic-cylinders.net\/sv\/wp-json\/wp\/v2\/comments?post=18934"}],"wp:featuredmedia":[{"embeddable":true,"href":"https:\/\/www.hydraulic-cylinders.net\/sv\/wp-json\/wp\/v2\/media\/17876"}],"wp:attachment":[{"href":"https:\/\/www.hydraulic-cylinders.net\/sv\/wp-json\/wp\/v2\/media?parent=18934"}],"wp:term":[{"taxonomy":"product_brand","embeddable":true,"href":"https:\/\/www.hydraulic-cylinders.net\/sv\/wp-json\/wp\/v2\/product_brand?post=18934"},{"taxonomy":"product_cat","embeddable":true,"href":"https:\/\/www.hydraulic-cylinders.net\/sv\/wp-json\/wp\/v2\/product_cat?post=18934"},{"taxonomy":"product_tag","embeddable":true,"href":"https:\/\/www.hydraulic-cylinders.net\/sv\/wp-json\/wp\/v2\/product_tag?post=18934"}],"curies":[{"name":"wp","href":"https:\/\/api.w.org\/{rel}","templated":true}]}}