{"id":18953,"date":"2025-04-07T06:03:54","date_gmt":"2025-04-07T06:03:54","guid":{"rendered":"https:\/\/www.hydraulic-cylinders.net\/product\/boom-cylinder-for-caterpillar-middle-excavator-e300-300b\/"},"modified":"2025-04-07T06:03:56","modified_gmt":"2025-04-07T06:03:56","slug":"boom-cylinder-for-caterpillar-middle-excavator-e300-300b","status":"publish","type":"product","link":"https:\/\/www.hydraulic-cylinders.net\/sv\/produkt\/boom-cylinder-for-caterpillar-middle-excavator-e300-300b\/","title":{"rendered":"Bomcylinder f\u00f6r Caterpillar mellangr\u00e4vmaskin E300\/300B"},"content":{"rendered":"<h1>Bomcylinder f\u00f6r Caterpillar mellangr\u00e4vmaskin E300\/300B<\/h1>\n<h2>Produkt\u00f6versikt<\/h2>\n<p>Bomcylindern \u00e4r en viktig komponent f\u00f6r Caterpillars mellangr\u00e4vmaskiner, s\u00e4rskilt modellerna E300 och E300B. Denna hydraulcylinder spelar en avg\u00f6rande roll f\u00f6r att styra r\u00f6relsen hos olika tunga maskinredskap, s\u00e5som skopor. Den m\u00f6jligg\u00f6r lyftning, s\u00e4nkning och lutning av skopan, vilket g\u00f6r materialhanteringsuppgifter mycket mer effektiva.<\/p>\n<p>Skopcylindern \u00e4r en typ av hydraulcylinder som \u00e4r speciellt konstruerad f\u00f6r tunga maskiner. Dessa cylindrar underl\u00e4ttar viktiga \u00e5tg\u00e4rder som gr\u00e4vning, lyftning och transport av material. Hydraulsystemets prestanda \u00e4r i h\u00f6g grad beroende av skopcylinderns funktionalitet, eftersom den omvandlar hydraultryck till mekanisk r\u00f6relse. Dess design s\u00e4kerst\u00e4ller att den kan arbeta under h\u00f6gt tryck och kr\u00e4vande arbetsf\u00f6rh\u00e5llanden, vilket g\u00f6r den till ett robust val f\u00f6r olika till\u00e4mpningar.<\/p>\n<p><img decoding=\"async\" src=\"https:\/\/www.hydraulic-cylinders.net\/wp-content\/uploads\/2025\/04\/songte-company-1.webp\" alt=\"Bomcylinder f\u00f6r gr\u00e4vmaskiner\" \/><\/p>\n<h2>Viktiga funktioner<\/h2>\n<ul>\n<li><strong>H\u00f6g styrka och h\u00e5llbarhet:<\/strong> Dessa cylindrar \u00e4r tillverkade av h\u00f6gh\u00e5llfast st\u00e5l eller aluminium och \u00e4r byggda f\u00f6r att motst\u00e5 h\u00f6gt tryck och tunga belastningar, vilket g\u00f6r dem l\u00e4mpliga f\u00f6r tuffa arbetsmilj\u00f6er. Designen betonar ocks\u00e5 slitstyrka och korrosionsbest\u00e4ndighet, vilket avsev\u00e4rt f\u00f6rl\u00e4nger produktens livsl\u00e4ngd.<\/li>\n<li><strong>Effektiv hydraulisk drift:<\/strong> Cylindern anv\u00e4nder hydrauliskt oljetryck f\u00f6r att uppn\u00e5 smidig ut- och indragning, vilket ger snabb respons p\u00e5 styrkommandon. Denna funktion ger kraftfulla tryck- och dragfunktioner, perfekt f\u00f6r hantering av tunga f\u00f6rem\u00e5l och komplexa driftsuppgifter.<\/li>\n<li><strong>Olika typer:<\/strong> Kunderna kan v\u00e4lja mellan enkelverkande och dubbelverkande cylindrar baserat p\u00e5 deras operativa behov. Vissa modeller \u00e4r teleskopiska, vilket m\u00f6jligg\u00f6r st\u00f6rre utdrag utan att \u00f6ka de yttersta m\u00e5tten, vilket \u00e4r s\u00e4rskilt f\u00f6rdelaktigt i utrymmesbegr\u00e4nsade applikationer.<\/li>\n<\/ul>\n<h2>Tillverkningsexcellens<\/h2>\n<p>Vi har kapacitet att producera denna produkt, och v\u00e5ra erbjudanden ers\u00e4tter perfekt befintliga hydraulcylindrar. V\u00e5ra cylindrar \u00e4r konstruerade f\u00f6r att uppfylla branschstandarder, vilket s\u00e4kerst\u00e4ller kompatibilitet och prestandatillf\u00f6rlitlighet.<\/p>\n<p><img decoding=\"async\" src=\"https:\/\/www.hydraulic-cylinders.net\/wp-content\/uploads\/2025\/04\/songte-cylinder-head-with-all-kinds-excavator-models.webp\" alt=\"Produktion av hydraulcylindrar\" \/><\/p>\n<h2>Applikationer<\/h2>\n<ul>\n<li><strong>Byggutrustning:<\/strong> Hydraulcylindrar finns ofta i gr\u00e4vmaskiner, d\u00e4r de \u00e4r viktiga f\u00f6r att gr\u00e4va, lasta och flytta jord eller skr\u00e4p. I gr\u00e4vlastare hj\u00e4lper skopcylindern till vid b\u00e5de gr\u00e4vnings- och lyftuppgifter, vilket s\u00e4kerst\u00e4ller effektivitet p\u00e5 byggarbetsplatser.<\/li>\n<li><strong>Jordbruksmaskiner:<\/strong> I frontlastare \u00e4r dessa cylindrar avg\u00f6rande f\u00f6r att skopa, lyfta och transportera material som jord, h\u00f6 och andra jordbruksprodukter, vilket f\u00f6rb\u00e4ttrar produktiviteten inom jordbruket.<\/li>\n<li><strong>Gr\u00e4vmaskiner:<\/strong> Skopcylindern g\u00f6r att gr\u00e4vmaskinens skopa kan tr\u00e4nga ner i marken effektivt, vilket g\u00f6r den till en viktig komponent vid schaktningsarbeten.<\/li>\n<li><strong>Lastare:<\/strong> I frontlastare hj\u00e4lper de till med att lyfta och dumpa laster och spelar en avg\u00f6rande roll f\u00f6r effektiv materialhantering.<\/li>\n<\/ul>\n<h2>Design\u00f6verv\u00e4ganden och urvalskriterier<\/h2>\n<h3>Lastkapacitet<\/h3>\n<p>N\u00e4r man v\u00e4ljer en bomcylinder \u00e4r det avg\u00f6rande att ta h\u00e4nsyn till dess lastkapacitet. Cylindern m\u00e5ste vara konstruerad f\u00f6r att hantera den maximala vikt den kommer att uts\u00e4ttas f\u00f6r under drift. Detta inneb\u00e4r att man utv\u00e4rderar specifikationerna f\u00f6r hydraultryck och den mekaniska h\u00e5llfastheten hos de material som anv\u00e4nds i dess konstruktion.<\/p>\n<h3>T\u00e4tningsintegritet<\/h3>\n<p>T\u00e4tning \u00e4r av yttersta vikt i hydrauliska system f\u00f6r att f\u00f6rhindra l\u00e4ckage och bibeh\u00e5lla trycket. En v\u00e4lkonstruerad cylinder har h\u00f6gkvalitativa t\u00e4tningar som t\u00e5l hydraulv\u00e4tskornas korrosiva effekter och den mekaniska p\u00e5frestningen under drift. Regelbundna kontroller och underh\u00e5ll av t\u00e4tningar \u00e4r avg\u00f6rande f\u00f6r att s\u00e4kerst\u00e4lla cylinderns livsl\u00e4ngd och effektivitet.<\/p>\n<h3>Varaktighet<\/h3>\n<p>H\u00e5llbarhet omfattar b\u00e5de cylinderns fysiska och operativa livsl\u00e4ngd. En h\u00e5llbar cylinder \u00e4r motst\u00e5ndskraftig mot slitage, s\u00e4rskilt i kr\u00e4vande applikationer. Materialen som anv\u00e4nds b\u00f6r vara motst\u00e5ndskraftiga mot n\u00f6tning och korrosion, vilket kan p\u00e5verka cylinderns prestanda avsev\u00e4rt \u00f6ver tid.<\/p>\n<h3>S\u00e4kerhetsfunktioner<\/h3>\n<p>S\u00e4kerhet \u00e4r avg\u00f6rande vid arbete med hydrauliska system. Bomcylinderns konstruktion b\u00f6r inneh\u00e5lla s\u00e4kerhetsfunktioner f\u00f6r att f\u00f6rhindra fel under belastning. Detta inkluderar \u00f6verbelastningsskyddsmekanismer och robust konstruktion som kan motst\u00e5 of\u00f6rutsedda omst\u00e4ndigheter.<\/p>\n<h3>Underh\u00e5lls\u00f6verv\u00e4ganden<\/h3>\n<p>Underh\u00e5ll \u00e4r en viktig aspekt av alla hydrauliska system. Cylinderns design b\u00f6r underl\u00e4tta enkelt underh\u00e5ll, inklusive \u00e5tkomst till t\u00e4tningar och sm\u00f6rjpunkter. En cylinder som \u00e4r l\u00e4tt att underh\u00e5lla s\u00e4kerst\u00e4ller l\u00e4ngre livsl\u00e4ngd och b\u00e4ttre prestanda, vilket minskar risken f\u00f6r kostsamma driftstopp.<\/p>\n<p><img decoding=\"async\" src=\"https:\/\/www.hydraulic-cylinders.net\/wp-content\/uploads\/2025\/04\/songte-oil-pipes-and-spare-parts.webp\" alt=\"Hydrauliska cylinderdelar\" \/><\/p>\n<h2>T\u00e4tning och sm\u00f6rjning<\/h2>\n<p>Effektiv t\u00e4tning \u00e4r avg\u00f6rande f\u00f6r hydraulcylindrars funktion. Olika t\u00e4tningskomponenter, s\u00e5som kolvt\u00e4tningar och kolvst\u00e5ngst\u00e4tningar, anv\u00e4nds f\u00f6r att uppr\u00e4tth\u00e5lla tryck och f\u00f6rhindra v\u00e4tskel\u00e4ckage. T\u00e4tningar tillverkade av slitstarka material som polyuretan och nitrilgummi ger utm\u00e4rkt slitstyrka. Dessutom genomg\u00e5r cylinderhuset och de g\u00e4ngade \u00e4ndarna finbearbetning f\u00f6r att f\u00f6rb\u00e4ttra deras h\u00e5llbarhet mot slitage.<\/p>\n<p>Regelbunden sm\u00f6rjning med hydrauloljor \u00e4r avg\u00f6rande f\u00f6r optimal prestanda. Oljan minskar friktionen mellan r\u00f6rliga delar och s\u00e4kerst\u00e4ller smidig drift. F\u00f6r att bibeh\u00e5lla hydraulsystemets effektivitet \u00e4r det n\u00f6dv\u00e4ndigt att regelbundet kontrollera och fylla p\u00e5 hydraulv\u00e4tskan.<\/p>\n<h2>F\u00f6rebyggande underh\u00e5lls\u00e5tg\u00e4rder<\/h2>\n<ul>\n<li><strong>Regelbundna inspektioner:<\/strong> Utf\u00f6r rutinkontroller f\u00f6r att uppt\u00e4cka tecken p\u00e5 slitage, l\u00e4ckor eller skador. Tidig uppt\u00e4ckt av problem kan f\u00f6rhindra mer allvarliga problem l\u00e4ngre fram.<\/li>\n<li><strong>Sm\u00f6rjning i r\u00e4tt tid:<\/strong> S\u00e4kerst\u00e4ll att cylindern alltid \u00e4r tillr\u00e4ckligt smord. Anv\u00e4nd rekommenderad hydraulv\u00e4tska och f\u00f6lj tillverkarens anvisningar g\u00e4llande sm\u00f6rjintervall.<\/li>\n<li><strong>Byte av t\u00e4tning:<\/strong> Byt regelbundet t\u00e4tningar baserat p\u00e5 anv\u00e4ndningsfrekvens och driftsf\u00f6rh\u00e5llanden. Slitna t\u00e4tningar kan leda till l\u00e4ckage och minskad effektivitet, s\u00e5 snabba byten \u00e4r avg\u00f6rande.<\/li>\n<\/ul>\n<h2>Installationsriktlinjer<\/h2>\n<p>Korrekt installation av bomcylindern \u00e4r avg\u00f6rande f\u00f6r dess prestanda och livsl\u00e4ngd. B\u00f6rja med att se till att monteringsytorna \u00e4r rena och fria fr\u00e5n skr\u00e4p. Rikta in cylindern korrekt med f\u00e4stpunkterna med l\u00e4mpliga verktyg f\u00f6r att f\u00f6rhindra feljustering som kan leda till f\u00f6r tidigt slitage eller fel.<\/p>\n<p>N\u00e4r cylindern \u00e4r justerad, f\u00e4st den ordentligt med rekommenderade f\u00e4stanordningar. Det \u00e4r viktigt att f\u00f6lja tillverkarens \u00e5tdragningsmomentspecifikationer under installationen f\u00f6r att s\u00e4kerst\u00e4lla att alla anslutningar \u00e4r \u00e5tdragna och s\u00e4kra. Efter installationen, testa cylindern genom att k\u00f6ra den under kontrollerade f\u00f6rh\u00e5llanden f\u00f6r att bekr\u00e4fta att den fungerar korrekt och uppfyller prestandaf\u00f6rv\u00e4ntningarna.<\/p>\n<h2>Vanliga underh\u00e5llsuppgifter<\/h2>\n<ul>\n<li><strong>Regelbundna inspektioner:<\/strong> Kontrollera regelbundet cylindern f\u00f6r tecken p\u00e5 slitage eller skador. Inspektionerna b\u00f6r omfatta unders\u00f6kning av t\u00e4tningarna och s\u00e4kerst\u00e4llande av att det inte finns n\u00e5gra v\u00e4tskel\u00e4ckor.<\/li>\n<li><strong>L\u00e4mplig sm\u00f6rjning:<\/strong> Se till att alla r\u00f6rliga delar \u00e4r tillr\u00e4ckligt smorda med r\u00e4tt hydraulolja. Detta bidrar till att minska friktionen och f\u00f6rl\u00e4nga cylinderns livsl\u00e4ngd.<\/li>\n<li><strong>Kontroller av t\u00e4tningsbyte och kalibrering:<\/strong> Kontrollera regelbundet t\u00e4tningarna f\u00f6r slitage och byt ut dem vid behov. Kalibrering av hydraulsystemet b\u00f6r ocks\u00e5 utf\u00f6ras f\u00f6r att s\u00e4kerst\u00e4lla att cylindern fungerar inom angivna parametrar.<\/li>\n<\/ul>\n<h2>S\u00e4kerhets- och milj\u00f6h\u00e4nsyn<\/h2>\n<p>Vid arbete med hydraulcylindrar \u00e4r det viktigt att prioritera s\u00e4kerhets\u00e5tg\u00e4rder. F\u00f6lj alltid tillverkarens riktlinjer f\u00f6r drift och underh\u00e5ll f\u00f6r att f\u00f6rhindra olyckor. Korrekt utbildning av operat\u00f6rer \u00e4r avg\u00f6rande f\u00f6r att minimera riskerna i samband med hydraulsystem, inklusive potentiella skador fr\u00e5n l\u00e4ckor eller cylinderfel. Milj\u00f6h\u00e4nsyn b\u00f6r ocks\u00e5 beaktas, s\u00e5 att eventuella spill eller l\u00e4ckor begr\u00e4nsas och \u00e5tg\u00e4rdas omedelbart f\u00f6r att undvika kontaminering.<\/p>\n<h2>Fels\u00f6kning av vanliga problem<\/h2>\n<ul>\n<li><strong>L\u00e4ckage av hydraulv\u00e4tska:<\/strong> Vanliga orsaker inkluderar slitna t\u00e4tningar eller skadade cylinderhus. Kontrollera om det finns synliga l\u00e4ckor och byt ut t\u00e4tningar vid behov.<\/li>\n<li><strong>Otillr\u00e4cklig cylinderr\u00f6relse:<\/strong> Detta kan bero p\u00e5 l\u00e5ga hydraulv\u00e4tskeniv\u00e5er eller blockeringar i hydraulsystemet. Kontrollera v\u00e4tskeniv\u00e5erna och \u00e5tg\u00e4rda eventuella stopp.<\/li>\n<li><strong>\u00d6verhettning:<\/strong> \u00d6verdriven v\u00e4rme kan tyda p\u00e5 f\u00f6r mycket friktion eller otillr\u00e4cklig sm\u00f6rjning. S\u00e4kerst\u00e4ll korrekt sm\u00f6rjning och kontrollera om det finns tecken p\u00e5 slitage.<\/li>\n<\/ul>\n<h2>Tips f\u00f6r probleml\u00f6sning<\/h2>\n<p>Effektiv fels\u00f6kning b\u00f6rjar med en systematisk metod f\u00f6r att identifiera problem. Regelbundet underh\u00e5ll och inspektioner kan bidra till att mildra potentiella problem innan de eskalerar. Om ett problem uppst\u00e5r, se tillverkarens riktlinjer f\u00f6r specifika fels\u00f6kningssteg.<\/p>\n<p>Implementera f\u00f6rebyggande \u00e5tg\u00e4rder, s\u00e5som rutininspektioner och snabba utbyten, f\u00f6r att minimera framtida problem. Att utbilda operat\u00f6rer i korrekt anv\u00e4ndning och sk\u00f6tsel av hydraulcylindrar kan ocks\u00e5 avsev\u00e4rt minska potentiella problem.<\/p>\n<p><img decoding=\"async\" src=\"https:\/\/www.hydraulic-cylinders.net\/wp-content\/uploads\/2025\/04\/songte-bushings-with-all-kinds-of-excavator-models.webp\" alt=\"Bussning f\u00f6r gr\u00e4vmaskiner\" \/><\/p>\n<h2>Om v\u00e5rt f\u00f6retag<\/h2>\n<p>Vi \u00e4r en ledande tillverkare och grossistdistribut\u00f6r av hydraulcylindrar f\u00f6r reservdelar och erbjuder ett omfattande sortiment av produkter som m\u00f6ter olika marknadskrav. V\u00e5rt engagemang f\u00f6r excellens \u00e5terspeglas i v\u00e5ra f\u00f6rfinade tillverkningsstrategier, som utnyttjar avancerad teknik och skickliga yrkesm\u00e4n f\u00f6r att f\u00f6rb\u00e4ttra produktionskvaliteten.<\/p>\n<p>V\u00e5rt f\u00f6retag \u00e4r stolta \u00f6ver att f\u00f6lja internationella kvalitetsstandarder och certifieringar, vilket s\u00e4kerst\u00e4ller att v\u00e5ra produkter uppfyller de h\u00f6gsta standarderna i branschen. Vi erbjuder skr\u00e4ddarsydda l\u00f6sningar anpassade efter specifika kundbehov, med st\u00f6d av robust eftermarknadssupport f\u00f6r att s\u00e4kerst\u00e4lla kundn\u00f6jdhet och produktlivsl\u00e4ngd.<\/p>\n<p><img decoding=\"async\" src=\"https:\/\/www.hydraulic-cylinders.net\/wp-content\/uploads\/2025\/04\/songte-company-4.webp\" alt=\"F\u00f6retagstillverkning\" \/><br \/>\n<img decoding=\"async\" src=\"https:\/\/www.hydraulic-cylinders.net\/wp-content\/uploads\/2025\/04\/songte-company-3.webp\" alt=\"F\u00f6retags\u00f6versikt\" \/><\/p>\n<p>F\u00f6rfattare: lyl<\/p>","protected":false},"excerpt":{"rendered":"<p>Boom Cylinder For Caterpillar Middle Excavator E300\/300B Product Overview The Boom Cylinder is a vital component for Caterpillar Middle Excavators, specifically the E300 and E300B models. This hydraulic cylinder plays a crucial role in controlling the movement of various heavy machinery attachments, such as buckets. It enables the lifting, lowering, and tilting of the bucket, [&hellip;]<\/p>","protected":false},"featured_media":17880,"comment_status":"open","ping_status":"closed","template":"","meta":{"_et_pb_use_builder":"","_et_pb_old_content":"","_et_gb_content_width":""},"product_brand":[],"product_cat":[1546],"product_tag":[1547,1496],"class_list":{"0":"post-18953","1":"product","2":"type-product","3":"status-publish","4":"has-post-thumbnail","6":"product_cat-boom-cylinders","7":"product_tag-boom-cylinders","8":"product_tag-hydraulic-cylinders","10":"first","11":"instock","12":"shipping-taxable","13":"product-type-simple"},"amp_enabled":true,"_links":{"self":[{"href":"https:\/\/www.hydraulic-cylinders.net\/sv\/wp-json\/wp\/v2\/product\/18953","targetHints":{"allow":["GET"]}}],"collection":[{"href":"https:\/\/www.hydraulic-cylinders.net\/sv\/wp-json\/wp\/v2\/product"}],"about":[{"href":"https:\/\/www.hydraulic-cylinders.net\/sv\/wp-json\/wp\/v2\/types\/product"}],"replies":[{"embeddable":true,"href":"https:\/\/www.hydraulic-cylinders.net\/sv\/wp-json\/wp\/v2\/comments?post=18953"}],"wp:featuredmedia":[{"embeddable":true,"href":"https:\/\/www.hydraulic-cylinders.net\/sv\/wp-json\/wp\/v2\/media\/17880"}],"wp:attachment":[{"href":"https:\/\/www.hydraulic-cylinders.net\/sv\/wp-json\/wp\/v2\/media?parent=18953"}],"wp:term":[{"taxonomy":"product_brand","embeddable":true,"href":"https:\/\/www.hydraulic-cylinders.net\/sv\/wp-json\/wp\/v2\/product_brand?post=18953"},{"taxonomy":"product_cat","embeddable":true,"href":"https:\/\/www.hydraulic-cylinders.net\/sv\/wp-json\/wp\/v2\/product_cat?post=18953"},{"taxonomy":"product_tag","embeddable":true,"href":"https:\/\/www.hydraulic-cylinders.net\/sv\/wp-json\/wp\/v2\/product_tag?post=18953"}],"curies":[{"name":"wp","href":"https:\/\/api.w.org\/{rel}","templated":true}]}}