{"id":1896,"date":"2023-10-19T06:24:49","date_gmt":"2023-10-19T06:24:49","guid":{"rendered":"https:\/\/hydraulic-cylinders.net\/?post_type=product&#038;p=1896"},"modified":"2025-04-11T02:51:56","modified_gmt":"2025-04-11T02:51:56","slug":"open-tbm-thrust-cylinder","status":"publish","type":"product","link":"https:\/\/www.hydraulic-cylinders.net\/sv\/produkt\/open-tbm-thrust-cylinder\/","title":{"rendered":"\u00d6ppen TBM-tryckcylinder"},"content":{"rendered":"<h1 style=\"text-align: center;\"><strong>\u00d6ppen TBM-tryckcylinder<\/strong><\/h1>\n<p><img loading=\"lazy\" decoding=\"async\" class=\"aligncenter wp-image-1897\" src=\"https:\/\/hydraulic-cylinders.net\/wp-content\/uploads\/2023\/10\/thrust-cylinder-1-2-300x300.webp\" alt=\"\" width=\"400\" height=\"400\" \/><\/p>\n<p>Den \u00f6ppna TBM-tryckcylindern \u00e4r en avancerad hydraulisk komponent som \u00e4r utformad f\u00f6r att optimera kraften och effektiviteten hos tunnelborrmaskiner (TBM). Denna specialiserade cylinder spelar en viktig roll f\u00f6r att tillhandah\u00e5lla den n\u00f6dv\u00e4ndiga tryckkraften f\u00f6r TBM:ns fram\u00e5tr\u00f6relse under gr\u00e4vning. I den h\u00e4r informativa artikeln kommer vi att f\u00f6rdjupa oss i de viktigaste egenskaperna, anv\u00e4ndningsmetoderna och underh\u00e5llsriktlinjerna f\u00f6r den \u00f6ppna TBM-tryckcylindern.<\/p>\n<p>Den \u00f6ppna TBM-tryckcylindern \u00e4r en kraftfull hydraulisk komponent som f\u00f6rb\u00e4ttrar effektiviteten och produktiviteten vid tunnelborrning. Med sin robusta tryckkraft, exakta kontroll, h\u00e5llbarhet och s\u00e4kerhetsfunktioner s\u00e4kerst\u00e4ller denna cylinder en smidig och tillf\u00f6rlitlig fram\u00e5tr\u00f6relse f\u00f6r TBM. Genom att f\u00f6lja de rekommenderade anv\u00e4ndningsmetoderna och regelbundna underh\u00e5llspraxis kommer den \u00f6ppna TBM-tryckcylindern att forts\u00e4tta att leverera enast\u00e5ende prestanda och bidra till tunnelprojektens framg\u00e5ng. F\u00f6rb\u00e4ttra dina tunnelborrningsoperationer med den kraft och effektivitet som den \u00f6ppna TBM-tryckcylindern erbjuder.<\/p>\n<p>Viktiga egenskaper f\u00f6r \u00f6ppen TBM-tryckcylinder:<\/p>\n<ol>\n<li>Robust tryckkraft: Den \u00f6ppna tryckcylindern f\u00f6r TBM levererar en robust tryckkraft, vilket g\u00f6r att TBM:n kan \u00f6vervinna utmanande geologiska formationer. Med sin h\u00f6ga lastkapacitet och precisionsteknik s\u00e4kerst\u00e4ller denna cylinder effektiv och tillf\u00f6rlitlig fram\u00e5tr\u00f6relse, vilket minskar projektets tidslinjer och \u00f6kar produktiviteten.<\/li>\n<li>Exakt kontroll: Utrustad med avancerade hydraulsystem erbjuder denna cylinder exakt kontroll \u00f6ver tryckkraften som ut\u00f6vas av tunnelborrmaskinen. F\u00f6rare kan justera cylinderns f\u00f6rl\u00e4ngning och indragning f\u00f6r att finjustera tunnelborrmaskinens framsteg, vilket s\u00e4kerst\u00e4ller optimal gr\u00e4vhastighet och noggrannhet.<\/li>\n<li>F\u00f6rb\u00e4ttrad h\u00e5llbarhet: Den \u00f6ppna TBM-tryckcylindern \u00e4r konstruerad med h\u00f6gkvalitativa material och \u00e4r byggd f\u00f6r att motst\u00e5 de kr\u00e4vande f\u00f6rh\u00e5llanden som uppst\u00e5r vid tunnelborrning. Den t\u00e5l h\u00f6ga tryck, st\u00f6tar och vibrationer, vilket s\u00e4kerst\u00e4ller l\u00e5ngsiktig h\u00e5llbarhet, minimerar stillest\u00e5ndstid och minskar underh\u00e5llskostnaderna.<\/li>\n<li>S\u00e4kerhetsfunktioner: Den \u00f6ppna tumlarcylindern har s\u00e4kerhetsfunktioner som \u00f6verbelastningsskydd och n\u00f6dstoppsmekanismer. Dessa funktioner hj\u00e4lper till att f\u00f6rhindra \u00f6verdrivna krafter p\u00e5 cylindern, vilket s\u00e4kerst\u00e4ller s\u00e4kerheten f\u00f6r tumlaroperat\u00f6rerna och minimerar risken f\u00f6r utrustningsskador.<\/li>\n<\/ol>\n<h2><strong>Parameter f\u00f6r \u00f6ppen TBM-tryckcylinder:<\/strong><\/h2>\n<table border=\"1\" cellspacing=\"0\" cellpadding=\"0\">\n<tbody>\n<tr>\n<td>Produktnamn<\/td>\n<td>Tryckcylinder f\u00f6r \u00f6ppen tunnelborrmaskin<\/td>\n<\/tr>\n<tr>\n<td>Drag:<\/td>\n<td>Ge dragkraften f\u00f6r tunnelborrmaskinens fram\u00e5tg\u00e5ende tunnelborrning<\/td>\n<\/tr>\n<tr>\n<td>Borrdiameter:<\/td>\n<td>300 mm\uff5e600 mm<\/td>\n<\/tr>\n<tr>\n<td>St\u00e5ngdiameter:<\/td>\n<td>200 mm\uff5e400 mm<br \/>\nSlagl\u00e4ngd 1100 mm ~ 2050 mm<\/td>\n<\/tr>\n<tr>\n<td>Tryck:<\/td>\n<td>upp till 35 MPa<\/td>\n<\/tr>\n<tr>\n<td>Anv\u00e4ndningsomr\u00e5den:<\/td>\n<td>\u00d6ppen tunnelborrmaskin<\/td>\n<\/tr>\n<\/tbody>\n<\/table>\n<h2><strong>\u00d6ppen TBM-cylinderapplikation:<\/strong><\/h2>\n<p><img loading=\"lazy\" decoding=\"async\" class=\"alignnone wp-image-1899 size-full\" src=\"https:\/\/hydraulic-cylinders.net\/wp-content\/uploads\/2023\/10\/open-tbm-cylinder-1.webp\" alt=\"\" width=\"709\" height=\"473\" srcset=\"https:\/\/hydraulic-cylinders.net\/wp-content\/uploads\/2023\/10\/open-tbm-cylinder-1.webp 709w, https:\/\/hydraulic-cylinders.net\/wp-content\/uploads\/2023\/10\/open-tbm-cylinder-1-480x320.webp 480w\" sizes=\"(min-width: 0px) and (max-width: 480px) 480px, (min-width: 481px) 709px, 100vw\" \/><\/p>\n<h2><strong>Anv\u00e4ndningsmetod f\u00f6r \u00f6ppen TBM-tryckcylinder<\/strong><strong>:<\/strong><\/h2>\n<ol>\n<li><strong>Cylinderinstallation:<\/strong>\u00a0 Montera den \u00f6ppna tryckcylindern f\u00f6r tumlaren enligt tillverkarens anvisningar. Anv\u00e4nd l\u00e4mpliga monteringsf\u00e4sten eller tillbeh\u00f6r f\u00f6r att s\u00e4kerst\u00e4lla korrekt uppriktning och s\u00e4ker fasts\u00e4ttning i tumlarens struktur.<\/li>\n<li><strong>Integration av hydraulsystem:<\/strong>\u00a0 Anslut cylindern till tunnelborrmaskinens hydraulsystem med kompatibla slangar och kopplingar. Kontrollera att alla anslutningar \u00e4r s\u00e4kra, l\u00e4ckagefria och tillr\u00e4ckligt \u00e5tdragna f\u00f6r att bibeh\u00e5lla optimal hydraulisk prestanda.<\/li>\n<li><strong>Justering av tryckkraft:<\/strong>\u00a0 Bekanta dig med de specifika reglagen f\u00f6r den \u00f6ppna TBM-tryckcylindern. Anv\u00e4nd dessa reglage f\u00f6r att justera cylinderns ut- och indragning, vilket m\u00f6jligg\u00f6r exakt kontroll \u00f6ver tryckkraften som ut\u00f6vas av TBM:n. Anpassa tryckkraften efter de geologiska f\u00f6rh\u00e5llandena och \u00f6nskad gr\u00e4vhastighet.<\/li>\n<li><strong>S\u00e4kerhets\u00e5tg\u00e4rder:<\/strong>\u00a0 F\u00f6lj alla s\u00e4kerhetsprotokoll och riktlinjer som tillhandah\u00e5lls av TBM-tillverkaren. Se till att operat\u00f6rerna \u00e4r utbildade i s\u00e4ker anv\u00e4ndning av TBM:n och den \u00f6ppna TBM-tryckcylindern. Inspektera regelbundet s\u00e4kerhetsmekanismerna och utf\u00f6r underh\u00e5ll enligt rekommendationer f\u00f6r att s\u00e4kerst\u00e4lla att de fungerar korrekt.<\/li>\n<\/ol>\n<h2><strong>Hur man luftar en hydraulcylinder f\u00f6r en vedklyv?<\/strong><\/h2>\n<p>Att lufta hydraulcylindern i en vedklyv \u00e4r avg\u00f6rande f\u00f6r att bibeh\u00e5lla optimal prestanda och \u00e5tg\u00e4rda problem som l\u00e5ngsam eller svag drift. F\u00f6lj dessa steg f\u00f6r att lufta hydraulcylindern i en vedklyv:<\/p>\n<ol>\n<li><strong>S\u00e4kerhet f\u00f6rst:<\/strong> Innan du p\u00e5b\u00f6rjar n\u00e5gra underh\u00e5llsarbeten, se till att vedklyven \u00e4r avst\u00e4ngd, motorn \u00e4r nedkyld och hydraulsystemet \u00e4r tryckl\u00f6st. Anv\u00e4nd \u00e4ven l\u00e4mplig personlig skyddsutrustning (PPE) s\u00e5som handskar och skyddsglas\u00f6gon.<\/li>\n<li><strong>Lokalisera avluftningsventilen:<\/strong> Identifiera luftningsventilen p\u00e5 hydraulcylindern. Det \u00e4r vanligtvis en liten skruv eller ventil placerad p\u00e5 cylinderhuset eller n\u00e4ra de hydrauliska anslutningarna.<\/li>\n<li><strong>Positionering:<\/strong> Placera vedklyven i ett stabilt och plant l\u00e4ge f\u00f6r att s\u00e4kerst\u00e4lla s\u00e4ker och effektiv luftning av hydraulcylindern. Se till att luftningsventilen \u00e4r \u00e5tkomlig.<\/li>\n<li><strong>F\u00f6rbered uppsamlingsbeh\u00e5llaren:<\/strong> Placera en l\u00e4mplig beh\u00e5llare under avluftningsventilen f\u00f6r att samla upp eventuell hydraulv\u00e4tska som kan l\u00e4cka ut under avluftningsprocessen.<\/li>\n<li><strong>\u00d6ppna avluftningsventilen:<\/strong> Anv\u00e4nd en l\u00e4mplig skiftnyckel eller ett verktyg och \u00f6ppna f\u00f6rsiktigt avluftningsventilen genom att vrida den moturs. Detta g\u00f6r att luft och inst\u00e4ngd v\u00e4tska kan komma ut.<\/li>\n<li><strong>Starta motorn:<\/strong> Starta vedklyvens motor och l\u00e5t den g\u00e5 p\u00e5 tomg\u00e5ng. Denna \u00e5tg\u00e4rd aktiverar hydraulpumpen, vilket g\u00f6r att v\u00e4tska kan fl\u00f6da genom systemet.<\/li>\n<li><strong>Anv\u00e4nd kontrollhandtaget:<\/strong> Aktivera man\u00f6verhandtaget eller spaken som aktiverar hydraulcylindern. Flytta man\u00f6verhandtaget till utf\u00e4llt eller inf\u00e4llt l\u00e4ge, beroende p\u00e5 \u00f6nskad \u00e5tg\u00e4rd. Detta hj\u00e4lper till att skapa hydrauliskt tryck och tvinga ut eventuell inst\u00e4ngd luft ur cylindern.<\/li>\n<li><strong>Observera v\u00e4tskefl\u00f6det:<\/strong> Observera v\u00e4tskefl\u00f6det fr\u00e5n avluftningsventilen. Inledningsvis kan det finnas luftbubblor, men allt eftersom avluftningen forts\u00e4tter b\u00f6r v\u00e4tskan bli j\u00e4mn och luftfri. L\u00e5t v\u00e4tskan rinna en stund f\u00f6r att s\u00e4kerst\u00e4lla att all luft har tryckts ut.<\/li>\n<li><strong>St\u00e4ng avluftningsventilen:<\/strong> N\u00e4r v\u00e4tskan fl\u00f6dar j\u00e4mnt utan luftbubblor, st\u00e4ng avluftningsventilen genom att vrida den medurs. Var f\u00f6rsiktig s\u00e5 att du inte drar \u00e5t den f\u00f6r h\u00e5rt.<\/li>\n<li><strong>Kontrollera v\u00e4tskeniv\u00e5n:<\/strong> Kontrollera hydraulv\u00e4tskeniv\u00e5n i beh\u00e5llaren. Fyll vid behov p\u00e5 rekommenderad hydraulv\u00e4tska f\u00f6r att bibeh\u00e5lla r\u00e4tt niv\u00e5. Se vedklyvens manual f\u00f6r korrekt typ och specifikationer f\u00f6r hydraulv\u00e4tska.<\/li>\n<li><strong>Testoperation:<\/strong> Testa vedklyvens funktion med avluftad hydraulcylinder och kontrollerad v\u00e4tskeniv\u00e5. Aktivera man\u00f6verhandtaget och observera cylinderns prestanda. Den ska fungera smidigt och ge tillr\u00e4cklig kraft f\u00f6r att klyva ved.<\/li>\n<li><strong>Upprepa vid behov:<\/strong> I vissa fall kan envisa luftfickor kr\u00e4va flera luftningscykler. Upprepa luftningsprocessen om du fortfarande m\u00e4rker luft i systemet eller om det fungerar d\u00e5ligt.<\/li>\n<\/ol>\n<h2><strong>Fabrikens kapacitet och kapacitet:<\/strong><\/h2>\n<h3>(1) Montering<\/h3>\n<p>Vi har en f\u00f6rstklassig oberoende forsknings- och utvecklingsplattform. Verkstaden f\u00f6r tillverkning av hydraulcylindrar har fyra halvautomatiska monteringslinjer f\u00f6r lyftcylindrar och en automatisk monteringslinje f\u00f6r tiltcylindrar, med en planerad \u00e5rlig produktionskapacitet p\u00e5 1 miljon enheter. Specialcylinderverkstaden \u00e4r utrustad med olika specifikationer f\u00f6r ett halvautomatiskt reng\u00f6ringsmonteringssystem med en planerad \u00e5rlig produktionskapacitet p\u00e5 200 000 och utrustad med k\u00e4nd CNC-bearbetningsutrustning, ett fleroperationscenter, en specialutrustning f\u00f6r h\u00f6gprecisionscylindrar, en robotsvetsmaskin, en automatisk reng\u00f6ringsmaskin, en automatisk cylindermonteringsmaskin och en automatisk produktionslinje f\u00f6r m\u00e5lning. Befintlig kritisk utrustning p\u00e5 mer \u00e4n 300 set (set). Optimal allokering och effektiv anv\u00e4ndning av utrustningsresurser s\u00e4kerst\u00e4ller produkternas noggrannhetskrav och uppfyller produkternas h\u00f6ga kvalitetsbehov.<\/p>\n<p><img loading=\"lazy\" decoding=\"async\" class=\"alignnone wp-image-626\" src=\"https:\/\/hydraulic-cylinders.net\/wp-content\/uploads\/2023\/08\/hydraulic-cylinder-product-1-300x158.webp\" alt=\"\" width=\"495\" height=\"260\" srcset=\"https:\/\/hydraulic-cylinders.net\/wp-content\/uploads\/2023\/08\/hydraulic-cylinder-product-1-300x158.webp 495w, https:\/\/hydraulic-cylinders.net\/wp-content\/uploads\/2023\/08\/hydraulic-cylinder-product-1-480x252.webp 480w\" sizes=\"(min-width: 0px) and (max-width: 480px) 480px, (min-width: 481px) 495px, 100vw\" \/> <img loading=\"lazy\" decoding=\"async\" class=\"alignnone wp-image-627\" src=\"https:\/\/hydraulic-cylinders.net\/wp-content\/uploads\/2023\/08\/hydraulic-cylinder-product-2-300x189.webp\" alt=\"\" width=\"413\" height=\"260\" \/><\/p>\n<h3>(2) Maskinbearbetning<\/h3>\n<p>Bearbetningsverkstaden \u00e4r utrustad med en specialanpassad svarvcentral f\u00f6r lutande r\u00e4ls, bearbetningscenter, h\u00f6ghastighetsh\u00f6nsmaskin, svetsrobot och annan relaterad utrustning, som kan hantera bearbetning av cylinderr\u00f6r med en maximal innerdiameter p\u00e5 400 mm och en maximal l\u00e4ngd p\u00e5 6 meter.<\/p>\n<p><img loading=\"lazy\" decoding=\"async\" class=\"alignnone wp-image-628 size-large\" src=\"https:\/\/hydraulic-cylinders.net\/wp-content\/uploads\/2023\/08\/hydraulic-cylinder-product-3-1024x391.webp\" alt=\"\" width=\"1024\" height=\"391\" srcset=\"https:\/\/hydraulic-cylinders.net\/wp-content\/uploads\/2023\/08\/hydraulic-cylinder-product-3-980x374.webp 980w, https:\/\/hydraulic-cylinders.net\/wp-content\/uploads\/2023\/08\/hydraulic-cylinder-product-3-480x183.webp 480w\" sizes=\"(min-width: 0px) and (max-width: 480px) 480px, (min-width: 481px) and (max-width: 980px) 980px, (min-width: 981px) 1024px, 100vw\" \/><\/p>\n<h3>(3) Svetsning<\/h3>\n<p><img loading=\"lazy\" decoding=\"async\" class=\"alignnone wp-image-629 size-large\" src=\"https:\/\/hydraulic-cylinders.net\/wp-content\/uploads\/2023\/08\/hydraulic-cylinder-product-4-1024x510.webp\" alt=\"\" width=\"1024\" height=\"510\" srcset=\"https:\/\/hydraulic-cylinders.net\/wp-content\/uploads\/2023\/08\/hydraulic-cylinder-product-4-980x488.webp 980w, https:\/\/hydraulic-cylinders.net\/wp-content\/uploads\/2023\/08\/hydraulic-cylinder-product-4-480x239.webp 480w\" sizes=\"(min-width: 0px) and (max-width: 480px) 480px, (min-width: 481px) and (max-width: 980px) 980px, (min-width: 981px) 1024px, 100vw\" \/><\/p>\n<h3>(4) M\u00e5lning och ytbehandling<\/h3>\n<p>Med sm\u00e5 och medelstora cylindriska automatiska vattenbaserade f\u00e4rgbel\u00e4ggningslinjer, f\u00f6r att uppn\u00e5 automatisk robotlastning och lossning samt automatisk sprutning, \u00e4r den designade kapaciteten 4000 stycken per skift;<br \/>\nVi har \u00e4ven en halvautomatisk f\u00e4rgproduktionslinje f\u00f6r stora cylindrar som drivs av en sl\u00e4pkedja, med en designkapacitet p\u00e5 60 l\u00e5dor per skift.<\/p>\n<p><img loading=\"lazy\" decoding=\"async\" class=\"alignnone wp-image-630\" src=\"https:\/\/hydraulic-cylinders.net\/wp-content\/uploads\/2023\/08\/hydraulic-cylinder-product-5-300x213.webp\" alt=\"\" width=\"366\" height=\"260\" \/> <img loading=\"lazy\" decoding=\"async\" class=\"alignnone wp-image-631\" src=\"https:\/\/hydraulic-cylinders.net\/wp-content\/uploads\/2023\/08\/hydraulic-cylinder-product-6-300x225.webp\" alt=\"\" width=\"347\" height=\"260\" \/><\/p>\n<h3>(5) Testning<\/h3>\n<p>Vi har f\u00f6rstklassiga inspektionsanl\u00e4ggningar och testb\u00e4ddar f\u00f6r att s\u00e4kerst\u00e4lla att cylinderns prestanda uppfyller kraven.<\/p>\n<p><img loading=\"lazy\" decoding=\"async\" class=\"alignnone wp-image-632\" src=\"https:\/\/hydraulic-cylinders.net\/wp-content\/uploads\/2023\/08\/hydraulic-cylinder-product-8-300x200.webp\" alt=\"\" width=\"389\" height=\"260\" \/><\/p>\n<p>&nbsp;<\/p>\n<p>&nbsp;<\/p>\n<p>Vi \u00e4r en av de b\u00e4sta tillverkarna av hydraulcylindrar. Vi kan erbjuda ett helt\u00e4ckande utbud av hydraulcylindrar. Vi tillhandah\u00e5ller \u00e4ven motsvarande <a href=\"https:\/\/hzpt.com\/agricultural-pto-gearbox\/\" target=\"_blank\" rel=\"noopener\">jordbruksv\u00e4xell\u00e5dor<\/a>Vi har exporterat v\u00e5ra produkter till kunder \u00f6ver hela v\u00e4rlden och f\u00e5tt ett gott rykte tack vare v\u00e5r \u00f6verl\u00e4gsna produktkvalitet och kundservice. Vi v\u00e4lkomnar kunder b\u00e5de hemma och utomlands att kontakta oss f\u00f6r att f\u00f6rhandla aff\u00e4rer, utbyta information och <a href=\"https:\/\/www.hydraulic-cylinders.net\/sv\/contact-us\/\">samarbeta med oss<\/a>!<\/p>\n<p>&nbsp;<\/p>","protected":false},"excerpt":{"rendered":"<p>Open TBM Thrust Cylinder The open tbm thrust cylinder is a cutting-edge hydraulic component designed to optimize the power and efficiency of tunnel boring machines (tbms). This specialized cylinder plays a vital role in providing the necessary thrust force for the tbm&#8217;s forward movement during excavation. In this informative article, we will delve into the [&hellip;]<\/p>","protected":false},"featured_media":1898,"comment_status":"open","ping_status":"closed","template":"","meta":{"_et_pb_use_builder":"","_et_pb_old_content":"","_et_gb_content_width":""},"product_brand":[],"product_cat":[1519,1549],"product_tag":[1380],"class_list":{"0":"post-1896","1":"product","2":"type-product","3":"status-publish","4":"has-post-thumbnail","6":"product_cat-shield-machine-hydraulic-cylinders","7":"product_cat-single-acting-hydraulic-cylinder","8":"product_tag-hydraulic-cylinder","10":"first","11":"instock","12":"shipping-taxable","13":"product-type-simple"},"amp_enabled":true,"_links":{"self":[{"href":"https:\/\/www.hydraulic-cylinders.net\/sv\/wp-json\/wp\/v2\/product\/1896","targetHints":{"allow":["GET"]}}],"collection":[{"href":"https:\/\/www.hydraulic-cylinders.net\/sv\/wp-json\/wp\/v2\/product"}],"about":[{"href":"https:\/\/www.hydraulic-cylinders.net\/sv\/wp-json\/wp\/v2\/types\/product"}],"replies":[{"embeddable":true,"href":"https:\/\/www.hydraulic-cylinders.net\/sv\/wp-json\/wp\/v2\/comments?post=1896"}],"wp:featuredmedia":[{"embeddable":true,"href":"https:\/\/www.hydraulic-cylinders.net\/sv\/wp-json\/wp\/v2\/media\/1898"}],"wp:attachment":[{"href":"https:\/\/www.hydraulic-cylinders.net\/sv\/wp-json\/wp\/v2\/media?parent=1896"}],"wp:term":[{"taxonomy":"product_brand","embeddable":true,"href":"https:\/\/www.hydraulic-cylinders.net\/sv\/wp-json\/wp\/v2\/product_brand?post=1896"},{"taxonomy":"product_cat","embeddable":true,"href":"https:\/\/www.hydraulic-cylinders.net\/sv\/wp-json\/wp\/v2\/product_cat?post=1896"},{"taxonomy":"product_tag","embeddable":true,"href":"https:\/\/www.hydraulic-cylinders.net\/sv\/wp-json\/wp\/v2\/product_tag?post=1896"}],"curies":[{"name":"wp","href":"https:\/\/api.w.org\/{rel}","templated":true}]}}