{"id":18967,"date":"2025-04-07T06:04:39","date_gmt":"2025-04-07T06:04:39","guid":{"rendered":"https:\/\/www.hydraulic-cylinders.net\/product\/boom-cylinder-for-caterpillar-large-excavator-e336dl\/"},"modified":"2025-04-07T06:04:41","modified_gmt":"2025-04-07T06:04:41","slug":"boom-cylinder-for-caterpillar-large-excavator-e336dl","status":"publish","type":"product","link":"https:\/\/www.hydraulic-cylinders.net\/sv\/produkt\/boom-cylinder-for-caterpillar-large-excavator-e336dl\/","title":{"rendered":"Bomcylinder f\u00f6r Caterpillar stor gr\u00e4vmaskin E336DL"},"content":{"rendered":"<h1>Bomcylinder f\u00f6r Caterpillar stor gr\u00e4vmaskin E336DL<\/h1>\n<h2>F\u00f6rst\u00e5 bomcylindern<\/h2>\n<p>Bomcylindern \u00e4r en viktig komponent i hydraulsystemet i tunga maskiner, s\u00e4rskilt i gr\u00e4vmaskiner som Caterpillar E336DL. Denna hydraulcylinder \u00e4r specifikt utformad f\u00f6r att styra bommens r\u00f6relse, som ansvarar f\u00f6r att lyfta, s\u00e4nka och luta skopan. Den m\u00f6jligg\u00f6r effektiva materialhanteringsuppgifter inom bygg och andra industriella till\u00e4mpningar. Bomcylinderns funktion \u00e4r huvudsakligen baserad p\u00e5 hydrauliska principer, d\u00e4r trycksatt v\u00e4tska anv\u00e4nds f\u00f6r att skapa r\u00f6relse. Detta f\u00f6rb\u00e4ttrar inte bara utrustningens effektivitet utan s\u00e4kerst\u00e4ller ocks\u00e5 smidig och exakt kontroll under drift.<\/p>\n<p><img decoding=\"async\" src=\"https:\/\/www.hydraulic-cylinders.net\/wp-content\/uploads\/2025\/04\/songte-company-1.webp\" alt=\"Bild av bomcylinder\"><\/p>\n<h3>Viktiga funktioner hos bomcylindern<\/h3>\n<ul>\n<li><strong>H\u00f6g styrka och h\u00e5llbarhet:<\/strong> Bomcylindern \u00e4r tillverkad av h\u00f6gh\u00e5llfast st\u00e5l eller aluminium och t\u00e5l h\u00f6gt tryck och tunga belastningar, vilket g\u00f6r den l\u00e4mplig f\u00f6r tuffa arbetsmilj\u00f6er.<\/li>\n<li><strong>Effektiv hydraulisk drift:<\/strong> Den anv\u00e4nder hydrauliskt oljetryck f\u00f6r smidig ut- och indragning, reagerar snabbt p\u00e5 man\u00f6verkommandon och ger betydande tryck- och dragkraft.<\/li>\n<li><strong>Olika typer:<\/strong> Bomcylindrar finns i enkelverkande och dubbelverkande varianter f\u00f6r att tillgodose olika driftsbehov, med vissa modeller med teleskopisk design f\u00f6r ut\u00f6kad r\u00e4ckvidd utan att \u00f6ka den yttre storleken.<\/li>\n<li><strong>Korrosionsbest\u00e4ndighet:<\/strong> M\u00e5nga bomcylindrar \u00e4r konstruerade f\u00f6r att motst\u00e5 slitage och korrosion, vilket f\u00f6rl\u00e4nger deras livsl\u00e4ngd och s\u00e4kerst\u00e4ller j\u00e4mn prestanda under olika f\u00f6rh\u00e5llanden.<\/li>\n<li><strong>Anpassad tillverkning:<\/strong> Vi tillverkar h\u00f6gkvalitativa hydraulcylindrar som perfekt kan ers\u00e4tta befintliga cylindrar, vilket s\u00e4kerst\u00e4ller kompatibilitet och prestanda.<\/li>\n<\/ul>\n<p><img decoding=\"async\" src=\"https:\/\/www.hydraulic-cylinders.net\/wp-content\/uploads\/2025\/04\/songte-cylinder-head-with-all-kinds-excavator-models.webp\" alt=\"Bild p\u00e5 topplock\"><\/p>\n<h2>Anv\u00e4ndningsomr\u00e5den f\u00f6r bomcylindern<\/h2>\n<h3>Byggutrustning<\/h3>\n<p>I gr\u00e4vmaskiner spelar bomcylindrar en avg\u00f6rande roll vid gr\u00e4vning, lastning och transport av jord eller skr\u00e4p. De ger den kraft som kr\u00e4vs f\u00f6r att h\u00f6ja och s\u00e4nka bommen, vilket g\u00f6r det m\u00f6jligt f\u00f6r f\u00f6rarna att utf\u00f6ra uppgifter effektivt. I gr\u00e4vlastare hj\u00e4lper dessa cylindrar till vid b\u00e5de gr\u00e4vning och lyft, vilket g\u00f6r dem viktiga f\u00f6r m\u00e5ngsidig maskinanv\u00e4ndning.<\/p>\n<h3>Jordbruksmaskiner<\/h3>\n<p>I frontlastare anv\u00e4nds bomcylindrar f\u00f6r att skopa, lyfta och transportera material som jord, h\u00f6 och andra f\u00f6rn\u00f6denheter. Deras design m\u00f6jligg\u00f6r effektiv f\u00f6rflyttning och hantering av olika jordbruksprodukter, vilket \u00f6kar produktiviteten p\u00e5 g\u00e5rdar.<\/p>\n<h3>Gr\u00e4varbete<\/h3>\n<p>Bomcylindern g\u00f6r att gr\u00e4vmaskiner kan gr\u00e4va effektivt ner i marken. Genom att skopan kan gr\u00e4va ner i jorden \u00e4r dessa cylindrar viktiga f\u00f6r bygg-, landskaps- och gruvprojekt d\u00e4r djup gr\u00e4vning kr\u00e4vs.<\/p>\n<h3>Laddningsoperationer<\/h3>\n<p>I frontlastare underl\u00e4ttar bomcylindrar lyftning och dumpning av material. Deras styrka och effektivitet \u00e4r avg\u00f6rande f\u00f6r att hantera tunga laster, vilket s\u00e4kerst\u00e4ller att material kan flyttas snabbt och effektivt fr\u00e5n en plats till en annan.<\/p>\n<h2>Design\u00f6verv\u00e4ganden f\u00f6r bomcylindrar<\/h2>\n<h3>Lastkapacitet<\/h3>\n<p>Bomcylinderns lastkapacitet \u00e4r en kritisk konstruktionsfaktor. Den m\u00e5ste kunna b\u00e4ra den maximala vikt som gr\u00e4vmaskinen kommer att m\u00f6ta under drift. En v\u00e4lkonstruerad cylinder tar h\u00e4nsyn till s\u00e4kerhetsmarginaler f\u00f6r att f\u00f6rhindra fel under ov\u00e4ntade belastningar.<\/p>\n<h3>T\u00e4tning och h\u00e5llbarhet<\/h3>\n<p>Effektiv t\u00e4tning \u00e4r avg\u00f6rande f\u00f6r att f\u00f6rhindra l\u00e4ckage av hydraulv\u00e4tska. Detta inkluderar anv\u00e4ndning av h\u00f6gkvalitativa t\u00e4tningar tillverkade av slitstarka material som polyuretan och nitrilgummi. Korrekt t\u00e4tning f\u00f6rb\u00e4ttrar inte bara effektiviteten utan bidrar ocks\u00e5 till cylinderns livsl\u00e4ngd.<\/p>\n<h3>S\u00e4kerhetsfunktioner<\/h3>\n<p>Att integrera s\u00e4kerhetsfunktioner i konstruktionen \u00e4r avg\u00f6rande f\u00f6r att skydda operat\u00f6rer och maskiner. Detta inkluderar tryckavlastningsventiler och s\u00e4kerhetsl\u00e5s f\u00f6r att minska risker under drift.<\/p>\n<h3>Tillg\u00e4nglighet f\u00f6r underh\u00e5ll<\/h3>\n<p>Det \u00e4r viktigt att utforma bomcylindrar f\u00f6r enkelt underh\u00e5ll. Detta m\u00f6jligg\u00f6r snabba inspektioner, reparationer och utbyten, vilket minimerar driftstopp och \u00f6kar produktiviteten.<\/p>\n<p><img decoding=\"async\" src=\"https:\/\/www.hydraulic-cylinders.net\/wp-content\/uploads\/2025\/04\/songte-oil-pipes-and-spare-parts.webp\" alt=\"Bild av oljer\u00f6r\"><\/p>\n<h2>T\u00e4tning och sm\u00f6rjning<\/h2>\n<p>Korrekt t\u00e4tning och sm\u00f6rjning \u00e4r avg\u00f6rande f\u00f6r bomcylindrars prestanda. Olika t\u00e4tningskomponenter, inklusive kolvt\u00e4tningar och st\u00e5ngt\u00e4tningar, anv\u00e4nds f\u00f6r att f\u00f6rhindra v\u00e4tskel\u00e4ckage. T\u00e4tningar tillverkade av slitstarka material som polyuretan och nitrilgummi ger slitstyrka. Cylinderhuset och de g\u00e4ngade \u00e4ndarna genomg\u00e5r finbearbetning f\u00f6r att \u00f6ka h\u00e5llbarheten och slitstyrkan. Regelbunden sm\u00f6rjning med l\u00e4mplig hydraulv\u00e4tska \u00e4r n\u00f6dv\u00e4ndig f\u00f6r att bibeh\u00e5lla cylinderns funktionalitet och livsl\u00e4ngd, vilket s\u00e4kerst\u00e4ller smidig drift och f\u00f6rhindrar slitage \u00f6ver tid.<\/p>\n<h2>F\u00f6rebyggande underh\u00e5lls\u00e5tg\u00e4rder<\/h2>\n<ul>\n<li><strong>Regelbundna inspektioner:<\/strong> Utf\u00f6r regelbundna visuella inspektioner f\u00f6r att identifiera tecken p\u00e5 slitage eller l\u00e4ckor. Att uppt\u00e4cka problem tidigt kan f\u00f6rhindra kostsamma reparationer och f\u00f6rl\u00e4ngda driftstopp.<\/li>\n<li><strong>Sm\u00f6rjkontroller:<\/strong> S\u00e4kerst\u00e4ll att hydraulv\u00e4tskeniv\u00e5erna \u00e4r tillr\u00e4ckliga och att r\u00e4tt typ av v\u00e4tska anv\u00e4nds. Korrekt sm\u00f6rjning minimerar friktion och slitage p\u00e5 r\u00f6rliga delar.<\/li>\n<li><strong>Byte av t\u00e4tningar:<\/strong> Byt ut t\u00e4tningar n\u00e4r tecken p\u00e5 slitage eller l\u00e4ckage uppst\u00e5r. Regelbundet underh\u00e5ll av t\u00e4tningar f\u00f6rl\u00e4nger cylinderns livsl\u00e4ngd och bibeh\u00e5ller hydraulisk effektivitet.<\/li>\n<\/ul>\n<h2>Installationsriktlinjer<\/h2>\n<p>Korrekt installation av bomcylindrar \u00e4r avg\u00f6rande f\u00f6r effektiv drift. B\u00f6rja med att s\u00e4kerst\u00e4lla att cylindern \u00e4r korrekt inriktad med monteringsf\u00e4stena. Anv\u00e4nd l\u00e4mplig monteringsutrustning f\u00f6r att s\u00e4kra cylindern och f\u00f6rhindra r\u00f6relse under drift. Se till att ansluta hydraulledningarna enligt tillverkarens specifikationer och s\u00e4kerst\u00e4ll att fl\u00f6det \u00e4r korrekt riktat. Efter installationen, kontrollera om det finns l\u00e4ckor och testa cylinderns funktion f\u00f6r att s\u00e4kerst\u00e4lla funktionalitet. Inspektera regelbundet installationen f\u00f6r att uppr\u00e4tth\u00e5lla prestanda och s\u00e4kerhetsstandarder.<\/p>\n<h2>Vanliga underh\u00e5llsuppgifter<\/h2>\n<ul>\n<li><strong>Regelbundna inspektioner:<\/strong> Rutinkontroller f\u00f6r slitage \u00e4r avg\u00f6rande. Detta inneb\u00e4r att leta efter tecken p\u00e5 l\u00e4ckage av hydraulv\u00e4tska, kontrollera t\u00e4tningarnas skick och s\u00e4kerst\u00e4lla cylinderstrukturens integritet. Snabb identifiering av potentiella problem kan f\u00f6rhindra st\u00f6rre haverier.<\/li>\n<li><strong>Korrekt sm\u00f6rjning:<\/strong> Se till att hydraulv\u00e4tskan har rekommenderade niv\u00e5er och \u00e4r av r\u00e4tt typ. Sm\u00f6rjning minskar friktion och f\u00f6rhindrar slitage, vilket \u00e4r avg\u00f6rande f\u00f6r att bibeh\u00e5lla hydraulsystemets effektivitet.<\/li>\n<li><strong>Byte av t\u00e4tningar:<\/strong> \u00d6vervaka t\u00e4tningarnas skick och byt ut dem vid behov. Gamla eller slitna t\u00e4tningar kan leda till l\u00e4ckage av hydraulv\u00e4tska, vilket \u00e4ventyrar cylinderns prestanda och effektivitet.<\/li>\n<\/ul>\n<h2>S\u00e4kerhetsaspekter och milj\u00f6faktorer<\/h2>\n<p>Vid arbete med hydrauliska system \u00e4r det avg\u00f6rande att implementera s\u00e4kerhets\u00e5tg\u00e4rder. F\u00f6lj alltid tillverkarens riktlinjer f\u00f6r driftstryck och lastkapacitet. Korrekt utbildning av operat\u00f6rer och regelbundna underh\u00e5llskontroller \u00e4r n\u00f6dv\u00e4ndiga f\u00f6r att garantera s\u00e4kerheten. T\u00e4nk dessutom p\u00e5 milj\u00f6p\u00e5verkan fr\u00e5n hydraulv\u00e4tskor och s\u00e4kerst\u00e4ll korrekta avfallsmetoder f\u00f6r allt avfall som genereras under underh\u00e5ll.<\/p>\n<h2>Fels\u00f6kning och vanliga problem<\/h2>\n<ul>\n<li><strong>L\u00e4ckage:<\/strong> Identifiera k\u00e4llan till l\u00e4ckaget, vilket ofta uppst\u00e5r vid t\u00e4tningar eller kopplingar. Att dra \u00e5t anslutningar eller byta ut slitna t\u00e4tningar kan ofta l\u00f6sa problemet.<\/li>\n<li><strong>Svarsl\u00f6s cylinder:<\/strong> Om cylindern inte svarar, kontrollera hydraulv\u00e4tskeniv\u00e5erna och leta efter blockeringar i hydraulledningarna. Att s\u00e4kerst\u00e4lla korrekt v\u00e4tskefl\u00f6de \u00e4r avg\u00f6rande f\u00f6r att motorn ska kunna svara.<\/li>\n<li><strong>\u00d6verdrivet buller:<\/strong> Ljud under drift kan tyda p\u00e5 l\u00e5ga oljeniv\u00e5er eller luft i systemet. Att lufta systemet och s\u00e4kerst\u00e4lla att v\u00e4tskeniv\u00e5erna \u00e4r tillr\u00e4ckliga kan ofta \u00e5tg\u00e4rda detta problem.<\/li>\n<\/ul>\n<p>Att vidta proaktiva \u00e5tg\u00e4rder f\u00f6r att diagnostisera och \u00e5tg\u00e4rda dessa problem kan minimera driftstopp och f\u00f6rb\u00e4ttra effektiviteten i din verksamhet.<\/p>\n<p><img decoding=\"async\" src=\"https:\/\/www.hydraulic-cylinders.net\/wp-content\/uploads\/2025\/04\/songte-bushings-with-all-kinds-of-excavator-models.webp\" alt=\"Bussningar Bild\"><\/p>\n<h2>F\u00f6retags\u00f6versikt<\/h2>\n<p>Vi \u00e4r en ledande tillverkare och grossist av hydraulcylindrar, specialiserade p\u00e5 att tillhandah\u00e5lla h\u00f6gkvalitativa alternativa cylindrar f\u00f6r olika till\u00e4mpningar. V\u00e5rt engagemang f\u00f6r excellens understryks av v\u00e5ra avancerade produktionsledningsstrategier, som utnyttjar skicklig personal och h\u00f6gkvalitativ tillverkningsutrustning. Vi f\u00f6rb\u00e4ttrar kontinuerligt v\u00e5ra tillverkningsprocesser f\u00f6r att m\u00f6ta olika kunders behov med effektivitet och precision. V\u00e5ra certifieringar \u00e5terspeglar v\u00e5r integritet och v\u00e5rt engagemang f\u00f6r kvalitet, medan v\u00e5ra kundanpassade tj\u00e4nster s\u00e4kerst\u00e4ller att vi effektivt kan m\u00f6ta specifika kundkrav.<\/p>\n<p><img decoding=\"async\" src=\"https:\/\/www.hydraulic-cylinders.net\/wp-content\/uploads\/2025\/04\/songte-company-4.webp\" alt=\"F\u00f6retags\u00f6versiktsbild\"><br \/>\n<img decoding=\"async\" src=\"https:\/\/www.hydraulic-cylinders.net\/wp-content\/uploads\/2025\/04\/songte-company-3.webp\" alt=\"F\u00f6retagstillverkningsbild\"><\/p>\n<p>F\u00f6rfattare: lyl<\/p>","protected":false},"excerpt":{"rendered":"<p>Boom Cylinder For Caterpillar Large Excavator E336DL Understanding the Boom Cylinder The boom cylinder is a vital component in the hydraulic system of heavy machinery, particularly in excavators like the Caterpillar E336DL. This hydraulic cylinder is specifically designed to control the movement of the boom, which is responsible for lifting, lowering, and tilting the bucket. [&hellip;]<\/p>","protected":false},"featured_media":17879,"comment_status":"open","ping_status":"closed","template":"","meta":{"_et_pb_use_builder":"","_et_pb_old_content":"","_et_gb_content_width":""},"product_brand":[],"product_cat":[1546],"product_tag":[1547,1496],"class_list":{"0":"post-18967","1":"product","2":"type-product","3":"status-publish","4":"has-post-thumbnail","6":"product_cat-boom-cylinders","7":"product_tag-boom-cylinders","8":"product_tag-hydraulic-cylinders","10":"first","11":"instock","12":"shipping-taxable","13":"product-type-simple"},"amp_enabled":true,"_links":{"self":[{"href":"https:\/\/www.hydraulic-cylinders.net\/sv\/wp-json\/wp\/v2\/product\/18967","targetHints":{"allow":["GET"]}}],"collection":[{"href":"https:\/\/www.hydraulic-cylinders.net\/sv\/wp-json\/wp\/v2\/product"}],"about":[{"href":"https:\/\/www.hydraulic-cylinders.net\/sv\/wp-json\/wp\/v2\/types\/product"}],"replies":[{"embeddable":true,"href":"https:\/\/www.hydraulic-cylinders.net\/sv\/wp-json\/wp\/v2\/comments?post=18967"}],"wp:featuredmedia":[{"embeddable":true,"href":"https:\/\/www.hydraulic-cylinders.net\/sv\/wp-json\/wp\/v2\/media\/17879"}],"wp:attachment":[{"href":"https:\/\/www.hydraulic-cylinders.net\/sv\/wp-json\/wp\/v2\/media?parent=18967"}],"wp:term":[{"taxonomy":"product_brand","embeddable":true,"href":"https:\/\/www.hydraulic-cylinders.net\/sv\/wp-json\/wp\/v2\/product_brand?post=18967"},{"taxonomy":"product_cat","embeddable":true,"href":"https:\/\/www.hydraulic-cylinders.net\/sv\/wp-json\/wp\/v2\/product_cat?post=18967"},{"taxonomy":"product_tag","embeddable":true,"href":"https:\/\/www.hydraulic-cylinders.net\/sv\/wp-json\/wp\/v2\/product_tag?post=18967"}],"curies":[{"name":"wp","href":"https:\/\/api.w.org\/{rel}","templated":true}]}}