{"id":18974,"date":"2025-04-07T06:04:58","date_gmt":"2025-04-07T06:04:58","guid":{"rendered":"https:\/\/www.hydraulic-cylinders.net\/product\/boom-cylinder-for-caterpillar-large-excavator-e349d\/"},"modified":"2025-04-07T06:05:00","modified_gmt":"2025-04-07T06:05:00","slug":"boom-cylinder-for-caterpillar-large-excavator-e349d","status":"publish","type":"product","link":"https:\/\/www.hydraulic-cylinders.net\/sv\/produkt\/boom-cylinder-for-caterpillar-large-excavator-e349d\/","title":{"rendered":"Bomcylinder f\u00f6r Caterpillar stor gr\u00e4vmaskin E349D"},"content":{"rendered":"<h1>Bomcylinder f\u00f6r Caterpillar stor gr\u00e4vmaskin E349D<\/h1>\n<h2>Introduktion till bomcylinder<\/h2>\n<p>Bomcylindern \u00e4r en viktig hydraulisk komponent som \u00e4r speciellt utformad f\u00f6r tunga maskiner, s\u00e4rskilt gr\u00e4vmaskinen Caterpillar E349D. Denna hydraulcylinder ansvarar f\u00f6r att styra bommens r\u00f6relse, vilket g\u00f6r att gr\u00e4vmaskinen kan utf\u00f6ra sina prim\u00e4ra funktioner med precision och effektivitet. Bomcylindern underl\u00e4ttar lyftning, s\u00e4nkning och lutning av bommen, vilket \u00e4r avg\u00f6rande f\u00f6r olika materialhanteringsuppgifter inom bygg- och gr\u00e4varbeten.<\/p>\n<p><img decoding=\"async\" src=\"https:\/\/www.hydraulic-cylinders.net\/wp-content\/uploads\/2025\/04\/songte-company-1.webp\" alt=\"Bild av bomcylinder\"><\/p>\n<h3>Definition och \u00f6versikt<\/h3>\n<p>Hydraulcylindrar, inklusive bomcylindern, \u00e4r mekaniska anordningar som omvandlar hydraulisk energi till mekanisk energi. N\u00e4r det g\u00e4ller bomcylindern m\u00f6jligg\u00f6r den ledad hantering av gr\u00e4vmaskinens bom. Denna r\u00f6relse g\u00f6r det m\u00f6jligt f\u00f6r f\u00f6rare att gr\u00e4va, lyfta och transportera material effektivt. Det hydrauliska systemet anv\u00e4nder trycksatt v\u00e4tska f\u00f6r att skapa r\u00f6relse, vilket m\u00f6jligg\u00f6r smidig och kontrollerad drift, vilket \u00e4r avg\u00f6rande i komplexa uppgifter d\u00e4r precision \u00e4r nyckeln.<\/p>\n<h2>Funktioner hos bomcylindern<\/h2>\n<ul>\n<li><strong>H\u00f6g styrka och h\u00e5llbarhet:<\/strong> Vanligtvis tillverkade av h\u00f6gh\u00e5llfast st\u00e5l eller aluminium f\u00f6r att motst\u00e5 h\u00f6gt tryck och tunga belastningar, vilket s\u00e4kerst\u00e4ller l\u00e5ng livsl\u00e4ngd i tuffa arbetsmilj\u00f6er.<\/li>\n<li><strong>Effektiv hydraulisk drift:<\/strong> Anv\u00e4nder hydrauloljetryck f\u00f6r att uppn\u00e5 smidig ut- och indragning, vilket ger snabb respons p\u00e5 f\u00f6rarens kommandon och producerar betydande tryck- och dragkraft.<\/li>\n<li><strong>Olika typer:<\/strong> Finns i enkelverkande eller dubbelverkande utf\u00f6randen f\u00f6r att m\u00f6ta olika driftsbehov, med vissa modeller med teleskopisk design som m\u00f6jligg\u00f6r ut\u00f6kad r\u00e4ckvidd utan att \u00f6ka de ytterm\u00e5tten.<\/li>\n<li><strong>F\u00f6rb\u00e4ttrad slitstyrka:<\/strong> Utformad med h\u00e4nsyn till slitage- och korrosionsbest\u00e4ndighet, vilket f\u00f6rl\u00e4nger produktens livsl\u00e4ngd under kr\u00e4vande f\u00f6rh\u00e5llanden.<\/li>\n<li><strong>Enkelt underh\u00e5ll:<\/strong> Konstruerad f\u00f6r enkelt underh\u00e5ll, vilket m\u00f6jligg\u00f6r snabba inspektioner och rutinm\u00e4ssig service f\u00f6r att s\u00e4kerst\u00e4lla optimal drift.<\/li>\n<\/ul>\n<h2>Produktionskapacitet<\/h2>\n<p>Vi har kapacitet att tillverka bomcylindrar och andra hydraulcylindrar som perfekt ers\u00e4tter befintliga modeller. V\u00e5ra produkter \u00e4r utformade med precision och kvalitet i \u00e5tanke, vilket s\u00e4kerst\u00e4ller kompatibilitet och prestanda som uppfyller eller \u00f6vertr\u00e4ffar branschstandarder.<\/p>\n<p><img decoding=\"async\" src=\"https:\/\/www.hydraulic-cylinders.net\/wp-content\/uploads\/2025\/04\/songte-cylinder-head-with-all-kinds-excavator-models.webp\" alt=\"Cylindrar f\u00f6r gr\u00e4vmaskinsmodeller\"><\/p>\n<h2>Applikationsscenarier<\/h2>\n<h3>Byggutrustning<\/h3>\n<p>I entreprenadmaskiner som gr\u00e4vmaskiner \u00e4r bomcylindrar avg\u00f6rande f\u00f6r gr\u00e4vning, lastning och f\u00f6rflyttning av jord eller skr\u00e4p. Den exakta kontrollen som dessa cylindrar erbjuder g\u00f6r det m\u00f6jligt f\u00f6r f\u00f6rare att utf\u00f6ra komplicerade uppgifter, vilket \u00f6kar produktiviteten p\u00e5 plats.<\/p>\n<h3>Jordbruksmaskiner<\/h3>\n<p>Bomcylindrar anv\u00e4nds ocks\u00e5 i frontlastare, d\u00e4r de hj\u00e4lper till att \u00f6sa, lyfta och transportera jord, h\u00f6 och andra material, vilket g\u00f6r dem oumb\u00e4rliga inom jordbruksverksamhet.<\/p>\n<h3>Gr\u00e4vmaskiner<\/h3>\n<p>I gr\u00e4vmaskiner underl\u00e4ttar bomcylindern gr\u00e4vningen genom att l\u00e5ta skopan tr\u00e4nga ner i marken effektivt, vilket \u00e4r avg\u00f6rande f\u00f6r gr\u00e4vprojekt.<\/p>\n<h3>Lastare<\/h3>\n<p>I frontlastare hj\u00e4lper bomcylindrar till att lyfta och dumpa laster effektivt, vilket \u00e4r avg\u00f6rande f\u00f6r materialhanteringsuppgifter inom olika branscher.<\/p>\n<h2>Design\u00f6verv\u00e4ganden<\/h2>\n<h3>Lastkapacitet<\/h3>\n<p>En av de viktigaste faktorerna vid konstruktionen av en bomcylinder \u00e4r dess lastkapacitet. Den m\u00e5ste kunna hantera vikten och belastningen fr\u00e5n de laster den ska hantera utan att kompromissa med s\u00e4kerhet eller prestanda. Detta kr\u00e4ver noggrant val av material och tekniska metoder f\u00f6r att s\u00e4kerst\u00e4lla att cylindern kan motst\u00e5 de dynamiska krafter som uppst\u00e5r under drift.<\/p>\n<h3>T\u00e4tningsprestanda<\/h3>\n<p>Effektiv t\u00e4tning \u00e4r avg\u00f6rande f\u00f6r att f\u00f6rhindra l\u00e4ckage av hydraulv\u00e4tska och s\u00e4kerst\u00e4lla driftseffektivitet. Valet av t\u00e4tningar och packningar m\u00e5ste ta h\u00e4nsyn till arbetsmilj\u00f6n, temperaturfluktuationer och vilken typ av hydraulv\u00e4tska som anv\u00e4nds. H\u00f6gkvalitativa t\u00e4tningar kan avsev\u00e4rt f\u00f6rl\u00e4nga hydraulcylinderns livsl\u00e4ngd.<\/p>\n<h3>Varaktighet<\/h3>\n<p>Bomcylinderns h\u00e5llbarhet \u00e4r av st\u00f6rsta vikt med tanke p\u00e5 de kr\u00e4vande f\u00f6rh\u00e5llanden den arbetar under. Faktorer som materialval, ytbehandling och designfunktioner spelar en avg\u00f6rande roll f\u00f6r att f\u00f6rb\u00e4ttra h\u00e5llbarheten, vilket g\u00f6r att cylindern kan motst\u00e5 slipande material och korrosiva element.<\/p>\n<h3>S\u00e4kerhetsfunktioner<\/h3>\n<p>S\u00e4kerhet \u00e4r en prim\u00e4r faktor vid konstruktionen av hydraulcylindrar. Genom att integrera funktioner som tryckavlastningsventiler och spr\u00e4ngbleck kan katastrofala fel f\u00f6rhindras, vilket s\u00e4kerst\u00e4ller b\u00e5de operat\u00f6rers och maskiners s\u00e4kerhet under drift.<\/p>\n<h3>Tillg\u00e4nglighet f\u00f6r underh\u00e5ll<\/h3>\n<p>Att utforma f\u00f6r \u00e5tkomst vid underh\u00e5ll \u00e4r avg\u00f6rande f\u00f6r hydraulcylindrar. Att integrera funktioner som m\u00f6jligg\u00f6r enkel inspektion och service kan minska driftstopp och f\u00f6rl\u00e4nga utrustningens livsl\u00e4ngd.<\/p>\n<p><img decoding=\"async\" src=\"https:\/\/www.hydraulic-cylinders.net\/wp-content\/uploads\/2025\/04\/songte-oil-pipes-and-spare-parts.webp\" alt=\"Hydrauliska delar och t\u00e4tningar\"><\/p>\n<h2>T\u00e4tning och sm\u00f6rjning<\/h2>\n<p>Korrekt t\u00e4tning och sm\u00f6rjning \u00e4r avg\u00f6rande f\u00f6r effektiv drift av hydraulcylindrar. Olika t\u00e4tningskomponenter, s\u00e5som kolvt\u00e4tningar och kolvst\u00e5ngst\u00e4tningar, spelar en avg\u00f6rande roll f\u00f6r att uppr\u00e4tth\u00e5lla hydraulisk integritet. T\u00e4tningar tillverkade av slitstarka material som polyuretan och nitrilgummi anv\u00e4nds ofta f\u00f6r att motst\u00e5 slitage. Dessutom \u00e4r cylinderhuset och de g\u00e4ngade \u00e4ndarna precisionsbearbetade f\u00f6r att f\u00f6rb\u00e4ttra slitstyrkan. Regelbunden sm\u00f6rjning med hydraulolja \u00e4r n\u00f6dv\u00e4ndig f\u00f6r att s\u00e4kerst\u00e4lla smidig drift och f\u00f6r att f\u00f6rhindra friktionsrelaterade skador.<\/p>\n<h2>F\u00f6rebyggande underh\u00e5lls\u00e5tg\u00e4rder<\/h2>\n<ul>\n<li><strong>Regelbundna inspektioner:<\/strong> Att utf\u00f6ra rutinm\u00e4ssiga inspektioner av cylindern f\u00f6r tecken p\u00e5 slitage, l\u00e4ckor eller skador kan hj\u00e4lpa till att identifiera problem innan de eskalerar, vilket s\u00e4kerst\u00e4ller maskineriets fortsatta tillf\u00f6rlitlighet.<\/li>\n<li><strong>Sm\u00f6rjning:<\/strong> Att s\u00e4kerst\u00e4lla att cylindern \u00e4r tillr\u00e4ckligt smord minskar friktion och slitage, vilket bidrar till komponentens totala livsl\u00e4ngd.<\/li>\n<li><strong>Byte av t\u00e4tning:<\/strong> Regelbunden kontroll och byte av t\u00e4tningar vid behov f\u00f6rhindrar l\u00e4ckage och bibeh\u00e5ller det hydrauliska trycket i cylindern.<\/li>\n<\/ul>\n<h2>Installationsriktlinjer<\/h2>\n<p>Korrekt installation av bomcylindern \u00e4r avg\u00f6rande f\u00f6r dess prestanda. F\u00f6lj dessa riktlinjer f\u00f6r optimala resultat:<\/p>\n<ul>\n<li>Se till att cylindern \u00e4r korrekt inriktad med bommen f\u00f6r att f\u00f6rhindra felfunktion.<\/li>\n<li>Anv\u00e4nd l\u00e4mpliga monteringsf\u00e4sten f\u00f6r att s\u00e4kra cylindern p\u00e5 plats, vilket minimerar r\u00f6relser under drift.<\/li>\n<li>Kontrollera att alla hydrauliska anslutningar \u00e4r s\u00e4kra och fria fr\u00e5n l\u00e4ckor f\u00f6re drift.<\/li>\n<li>Kontrollera hydraulv\u00e4tskeniv\u00e5n och se till att den uppfyller tillverkarens specifikationer.<\/li>\n<li>Utf\u00f6r ett funktionstest efter installationen f\u00f6r att bekr\u00e4fta att cylindern fungerar felfritt.<\/li>\n<\/ul>\n<h2>Vanliga underh\u00e5llsuppgifter<\/h2>\n<h3>Regelbundna inspektioner<\/h3>\n<p>Regelbundna inspektioner av bomcylindern \u00e4r viktiga f\u00f6r att uppt\u00e4cka potentiella problem tidigt. Detta inkluderar kontroll av tecken p\u00e5 l\u00e4ckage, slitage eller feljustering. Att se till att cylindern \u00e4r i gott skick kan avsev\u00e4rt minska risken f\u00f6r driftst\u00f6rningar.<\/p>\n<h3>L\u00e4mplig sm\u00f6rjning<\/h3>\n<p>Att uppr\u00e4tth\u00e5lla korrekt sm\u00f6rjning \u00e4r avg\u00f6rande f\u00f6r att hydraulcylindern ska fungera smidigt. Regelbunden applicering av r\u00e4tt typ och m\u00e4ngd hydraulolja s\u00e4kerst\u00e4ller att t\u00e4tningarna f\u00f6rblir effektiva och att friktionen minimeras, vilket bidrar till en l\u00e4ngre livsl\u00e4ngd f\u00f6r cylindern.<\/p>\n<h3>T\u00e4tningsbyte och kalibreringskontroller<\/h3>\n<p>Med tiden kan t\u00e4tningar slitas ut och beh\u00f6va bytas ut. Regelbunden kontroll av t\u00e4tningarna f\u00f6r tecken p\u00e5 slitage och byte av dem vid behov bidrar till att bibeh\u00e5lla den hydrauliska effektiviteten. Kalibreringskontroller s\u00e4kerst\u00e4ller att cylindern fungerar inom de angivna parametrarna, vilket f\u00f6rhindrar potentiella skador och s\u00e4kerst\u00e4ller optimal prestanda.<\/p>\n<p><img decoding=\"async\" src=\"https:\/\/www.hydraulic-cylinders.net\/wp-content\/uploads\/2025\/04\/songte-chushion-collar.webp\" alt=\"Bild av kuddekrage\"><\/p>\n<h2>S\u00e4kerhets\u00f6verv\u00e4ganden<\/h2>\n<p>S\u00e4kerhets\u00e5tg\u00e4rder \u00e4r av st\u00f6rsta vikt vid hantering av hydraulcylindrar. Korrekt utbildning av operat\u00f6rer, efterlevnad av s\u00e4kerhetsprotokoll och anv\u00e4ndning av personlig skyddsutrustning (PPE) \u00e4r avg\u00f6rande. Att s\u00e4kerst\u00e4lla att alla s\u00e4kerhetsfunktioner i hydraulsystemet fungerar kan f\u00f6rhindra olyckor och skador under drift.<\/p>\n<h2>Feldiagnos och vanliga problem<\/h2>\n<ul>\n<li><strong>L\u00e4ckage:<\/strong> Ett av de vanligaste problemen \u00e4r l\u00e4ckage av hydraulv\u00e4tska, vilket kan bero p\u00e5 slitna t\u00e4tningar eller skadade komponenter. Regelbundna inspektioner kan hj\u00e4lpa till att identifiera och \u00e5tg\u00e4rda l\u00e4ckor snabbt.<\/li>\n<li><strong>D\u00e5lig prestanda:<\/strong> Om cylindern inte f\u00e4lls ut eller in smidigt kan det tyda p\u00e5 l\u00e5ga hydraulv\u00e4tskeniv\u00e5er eller interna skador. Att fels\u00f6ka dessa problem snabbt \u00e4r avg\u00f6rande f\u00f6r att undvika ytterligare skador.<\/li>\n<li><strong>\u00d6verhettning:<\/strong> \u00d6verdriven v\u00e4rme kan orsaka att hydraulv\u00e4tskan bryts ner, vilket leder till d\u00e5lig prestanda. Regelbunden \u00f6vervakning av driftstemperaturerna kan bidra till att mildra detta problem.<\/li>\n<\/ul>\n<h2>Fels\u00f6kningstips<\/h2>\n<p>F\u00f6r att effektivt diagnostisera och l\u00f6sa problem med bomcylindern, \u00f6verv\u00e4g f\u00f6ljande tips:<\/p>\n<ul>\n<li>Utf\u00f6r en visuell inspektion f\u00f6r att uppt\u00e4cka tecken p\u00e5 skador eller slitage.<\/li>\n<li>Kontrollera hydraulv\u00e4tskeniv\u00e5erna och fyll p\u00e5 vid behov.<\/li>\n<li>Kontrollera t\u00e4tningarna f\u00f6r tecken p\u00e5 nedbrytning och byt ut dem vid behov.<\/li>\n<li>Se tillverkarens fels\u00f6kningsanvisningar f\u00f6r specifika problem relaterade till cylindern.<\/li>\n<\/ul>\n<p><img decoding=\"async\" src=\"https:\/\/www.hydraulic-cylinders.net\/wp-content\/uploads\/2025\/04\/songte-bushings-with-all-kinds-of-excavator-models.webp\" alt=\"Bussning f\u00f6r gr\u00e4vmaskinsmodeller\"><\/p>\n<h2>F\u00f6retags\u00f6versikt<\/h2>\n<p>Vi \u00e4r en ledande tillverkare av hydraulcylindrar f\u00f6r reservdelar och erbjuder ett brett utbud av produkter f\u00f6r att m\u00f6ta behoven p\u00e5 b\u00e5de inhemska och internationella marknader. V\u00e5rt engagemang f\u00f6r h\u00f6gsta kvalitet och precisionstillverkning har positionerat oss som en p\u00e5litlig partner inom hydraulcylinderindustrin. Vi utnyttjar avancerad tillverkningsteknik, skicklig teknisk personal och ett robust kvalitetss\u00e4kringssystem f\u00f6r att f\u00f6rb\u00e4ttra v\u00e5r produktionskapacitet och s\u00e4kerst\u00e4lla att v\u00e5ra produkter uppfyller de h\u00f6gsta standarderna.<\/p>\n<p><img decoding=\"async\" src=\"https:\/\/www.hydraulic-cylinders.net\/wp-content\/uploads\/2025\/04\/songte-company-4.webp\" alt=\"F\u00f6retagets tillverkningsanl\u00e4ggning\"><br \/>\n<img decoding=\"async\" src=\"https:\/\/www.hydraulic-cylinders.net\/wp-content\/uploads\/2025\/04\/songte-company-3.webp\" alt=\"F\u00f6retagsproduktionsutrustning\"><\/p>\n<h3>Professionalism och certifieringar<\/h3>\n<p>V\u00e5rt team best\u00e5r av h\u00f6gkvalificerade yrkesm\u00e4n som \u00e4r dedikerade till att leverera produkter av h\u00f6gsta kvalitet. Vi har internationella certifieringar som intygar v\u00e5rt engagemang f\u00f6r kvalitet och tillf\u00f6rlitlighet, vilket s\u00e4kerst\u00e4ller att v\u00e5ra kunder f\u00e5r produkter de kan lita p\u00e5.<\/p>\n<h3>Anpassade tj\u00e4nster<\/h3>\n<p>Vi erbjuder skr\u00e4ddarsydda hydraulcylinderl\u00f6sningar skr\u00e4ddarsydda f\u00f6r att m\u00f6ta specifika kunders krav, vilket s\u00e4kerst\u00e4ller att vi kan hantera unika applikationer effektivt.<\/p>\n<h3>Produktionsutrustning<\/h3>\n<p>Med hj\u00e4lp av toppmodern tillverkningsutrustning uppr\u00e4tth\u00e5ller vi h\u00f6ga niv\u00e5er av operativ effektivitet och precision i v\u00e5ra produktionsprocesser, vilket m\u00f6jligg\u00f6r snabb leverans av h\u00f6gkvalitativa produkter.<\/p>\n<h3>Eftermarknadssupport<\/h3>\n<p>V\u00e5rt engagemang f\u00f6r kundn\u00f6jdhet str\u00e4cker sig bortom f\u00f6rs\u00e4ljningen. Vi erbjuder omfattande support efter f\u00f6rs\u00e4ljning, inklusive underh\u00e5llsr\u00e5d och fels\u00f6kningshj\u00e4lp, f\u00f6r att s\u00e4kerst\u00e4lla att v\u00e5ra kunder f\u00e5r ut det mesta av sina produkter.<\/p>\n<p>F\u00f6rfattare: lyl<\/p>","protected":false},"excerpt":{"rendered":"<p>Boom Cylinder For Caterpillar Large Excavator E349D Introduction to Boom Cylinder The Boom Cylinder is an essential hydraulic component designed specifically for heavy machinery, particularly the Caterpillar E349D excavator. This hydraulic cylinder is responsible for controlling the movement of the boom, enabling the excavator to perform its primary functions with precision and efficiency. The boom [&hellip;]<\/p>","protected":false},"featured_media":17871,"comment_status":"open","ping_status":"closed","template":"","meta":{"_et_pb_use_builder":"","_et_pb_old_content":"","_et_gb_content_width":""},"product_brand":[],"product_cat":[1546],"product_tag":[1547,1496],"class_list":{"0":"post-18974","1":"product","2":"type-product","3":"status-publish","4":"has-post-thumbnail","6":"product_cat-boom-cylinders","7":"product_tag-boom-cylinders","8":"product_tag-hydraulic-cylinders","10":"first","11":"instock","12":"shipping-taxable","13":"product-type-simple"},"amp_enabled":true,"_links":{"self":[{"href":"https:\/\/www.hydraulic-cylinders.net\/sv\/wp-json\/wp\/v2\/product\/18974","targetHints":{"allow":["GET"]}}],"collection":[{"href":"https:\/\/www.hydraulic-cylinders.net\/sv\/wp-json\/wp\/v2\/product"}],"about":[{"href":"https:\/\/www.hydraulic-cylinders.net\/sv\/wp-json\/wp\/v2\/types\/product"}],"replies":[{"embeddable":true,"href":"https:\/\/www.hydraulic-cylinders.net\/sv\/wp-json\/wp\/v2\/comments?post=18974"}],"wp:featuredmedia":[{"embeddable":true,"href":"https:\/\/www.hydraulic-cylinders.net\/sv\/wp-json\/wp\/v2\/media\/17871"}],"wp:attachment":[{"href":"https:\/\/www.hydraulic-cylinders.net\/sv\/wp-json\/wp\/v2\/media?parent=18974"}],"wp:term":[{"taxonomy":"product_brand","embeddable":true,"href":"https:\/\/www.hydraulic-cylinders.net\/sv\/wp-json\/wp\/v2\/product_brand?post=18974"},{"taxonomy":"product_cat","embeddable":true,"href":"https:\/\/www.hydraulic-cylinders.net\/sv\/wp-json\/wp\/v2\/product_cat?post=18974"},{"taxonomy":"product_tag","embeddable":true,"href":"https:\/\/www.hydraulic-cylinders.net\/sv\/wp-json\/wp\/v2\/product_tag?post=18974"}],"curies":[{"name":"wp","href":"https:\/\/api.w.org\/{rel}","templated":true}]}}