{"id":18975,"date":"2025-04-07T06:05:00","date_gmt":"2025-04-07T06:05:00","guid":{"rendered":"https:\/\/www.hydraulic-cylinders.net\/product\/boom-cylinder-for-caterpillar-large-excavator-e345dl\/"},"modified":"2025-04-07T06:05:21","modified_gmt":"2025-04-07T06:05:21","slug":"boom-cylinder-for-caterpillar-large-excavator-e345dl","status":"publish","type":"product","link":"https:\/\/www.hydraulic-cylinders.net\/sv\/produkt\/boom-cylinder-for-caterpillar-large-excavator-e345dl\/","title":{"rendered":"Bomcylinder f\u00f6r Caterpillar stor gr\u00e4vmaskin E345DL"},"content":{"rendered":"<h1>Bomcylinder f\u00f6r Caterpillar stor gr\u00e4vmaskin E345DL<\/h1>\n<h2>Introduktion till bomcylinder<\/h2>\n<p>Bomcylindern \u00e4r en kritisk komponent i hydraulsystem, speciellt utformad f\u00f6r att hantera r\u00f6relsen av skopor i tunga maskiner som gr\u00e4vmaskiner, gr\u00e4vlastare och frontlastare. Denna hydraulcylinder g\u00f6r att skopan kan lyftas, s\u00e4nkas och lutas, vilket underl\u00e4ttar effektiva materialhanteringsuppgifter. Bomcylindrarnas design och funktionalitet \u00e4r avg\u00f6rande f\u00f6r att optimera prestandan hos gr\u00e4vutrustning.<\/p>\n<p>I hydrauliska system fungerar bomcylindern genom att omvandla hydraultryck till mekanisk kraft, vilket m\u00f6jligg\u00f6r smidiga och precisa r\u00f6relser. Denna operation \u00e4r avg\u00f6rande i bygg- och rivningsmilj\u00f6er, d\u00e4r tunga lyft och noggrann placering av material kr\u00e4vs. Med r\u00e4tt bomcylinder kan operat\u00f6rer maximera produktiviteten samtidigt som de minimerar stillest\u00e5ndstid och underh\u00e5llsproblem.<\/p>\n<p><img decoding=\"async\" src=\"https:\/\/www.hydraulic-cylinders.net\/wp-content\/uploads\/2025\/04\/songte-company-1.webp\" alt=\"Bomcylinder\" \/><\/p>\n<h2>Funktioner hos bomcylindern<\/h2>\n<ul>\n<li><strong>H\u00f6g styrka och h\u00e5llbarhet:<\/strong> Bomcylindern, som vanligtvis \u00e4r tillverkad av h\u00f6gh\u00e5llfast st\u00e5l eller aluminium, \u00e4r konstruerad f\u00f6r att motst\u00e5 h\u00f6gt tryck och tunga belastningar, vilket g\u00f6r den idealisk f\u00f6r tuffa arbetsmilj\u00f6er.<\/li>\n<li><strong>Effektiv hydraulisk drift:<\/strong> Cylindern anv\u00e4nder hydrauliskt oljetryck f\u00f6r smidig ut- och indragning, vilket ger snabb respons p\u00e5 man\u00f6verkommandon och levererar kraftfulla tryck- och dragkrafter.<\/li>\n<li><strong>Olika typer:<\/strong> Bomcylindern finns i enkelverkande (i en riktning) eller dubbelverkande (i b\u00e5da riktningarna) och kan skr\u00e4ddarsys f\u00f6r att m\u00f6ta olika driftsbehov, inklusive teleskopmodeller f\u00f6r \u00f6kad r\u00e4ckvidd utan att f\u00f6rstora ytterm\u00e5tten.<\/li>\n<li><strong>Underh\u00e5llsv\u00e4nlig design:<\/strong> Bomcylinderns konstruktion \u00e4r utformad med tanke p\u00e5 enkelt underh\u00e5ll, vilket s\u00e4kerst\u00e4ller att den f\u00f6rblir i drift med minimal stillest\u00e5ndstid.<\/li>\n<li><strong>Korrosionsbest\u00e4ndighet:<\/strong> Bomcylindrar \u00e4r konstruerade f\u00f6r att t\u00e5la exponering f\u00f6r olika element och har funktioner som skyddar mot korrosion och slitage, vilket f\u00f6rl\u00e4nger deras livsl\u00e4ngd.<\/li>\n<\/ul>\n<p>V\u00e5rt f\u00f6retag tillverkar denna produkt under strikta kvalitetskontroller, vilket s\u00e4kerst\u00e4ller att v\u00e5ra bomcylindrar \u00e4r perfekta ers\u00e4ttare f\u00f6r befintliga hydraulcylindrar.<\/p>\n<p><img decoding=\"async\" src=\"https:\/\/www.hydraulic-cylinders.net\/wp-content\/uploads\/2025\/04\/songte-cylinder-head-with-all-kinds-excavator-models.webp\" alt=\"Gr\u00e4vmaskinsmodeller\" \/><\/p>\n<h2>Anv\u00e4ndningsomr\u00e5den f\u00f6r bomcylindern<\/h2>\n<h3>Byggutrustning<\/h3>\n<p>I gr\u00e4vmaskiner \u00e4r bomcylindrar avg\u00f6rande f\u00f6r gr\u00e4vning, lastning och flyttning av jord eller skr\u00e4p. De g\u00f6r att skopan kan tr\u00e4nga ner i marken effektivt, vilket m\u00f6jligg\u00f6r effektiva gr\u00e4vningsoperationer. Bomcylinderns design s\u00e4kerst\u00e4ller att den kan hantera p\u00e5frestningarna p\u00e5 byggarbetsplatser, d\u00e4r tunga laster och tuffa f\u00f6rh\u00e5llanden \u00e4r vanliga.<\/p>\n<h3>Jordbruksmaskiner<\/h3>\n<p>I frontlastare m\u00f6jligg\u00f6r bomcylindrar lyftning, skopning och transport av material som jord och h\u00f6. Deras roll i jordbruksmaskiner \u00e4r avg\u00f6rande, eftersom de f\u00f6rb\u00e4ttrar maskinernas f\u00f6rm\u00e5ga att utf\u00f6ra flera uppgifter, vilket effektivt \u00f6kar produktiviteten p\u00e5 g\u00e5rdar och jordbruksplatser.<\/p>\n<h3>Gr\u00e4vmaskiner<\/h3>\n<p>I gr\u00e4vmaskiner g\u00f6r bomcylindern att skopan kan tr\u00e4nga ner i jorden, vilket underl\u00e4ttar gr\u00e4vningsprocessen. Genom att reglera skopans position kan f\u00f6rare uppn\u00e5 exakta gr\u00e4vdjup och vinklar, vilket f\u00f6rb\u00e4ttrar den totala effektiviteten vid gr\u00e4varbeten.<\/p>\n<h3>Lastare<\/h3>\n<p>P\u00e5 frontlastare hj\u00e4lper bomcylindrar till att lyfta och dumpa laster effektivt. Deras kraftfulla utskjutningsm\u00f6jligheter g\u00f6r det m\u00f6jligt f\u00f6r f\u00f6rare att man\u00f6vrera material enkelt, vilket effektiviserar lastning och lossning.<\/p>\n<h2>Design\u00f6verv\u00e4ganden och urvalskriterier<\/h2>\n<h3>Lastkapacitet<\/h3>\n<p>N\u00e4r man v\u00e4ljer en bomcylinder \u00e4r en av de viktigaste faktorerna dess lastkapacitet. Cylindern m\u00e5ste kunna hantera den maximala f\u00f6rv\u00e4ntade belastningen utan att kompromissa med s\u00e4kerhet eller prestanda. Tillverkare anger ofta lastklassningar baserade p\u00e5 omfattande tester, vilket s\u00e4kerst\u00e4ller att cylindern kan motst\u00e5 de extrema f\u00f6rh\u00e5llandena vid tunga maskiner. Att f\u00f6rst\u00e5 vikten p\u00e5 de material som hanteras och driftsfrekvenserna \u00e4r avg\u00f6rande f\u00f6r att best\u00e4mma l\u00e4mplig lastkapacitet f\u00f6r cylindern.<\/p>\n<h3>T\u00e4tningsmekanismer<\/h3>\n<p>Effektiv t\u00e4tning \u00e4r en annan viktig konstruktionsfaktor. Bomcylindern m\u00e5ste vara utrustad med h\u00f6gkvalitativa t\u00e4tningar f\u00f6r att f\u00f6rhindra l\u00e4ckage av hydraulv\u00e4tska, vilket kan leda till minskad effektivitet och potentiella skador. Materialen som anv\u00e4nds f\u00f6r t\u00e4tningar, s\u00e5som polyuretan eller nitrilgummi, m\u00e5ste motst\u00e5 slitage och korrosion samtidigt som de bibeh\u00e5ller en tillf\u00f6rlitlig t\u00e4tning under tryck. Underh\u00e5ll av dessa t\u00e4tningar \u00e4r avg\u00f6rande f\u00f6r att s\u00e4kerst\u00e4lla hydraulsystemets l\u00e5ngsiktiga funktion.<\/p>\n<h3>Varaktighet<\/h3>\n<p>H\u00e5llbarhet \u00e4r avg\u00f6rande n\u00e4r man v\u00e4ljer en bomcylinder. Cylindern b\u00f6r vara tillverkad av material som t\u00e5l tuffa arbetsmilj\u00f6er, inklusive exponering f\u00f6r extrema temperaturer, fukt och slipande material. Konstruktionen b\u00f6r inneh\u00e5lla funktioner som f\u00f6rb\u00e4ttrar motst\u00e5ndskraften mot slitage, vilket s\u00e4kerst\u00e4ller att cylindern bibeh\u00e5ller sin prestanda under kr\u00e4vande f\u00f6rh\u00e5llanden \u00f6ver tid.<\/p>\n<h3>S\u00e4kerhetsfunktioner<\/h3>\n<p>S\u00e4kerhet \u00e4r av st\u00f6rsta vikt i hydrauliska system. Utformningen av bomcylindern b\u00f6r inneh\u00e5lla s\u00e4kerhetsfunktioner som tryckavlastningsventiler, som f\u00f6rhindrar \u00f6verbelastning av systemet, och robusta monteringssystem som s\u00e4kerst\u00e4ller s\u00e4ker fasts\u00e4ttning p\u00e5 maskiner. Operat\u00f6rer m\u00e5ste vara medvetna om dessa s\u00e4kerhetsfunktioner och se till att de fungerar korrekt f\u00f6r att f\u00f6rhindra olyckor och skador p\u00e5 arbetsplatsen.<\/p>\n<h3>Tillg\u00e4nglighet f\u00f6r underh\u00e5ll<\/h3>\n<p>Enkelt underh\u00e5ll \u00e4r ocks\u00e5 en viktig designaspekt. Bomcylindern b\u00f6r vara utformad s\u00e5 att komponenterna \u00e4r l\u00e4tt\u00e5tkomliga f\u00f6r rutininspektioner och reparationer. Denna designaspekt hj\u00e4lper till att minimera driftstopp och s\u00e4kerst\u00e4ller att maskinen f\u00f6rblir i drift, vilket i slut\u00e4ndan f\u00f6rb\u00e4ttrar produktiviteten p\u00e5 arbetsplatsen. Tillverkare b\u00f6r \u00f6verv\u00e4ga att tillhandah\u00e5lla detaljerade servicemanualer som beskriver underh\u00e5llsprocedurer och intervall, vilket hj\u00e4lper operat\u00f6rerna att h\u00e5lla utrustningen i optimalt skick.<\/p>\n<p><img decoding=\"async\" src=\"https:\/\/www.hydraulic-cylinders.net\/wp-content\/uploads\/2025\/04\/songte-oil-pipes-and-spare-parts.webp\" alt=\"Oljer\u00f6r och reservdelar\" \/><\/p>\n<h2>T\u00e4tning och sm\u00f6rjning av bomcylindern<\/h2>\n<p>T\u00e4tning och sm\u00f6rjning av bomcylindrar \u00e4r avg\u00f6rande f\u00f6r att s\u00e4kerst\u00e4lla deras effektiva drift. Olika t\u00e4tningskomponenter, s\u00e5som kolvt\u00e4tningar och kolvst\u00e5ngst\u00e4tningar, spelar en avg\u00f6rande roll f\u00f6r att uppr\u00e4tth\u00e5lla hydraulv\u00e4tskans kapacitet. T\u00e4tningar tillverkade av slitstarka material som polyuretan och nitrilgummi erbjuder exceptionell slitstyrka och t\u00e5l de h\u00e5rda f\u00f6rh\u00e5llandena i bygg- och industrimilj\u00f6er.<\/p>\n<p>Cylinderhuset och de g\u00e4ngade \u00e4ndytorna genomg\u00e5r precisionsbearbetning f\u00f6r att f\u00f6rb\u00e4ttra slitstyrkan, vilket \u00e4r avg\u00f6rande f\u00f6r att minimera l\u00e4ckage och f\u00f6rl\u00e4nga cylinderns livsl\u00e4ngd. Regelbunden sm\u00f6rjning med l\u00e4mplig hydraulolja \u00e4r n\u00f6dv\u00e4ndig f\u00f6r att s\u00e4kerst\u00e4lla smidig drift och minska friktion mellan r\u00f6rliga delar. Denna sm\u00f6rjning b\u00f6r utf\u00f6ras regelbundet f\u00f6r att bibeh\u00e5lla optimal prestanda och f\u00f6rhindra potentiella problem relaterade till slitage.<\/p>\n<h2>Regelbunden inspektion och f\u00f6rebyggande underh\u00e5ll<\/h2>\n<ul>\n<li><strong>Visuell inspektion:<\/strong> Utf\u00f6r regelbundna visuella inspektioner f\u00f6r att uppt\u00e4cka tecken p\u00e5 slitage, l\u00e4ckage eller skador. Detta hj\u00e4lper till att identifiera problem innan de eskalerar till mer allvarliga problem.<\/li>\n<li><strong>Sm\u00f6rjning:<\/strong> S\u00e4kerst\u00e4ll att alla r\u00f6rliga delar \u00e4r tillr\u00e4ckligt smorda f\u00f6r att minska friktion och slitage. Schemal\u00e4gg sm\u00f6rjningen baserat p\u00e5 anv\u00e4ndningsfrekvens f\u00f6r att bibeh\u00e5lla optimal prestanda.<\/li>\n<li><strong>Byte av t\u00e4tning:<\/strong> Kontrollera regelbundet t\u00e4tningarnas skick och byt ut dem vid behov f\u00f6r att f\u00f6rhindra l\u00e4ckage av hydraulv\u00e4tska som kan \u00e4ventyra systemets integritet.<\/li>\n<\/ul>\n<h2>Installationsanvisningar f\u00f6r bomcylindern<\/h2>\n<p>Korrekt installation av bomcylindern \u00e4r avg\u00f6rande f\u00f6r optimal prestanda och livsl\u00e4ngd. Se till att f\u00f6ljande steg f\u00f6ljs under installationen:<\/p>\n<ol>\n<li><strong>F\u00f6rbered monteringsomr\u00e5det:<\/strong> Reng\u00f6r monteringsomr\u00e5det f\u00f6re installationen f\u00f6r att ta bort eventuellt skr\u00e4p eller gammalt t\u00e4tningsmedel som kan st\u00f6ra korrekt inriktning.<\/li>\n<li><strong>Rikta in cylindern:<\/strong> Rikta noggrant in hydraulcylindern med f\u00e4stpunkterna. Anv\u00e4nd justeringsverktyg vid behov f\u00f6r att s\u00e4kerst\u00e4lla precision.<\/li>\n<li><strong>S\u00e4kra cylindern:<\/strong> Anv\u00e4nd l\u00e4mpliga monteringsf\u00e4sten och f\u00e4stelement f\u00f6r att f\u00e4sta cylindern ordentligt. Se till att alla anslutningar \u00e4r \u00e5tdragna f\u00f6r att f\u00f6rhindra r\u00f6relse under drift.<\/li>\n<li><strong>Anslut hydrauliska ledningar:<\/strong> Anslut hydraulledningarna till cylindern och se till att de \u00e4r korrekt monterade f\u00f6r att f\u00f6rhindra l\u00e4ckage.<\/li>\n<li><strong>Testoperation:<\/strong> N\u00e4r cylindern \u00e4r installerad, g\u00f6r en provk\u00f6rning f\u00f6r att s\u00e4kerst\u00e4lla att den fungerar som f\u00f6rv\u00e4ntat. Kontrollera om det finns l\u00e4ckor och g\u00f6r justeringar vid behov.<\/li>\n<\/ol>\n<h2>Vanliga underh\u00e5llsuppgifter<\/h2>\n<ul>\n<li><strong>Regelbundna inspektioner:<\/strong> Schemal\u00e4gg rutinm\u00e4ssiga inspektioner f\u00f6r att kontrollera l\u00e4ckor, slitage och skador. Tidig uppt\u00e4ckt kan f\u00f6rhindra kostsamma reparationer.<\/li>\n<li><strong>Korrekt sm\u00f6rjning:<\/strong> S\u00e4kerst\u00e4ll att cylindern sm\u00f6rjs enligt tillverkarens specifikationer f\u00f6r att bibeh\u00e5lla smidig drift och f\u00f6rl\u00e4nga livsl\u00e4ngden.<\/li>\n<li><strong>Byte av t\u00e4tning:<\/strong> Byt ut slitna eller skadade t\u00e4tningar omedelbart f\u00f6r att f\u00f6rhindra l\u00e4ckage av hydraulv\u00e4tska och bibeh\u00e5lla systemets effektivitet.<\/li>\n<\/ul>\n<p>Korrekt installation och inriktning av cylindern \u00e4r avg\u00f6rande f\u00f6r smidig drift. Anv\u00e4nd l\u00e4mpliga monteringsf\u00e4sten f\u00f6r att s\u00e4kra cylindern och se till att alla hydrauliska anslutningar \u00e4r \u00e5tdragna. Kontrollera, reparera och byt ut komponenter regelbundet efter behov f\u00f6r att bibeh\u00e5lla hydraulsystemets funktion. Genom att f\u00f6lja dessa procedurer kan du avsev\u00e4rt f\u00f6rb\u00e4ttra livsl\u00e4ngden p\u00e5 din bomcylinder.<\/p>\n<p><img decoding=\"async\" src=\"https:\/\/www.hydraulic-cylinders.net\/wp-content\/uploads\/2025\/04\/songte-chushion-collar.webp\" alt=\"Kuddekrage\" \/><\/p>\n<h2>S\u00e4kerhetsaspekter och milj\u00f6faktorer<\/h2>\n<p>S\u00e4kerhets\u00e5tg\u00e4rder \u00e4r avg\u00f6rande vid anv\u00e4ndning av bomcylindrar i hydrauliska system. Operat\u00f6rer m\u00e5ste utbildas f\u00f6r att f\u00f6rst\u00e5 riskerna med hydrauliska maskiner och vikten av att f\u00f6lja s\u00e4kerhetsprotokoll. Att anv\u00e4nda personlig skyddsutrustning (PPE) \u00e4r avg\u00f6rande f\u00f6r att skydda arbetare fr\u00e5n potentiella faror, s\u00e5som l\u00e4ckage av hydraulv\u00e4tska, vilket kan utg\u00f6ra s\u00e4kerhetsrisker och milj\u00f6problem.<\/p>\n<p>Det \u00e4r ocks\u00e5 viktigt att vara medveten om hydraulv\u00e4tskans milj\u00f6p\u00e5verkan. Korrekt avfallshantering och hantering av hydraulv\u00e4tskor \u00e4r n\u00f6dv\u00e4ndigt f\u00f6r att f\u00f6rhindra kontaminering av mark och vattenk\u00e4llor. Att f\u00f6lja milj\u00f6f\u00f6reskrifter och b\u00e4sta praxis kan bidra till att minska hydrauliska systems milj\u00f6p\u00e5verkan.<\/p>\n<h2>Feldiagnos och vanliga problem<\/h2>\n<ul>\n<li><strong>V\u00e4tskel\u00e4ckage:<\/strong> Detta \u00e4r ett av de vanligaste problemen med hydraulcylindrar. Kontrollera t\u00e4tningar och anslutningar f\u00f6r slitage eller skador som kan leda till l\u00e4ckage.<\/li>\n<li><strong>L\u00e5ngsam drift:<\/strong> Om cylindern g\u00e5r l\u00e5ngsamt kan det tyda p\u00e5 en l\u00e5g hydraulv\u00e4tskeniv\u00e5 eller ett problem med hydraulpumpen. Kontrollera v\u00e4tskeniv\u00e5erna och inspektera pumpen f\u00f6r eventuella problem.<\/li>\n<li><strong>Ovanliga ljud:<\/strong> Ovanliga ljud under drift kan tyda p\u00e5 mekaniska problem, s\u00e5som slitna lager eller otillr\u00e4cklig sm\u00f6rjning. Unders\u00f6k k\u00e4llan till ljudet och vidta korrigerande \u00e5tg\u00e4rder.<\/li>\n<\/ul>\n<h2>Fels\u00f6kningstips och l\u00f6sningar<\/h2>\n<p>Effektiv fels\u00f6kning b\u00f6rjar med att identifiera symtomen p\u00e5 problemet. Vid v\u00e4tskel\u00e4ckage, inspektera t\u00e4tningar och kopplingar f\u00f6r skador och byt ut dem vid behov. Om cylindern g\u00e5r l\u00e5ngsamt, kontrollera hydraulv\u00e4tskeniv\u00e5n och fyll p\u00e5 om den \u00e4r l\u00e5g. Inspektera dessutom hydraulpumpen f\u00f6r prestandaproblem.<\/p>\n<p>F\u00f6r att minimera potentiella problem, uppr\u00e4tta ett regelbundet underh\u00e5llsschema som inkluderar inspektioner, sm\u00f6rjning och snabb reparation av alla identifierade problem. Att utbilda operat\u00f6rer i att k\u00e4nna igen tidiga tecken p\u00e5 problem kan ytterligare minska risken f\u00f6r allvarliga haverier.<\/p>\n<p><img decoding=\"async\" src=\"https:\/\/www.hydraulic-cylinders.net\/wp-content\/uploads\/2025\/04\/songte-bushings-with-all-kinds-of-excavator-models.webp\" alt=\"Bussningar f\u00f6r gr\u00e4vmaskinsmodeller\" \/><\/p>\n<h2>Om v\u00e5rt f\u00f6retag<\/h2>\n<p>Vi \u00e4r en ledande tillverkare och grossist av hydraulcylindrar f\u00f6r reservdelar och erbjuder ett brett utbud av produkter p\u00e5 den inhemska och internationella marknaden. V\u00e5rt engagemang f\u00f6r excellens \u00e5terspeglas i v\u00e5ra noggranna strategier f\u00f6r tillverkningshantering, som utnyttjar den senaste tekniken och skicklig arbetskraft.<\/p>\n<p>V\u00e5ra anl\u00e4ggningar har avancerad digital tillverkningsutrustning och ett omfattande kvalitetskontrollsystem. Denna kombination g\u00f6r det m\u00f6jligt f\u00f6r oss att kontinuerligt f\u00f6rb\u00e4ttra v\u00e5r produktionskapacitet samtidigt som vi effektivt m\u00f6ter olika kunders behov. Vi prioriterar h\u00f6g effektivitet, precision och kvalitet f\u00f6r att s\u00e4kerst\u00e4lla att v\u00e5ra produkter \u00f6vertr\u00e4ffar kundernas f\u00f6rv\u00e4ntningar.<\/p>\n<p>Ut\u00f6ver v\u00e5ra tillverkningsm\u00f6jligheter erbjuder vi skr\u00e4ddarsydda tj\u00e4nster f\u00f6r att m\u00f6ta specifika kunders krav. V\u00e5ra internationella certifieringar bekr\u00e4ftar v\u00e5rt engagemang f\u00f6r kvalitets- och s\u00e4kerhetsstandarder. Vi erbjuder \u00e4ven exceptionell eftermarknadssupport, vilket s\u00e4kerst\u00e4ller att v\u00e5ra kunder har tillg\u00e5ng till den hj\u00e4lp de beh\u00f6ver under hela v\u00e5ra produkters livscykel.<\/p>\n<p><img decoding=\"async\" src=\"https:\/\/www.hydraulic-cylinders.net\/wp-content\/uploads\/2025\/04\/songte-company-4.webp\" alt=\"F\u00f6retagsbild 1\" \/><br \/>\n<img decoding=\"async\" src=\"https:\/\/www.hydraulic-cylinders.net\/wp-content\/uploads\/2025\/04\/songte-company-3.webp\" alt=\"F\u00f6retagsbild 2\" \/><\/p>\n<p>F\u00f6rfattare: lyl<\/p>","protected":false},"excerpt":{"rendered":"<p>Boom Cylinder For Caterpillar Large Excavator E345DL Introduction to Boom Cylinder The Boom Cylinder is a critical component in hydraulic systems, specifically designed to manage the movement of buckets in heavy machinery such as excavators, backhoe loaders, and front loaders. This hydraulic cylinder enables the bucket to lift, lower, and tilt, facilitating efficient material handling [&hellip;]<\/p>","protected":false},"featured_media":17872,"comment_status":"open","ping_status":"closed","template":"","meta":{"_et_pb_use_builder":"","_et_pb_old_content":"","_et_gb_content_width":""},"product_brand":[],"product_cat":[1546],"product_tag":[1547,1496],"class_list":{"0":"post-18975","1":"product","2":"type-product","3":"status-publish","4":"has-post-thumbnail","6":"product_cat-boom-cylinders","7":"product_tag-boom-cylinders","8":"product_tag-hydraulic-cylinders","10":"first","11":"instock","12":"shipping-taxable","13":"product-type-simple"},"amp_enabled":true,"_links":{"self":[{"href":"https:\/\/www.hydraulic-cylinders.net\/sv\/wp-json\/wp\/v2\/product\/18975","targetHints":{"allow":["GET"]}}],"collection":[{"href":"https:\/\/www.hydraulic-cylinders.net\/sv\/wp-json\/wp\/v2\/product"}],"about":[{"href":"https:\/\/www.hydraulic-cylinders.net\/sv\/wp-json\/wp\/v2\/types\/product"}],"replies":[{"embeddable":true,"href":"https:\/\/www.hydraulic-cylinders.net\/sv\/wp-json\/wp\/v2\/comments?post=18975"}],"wp:featuredmedia":[{"embeddable":true,"href":"https:\/\/www.hydraulic-cylinders.net\/sv\/wp-json\/wp\/v2\/media\/17872"}],"wp:attachment":[{"href":"https:\/\/www.hydraulic-cylinders.net\/sv\/wp-json\/wp\/v2\/media?parent=18975"}],"wp:term":[{"taxonomy":"product_brand","embeddable":true,"href":"https:\/\/www.hydraulic-cylinders.net\/sv\/wp-json\/wp\/v2\/product_brand?post=18975"},{"taxonomy":"product_cat","embeddable":true,"href":"https:\/\/www.hydraulic-cylinders.net\/sv\/wp-json\/wp\/v2\/product_cat?post=18975"},{"taxonomy":"product_tag","embeddable":true,"href":"https:\/\/www.hydraulic-cylinders.net\/sv\/wp-json\/wp\/v2\/product_tag?post=18975"}],"curies":[{"name":"wp","href":"https:\/\/api.w.org\/{rel}","templated":true}]}}