{"id":18977,"date":"2025-04-07T06:05:25","date_gmt":"2025-04-07T06:05:25","guid":{"rendered":"https:\/\/www.hydraulic-cylinders.net\/product\/boom-cylinder-for-caterpillar-large-excavator-e390d\/"},"modified":"2025-04-07T06:05:27","modified_gmt":"2025-04-07T06:05:27","slug":"boom-cylinder-for-caterpillar-large-excavator-e390d","status":"publish","type":"product","link":"https:\/\/www.hydraulic-cylinders.net\/sv\/produkt\/boom-cylinder-for-caterpillar-large-excavator-e390d\/","title":{"rendered":"Bomcylinder f\u00f6r Caterpillar stor gr\u00e4vmaskin E390D"},"content":{"rendered":"<h1>Bomcylinder f\u00f6r Caterpillar stor gr\u00e4vmaskin E390D<\/h1>\n<h2>Introduktion till bomcylinder<\/h2>\n<p>Bomcylindern \u00e4r en kritisk hydraulisk komponent som \u00e4r speciellt utformad f\u00f6r att styra skopans r\u00f6relse i olika tunga maskiner, s\u00e5som gr\u00e4vmaskiner, gr\u00e4vlastare och frontlastare. Denna hydraulcylinder g\u00f6r att skopan kan lyftas, s\u00e4nkas och lutas, vilket underl\u00e4ttar materialhanteringsuppgifter effektivt. Bomcylindern spelar en central roll i gr\u00e4vmaskinens hydraulsystem och ger den kraft och precision som kr\u00e4vs f\u00f6r arbetet.<\/p>\n<p><img decoding=\"async\" src=\"https:\/\/www.hydraulic-cylinders.net\/wp-content\/uploads\/2025\/04\/songte-company-1.webp\" alt=\"Bomcylinder\" \/><\/p>\n<h3>Definition och \u00f6versikt<\/h3>\n<p>Hydraulcylindrar \u00e4r anordningar som omvandlar hydraulisk energi till mekanisk energi, vilket ger den kraft som kr\u00e4vs f\u00f6r olika operationer inom bygg- och jordbruksutrustning. Bomcylindern \u00e4r i synnerhet konstruerad f\u00f6r att motst\u00e5 h\u00f6gt tryck och tunga belastningar, vilket s\u00e4kerst\u00e4ller tillf\u00f6rlitlig prestanda \u00e4ven i kr\u00e4vande arbetsmilj\u00f6er. Dess design fokuserar p\u00e5 h\u00e5llbarhet och effektivitet, vilket g\u00f6r det m\u00f6jligt f\u00f6r f\u00f6rare att utf\u00f6ra komplexa uppgifter med l\u00e4tthet.<\/p>\n<h2>Viktiga funktioner hos bomcylindern<\/h2>\n<ul>\n<li><strong>H\u00f6g styrka och h\u00e5llbarhet:<\/strong> Bomcylindern \u00e4r tillverkad av h\u00f6gh\u00e5llfast st\u00e5l eller aluminium och t\u00e5l h\u00f6gt tryck och tunga belastningar. Den \u00e4r konstruerad f\u00f6r att motst\u00e5 slitage och korrosion, vilket f\u00f6rl\u00e4nger dess livsl\u00e4ngd.<\/li>\n<li><strong>Effektiv hydraulisk drift:<\/strong> Den anv\u00e4nder hydrauliskt oljetryck f\u00f6r smidig ut- och ink\u00f6rning, svarar snabbt p\u00e5 f\u00f6rarens kommandon och ger kraftfulla tryck- och dragfunktioner l\u00e4mpliga f\u00f6r tunga lyft och komplexa operationer.<\/li>\n<li><strong>Olika typer:<\/strong> Den finns i enkelverkande (hydraulisk drift i en riktning) eller dubbelverkande (hydraulisk drift i tv\u00e5 riktningar) konfigurationer och uppfyller olika driftsbehov. Vissa modeller \u00e4r teleskopiska, vilket m\u00f6jligg\u00f6r st\u00f6rre utbyggnad utan att \u00f6ka de yttre m\u00e5tten, perfekt f\u00f6r utrymmesbegr\u00e4nsade till\u00e4mpningar.<\/li>\n<li><strong>Precisionsteknik:<\/strong> Utformad med sn\u00e4va toleranser och h\u00f6gkvalitativa material f\u00f6r att s\u00e4kerst\u00e4lla j\u00e4mn prestanda, minska underh\u00e5llsbehovet och f\u00f6rb\u00e4ttra tillf\u00f6rlitligheten.<\/li>\n<li><strong>Anpassningsbara alternativ:<\/strong> Bomcylindern kan skr\u00e4ddarsys efter specifika krav, vilket s\u00e4kerst\u00e4ller kompatibilitet med olika gr\u00e4vmaskinsmodeller och f\u00f6rb\u00e4ttrar driftseffektiviteten.<\/li>\n<\/ul>\n<p>Vi har kapacitet att producera denna produkt, och v\u00e5ra produkter kan perfekt ers\u00e4tta dessa hydraulcylindrar.<\/p>\n<p><img decoding=\"async\" src=\"https:\/\/www.hydraulic-cylinders.net\/wp-content\/uploads\/2025\/04\/songte-cylinder-head-with-all-kinds-excavator-models.webp\" alt=\"Gr\u00e4vmaskinsmodeller\" \/><\/p>\n<h2>Anv\u00e4ndningsomr\u00e5den f\u00f6r bomcylindern<\/h2>\n<h3>Byggutrustning<\/h3>\n<p>Bomcylindern \u00e4r avg\u00f6rande f\u00f6r byggutrustning som gr\u00e4vmaskiner, d\u00e4r den underl\u00e4ttar gr\u00e4vning, lastning och flyttning av jord eller skr\u00e4p. I gr\u00e4vlastare hj\u00e4lper bomcylindern till med b\u00e5de gr\u00e4vning och lyftning, vilket visar sig vara avg\u00f6rande f\u00f6r m\u00e5ngsidiga arbetsuppgifter p\u00e5 arbetsplatser.<\/p>\n<h3>Jordbruksmaskiner<\/h3>\n<p>I frontlastare anv\u00e4nds bomcylindern f\u00f6r att skopa, lyfta och transportera jord, h\u00f6 och andra material. Dess tillf\u00f6rlitliga prestanda hj\u00e4lper lantbrukare att effektivt hantera jordbruksuppgifter och s\u00e4kerst\u00e4ller produktiviteten p\u00e5 g\u00e5rden.<\/p>\n<h3>Gr\u00e4vmaskiner<\/h3>\n<p>I gr\u00e4vmaskiner g\u00f6r bomcylindern det m\u00f6jligt f\u00f6r skopan att tr\u00e4nga ner i jorden, vilket underl\u00e4ttar effektiva gr\u00e4vningar. Dess roll \u00e4r avg\u00f6rande vid olika bygg- och rivningsarbeten, vilket g\u00f6r den till en oumb\u00e4rlig del av maskinen.<\/p>\n<h3>Lastare<\/h3>\n<p>Hos frontlastare hj\u00e4lper bomcylindrar till att lyfta och dumpa laster effektivt. Deras kraft och tillf\u00f6rlitlighet g\u00f6r dem l\u00e4mpliga f\u00f6r olika till\u00e4mpningar, inklusive materialhantering och f\u00f6rberedelse av arbetsplatser.<\/p>\n<h2>Design\u00f6verv\u00e4ganden och urvalskriterier<\/h2>\n<h3>Lastkapacitet<\/h3>\n<p>Bomcylinderns lastkapacitet \u00e4r avg\u00f6rande f\u00f6r att s\u00e4kerst\u00e4lla att den kan hantera de vikter som \u00e4r f\u00f6rknippade med de aktuella uppgifterna. Att v\u00e4lja en cylinder med l\u00e4mplig lastklassning \u00e4r avg\u00f6rande f\u00f6r att f\u00f6rhindra fel under drift.<\/p>\n<h3>T\u00e4tningsprestanda<\/h3>\n<p>Effektiv t\u00e4tning \u00e4r avg\u00f6rande f\u00f6r att bibeh\u00e5lla hydraultrycket och f\u00f6rhindra l\u00e4ckage. H\u00f6gkvalitativa t\u00e4tningar f\u00f6rb\u00e4ttrar inte bara prestandan utan f\u00f6rl\u00e4nger \u00e4ven cylinderns livsl\u00e4ngd. Regelbundet underh\u00e5ll f\u00f6r att kontrollera t\u00e4tningarna kan undvika betydande problem.<\/p>\n<h3>Varaktighet<\/h3>\n<p>H\u00e5llbarhet \u00e4r avg\u00f6rande f\u00f6r bomcylindrar, eftersom de anv\u00e4nds i tuffa milj\u00f6er. Att v\u00e4lja material med h\u00f6g slitstyrka, s\u00e5som h\u00e4rdat st\u00e5l, s\u00e4kerst\u00e4ller l\u00e5ng livsl\u00e4ngd och minskar antalet utbyten.<\/p>\n<h3>S\u00e4kerhetsfunktioner<\/h3>\n<p>S\u00e4kerhet \u00e4r en viktig faktor vid hydraulisk konstruktion. Att integrera funktioner som tryckavlastningsventiler och s\u00e4kerhetsl\u00e5s kan skydda operat\u00f6rer och utrustning fr\u00e5n potentiella faror under drift.<\/p>\n<h3>Tillg\u00e4nglighet f\u00f6r underh\u00e5ll<\/h3>\n<p>Att konstruera f\u00f6r enkelt underh\u00e5ll kan avsev\u00e4rt minska driftstopp. Funktioner som tillg\u00e4ngliga sm\u00f6rjpunkter och utbytbara t\u00e4tningar b\u00f6r prioriteras f\u00f6r att underl\u00e4tta regelbundet underh\u00e5ll och reparationer.<\/p>\n<p><img decoding=\"async\" src=\"https:\/\/www.hydraulic-cylinders.net\/wp-content\/uploads\/2025\/04\/songte-oil-pipes-and-spare-parts.webp\" alt=\"Oljer\u00f6r och reservdelar\" \/><\/p>\n<h2>T\u00e4tning och sm\u00f6rjning av bomcylindern<\/h2>\n<p>Korrekt t\u00e4tning och sm\u00f6rjning \u00e4r avg\u00f6rande f\u00f6r bomcylinderns funktion. Olika t\u00e4tningar, inklusive kolvt\u00e4tningar och st\u00e5ngt\u00e4tningar, anv\u00e4nds f\u00f6r att bibeh\u00e5lla trycket och f\u00f6rhindra l\u00e4ckage. T\u00e4tningar tillverkade av slitstarka material som polyuretan och nitrilgummi \u00e4r att f\u00f6redra f\u00f6r sin h\u00e5llbarhet. Cylinderhuset och de g\u00e4ngade \u00e4ndytorna beh\u00f6ver exakt bearbetning f\u00f6r att f\u00f6rb\u00e4ttra slitstyrkan. Regelbunden tillsats av hydraulolja \u00e4r avg\u00f6rande f\u00f6r sm\u00f6rjningen, vilket s\u00e4kerst\u00e4ller smidig drift och minskar slitage.<\/p>\n<h2>Regelbunden inspektion och f\u00f6rebyggande underh\u00e5ll<\/h2>\n<h3>Inspektions\u00e5tg\u00e4rder<\/h3>\n<ul>\n<li>Regelbundna visuella kontroller av l\u00e4ckor och tecken p\u00e5 slitage kan hj\u00e4lpa till att identifiera potentiella problem innan de eskalerar.<\/li>\n<li>\u00d6vervakning av hydraulv\u00e4tskeniv\u00e5er s\u00e4kerst\u00e4ller optimal prestanda och f\u00f6rhindrar skador p\u00e5 grund av otillr\u00e4cklig sm\u00f6rjning.<\/li>\n<li>Regelbunden inspektion av t\u00e4tningar m\u00f6jligg\u00f6r tidig uppt\u00e4ckt av fel och bibeh\u00e5llande av systemets integritet.<\/li>\n<\/ul>\n<h2>Installationsriktlinjer<\/h2>\n<p>Korrekt installation av bomcylindern \u00e4r avg\u00f6rande f\u00f6r optimal prestanda. B\u00f6rja med att se till att monteringsytorna \u00e4r rena och fria fr\u00e5n skr\u00e4p. Rikta in cylindern noggrant med monteringsf\u00e4stena och anv\u00e4nd l\u00e4mpliga monteringsst\u00f6d f\u00f6r att s\u00e4kra den. Det \u00e4r viktigt att kontrollera att alla bultar och kopplingar \u00e4r \u00e5tdragna enligt tillverkarens specifikationer. Att f\u00f6lja korrekta hydrauliska anslutningar och s\u00e4kerst\u00e4lla att inga l\u00e4ckor finns \u00e4r avg\u00f6rande f\u00f6r s\u00e4ker drift. Slutligen, testa cylinderns funktion f\u00f6re fullskalig drift f\u00f6r att bekr\u00e4fta korrekt inriktning och prestanda.<\/p>\n<h2>Vanliga underh\u00e5llsuppgifter<\/h2>\n<h3>Regelbundna inspektioner<\/h3>\n<p>Att utf\u00f6ra regelbundna inspektioner \u00e4r avg\u00f6rande f\u00f6r att s\u00e4kerst\u00e4lla bomcylinderns livsl\u00e4ngd och prestanda. Leta efter tecken p\u00e5 slitage, l\u00e4ckor eller skador. Att \u00e5tg\u00e4rda dessa problem i tid kan f\u00f6rhindra kostsamma reparationer och driftstopp.<\/p>\n<h3>Korrekt sm\u00f6rjning<\/h3>\n<p>Regelbunden sm\u00f6rjning \u00e4r avg\u00f6rande f\u00f6r att bomcylindern ska fungera smidigt. Se till att hydrauloljan fylls p\u00e5 vid behov och att sm\u00f6rjpunkterna \u00e4r l\u00e4ttillg\u00e4ngliga f\u00f6r rutinm\u00e4ssigt underh\u00e5ll. Detta s\u00e4kerst\u00e4ller att komponenterna fungerar effektivt och f\u00f6rl\u00e4nger deras livsl\u00e4ngd.<\/p>\n<h3>T\u00e4tningsbyte och kalibreringskontroller<\/h3>\n<p>Att byta t\u00e4tningar med j\u00e4mna mellanrum \u00e4r viktigt f\u00f6r att f\u00f6rhindra l\u00e4ckage av hydraulv\u00e4tska. Dessutom s\u00e4kerst\u00e4ller kalibreringskontroller att cylindern fungerar korrekt och bibeh\u00e5ller \u00f6nskad prestanda. Korrekt justering och inst\u00e4llning under dessa kontroller \u00e4r avg\u00f6rande f\u00f6r optimal drift.<\/p>\n<p><img decoding=\"async\" src=\"https:\/\/www.hydraulic-cylinders.net\/wp-content\/uploads\/2025\/04\/songte-chushion-collar.webp\" alt=\"Kuddekrage\" \/><\/p>\n<h2>S\u00e4kerhetsaspekter och milj\u00f6faktorer<\/h2>\n<p>Att implementera s\u00e4kerhets\u00e5tg\u00e4rder \u00e4r avg\u00f6rande vid anv\u00e4ndning av hydraulcylindrar. Korrekt utbildning av operat\u00f6rer, efterlevnad av s\u00e4kerhetsprotokoll och anv\u00e4ndning av skyddsutrustning kan minska riskerna i samband med hydrauliska system. Dessutom kan beaktande av milj\u00f6p\u00e5verkan fr\u00e5n hydraulv\u00e4tskor och s\u00e4kerst\u00e4llande av korrekta avfallshanteringsmetoder bidra till h\u00e5llbarhet i verksamheten.<\/p>\n<h2>Feldiagnos och vanliga problem<\/h2>\n<ul>\n<li><strong>L\u00e4ckage:<\/strong> Att identifiera k\u00e4llan till l\u00e4ckage kan bidra till att f\u00f6rhindra ytterligare skador och bibeh\u00e5lla systemets effektivitet. Kontrollera t\u00e4tningar och anslutningar f\u00f6r slitage.<\/li>\n<li><strong>Prestandaproblem:<\/strong> Om cylindern inte svarar som f\u00f6rv\u00e4ntat, kontrollera hydraulv\u00e4tskeniv\u00e5erna och att t\u00e4tningar och anslutningar \u00e4r intakta.<\/li>\n<li><strong>Ovanliga ljud:<\/strong> Ljud under drift kan tyda p\u00e5 interna problem. Utf\u00f6r en inspektion f\u00f6r att diagnostisera och \u00e5tg\u00e4rda problemen.<\/li>\n<\/ul>\n<h2>Fels\u00f6kningstips<\/h2>\n<p>F\u00f6r att effektivt diagnostisera och l\u00f6sa problem, b\u00f6rja med en grundlig inspektion av hydraulsystemet. Att f\u00f6ra en organiserad underh\u00e5llslogg kan hj\u00e4lpa till att identifiera \u00e5terkommande problem. Implementera f\u00f6rebyggande \u00e5tg\u00e4rder som rutinkontroller och korrekt sm\u00f6rjning f\u00f6r att minimera potentiella komplikationer.<\/p>\n<p><img decoding=\"async\" src=\"https:\/\/www.hydraulic-cylinders.net\/wp-content\/uploads\/2025\/04\/songte-bushings-with-all-kinds-of-excavator-models.webp\" alt=\"Bussningar\" \/><\/p>\n<h2>Om v\u00e5rt f\u00f6retag<\/h2>\n<p>Vi \u00e4r en ledande tillverkare av hydraulcylindrar f\u00f6r reservdelar och erbjuder ett brett utbud av produkter som har positionerat oss som en nyckelakt\u00f6r p\u00e5 b\u00e5de inhemska och internationella marknader. V\u00e5rt engagemang f\u00f6r kvalitet f\u00f6rverkligas genom v\u00e5ra f\u00f6rfinade tillverkningsstrategier och branschledande produktionsledning. Vi f\u00f6rb\u00e4ttrar kontinuerligt v\u00e5r tillverkningsplattform med avancerad teknisk talang, avancerad digital tillverkningsutrustning och professionella testsystem. Detta engagemang resulterar i h\u00f6g effektivitet, precision och \u00f6verl\u00e4gsen kvalitet, vilket m\u00f6ter olika kunders krav.<\/p>\n<p><img decoding=\"async\" src=\"https:\/\/www.hydraulic-cylinders.net\/wp-content\/uploads\/2025\/04\/songte-company-4.webp\" alt=\"F\u00f6retagsbild 4\" \/><br \/>\n<img decoding=\"async\" src=\"https:\/\/www.hydraulic-cylinders.net\/wp-content\/uploads\/2025\/04\/songte-company-3.webp\" alt=\"F\u00f6retagsbild 3\" \/><\/p>\n<h2>Slutsats<\/h2>\n<p>Sammanfattningsvis \u00e4r bomcylindern en viktig komponent f\u00f6r tunga maskiner, eftersom den ger den hydrauliska kraft som kr\u00e4vs f\u00f6r att underl\u00e4tta en m\u00e4ngd uppgifter inom bygg och jordbruk. Att s\u00e4kerst\u00e4lla korrekt installation, regelbundet underh\u00e5ll och s\u00e4kerhets\u00e5tg\u00e4rder kan avsev\u00e4rt f\u00f6rb\u00e4ttra dess prestanda och livsl\u00e4ngd. V\u00e5rt f\u00f6retag st\u00e5r redo att tillhandah\u00e5lla h\u00f6gkvalitativa hydraulcylindrar, skr\u00e4ddarsydda f\u00f6r att m\u00f6ta dina specifika behov.<\/p>\n<p>F\u00f6rfattare: lyl<\/p>","protected":false},"excerpt":{"rendered":"<p>Boom Cylinder For Caterpillar Large Excavator E390D Introduction to Boom Cylinder The boom cylinder is a critical hydraulic component specifically designed to control the movement of the bucket in various heavy machinery, such as excavators, backhoe loaders, and front-end loaders. This hydraulic cylinder enables the bucket to lift, lower, and tilt, facilitating material handling tasks [&hellip;]<\/p>","protected":false},"featured_media":17874,"comment_status":"open","ping_status":"closed","template":"","meta":{"_et_pb_use_builder":"","_et_pb_old_content":"","_et_gb_content_width":""},"product_brand":[],"product_cat":[1546],"product_tag":[1547,1496],"class_list":{"0":"post-18977","1":"product","2":"type-product","3":"status-publish","4":"has-post-thumbnail","6":"product_cat-boom-cylinders","7":"product_tag-boom-cylinders","8":"product_tag-hydraulic-cylinders","10":"first","11":"instock","12":"shipping-taxable","13":"product-type-simple"},"amp_enabled":true,"_links":{"self":[{"href":"https:\/\/www.hydraulic-cylinders.net\/sv\/wp-json\/wp\/v2\/product\/18977","targetHints":{"allow":["GET"]}}],"collection":[{"href":"https:\/\/www.hydraulic-cylinders.net\/sv\/wp-json\/wp\/v2\/product"}],"about":[{"href":"https:\/\/www.hydraulic-cylinders.net\/sv\/wp-json\/wp\/v2\/types\/product"}],"replies":[{"embeddable":true,"href":"https:\/\/www.hydraulic-cylinders.net\/sv\/wp-json\/wp\/v2\/comments?post=18977"}],"wp:featuredmedia":[{"embeddable":true,"href":"https:\/\/www.hydraulic-cylinders.net\/sv\/wp-json\/wp\/v2\/media\/17874"}],"wp:attachment":[{"href":"https:\/\/www.hydraulic-cylinders.net\/sv\/wp-json\/wp\/v2\/media?parent=18977"}],"wp:term":[{"taxonomy":"product_brand","embeddable":true,"href":"https:\/\/www.hydraulic-cylinders.net\/sv\/wp-json\/wp\/v2\/product_brand?post=18977"},{"taxonomy":"product_cat","embeddable":true,"href":"https:\/\/www.hydraulic-cylinders.net\/sv\/wp-json\/wp\/v2\/product_cat?post=18977"},{"taxonomy":"product_tag","embeddable":true,"href":"https:\/\/www.hydraulic-cylinders.net\/sv\/wp-json\/wp\/v2\/product_tag?post=18977"}],"curies":[{"name":"wp","href":"https:\/\/api.w.org\/{rel}","templated":true}]}}