{"id":18982,"date":"2025-04-07T06:05:37","date_gmt":"2025-04-07T06:05:37","guid":{"rendered":"https:\/\/www.hydraulic-cylinders.net\/product\/boom-cylinder-for-caterpillar-wheel-excavator-m315dz\/"},"modified":"2025-04-07T06:05:40","modified_gmt":"2025-04-07T06:05:40","slug":"boom-cylinder-for-caterpillar-wheel-excavator-m315dz","status":"publish","type":"product","link":"https:\/\/www.hydraulic-cylinders.net\/sv\/produkt\/boom-cylinder-for-caterpillar-wheel-excavator-m315dz\/","title":{"rendered":"Bomcylinder f\u00f6r Caterpillar-hjulgr\u00e4vmaskin M315DZ"},"content":{"rendered":"<h1>Bomcylinder f\u00f6r Caterpillar-hjulgr\u00e4vmaskin M315DZ<\/h1>\n<h2>Produkt\u00f6versikt<\/h2>\n<p>Bomcylindern f\u00f6r Caterpillar hjulgr\u00e4vmaskin M315DZ \u00e4r en kritisk hydraulisk komponent som \u00e4r utformad f\u00f6r att f\u00f6rb\u00e4ttra gr\u00e4vmaskiners funktionalitet. Denna hydraulcylinder spelar en viktig roll f\u00f6r att styra bommens r\u00f6relse och underl\u00e4ttar olika operationer som att lyfta, s\u00e4nka och luta skopan. Genom att anv\u00e4nda hydraulv\u00e4tska och tryck g\u00f6r bomcylindern det m\u00f6jligt f\u00f6r tunga maskiner att utf\u00f6ra viktiga uppgifter inom bygg, jordbruk och andra industrier.<\/p>\n<p><img decoding=\"async\" src=\"https:\/\/www.hydraulic-cylinders.net\/wp-content\/uploads\/2025\/04\/songte-company-1.webp\" alt=\"Bomcylinder f\u00f6r gr\u00e4vmaskin\" \/><\/p>\n<h2>Funktioner hos bomcylindern<\/h2>\n<ul>\n<li><strong>H\u00f6g styrka och h\u00e5llbarhet:<\/strong> Denna cylinder \u00e4r tillverkad av h\u00f6gh\u00e5llfast st\u00e5l eller aluminium och t\u00e5l h\u00f6ga tryck och tunga belastningar, vilket g\u00f6r den l\u00e4mplig f\u00f6r tuffa arbetsmilj\u00f6er. Dess design tar \u00e4ven h\u00e4nsyn till slitstyrka och korrosionsskydd, vilket f\u00f6rl\u00e4nger dess livsl\u00e4ngd.<\/li>\n<li><strong>Effektiv hydraulisk drift:<\/strong> Bomcylindern anv\u00e4nder hydraulv\u00e4tsketryck f\u00f6r smidig ut- och ink\u00f6rning, reagerar snabbt p\u00e5 kontrollkommandon och ger kraftfulla tryck- och dragkrafter, perfekt f\u00f6r hantering av tunga laster och komplexa operationer.<\/li>\n<li><strong>Olika typer:<\/strong> Finns i enkelverkande (i en riktning) eller dubbelverkande (i b\u00e5da riktningarna) konfigurationer, d\u00e4r vissa modeller \u00e4r teleskopiska f\u00f6r st\u00f6rre r\u00e4ckvidd utan att \u00f6ka ytterm\u00e5tten, l\u00e4mpliga f\u00f6r tr\u00e5nga utrymmen.<\/li>\n<li><strong>Kompatibel ers\u00e4ttning:<\/strong> V\u00e5ra produkter kan perfekt ers\u00e4tta befintliga hydraulcylindrar, vilket s\u00e4kerst\u00e4ller s\u00f6ml\u00f6s integration och funktionalitet i din maskinpark.<\/li>\n<\/ul>\n<p><img decoding=\"async\" src=\"https:\/\/www.hydraulic-cylinders.net\/wp-content\/uploads\/2025\/04\/songte-cylinder-head-with-all-kinds-excavator-models.webp\" alt=\"Byte av hydraulcylinder\" \/><\/p>\n<h2>Applikationsscenarier<\/h2>\n<h3>Byggutrustning<\/h3>\n<p>I gr\u00e4vmaskiner \u00e4r bomcylindrar viktiga f\u00f6r gr\u00e4vning, lastning och flyttning av jord eller skr\u00e4p. De underl\u00e4ttar gr\u00e4vningsprocessen genom att bommen kan tr\u00e4nga ner i marken och lyfta ut material effektivt. I gr\u00e4vlastare hj\u00e4lper de till vid b\u00e5de gr\u00e4vning och lyft, vilket \u00f6kar produktiviteten p\u00e5 byggarbetsplatser.<\/p>\n<h3>Jordbruksmaskiner<\/h3>\n<p>Bomcylindrar, som anv\u00e4nds i frontlastare, \u00e4r avg\u00f6rande f\u00f6r att skopa, lyfta och transportera jord, h\u00f6 och andra material. De ger den styrka som kr\u00e4vs f\u00f6r att utf\u00f6ra jordbruksuppgifter, vilket s\u00e4kerst\u00e4ller effektiv materialhantering och f\u00f6rb\u00e4ttrar den totala effektiviteten p\u00e5 g\u00e5rden.<\/p>\n<h3>Gr\u00e4vmaskiner<\/h3>\n<p>I gr\u00e4vmaskiner g\u00f6r bomcylindern att skopan kan tr\u00e4nga ner i jorden, vilket m\u00f6jligg\u00f6r gr\u00e4vning. Denna hydrauliska styrning \u00e4r avg\u00f6rande f\u00f6r att uppn\u00e5 \u00f6nskat gr\u00e4vdjup och effektivitet, vilket g\u00f6r gr\u00e4vmaskiner oumb\u00e4rliga i olika branscher.<\/p>\n<h3>Lastare<\/h3>\n<p>Hos frontlastare hj\u00e4lper bomcylindrar till att lyfta och dumpa laster effektivt. De s\u00e4kerst\u00e4ller smidiga operationer, vilket g\u00f6r att f\u00f6rarna enkelt kan hantera olika material, vilket avsev\u00e4rt f\u00f6rb\u00e4ttrar lastnings- och lossningsprocesserna.<\/p>\n<h2>Design\u00f6verv\u00e4ganden och urvalskriterier<\/h2>\n<h3>Lastkapacitet<\/h3>\n<p>Lastkapaciteten hos en bomcylinder \u00e4r en avg\u00f6rande faktor f\u00f6r att s\u00e4kerst\u00e4lla att den kan hantera de maximala f\u00f6rv\u00e4ntade belastningarna under drift. Detta inneb\u00e4r rigor\u00f6sa ber\u00e4kningar och tester f\u00f6r att s\u00e4kerst\u00e4lla tillf\u00f6rlitlighet och s\u00e4kerhet under olika arbetsf\u00f6rh\u00e5llanden.<\/p>\n<h3>T\u00e4tning<\/h3>\n<p>Effektiv t\u00e4tning \u00e4r avg\u00f6rande f\u00f6r att f\u00f6rhindra l\u00e4ckage av hydraulv\u00e4tska, vilket kan \u00e4ventyra cylinderns effektivitet och s\u00e4kerhet. H\u00f6gkvalitativa t\u00e4tningar tillverkade av h\u00e5llbara material m\u00e5ste v\u00e4ljas f\u00f6r att motst\u00e5 de p\u00e5verkade krafterna och s\u00e4kerst\u00e4lla produktens l\u00e5nga livsl\u00e4ngd.<\/p>\n<h3>Varaktighet<\/h3>\n<p>Bomcylinderns h\u00e5llbarhet \u00e4r av st\u00f6rsta vikt eftersom den anv\u00e4nds i kr\u00e4vande milj\u00f6er. Material och design m\u00e5ste v\u00e4ljas noggrant f\u00f6r att motst\u00e5 slitage, vilket s\u00e4kerst\u00e4ller l\u00e5ng livsl\u00e4ngd och minskar antalet byten.<\/p>\n<h3>S\u00e4kerhet<\/h3>\n<p>S\u00e4kerhetsfunktioner m\u00e5ste integreras i konstruktionen f\u00f6r att f\u00f6rhindra olyckor under drift. Detta inkluderar \u00f6verbelastningsskyddsmekanismer och s\u00e4kerhetsventiler f\u00f6r att hantera trycket, vilket s\u00e4kerst\u00e4ller att b\u00e5de utrustningen och operat\u00f6ren \u00e4r s\u00e4kra under anv\u00e4ndning.<\/p>\n<h3>Underh\u00e5ll<\/h3>\n<p>Enkelt underh\u00e5ll \u00e4r en annan viktig faktor. Designen b\u00f6r m\u00f6jligg\u00f6ra enkel \u00e5tkomst f\u00f6r inspektioner, reparationer och utbyten, vilket underl\u00e4ttar regelbundet underh\u00e5ll och minimerar driftstopp.<\/p>\n<p><img decoding=\"async\" src=\"https:\/\/www.hydraulic-cylinders.net\/wp-content\/uploads\/2025\/04\/songte-oil-pipes-and-spare-parts.webp\" alt=\"Hydrauliska komponenter\" \/><\/p>\n<h2>T\u00e4tning och sm\u00f6rjning<\/h2>\n<p>Hydraulcylindrars prestanda \u00e4r starkt beroende av effektiva t\u00e4tnings- och sm\u00f6rjmekanismer. Olika t\u00e4tningar, s\u00e5som kolvt\u00e4tningar och kolvst\u00e5ngst\u00e4tningar, \u00e4r avg\u00f6rande f\u00f6r att f\u00f6rhindra l\u00e4ckage av hydraulv\u00e4tska. T\u00e4tningar tillverkade av polyuretan, nitrilgummi och andra slitstarka material \u00e4r att f\u00f6redra f\u00f6r sin h\u00e5llbarhet. Dessutom m\u00e5ste cylinderhuset och de g\u00e4ngade \u00e4ndarna genomg\u00e5 finbearbetning f\u00f6r att f\u00f6rb\u00e4ttra slitstyrkan. Regelbunden sm\u00f6rjning med l\u00e4mplig hydraulolja \u00e4r avg\u00f6rande f\u00f6r att minska friktion och f\u00f6rl\u00e4nga cylinderns livsl\u00e4ngd.<\/p>\n<h2>Regelbunden inspektion och f\u00f6rebyggande underh\u00e5ll<\/h2>\n<ul>\n<li><strong>Rutinkontroller:<\/strong> Regelbundna inspektioner b\u00f6r utf\u00f6ras f\u00f6r att identifiera eventuella tecken p\u00e5 slitage eller skador. Att \u00e5tg\u00e4rda mindre problem snabbt kan f\u00f6rhindra st\u00f6rre reparationer i framtiden.<\/li>\n<li><strong>L\u00e4mplig sm\u00f6rjning:<\/strong> Att s\u00e4kerst\u00e4lla att hydrauloljeniv\u00e5erna \u00e4r tillr\u00e4ckliga och att oljan \u00e4r av r\u00e4tt typ \u00e4r avg\u00f6rande f\u00f6r optimal cylinderprestanda.<\/li>\n<li><strong>Byte av t\u00e4tning:<\/strong> T\u00e4tningar b\u00f6r bytas ut som en del av det rutinm\u00e4ssiga underh\u00e5llet f\u00f6r att f\u00f6rhindra l\u00e4ckage och s\u00e4kerst\u00e4lla att cylindern fungerar effektivt.<\/li>\n<\/ul>\n<h2>Installationsguide<\/h2>\n<p>Korrekt installation av bomcylindern \u00e4r avg\u00f6rande f\u00f6r optimal prestanda. B\u00f6rja med att se till att alla komponenter \u00e4r rena och fria fr\u00e5n skr\u00e4p. Rikta in cylindern korrekt med monteringspunkterna; feljustering kan leda till f\u00f6r tidigt slitage och fel. Anv\u00e4nd l\u00e4mpliga monteringsf\u00e4sten f\u00f6r att s\u00e4kra cylindern p\u00e5 plats. Se till att de hydrauliska anslutningarna \u00e4r \u00e5tdragna och l\u00e4ckagefria. Efter installationen, kontrollera alla cylinderfunktioner f\u00f6r att bekr\u00e4fta att den fungerar smidigt och som avsett. Granska regelbundet installationen f\u00f6r att s\u00e4kerst\u00e4lla att komponenterna f\u00f6rblir s\u00e4kra och i linje.<\/p>\n<h2>Underh\u00e5llsuppgifter<\/h2>\n<ul>\n<li><strong>Regelbundna inspektioner:<\/strong> Att utf\u00f6ra rutinkontroller hj\u00e4lper till att identifiera potentiella problem tidigt. Leta efter l\u00e4ckor, slitage p\u00e5 t\u00e4tningar och eventuella onormala ljud under drift.<\/li>\n<li><strong>Korrekt sm\u00f6rjning:<\/strong> Sm\u00f6rj cylindern regelbundet med l\u00e4mplig hydraulolja f\u00f6r att minimera friktion som kan leda till slitage.<\/li>\n<li><strong>Byte av t\u00e4tning:<\/strong> \u00d6vervaka t\u00e4tningarna f\u00f6r tecken p\u00e5 slitage och byt ut dem omedelbart f\u00f6r att f\u00f6rhindra l\u00e4ckage av hydraulv\u00e4tska och bibeh\u00e5lla systemtrycket.<\/li>\n<\/ul>\n<h2>S\u00e4kerhetsaspekter och milj\u00f6faktorer<\/h2>\n<p>Vid anv\u00e4ndning av hydraulcylindrar \u00e4r det avg\u00f6rande att implementera s\u00e4kerhets\u00e5tg\u00e4rder. Operat\u00f6rer b\u00f6r utbildas i korrekt anv\u00e4ndning och s\u00e4kerhetsprotokoll f\u00f6r att undvika olyckor. Milj\u00f6h\u00e4nsyn spelar ocks\u00e5 en roll; att s\u00e4kerst\u00e4lla att hydraulv\u00e4tskor hanteras korrekt f\u00f6rhindrar spill och kontaminering.<\/p>\n<h2>Fels\u00f6kning av vanliga problem<\/h2>\n<ul>\n<li><strong>L\u00e4ckage:<\/strong> Kontrollera t\u00e4tningar och anslutningar f\u00f6r skador eller slitage. Byt ut eventuella defekta t\u00e4tningar och se till att anslutningarna \u00e4r \u00e5tdragna f\u00f6r att \u00e5tg\u00e4rda l\u00e4ckor.<\/li>\n<li><strong>Inkonsekvent r\u00f6relse:<\/strong> Kontrollera hydraulv\u00e4tskeniv\u00e5n och leta efter luft i systemet. Lufta systemet vid behov f\u00f6r att \u00e5terst\u00e4lla en j\u00e4mn drift.<\/li>\n<li><strong>Reducerad effekt:<\/strong> Detta kan tyda p\u00e5 ett problem med hydraulpumpen eller filtret. Kontrollera och byt ut filter vid behov och kontrollera pumpens funktion.<\/li>\n<\/ul>\n<h2>Fels\u00f6kningstips<\/h2>\n<p>F\u00f6r att effektivt diagnostisera och l\u00f6sa problem, b\u00f6rja med regelbundet underh\u00e5ll f\u00f6r att f\u00f6rebygga problem innan de uppst\u00e5r. Att h\u00e5lla hydraulv\u00e4tskan ren \u00e4r viktigt f\u00f6r att undvika kontaminering som kan p\u00e5verka prestandan. Kontrollera regelbundet l\u00e4ckor och se till att alla komponenter fungerar korrekt. Om problem uppst\u00e5r, se tillverkarens riktlinjer f\u00f6r specifik diagnostik och l\u00f6sningar.<\/p>\n<p><img decoding=\"async\" src=\"https:\/\/www.hydraulic-cylinders.net\/wp-content\/uploads\/2025\/04\/songte-bushings-with-all-kinds-of-excavator-models.webp\" alt=\"Gr\u00e4vmaskinsmodeller\" \/><\/p>\n<h2>Om v\u00e5rt f\u00f6retag<\/h2>\n<p>Vi \u00e4r en ledande tillverkare av hydraulcylindrar f\u00f6r reservdelar och erbjuder ett omfattande produktsortiment. Med ett engagemang f\u00f6r excellens har vi blivit en av de ledande tillverkarna och grossisterna av hydraulcylindrar p\u00e5 b\u00e5de den inhemska och internationella marknaden. V\u00e5r strategi fokuserar p\u00e5 h\u00f6gkvalitativ produktion, med avancerad tillverkningsteknik och strikta kvalitetskontrollsystem. V\u00e5r skickliga arbetsstyrka, i kombination med toppmodern digital tillverkningsutrustning, s\u00e4kerst\u00e4ller att vi m\u00f6ter olika kunders behov med h\u00f6g effektivitet, precision och kvalitet.<\/p>\n<p><img decoding=\"async\" src=\"https:\/\/www.hydraulic-cylinders.net\/wp-content\/uploads\/2025\/04\/songte-company-4.webp\" alt=\"V\u00e5rt f\u00f6retag\" \/><br \/>\n<img decoding=\"async\" src=\"https:\/\/www.hydraulic-cylinders.net\/wp-content\/uploads\/2025\/04\/songte-company-3.webp\" alt=\"V\u00e5rt f\u00f6retag\" \/><\/p>\n<p>Vi \u00e4r stolta \u00f6ver v\u00e5r professionella expertis, internationella certifieringar och kundanpassade tj\u00e4nster. V\u00e5ra produktionsanl\u00e4ggningar \u00e4r utrustade med den senaste tekniken och vi erbjuder exceptionell eftermarknadssupport f\u00f6r att s\u00e4kerst\u00e4lla kundn\u00f6jdhet.<\/p>\n<p>F\u00f6rfattare: lyl<\/p>","protected":false},"excerpt":{"rendered":"<p>Boom Cylinder For Caterpillar Wheel Excavator M315DZ Product Overview The Boom Cylinder for Caterpillar Wheel Excavator M315DZ is a critical hydraulic component designed to enhance the functionality of excavators. This hydraulic cylinder plays a vital role in controlling the movement of the boom, facilitating various operations such as lifting, lowering, and tilting the bucket. By [&hellip;]<\/p>","protected":false},"featured_media":17879,"comment_status":"open","ping_status":"closed","template":"","meta":{"_et_pb_use_builder":"","_et_pb_old_content":"","_et_gb_content_width":""},"product_brand":[],"product_cat":[1546],"product_tag":[1547,1496],"class_list":{"0":"post-18982","1":"product","2":"type-product","3":"status-publish","4":"has-post-thumbnail","6":"product_cat-boom-cylinders","7":"product_tag-boom-cylinders","8":"product_tag-hydraulic-cylinders","10":"first","11":"instock","12":"shipping-taxable","13":"product-type-simple"},"amp_enabled":true,"_links":{"self":[{"href":"https:\/\/www.hydraulic-cylinders.net\/sv\/wp-json\/wp\/v2\/product\/18982","targetHints":{"allow":["GET"]}}],"collection":[{"href":"https:\/\/www.hydraulic-cylinders.net\/sv\/wp-json\/wp\/v2\/product"}],"about":[{"href":"https:\/\/www.hydraulic-cylinders.net\/sv\/wp-json\/wp\/v2\/types\/product"}],"replies":[{"embeddable":true,"href":"https:\/\/www.hydraulic-cylinders.net\/sv\/wp-json\/wp\/v2\/comments?post=18982"}],"wp:featuredmedia":[{"embeddable":true,"href":"https:\/\/www.hydraulic-cylinders.net\/sv\/wp-json\/wp\/v2\/media\/17879"}],"wp:attachment":[{"href":"https:\/\/www.hydraulic-cylinders.net\/sv\/wp-json\/wp\/v2\/media?parent=18982"}],"wp:term":[{"taxonomy":"product_brand","embeddable":true,"href":"https:\/\/www.hydraulic-cylinders.net\/sv\/wp-json\/wp\/v2\/product_brand?post=18982"},{"taxonomy":"product_cat","embeddable":true,"href":"https:\/\/www.hydraulic-cylinders.net\/sv\/wp-json\/wp\/v2\/product_cat?post=18982"},{"taxonomy":"product_tag","embeddable":true,"href":"https:\/\/www.hydraulic-cylinders.net\/sv\/wp-json\/wp\/v2\/product_tag?post=18982"}],"curies":[{"name":"wp","href":"https:\/\/api.w.org\/{rel}","templated":true}]}}