{"id":18983,"date":"2025-04-07T06:05:40","date_gmt":"2025-04-07T06:05:40","guid":{"rendered":"https:\/\/www.hydraulic-cylinders.net\/product\/boom-cylinder-for-caterpillar-wheel-excavator-m217dz\/"},"modified":"2025-04-07T06:05:43","modified_gmt":"2025-04-07T06:05:43","slug":"boom-cylinder-for-caterpillar-wheel-excavator-m217dz","status":"publish","type":"product","link":"https:\/\/www.hydraulic-cylinders.net\/sv\/produkt\/boom-cylinder-for-caterpillar-wheel-excavator-m217dz\/","title":{"rendered":"Bomcylinder f\u00f6r Caterpillar-hjulgr\u00e4vmaskin M217DZ"},"content":{"rendered":"<h1>Bomcylinder f\u00f6r Caterpillar-hjulgr\u00e4vmaskin M217DZ<\/h1>\n<h2>Introduktion till bomcylindrar<\/h2>\n<p>En bomcylinder, speciellt utformad f\u00f6r tunga maskiner som Caterpillar Wheel Excavator M217DZ, \u00e4r en avg\u00f6rande komponent i hydraulsystem. Denna hydraulcylinder styr skopans r\u00f6relse i olika tunga utrustningstill\u00e4mpningar, inklusive gr\u00e4vmaskiner, gr\u00e4vlastare och frontlastare. Den g\u00f6r att skopan kan lyftas, s\u00e4nkas och lutas, vilket underl\u00e4ttar materialhanteringsuppgifter med precision och effektivitet. Bomcylinderns funktion \u00e4r integrerad i hydraulsystemet eftersom den omvandlar hydraultryck till mekanisk kraft, vilket g\u00f6r det m\u00f6jligt f\u00f6r f\u00f6rare att effektivt utf\u00f6ra uppgifter som att gr\u00e4va, lyfta och transportera material.<\/p>\n<p><img decoding=\"async\" src=\"https:\/\/www.hydraulic-cylinders.net\/wp-content\/uploads\/2025\/04\/songte-company-1.webp\" alt=\"Bild av bomcylinder\"><\/p>\n<h2>Funktioner hos bomcylindern<\/h2>\n<ul>\n<li>\n<h3>H\u00f6g styrka och h\u00e5llbarhet<\/h3>\n<p>Bomcylindern \u00e4r tillverkad av h\u00f6gh\u00e5llfast st\u00e5l eller aluminium och \u00e4r konstruerad f\u00f6r att motst\u00e5 h\u00f6gt tryck och tunga belastningar, vilket g\u00f6r den l\u00e4mplig f\u00f6r tuffa arbetsmilj\u00f6er. Dess design tar ocks\u00e5 h\u00e4nsyn till slitstyrka och korrosionsskydd, vilket avsev\u00e4rt f\u00f6rl\u00e4nger dess livsl\u00e4ngd.<\/p>\n<\/li>\n<li>\n<h3>Effektiv hydraulisk drift<\/h3>\n<p>Bomcylindern anv\u00e4nder hydrauliskt oljetryck f\u00f6r att uppn\u00e5 smidiga och exakta ut- och inf\u00e4llningsr\u00f6relser, vilket m\u00f6jligg\u00f6r snabb respons p\u00e5 f\u00f6rarens kommandon och ger betydande tryck- och dragkraft f\u00f6r hantering av tunga och komplexa uppgifter.<\/p>\n<\/li>\n<li>\n<h3>Olika typer<\/h3>\n<p>Finns i enkelverkande (fungerar i en riktning) eller dubbelverkande (fungerar i b\u00e5da riktningarna) konfigurationer f\u00f6r att m\u00f6ta olika driftskrav. Vissa modeller har teleskopiska konstruktioner, vilket m\u00f6jligg\u00f6r st\u00f6rre utbyggnad utan att \u00f6ka de yttre m\u00e5tten, perfekt f\u00f6r applikationer med begr\u00e4nsat utrymme.<\/p>\n<\/li>\n<li>\n<h3>Precisionsteknik<\/h3>\n<p>Varje bomcylinder genomg\u00e5r rigor\u00f6sa kvalitetskontroller och precisionskonstruktioner, vilket s\u00e4kerst\u00e4ller h\u00f6g prestanda, tillf\u00f6rlitlighet och kompatibilitet med olika gr\u00e4vmaskinsmodeller.<\/p>\n<\/li>\n<li>\n<h3>Anpassningsbara alternativ<\/h3>\n<p>Vi erbjuder anpassningsbara alternativ f\u00f6r hydraulcylindrar, vilket s\u00e4kerst\u00e4ller att de perfekt ers\u00e4tter befintliga enheter samtidigt som de uppfyller specifika prestandakrav.<\/p>\n<\/li>\n<\/ul>\n<p><img decoding=\"async\" src=\"https:\/\/www.hydraulic-cylinders.net\/wp-content\/uploads\/2025\/04\/songte-cylinder-head-with-all-kinds-excavator-models.webp\" alt=\"Bild av gr\u00e4vmaskinmodeller\"><\/p>\n<h2>Anv\u00e4ndningsomr\u00e5den f\u00f6r bomcylindrar<\/h2>\n<h3>Byggutrustning<\/h3>\n<p>Inom byggutrustning \u00e4r bomcylindrar viktiga komponenter i gr\u00e4vmaskiner, vilket underl\u00e4ttar gr\u00e4vning, lastning och materialf\u00f6rflyttning. De g\u00f6r att skopan kan tr\u00e4nga ner i marken effektivt, vilket s\u00e4kerst\u00e4ller effektiva gr\u00e4vningsoperationer. Dessutom, i gr\u00e4vlastare, hj\u00e4lper dessa cylindrar till b\u00e5de gr\u00e4vning och lyftning, vilket bidrar till m\u00e5ngsidig funktionalitet i olika byggprojekt.<\/p>\n<h3>Jordbruksmaskiner<\/h3>\n<p>Inom jordbruksmilj\u00f6er anv\u00e4nds bomcylindrar ofta i frontlastare f\u00f6r uppgifter som att skopa, lyfta och transportera jord, h\u00f6 och andra material. Deras robusta design och tillf\u00f6rlitliga prestanda \u00f6kar produktiviteten, vilket g\u00f6r dem viktiga f\u00f6r moderna jordbruksverksamheter.<\/p>\n<h3>Gr\u00e4vmaskiner<\/h3>\n<p>I gr\u00e4vmaskiner g\u00f6r bomcylindrar att skopan kan tr\u00e4nga ner i jorden, vilket underl\u00e4ttar gr\u00e4vning. Denna f\u00f6rm\u00e5ga \u00e4r avg\u00f6rande f\u00f6r uppgifter som schaktning, grundgr\u00e4vning och markf\u00f6rberedelse, vilket g\u00f6r dem oumb\u00e4rliga i bygg- och anl\u00e4ggningsprojekt.<\/p>\n<h3>Lastare<\/h3>\n<p>Hos frontlastare spelar bomcylindrar en avg\u00f6rande roll f\u00f6r att lyfta och dumpa material effektivt. De f\u00f6rb\u00e4ttrar materialhanteringens effektivitet, vilket g\u00f6r dem viktiga f\u00f6r olika industrier, inklusive bygg, landskapsarkitektur och avfallshantering.<\/p>\n<h2>Design\u00f6verv\u00e4ganden och urvalskriterier<\/h2>\n<h3>Lastkapacitet<\/h3>\n<p>N\u00e4r man v\u00e4ljer en bomcylinder \u00e4r det avg\u00f6rande att f\u00f6rst\u00e5 dess lastkapacitet. Detta avg\u00f6r den maximala vikt som cylindern kan hantera utan att g\u00e5 s\u00f6nder. Tillverkare anger vanligtvis lastklassningar baserade p\u00e5 standardiserade testprocedurer. Att v\u00e4lja en cylinder med l\u00e4mplig lastkapacitet s\u00e4kerst\u00e4ller s\u00e4kerhet och driftseffektivitet.<\/p>\n<h3>T\u00e4tningsmekanismer<\/h3>\n<p>Effektiv t\u00e4tning \u00e4r avg\u00f6rande f\u00f6r att f\u00f6rhindra l\u00e4ckage av hydraulv\u00e4tska och bibeh\u00e5lla trycket i cylindern. H\u00f6gkvalitativa t\u00e4tningar tillverkade av material som polyuretan och nitrilgummi f\u00f6rb\u00e4ttrar h\u00e5llbarheten och slitstyrkan. Regelbunden inspektion av t\u00e4tningar \u00e4r n\u00f6dv\u00e4ndig f\u00f6r att undvika driftsproblem och f\u00f6rl\u00e4nga cylinderns livsl\u00e4ngd.<\/p>\n<h3>Varaktighet<\/h3>\n<p>H\u00e5llbar konstruktion s\u00e4kerst\u00e4ller att bomcylindern t\u00e5l tuffa arbetsf\u00f6rh\u00e5llanden utan betydande slitage. Detta inkluderar anv\u00e4ndning av korrosionsbest\u00e4ndiga material och ytbehandlingar f\u00f6r att f\u00f6rb\u00e4ttra slitstyrkan. En h\u00e5llbar cylinder leder till l\u00e4gre underh\u00e5llskostnader och l\u00e4ngre driftstider.<\/p>\n<h3>S\u00e4kerhetsfunktioner<\/h3>\n<p>S\u00e4kerhet \u00e4r av st\u00f6rsta vikt vid anv\u00e4ndning av hydrauliska maskiner. Bomcylindrar b\u00f6r ha s\u00e4kerhetsfunktioner som tryckavlastningsventiler f\u00f6r att f\u00f6rhindra \u00f6verbelastning och system som garanterar fels\u00e4ker drift vid funktionsfel. Regelbundet underh\u00e5ll och efterlevnad av s\u00e4kerhetsriktlinjer \u00e4r avg\u00f6rande f\u00f6r att f\u00f6rhindra olyckor.<\/p>\n<h3>Tillg\u00e4nglighet f\u00f6r underh\u00e5ll<\/h3>\n<p>Konstruktioner b\u00f6r m\u00f6jligg\u00f6ra enkel \u00e5tkomst till komponenter f\u00f6r underh\u00e5ll och inspektioner. Detta inkluderar \u00f6verv\u00e4ganden om hur cylindern \u00e4r monterad och var hydrauliska anslutningar \u00e4r placerade. Att bibeh\u00e5lla tillg\u00e4ngligheten minskar stillest\u00e5ndstiden och s\u00e4kerst\u00e4ller att hydraulsystemet fungerar tillf\u00f6rlitligt.<\/p>\n<p><img decoding=\"async\" src=\"https:\/\/www.hydraulic-cylinders.net\/wp-content\/uploads\/2025\/04\/songte-oil-pipes-and-spare-parts.webp\" alt=\"Bild av oljer\u00f6r och reservdelar\"><\/p>\n<h2>T\u00e4tning och sm\u00f6rjning av cylindern<\/h2>\n<p>Att s\u00e4kerst\u00e4lla effektiv t\u00e4tning och sm\u00f6rjning \u00e4r avg\u00f6rande f\u00f6r att hydraulcylindrar ska fungera korrekt. Olika t\u00e4tningar, inklusive kolvt\u00e4tningar och kolvst\u00e5ngst\u00e4tningar, anv\u00e4nds f\u00f6r att uppr\u00e4tth\u00e5lla tryck och f\u00f6rhindra v\u00e4tskel\u00e4ckage. T\u00e4tningar tillverkade av slitstarka material som polyuretan och nitrilgummi \u00e4r att f\u00f6redra f\u00f6r sin slitstyrka.<\/p>\n<p>Cylinderhuset och de g\u00e4ngade \u00e4ndytorna b\u00f6r genomg\u00e5 finbearbetning f\u00f6r att f\u00f6rb\u00e4ttra slitstyrkan. Regelbunden sm\u00f6rjning med hydraulolja \u00e4r avg\u00f6rande f\u00f6r att minimera friktion och slitage p\u00e5 r\u00f6rliga delar. Detta underh\u00e5llssteg s\u00e4kerst\u00e4ller smidig drift och f\u00f6rl\u00e4nger cylinderns livsl\u00e4ngd.<\/p>\n<h2>Regelbunden inspektion och f\u00f6rebyggande underh\u00e5ll<\/h2>\n<p>Att genomf\u00f6ra ett rutinm\u00e4ssigt inspektionsschema \u00e4r avg\u00f6rande f\u00f6r underh\u00e5ll av hydraulcylindrar. N\u00e5gra f\u00f6rebyggande \u00e5tg\u00e4rder inkluderar:<\/p>\n<ul>\n<li>\n<h3>Visuella inspektioner<\/h3>\n<p>Kontrollera regelbundet om det finns tecken p\u00e5 slitage, l\u00e4ckor eller skador. Att \u00e5tg\u00e4rda dessa problem tidigt kan f\u00f6rhindra allvarliga fel.<\/p>\n<\/li>\n<li>\n<h3>Kontroller av v\u00e4tskeniv\u00e5<\/h3>\n<p>Se till att hydraulv\u00e4tskeniv\u00e5erna ligger inom det rekommenderade intervallet. L\u00e5ga v\u00e4tskeniv\u00e5er kan leda till ineffektivitet och potentiella skador.<\/p>\n<\/li>\n<li>\n<h3>\u00d6vervakning av t\u00e4tningskondition<\/h3>\n<p>Inspektera t\u00e4tningarna ofta f\u00f6r tecken p\u00e5 slitage eller nedbrytning. Byt ut t\u00e4tningarna vid behov f\u00f6r att bibeh\u00e5lla systemets integritet.<\/p>\n<\/li>\n<\/ul>\n<h2>Installationsriktlinjer<\/h2>\n<p>Korrekt installation av bomcylindrar \u00e4r avg\u00f6rande f\u00f6r driftseffektivitet och s\u00e4kerhet. F\u00f6lj dessa riktlinjer:<\/p>\n<ul>\n<li>\n<h3>Inriktning<\/h3>\n<p>Se till att cylindern \u00e4r korrekt inriktad med monteringspunkterna. Feljustering kan leda till f\u00f6r tidigt slitage och haveri.<\/p>\n<\/li>\n<li>\n<h3>Anv\u00e4ndning av korrekta monteringsf\u00e4sten<\/h3>\n<p>Anv\u00e4nd l\u00e4mpliga monteringsf\u00e4sten f\u00f6r att f\u00e4sta cylindern ordentligt. Detta f\u00f6rhindrar r\u00f6relse under drift och \u00f6kar s\u00e4kerheten.<\/p>\n<\/li>\n<li>\n<h3>Hydrauliska anslutningar<\/h3>\n<p>Anslut hydraulslangarna noggrant och se till att inga l\u00e4ckor uppst\u00e5r. Dubbelkolla anslutningarna innan systemet trycks\u00e4tts.<\/p>\n<\/li>\n<li>\n<h3>Inledande testning<\/h3>\n<p>Efter installationen, utf\u00f6r ett noggrant systemtest f\u00f6r att s\u00e4kerst\u00e4lla att cylindern fungerar korrekt utan l\u00e4ckor eller funktionsfel.<\/p>\n<\/li>\n<\/ul>\n<p><img decoding=\"async\" src=\"https:\/\/www.hydraulic-cylinders.net\/wp-content\/uploads\/2025\/04\/songte-chushion-collar.webp\" alt=\"Bild av kuddekrage\"><\/p>\n<h2>S\u00e4kerhetsaspekter och milj\u00f6faktorer<\/h2>\n<p>Vid anv\u00e4ndning av hydraulcylindrar \u00e4r s\u00e4kerhets\u00e5tg\u00e4rder av st\u00f6rsta vikt. Se till att all personal \u00e4r utbildad i s\u00e4kra driftsprocedurer och medveten om de potentiella faror som \u00e4r f\u00f6rknippade med hydrauliska system. Anv\u00e4nd personlig skyddsutrustning (PPE) och uppr\u00e4tth\u00e5ll en ren arbetsmilj\u00f6 f\u00f6r att minska riskerna. T\u00e4nk dessutom p\u00e5 milj\u00f6faktorer s\u00e5som hantering av hydraulv\u00e4tskor och material. F\u00f6lj lokala f\u00f6reskrifter f\u00f6r farligt avfall f\u00f6r att minimera milj\u00f6p\u00e5verkan.<\/p>\n<h2>Fels\u00f6kning och vanliga problem<\/h2>\n<ul>\n<li>\n<h3>L\u00e4ckage av hydraulv\u00e4tska<\/h3>\n<p>L\u00e4ckande hydraulv\u00e4tska kan tyda p\u00e5 en skadad t\u00e4tning eller anslutning. Kontrollera t\u00e4tningar och anslutningar och byt ut eventuella felaktiga komponenter.<\/p>\n<\/li>\n<li>\n<h3>Inkonsekvent cylinderr\u00f6relse<\/h3>\n<p>Om cylindern inte g\u00e5r att dra ut eller in smidigt, kontrollera om det finns blockeringar i hydraulledningarna eller l\u00e5ga v\u00e4tskeniv\u00e5er.<\/p>\n<\/li>\n<li>\n<h3>Ov\u00e4ntade tryckfall<\/h3>\n<p>Pl\u00f6tsliga tryckfall kan tyda p\u00e5 l\u00e4ckor eller interna skador p\u00e5 cylindern. G\u00f6r en noggrann inspektion f\u00f6r att identifiera orsaken.<\/p>\n<\/li>\n<\/ul>\n<h2>Fels\u00f6kningstips<\/h2>\n<p>F\u00f6r att effektivt diagnostisera och l\u00f6sa problem med din bomcylinder:<\/p>\n<ul>\n<li>\n<h3>Regelbundet underh\u00e5ll<\/h3>\n<p>Att implementera ett regelbundet underh\u00e5llsschema kan f\u00f6rhindra att m\u00e5nga vanliga problem uppst\u00e5r.<\/p>\n<\/li>\n<li>\n<h3>H\u00e5ll ett \u00f6ga p\u00e5 v\u00e4tskeniv\u00e5erna<\/h3>\n<p>\u00d6vervaka hydraulv\u00e4tskeniv\u00e5erna noggrant f\u00f6r att undvika driftsproblem orsakade av l\u00e5g v\u00e4tska.<\/p>\n<\/li>\n<li>\n<h3>Dokumentinspektioner<\/h3>\n<p>F\u00f6r register \u00f6ver inspektioner och underh\u00e5llsarbete f\u00f6r att sp\u00e5ra cylinderns skick \u00f6ver tid och identifiera \u00e5terkommande problem.<\/p>\n<\/li>\n<\/ul>\n<p><img decoding=\"async\" src=\"https:\/\/www.hydraulic-cylinders.net\/wp-content\/uploads\/2025\/04\/songte-bushings-with-all-kinds-of-excavator-models.webp\" alt=\"Bussningar med gr\u00e4vmaskinsmodellbild\"><\/p>\n<h2>F\u00f6retags\u00f6versikt<\/h2>\n<p>Vi \u00e4r en ledande tillverkare av hydraulcylindrar f\u00f6r reservdelar och erbjuder ett omfattande produktsortiment. V\u00e5rt f\u00f6retag har etablerat sig som en av de ledande tillverkarna och grossisterna av hydraulcylindrar p\u00e5 b\u00e5de den inhemska och internationella marknaden. Vi f\u00f6ljer strikta kvalitetsstandarder, som st\u00f6ds av en f\u00f6rfinad produktionsstrategi i v\u00e5ra tillverkningsanl\u00e4ggningar. V\u00e5r skickliga arbetsstyrka, avancerade digitala tillverkningsutrustning och professionella testsystem f\u00f6rb\u00e4ttrar st\u00e4ndigt v\u00e5r produktionskapacitet, vilket s\u00e4kerst\u00e4ller h\u00f6g effektivitet, precision och kvalitet f\u00f6r att m\u00f6ta olika kunders behov.<\/p>\n<p>V\u00e5rt engagemang f\u00f6r professionalism \u00e5terspeglas i v\u00e5ra internationella certifieringar, skr\u00e4ddarsydda servicealternativ och toppmoderna tillverkningsutrustning. Vi \u00e4r stolta \u00f6ver att erbjuda exceptionell eftermarknadssupport f\u00f6r att s\u00e4kerst\u00e4lla kundn\u00f6jdhet och l\u00e5ngsiktig tillf\u00f6rlitlighet hos v\u00e5ra produkter.<\/p>\n<p><img decoding=\"async\" src=\"https:\/\/www.hydraulic-cylinders.net\/wp-content\/uploads\/2025\/04\/songte-company-4.webp\" alt=\"F\u00f6retagsbild 1\"><br \/>\n<img decoding=\"async\" src=\"https:\/\/www.hydraulic-cylinders.net\/wp-content\/uploads\/2025\/04\/songte-company-3.webp\" alt=\"F\u00f6retagsbild 2\"><\/p>\n<p>F\u00f6rfattare: lyl<\/p>","protected":false},"excerpt":{"rendered":"<p>Boom Cylinder For Caterpillar Wheel Excavator M217DZ Introduction to Boom Cylinders A boom cylinder, specifically designed for heavy machinery like the Caterpillar Wheel Excavator M217DZ, is a crucial component in hydraulic systems. This hydraulic cylinder functions to control the movement of the bucket in various heavy equipment applications, including excavators, backhoe loaders, and front loaders. [&hellip;]<\/p>","protected":false},"featured_media":17880,"comment_status":"open","ping_status":"closed","template":"","meta":{"_et_pb_use_builder":"","_et_pb_old_content":"","_et_gb_content_width":""},"product_brand":[],"product_cat":[1546],"product_tag":[1547,1496],"class_list":{"0":"post-18983","1":"product","2":"type-product","3":"status-publish","4":"has-post-thumbnail","6":"product_cat-boom-cylinders","7":"product_tag-boom-cylinders","8":"product_tag-hydraulic-cylinders","10":"first","11":"instock","12":"shipping-taxable","13":"product-type-simple"},"amp_enabled":true,"_links":{"self":[{"href":"https:\/\/www.hydraulic-cylinders.net\/sv\/wp-json\/wp\/v2\/product\/18983","targetHints":{"allow":["GET"]}}],"collection":[{"href":"https:\/\/www.hydraulic-cylinders.net\/sv\/wp-json\/wp\/v2\/product"}],"about":[{"href":"https:\/\/www.hydraulic-cylinders.net\/sv\/wp-json\/wp\/v2\/types\/product"}],"replies":[{"embeddable":true,"href":"https:\/\/www.hydraulic-cylinders.net\/sv\/wp-json\/wp\/v2\/comments?post=18983"}],"wp:featuredmedia":[{"embeddable":true,"href":"https:\/\/www.hydraulic-cylinders.net\/sv\/wp-json\/wp\/v2\/media\/17880"}],"wp:attachment":[{"href":"https:\/\/www.hydraulic-cylinders.net\/sv\/wp-json\/wp\/v2\/media?parent=18983"}],"wp:term":[{"taxonomy":"product_brand","embeddable":true,"href":"https:\/\/www.hydraulic-cylinders.net\/sv\/wp-json\/wp\/v2\/product_brand?post=18983"},{"taxonomy":"product_cat","embeddable":true,"href":"https:\/\/www.hydraulic-cylinders.net\/sv\/wp-json\/wp\/v2\/product_cat?post=18983"},{"taxonomy":"product_tag","embeddable":true,"href":"https:\/\/www.hydraulic-cylinders.net\/sv\/wp-json\/wp\/v2\/product_tag?post=18983"}],"curies":[{"name":"wp","href":"https:\/\/api.w.org\/{rel}","templated":true}]}}