{"id":19000,"date":"2025-04-07T06:06:31","date_gmt":"2025-04-07T06:06:31","guid":{"rendered":"https:\/\/www.hydraulic-cylinders.net\/product\/boom-cylinder-for-doosan-middle-excavator-dh225lc-9\/"},"modified":"2025-04-07T06:06:34","modified_gmt":"2025-04-07T06:06:34","slug":"boom-cylinder-for-doosan-middle-excavator-dh225lc-9","status":"publish","type":"product","link":"https:\/\/www.hydraulic-cylinders.net\/sv\/produkt\/boom-cylinder-for-doosan-middle-excavator-dh225lc-9\/","title":{"rendered":"Bomcylinder f\u00f6r Doosan mellangr\u00e4vmaskin DH225LC-9"},"content":{"rendered":"<h1>Bomcylinder f\u00f6r Doosan mellangr\u00e4vmaskin DH225LC-9<\/h1>\n<h2>F\u00f6rst\u00e5 bomcylindern<\/h2>\n<p>Bomcylindern \u00e4r en viktig hydraulisk komponent som \u00e4r speciellt utformad f\u00f6r att styra skopans r\u00f6relse p\u00e5 tunga maskiner som gr\u00e4vmaskiner, gr\u00e4vlastare och frontlastare. Denna hydraulcylinder m\u00f6jligg\u00f6r lyftning, s\u00e4nkning och lutning av skopan, vilket underl\u00e4ttar olika materialhanteringsuppgifter. I huvudsak spelar bomcylindern en viktig roll i gr\u00e4vmaskiners hydraulsystem, vilket m\u00f6jligg\u00f6r exakt styrning och f\u00f6rb\u00e4ttrar driftseffektiviteten.<\/p>\n<p><img decoding=\"async\" src=\"https:\/\/www.hydraulic-cylinders.net\/wp-content\/uploads\/2025\/04\/songte-company-1.webp\" alt=\"Bild av bomcylinder\" \/><\/p>\n<h3>Funktioner hos bomcylindern<\/h3>\n<ul>\n<li><strong>H\u00f6g styrka och h\u00e5llbarhet:<\/strong> Bomcylindern \u00e4r tillverkad av h\u00f6gh\u00e5llfast st\u00e5l eller aluminium och \u00e4r konstruerad f\u00f6r att motst\u00e5 h\u00f6gt tryck och tunga belastningar, vilket g\u00f6r den l\u00e4mplig f\u00f6r tuffa arbetsf\u00f6rh\u00e5llanden.<\/li>\n<li><strong>Effektiv hydraulisk drift:<\/strong> Bomcylindern ger smidiga ut- och inf\u00e4llningsr\u00f6relser med hj\u00e4lp av hydrauloljetryck, vilket m\u00f6jligg\u00f6r snabb respons p\u00e5 f\u00f6rarkommandon och kraftfulla tryck- och dragkrafter.<\/li>\n<li><strong>Olika typer:<\/strong> Finns i enkelverkande (med hydraulik i en riktning) eller dubbelverkande (med hydraulik i b\u00e5da riktningarna) konfigurationer f\u00f6r att m\u00f6ta olika driftsbehov, med vissa modeller med teleskopisk design f\u00f6r ut\u00f6kad r\u00e4ckvidd utan att \u00f6ka de yttersta m\u00e5tten.<\/li>\n<\/ul>\n<p>Vi producerar denna produkt, och v\u00e5ra erbjudanden kan perfekt ers\u00e4tta olika hydraulcylindrar.<\/p>\n<p><img decoding=\"async\" src=\"https:\/\/www.hydraulic-cylinders.net\/wp-content\/uploads\/2025\/04\/songte-cylinder-head-with-all-kinds-excavator-models.webp\" alt=\"Gr\u00e4vmaskinsmodeller\" \/><\/p>\n<h2>Anv\u00e4ndningsomr\u00e5den f\u00f6r bomcylindern<\/h2>\n<h3>Byggutrustning<\/h3>\n<p>I gr\u00e4vmaskiner \u00e4r bomcylindrar oumb\u00e4rliga f\u00f6r att gr\u00e4va, lasta och flytta jord eller skr\u00e4p. De g\u00f6r att skopan kan tr\u00e4nga ner i marken effektivt, vilket s\u00e4kerst\u00e4ller att tunga material kan gr\u00e4vas ut effektivt. I gr\u00e4vlastare hj\u00e4lper dessa cylindrar till vid b\u00e5de gr\u00e4vning och lyft, vilket \u00f6kar m\u00e5ngsidigheten p\u00e5 arbetsplatsen.<\/p>\n<h3>Jordbruksmaskiner<\/h3>\n<p>Bomcylindrar, som anv\u00e4nds i frontlastare, \u00e4r viktiga f\u00f6r att skopa, lyfta och transportera jord, h\u00f6 och andra material. Deras design m\u00f6jligg\u00f6r effektiv hantering av jordbruksprodukter, vilket bidrar till produktiviteten inom jordbruket.<\/p>\n<h3>Gr\u00e4vmaskiner<\/h3>\n<p>Bomcylindern i gr\u00e4vmaskiner underl\u00e4ttar gr\u00e4vningen genom att l\u00e5ta skopan tr\u00e4nga ner i jorden. Denna funktion \u00e4r avg\u00f6rande f\u00f6r gr\u00e4varbeten, vilket g\u00f6r den till en nyckelkomponent inom gruv- och byggverksamhet.<\/p>\n<h3>Lastare<\/h3>\n<p>Hos frontlastare hj\u00e4lper bomcylindrar till att lyfta och dumpa material effektivt. Deras robusta design m\u00f6jligg\u00f6r hantering av betydande laster, vilket s\u00e4kerst\u00e4ller att material kan flyttas effektivt \u00f6ver olika terr\u00e4nger.<\/p>\n<h2>Design\u00f6verv\u00e4ganden och urvalskriterier<\/h2>\n<h3>Lastkapacitet<\/h3>\n<p>Bomcylinderns lastkapacitet \u00e4r en kritisk konstruktionsfaktor. Den b\u00f6r matchas med maskineriets driftskrav f\u00f6r att s\u00e4kerst\u00e4lla s\u00e4kerhet och effektivitet. En otillr\u00e4cklig lastkapacitet kan leda till katastrofala fel, medan en alltf\u00f6r robust konstruktion kan resultera i on\u00f6diga kostnader.<\/p>\n<h3>T\u00e4tning<\/h3>\n<p>Effektiv t\u00e4tning \u00e4r avg\u00f6rande f\u00f6r att f\u00f6rhindra l\u00e4ckage av hydraulv\u00e4tska, vilket kan f\u00f6rs\u00e4mra prestandan. H\u00f6gkvalitativa t\u00e4tningar, s\u00e5som kolvt\u00e4tningar och kolvst\u00e5ngst\u00e4tningar tillverkade av slitstarka material som polyuretan och nitrilgummi, \u00e4r avg\u00f6rande f\u00f6r att s\u00e4kerst\u00e4lla l\u00e5ng livsl\u00e4ngd och effektivitet.<\/p>\n<h3>Varaktighet<\/h3>\n<p>H\u00e5llbarhet \u00e4r av st\u00f6rsta vikt vid konstruktionen av bomcylindrar, eftersom de uts\u00e4tts f\u00f6r extrema f\u00f6rh\u00e5llanden. Materialen som anv\u00e4nds m\u00e5ste vara motst\u00e5ndskraftiga mot slitage och korrosion, vilket f\u00f6rl\u00e4nger cylinderns livsl\u00e4ngd och minskar underh\u00e5llskostnaderna.<\/p>\n<h3>S\u00e4kerhet<\/h3>\n<p>S\u00e4kerhetsfunktioner m\u00e5ste integreras i konstruktionen av bomcylindrar f\u00f6r att skydda f\u00f6rare och maskiner. Detta inkluderar tryckavlastningsventiler och robusta monteringssystem f\u00f6r att s\u00e4kerst\u00e4lla stabilitet under drift.<\/p>\n<h3>Underh\u00e5ll<\/h3>\n<p>Enkelt underh\u00e5ll \u00e4r en avg\u00f6rande faktor vid konstruktionen av bomcylindrar. Komponenter b\u00f6r vara l\u00e4tt\u00e5tkomliga f\u00f6r inspektion, sm\u00f6rjning och utbyte f\u00f6r att minimera driftstopp och \u00f6ka produktiviteten.<\/p>\n<p><img decoding=\"async\" src=\"https:\/\/www.hydraulic-cylinders.net\/wp-content\/uploads\/2025\/04\/songte-oil-pipes-and-spare-parts.webp\" alt=\"Hydrauliska delar\" \/><\/p>\n<h2>T\u00e4tning och sm\u00f6rjning<\/h2>\n<p>Olika t\u00e4tningar anv\u00e4nds i bomcylindrar, inklusive kolvt\u00e4tningar och st\u00e5ngt\u00e4tningar, vilka \u00e4r avg\u00f6rande f\u00f6r att f\u00f6rhindra f\u00f6rlust av hydraulv\u00e4tska. T\u00e4tningar tillverkade av slitstarka material som polyuretan och nitrilgummi ger den h\u00e5llbarhet som beh\u00f6vs f\u00f6r tuffa f\u00f6rh\u00e5llanden. Dessutom \u00e4r cylinderhuset och de g\u00e4ngade \u00e4ndytorna fint bearbetade f\u00f6r att f\u00f6rb\u00e4ttra slitstyrkan. Regelbunden sm\u00f6rjning med hydraulolja \u00e4r n\u00f6dv\u00e4ndig f\u00f6r att bibeh\u00e5lla optimal prestanda, eftersom det minimerar friktion och slitage p\u00e5 r\u00f6rliga delar.<\/p>\n<h2>F\u00f6rebyggande underh\u00e5lls\u00e5tg\u00e4rder<\/h2>\n<ul>\n<li><strong>Regelbunden inspektion:<\/strong> Utf\u00f6r rutinkontroller av bomcylindern f\u00f6r att uppt\u00e4cka tecken p\u00e5 slitage, l\u00e4ckage eller skador. Denna proaktiva metod kan hj\u00e4lpa till att identifiera problem innan de eskalerar till allvarliga problem.<\/li>\n<li><strong>L\u00e4mplig sm\u00f6rjning:<\/strong> S\u00e4kerst\u00e4ll att hydrauloljan \u00e4r tillr\u00e4ckligt fylld och att sm\u00f6rjningen utf\u00f6rs enligt tillverkarens rekommendationer f\u00f6r att bibeh\u00e5lla problemfri drift.<\/li>\n<li><strong>Byte av t\u00e4tning:<\/strong> Kontrollera regelbundet t\u00e4tningarna f\u00f6r slitage och byt ut dem vid behov f\u00f6r att f\u00f6rhindra v\u00e4tskel\u00e4ckage och bibeh\u00e5lla prestandan.<\/li>\n<\/ul>\n<h2>Installationsriktlinjer<\/h2>\n<p>Korrekt installation \u00e4r avg\u00f6rande f\u00f6r optimal prestanda hos bomcylindern. Se till att cylindern \u00e4r korrekt inriktad med monteringspunkterna f\u00f6r att undvika feljustering under drift. Anv\u00e4nd l\u00e4mpliga monteringsf\u00e4sten f\u00f6r att s\u00e4kra cylindern p\u00e5 plats och ge stabilitet. F\u00f6lj tillverkarens riktlinjer f\u00f6r \u00e5tdragningsmoment och installationsprocedurer f\u00f6r att s\u00e4kerst\u00e4lla en lyckad installation. Kontrollera regelbundet inriktningen efter installationen f\u00f6r att bibeh\u00e5lla j\u00e4mn prestanda och f\u00f6rhindra f\u00f6r tidigt slitage.<\/p>\n<h2>Vanliga underh\u00e5llsuppgifter<\/h2>\n<ul>\n<li><strong>Regelbundna inspektioner:<\/strong> Regelbundna kontroller av eventuella tecken p\u00e5 slitage eller skador p\u00e5 cylinderkomponenterna \u00e4r avg\u00f6rande. Tidig uppt\u00e4ckt av problem kan f\u00f6rhindra kostsamma reparationer och driftstopp.<\/li>\n<li><strong>Korrekt sm\u00f6rjning:<\/strong> Att s\u00e4kerst\u00e4lla att hydrauloljeniv\u00e5erna \u00e4r tillr\u00e4ckliga och att sm\u00f6rjning utf\u00f6rs regelbundet \u00e4r avg\u00f6rande f\u00f6r bomcylinderns livsl\u00e4ngd. Tillr\u00e4cklig sm\u00f6rjning minimerar friktion och slitage p\u00e5 kritiska komponenter.<\/li>\n<li><strong>Byte av t\u00e4tning:<\/strong> Att regelbundet kontrollera t\u00e4tningarnas integritet och byta ut dem vid behov \u00e4r avg\u00f6rande f\u00f6r att f\u00f6rhindra l\u00e4ckage av hydraulv\u00e4tska, vilket kan f\u00f6rs\u00e4mra systemets prestanda.<\/li>\n<\/ul>\n<p><img decoding=\"async\" src=\"https:\/\/www.hydraulic-cylinders.net\/wp-content\/uploads\/2025\/04\/songte-chushion-collar.webp\" alt=\"Kuddekrage\" \/><\/p>\n<h2>S\u00e4kerhets- och milj\u00f6h\u00e4nsyn<\/h2>\n<p>Vid anv\u00e4ndning av bomcylindrar \u00e4r det viktigt att implementera s\u00e4kerhets\u00e5tg\u00e4rder f\u00f6r att skydda f\u00f6rare och milj\u00f6. Detta inkluderar att f\u00f6lja l\u00e4mpliga s\u00e4kerhetsprotokoll under drift, s\u00e4kerst\u00e4lla att alla komponenter \u00e4r i gott skick och genomf\u00f6ra regelbundna s\u00e4kerhetsrevisioner. Milj\u00f6m\u00e4ssigt \u00e4r korrekt kassering av hydraulv\u00e4tskor och slitna komponenter avg\u00f6rande f\u00f6r att f\u00f6rhindra kontaminering och f\u00f6lja milj\u00f6f\u00f6reskrifter.<\/p>\n<h2>Feldiagnos och vanliga problem<\/h2>\n<ul>\n<li><strong>L\u00e4ckage av hydraulv\u00e4tska:<\/strong> Ett av de vanligaste problemen \u00e4r l\u00e4ckage, vilket kan orsakas av slitna t\u00e4tningar eller skadade slangar. Regelbunden inspektion kan hj\u00e4lpa till att identifiera och \u00e5tg\u00e4rda problem snabbt.<\/li>\n<li><strong>D\u00e5lig prestanda:<\/strong> Om bomcylindern inte svarar tillr\u00e4ckligt kan det tyda p\u00e5 problem med hydraulsystemet, s\u00e5som l\u00e5ga v\u00e4tskeniv\u00e5er eller luft i ledningarna.<\/li>\n<li><strong>Ov\u00e4ntat brus:<\/strong> Ovanliga ljud under drift kan signalera mekaniska problem, s\u00e5som feljustering eller interna skador.<\/li>\n<\/ul>\n<h2>Fels\u00f6kningstips<\/h2>\n<p>F\u00f6r att effektivt diagnostisera och l\u00f6sa problem med bomcylindern, b\u00f6rja med att kontrollera hydraulv\u00e4tskeniv\u00e5erna och inspektera f\u00f6r l\u00e4ckor. \u00c5tg\u00e4rda eventuella t\u00e4tningsproblem omedelbart f\u00f6r att f\u00f6rhindra ytterligare skador. Regelbundet underh\u00e5ll, s\u00e5som sm\u00f6rjning och inspektion, minskar risken f\u00f6r potentiella problem avsev\u00e4rt. Genom att implementera f\u00f6rebyggande \u00e5tg\u00e4rder och f\u00f6lja underh\u00e5llsscheman f\u00f6rl\u00e4ngs bomcylinderns livsl\u00e4ngd och f\u00f6rb\u00e4ttras driftseffektiviteten.<\/p>\n<p><img decoding=\"async\" src=\"https:\/\/www.hydraulic-cylinders.net\/wp-content\/uploads\/2025\/04\/songte-bushings-with-all-kinds-of-excavator-models.webp\" alt=\"Bussningar f\u00f6r gr\u00e4vmaskinsmodeller\" \/><\/p>\n<h2>Om v\u00e5rt f\u00f6retag<\/h2>\n<p>Vi \u00e4r en ledande tillverkare och grossist av alternativa hydraulcylindrar, med ett omfattande produktsortiment som riktar sig till b\u00e5de inhemska och internationella marknader. V\u00e5rt engagemang f\u00f6r excellens \u00e4r tydligt i v\u00e5ra tillverkningsprocesser, som f\u00f6ljer strikta kvalitetsstandarder. Vi utnyttjar avancerade tillverkningsstrategier, skicklig teknisk personal och avancerad digital utrustning f\u00f6r att f\u00f6rb\u00e4ttra v\u00e5r produktionskapacitet. V\u00e5rt fokus p\u00e5 kvalitet och precision g\u00f6r det m\u00f6jligt f\u00f6r oss att effektivt m\u00f6ta olika kunders behov.<\/p>\n<h3>Professionalism<\/h3>\n<p>V\u00e5rt team best\u00e5r av h\u00f6gkvalificerade yrkesm\u00e4n som \u00e4r dedikerade till att s\u00e4kerst\u00e4lla att varje produkt uppfyller internationella kvalitetsstandarder.<\/p>\n<h3>Internationell certifiering<\/h3>\n<p>Vi innehar olika internationella certifieringar som bekr\u00e4ftar v\u00e5ra produkters kvalitet och tillf\u00f6rlitlighet p\u00e5 globala marknader.<\/p>\n<h3>Anpassade l\u00f6sningar<\/h3>\n<p>Vi erbjuder skr\u00e4ddarsydda l\u00f6sningar f\u00f6r att m\u00f6ta specifika kunders krav och s\u00e4kerst\u00e4ller att v\u00e5ra produkter \u00e4r perfekt anpassade till deras till\u00e4mpningar.<\/p>\n<h3>Avancerad tillverkningsutrustning<\/h3>\n<p>V\u00e5r toppmoderna tillverkningsutrustning g\u00f6r det m\u00f6jligt f\u00f6r oss att producera h\u00f6gkvalitativa hydraulcylindrar med precision och effektivitet.<\/p>\n<h3>Eftermarknadstj\u00e4nster<\/h3>\n<p>Vi erbjuder exceptionell eftermarknadssupport och s\u00e4kerst\u00e4ller att v\u00e5ra kunder f\u00e5r den hj\u00e4lp de beh\u00f6ver f\u00f6r underh\u00e5ll och fels\u00f6kning.<\/p>\n<p><img decoding=\"async\" src=\"https:\/\/www.hydraulic-cylinders.net\/wp-content\/uploads\/2025\/04\/songte-company-4.webp\" alt=\"F\u00f6retagsbild 1\" \/><br \/>\n<img decoding=\"async\" src=\"https:\/\/www.hydraulic-cylinders.net\/wp-content\/uploads\/2025\/04\/songte-company-3.webp\" alt=\"F\u00f6retagsbild 2\" \/><\/p>\n<p>F\u00f6rfattare: lyl<\/p>","protected":false},"excerpt":{"rendered":"<p>Boom Cylinder For Doosan Middle Excavator DH225LC-9 Understanding the Boom Cylinder The boom cylinder is a crucial hydraulic component specifically designed for controlling the movement of the bucket on heavy machinery such as excavators, backhoe loaders, and front loaders. This hydraulic cylinder allows for the lifting, lowering, and tilting of the bucket, facilitating various material [&hellip;]<\/p>","protected":false},"featured_media":17867,"comment_status":"open","ping_status":"closed","template":"","meta":{"_et_pb_use_builder":"","_et_pb_old_content":"","_et_gb_content_width":""},"product_brand":[],"product_cat":[1546],"product_tag":[1547,1496],"class_list":{"0":"post-19000","1":"product","2":"type-product","3":"status-publish","4":"has-post-thumbnail","6":"product_cat-boom-cylinders","7":"product_tag-boom-cylinders","8":"product_tag-hydraulic-cylinders","10":"first","11":"instock","12":"shipping-taxable","13":"product-type-simple"},"amp_enabled":true,"_links":{"self":[{"href":"https:\/\/www.hydraulic-cylinders.net\/sv\/wp-json\/wp\/v2\/product\/19000","targetHints":{"allow":["GET"]}}],"collection":[{"href":"https:\/\/www.hydraulic-cylinders.net\/sv\/wp-json\/wp\/v2\/product"}],"about":[{"href":"https:\/\/www.hydraulic-cylinders.net\/sv\/wp-json\/wp\/v2\/types\/product"}],"replies":[{"embeddable":true,"href":"https:\/\/www.hydraulic-cylinders.net\/sv\/wp-json\/wp\/v2\/comments?post=19000"}],"wp:featuredmedia":[{"embeddable":true,"href":"https:\/\/www.hydraulic-cylinders.net\/sv\/wp-json\/wp\/v2\/media\/17867"}],"wp:attachment":[{"href":"https:\/\/www.hydraulic-cylinders.net\/sv\/wp-json\/wp\/v2\/media?parent=19000"}],"wp:term":[{"taxonomy":"product_brand","embeddable":true,"href":"https:\/\/www.hydraulic-cylinders.net\/sv\/wp-json\/wp\/v2\/product_brand?post=19000"},{"taxonomy":"product_cat","embeddable":true,"href":"https:\/\/www.hydraulic-cylinders.net\/sv\/wp-json\/wp\/v2\/product_cat?post=19000"},{"taxonomy":"product_tag","embeddable":true,"href":"https:\/\/www.hydraulic-cylinders.net\/sv\/wp-json\/wp\/v2\/product_tag?post=19000"}],"curies":[{"name":"wp","href":"https:\/\/api.w.org\/{rel}","templated":true}]}}