{"id":19014,"date":"2025-04-07T06:07:10","date_gmt":"2025-04-07T06:07:10","guid":{"rendered":"https:\/\/www.hydraulic-cylinders.net\/product\/boom-cylinder-for-doosan-large-excavator-dh340lc\/"},"modified":"2025-04-07T06:07:12","modified_gmt":"2025-04-07T06:07:12","slug":"boom-cylinder-for-doosan-large-excavator-dh340lc","status":"publish","type":"product","link":"https:\/\/www.hydraulic-cylinders.net\/sv\/produkt\/boom-cylinder-for-doosan-large-excavator-dh340lc\/","title":{"rendered":"Bomcylinder f\u00f6r Doosan stor gr\u00e4vmaskin DH340LC"},"content":{"rendered":"<h1>Bomcylinder f\u00f6r Doosan stor gr\u00e4vmaskin DH340LC<\/h1>\n<h2>Produkt\u00f6versikt<\/h2>\n<p>Bomcylindern \u00e4r en viktig hydraulisk komponent som \u00e4r speciellt utformad f\u00f6r att styra bommens r\u00f6relse i tunga maskiner, s\u00e5som gr\u00e4vmaskiner, gr\u00e4vlastare och frontlastare. Denna cylinder g\u00f6r att bommen kan lyftas, s\u00e4nkas och lutas, vilket underl\u00e4ttar effektiva materialhanteringsuppgifter. Skopscylindern spelar en avg\u00f6rande roll i hydrauliska system, eftersom den omvandlar hydrauliskt tryck till mekanisk kraft, vilket m\u00f6jligg\u00f6r exakta och kraftfulla r\u00f6relser som kr\u00e4vs f\u00f6r olika operationer.<\/p>\n<p><img decoding=\"async\" src=\"https:\/\/www.hydraulic-cylinders.net\/wp-content\/uploads\/2025\/04\/songte-company-1.webp\" alt=\"Bild av bomcylinder\" \/><\/p>\n<h2>Viktiga funktioner<\/h2>\n<ul>\n<li>\n<h3>H\u00f6g styrka och h\u00e5llbarhet<\/h3>\n<p>Bomcylindern, som vanligtvis tillverkas av h\u00f6gh\u00e5llfast st\u00e5l eller aluminium, \u00e4r konstruerad f\u00f6r att motst\u00e5 h\u00f6gt tryck och tunga belastningar. Dess design inkluderar slitstyrka och korrosionsbest\u00e4ndighet, vilket f\u00f6rl\u00e4nger dess livsl\u00e4ngd \u00e4ven i tuffa arbetsmilj\u00f6er.<\/p>\n<\/li>\n<li>\n<h3>Effektiv hydraulisk drift<\/h3>\n<p>Bomcylindern anv\u00e4nder hydrauliskt oljetryck f\u00f6r att uppn\u00e5 smidig ut- och inf\u00e4llning, vilket ger snabb respons p\u00e5 f\u00f6rarens kommandon och levererar betydande tryck- och dragkraft l\u00e4mplig f\u00f6r hantering av tunga material och komplexa uppgifter.<\/p>\n<\/li>\n<li>\n<h3>Olika typer<\/h3>\n<p>Bomcylindern finns i enkelverkande (i en riktning) eller dubbelverkande (i b\u00e5da riktningarna) konfigurationer och kan anpassas f\u00f6r att m\u00f6ta olika driftsbehov. Vissa modeller \u00e4r teleskopiska, vilket m\u00f6jligg\u00f6r st\u00f6rre utdrag utan att \u00f6ka de yttre m\u00e5tten, vilket g\u00f6r dem idealiska f\u00f6r tr\u00e5nga utrymmen.<\/p>\n<\/li>\n<\/ul>\n<p>Vi kan producera denna produkt, och v\u00e5ra produkter kan perfekt ers\u00e4tta dessa hydraulcylindrar.<\/p>\n<p><img decoding=\"async\" src=\"https:\/\/www.hydraulic-cylinders.net\/wp-content\/uploads\/2025\/04\/songte-cylinder-head-with-all-kinds-excavator-models.webp\" alt=\"Gr\u00e4vmaskinsmodeller\" \/><\/p>\n<h2>Applikationer<\/h2>\n<ul>\n<li>\n<h3>Byggutrustning<\/h3>\n<p>I gr\u00e4vmaskiner \u00e4r bomcylindrar viktiga f\u00f6r gr\u00e4vning, lastning och f\u00f6rflyttning av jord eller skr\u00e4p. De underl\u00e4ttar de komplicerade r\u00f6relser som kr\u00e4vs under olika bygguppgifter, vilket s\u00e4kerst\u00e4ller effektivitet och precision. I gr\u00e4vlastare st\u00f6der bomcylindrar b\u00e5de gr\u00e4v- och lyftfunktioner, vilket f\u00f6rb\u00e4ttrar den operativa m\u00e5ngsidigheten.<\/p>\n<\/li>\n<li>\n<h3>Jordbruksmaskiner<\/h3>\n<p>Bomcylindrar, som anv\u00e4nds i frontlastare, hj\u00e4lper till att skopa, lyfta och transportera jord, h\u00f6 och andra material. Deras robusta design s\u00e4kerst\u00e4ller tillf\u00f6rlitlig prestanda, vilket m\u00f6jligg\u00f6r effektiv jordbruksverksamhet och materialhantering.<\/p>\n<\/li>\n<li>\n<h3>Gr\u00e4vmaskiner<\/h3>\n<p>Bomcylindern g\u00f6r att gr\u00e4vmaskinens skopa kan tr\u00e4nga ner i jorden effektivt och ge den kraft som kr\u00e4vs f\u00f6r att utf\u00f6ra gr\u00e4vr\u00f6relser. Denna f\u00f6rm\u00e5ga \u00e4r avg\u00f6rande f\u00f6r olika gr\u00e4vprojekt och bidrar till den totala produktiviteten och effektiviteten p\u00e5 plats.<\/p>\n<\/li>\n<li>\n<h3>Lastare<\/h3>\n<p>Hos frontlastare hj\u00e4lper bomcylindrar till att lyfta och dumpa laster effektivt. Deras design s\u00e4kerst\u00e4ller att tunga material kan hanteras s\u00e4kert och effektivt, vilket optimerar arbetsfl\u00f6det vid lastningsuppgifter.<\/p>\n<\/li>\n<\/ul>\n<h2>Design\u00f6verv\u00e4ganden<\/h2>\n<ul>\n<li>\n<h3>Lastkapacitet<\/h3>\n<p>Bomcylinderns lastkapacitet \u00e4r en avg\u00f6rande faktor i dess konstruktion. Den m\u00e5ste kunna b\u00e4ra den maximala vikt som gr\u00e4vmaskinen eller lastaren kan hantera. Ingenj\u00f6rer beaktar faktorer som materialval, cylinderdimensioner och tryckklassningar f\u00f6r att s\u00e4kerst\u00e4lla s\u00e4ker drift under belastning.<\/p>\n<\/li>\n<li>\n<h3>T\u00e4tning<\/h3>\n<p>Effektiv t\u00e4tning \u00e4r avg\u00f6rande f\u00f6r hydraulcylindrar f\u00f6r att f\u00f6rhindra l\u00e4ckage och bibeh\u00e5lla trycket. H\u00f6gkvalitativa t\u00e4tningar tillverkade av slitstarka material som polyuretan och nitrilgummi anv\u00e4nds. Korrekt t\u00e4tning s\u00e4kerst\u00e4ller effektiv drift och cylinderns livsl\u00e4ngd, vilket minimerar underh\u00e5llsbehovet.<\/p>\n<\/li>\n<li>\n<h3>Varaktighet<\/h3>\n<p>H\u00e5llbarhet \u00e4r en viktig designaspekt, s\u00e4rskilt i milj\u00f6er d\u00e4r utrustningen uts\u00e4tts f\u00f6r extrema f\u00f6rh\u00e5llanden. Anv\u00e4ndningen av korrosionsbest\u00e4ndiga material, robust konstruktion och skyddande bel\u00e4ggningar bidrar till att f\u00f6rl\u00e4nga bomcylinderns livsl\u00e4ngd.<\/p>\n<\/li>\n<li>\n<h3>S\u00e4kerhet<\/h3>\n<p>S\u00e4kerhetsfunktioner, s\u00e5som tryckavlastningsventiler och fels\u00e4kra konstruktioner, \u00e4r integrerade i cylindern f\u00f6r att skydda b\u00e5de utrustningen och operat\u00f6ren. Dessa funktioner hj\u00e4lper till att f\u00f6rhindra olyckor och utrustningsfel, vilket s\u00e4kerst\u00e4ller s\u00e4ker drift i kr\u00e4vande milj\u00f6er.<\/p>\n<\/li>\n<li>\n<h3>Tillg\u00e4nglighet f\u00f6r underh\u00e5ll<\/h3>\n<p>Att utforma bomcylindern f\u00f6r enkelt underh\u00e5ll \u00e4r avg\u00f6rande. Funktioner som tillg\u00e4ngliga sm\u00f6rjpunkter och enkla demonteringsprocedurer underl\u00e4ttar regelbundet underh\u00e5ll, vilket bidrar till att f\u00f6rl\u00e4nga cylinderns livsl\u00e4ngd och f\u00f6rhindra kostsamma reparationer.<\/p>\n<\/li>\n<\/ul>\n<p><img decoding=\"async\" src=\"https:\/\/www.hydraulic-cylinders.net\/wp-content\/uploads\/2025\/04\/songte-oil-pipes-and-spare-parts.webp\" alt=\"Oljer\u00f6r och reservdelar\" \/><\/p>\n<h2>T\u00e4tning och sm\u00f6rjning<\/h2>\n<p>T\u00e4tningskomponenternas integritet \u00e4r avg\u00f6rande f\u00f6r effektiv drift av hydraulcylindrar. Olika t\u00e4tningar, s\u00e5som kolvt\u00e4tningar och kolvst\u00e5ngst\u00e4tningar, anv\u00e4nds f\u00f6r att f\u00f6rhindra l\u00e4ckage av hydraulv\u00e4tska. T\u00e4tningar tillverkade av slitstarka material, som polyuretan och nitrilgummi, anv\u00e4nds ofta f\u00f6r att \u00f6ka h\u00e5llbarheten. Cylinderhuset och de g\u00e4ngade \u00e4ndarna behandlas noggrant f\u00f6r att \u00f6ka slitstyrkan, vilket s\u00e4kerst\u00e4ller l\u00e5ng livsl\u00e4ngd. Regelbunden sm\u00f6rjning med l\u00e4mplig hydraulolja \u00e4r n\u00f6dv\u00e4ndig f\u00f6r att bibeh\u00e5lla optimal prestanda och f\u00f6rhindra slitage p\u00e5 r\u00f6rliga delar.<\/p>\n<h2>Regelbunden inspektion och f\u00f6rebyggande underh\u00e5ll<\/h2>\n<ul>\n<li>\n<h3>Regelbundna kontroller<\/h3>\n<p>Att regelbundet kontrollera hydraulsystemet \u00e4r avg\u00f6rande. Kontrollera om det finns tecken p\u00e5 slitage och l\u00e4ckage och se till att alla komponenter fungerar korrekt. Tidig uppt\u00e4ckt av problem kan f\u00f6rhindra allvarligare problem l\u00e4ngre fram.<\/p>\n<\/li>\n<li>\n<h3>L\u00e4mplig sm\u00f6rjning<\/h3>\n<p>S\u00e4kerst\u00e4ll att bomcylindern \u00e4r tillr\u00e4ckligt smord med rekommenderad hydraulolja. Korrekt sm\u00f6rjning minskar friktion och slitage p\u00e5 r\u00f6rliga delar, vilket f\u00f6rl\u00e4nger cylinderns livsl\u00e4ngd och bibeh\u00e5ller prestandan.<\/p>\n<\/li>\n<li>\n<h3>T\u00e4tningsbyte och kalibreringskontroller<\/h3>\n<p>Kontrollera regelbundet t\u00e4tningarna f\u00f6r slitage och byt ut dem vid behov. Korrekt kalibrerade cylindrar s\u00e4kerst\u00e4ller noggrann r\u00f6relse och funktion, vilket \u00e4r avg\u00f6rande f\u00f6r prestanda och s\u00e4kerhet.<\/p>\n<\/li>\n<\/ul>\n<p><img decoding=\"async\" src=\"https:\/\/www.hydraulic-cylinders.net\/wp-content\/uploads\/2025\/04\/songte-chushion-collar.webp\" alt=\"Kuddekrage\" \/><\/p>\n<h2>S\u00e4kerhetsaspekter och milj\u00f6faktorer<\/h2>\n<p>Vid anv\u00e4ndning av hydraulcylindrar \u00e4r det av yttersta vikt att f\u00f6lja s\u00e4kerhets\u00e5tg\u00e4rderna. Korrekt utbildning av operat\u00f6rer, regelbundet underh\u00e5ll och efterlevnad av s\u00e4kerhetsprotokoll kan minska riskerna i samband med hydrauliska operationer. Dessutom kan h\u00e4nsyn till milj\u00f6faktorer, s\u00e5som v\u00e4derf\u00f6rh\u00e5llanden och terr\u00e4ng, p\u00e5verka prestandan och s\u00e4kerheten hos hydraulisk utrustning.<\/p>\n<h2>Fels\u00f6kning och vanliga problem<\/h2>\n<ul>\n<li>\n<h3>Identifiera v\u00e4tskel\u00e4ckor<\/h3>\n<p>V\u00e4tskel\u00e4ckage \u00e4r ett allvarligt problem och kan diagnostiseras genom att inspektera cylindern f\u00f6r synliga tecken p\u00e5 hydraulv\u00e4tska. Regelbundna kontroller kan hj\u00e4lpa till att identifiera l\u00e4ckor tidigt, vilket f\u00f6rhindrar tryckf\u00f6rlust och driftsproblem.<\/p>\n<\/li>\n<li>\n<h3>L\u00e5ngsam eller inkonsekvent r\u00f6relse<\/h3>\n<p>Om bomcylindern r\u00f6r sig l\u00e5ngsamt eller oj\u00e4mnt kan det tyda p\u00e5 l\u00e5ga hydraulv\u00e4tskeniv\u00e5er eller luft i systemet. Att \u00e5tg\u00e4rda dessa problem snabbt \u00e4r avg\u00f6rande f\u00f6r att bibeh\u00e5lla driftseffektiviteten.<\/p>\n<\/li>\n<li>\n<h3>Ovanliga ljud<\/h3>\n<p>Ovanliga ljud under drift kan tyda p\u00e5 mekaniska problem i cylindern eller hydraulsystemet. Att unders\u00f6ka ljudk\u00e4llan kan hj\u00e4lpa till att identifiera potentiella problem som kr\u00e4ver omedelbar uppm\u00e4rksamhet.<\/p>\n<\/li>\n<\/ul>\n<p><img decoding=\"async\" src=\"https:\/\/www.hydraulic-cylinders.net\/wp-content\/uploads\/2025\/04\/songte-bushings-with-all-kinds-of-excavator-models.webp\" alt=\"Bussningar f\u00f6r gr\u00e4vmaskiner\" \/><\/p>\n<h2>Slutsats<\/h2>\n<p>V\u00e5rt f\u00f6retag specialiserar sig p\u00e5 tillverkning av hydraulcylindrar och erbjuder ett omfattande produktsortiment som positionerar oss som en av de ledande tillverkarna och grossisterna p\u00e5 b\u00e5de inhemska och internationella marknader. Vi str\u00e4var efter h\u00f6gsta kvalitet och anv\u00e4nder f\u00f6rfinade tillverkningsstrategier och avancerad teknik. V\u00e5rt engagemang f\u00f6r kontinuerlig f\u00f6rb\u00e4ttring av v\u00e5r tillverkningsplattform, tillsammans med v\u00e5r starka innovationsf\u00f6rm\u00e5ga, s\u00e4kerst\u00e4ller att vi m\u00f6ter olika kunders behov med h\u00f6g effektivitet, precision och kvalitet.<\/p>\n<p>Vi erbjuder kundanpassade tj\u00e4nster, uppr\u00e4tth\u00e5ller internationella certifieringar och erbjuder robust eftermarknadssupport, vilket f\u00f6rst\u00e4rker v\u00e5rt engagemang f\u00f6r kundn\u00f6jdhet.<\/p>\n<p><img decoding=\"async\" src=\"https:\/\/www.hydraulic-cylinders.net\/wp-content\/uploads\/2025\/04\/songte-company-4.webp\" alt=\"F\u00f6retagsbild 4\" \/><br \/>\n<img decoding=\"async\" src=\"https:\/\/www.hydraulic-cylinders.net\/wp-content\/uploads\/2025\/04\/songte-company-3.webp\" alt=\"F\u00f6retagsbild 3\" \/><\/p>\n<p>F\u00f6rfattare: lyl<\/p>","protected":false},"excerpt":{"rendered":"<p>Boom Cylinder For Doosan Large Excavator DH340LC Product Overview The Boom Cylinder is an essential hydraulic component specifically designed for controlling the movement of the boom in heavy machinery, such as excavators, backhoe loaders, and front loaders. This cylinder enables the boom to lift, lower, and tilt, facilitating efficient material handling tasks. The bucket cylinder [&hellip;]<\/p>","protected":false},"featured_media":17881,"comment_status":"open","ping_status":"closed","template":"","meta":{"_et_pb_use_builder":"","_et_pb_old_content":"","_et_gb_content_width":""},"product_brand":[],"product_cat":[1546],"product_tag":[1547,1496],"class_list":{"0":"post-19014","1":"product","2":"type-product","3":"status-publish","4":"has-post-thumbnail","6":"product_cat-boom-cylinders","7":"product_tag-boom-cylinders","8":"product_tag-hydraulic-cylinders","10":"first","11":"instock","12":"shipping-taxable","13":"product-type-simple"},"amp_enabled":true,"_links":{"self":[{"href":"https:\/\/www.hydraulic-cylinders.net\/sv\/wp-json\/wp\/v2\/product\/19014","targetHints":{"allow":["GET"]}}],"collection":[{"href":"https:\/\/www.hydraulic-cylinders.net\/sv\/wp-json\/wp\/v2\/product"}],"about":[{"href":"https:\/\/www.hydraulic-cylinders.net\/sv\/wp-json\/wp\/v2\/types\/product"}],"replies":[{"embeddable":true,"href":"https:\/\/www.hydraulic-cylinders.net\/sv\/wp-json\/wp\/v2\/comments?post=19014"}],"wp:featuredmedia":[{"embeddable":true,"href":"https:\/\/www.hydraulic-cylinders.net\/sv\/wp-json\/wp\/v2\/media\/17881"}],"wp:attachment":[{"href":"https:\/\/www.hydraulic-cylinders.net\/sv\/wp-json\/wp\/v2\/media?parent=19014"}],"wp:term":[{"taxonomy":"product_brand","embeddable":true,"href":"https:\/\/www.hydraulic-cylinders.net\/sv\/wp-json\/wp\/v2\/product_brand?post=19014"},{"taxonomy":"product_cat","embeddable":true,"href":"https:\/\/www.hydraulic-cylinders.net\/sv\/wp-json\/wp\/v2\/product_cat?post=19014"},{"taxonomy":"product_tag","embeddable":true,"href":"https:\/\/www.hydraulic-cylinders.net\/sv\/wp-json\/wp\/v2\/product_tag?post=19014"}],"curies":[{"name":"wp","href":"https:\/\/api.w.org\/{rel}","templated":true}]}}