{"id":19015,"date":"2025-04-07T06:07:12","date_gmt":"2025-04-07T06:07:12","guid":{"rendered":"https:\/\/www.hydraulic-cylinders.net\/product\/boom-cylinder-for-doosan-large-excavator-dh420lc-7\/"},"modified":"2025-04-07T06:07:16","modified_gmt":"2025-04-07T06:07:16","slug":"boom-cylinder-for-doosan-large-excavator-dh420lc-7","status":"publish","type":"product","link":"https:\/\/www.hydraulic-cylinders.net\/sv\/produkt\/boom-cylinder-for-doosan-large-excavator-dh420lc-7\/","title":{"rendered":"Bomcylinder f\u00f6r Doosan stor gr\u00e4vmaskin DH420LC-7"},"content":{"rendered":"<h1>Bomcylinder f\u00f6r Doosan stor gr\u00e4vmaskin DH420LC-7<\/h1>\n<h2>F\u00f6rst\u00e5 bomcylindern<\/h2>\n<p>Bomcylindern \u00e4r en hydraulisk komponent som \u00e4r speciellt utformad f\u00f6r att styra skopans r\u00f6relse i olika tunga maskiner, inklusive gr\u00e4vmaskiner, gr\u00e4vlastare och frontlastare. Denna viktiga hydraulcylinder g\u00f6r att skopan kan lyftas, s\u00e4nkas och lutas, vilket underl\u00e4ttar effektiva materialhanteringsuppgifter. Bomcylindern \u00e4r avg\u00f6rande i hydrauliska system, eftersom den omvandlar hydraultryck till mekanisk kraft, vilket g\u00f6r det m\u00f6jligt f\u00f6r f\u00f6rare att effektivt utf\u00f6ra en m\u00e4ngd olika gr\u00e4v- och lyftuppgifter.<\/p>\n<p><img decoding=\"async\" src=\"https:\/\/www.hydraulic-cylinders.net\/wp-content\/uploads\/2025\/04\/songte-company-1.webp\" alt=\"Bomcylinder\"><\/p>\n<h2>Funktioner hos bomcylindern<\/h2>\n<ul>\n<li>\n<h3>H\u00f6g styrka och h\u00e5llbarhet<\/h3>\n<p>Bomcylindern, som vanligtvis \u00e4r tillverkad av h\u00f6gh\u00e5llfast st\u00e5l eller aluminium, \u00e4r konstruerad f\u00f6r att motst\u00e5 h\u00f6gt tryck och tunga belastningar, vilket g\u00f6r den l\u00e4mplig f\u00f6r tuffa arbetsmilj\u00f6er. Dess design betonar slitstyrka och korrosionsskydd, vilket f\u00f6rl\u00e4nger dess livsl\u00e4ngd.<\/p>\n<\/li>\n<li>\n<h3>Effektiv hydraulisk drift<\/h3>\n<p>Bomcylindern anv\u00e4nder hydrauloljetryck f\u00f6r att uppn\u00e5 smidig ut- och ink\u00f6rning, vilket ger snabb respons p\u00e5 kontrollkommandon och levererar kraftfulla tryck- och dragkrafter som \u00e4r idealiska f\u00f6r hantering av tunga material och komplexa operationer.<\/p>\n<\/li>\n<li>\n<h3>Olika typer<\/h3>\n<p>Bomcylindern finns i enkelverkande (hydraulisk man\u00f6vrering i en riktning) eller dubbelverkande (hydraulisk man\u00f6vrering i b\u00e5da riktningarna) och kan skr\u00e4ddarsys f\u00f6r att m\u00f6ta specifika driftsbehov. Vissa modeller har teleskopiska konstruktioner, vilket m\u00f6jligg\u00f6r st\u00f6rre utbyggnad utan att \u00f6ka de yttre m\u00e5tten, perfekt f\u00f6r applikationer med begr\u00e4nsat utrymme.<\/p>\n<\/li>\n<\/ul>\n<p>V\u00e5rt f\u00f6retag producerar denna produkt, och v\u00e5ra cylindrar kan perfekt ers\u00e4tta dessa hydraulcylindrar.<\/p>\n<p><img decoding=\"async\" src=\"https:\/\/www.hydraulic-cylinders.net\/wp-content\/uploads\/2025\/04\/songte-cylinder-head-with-all-kinds-excavator-models.webp\" alt=\"Hydraulcylinder\"><\/p>\n<h2>Anv\u00e4ndningsomr\u00e5den f\u00f6r bomcylindern<\/h2>\n<ul>\n<li>\n<h3>Byggutrustning<\/h3>\n<p>I gr\u00e4vmaskiner \u00e4r bomcylindrar viktiga f\u00f6r gr\u00e4vning, lastning och f\u00f6rflyttning av jord eller skr\u00e4p. De ger den kraft som kr\u00e4vs f\u00f6r att tr\u00e4nga ner i marken, vilket m\u00f6jligg\u00f6r effektiva gr\u00e4vprocesser. I gr\u00e4vlastare assisterar bomcylindern vid b\u00e5de gr\u00e4vning och lyftning, vilket m\u00f6jligg\u00f6r m\u00e5ngsidig anv\u00e4ndning p\u00e5 byggarbetsplatser.<\/p>\n<\/li>\n<li>\n<h3>Jordbruksmaskiner<\/h3>\n<p>Frontlastare anv\u00e4nder bomcylindrar f\u00f6r att skopa, lyfta och transportera jord, h\u00f6 och andra material. Effektiviteten hos dessa hydraulcylindrar g\u00f6r det m\u00f6jligt f\u00f6r jordbrukare att hantera uppgifter som lastning, transport och lossning av material snabbt och effektivt, vilket \u00f6kar produktiviteten inom jordbruksverksamheten.<\/p>\n<\/li>\n<li>\n<h3>Gr\u00e4vmaskiner<\/h3>\n<p>I gr\u00e4vmaskiner g\u00f6r bomcylindern att skopan kan tr\u00e4nga ner i jorden, vilket underl\u00e4ttar gr\u00e4vningen som kr\u00e4vs f\u00f6r olika projekt. Dessa cylindrar \u00e4r avg\u00f6rande f\u00f6r att s\u00e4kerst\u00e4lla att gr\u00e4vmaskinen kan utf\u00f6ra sina prim\u00e4ra funktioner effektivt och \u00e4ndam\u00e5lsenligt.<\/p>\n<\/li>\n<li>\n<h3>Lastare<\/h3>\n<p>P\u00e5 frontlastare hj\u00e4lper bomcylindrar till att lyfta och dumpa laster effektivt. M\u00f6jligheten att h\u00f6ja och s\u00e4nka skopan ger f\u00f6rarna den flexibilitet som beh\u00f6vs f\u00f6r att flytta material och slutf\u00f6ra uppgifter effektivt, s\u00e5som lastning av lastbilar eller distribution av material p\u00e5 plats.<\/p>\n<\/li>\n<\/ul>\n<h2>Design\u00f6verv\u00e4ganden och urvalskriterier<\/h2>\n<ul>\n<li>\n<h3>Lastkapacitet<\/h3>\n<p>N\u00e4r man konstruerar en bomcylinder \u00e4r det viktigt att ta h\u00e4nsyn till dess lastkapacitet. Cylindern m\u00e5ste kunna hantera den maximala vikt den kommer att uts\u00e4ttas f\u00f6r under drift. Detta inneb\u00e4r att man v\u00e4ljer l\u00e4mpliga material och dimensioner f\u00f6r att s\u00e4kerst\u00e4lla att den kan motst\u00e5 dessa krafter utan att deformeras eller g\u00e5 s\u00f6nder.<\/p>\n<\/li>\n<li>\n<h3>T\u00e4tning<\/h3>\n<p>Effektiv t\u00e4tning \u00e4r avg\u00f6rande f\u00f6r att f\u00f6rhindra hydraulv\u00e4tskel\u00e4ckage och bibeh\u00e5lla optimalt tryck i systemet. H\u00f6gkvalitativa t\u00e4tningar, s\u00e5som kolvt\u00e4tningar och kolvst\u00e5ngst\u00e4tningar, b\u00f6r v\u00e4ljas f\u00f6r att s\u00e4kerst\u00e4lla h\u00e5llbarhet och prestanda. Regelbundet underh\u00e5ll av dessa t\u00e4tningar \u00e4r n\u00f6dv\u00e4ndigt f\u00f6r att f\u00f6rl\u00e4nga cylinderns livsl\u00e4ngd.<\/p>\n<\/li>\n<li>\n<h3>Varaktighet<\/h3>\n<p>Bomcylindern m\u00e5ste vara konstruerad f\u00f6r l\u00e5ng livsl\u00e4ngd, s\u00e4rskilt i kr\u00e4vande milj\u00f6er d\u00e4r slitage \u00e4r vanligt. Detta kan inneb\u00e4ra att man anv\u00e4nder specialbel\u00e4ggningar eller behandlingar f\u00f6r att \u00f6ka motst\u00e5ndskraften mot n\u00f6tning och korrosiva element, vilket s\u00e4kerst\u00e4ller att cylindern kan motst\u00e5 h\u00e5rda f\u00f6rh\u00e5llanden \u00f6ver tid.<\/p>\n<\/li>\n<li>\n<h3>S\u00e4kerhet<\/h3>\n<p>S\u00e4kerhetsfunktioner b\u00f6r integreras i bomcylinderns konstruktion f\u00f6r att skydda b\u00e5de utrustningen och f\u00f6raren. Detta kan inkludera tryckavlastningsventiler och s\u00e4kerhetsmekanismer f\u00f6r att f\u00f6rhindra katastrofala fel under drift, vilket s\u00e4kerst\u00e4ller att utrustningen fungerar s\u00e4kert under olika f\u00f6rh\u00e5llanden.<\/p>\n<\/li>\n<li>\n<h3>Underh\u00e5ll<\/h3>\n<p>Att konstruera f\u00f6r enkelt underh\u00e5ll \u00e4r avg\u00f6rande, eftersom regelbundna kontroller och reparationer kommer att f\u00f6rb\u00e4ttra cylinderns livsl\u00e4ngd och prestanda. Funktioner som underl\u00e4ttar snabba inspektioner och reparationer kan minimera driftstopp och s\u00e4kerst\u00e4lla att utrustningen f\u00f6rblir i drift n\u00e4r det beh\u00f6vs.<\/p>\n<\/li>\n<\/ul>\n<p><img decoding=\"async\" src=\"https:\/\/www.hydraulic-cylinders.net\/wp-content\/uploads\/2025\/04\/songte-oil-pipes-and-spare-parts.webp\" alt=\"Reservdelar till hydraulcylindrar\"><\/p>\n<h2>T\u00e4tning och sm\u00f6rjning av hydraulcylindern<\/h2>\n<p>Prestandan och tillf\u00f6rlitligheten hos en bomcylinder beror i h\u00f6g grad p\u00e5 dess t\u00e4tnings- och sm\u00f6rjsystem. Olika t\u00e4tningar, s\u00e5som kolvt\u00e4tningar och kolvst\u00e5ngst\u00e4tningar, spelar en avg\u00f6rande roll f\u00f6r att h\u00e5lla hydraulv\u00e4tskan innesluten och f\u00f6rhindra l\u00e4ckage. Material som polyuretan och nitrilgummi anv\u00e4nds ofta f\u00f6r t\u00e4tningar p\u00e5 grund av deras slitstyrka och h\u00e5llbarhet. Dessutom m\u00e5ste cylinderhuset och de g\u00e4ngade \u00e4ndytorna genomg\u00e5 finbearbetning f\u00f6r att f\u00f6rb\u00e4ttra slitstyrkan. Regelbunden sm\u00f6rjning med tillr\u00e4ckligt med hydraulolja \u00e4r avg\u00f6rande f\u00f6r att uppr\u00e4tth\u00e5lla smidig drift och f\u00f6rhindra \u00f6verdrivet slitage p\u00e5 cylinderns inre ytor.<\/p>\n<h2>F\u00f6rebyggande underh\u00e5lls\u00e5tg\u00e4rder<\/h2>\n<ul>\n<li>\n<h3>Regelbundna inspektioner<\/h3>\n<p>Att utf\u00f6ra regelbundna inspektioner \u00e4r avg\u00f6rande f\u00f6r att identifiera potentiella problem innan de blir allvarliga. Detta inkluderar att kontrollera tecken p\u00e5 slitage, l\u00e4ckor och s\u00e4kerst\u00e4lla att alla anslutningar \u00e4r s\u00e4kra. Att f\u00f6ra en underh\u00e5llslogg kan hj\u00e4lpa till att sp\u00e5ra cylinderns skick \u00f6ver tid.<\/p>\n<\/li>\n<li>\n<h3>Sm\u00f6rjning<\/h3>\n<p>Korrekt sm\u00f6rjning av cylindern \u00e4r avg\u00f6rande f\u00f6r att s\u00e4kerst\u00e4lla smidig drift. Operat\u00f6rer b\u00f6r f\u00f6lja tillverkarens rekommendationer ang\u00e5ende typ och m\u00e4ngd hydraulolja som ska anv\u00e4ndas. Otillr\u00e4cklig sm\u00f6rjning kan leda till \u00f6kad friktion och slitage, vilket i slut\u00e4ndan minskar cylinderns livsl\u00e4ngd.<\/p>\n<\/li>\n<li>\n<h3>Byte av t\u00e4tning<\/h3>\n<p>T\u00e4tningar \u00e4r utsatta f\u00f6r slitage och b\u00f6r bytas ut regelbundet f\u00f6r att f\u00f6rhindra l\u00e4ckage och bibeh\u00e5lla hydraulisk effektivitet. Regelbunden kontroll av t\u00e4tningarna f\u00f6r tecken p\u00e5 skador eller slitage hj\u00e4lper till att s\u00e4kerst\u00e4lla att de byts ut i tid, vilket bibeh\u00e5ller optimal prestanda f\u00f6r bomcylindern.<\/p>\n<\/li>\n<\/ul>\n<h2>Installationsriktlinjer<\/h2>\n<p>Korrekt installation av bomcylindern \u00e4r avg\u00f6rande f\u00f6r optimal drift. Se f\u00f6rst till att monteringsytorna \u00e4r rena och fria fr\u00e5n skr\u00e4p. Korrekt inriktning av cylindern \u00e4r avg\u00f6rande; felinriktning kan orsaka f\u00f6r tidigt slitage eller fel. Det rekommenderas att anv\u00e4nda l\u00e4mpliga monteringsf\u00e4sten f\u00f6r att f\u00e4sta cylindern p\u00e5 plats. F\u00f6lj dessutom tillverkarens specifikationer f\u00f6r \u00e5tdragningsmoment p\u00e5 alla f\u00e4stelement. Efter installationen \u00e4r det viktigt att testa systemet under l\u00e5gt tryck f\u00f6re full drift f\u00f6r att s\u00e4kerst\u00e4lla att allt fungerar korrekt. Kontrollera regelbundet l\u00e4ckor och \u00f6vervaka cylinderns funktion f\u00f6r att s\u00e4kerst\u00e4lla att den f\u00f6rblir i optimalt skick.<\/p>\n<h2>Vanliga underh\u00e5llsuppgifter<\/h2>\n<ul>\n<li>\n<h3>Regelbundna inspektioner<\/h3>\n<p>Regelbundna inspektioner av bomcylindern \u00e4r avg\u00f6rande f\u00f6r att tidigt identifiera slitage och potentiella problem. F\u00f6rare b\u00f6r leta efter tecken p\u00e5 l\u00e4ckor, skador eller ovanliga ljud under drift. Att ha en checklista f\u00f6r inspektioner kan bidra till att s\u00e4kerst\u00e4lla att ingenting f\u00f6rbises.<\/p>\n<\/li>\n<li>\n<h3>Korrekt sm\u00f6rjning<\/h3>\n<p>Att anv\u00e4nda r\u00e4tt typ av hydraulolja och s\u00e4kerst\u00e4lla att cylindern \u00e4r tillr\u00e4ckligt smord kommer att bidra till att minska slitage och f\u00f6rl\u00e4nga dess livsl\u00e4ngd. Operat\u00f6rer b\u00f6r bekanta sig med tillverkarens rekommenderade sm\u00f6rjschema f\u00f6r att bibeh\u00e5lla optimal prestanda.<\/p>\n<\/li>\n<li>\n<h3>Byte och kalibrering av t\u00e4tning<\/h3>\n<p>Att regelbundet byta ut t\u00e4tningar n\u00e4r de slits ut \u00e4r avg\u00f6rande f\u00f6r att f\u00f6rhindra l\u00e4ckage. Operat\u00f6rer b\u00f6r ocks\u00e5 kalibrera cylindern f\u00f6r att s\u00e4kerst\u00e4lla att den fungerar inom de angivna parametrarna. Detta kan inneb\u00e4ra att justera hydraultryckinst\u00e4llningarna och kontrollera att alla komponenter fungerar korrekt.<\/p>\n<\/li>\n<\/ul>\n<p><img decoding=\"async\" src=\"https:\/\/www.hydraulic-cylinders.net\/wp-content\/uploads\/2025\/04\/songte-chushion-collar.webp\" alt=\"Kuddekrage\"><\/p>\n<h2>S\u00e4kerhetsaspekter och milj\u00f6faktorer<\/h2>\n<p>Vid anv\u00e4ndning av hydraulcylindrar \u00e4r det av st\u00f6rsta vikt att s\u00e4kerhets\u00e5tg\u00e4rderna f\u00f6ljs. Operat\u00f6rer b\u00f6r utbildas i korrekt hantering och anv\u00e4ndning av hydraulsystem f\u00f6r att f\u00f6rhindra olyckor. Att s\u00e4kerst\u00e4lla att alla s\u00e4kerhetsskydd \u00e4r p\u00e5 plats och fungerar kan minimera risken f\u00f6r skador under drift. Dessutom \u00e4r korrekt kassering av hydraulv\u00e4tskor och komponenter avg\u00f6rande f\u00f6r att minska milj\u00f6p\u00e5verkan. Att f\u00f6lja lokala f\u00f6reskrifter g\u00e4llande farliga material hj\u00e4lper till att uppr\u00e4tth\u00e5lla efterlevnaden och skydda milj\u00f6n.<\/p>\n<h2>Feldiagnos och vanliga problem<\/h2>\n<ul>\n<li>\n<h3>L\u00e4ckageproblem<\/h3>\n<p>L\u00e4ckage \u00e4r ett vanligt problem som kan uppst\u00e5 p\u00e5 grund av slitna t\u00e4tningar eller kopplingar. Om hydraulv\u00e4tska l\u00e4cker \u00e4r det viktigt att inspektera t\u00e4tningarnas och anslutningarnas integritet. Att snabbt identifiera k\u00e4llan till l\u00e4ckan kan f\u00f6rhindra ytterligare skador och bibeh\u00e5lla hydraulisk effektivitet.<\/p>\n<\/li>\n<li>\n<h3>Minskad prestanda<\/h3>\n<p>Om bomcylindern inte fungerar som f\u00f6rv\u00e4ntat kan det bero p\u00e5 l\u00e5ga hydraulv\u00e4tskeniv\u00e5er, luft i systemet eller mekaniska skador. Att kontrollera v\u00e4tskeniv\u00e5erna och lufta systemet \u00e4r viktiga f\u00f6rsta steg f\u00f6r att diagnostisera prestandaproblem.<\/p>\n<\/li>\n<li>\n<h3>Bullrig drift<\/h3>\n<p>Ovanliga ljud under drift kan tyda p\u00e5 inre slitage eller luft i hydraulv\u00e4tskan. Det \u00e4r viktigt att omedelbart unders\u00f6ka ljudk\u00e4llan, eftersom det kan signalera att cylindern beh\u00f6ver underh\u00e5llas eller bytas ut.<\/p>\n<\/li>\n<\/ul>\n<p>Genom att \u00e5tg\u00e4rda dessa vanliga problem snabbt och effektivt kan operat\u00f6rerna bibeh\u00e5lla optimal prestanda f\u00f6r bomcylindern och f\u00f6rhindra kostsamma stillest\u00e5ndstid.<\/p>\n<p><img decoding=\"async\" src=\"https:\/\/www.hydraulic-cylinders.net\/wp-content\/uploads\/2025\/04\/songte-bushings-with-all-kinds-of-excavator-models.webp\" alt=\"Bussningar f\u00f6r gr\u00e4vmaskiner\"><\/p>\n<h2>F\u00f6retags\u00f6versikt<\/h2>\n<p>Vi \u00e4r en ledande tillverkare av hydraulcylindrar f\u00f6r reservdelar, med ett omfattande produktsortiment som positionerar oss som en toppleverant\u00f6r p\u00e5 b\u00e5de inhemska och internationella marknader. V\u00e5rt engagemang f\u00f6r h\u00f6gsta kvalitet st\u00f6ds av en sofistikerad strategi f\u00f6r tillverkningsledning. Vi anv\u00e4nder skickliga tekniker, avancerad digital tillverkningsutrustning och specialiserade testsystem f\u00f6r att f\u00f6rb\u00e4ttra v\u00e5r tillverkningskapacitet. Genom att kontinuerligt f\u00f6rb\u00e4ttra v\u00e5ra produktionsprocesser s\u00e4kerst\u00e4ller vi h\u00f6g effektivitet, precision och kvalitet f\u00f6r att m\u00f6ta v\u00e5ra kunders olika behov.<\/p>\n<p>V\u00e5rt f\u00f6retag \u00e4r dedikerat till professionell service och innehar internationella certifieringar f\u00f6r att garantera kvalitet och tillf\u00f6rlitlighet. Vi erbjuder skr\u00e4ddarsydda l\u00f6sningar f\u00f6r att m\u00f6ta unika kundkrav, backade upp av robust eftermarknadssupport f\u00f6r att s\u00e4kerst\u00e4lla n\u00f6jdhet och fortsatt operativ framg\u00e5ng.<\/p>\n<p><img decoding=\"async\" src=\"https:\/\/www.hydraulic-cylinders.net\/wp-content\/uploads\/2025\/04\/songte-company-4.webp\" alt=\"F\u00f6retags\u00f6versikt\"><br \/>\n<img decoding=\"async\" src=\"https:\/\/www.hydraulic-cylinders.net\/wp-content\/uploads\/2025\/04\/songte-company-3.webp\" alt=\"F\u00f6retagstillverkning\"><\/p>\n<p>F\u00f6rfattare: lyl<\/p>","protected":false},"excerpt":{"rendered":"<p>Boom Cylinder For Doosan Large Excavator DH420LC-7 Understanding the Boom Cylinder The boom cylinder is a hydraulic component specifically designed to control the movement of the bucket in various heavy machinery, including excavators, backhoe loaders, and front-end loaders. This vital hydraulic cylinder enables the bucket to lift, lower, and tilt, facilitating efficient material handling tasks. [&hellip;]<\/p>","protected":false},"featured_media":17867,"comment_status":"open","ping_status":"closed","template":"","meta":{"_et_pb_use_builder":"","_et_pb_old_content":"","_et_gb_content_width":""},"product_brand":[],"product_cat":[1546],"product_tag":[1547,1496],"class_list":{"0":"post-19015","1":"product","2":"type-product","3":"status-publish","4":"has-post-thumbnail","6":"product_cat-boom-cylinders","7":"product_tag-boom-cylinders","8":"product_tag-hydraulic-cylinders","10":"first","11":"instock","12":"shipping-taxable","13":"product-type-simple"},"amp_enabled":true,"_links":{"self":[{"href":"https:\/\/www.hydraulic-cylinders.net\/sv\/wp-json\/wp\/v2\/product\/19015","targetHints":{"allow":["GET"]}}],"collection":[{"href":"https:\/\/www.hydraulic-cylinders.net\/sv\/wp-json\/wp\/v2\/product"}],"about":[{"href":"https:\/\/www.hydraulic-cylinders.net\/sv\/wp-json\/wp\/v2\/types\/product"}],"replies":[{"embeddable":true,"href":"https:\/\/www.hydraulic-cylinders.net\/sv\/wp-json\/wp\/v2\/comments?post=19015"}],"wp:featuredmedia":[{"embeddable":true,"href":"https:\/\/www.hydraulic-cylinders.net\/sv\/wp-json\/wp\/v2\/media\/17867"}],"wp:attachment":[{"href":"https:\/\/www.hydraulic-cylinders.net\/sv\/wp-json\/wp\/v2\/media?parent=19015"}],"wp:term":[{"taxonomy":"product_brand","embeddable":true,"href":"https:\/\/www.hydraulic-cylinders.net\/sv\/wp-json\/wp\/v2\/product_brand?post=19015"},{"taxonomy":"product_cat","embeddable":true,"href":"https:\/\/www.hydraulic-cylinders.net\/sv\/wp-json\/wp\/v2\/product_cat?post=19015"},{"taxonomy":"product_tag","embeddable":true,"href":"https:\/\/www.hydraulic-cylinders.net\/sv\/wp-json\/wp\/v2\/product_tag?post=19015"}],"curies":[{"name":"wp","href":"https:\/\/api.w.org\/{rel}","templated":true}]}}