{"id":19021,"date":"2025-04-07T06:07:33","date_gmt":"2025-04-07T06:07:33","guid":{"rendered":"https:\/\/www.hydraulic-cylinders.net\/product\/boom-cylinder-for-doosan-wheel-excavator-dh150w-7\/"},"modified":"2025-04-07T06:07:36","modified_gmt":"2025-04-07T06:07:36","slug":"boom-cylinder-for-doosan-wheel-excavator-dh150w-7","status":"publish","type":"product","link":"https:\/\/www.hydraulic-cylinders.net\/sv\/produkt\/boom-cylinder-for-doosan-wheel-excavator-dh150w-7\/","title":{"rendered":"Bomcylinder f\u00f6r Doosan hjulgr\u00e4vmaskin DH150W-7"},"content":{"rendered":"<h1>Bomcylinder f\u00f6r Doosan hjulgr\u00e4vmaskin DH150W-7<\/h1>\n<h2>Introduktion till bomcylindrar<\/h2>\n<p>Bomcylindern f\u00f6r Doosan hjulgr\u00e4vmaskin DH150W-7 \u00e4r en kritisk komponent som \u00e4r speciellt utformad f\u00f6r att f\u00f6rb\u00e4ttra gr\u00e4vmaskiners driftseffektivitet. En skopcylinder \u00e4r en typ av hydraulcylinder som styr r\u00f6relsen hos olika tunga maskiners skopor, inklusive gr\u00e4vmaskiner, gr\u00e4vlastare och frontlastare. Den underl\u00e4ttar lyftning, s\u00e4nkning och lutning av skopan, vilket g\u00f6r den viktig f\u00f6r materialhanteringsuppgifter.<\/p>\n<p><img decoding=\"async\" src=\"https:\/\/www.hydraulic-cylinders.net\/wp-content\/uploads\/2025\/04\/songte-company-1.webp\" alt=\"Bomcylinder f\u00f6r gr\u00e4vmaskiner\" \/><\/p>\n<p>Dessa hydraulcylindrar spelar en viktig roll i hydraulsystemen i tunga maskiner, d\u00e4r de anv\u00e4nder trycksatt hydraulv\u00e4tska f\u00f6r att \u00f6verf\u00f6ra kraft och utf\u00f6ra arbete. Effektiviteten hos en bomcylinder p\u00e5verkar direkt utrustningens prestanda, vilket s\u00e4kerst\u00e4ller smidig drift och optimal produktivitet. Med h\u00f6g h\u00e5llbarhet och styrka \u00e4r de byggda f\u00f6r att motst\u00e5 extrema arbetsf\u00f6rh\u00e5llanden, vilket g\u00f6r dem oumb\u00e4rliga inom bygg- och jordbruksapplikationer.<\/p>\n<h2>Funktioner hos bomcylindern<\/h2>\n<ul>\n<li><strong>H\u00f6g styrka och h\u00e5llbarhet:<\/strong> Tillverkade av h\u00f6gh\u00e5llfast st\u00e5l eller aluminium, t\u00e5l dessa cylindrar h\u00f6gt tryck och tunga belastningar, vilket g\u00f6r dem l\u00e4mpliga f\u00f6r tuffa arbetsmilj\u00f6er.<\/li>\n<li><strong>Effektiv hydraulisk drift:<\/strong> De anv\u00e4nder hydraulv\u00e4tsketryck f\u00f6r smidiga ut- och inf\u00e4llningsr\u00f6relser, vilket ger snabb respons p\u00e5 operat\u00f6rskommandon, vilket \u00e4r avg\u00f6rande f\u00f6r hantering av tunga material.<\/li>\n<li><strong>Olika typer:<\/strong> Kunderna kan v\u00e4lja mellan enkelverkande eller dubbelverkande cylindrar baserat p\u00e5 deras driftsbehov, d\u00e4r vissa modeller har teleskopiska konstruktioner f\u00f6r \u00f6kad f\u00f6rl\u00e4ngning utan att f\u00f6rstora ytterm\u00e5tten.<\/li>\n<\/ul>\n<p>V\u00e5ra produkter kan perfekt ers\u00e4tta dessa hydraulcylindrar, vilket s\u00e4kerst\u00e4ller tillf\u00f6rlitlig prestanda.<\/p>\n<p><img decoding=\"async\" src=\"https:\/\/www.hydraulic-cylinders.net\/wp-content\/uploads\/2025\/04\/songte-cylinder-head-with-all-kinds-excavator-models.webp\" alt=\"Varianter av hydraulcylinder\" \/><\/p>\n<h2>Anv\u00e4ndningsomr\u00e5den f\u00f6r bomcylindern<\/h2>\n<h3>Byggutrustning<\/h3>\n<p>I gr\u00e4vmaskiner \u00e4r bomcylindrar viktiga f\u00f6r gr\u00e4vning, lastning och flyttning av jord eller skr\u00e4p. De ger den kraft som kr\u00e4vs f\u00f6r att penetrera jorden, vilket g\u00f6r att f\u00f6rarna effektivt kan gr\u00e4va diken eller grundvalar. I gr\u00e4vlastare hj\u00e4lper dessa cylindrar till b\u00e5de gr\u00e4vning och lyftning, vilket g\u00f6r dem m\u00e5ngsidiga f\u00f6r olika bygguppgifter.<\/p>\n<h3>Jordbruksmaskiner<\/h3>\n<p>Frontlastare anv\u00e4nder bomcylindrar f\u00f6r att skopa, lyfta och transportera jord, h\u00f6 och andra material. Deras f\u00f6rm\u00e5ga att arbeta p\u00e5 f\u00e4lt och g\u00e5rdar \u00f6kar produktiviteten, vilket g\u00f6r det m\u00f6jligt f\u00f6r lantbrukare att hantera sina uppgifter mer effektivt.<\/p>\n<h3>Gr\u00e4vmaskiner<\/h3>\n<p>Skopans cylinder underl\u00e4ttar gr\u00e4vningen genom att l\u00e5ta skopan tr\u00e4nga ner i marken, vilket g\u00f6r den oumb\u00e4rlig f\u00f6r gr\u00e4vprojekt. Dess effektivitet p\u00e5verkar direkt gr\u00e4vprocessens totala hastighet och effektivitet.<\/p>\n<h3>Lastare<\/h3>\n<p>Hos frontlastare hj\u00e4lper bomcylindrar till att lyfta och lossa laster effektivt. Deras design m\u00f6jligg\u00f6r snabb drift, vilket f\u00f6rb\u00e4ttrar det \u00f6vergripande arbetsfl\u00f6det vid lastning och lossning.<\/p>\n<h2>Design\u00f6verv\u00e4ganden och urvalskriterier<\/h2>\n<h3>Lastkapacitet<\/h3>\n<p>Lastkapacitet \u00e4r en avg\u00f6rande faktor n\u00e4r man v\u00e4ljer en bomcylinder. Den m\u00e5ste matcha eller \u00f6vertr\u00e4ffa kraven f\u00f6r de aktuella uppgifterna. R\u00e4tt lastkapacitet s\u00e4kerst\u00e4ller s\u00e4kerhet och effektivitet under drift och f\u00f6rhindrar fel orsakade av \u00f6verbelastning.<\/p>\n<h3>T\u00e4tningsmekanismer<\/h3>\n<p>T\u00e4tningsmekanismernas integritet \u00e4r avg\u00f6rande f\u00f6r att f\u00f6rhindra l\u00e4ckage av hydraulv\u00e4tska, vilket kan f\u00f6rs\u00e4mra hydraulsystemets prestanda. H\u00f6gkvalitativa t\u00e4tningar s\u00e4kerst\u00e4ller l\u00e5ng livsl\u00e4ngd och minskar underh\u00e5llsfrekvensen.<\/p>\n<h3>Varaktighet<\/h3>\n<p>Cylinderns h\u00e5llbarhet \u00e4r av st\u00f6rsta vikt, s\u00e4rskilt i tuffa arbetsmilj\u00f6er. H\u00f6gkvalitativa material och robusta konstruktionstekniker bidrar till motst\u00e5ndskraft mot slitage och skador, vilket f\u00f6rl\u00e4nger produktens livsl\u00e4ngd.<\/p>\n<h3>S\u00e4kerhetsfunktioner<\/h3>\n<p>S\u00e4kerhetsfunktioner inbyggda i bomcylindrar, s\u00e5som \u00f6verbelastningsskydd och n\u00f6dutl\u00f6sningsmekanismer, f\u00f6rb\u00e4ttrar driftss\u00e4kerheten. Dessa funktioner minimerar riskerna i samband med pl\u00f6tsliga tryckf\u00f6r\u00e4ndringar eller utrustningsfel.<\/p>\n<h3>Underh\u00e5ll och reparationsm\u00f6jligheter<\/h3>\n<p>Att konstruera f\u00f6r enkelt underh\u00e5ll m\u00f6jligg\u00f6r snabbare reparationer och mindre driftstopp. Funktioner som underl\u00e4ttar inspektion och utbyte av delar \u00e4r f\u00f6rdelaktiga f\u00f6r att uppr\u00e4tth\u00e5lla driftseffektiviteten.<\/p>\n<p><img decoding=\"async\" src=\"https:\/\/www.hydraulic-cylinders.net\/wp-content\/uploads\/2025\/04\/songte-oil-pipes-and-spare-parts.webp\" alt=\"Hydrauliska cylinderdelar\" \/><\/p>\n<h2>T\u00e4tning och sm\u00f6rjning<\/h2>\n<p>T\u00e4tning och sm\u00f6rjning \u00e4r avg\u00f6rande f\u00f6r bomcylindrarnas livsl\u00e4ngd och prestanda. Olika t\u00e4tningar, s\u00e5som kolvt\u00e4tningar och st\u00e5ngt\u00e4tningar, anv\u00e4nds f\u00f6r att f\u00f6rhindra v\u00e4tskel\u00e4ckage. Dessa t\u00e4tningar \u00e4r ofta tillverkade av slitstarka material som polyuretan och nitrilgummi f\u00f6r att \u00f6ka h\u00e5llbarheten.<\/p>\n<p>Cylinderhuset och de g\u00e4ngade \u00e4ndarna genomg\u00e5r precisionsbearbetning f\u00f6r att f\u00f6rb\u00e4ttra slitstyrkan och t\u00e4tningseffektiviteten. Regelbunden sm\u00f6rjning med hydraulolja \u00e4r n\u00f6dv\u00e4ndig f\u00f6r att s\u00e4kerst\u00e4lla smidig drift och f\u00f6r att minimera friktion mellan r\u00f6rliga delar, vilket kan leda till f\u00f6r tidigt slitage och haveri.<\/p>\n<h2>F\u00f6rebyggande underh\u00e5lls\u00e5tg\u00e4rder<\/h2>\n<ul>\n<li><strong>Regelbundna inspektioner:<\/strong> Att utf\u00f6ra rutinkontroller av l\u00e4ckor, slitage och skador hj\u00e4lper till att identifiera problem innan de eskalerar, vilket s\u00e4kerst\u00e4ller problemfri drift.<\/li>\n<li><strong>L\u00e4mplig sm\u00f6rjning:<\/strong> Att uppr\u00e4tth\u00e5lla r\u00e4tt sm\u00f6rjniv\u00e5er \u00e4r avg\u00f6rande f\u00f6r att minska friktion och slitage p\u00e5 interna komponenter.<\/li>\n<li><strong>Byte av t\u00e4tning:<\/strong> Regelbundet byte av t\u00e4tningar f\u00f6rhindrar l\u00e4ckage och bibeh\u00e5ller optimalt hydraultryck.<\/li>\n<\/ul>\n<h2>Installationsriktlinjer<\/h2>\n<p>Installation av bomcylindern kr\u00e4ver noggrannhet f\u00f6r att s\u00e4kerst\u00e4lla korrekt funktion. B\u00f6rja med att se till att arbetsytan \u00e4r ren och fri fr\u00e5n skr\u00e4p. Rikta noggrant in cylindern med monteringspunkterna p\u00e5 gr\u00e4vmaskinen och anv\u00e4nd l\u00e4mpliga monteringsf\u00e4sten f\u00f6r att f\u00e4sta den p\u00e5 plats.<\/p>\n<p>Det \u00e4r viktigt att inte dra \u00e5t bultarna f\u00f6r h\u00e5rt, eftersom det kan orsaka p\u00e5frestningar p\u00e5 cylindern. Kontrollera justeringen ytterligare en g\u00e5ng efter installationen innan hydraulledningarna ansluts. S\u00e4kerst\u00e4ll att hydraulanslutningarna \u00e4r s\u00e4kra och fria fr\u00e5n l\u00e4ckor. Slutligen, lufta hydraulsystemet f\u00f6r att avl\u00e4gsna luft innan bomcylindern testas.<\/p>\n<h2>Vanliga underh\u00e5llsuppgifter<\/h2>\n<ul>\n<li><strong>Regelbundna inspektioner:<\/strong> Regelbundna inspektioner \u00e4r avg\u00f6rande f\u00f6r att identifiera potentiella problem tidigt. Leta efter tecken p\u00e5 slitage, l\u00e4ckor eller ovanliga ljud under drift.<\/li>\n<li><strong>L\u00e4mplig sm\u00f6rjning:<\/strong> Sm\u00f6rj de r\u00f6rliga delarna enligt tillverkarens specifikationer f\u00f6r att f\u00f6rhindra \u00f6verdrivet slitage och s\u00e4kerst\u00e4lla problemfri drift.<\/li>\n<li><strong>Byte av t\u00e4tning:<\/strong> Kontrollera t\u00e4tningarna f\u00f6r skador eller nedbrytning och byt ut dem vid behov f\u00f6r att bibeh\u00e5lla hydraulisk effektivitet och f\u00f6rhindra l\u00e4ckage.<\/li>\n<\/ul>\n<h2>S\u00e4kerhetsaspekter och milj\u00f6faktorer<\/h2>\n<p>Vid anv\u00e4ndning av hydraulcylindrar \u00e4r det avg\u00f6rande att implementera s\u00e4kerhets\u00e5tg\u00e4rder. Operat\u00f6rer b\u00f6r alltid f\u00f6lja s\u00e4kerhetsriktlinjer f\u00f6r att f\u00f6rhindra olyckor relaterade till fel i hydraulsystemet. Regelbunden utbildning och efterlevnad av s\u00e4kerhetsprotokoll bidrar till att s\u00e4kerst\u00e4lla en s\u00e4ker arbetsmilj\u00f6.<\/p>\n<h2>Fels\u00f6kning av vanliga problem<\/h2>\n<ul>\n<li><strong>L\u00e4ckage:<\/strong> Identifiera k\u00e4llan till l\u00e4ckan genom att inspektera t\u00e4tningar och anslutningar. Att dra \u00e5t l\u00f6sa kopplingar eller byta ut slitna t\u00e4tningar kan l\u00f6sa problemet.<\/li>\n<li><strong>Reducerad effekt:<\/strong> Om bomcylindern uppvisar minskad lyftkraft, kontrollera hydraulv\u00e4tskeniv\u00e5erna och se till att det inte finns n\u00e5gra blockeringar i hydraulledningarna.<\/li>\n<li><strong>Ovanliga ljud:<\/strong> Eventuella ovanliga ljud under drift kan tyda p\u00e5 inre slitage eller skador. Kontrollera cylindern f\u00f6r tecken p\u00e5 slitage eller strukturella fel.<\/li>\n<\/ul>\n<h2>Tips f\u00f6r f\u00f6rebyggande \u00e5tg\u00e4rder<\/h2>\n<p>F\u00f6r att minimera potentiella problem \u00e4r regelbundet underh\u00e5ll och \u00f6vervakning av hydraulsystemet avg\u00f6rande. Att genomf\u00f6ra en rutinm\u00e4ssig kontroll av l\u00e4ckor och slitage kan f\u00f6rhindra st\u00f6rre fel.<\/p>\n<p><img decoding=\"async\" src=\"https:\/\/www.hydraulic-cylinders.net\/wp-content\/uploads\/2025\/04\/songte-bushings-with-all-kinds-of-excavator-models.webp\" alt=\"Gr\u00e4vmaskinsbussningar\" \/><\/p>\n<h2>Om v\u00e5rt f\u00f6retag<\/h2>\n<p>Vi \u00e4r en ledande tillverkare och grossist av hydraulcylindrar och str\u00e4var efter h\u00f6gsta kvalitet och produktion. V\u00e5rt m\u00e5ngsidiga produktsortiment positionerar oss som en betydande akt\u00f6r p\u00e5 b\u00e5de inhemska och internationella marknader. Vi betonar en f\u00f6rfinad tillverkningsstrategi, med avancerad teknik och skicklig personal f\u00f6r att f\u00f6rb\u00e4ttra kvaliteten p\u00e5 v\u00e5ra produkter.<\/p>\n<p>V\u00e5rt engagemang f\u00f6r professionella standarder, internationella certifieringar och kundanpassade tj\u00e4nster s\u00e4kerst\u00e4ller att vi m\u00f6ter en m\u00e4ngd olika kunders behov. Med toppmodern produktionsutrustning och robust eftermarknadssupport f\u00f6rb\u00e4ttrar vi kontinuerligt v\u00e5r tillverkningsplattform och produktkvalitet f\u00f6r att uppfylla olika kundkrav.<\/p>\n<p><img decoding=\"async\" src=\"https:\/\/www.hydraulic-cylinders.net\/wp-content\/uploads\/2025\/04\/songte-company-4.webp\" alt=\"V\u00e5rt f\u00f6retag\" \/><br \/>\n<img decoding=\"async\" src=\"https:\/\/www.hydraulic-cylinders.net\/wp-content\/uploads\/2025\/04\/songte-company-3.webp\" alt=\"Tillverkningsprocess\" \/><\/p>\n<p>F\u00f6rfattare: lyl<\/p>","protected":false},"excerpt":{"rendered":"<p>Boom Cylinder For Doosan Wheel Excavator DH150W-7 Introduction to Boom Cylinders The Boom Cylinder for Doosan Wheel Excavator DH150W-7 is a critical component designed specifically for enhancing the operational efficiency of excavators. A bucket cylinder is a type of hydraulic cylinder that controls the movement of various heavy machinery buckets, including excavators, backhoe loaders, and [&hellip;]<\/p>","protected":false},"featured_media":17873,"comment_status":"open","ping_status":"closed","template":"","meta":{"_et_pb_use_builder":"","_et_pb_old_content":"","_et_gb_content_width":""},"product_brand":[],"product_cat":[1546],"product_tag":[1547,1496],"class_list":{"0":"post-19021","1":"product","2":"type-product","3":"status-publish","4":"has-post-thumbnail","6":"product_cat-boom-cylinders","7":"product_tag-boom-cylinders","8":"product_tag-hydraulic-cylinders","10":"first","11":"instock","12":"shipping-taxable","13":"product-type-simple"},"amp_enabled":true,"_links":{"self":[{"href":"https:\/\/www.hydraulic-cylinders.net\/sv\/wp-json\/wp\/v2\/product\/19021","targetHints":{"allow":["GET"]}}],"collection":[{"href":"https:\/\/www.hydraulic-cylinders.net\/sv\/wp-json\/wp\/v2\/product"}],"about":[{"href":"https:\/\/www.hydraulic-cylinders.net\/sv\/wp-json\/wp\/v2\/types\/product"}],"replies":[{"embeddable":true,"href":"https:\/\/www.hydraulic-cylinders.net\/sv\/wp-json\/wp\/v2\/comments?post=19021"}],"wp:featuredmedia":[{"embeddable":true,"href":"https:\/\/www.hydraulic-cylinders.net\/sv\/wp-json\/wp\/v2\/media\/17873"}],"wp:attachment":[{"href":"https:\/\/www.hydraulic-cylinders.net\/sv\/wp-json\/wp\/v2\/media?parent=19021"}],"wp:term":[{"taxonomy":"product_brand","embeddable":true,"href":"https:\/\/www.hydraulic-cylinders.net\/sv\/wp-json\/wp\/v2\/product_brand?post=19021"},{"taxonomy":"product_cat","embeddable":true,"href":"https:\/\/www.hydraulic-cylinders.net\/sv\/wp-json\/wp\/v2\/product_cat?post=19021"},{"taxonomy":"product_tag","embeddable":true,"href":"https:\/\/www.hydraulic-cylinders.net\/sv\/wp-json\/wp\/v2\/product_tag?post=19021"}],"curies":[{"name":"wp","href":"https:\/\/api.w.org\/{rel}","templated":true}]}}