{"id":1906,"date":"2023-10-19T06:58:04","date_gmt":"2023-10-19T06:58:04","guid":{"rendered":"https:\/\/hydraulic-cylinders.net\/?post_type=product&#038;p=1906"},"modified":"2025-04-11T02:51:49","modified_gmt":"2025-04-11T02:51:49","slug":"double-shield-tbm-support-shoe-cylinder","status":"publish","type":"product","link":"https:\/\/www.hydraulic-cylinders.net\/sv\/produkt\/double-shield-tbm-support-shoe-cylinder\/","title":{"rendered":"Dubbelsk\u00f6ldad TBM-st\u00f6dskocylinder"},"content":{"rendered":"<h1 style=\"text-align: center;\"><strong>Dubbelsk\u00f6ldad TBM-st\u00f6dskocylinder<\/strong><\/h1>\n<p><img loading=\"lazy\" decoding=\"async\" class=\"aligncenter wp-image-1907\" src=\"https:\/\/hydraulic-cylinders.net\/wp-content\/uploads\/2023\/10\/support-shoe-cylinder-1-2-300x300.webp\" alt=\"\" width=\"400\" height=\"400\" \/><\/p>\n<p>St\u00f6dcylindern f\u00f6r dubbelt skydd f\u00f6r tunnelborrningsmaskin (TBM) \u00e4r en avancerad hydraulisk komponent som \u00e4r utformad f\u00f6r att f\u00f6rb\u00e4ttra effektiviteten och s\u00e4kerheten vid tunnelborrning. Denna specialiserade cylinder spelar en avg\u00f6rande roll f\u00f6r att st\u00f6dja skyddet p\u00e5 en dubbelt skyddsmaskin f\u00f6r tunnelborrning (TBM), vilket s\u00e4kerst\u00e4ller stabilitet och skydd under gr\u00e4vning. Den h\u00e4r informativa artikeln kommer att utforska de viktigaste egenskaperna, anv\u00e4ndningsmetoderna och underh\u00e5llsriktlinjerna f\u00f6r st\u00f6dcylindern f\u00f6r dubbelt skyddsmaskin f\u00f6r tunnelborrning.<\/p>\n<p>St\u00f6dcylindern f\u00f6r TBM med dubbla sk\u00e4rmar \u00e4r en viktig komponent som f\u00f6rb\u00e4ttrar effektiviteten och s\u00e4kerheten vid tunnelborrning med dubbla sk\u00e4rmar. Med sin f\u00f6rb\u00e4ttrade stabilitet, precisa kontroll, dubbelverkande design, h\u00e5llbarhet och tillf\u00f6rlitlighet s\u00e4kerst\u00e4ller denna cylinder s\u00e4kert st\u00f6d och skydd av TBM-sk\u00f6lden under gr\u00e4vning. Genom att f\u00f6lja de rekommenderade anv\u00e4ndningsmetoderna och regelbundna underh\u00e5llspraxis kommer st\u00f6dcylindern f\u00f6r TBM med dubbla sk\u00e4rmar att forts\u00e4tta leverera enast\u00e5ende prestanda och bidra till tunnelprojektens framg\u00e5ngar. Upplev effektiviteten och s\u00e4kerheten hos st\u00f6dcylindern f\u00f6r TBM med dubbla sk\u00e4rmar, som revolutionerar tunnelborrningsoperationer med avancerad teknik och tillf\u00f6rlitlighet.<\/p>\n<p>Dubbelsk\u00f6ldad TBM-st\u00f6dskocylinder, viktiga egenskaper:<\/p>\n<ul>\n<li>F\u00f6rb\u00e4ttrad stabilitet och lastb\u00e4rande: St\u00f6dcylindern f\u00f6r den dubbla TBM-sk\u00e4rmen \u00e4r konstruerad f\u00f6r att ge exceptionell stabilitet och lastb\u00e4rande kapacitet till TBM-sk\u00e4rmen. Dess robusta konstruktion och precisa konstruktion s\u00e4kerst\u00e4ller att sk\u00e4rmen sitter s\u00e4kert p\u00e5 plats under gr\u00e4vning, vilket minimerar risken f\u00f6r markras och garanterar tunnelarbetarnas s\u00e4kerhet.<\/li>\n<li>Exakt kontroll och positionering: Utrustad med avancerade hydrauliska styrsystem erbjuder denna cylinder exakt kontroll \u00f6ver st\u00f6dskornas positionering. Detta g\u00f6r det m\u00f6jligt f\u00f6r operat\u00f6rer att justera skons orientering och inriktning f\u00f6r att matcha de specifika markf\u00f6rh\u00e5llandena, vilket s\u00e4kerst\u00e4ller noggrann och effektiv gr\u00e4vning.<\/li>\n<li>Dubbelverkande design: Den dubbla sk\u00e4rmcylindern f\u00f6r st\u00f6dskorna f\u00f6r tbm har en dubbelverkande design, vilket inneb\u00e4r att den kan ut\u00f6va kraft i b\u00e5de utskjutnings- och indragningsriktningen. Denna funktion m\u00f6jligg\u00f6r m\u00e5ngsidig och kontrollerad r\u00f6relse av st\u00f6dskorna, vilket ger optimalt st\u00f6d och stabilitet under tunnelprocessen.<\/li>\n<li>H\u00e5llbarhet och tillf\u00f6rlitlighet: TBM-st\u00f6dcylindern med dubbla skydd \u00e4r tillverkad av h\u00f6gkvalitativa material och \u00e4r konstruerad f\u00f6r att motst\u00e5 de kr\u00e4vande f\u00f6rh\u00e5llanden som uppst\u00e5r vid tunnelborrning. Den t\u00e5l tunga belastningar, vibrationer och st\u00f6tar, vilket ger l\u00e5ngvarig h\u00e5llbarhet, minimerar stillest\u00e5ndstid och minskar underh\u00e5llskostnader.<\/li>\n<\/ul>\n<h2><strong>Dubbelsk\u00f6ld TBM-st\u00f6dskocylinderparameter:<\/strong><\/h2>\n<table border=\"1\" cellspacing=\"0\" cellpadding=\"0\">\n<tbody>\n<tr>\n<td>Produktnamn<\/td>\n<td>St\u00f6dskocylinder f\u00f6r tunnelborrmaskin med dubbel sk\u00e4rm<\/td>\n<\/tr>\n<tr>\n<td>Drag:<\/td>\n<td>Ger dragkraften f\u00f6r tunnelborrning med sk\u00e4rhuvud<\/td>\n<\/tr>\n<tr>\n<td>Borrdiameter:<\/td>\n<td>320 mm\uff5e700 mm<\/td>\n<\/tr>\n<tr>\n<td>St\u00e5ngdiameter:<\/td>\n<td>220 mm\uff5e500 mm<br \/>\nSlagl\u00e4ngd: 300 mm ~ 1200 mm<\/td>\n<\/tr>\n<tr>\n<td>Tryck:<\/td>\n<td>upp till 35 MPa<\/td>\n<\/tr>\n<tr>\n<td>Anv\u00e4ndningsomr\u00e5den:<\/td>\n<td>Dubbelsk\u00f6ldtunnelborrmaskin<\/td>\n<\/tr>\n<\/tbody>\n<\/table>\n<h2><strong>Dubbelsk\u00f6ldad TBM-cylinderapplikation:<\/strong><\/h2>\n<p><img loading=\"lazy\" decoding=\"async\" class=\"alignnone wp-image-1909 size-full\" src=\"https:\/\/hydraulic-cylinders.net\/wp-content\/uploads\/2023\/10\/double-shield-tbm-cylinder-1.webp\" alt=\"\" width=\"709\" height=\"473\" srcset=\"https:\/\/hydraulic-cylinders.net\/wp-content\/uploads\/2023\/10\/double-shield-tbm-cylinder-1.webp 709w, https:\/\/hydraulic-cylinders.net\/wp-content\/uploads\/2023\/10\/double-shield-tbm-cylinder-1-480x320.webp 480w\" sizes=\"(min-width: 0px) and (max-width: 480px) 480px, (min-width: 481px) 709px, 100vw\" \/><\/p>\n<h2><strong>Anv\u00e4ndningsmetod f\u00f6r <\/strong><strong>Dubbelsk\u00f6ldad TBM-st\u00f6dskocylinder<\/strong><strong>:<\/strong><\/h2>\n<ul>\n<li><strong>Cylinderinstallation:<\/strong>\u00a0 Montera st\u00f6dcylindern f\u00f6r den dubbla sk\u00e4rmcylindern f\u00f6r TBM:n enligt tillverkarens anvisningar. Anv\u00e4nd l\u00e4mpliga monteringsf\u00e4sten eller tillbeh\u00f6r f\u00f6r att s\u00e4kerst\u00e4lla korrekt uppriktning och s\u00e4ker fasts\u00e4ttning p\u00e5 TBM:ns st\u00f6dkonstruktion.<\/li>\n<li><strong>Integration av hydraulsystem:<\/strong> Anslut cylindern till tunnelborrmaskinens hydraulsystem med kompatibla slangar och kopplingar. Kontrollera att alla anslutningar \u00e4r s\u00e4kra, l\u00e4ckagefria och ordentligt \u00e5tdragna f\u00f6r att s\u00e4kerst\u00e4lla optimal hydraulisk prestanda.<\/li>\n<li><strong>Kontroll och positionering:<\/strong>\u00a0 Bekanta dig med reglerna som \u00e4r specifika f\u00f6r st\u00f6dcylindern f\u00f6r dubbelsk\u00f6ld-tbm-t\u00e4ckhjul. Anv\u00e4nd dessa kontroller f\u00f6r att justera st\u00f6dskornas position, justering och vinkel efter behov. F\u00f6lj t\u00e4ckhjulstillverkarens riktlinjer och rekommendationer f\u00f6r optimal placering av st\u00f6dskorna baserat p\u00e5 markf\u00f6rh\u00e5llandena.<\/li>\n<li><strong>S\u00e4kerhets\u00e5tg\u00e4rder:<\/strong>\u00a0 F\u00f6lj alla s\u00e4kerhetsprotokoll och riktlinjer som tillhandah\u00e5lls av TBM-tillverkaren. S\u00e4kerst\u00e4ll att operat\u00f6rerna \u00e4r utbildade i s\u00e4ker anv\u00e4ndning av TBM:n och den dubbla TBM-st\u00f6dcylindern. Inspektera regelbundet s\u00e4kerhetsmekanismerna och utf\u00f6r underh\u00e5ll enligt rekommendationer f\u00f6r att s\u00e4kerst\u00e4lla korrekt funktion.<\/li>\n<\/ul>\n<h2><strong>Hur man bygger en hydraulcylinder?<\/strong><\/h2>\n<p>Att bygga en hydraulcylinder kr\u00e4ver avancerad ingenj\u00f6rskunskap, specialutrustning och tillg\u00e5ng till h\u00f6gkvalitativa material. P\u00e5 grund av komplexiteten och precisionen \u00e4r det vanligtvis en uppgift som utf\u00f6rs av professionella tillverkare. H\u00e4r \u00e4r dock en allm\u00e4n \u00f6versikt \u00f6ver stegen som ing\u00e5r i att bygga en hydraulcylinder:<\/p>\n<ol>\n<li><strong>Design och teknik:<\/strong>\n<ul>\n<li>Best\u00e4m de specifika kraven och specifikationerna f\u00f6r den hydrauliska cylindern, s\u00e5som slagl\u00e4ngd, borrdiameter, driftstryck och lastkapacitet.<\/li>\n<li>Anv\u00e4nd datorst\u00f6dd design (CAD) f\u00f6r att skapa en detaljerad plan som inkluderar cylinderns dimensioner, interna komponenter och t\u00e4tningar.<\/li>\n<\/ul>\n<\/li>\n<li><strong>Materialval:<\/strong>\n<ul>\n<li>V\u00e4lj h\u00f6gkvalitativa material f\u00f6r hydrauliska applikationer, s\u00e5som st\u00e5l eller aluminium f\u00f6r cylinderr\u00f6r, kolv och \u00e4ndk\u00e5por.<\/li>\n<li>V\u00e4lj l\u00e4mpliga t\u00e4tningar, s\u00e5som O-ringar eller kolvt\u00e4tningar, som kan motst\u00e5 driftsf\u00f6rh\u00e5llandena och v\u00e4tskekompatibilitet.<\/li>\n<\/ul>\n<\/li>\n<li><strong>Maskinbearbetning:<\/strong>\n<ul>\n<li>Anv\u00e4nd precisionsbearbetningsutrustning, s\u00e5som svarvar, fr\u00e4sar och slipmaskiner, f\u00f6r att tillverka cylinderkomponenterna enligt konstruktionsspecifikationerna.<\/li>\n<li>Bearbeta cylinderr\u00f6ret, \u00e4ndk\u00e5porna, kolven, st\u00e5ngen och andra interna komponenter till erforderliga dimensioner och toleranser.<\/li>\n<\/ul>\n<\/li>\n<li><strong>Montering:<\/strong>\n<ul>\n<li>Reng\u00f6r alla komponenter noggrant f\u00f6r att avl\u00e4gsna eventuella f\u00f6roreningar eller skr\u00e4p.<\/li>\n<li>Montera t\u00e4tningarna i de avsedda sp\u00e5ren p\u00e5 kolven, \u00e4ndk\u00e5porna och st\u00e5ngen.<\/li>\n<li>F\u00f6r f\u00f6rsiktigt in kolven i cylinderr\u00f6ret och se till att den \u00e4r korrekt inriktad och har r\u00e4tt spelrum.<\/li>\n<li>F\u00e4st \u00e4ndk\u00e5porna p\u00e5 cylinderr\u00f6ret och s\u00e4kerst\u00e4ll en s\u00e4ker och l\u00e4ckagefri anslutning.<\/li>\n<li>S\u00e4tt in st\u00e5ngen i kolven och f\u00e4st den med l\u00e4mpliga f\u00e4stelement.<\/li>\n<li>F\u00e4st hydrauliska kopplingar eller portar p\u00e5 \u00e4ndk\u00e5porna f\u00f6r v\u00e4tskeanslutningar.<\/li>\n<\/ul>\n<\/li>\n<li><strong>Testning och kvalitetskontroll:<\/strong>\n<ul>\n<li>Utf\u00f6r tryckprovning f\u00f6r att s\u00e4kerst\u00e4lla att cylindern kan motst\u00e5 det angivna driftstrycket utan l\u00e4ckage eller fel.<\/li>\n<li>Kontrollera cylinderns funktion genom att dra ut och in den under kontrollerade f\u00f6rh\u00e5llanden.<\/li>\n<li>Inspektera alla komponenter f\u00f6r defekter eller brister och s\u00e4kerst\u00e4ll att de uppfyller de n\u00f6dv\u00e4ndiga specifikationerna.<\/li>\n<li>Utf\u00f6r kvalitetskontroller f\u00f6r att s\u00e4kerst\u00e4lla att cylindern uppfyller s\u00e4kerhets- och myndighetskrav.<\/li>\n<\/ul>\n<\/li>\n<\/ol>\n<h2><strong>Fabrikens kapacitet och kapacitet:<\/strong><\/h2>\n<h3>(1) Montering<\/h3>\n<p>Vi har en f\u00f6rstklassig oberoende forsknings- och utvecklingsplattform. Verkstaden f\u00f6r tillverkning av hydraulcylindrar har fyra halvautomatiska monteringslinjer f\u00f6r lyftcylindrar och en automatisk monteringslinje f\u00f6r tiltcylindrar, med en planerad \u00e5rlig produktionskapacitet p\u00e5 1 miljon enheter. Specialcylinderverkstaden \u00e4r utrustad med olika specifikationer f\u00f6r ett halvautomatiskt reng\u00f6ringsmonteringssystem med en planerad \u00e5rlig produktionskapacitet p\u00e5 200 000 och utrustad med k\u00e4nd CNC-bearbetningsutrustning, ett fleroperationscenter, en specialutrustning f\u00f6r h\u00f6gprecisionscylindrar, en robotsvetsmaskin, en automatisk reng\u00f6ringsmaskin, en automatisk cylindermonteringsmaskin och en automatisk produktionslinje f\u00f6r m\u00e5lning. Befintlig kritisk utrustning p\u00e5 mer \u00e4n 300 set (set). Optimal allokering och effektiv anv\u00e4ndning av utrustningsresurser s\u00e4kerst\u00e4ller produkternas noggrannhetskrav och uppfyller produkternas h\u00f6ga kvalitetsbehov.<\/p>\n<p><img loading=\"lazy\" decoding=\"async\" class=\"alignnone wp-image-626\" src=\"https:\/\/hydraulic-cylinders.net\/wp-content\/uploads\/2023\/08\/hydraulic-cylinder-product-1-300x158.webp\" alt=\"\" width=\"495\" height=\"260\" srcset=\"https:\/\/hydraulic-cylinders.net\/wp-content\/uploads\/2023\/08\/hydraulic-cylinder-product-1-300x158.webp 495w, https:\/\/hydraulic-cylinders.net\/wp-content\/uploads\/2023\/08\/hydraulic-cylinder-product-1-480x252.webp 480w\" sizes=\"(min-width: 0px) and (max-width: 480px) 480px, (min-width: 481px) 495px, 100vw\" \/> <img loading=\"lazy\" decoding=\"async\" class=\"alignnone wp-image-627\" src=\"https:\/\/hydraulic-cylinders.net\/wp-content\/uploads\/2023\/08\/hydraulic-cylinder-product-2-300x189.webp\" alt=\"\" width=\"413\" height=\"260\" \/><\/p>\n<h3>(2) Maskinbearbetning<\/h3>\n<p>Bearbetningsverkstaden \u00e4r utrustad med en specialanpassad svarvcentral f\u00f6r lutande r\u00e4ls, bearbetningscenter, h\u00f6ghastighetsh\u00f6nsmaskin, svetsrobot och annan relaterad utrustning, som kan hantera bearbetning av cylinderr\u00f6r med en maximal innerdiameter p\u00e5 400 mm och en maximal l\u00e4ngd p\u00e5 6 meter.<\/p>\n<p><img loading=\"lazy\" decoding=\"async\" class=\"alignnone wp-image-628 size-large\" src=\"https:\/\/hydraulic-cylinders.net\/wp-content\/uploads\/2023\/08\/hydraulic-cylinder-product-3-1024x391.webp\" alt=\"\" width=\"1024\" height=\"391\" srcset=\"https:\/\/hydraulic-cylinders.net\/wp-content\/uploads\/2023\/08\/hydraulic-cylinder-product-3-980x374.webp 980w, https:\/\/hydraulic-cylinders.net\/wp-content\/uploads\/2023\/08\/hydraulic-cylinder-product-3-480x183.webp 480w\" sizes=\"(min-width: 0px) and (max-width: 480px) 480px, (min-width: 481px) and (max-width: 980px) 980px, (min-width: 981px) 1024px, 100vw\" \/><\/p>\n<h3>(3) Svetsning<\/h3>\n<p><img loading=\"lazy\" decoding=\"async\" class=\"alignnone wp-image-629 size-large\" src=\"https:\/\/hydraulic-cylinders.net\/wp-content\/uploads\/2023\/08\/hydraulic-cylinder-product-4-1024x510.webp\" alt=\"\" width=\"1024\" height=\"510\" srcset=\"https:\/\/hydraulic-cylinders.net\/wp-content\/uploads\/2023\/08\/hydraulic-cylinder-product-4-980x488.webp 980w, https:\/\/hydraulic-cylinders.net\/wp-content\/uploads\/2023\/08\/hydraulic-cylinder-product-4-480x239.webp 480w\" sizes=\"(min-width: 0px) and (max-width: 480px) 480px, (min-width: 481px) and (max-width: 980px) 980px, (min-width: 981px) 1024px, 100vw\" \/><\/p>\n<h3>(4) M\u00e5lning och ytbehandling<\/h3>\n<p>Med sm\u00e5 och medelstora cylindriska automatiska vattenbaserade f\u00e4rgbel\u00e4ggningslinjer, f\u00f6r att uppn\u00e5 automatisk robotlastning och lossning samt automatisk sprutning, \u00e4r den designade kapaciteten 4000 stycken per skift;<br \/>\nVi har \u00e4ven en halvautomatisk f\u00e4rgproduktionslinje f\u00f6r stora cylindrar som drivs av en sl\u00e4pkedja, med en designkapacitet p\u00e5 60 l\u00e5dor per skift.<\/p>\n<p><img loading=\"lazy\" decoding=\"async\" class=\"alignnone wp-image-630\" src=\"https:\/\/hydraulic-cylinders.net\/wp-content\/uploads\/2023\/08\/hydraulic-cylinder-product-5-300x213.webp\" alt=\"\" width=\"366\" height=\"260\" \/> <img loading=\"lazy\" decoding=\"async\" class=\"alignnone wp-image-631\" src=\"https:\/\/hydraulic-cylinders.net\/wp-content\/uploads\/2023\/08\/hydraulic-cylinder-product-6-300x225.webp\" alt=\"\" width=\"347\" height=\"260\" \/><\/p>\n<h3>(5) Testning<\/h3>\n<p>Vi har f\u00f6rstklassiga inspektionsanl\u00e4ggningar och testb\u00e4ddar f\u00f6r att s\u00e4kerst\u00e4lla att cylinderns prestanda uppfyller kraven.<\/p>\n<p><img loading=\"lazy\" decoding=\"async\" class=\"alignnone wp-image-632\" src=\"https:\/\/hydraulic-cylinders.net\/wp-content\/uploads\/2023\/08\/hydraulic-cylinder-product-8-300x200.webp\" alt=\"\" width=\"389\" height=\"260\" \/><\/p>\n<p>&nbsp;<\/p>\n<p>&nbsp;<\/p>\n<p>Vi \u00e4r en av de b\u00e4sta tillverkarna av hydraulcylindrar. Vi kan erbjuda ett helt\u00e4ckande utbud av hydraulcylindrar. Vi tillhandah\u00e5ller \u00e4ven motsvarande <a href=\"https:\/\/hzpt.com\/agricultural-pto-gearbox\/\" target=\"_blank\" rel=\"noopener\">jordbruksv\u00e4xell\u00e5dor<\/a>Vi har exporterat v\u00e5ra produkter till kunder \u00f6ver hela v\u00e4rlden och f\u00e5tt ett gott rykte tack vare v\u00e5r \u00f6verl\u00e4gsna produktkvalitet och kundservice. Vi v\u00e4lkomnar kunder b\u00e5de hemma och utomlands att kontakta oss f\u00f6r att f\u00f6rhandla aff\u00e4rer, utbyta information och <a href=\"https:\/\/www.hydraulic-cylinders.net\/sv\/contact-us\/\">samarbeta med oss<\/a>!<\/p>\n<p>&nbsp;<\/p>","protected":false},"excerpt":{"rendered":"<p>Double Shield TBM Support Shoe Cylinder The double shield TBM support shoe cylinder is a cutting-edge hydraulic component designed to enhance tunnel boring operations&#8217; efficiency and safety. This specialized cylinder plays a crucial role in supporting the shield of a double-shield tunnel boring machine (TBM), ensuring stability and protection during excavation. This informative article will [&hellip;]<\/p>","protected":false},"featured_media":1908,"comment_status":"open","ping_status":"closed","template":"","meta":{"_et_pb_use_builder":"","_et_pb_old_content":"","_et_gb_content_width":""},"product_brand":[],"product_cat":[1519,1549],"product_tag":[1380],"class_list":{"0":"post-1906","1":"product","2":"type-product","3":"status-publish","4":"has-post-thumbnail","6":"product_cat-shield-machine-hydraulic-cylinders","7":"product_cat-single-acting-hydraulic-cylinder","8":"product_tag-hydraulic-cylinder","10":"first","11":"instock","12":"shipping-taxable","13":"product-type-simple"},"amp_enabled":true,"_links":{"self":[{"href":"https:\/\/www.hydraulic-cylinders.net\/sv\/wp-json\/wp\/v2\/product\/1906","targetHints":{"allow":["GET"]}}],"collection":[{"href":"https:\/\/www.hydraulic-cylinders.net\/sv\/wp-json\/wp\/v2\/product"}],"about":[{"href":"https:\/\/www.hydraulic-cylinders.net\/sv\/wp-json\/wp\/v2\/types\/product"}],"replies":[{"embeddable":true,"href":"https:\/\/www.hydraulic-cylinders.net\/sv\/wp-json\/wp\/v2\/comments?post=1906"}],"wp:featuredmedia":[{"embeddable":true,"href":"https:\/\/www.hydraulic-cylinders.net\/sv\/wp-json\/wp\/v2\/media\/1908"}],"wp:attachment":[{"href":"https:\/\/www.hydraulic-cylinders.net\/sv\/wp-json\/wp\/v2\/media?parent=1906"}],"wp:term":[{"taxonomy":"product_brand","embeddable":true,"href":"https:\/\/www.hydraulic-cylinders.net\/sv\/wp-json\/wp\/v2\/product_brand?post=1906"},{"taxonomy":"product_cat","embeddable":true,"href":"https:\/\/www.hydraulic-cylinders.net\/sv\/wp-json\/wp\/v2\/product_cat?post=1906"},{"taxonomy":"product_tag","embeddable":true,"href":"https:\/\/www.hydraulic-cylinders.net\/sv\/wp-json\/wp\/v2\/product_tag?post=1906"}],"curies":[{"name":"wp","href":"https:\/\/api.w.org\/{rel}","templated":true}]}}