{"id":19096,"date":"2025-04-07T06:12:34","date_gmt":"2025-04-07T06:12:34","guid":{"rendered":"https:\/\/www.hydraulic-cylinders.net\/product\/boom-cylinder-for-yugong-wy135-8\/"},"modified":"2025-04-07T06:12:40","modified_gmt":"2025-04-07T06:12:40","slug":"boom-cylinder-for-yugong-wy135-8","status":"publish","type":"product","link":"https:\/\/www.hydraulic-cylinders.net\/sv\/produkt\/boom-cylinder-for-yugong-wy135-8\/","title":{"rendered":"Bomcylinder f\u00f6r Yugong WY135-8"},"content":{"rendered":"<h1>Bomcylinder f\u00f6r Yugong WY135-8<\/h1>\n<h2>Produkt\u00f6versikt<\/h2>\n<p>Bomcylindern f\u00f6r Yugong WY135-8 \u00e4r en specialiserad hydraulcylinder som \u00e4r utformad f\u00f6r att styra bomarmens r\u00f6relse i olika tunga maskiner s\u00e5som gr\u00e4vmaskiner, gr\u00e4vlastare och frontlastare. Dessa cylindrar m\u00f6jligg\u00f6r exakt lyftning, s\u00e4nkning och lutning av utrustning, vilket underl\u00e4ttar effektiva materialhanteringsuppgifter. Som en avg\u00f6rande komponent i hydraulsystem fungerar bomcylindern genom att omvandla hydraulisk energi till mekanisk energi, vilket m\u00f6jligg\u00f6r kraftfulla och kontrollerade r\u00f6relser.<\/p>\n<p><img decoding=\"async\" src=\"https:\/\/www.hydraulic-cylinders.net\/wp-content\/uploads\/2025\/04\/songte-company-1.webp\" alt=\"Bild av bomcylinder\" \/><\/p>\n<h2>Viktiga funktioner<\/h2>\n<ul>\n<li>\n<h3>H\u00f6g styrka och h\u00e5llbarhet<\/h3>\n<p>Bomcylindern \u00e4r tillverkad av h\u00f6gh\u00e5llfast st\u00e5l eller aluminium och \u00e4r konstruerad f\u00f6r att motst\u00e5 h\u00f6gt tryck och tunga belastningar, vilket g\u00f6r den l\u00e4mplig f\u00f6r tuffa arbetsmilj\u00f6er. Dess design inkluderar slitstyrka och korrosionsskydd f\u00f6r att f\u00f6rl\u00e4nga produktens livsl\u00e4ngd.<\/p>\n<\/li>\n<li>\n<h3>Effektiv hydraulisk drift<\/h3>\n<p>Cylindern anv\u00e4nder hydrauliskt oljetryck f\u00f6r att uppn\u00e5 smidig ut- och indragning, reagerar snabbt p\u00e5 f\u00f6rarens kommandon och ger robust tryck- och dragkraft. Denna effektivitet \u00e4r avg\u00f6rande f\u00f6r hantering av tunga material och komplexa driftsuppgifter.<\/p>\n<\/li>\n<li>\n<h3>Olika konfigurationer<\/h3>\n<p>Bomcylindern finns i b\u00e5de enkelverkande (i en riktning) och dubbelverkande (i tv\u00e5 riktningar) utf\u00f6rande och kan uppfylla olika driftskrav. Vissa modeller har teleskopiska konstruktioner, vilket m\u00f6jligg\u00f6r st\u00f6rre utbyggnad utan att \u00f6ka de yttre m\u00e5tten, perfekt f\u00f6r applikationer med begr\u00e4nsat utrymme.<\/p>\n<\/li>\n<li>\n<h3>Anpassningsbar produktion<\/h3>\n<p>Vi har kapacitet att tillverka denna produkt, och v\u00e5ra cylindrar kan s\u00f6ml\u00f6st ers\u00e4tta befintliga hydraulcylindrar p\u00e5 marknaden.<\/p>\n<\/li>\n<\/ul>\n<p><img decoding=\"async\" src=\"https:\/\/www.hydraulic-cylinders.net\/wp-content\/uploads\/2025\/04\/songte-cylinder-head-with-all-kinds-excavator-models.webp\" alt=\"Gr\u00e4vmaskinsmodell\" \/><\/p>\n<h2>Applikationer<\/h2>\n<ul>\n<li>\n<h3>Byggutrustning<\/h3>\n<p>I gr\u00e4vmaskiner \u00e4r bomcylindrar viktiga f\u00f6r gr\u00e4vning, lastning och flyttning av jord eller skr\u00e4p. De hj\u00e4lper inte bara till vid gr\u00e4vning utan \u00e4ven vid lyftning av material, vilket avsev\u00e4rt \u00f6kar maskinens produktivitet. Deras tillf\u00f6rlitliga prestanda \u00e4r avg\u00f6rande f\u00f6r byggbranschens dagliga verksamhet.<\/p>\n<\/li>\n<li>\n<h3>Jordbruksmaskiner<\/h3>\n<p>Dessa cylindrar, som anv\u00e4nds i frontlastare, ansvarar f\u00f6r att skopa, lyfta och transportera jord, h\u00f6 och andra material. Deras design m\u00f6jligg\u00f6r effektiv drift i olika jordbruksuppgifter, vilket s\u00e4kerst\u00e4ller att lantbrukare kan hantera material effektivt och \u00f6ka sin produktivitet.<\/p>\n<\/li>\n<li>\n<h3>Gr\u00e4vmaskiner<\/h3>\n<p>Bomcylindern g\u00f6r att skopan kan tr\u00e4nga ner i marken under gr\u00e4vning, vilket g\u00f6r att f\u00f6rarna kan gr\u00e4va effektivt. Den exakta kontrollen av bommens r\u00f6relse s\u00e4kerst\u00e4ller att gr\u00e4vmaskiner kan gr\u00e4va djupare och mer exakt, vilket g\u00f6r dem viktiga i bygg- och landskapsprojekt.<\/p>\n<\/li>\n<li>\n<h3>Lastare<\/h3>\n<p>P\u00e5 frontlastare hj\u00e4lper bomcylindrar till att lyfta och dumpa laster effektivt. Deras responsiva funktion och styrka s\u00e4kerst\u00e4ller att lastare enkelt kan hantera olika material, fr\u00e5n jord till ballast, vilket bidrar till lastningsprocessens totala effektivitet.<\/p>\n<\/li>\n<\/ul>\n<h2>Design\u00f6verv\u00e4ganden och urvalskriterier<\/h2>\n<ul>\n<li>\n<h3>Lastkapacitet<\/h3>\n<p>N\u00e4r man v\u00e4ljer en bomcylinder \u00e4r det avg\u00f6rande att ta h\u00e4nsyn till lastkapaciteten. Cylindern m\u00e5ste kunna hantera den maximala f\u00f6rv\u00e4ntade lasten utan att kompromissa med s\u00e4kerhet eller prestanda. Detta inneb\u00e4r att man bed\u00f6mer vikten p\u00e5 de material som flyttas och de specifika kraven f\u00f6r maskineriet.<\/p>\n<\/li>\n<li>\n<h3>T\u00e4tningsprestanda<\/h3>\n<p>Effektiv t\u00e4tning \u00e4r avg\u00f6rande f\u00f6r att uppr\u00e4tth\u00e5lla hydraultrycket och f\u00f6rhindra l\u00e4ckage. H\u00f6gkvalitativa t\u00e4tningar tillverkade av h\u00e5llbara material \u00e4r avg\u00f6rande f\u00f6r att s\u00e4kerst\u00e4lla cylinderns livsl\u00e4ngd och tillf\u00f6rlitlighet. Korrekt t\u00e4tning minskar underh\u00e5llsbehovet och f\u00f6rb\u00e4ttrar driftseffektiviteten.<\/p>\n<\/li>\n<li>\n<h3>Varaktighet<\/h3>\n<p>H\u00e5llbarhet \u00e4r en viktig faktor vid konstruktion av hydraulcylindrar. Cylindern m\u00e5ste t\u00e5la tuffa arbetsf\u00f6rh\u00e5llanden, inklusive exponering f\u00f6r smuts, skr\u00e4p och extrema temperaturer. Att v\u00e4lja material och ytbehandlingar som ger korrosionsbest\u00e4ndighet och slitageskydd \u00e4r avg\u00f6rande f\u00f6r f\u00f6rl\u00e4ngd livsl\u00e4ngd.<\/p>\n<\/li>\n<li>\n<h3>S\u00e4kerhetsfunktioner<\/h3>\n<p>S\u00e4kerhet b\u00f6r alltid prioriteras vid konstruktion av hydraulcylindrar. Genom att inf\u00f6rliva s\u00e4kerhetsfunktioner, s\u00e5som tryckavlastningsventiler och skyddskapslingar, s\u00e4kerst\u00e4lls att systemet kan hantera of\u00f6rutsedda omst\u00e4ndigheter utan risk f\u00f6r operat\u00f6rer eller utrustning.<\/p>\n<\/li>\n<li>\n<h3>Tillg\u00e4nglighet f\u00f6r underh\u00e5ll<\/h3>\n<p>Konstruktionen b\u00f6r ocks\u00e5 beakta enkelt underh\u00e5ll. Den b\u00f6r m\u00f6jligg\u00f6ra enkel inspektion, sm\u00f6rjning och utbyte av delar. Tillg\u00e4nglighet \u00e4r nyckeln till att s\u00e4kerst\u00e4lla att regelbundet underh\u00e5ll kan utf\u00f6ras effektivt, vilket f\u00f6rl\u00e4nger cylinderns livsl\u00e4ngd.<\/p>\n<\/li>\n<\/ul>\n<p><img decoding=\"async\" src=\"https:\/\/www.hydraulic-cylinders.net\/wp-content\/uploads\/2025\/04\/songte-oil-pipes-and-spare-parts.webp\" alt=\"Hydrauliska delar\" \/><\/p>\n<h2>T\u00e4tning och sm\u00f6rjning<\/h2>\n<p>Korrekt t\u00e4tning och sm\u00f6rjning \u00e4r avg\u00f6rande f\u00f6r att hydraulcylindrar ska fungera effektivt. Olika t\u00e4tningskomponenter, s\u00e5som kolvt\u00e4tningar och kolvst\u00e5ngst\u00e4tningar, anv\u00e4nds f\u00f6r att uppr\u00e4tth\u00e5lla trycket i systemet. T\u00e4tningar tillverkade av slitstarka material som polyuretan och nitrilgummi anv\u00e4nds ofta f\u00f6r att \u00f6ka h\u00e5llbarheten.<\/p>\n<p>Cylinderhuset och de g\u00e4ngade \u00e4ndarna \u00e4r noggrant ytbehandlade f\u00f6r att f\u00f6rb\u00e4ttra slitstyrkan, vilket s\u00e4kerst\u00e4ller att t\u00e4tningarna bibeh\u00e5ller sin integritet \u00f6ver tid. Regelbunden sm\u00f6rjning med hydraulolja \u00e4r n\u00f6dv\u00e4ndig f\u00f6r att minska friktion och f\u00f6rhindra slitage mellan r\u00f6rliga delar. Att f\u00f6lja ett strikt sm\u00f6rjschema bidrar till att bibeh\u00e5lla driftseffektiviteten och f\u00f6rl\u00e4nga cylinderns livsl\u00e4ngd.<\/p>\n<h2>Regelbunden inspektion och f\u00f6rebyggande underh\u00e5ll<\/h2>\n<ul>\n<li>\n<h3>Regelbundna inspektioner<\/h3>\n<p>Att genomf\u00f6ra rutinm\u00e4ssiga inspektioner \u00e4r avg\u00f6rande f\u00f6r att identifiera potentiella problem innan de eskalerar. Operat\u00f6rer b\u00f6r visuellt kontrollera l\u00e4ckor, slitage och skador p\u00e5 cylindern och dess komponenter f\u00f6r att s\u00e4kerst\u00e4lla optimal prestanda.<\/p>\n<\/li>\n<li>\n<h3>Korrekt sm\u00f6rjning<\/h3>\n<p>Att s\u00e4kerst\u00e4lla att hydraulcylindern \u00e4r tillr\u00e4ckligt smord \u00e4r avg\u00f6rande f\u00f6r smidig drift. Operat\u00f6rer b\u00f6r f\u00f6lja tillverkarens riktlinjer f\u00f6r sm\u00f6rjintervall och anv\u00e4nda rekommenderad hydraulolja f\u00f6r att f\u00f6rhindra slitage.<\/p>\n<\/li>\n<li>\n<h3>Byte av t\u00e4tning<\/h3>\n<p>T\u00e4tningar b\u00f6r bytas ut regelbundet f\u00f6r att bibeh\u00e5lla hydraulisk integritet. Operat\u00f6rer m\u00e5ste vara noggranna med att \u00f6vervaka t\u00e4tningarnas prestanda och omedelbart \u00e5tg\u00e4rda eventuella tecken p\u00e5 slitage eller l\u00e4ckor f\u00f6r att f\u00f6rhindra systemfel.<\/p>\n<\/li>\n<\/ul>\n<h2>Installationsriktlinjer<\/h2>\n<p>Att installera bomcylindern korrekt \u00e4r avg\u00f6rande f\u00f6r optimal prestanda. H\u00e4r \u00e4r n\u00e5gra viktiga steg att f\u00f6lja:<\/p>\n<ol>\n<li>Se till att monteringsytorna \u00e4r rena och fria fr\u00e5n skr\u00e4p.<\/li>\n<li>Justera cylindern korrekt f\u00f6r att undvika feljustering som kan leda till f\u00f6r tidigt slitage.<\/li>\n<li>Anv\u00e4nd l\u00e4mpliga monteringsf\u00e4sten f\u00f6r att s\u00e4kra cylindern och se till att den \u00e4r stabil och korrekt placerad.<\/li>\n<li>Efter installationen, kontrollera att cylindern r\u00f6r sig korrekt och g\u00f6r eventuella justeringar.<\/li>\n<li>F\u00f6lj tillverkarens riktlinjer f\u00f6r \u00e5tdragningsmoment vid \u00e5tdragning av bultar och beslag.<\/li>\n<\/ol>\n<h2>Vanliga underh\u00e5llsuppgifter<\/h2>\n<ul>\n<li>\n<h3>Regelbundna kontroller<\/h3>\n<p>Att regelbundet kontrollera hydraulsystemet, inklusive bomcylindern, \u00e4r avg\u00f6rande f\u00f6r att identifiera eventuella problem tidigt. F\u00f6rare b\u00f6r bed\u00f6ma cylinderns och omgivande komponenters allm\u00e4nna skick f\u00f6r att s\u00e4kerst\u00e4lla att allt fungerar korrekt.<\/p>\n<\/li>\n<li>\n<h3>L\u00e4mplig sm\u00f6rjning<\/h3>\n<p>Sm\u00f6rjning \u00e4r avg\u00f6rande f\u00f6r att minska friktion och slitage i hydraulsystem. F\u00f6rare m\u00e5ste f\u00f6lja sm\u00f6rjscheman och anv\u00e4nda l\u00e4mpliga hydrauloljor f\u00f6r att s\u00e4kerst\u00e4lla bomcylinderns livsl\u00e4ngd och effektivitet.<\/p>\n<\/li>\n<li>\n<h3>T\u00e4tningsbyte och kalibreringskontroller<\/h3>\n<p>Att regelbundet byta t\u00e4tningar och kontrollera cylinderns kalibrering \u00e4r viktiga underh\u00e5llsuppgifter. Operat\u00f6rer b\u00f6r \u00f6vervaka t\u00e4tningarnas prestanda och byta ut dem vid behov f\u00f6r att f\u00f6rhindra l\u00e4ckor och bibeh\u00e5lla trycket. Kalibreringskontroller s\u00e4kerst\u00e4ller att cylindern fungerar inom angivna parametrar.<\/p>\n<\/li>\n<\/ul>\n<p><img decoding=\"async\" src=\"https:\/\/www.hydraulic-cylinders.net\/wp-content\/uploads\/2025\/04\/songte-chushion-collar.webp\" alt=\"Kuddekrage\" \/><\/p>\n<h2>S\u00e4kerhets- och milj\u00f6h\u00e4nsyn<\/h2>\n<p>Vid anv\u00e4ndning av hydraulcylindrar \u00e4r det viktigt att implementera s\u00e4kerhets\u00e5tg\u00e4rder f\u00f6r att skydda operat\u00f6rer och milj\u00f6n. Korrekt utbildning i driftsprocedurer och s\u00e4kerhetsprotokoll minimerar risken f\u00f6r olyckor. Dessutom bidrar anv\u00e4ndning av milj\u00f6v\u00e4nliga hydrauloljor och korrekta avfallshanteringsmetoder till att minska milj\u00f6p\u00e5verkan fr\u00e5n hydrauliska operationer.<\/p>\n<h2>Fels\u00f6kning och vanliga problem<\/h2>\n<ul>\n<li>\n<h3>L\u00e4ckage<\/h3>\n<p>Ett vanligt problem med hydraulcylindrar \u00e4r l\u00e4ckage. Detta kan uppst\u00e5 p\u00e5 grund av slitna t\u00e4tningar eller skadade komponenter. Operat\u00f6rer b\u00f6r inspektera t\u00e4tningarna regelbundet och byta ut dem vid f\u00f6rsta tecken p\u00e5 slitage f\u00f6r att f\u00f6rhindra ytterligare skador.<\/p>\n<\/li>\n<li>\n<h3>L\u00e5ngsam r\u00f6relse<\/h3>\n<p>Om cylindern g\u00e5r l\u00e5ngsamt kan det tyda p\u00e5 l\u00e5ga hydraulv\u00e4tskeniv\u00e5er eller blockeringar i systemet. Att kontrollera v\u00e4tskeniv\u00e5erna och s\u00e4kerst\u00e4lla att det inte finns n\u00e5gra hinder i hydraulledningarna kan hj\u00e4lpa till att l\u00f6sa problemet.<\/p>\n<\/li>\n<li>\n<h3>Ovanliga ljud<\/h3>\n<p>Ovanliga ljud under drift kan tyda p\u00e5 inre slitage eller bristande sm\u00f6rjning. Operat\u00f6rer b\u00f6r unders\u00f6ka eventuella konstiga ljud och utf\u00f6ra underh\u00e5ll vid behov f\u00f6r att f\u00f6rhindra st\u00f6rre fel.<\/p>\n<\/li>\n<\/ul>\n<p><img decoding=\"async\" src=\"https:\/\/www.hydraulic-cylinders.net\/wp-content\/uploads\/2025\/04\/songte-bushings-with-all-kinds-of-excavator-models.webp\" alt=\"Bussningar\" \/><\/p>\n<h2>Slutsats<\/h2>\n<p>V\u00e5rt f\u00f6retag specialiserar sig p\u00e5 att producera h\u00f6gkvalitativa hydraulcylindrar, inklusive bomcylindern f\u00f6r Yugong WY135-8. Vi \u00e4r engagerade i att leverera ett brett utbud av hydrauliska l\u00f6sningar, vilket g\u00f6r oss till en ledande tillverkare och grossistdistribut\u00f6r p\u00e5 b\u00e5de inhemska och internationella marknader. V\u00e5rt fokus p\u00e5 excellens, i kombination med avancerade tillverkningsstrategier, s\u00e4kerst\u00e4ller att vi m\u00f6ter v\u00e5ra kunders olika behov med h\u00f6g effektivitet, precision och kvalitet.<\/p>\n<p>Med professionell expertis, internationella certifieringar, kundanpassade tj\u00e4nster, avancerad produktionsutrustning och p\u00e5litlig eftermarknadssupport \u00e4r vi dedikerade till att erbjuda v\u00e5ra kunder f\u00f6rstklassiga produkter och tj\u00e4nster.<\/p>\n<p><img decoding=\"async\" src=\"https:\/\/www.hydraulic-cylinders.net\/wp-content\/uploads\/2025\/04\/songte-company-4.webp\" alt=\"F\u00f6retagsbild 1\" \/><br \/>\n<img decoding=\"async\" src=\"https:\/\/www.hydraulic-cylinders.net\/wp-content\/uploads\/2025\/04\/songte-company-3.webp\" alt=\"F\u00f6retagsbild 2\" \/><\/p>\n<p>F\u00f6rfattare: lyl<\/p>","protected":false},"excerpt":{"rendered":"<p>Boom Cylinder For Yugong WY135-8 Product Overview The Boom Cylinder for Yugong WY135-8 is a specialized hydraulic cylinder designed to control the movement of the boom arm in various heavy machinery such as excavators, backhoe loaders, and front loaders. These cylinders enable the precise lifting, lowering, and tilting of equipment, thus facilitating efficient material handling [&hellip;]<\/p>","protected":false},"featured_media":17872,"comment_status":"open","ping_status":"closed","template":"","meta":{"_et_pb_use_builder":"","_et_pb_old_content":"","_et_gb_content_width":""},"product_brand":[],"product_cat":[1546],"product_tag":[1547,1496],"class_list":{"0":"post-19096","1":"product","2":"type-product","3":"status-publish","4":"has-post-thumbnail","6":"product_cat-boom-cylinders","7":"product_tag-boom-cylinders","8":"product_tag-hydraulic-cylinders","10":"first","11":"instock","12":"shipping-taxable","13":"product-type-simple"},"amp_enabled":true,"_links":{"self":[{"href":"https:\/\/www.hydraulic-cylinders.net\/sv\/wp-json\/wp\/v2\/product\/19096","targetHints":{"allow":["GET"]}}],"collection":[{"href":"https:\/\/www.hydraulic-cylinders.net\/sv\/wp-json\/wp\/v2\/product"}],"about":[{"href":"https:\/\/www.hydraulic-cylinders.net\/sv\/wp-json\/wp\/v2\/types\/product"}],"replies":[{"embeddable":true,"href":"https:\/\/www.hydraulic-cylinders.net\/sv\/wp-json\/wp\/v2\/comments?post=19096"}],"wp:featuredmedia":[{"embeddable":true,"href":"https:\/\/www.hydraulic-cylinders.net\/sv\/wp-json\/wp\/v2\/media\/17872"}],"wp:attachment":[{"href":"https:\/\/www.hydraulic-cylinders.net\/sv\/wp-json\/wp\/v2\/media?parent=19096"}],"wp:term":[{"taxonomy":"product_brand","embeddable":true,"href":"https:\/\/www.hydraulic-cylinders.net\/sv\/wp-json\/wp\/v2\/product_brand?post=19096"},{"taxonomy":"product_cat","embeddable":true,"href":"https:\/\/www.hydraulic-cylinders.net\/sv\/wp-json\/wp\/v2\/product_cat?post=19096"},{"taxonomy":"product_tag","embeddable":true,"href":"https:\/\/www.hydraulic-cylinders.net\/sv\/wp-json\/wp\/v2\/product_tag?post=19096"}],"curies":[{"name":"wp","href":"https:\/\/api.w.org\/{rel}","templated":true}]}}