{"id":1910,"date":"2023-10-19T07:38:46","date_gmt":"2023-10-19T07:38:46","guid":{"rendered":"https:\/\/hydraulic-cylinders.net\/?post_type=product&#038;p=1910"},"modified":"2025-04-11T02:51:46","modified_gmt":"2025-04-11T02:51:46","slug":"double-shield-tbm-main-thrust-cylinder","status":"publish","type":"product","link":"https:\/\/www.hydraulic-cylinders.net\/sv\/produkt\/double-shield-tbm-main-thrust-cylinder\/","title":{"rendered":"Dubbelsk\u00f6ldad TBM huvudcylinder"},"content":{"rendered":"<h1 style=\"text-align: center;\"><strong>Dubbelsk\u00f6ldad TBM huvudcylinder<\/strong><\/h1>\n<p><img loading=\"lazy\" decoding=\"async\" class=\"aligncenter wp-image-1911\" src=\"https:\/\/hydraulic-cylinders.net\/wp-content\/uploads\/2023\/10\/main-thrust-cylinder-1-300x300.webp\" alt=\"\" width=\"400\" height=\"401\" \/><\/p>\n<p>Den dubbla skyddscylindern f\u00f6r tunnelborrmaskiner \u00e4r en avancerad hydraulisk komponent som \u00e4r utformad f\u00f6r att optimera prestanda och effektivitet hos tunnelborrmaskiner. Denna specialiserade cylinder \u00e4r avg\u00f6rande f\u00f6r att ge den n\u00f6dv\u00e4ndiga dragkraften f\u00f6r att driva tunneln genom en m\u00f6dosam process. Den h\u00e4r informativa artikeln kommer att utforska de viktigaste egenskaperna, anv\u00e4ndningsmetoderna och underh\u00e5llsriktlinjerna f\u00f6r den dubbla skyddscylindern f\u00f6r tunnelborrmaskiner.<\/p>\n<p>Den dubbla TBM-huvudcylindern \u00e4r en viktig komponent som g\u00f6r det m\u00f6jligt f\u00f6r tunnelborrningsmaskiner att n\u00e5 nya niv\u00e5er av prestanda och effektivitet. Med sin robusta kraft, precisionsteknik, dubbelverkande design och exceptionella b\u00e4rf\u00f6rm\u00e5ga s\u00e4kerst\u00e4ller denna cylinder framg\u00e5ngsrika framsteg inom tunnelborrning. Genom att f\u00f6lja de rekommenderade anv\u00e4ndningsmetoderna och regelbundna underh\u00e5llspraxis kommer den dubbla TBM-huvudcylindern att forts\u00e4tta leverera enast\u00e5ende prestanda och bidra till tunnelprojektens framg\u00e5ng. Upplev kraften och tillf\u00f6rlitligheten hos den dubbla TBM-huvudcylindern, som revolutionerar tunnelborrning med o\u00f6vertr\u00e4ffad prestanda och effektivitet.<\/p>\n<p>Huvuddragcylinder f\u00f6r dubbelsk\u00f6ldad TBM:s huvudsakliga axialcylinder<\/p>\n<ol>\n<li>Robust kraft och prestanda: TBM:s huvudcylinder med dubbelt skydd \u00e4r konstruerad f\u00f6r att leverera exceptionell kraft och prestanda. Med sitt h\u00f6gtryckshydraulsystem och exakta styrmekanismer genererar den den tryckkraft som kr\u00e4vs f\u00f6r att effektivt driva tunnelgr\u00e4vningsprocessen fram\u00e5t.<\/li>\n<li>Precisionsteknik: Denna cylinder \u00e4r noggrant tillverkad med precisionstekniker, vilket s\u00e4kerst\u00e4ller optimal uppriktning och prestanda. Dess design anv\u00e4nder h\u00f6gkvalitativa material och avancerade tillverkningsprocesser f\u00f6r att klara de kr\u00e4vande f\u00f6rh\u00e5llanden som uppst\u00e5r vid tunnelborrning.<\/li>\n<li>Dubbelverkande design: TBM:ns huvudcylinder med dubbla skydd har en dubbelverkande design, vilket g\u00f6r att den kan ut\u00f6va kraft i b\u00e5de utskjutnings- och indragningsriktningen. Denna f\u00f6rm\u00e5ga m\u00f6jligg\u00f6r m\u00e5ngsidig och kontrollerad r\u00f6relse av TBM:n, vilket f\u00f6rb\u00e4ttrar flexibiliteten och anpassningsf\u00f6rm\u00e5gan under tunnelprocessen.<\/li>\n<li>B\u00e4rf\u00f6rm\u00e5ga: Huvudtryckcylindern f\u00f6r tunnelborrning med dubbelt skydd uppvisar exceptionell b\u00e4rf\u00f6rm\u00e5ga med sin robusta konstruktion. Den t\u00e5l betydande krafter och tryck, vilket s\u00e4kerst\u00e4ller stabilitet och s\u00e4kerhet under tunnelborrning.<\/li>\n<\/ol>\n<h2><strong>Parameter f\u00f6r huvudcylinder f\u00f6r dubbelsk\u00f6ldad TBM:<\/strong><\/h2>\n<table border=\"1\" cellspacing=\"0\" cellpadding=\"0\">\n<tbody>\n<tr>\n<td>Produktnamn<\/td>\n<td>Huvudtryckcylinder f\u00f6r tunnelborrmaskin med dubbel sk\u00e4rm<\/td>\n<\/tr>\n<tr>\n<td>Drag:<\/td>\n<td>Tillhandah\u00e5ll dragkraften f\u00f6r fram\u00e5triktad tunneldrivning av TBM<\/td>\n<\/tr>\n<tr>\n<td>Borrdiameter:<\/td>\n<td>220 mm\uff5e380 mm<\/td>\n<\/tr>\n<tr>\n<td>St\u00e5ngdiameter:<\/td>\n<td>150 mm\uff5e280 mm<br \/>\nSlagl\u00e4ngd: 1100 mm ~ 1700 mm<\/td>\n<\/tr>\n<tr>\n<td>Tryck:<\/td>\n<td>upp till 35 MPa<\/td>\n<\/tr>\n<tr>\n<td>Anv\u00e4ndningsomr\u00e5den:<\/td>\n<td>Dubbelsk\u00f6ldtunnelborrmaskin<\/td>\n<\/tr>\n<\/tbody>\n<\/table>\n<h2><strong>Dubbelsk\u00f6ldad TBM-cylinderapplikation:<\/strong><\/h2>\n<p><img loading=\"lazy\" decoding=\"async\" class=\"alignnone wp-image-1909 size-full\" src=\"https:\/\/hydraulic-cylinders.net\/wp-content\/uploads\/2023\/10\/double-shield-tbm-cylinder-1.webp\" alt=\"\" width=\"709\" height=\"473\" srcset=\"https:\/\/hydraulic-cylinders.net\/wp-content\/uploads\/2023\/10\/double-shield-tbm-cylinder-1.webp 709w, https:\/\/hydraulic-cylinders.net\/wp-content\/uploads\/2023\/10\/double-shield-tbm-cylinder-1-480x320.webp 480w\" sizes=\"(min-width: 0px) and (max-width: 480px) 480px, (min-width: 481px) 709px, 100vw\" \/><\/p>\n<h2><strong>Anv\u00e4ndningsmetod f\u00f6r dubbelsk\u00f6ld-TBM-huvudcylinder<\/strong><strong>:<\/strong><\/h2>\n<ul>\n<li>Cylinderinstallation: Montera den dubbla skyddscylindern f\u00f6r TBM:n enligt tillverkarens riktlinjer och specifikationer. S\u00e4kerst\u00e4ll korrekt uppriktning och s\u00e4ker fasts\u00e4ttning p\u00e5 TBM:ns struktur med l\u00e4mpliga monteringsf\u00e4sten eller tillbeh\u00f6r.<\/li>\n<li>Integrering av hydraulsystemet: Anslut cylindern till tunnelborrmaskinens hydraulsystem med kompatibla slangar och kopplingar. S\u00e4kerst\u00e4ll att alla anslutningar \u00e4r s\u00e4kra, l\u00e4ckagefria och ordentligt \u00e5tdragna f\u00f6r optimal hydraulisk prestanda.<\/li>\n<li>Styrning och drift: Bekanta dig med tunnelborrmaskinens styrsystem och de specifika regler som \u00e4r f\u00f6rknippade med den dubbla TBM-huvudcylindern. Anv\u00e4nd dessa kontroller f\u00f6r att aktivera och reglera den tryckkraft som genereras av cylindern och justera den efter \u00f6nskad gr\u00e4vhastighet och markf\u00f6rh\u00e5llanden.<\/li>\n<li>\u00d6vervakning och justering: \u00d6vervaka kontinuerligt tunnelborrmaskinens prestanda och beteendet hos den dubbla skydds-TBM:ns huvudtryckcylinder. G\u00f6r n\u00f6dv\u00e4ndiga justeringar av tryckkraften med h\u00e4nsyn till markf\u00f6rh\u00e5llanden, geologiska variationer och andra faktorer som p\u00e5verkar tunnelborrningsprocessen.<\/li>\n<\/ul>\n<h2><strong>Hur man bygger en hydraulcylinderb\u00e4nk?<\/strong><\/h2>\n<p>Att bygga en hydraulcylinderb\u00e4nk kr\u00e4ver grundl\u00e4ggande f\u00f6rst\u00e5else f\u00f6r hydrauliska system, tillg\u00e5ng till n\u00f6dv\u00e4ndiga verktyg och material samt efterlevnad av s\u00e4kerhetsprotokoll. H\u00e4r \u00e4r en steg-f\u00f6r-steg-guide om hur man bygger en hydraulcylinderb\u00e4nk:<\/p>\n<ol>\n<li><strong>Samla in n\u00f6dv\u00e4ndiga material och verktyg:<\/strong>\n<ul>\n<li>St\u00e5l- eller aluminiumr\u00f6r f\u00f6r b\u00e4nkramen<\/li>\n<li>Monteringsf\u00e4sten f\u00f6r hydraulcylinder<\/li>\n<li>Svetsutrustning (om svetsning kr\u00e4vs)<\/li>\n<li>Hydraulslangar och kopplingar<\/li>\n<li>Hydraulpump och styrventil<\/li>\n<li>Tryckm\u00e4tare<\/li>\n<li>Skiftnycklar, hylsor och andra handverktyg<\/li>\n<li>S\u00e4kerhetsutrustning (handskar, skyddsglas\u00f6gon etc.)<\/li>\n<\/ul>\n<\/li>\n<li><strong>Design och planering:<\/strong>\n<ul>\n<li>Best\u00e4m \u00f6nskad storlek och dimensioner p\u00e5 hydraulcylinderb\u00e4nken baserat p\u00e5 de typer av cylindrar du avser att arbeta med.<\/li>\n<li>Skissa en design som inkluderar ramstrukturen, monteringsf\u00e4sten och utrymme f\u00f6r hydraulpumpen och styrkomponenterna.<\/li>\n<\/ul>\n<\/li>\n<li><strong>Bygg ramen:<\/strong>\n<ul>\n<li>Kapa st\u00e5l- eller aluminiumr\u00f6ren till \u00f6nskade l\u00e4ngder f\u00f6r b\u00e4nkramen.<\/li>\n<li>Svetsa eller bulta ihop r\u00f6ren f\u00f6r att skapa ramkonstruktionen enligt din design.<\/li>\n<li>Se till att ramen \u00e4r robust och stabil och kan b\u00e4ra vikten av hydraulcylindrar under testning och underh\u00e5ll.<\/li>\n<\/ul>\n<\/li>\n<li><strong>Monteringsf\u00e4sten:<\/strong>\n<ul>\n<li>F\u00e4st hydraulcylinderns monteringsf\u00e4sten p\u00e5 ramen med svetsning eller bultning.<\/li>\n<li>Se till att f\u00e4stena \u00e4r ordentligt fastsatta och korrekt justerade f\u00f6r att passa olika storlekar och typer av hydraulcylindrar.<\/li>\n<\/ul>\n<\/li>\n<li><strong>Installation av hydraulsystem:<\/strong>\n<ul>\n<li>F\u00f6lj tillverkarens instruktioner och montera hydraulpumpen och styrventilen p\u00e5 b\u00e4nkramen.<\/li>\n<li>Anslut hydraulslangarna och kopplingarna till pumpen och styrventilen och se till att de \u00e4r ordentligt t\u00e4tade och \u00e5tdragna.<\/li>\n<li>Montera en tryckm\u00e4tare f\u00f6r att \u00f6vervaka hydraultrycket under cylindertestning och underh\u00e5ll.<\/li>\n<\/ul>\n<\/li>\n<li><strong>S\u00e4kerhets\u00e5tg\u00e4rder:<\/strong>\n<ul>\n<li>S\u00e4kerst\u00e4ll att hydraulsystemet \u00e4r korrekt jordat och att alla elektriska anslutningar \u00e4r s\u00e4krade.<\/li>\n<li>Placera skydd eller sk\u00f6ldar runt r\u00f6rliga delar eller potentiella kl\u00e4mpunkter f\u00f6r att f\u00f6rhindra olyckor eller skador.<\/li>\n<li>Anv\u00e4nd l\u00e4mplig s\u00e4kerhetsutrustning, inklusive handskar och skyddsglas\u00f6gon, n\u00e4r du arbetar med hydrauliska system.<\/li>\n<\/ul>\n<\/li>\n<li><strong>Test och kalibrering:<\/strong>\n<ul>\n<li>Innan du anv\u00e4nder hydraulcylinderb\u00e4nken, g\u00f6r en noggrann kontroll av alla anslutningar och kopplingar f\u00f6r att s\u00e4kerst\u00e4lla att det inte finns n\u00e5gra l\u00e4ckor eller l\u00f6sa komponenter.<\/li>\n<li>Anslut en hydraulcylinder till b\u00e4nken med hj\u00e4lp av monteringsf\u00e4stena och hydraulslangarna.<\/li>\n<li>Man\u00f6vrera hydraulpumpen och styrventilen f\u00f6r att f\u00f6rl\u00e4nga och dra in cylindern och kontrollera att r\u00f6relsen \u00e4r j\u00e4mn och kontrollerad.<\/li>\n<li>Anv\u00e4nd tryckm\u00e4taren f\u00f6r att kontrollera noggrannheten hos det hydrauliska trycket.<\/li>\n<\/ul>\n<\/li>\n<\/ol>\n<h2><strong>Fabrikens kapacitet och kapacitet:<\/strong><\/h2>\n<h3>(1) Montering<\/h3>\n<p>Vi har en f\u00f6rstklassig oberoende forsknings- och utvecklingsplattform. Verkstaden f\u00f6r tillverkning av hydraulcylindrar har fyra halvautomatiska monteringslinjer f\u00f6r lyftcylindrar och en automatisk monteringslinje f\u00f6r tiltcylindrar, med en planerad \u00e5rlig produktionskapacitet p\u00e5 1 miljon enheter. Specialcylinderverkstaden \u00e4r utrustad med olika specifikationer f\u00f6r ett halvautomatiskt reng\u00f6ringsmonteringssystem med en planerad \u00e5rlig produktionskapacitet p\u00e5 200 000 och utrustad med k\u00e4nd CNC-bearbetningsutrustning, ett fleroperationscenter, en specialutrustning f\u00f6r h\u00f6gprecisionscylindrar, en robotsvetsmaskin, en automatisk reng\u00f6ringsmaskin, en automatisk cylindermonteringsmaskin och en automatisk produktionslinje f\u00f6r m\u00e5lning. Befintlig kritisk utrustning p\u00e5 mer \u00e4n 300 set (set). Optimal allokering och effektiv anv\u00e4ndning av utrustningsresurser s\u00e4kerst\u00e4ller produkternas noggrannhetskrav och uppfyller produkternas h\u00f6ga kvalitetsbehov.<\/p>\n<p><img loading=\"lazy\" decoding=\"async\" class=\"alignnone wp-image-626\" src=\"https:\/\/hydraulic-cylinders.net\/wp-content\/uploads\/2023\/08\/hydraulic-cylinder-product-1-300x158.webp\" alt=\"\" width=\"495\" height=\"260\" srcset=\"https:\/\/hydraulic-cylinders.net\/wp-content\/uploads\/2023\/08\/hydraulic-cylinder-product-1-300x158.webp 495w, https:\/\/hydraulic-cylinders.net\/wp-content\/uploads\/2023\/08\/hydraulic-cylinder-product-1-480x252.webp 480w\" sizes=\"(min-width: 0px) and (max-width: 480px) 480px, (min-width: 481px) 495px, 100vw\" \/> <img loading=\"lazy\" decoding=\"async\" class=\"alignnone wp-image-627\" src=\"https:\/\/hydraulic-cylinders.net\/wp-content\/uploads\/2023\/08\/hydraulic-cylinder-product-2-300x189.webp\" alt=\"\" width=\"413\" height=\"260\" \/><\/p>\n<h3>(2) Maskinbearbetning<\/h3>\n<p>Bearbetningsverkstaden \u00e4r utrustad med en specialanpassad svarvcentral f\u00f6r lutande r\u00e4ls, bearbetningscenter, h\u00f6ghastighetsh\u00f6nsmaskin, svetsrobot och annan relaterad utrustning, som kan hantera bearbetning av cylinderr\u00f6r med en maximal innerdiameter p\u00e5 400 mm och en maximal l\u00e4ngd p\u00e5 6 meter.<\/p>\n<p><img loading=\"lazy\" decoding=\"async\" class=\"alignnone wp-image-628 size-large\" src=\"https:\/\/hydraulic-cylinders.net\/wp-content\/uploads\/2023\/08\/hydraulic-cylinder-product-3-1024x391.webp\" alt=\"\" width=\"1024\" height=\"391\" srcset=\"https:\/\/hydraulic-cylinders.net\/wp-content\/uploads\/2023\/08\/hydraulic-cylinder-product-3-980x374.webp 980w, https:\/\/hydraulic-cylinders.net\/wp-content\/uploads\/2023\/08\/hydraulic-cylinder-product-3-480x183.webp 480w\" sizes=\"(min-width: 0px) and (max-width: 480px) 480px, (min-width: 481px) and (max-width: 980px) 980px, (min-width: 981px) 1024px, 100vw\" \/><\/p>\n<h3>(3) Svetsning<\/h3>\n<p><img loading=\"lazy\" decoding=\"async\" class=\"alignnone wp-image-629 size-large\" src=\"https:\/\/hydraulic-cylinders.net\/wp-content\/uploads\/2023\/08\/hydraulic-cylinder-product-4-1024x510.webp\" alt=\"\" width=\"1024\" height=\"510\" srcset=\"https:\/\/hydraulic-cylinders.net\/wp-content\/uploads\/2023\/08\/hydraulic-cylinder-product-4-980x488.webp 980w, https:\/\/hydraulic-cylinders.net\/wp-content\/uploads\/2023\/08\/hydraulic-cylinder-product-4-480x239.webp 480w\" sizes=\"(min-width: 0px) and (max-width: 480px) 480px, (min-width: 481px) and (max-width: 980px) 980px, (min-width: 981px) 1024px, 100vw\" \/><\/p>\n<h3>(4) M\u00e5lning och ytbehandling<\/h3>\n<p>Med sm\u00e5 och medelstora cylindriska automatiska vattenbaserade f\u00e4rgbel\u00e4ggningslinjer, f\u00f6r att uppn\u00e5 automatisk robotlastning och lossning samt automatisk sprutning, \u00e4r den designade kapaciteten 4000 stycken per skift;<br \/>\nVi har \u00e4ven en halvautomatisk f\u00e4rgproduktionslinje f\u00f6r stora cylindrar som drivs av en sl\u00e4pkedja, med en designkapacitet p\u00e5 60 l\u00e5dor per skift.<\/p>\n<p><img loading=\"lazy\" decoding=\"async\" class=\"alignnone wp-image-630\" src=\"https:\/\/hydraulic-cylinders.net\/wp-content\/uploads\/2023\/08\/hydraulic-cylinder-product-5-300x213.webp\" alt=\"\" width=\"366\" height=\"260\" \/> <img loading=\"lazy\" decoding=\"async\" class=\"alignnone wp-image-631\" src=\"https:\/\/hydraulic-cylinders.net\/wp-content\/uploads\/2023\/08\/hydraulic-cylinder-product-6-300x225.webp\" alt=\"\" width=\"347\" height=\"260\" \/><\/p>\n<h3>(5) Testning<\/h3>\n<p>Vi har f\u00f6rstklassiga inspektionsanl\u00e4ggningar och testb\u00e4ddar f\u00f6r att s\u00e4kerst\u00e4lla att cylinderns prestanda uppfyller kraven.<\/p>\n<p><img loading=\"lazy\" decoding=\"async\" class=\"alignnone wp-image-632\" src=\"https:\/\/hydraulic-cylinders.net\/wp-content\/uploads\/2023\/08\/hydraulic-cylinder-product-8-300x200.webp\" alt=\"\" width=\"389\" height=\"260\" \/><\/p>\n<p>&nbsp;<\/p>\n<p>&nbsp;<\/p>\n<p>Vi \u00e4r en av de b\u00e4sta tillverkarna av hydraulcylindrar. Vi kan erbjuda ett helt\u00e4ckande utbud av hydraulcylindrar. Vi tillhandah\u00e5ller \u00e4ven motsvarande <a href=\"https:\/\/hzpt.com\/agricultural-pto-gearbox\/\" target=\"_blank\" rel=\"noopener\">jordbruksv\u00e4xell\u00e5dor<\/a>Vi har exporterat v\u00e5ra produkter till kunder \u00f6ver hela v\u00e4rlden och f\u00e5tt ett gott rykte tack vare v\u00e5r \u00f6verl\u00e4gsna produktkvalitet och kundservice. Vi v\u00e4lkomnar kunder b\u00e5de hemma och utomlands att kontakta oss f\u00f6r att f\u00f6rhandla aff\u00e4rer, utbyta information och <a href=\"https:\/\/www.hydraulic-cylinders.net\/sv\/contact-us\/\">samarbeta med oss<\/a>!<\/p>\n<p>&nbsp;<\/p>","protected":false},"excerpt":{"rendered":"<p>Double Shield TBM Main Thrust Cylinder The double shield TBM main thrust cylinder is a cutting-edge hydraulic component designed to optimize the performance and efficiency of tunnel boring machines. This specialized cylinder is crucial in providing the necessary thrust force to propel the tunnel through a tedious process. This informative article will explore the key [&hellip;]<\/p>","protected":false},"featured_media":1912,"comment_status":"open","ping_status":"closed","template":"","meta":{"_et_pb_use_builder":"","_et_pb_old_content":"","_et_gb_content_width":""},"product_brand":[],"product_cat":[1519,1549],"product_tag":[],"class_list":{"0":"post-1910","1":"product","2":"type-product","3":"status-publish","4":"has-post-thumbnail","6":"product_cat-shield-machine-hydraulic-cylinders","7":"product_cat-single-acting-hydraulic-cylinder","9":"first","10":"instock","11":"shipping-taxable","12":"product-type-simple"},"amp_enabled":true,"_links":{"self":[{"href":"https:\/\/www.hydraulic-cylinders.net\/sv\/wp-json\/wp\/v2\/product\/1910","targetHints":{"allow":["GET"]}}],"collection":[{"href":"https:\/\/www.hydraulic-cylinders.net\/sv\/wp-json\/wp\/v2\/product"}],"about":[{"href":"https:\/\/www.hydraulic-cylinders.net\/sv\/wp-json\/wp\/v2\/types\/product"}],"replies":[{"embeddable":true,"href":"https:\/\/www.hydraulic-cylinders.net\/sv\/wp-json\/wp\/v2\/comments?post=1910"}],"wp:featuredmedia":[{"embeddable":true,"href":"https:\/\/www.hydraulic-cylinders.net\/sv\/wp-json\/wp\/v2\/media\/1912"}],"wp:attachment":[{"href":"https:\/\/www.hydraulic-cylinders.net\/sv\/wp-json\/wp\/v2\/media?parent=1910"}],"wp:term":[{"taxonomy":"product_brand","embeddable":true,"href":"https:\/\/www.hydraulic-cylinders.net\/sv\/wp-json\/wp\/v2\/product_brand?post=1910"},{"taxonomy":"product_cat","embeddable":true,"href":"https:\/\/www.hydraulic-cylinders.net\/sv\/wp-json\/wp\/v2\/product_cat?post=1910"},{"taxonomy":"product_tag","embeddable":true,"href":"https:\/\/www.hydraulic-cylinders.net\/sv\/wp-json\/wp\/v2\/product_tag?post=1910"}],"curies":[{"name":"wp","href":"https:\/\/api.w.org\/{rel}","templated":true}]}}