{"id":19118,"date":"2025-04-07T06:13:40","date_gmt":"2025-04-07T06:13:40","guid":{"rendered":"https:\/\/www.hydraulic-cylinders.net\/product\/boom-cylinder-for-volvo-middle-excavator-ec250enz\/"},"modified":"2025-04-07T06:13:43","modified_gmt":"2025-04-07T06:13:43","slug":"boom-cylinder-for-volvo-middle-excavator-ec250enz","status":"publish","type":"product","link":"https:\/\/www.hydraulic-cylinders.net\/sv\/produkt\/boom-cylinder-for-volvo-middle-excavator-ec250enz\/","title":{"rendered":"Bomcylinder f\u00f6r Volvo mellangr\u00e4vmaskin EC250ENZ"},"content":{"rendered":"<h1>Bomcylinder f\u00f6r Volvo mellangr\u00e4vmaskin EC250ENZ<\/h1>\n<h2>F\u00f6rst\u00e5 bomcylindrar<\/h2>\n<p>Bomcylindern \u00e4r en kritisk hydraulisk komponent som \u00e4r speciellt utformad f\u00f6r att styra skopans r\u00f6relse i olika tunga maskiner, s\u00e5som gr\u00e4vmaskiner, gr\u00e4vmaskiner och frontlastare. Den g\u00f6r att skopan kan lyftas, s\u00e4nkas och lutas, vilket underl\u00e4ttar materialhanteringsuppgifter effektivt. Det hydrauliska systemet fungerar genom att anv\u00e4nda trycksatt v\u00e4tska f\u00f6r att skapa en kraft som driver cylindern, vilket m\u00f6jligg\u00f6r exakt kontroll \u00f6ver skopans r\u00f6relse. Bomcylinderns funktion \u00e4r avg\u00f6rande inom bygg-, gruv- och jordbruksapplikationer d\u00e4r tunga lyft och f\u00f6rflyttningar av material kr\u00e4vs.<\/p>\n<p><img decoding=\"async\" src=\"https:\/\/www.hydraulic-cylinders.net\/wp-content\/uploads\/2025\/04\/songte-company-1.webp\" alt=\"Bomcylinder f\u00f6r gr\u00e4vmaskin\" \/><\/p>\n<h2>Funktioner hos bomcylindern<\/h2>\n<ul>\n<li><strong>H\u00f6g styrka och h\u00e5llbarhet:<\/strong> Dessa cylindrar, som vanligtvis \u00e4r tillverkade av h\u00f6gh\u00e5llfast st\u00e5l eller aluminium, t\u00e5l h\u00f6gt tryck och tunga belastningar, vilket g\u00f6r dem l\u00e4mpliga f\u00f6r tuffa arbetsmilj\u00f6er med slitstyrka och korrosionsskydd.<\/li>\n<li><strong>Effektiv hydraulisk drift:<\/strong> Konstruktionen m\u00f6jligg\u00f6r smidig ut- och indragning med hj\u00e4lp av hydrauloljetryck, vilket s\u00e4kerst\u00e4ller snabb respons p\u00e5 kontrollkommandon samtidigt som den ger stark tryck- och dragkraft f\u00f6r hantering av tunga och komplexa uppgifter.<\/li>\n<li><strong>Olika typer:<\/strong> Finns i enkelverkande (i en riktning) eller dubbelverkande (i b\u00e5da riktningarna) konfigurationer, vissa modeller kan \u00e4ven vara teleskopiska, vilket m\u00f6jligg\u00f6r st\u00f6rre utbyggnad utan att \u00f6ka de yttersta m\u00e5tten, idealiskt f\u00f6r applikationer med begr\u00e4nsat utrymme.<\/li>\n<li><strong>Precisionsteknik:<\/strong> Tillverkad med noggrannhet i detaljerna, vilket s\u00e4kerst\u00e4ller s\u00f6ml\u00f6s integration med olika gr\u00e4vmaskinsmodeller f\u00f6r optimal prestanda och tillf\u00f6rlitlighet.<\/li>\n<li><strong>Anpassade l\u00f6sningar:<\/strong> V\u00e5ra produkter \u00e4r utformade f\u00f6r att perfekt ers\u00e4tta befintliga hydraulcylindrar och erbjuder skr\u00e4ddarsydda l\u00f6sningar f\u00f6r olika driftsbehov.<\/li>\n<\/ul>\n<p><img decoding=\"async\" src=\"https:\/\/www.hydraulic-cylinders.net\/wp-content\/uploads\/2025\/04\/songte-cylinder-head-with-all-kinds-excavator-models.webp\" alt=\"Gr\u00e4vmaskinsmodeller\" \/><\/p>\n<h2>Anv\u00e4ndningsomr\u00e5den f\u00f6r bomcylindrar<\/h2>\n<h3>Byggutrustning<\/h3>\n<p>I gr\u00e4vmaskiner \u00e4r bomcylindrar avg\u00f6rande f\u00f6r gr\u00e4vning, lastning och f\u00f6rflyttning av jord eller skr\u00e4p. De ger den kraft som kr\u00e4vs f\u00f6r att tr\u00e4nga ner i marken, vilket g\u00f6r att f\u00f6raren kan gr\u00e4va effektivt. I gr\u00e4vlastare hj\u00e4lper dessa cylindrar till b\u00e5de gr\u00e4vning och lyft, vilket g\u00f6r dem till m\u00e5ngsidiga verktyg p\u00e5 byggarbetsplatser. Den kontrollerade r\u00f6relsen som m\u00f6jligg\u00f6rs av bomcylindrar f\u00f6rb\u00e4ttrar produktiviteten och driftseffektiviteten i olika bygguppgifter.<\/p>\n<h3>Jordbruksmaskiner<\/h3>\n<p>I frontlastare underl\u00e4ttar bomcylindrar uppsamling, lyftning och transport av jord, h\u00f6 och annat material. Denna funktion \u00e4r avg\u00f6rande f\u00f6r jordbrukare, eftersom den g\u00f6r det m\u00f6jligt f\u00f6r dem att hantera sina resurser effektivt och utf\u00f6ra olika jordbruksuppgifter med l\u00e4tthet. Den hydrauliska kraften som levereras av dessa cylindrar m\u00f6jligg\u00f6r smidig drift, vilket minskar tr\u00f6tthet och tid som l\u00e4ggs p\u00e5 manuellt arbete.<\/p>\n<h3>Gr\u00e4vmaskiner<\/h3>\n<p>I gr\u00e4vmaskiner g\u00f6r bomcylindern att skopan kan tr\u00e4nga ner i jorden, vilket underl\u00e4ttar effektiva gr\u00e4vningsoperationer. Denna funktion \u00e4r avg\u00f6rande f\u00f6r gr\u00e4vning av diken, grundvalar eller andra schaktningsuppgifter. Den hydrauliska kraften som cylindern ut\u00f6var g\u00f6r det m\u00f6jligt f\u00f6r f\u00f6rare att utf\u00f6ra komplicerade man\u00f6vrar, vilket s\u00e4kerst\u00e4ller precision och effektivitet under gr\u00e4vningen.<\/p>\n<h3>Lastare<\/h3>\n<p>I frontlastare hj\u00e4lper bomcylindrar till att lyfta och dumpa material, vilket \u00f6kar effektiviteten vid lastning. De s\u00e4kerst\u00e4ller att skopan effektivt kan skopa upp material och placera dem korrekt, vilket \u00e4r avg\u00f6rande f\u00f6r b\u00e5de bygg- och materialhanteringsapplikationer. Bomcylindrarnas robusthet s\u00e4kerst\u00e4ller att de kan hantera de p\u00e5frestningar som \u00e4r f\u00f6rknippade med att lyfta tunga laster utan att kompromissa med s\u00e4kerhet eller prestanda.<\/p>\n<h2>Design\u00f6verv\u00e4ganden och urvalskriterier<\/h2>\n<h3>Lastkapacitet<\/h3>\n<p>N\u00e4r man v\u00e4ljer en bomcylinder \u00e4r lastkapaciteten av st\u00f6rsta vikt. Den m\u00e5ste kunna hantera den maximala vikt den kommer att uts\u00e4ttas f\u00f6r under drift. \u00d6verbelastning kan leda till cylinderfel, vilket inte bara p\u00e5verkar produktiviteten utan ocks\u00e5 kan utg\u00f6ra s\u00e4kerhetsrisker. En v\u00e4lkonstruerad cylinder b\u00f6r ha en robust konstruktion som kan klara den n\u00f6dv\u00e4ndiga belastningen utan deformation eller skador.<\/p>\n<h3>T\u00e4tning<\/h3>\n<p>Effektiv t\u00e4tning \u00e4r avg\u00f6rande f\u00f6r att bibeh\u00e5lla hydraultrycket och s\u00e4kerst\u00e4lla bomcylinderns livsl\u00e4ngd. H\u00f6gkvalitativa t\u00e4tningar minimerar v\u00e4tskel\u00e4ckage och kontaminering, vilket kan leda till systemineffektivitet. Det \u00e4r viktigt att v\u00e4lja t\u00e4tningar tillverkade av slitstarka material som polyuretan eller nitrilgummi, vilka ger utm\u00e4rkt motst\u00e5ndskraft mot slitage och v\u00e4derf\u00f6rh\u00e5llanden.<\/p>\n<h3>Varaktighet<\/h3>\n<p>Bomcylinderns h\u00e5llbarhet p\u00e5verkas av de material som anv\u00e4nds i dess konstruktion. H\u00f6gh\u00e5llfast st\u00e5l eller aluminium ger motst\u00e5ndskraft mot de h\u00e5rda f\u00f6rh\u00e5llanden som ofta f\u00f6rekommer i bygg- och jordbruksmilj\u00f6er. Materialet b\u00f6r ocks\u00e5 vara motst\u00e5ndskraftigt mot korrosion och slitage, vilket f\u00f6rl\u00e4nger cylinderns livsl\u00e4ngd och minskar underh\u00e5llsbehovet.<\/p>\n<h3>S\u00e4kerhet<\/h3>\n<p>S\u00e4kerhetsfunktioner \u00e4r avg\u00f6rande vid konstruktionen av bomcylindrar. De b\u00f6r inkludera tryckavlastningsventiler och s\u00e4kerhetsl\u00e5smekanismer f\u00f6r att f\u00f6rhindra oavsiktlig aktivering. L\u00e4mpliga s\u00e4kerhets\u00e5tg\u00e4rder skyddar operat\u00f6rer och maskiner och s\u00e4kerst\u00e4ller s\u00e4ker drift under olika belastningar och f\u00f6rh\u00e5llanden.<\/p>\n<h3>Underh\u00e5llbarhet<\/h3>\n<p>Enkelt underh\u00e5ll \u00e4r en annan viktig faktor n\u00e4r man v\u00e4ljer en bomcylinder. Komponenterna b\u00f6r vara l\u00e4ttillg\u00e4ngliga f\u00f6r inspektioner, sm\u00f6rjning och reparationer. En v\u00e4lkonstruerad cylinder g\u00f6r det m\u00f6jligt f\u00f6r operat\u00f6rer att utf\u00f6ra rutinunderh\u00e5ll effektivt, vilket f\u00f6rl\u00e4nger utrustningens livsl\u00e4ngd och minimerar stillest\u00e5ndstiden.<\/p>\n<p><img decoding=\"async\" src=\"https:\/\/www.hydraulic-cylinders.net\/wp-content\/uploads\/2025\/04\/songte-oil-pipes-and-spare-parts.webp\" alt=\"Hydrauliska delar\" \/><\/p>\n<h2>T\u00e4tning och sm\u00f6rjning<\/h2>\n<p>Bomcylinderns t\u00e4tningssystems integritet \u00e4r avg\u00f6rande f\u00f6r dess prestanda. Olika t\u00e4tningar, s\u00e5som kolvt\u00e4tningar och kolvst\u00e5ngst\u00e4tningar, b\u00f6r v\u00e4ljas baserat p\u00e5 till\u00e4mpningsbehov. Material som polyuretan och nitrilgummi rekommenderas p\u00e5 grund av deras slitstyrka och h\u00e5llbarhet. Cylinderhuset och de g\u00e4ngade \u00e4ndytorna m\u00e5ste genomg\u00e5 precisionsbearbetning f\u00f6r att f\u00f6rb\u00e4ttra deras slitstyrka. Regelbunden sm\u00f6rjning med hydraulolja \u00e4r n\u00f6dv\u00e4ndig f\u00f6r att s\u00e4kerst\u00e4lla smidig drift, vilket inneb\u00e4r regelbundna kontroller och p\u00e5fyllningar av hydraulolja f\u00f6r att bibeh\u00e5lla optimal prestanda.<\/p>\n<h2>F\u00f6rebyggande underh\u00e5lls\u00e5tg\u00e4rder<\/h2>\n<ul>\n<li><strong>Regelbundna inspektioner:<\/strong> Utf\u00f6r rutinkontroller f\u00f6r att identifiera eventuella l\u00e4ckor eller slitage p\u00e5 t\u00e4tningar. Tidig uppt\u00e4ckt kan f\u00f6rhindra mer allvarliga problem l\u00e4ngre fram.<\/li>\n<li><strong>Korrekt sm\u00f6rjning:<\/strong> Se till att hydrauloljan har r\u00e4tt niv\u00e5 och \u00e4r ren, vilket f\u00f6rhindrar on\u00f6digt slitage p\u00e5 cylinderkomponenterna.<\/li>\n<li><strong>Byte av t\u00e4tning:<\/strong> \u00d6vervaka t\u00e4tningarna f\u00f6r nedbrytning och byt ut dem vid behov f\u00f6r att bibeh\u00e5lla hydraulisk integritet och prestanda.<\/li>\n<\/ul>\n<h2>Installationsriktlinjer<\/h2>\n<p>Installation av en bomcylinder kr\u00e4ver noggrann planering och utf\u00f6rande f\u00f6r att s\u00e4kerst\u00e4lla optimal funktion. B\u00f6rja med en noggrann inspektion av cylindern och relaterade komponenter f\u00f6re installation. Rikta in cylindern noggrant med monteringsf\u00e4stena f\u00f6r att undvika belastning p\u00e5 cylindern under drift. Anv\u00e4nd l\u00e4mpliga monteringsf\u00e4sten f\u00f6r att f\u00e4sta cylindern ordentligt p\u00e5 plats. S\u00e4kerst\u00e4ll att hydraulledningarna \u00e4r korrekt anslutna och att t\u00e4tningarna \u00e4r intakta innan maskinen anv\u00e4nds. Det \u00e4r avg\u00f6rande att f\u00f6lja tillverkarens specifikationer och riktlinjer under installationen f\u00f6r att garantera s\u00e4kerhet och prestanda.<\/p>\n<h2>Vanliga underh\u00e5llsuppgifter<\/h2>\n<ul>\n<li><strong>Regelbundna inspektioner:<\/strong> Det \u00e4r viktigt att utf\u00f6ra regelbundna visuella inspektioner av bomcylindern f\u00f6r att uppt\u00e4cka tecken p\u00e5 slitage eller skador. Detta kan hj\u00e4lpa till att identifiera problem innan de eskalerar till allvarliga problem som kan leda till driftstopp eller s\u00e4kerhetsrisker.<\/li>\n<li><strong>L\u00e4mplig sm\u00f6rjning:<\/strong> Se till att hydrauloljan fylls p\u00e5 regelbundet och att den anv\u00e4nda oljan \u00e4r av r\u00e4tt typ och viskositet f\u00f6r cylindern. Detta bidrar till att bibeh\u00e5lla hydraulsystemets effektivitet och f\u00f6rhindra f\u00f6r tidigt slitage.<\/li>\n<li><strong>Byte av t\u00e4tning:<\/strong> \u00d6vervaka t\u00e4tningarnas skick regelbundet. Genom att byta ut slitna t\u00e4tningar snabbt f\u00f6rhindras l\u00e4ckage av hydraulv\u00e4tska och systemtrycket bibeh\u00e5lls, vilket s\u00e4kerst\u00e4ller att bomcylindern fungerar effektivt.<\/li>\n<\/ul>\n<h2>S\u00e4kerhetsaspekter och milj\u00f6faktorer<\/h2>\n<p>Vid anv\u00e4ndning av hydraulcylindrar \u00e4r s\u00e4kerhets\u00e5tg\u00e4rder av st\u00f6rsta vikt. Operat\u00f6rer b\u00f6r b\u00e4ra l\u00e4mplig skyddsutrustning och f\u00f6lja s\u00e4kerhetsprotokoll under drift. Det \u00e4r viktigt att s\u00e4kerst\u00e4lla att arbetsmilj\u00f6n \u00e4r fri fr\u00e5n faror som kan leda till olyckor. Milj\u00f6h\u00e4nsyn b\u00f6r ocks\u00e5 beaktas, s\u00e5som korrekt kassering av hydraulv\u00e4tskor och material som anv\u00e4nds vid underh\u00e5ll f\u00f6r att minimera milj\u00f6p\u00e5verkan.<\/p>\n<h2>Fels\u00f6kning och vanliga problem<\/h2>\n<ul>\n<li><strong>L\u00e4ckage:<\/strong> Hydraulv\u00e4tskel\u00e4ckage kan uppst\u00e5 p\u00e5 grund av slitna t\u00e4tningar eller skadade kopplingar. Kontrollera t\u00e4tningar och kopplingar regelbundet f\u00f6r att diagnostisera problemet och byt ut dem vid behov.<\/li>\n<li><strong>L\u00e5ngsam eller ok\u00e4nslig r\u00f6relse:<\/strong> Detta kan tyda p\u00e5 brist p\u00e5 hydraulv\u00e4tska eller ett luftblock i systemet. Kontrollera v\u00e4tskeniv\u00e5erna och lufta systemet vid behov.<\/li>\n<li><strong>Ovanliga ljud:<\/strong> Ljud som skrapande eller klonkande ljud kan tyda p\u00e5 mekaniska problem i cylindern. Unders\u00f6k k\u00e4llan och \u00e5tg\u00e4rda eventuella skadade komponenter omedelbart.<\/li>\n<\/ul>\n<p><img decoding=\"async\" src=\"https:\/\/www.hydraulic-cylinders.net\/wp-content\/uploads\/2025\/04\/songte-bushings-with-all-kinds-of-excavator-models.webp\" alt=\"Gr\u00e4vmaskinsbussningar\" \/><\/p>\n<h2>Tips f\u00f6r produktlivsl\u00e4ngd<\/h2>\n<p>F\u00f6r att f\u00f6rl\u00e4nga livsl\u00e4ngden p\u00e5 din bomcylinder, se till att regelbundet underh\u00e5ll utf\u00f6rs, inklusive kontroller av korrekt sm\u00f6rjning och t\u00e4tningar. Anv\u00e4nd h\u00f6gkvalitativa hydraulv\u00e4tskor f\u00f6r att f\u00f6rhindra slitage. Anv\u00e4nd dessutom alltid cylindern inom dess angivna belastningsgr\u00e4nser f\u00f6r att f\u00f6rhindra on\u00f6dig belastning. Genom att implementera ett proaktivt underh\u00e5llsschema minskar du avsev\u00e4rt risken f\u00f6r ov\u00e4ntade fel, vilket s\u00e4kerst\u00e4ller att dina hydraulsystem f\u00f6rblir i drift under l\u00e4ngre perioder.<\/p>\n<h2>Om v\u00e5rt f\u00f6retag<\/h2>\n<p>Vi \u00e4r en ledande tillverkare av hydraulcylindrar f\u00f6r reservdelar och erbjuder ett omfattande sortiment av produkter f\u00f6r olika till\u00e4mpningar. V\u00e5rt engagemang f\u00f6r excellens har etablerat oss som en av de ledande tillverkarna och grossistdistribut\u00f6rerna p\u00e5 b\u00e5de inhemska och internationella marknader. Vi f\u00f6ljer strikta kvalitetsstandarder och utnyttjar precisionstillverkningsstrategier, skicklig teknisk personal, avancerad digital tillverkningsutrustning och rigor\u00f6sa testsystem f\u00f6r att kontinuerligt f\u00f6rb\u00e4ttra v\u00e5r produktionskapacitet. V\u00e5rt f\u00f6retag \u00e4r dedikerat till att m\u00f6ta olika kunders behov med h\u00f6g effektivitet, precision och kvalitet.<\/p>\n<p><img decoding=\"async\" src=\"https:\/\/www.hydraulic-cylinders.net\/wp-content\/uploads\/2025\/04\/songte-company-4.webp\" alt=\"F\u00f6retags\u00f6versikt\" \/><br \/>\n<img decoding=\"async\" src=\"https:\/\/www.hydraulic-cylinders.net\/wp-content\/uploads\/2025\/04\/songte-company-3.webp\" alt=\"Tillverkningsanl\u00e4ggning\" \/><\/p>\n<p>V\u00e5r professionella expertis, internationella certifieringar, kundanpassade tj\u00e4nster, avancerade produktionsutrustning och dedikerade eftermarknadssupport utm\u00e4rker oss inom hydraulcylinderbranschen.<\/p>\n<p>F\u00f6rfattare: lyl<\/p>","protected":false},"excerpt":{"rendered":"<p>Boom Cylinder For Volvo Middle Excavator EC250ENZ Understanding Boom Cylinders The boom cylinder is a critical hydraulic component designed specifically for controlling the motion of the bucket in various heavy machinery, such as excavators, backhoes, and front loaders. It enables the bucket to lift, lower, and tilt, facilitating material handling tasks effectively. The hydraulic system [&hellip;]<\/p>","protected":false},"featured_media":17879,"comment_status":"open","ping_status":"closed","template":"","meta":{"_et_pb_use_builder":"","_et_pb_old_content":"","_et_gb_content_width":""},"product_brand":[],"product_cat":[1546],"product_tag":[1547,1496],"class_list":{"0":"post-19118","1":"product","2":"type-product","3":"status-publish","4":"has-post-thumbnail","6":"product_cat-boom-cylinders","7":"product_tag-boom-cylinders","8":"product_tag-hydraulic-cylinders","10":"first","11":"instock","12":"shipping-taxable","13":"product-type-simple"},"amp_enabled":true,"_links":{"self":[{"href":"https:\/\/www.hydraulic-cylinders.net\/sv\/wp-json\/wp\/v2\/product\/19118","targetHints":{"allow":["GET"]}}],"collection":[{"href":"https:\/\/www.hydraulic-cylinders.net\/sv\/wp-json\/wp\/v2\/product"}],"about":[{"href":"https:\/\/www.hydraulic-cylinders.net\/sv\/wp-json\/wp\/v2\/types\/product"}],"replies":[{"embeddable":true,"href":"https:\/\/www.hydraulic-cylinders.net\/sv\/wp-json\/wp\/v2\/comments?post=19118"}],"wp:featuredmedia":[{"embeddable":true,"href":"https:\/\/www.hydraulic-cylinders.net\/sv\/wp-json\/wp\/v2\/media\/17879"}],"wp:attachment":[{"href":"https:\/\/www.hydraulic-cylinders.net\/sv\/wp-json\/wp\/v2\/media?parent=19118"}],"wp:term":[{"taxonomy":"product_brand","embeddable":true,"href":"https:\/\/www.hydraulic-cylinders.net\/sv\/wp-json\/wp\/v2\/product_brand?post=19118"},{"taxonomy":"product_cat","embeddable":true,"href":"https:\/\/www.hydraulic-cylinders.net\/sv\/wp-json\/wp\/v2\/product_cat?post=19118"},{"taxonomy":"product_tag","embeddable":true,"href":"https:\/\/www.hydraulic-cylinders.net\/sv\/wp-json\/wp\/v2\/product_tag?post=19118"}],"curies":[{"name":"wp","href":"https:\/\/api.w.org\/{rel}","templated":true}]}}