{"id":1916,"date":"2023-10-19T07:55:02","date_gmt":"2023-10-19T07:55:02","guid":{"rendered":"https:\/\/hydraulic-cylinders.net\/?post_type=product&#038;p=1916"},"modified":"2025-04-11T03:43:23","modified_gmt":"2025-04-11T03:43:23","slug":"double-shield-tbm-torque-cylinder","status":"publish","type":"product","link":"https:\/\/www.hydraulic-cylinders.net\/sv\/produkt\/double-shield-tbm-torque-cylinder\/","title":{"rendered":"Dubbelsk\u00f6ldad TBM-momentcylinder"},"content":{"rendered":"<h1 style=\"text-align: center;\"><strong>Dubbelsk\u00f6ldad TBM-momentcylinder<\/strong><\/h1>\n<p><img loading=\"lazy\" decoding=\"async\" class=\"aligncenter wp-image-1917\" src=\"https:\/\/hydraulic-cylinders.net\/wp-content\/uploads\/2023\/10\/torque-cylinder-1-2-300x300.webp\" alt=\"\" width=\"400\" height=\"400\" \/><\/p>\n<p>Dubbelsk\u00f6ld-tbm-momentcylindern \u00e4r en avancerad hydraulisk komponent som maximerar effektiviteten och noggrannheten hos tunnelborrmaskiner. Denna specialcylinder ger den n\u00f6dv\u00e4ndiga momentkraften f\u00f6r rotation av sk\u00e4rhuvudet, vilket m\u00f6jligg\u00f6r smidig och exakt gr\u00e4vning under tunnelborrningsoperationer. Denna omfattande artikel kommer att utforska de viktigaste egenskaperna, anv\u00e4ndningsmetoderna och underh\u00e5llsriktlinjerna f\u00f6r dubbelsk\u00f6ld-tbm-momentcylindern.<\/p>\n<p>Dubbelsk\u00f6ldad TBM-momentcylinder \u00e4r en robust och p\u00e5litlig komponent som revolutionerar tunnelborrningsoperationer. Med sitt h\u00f6ga vridmoment, precisionsteknik, robusta konstruktion och utrymmeseffektiva design f\u00f6rb\u00e4ttrar denna cylinder effektiviteten och noggrannheten i tunnelborrningsprocesser. Genom att f\u00f6lja de rekommenderade anv\u00e4ndningsmetoderna och regelbundna underh\u00e5llspraxis kommer dubbelsk\u00f6ldad TBM-momentcylinder att forts\u00e4tta leverera exceptionell prestanda och bidra till tunnelprojektens framg\u00e5ng. Omfamna kraften och precisionen hos dubbelsk\u00f6ldad TBM-momentcylinder och frig\u00f6r tunnelborrningens fulla potential med o\u00f6vertr\u00e4ffad effektivitet och noggrannhet.<\/p>\n<p>Viktiga egenskaper f\u00f6r dubbelsk\u00f6ld-TBM-momentcylinder:<\/p>\n<ul>\n<li>H\u00f6gt vridmoment: Den dubbla TBM-sk\u00f6ldcylindern ger ett robust vridmoment, vilket m\u00f6jligg\u00f6r effektiv rotation av sk\u00e4rhuvudet. Dess kraftfulla prestanda s\u00e4kerst\u00e4ller effektiv och exakt gr\u00e4vning, \u00e4ven under utmanande geologiska f\u00f6rh\u00e5llanden.<\/li>\n<li>Precisionsteknik: Denna cylinder \u00e4r exakt konstruerad f\u00f6r att s\u00e4kerst\u00e4lla smidig och exakt moment\u00f6verf\u00f6ring. Dess avancerade design minimerar glapp och bibeh\u00e5ller j\u00e4mna rotationshastigheter, vilket resulterar i exakt gr\u00e4vning och f\u00f6rb\u00e4ttrad tunnelproduktivitet.<\/li>\n<li>Robust konstruktion: TBM-momentcylindern med dubbelt skydd har en robust konstruktion som \u00e4r byggd f\u00f6r att motst\u00e5 de kr\u00e4vande f\u00f6rh\u00e5llandena vid tunnelborrning. Dess h\u00f6gkvalitativa material och noggranna hantverk s\u00e4kerst\u00e4ller h\u00e5llbarhet och tillf\u00f6rlitlighet i de tuffaste milj\u00f6er.<\/li>\n<li>Kompakt och utrymmeseffektiv: Denna cylinder optimerar utrymmesutnyttjandet i tunnelborrmaskinen med en kompakt design. Dess str\u00f6mlinjeformade konstruktion m\u00f6jligg\u00f6r enkel integration, minimerar st\u00f6rningar med andra komponenter och maximerar tunnelborrningsprocessens totala effektivitet.<\/li>\n<\/ul>\n<h2><strong>Parameter f\u00f6r dubbelsk\u00f6ld-TBM-momentcylinder:<\/strong><\/h2>\n<table border=\"1\" cellspacing=\"0\" cellpadding=\"0\">\n<tbody>\n<tr>\n<td>Produktnamn<\/td>\n<td>Momentcylinder f\u00f6r tunnelborrmaskin med dubbel sk\u00e4rm<\/td>\n<\/tr>\n<tr>\n<td>Drag:<\/td>\n<td>\u00d6verf\u00f6r vridmomentet fr\u00e5n sk\u00e4rhuvudet<\/td>\n<\/tr>\n<tr>\n<td>Specifikation:<\/td>\n<td>Olika strukturer och specifikationer f\u00f6r momentcylindrar kan designas och produceras enligt kundens krav.<\/td>\n<\/tr>\n<tr>\n<td>Tryck:<\/td>\n<td>upp till 25 MPa<br \/>\nS\u00e4rskilda krav upp till 35 MPa<\/td>\n<\/tr>\n<tr>\n<td>Anv\u00e4ndningsomr\u00e5den:<\/td>\n<td>Dubbelsk\u00f6ldtunnelborrmaskin<\/td>\n<\/tr>\n<\/tbody>\n<\/table>\n<h2><strong>Dubbelsk\u00f6ldad TBM-cylinderapplikation:<\/strong><\/h2>\n<p><img loading=\"lazy\" decoding=\"async\" class=\"alignnone wp-image-1909 size-full\" src=\"https:\/\/hydraulic-cylinders.net\/wp-content\/uploads\/2023\/10\/double-shield-tbm-cylinder-1.webp\" alt=\"\" width=\"709\" height=\"473\" srcset=\"https:\/\/hydraulic-cylinders.net\/wp-content\/uploads\/2023\/10\/double-shield-tbm-cylinder-1.webp 709w, https:\/\/hydraulic-cylinders.net\/wp-content\/uploads\/2023\/10\/double-shield-tbm-cylinder-1-480x320.webp 480w\" sizes=\"(min-width: 0px) and (max-width: 480px) 480px, (min-width: 481px) 709px, 100vw\" \/><\/p>\n<h2><strong>Anv\u00e4ndningsmetod f\u00f6r dubbelsk\u00f6ld-TBM-momentcylinder<\/strong><strong>:<\/strong><\/h2>\n<ul>\n<li><strong>Cylinderintegration:<\/strong> Montera momentcylindern f\u00f6r dubbelskyddad tunnelborrmaskin p\u00e5 den angivna platsen i tunnelborrmaskinen enligt tillverkarens riktlinjer och specifikationer. S\u00e4kerst\u00e4ll korrekt uppriktning och s\u00e4ker fasts\u00e4ttning i tunnelborrmaskinens struktur med l\u00e4mpliga monteringsf\u00e4sten eller tillbeh\u00f6r.<\/li>\n<li><strong>Integration av hydraulsystem:<\/strong> Anslut cylindern till tunnelborrmaskinens hydraulsystem med kompatibla slangar och kopplingar. Kontrollera att alla anslutningar \u00e4r s\u00e4kra, l\u00e4ckagefria och ordentligt \u00e5tdragna f\u00f6r att s\u00e4kerst\u00e4lla optimal hydraulisk prestanda.<\/li>\n<li><strong>Kontroll och drift:<\/strong> Bekanta dig med tunnelborrmaskinens styrsystem och reglerna som \u00e4r f\u00f6rknippade med den dubbelsk\u00f6ldade tunnelborrmaskinens momentcylinder. Anv\u00e4nd dessa kontroller f\u00f6r att aktivera, reglera och \u00f6vervaka momentutg\u00e5ngen och justera den f\u00f6r att matcha gr\u00e4vningskraven och de geologiska f\u00f6rh\u00e5llandena.<\/li>\n<li><strong>\u00d6vervakning och justering:<\/strong> \u00d6vervaka kontinuerligt prestandan hos den dubbla tbm-momentcylindern och tunnelborrmaskinens \u00f6vergripande beteende. Justera momentutg\u00e5ngen med h\u00e4nsyn till markf\u00f6rh\u00e5llanden, slitage p\u00e5 borrverktyget och gr\u00e4vningsf\u00f6rloppet f\u00f6r att s\u00e4kerst\u00e4lla optimal effektivitet och produktivitet.<\/li>\n<\/ul>\n<h2><strong>Hur byter man t\u00e4tningar p\u00e5 hydraulcylindern?<\/strong><\/h2>\n<p>Att byta hydraulcylindert\u00e4tningar kr\u00e4ver noggrann demontering och \u00e5termontering av cylinderkomponenterna. H\u00e4r \u00e4r en steg-f\u00f6r-steg-guide som hj\u00e4lper dig genom processen:<\/p>\n<ol>\n<li><strong>F\u00f6rbered cylindern:<\/strong>\n<ul>\n<li>Koppla bort hydraulcylindern fr\u00e5n systemet och se till att den \u00e4r tryckl\u00f6s.<\/li>\n<li>Reng\u00f6r cylinderns utsida f\u00f6r att f\u00f6rhindra att smuts eller skr\u00e4p tr\u00e4nger in under demonteringen.<\/li>\n<li>Placera cylindern p\u00e5 en stabil arbetsyta och s\u00e4kra den med hj\u00e4lp av kl\u00e4mmor eller ett skruvst\u00e4d.<\/li>\n<\/ul>\n<\/li>\n<li><strong>Identifiera t\u00e4tningarna:<\/strong>\n<ul>\n<li>Best\u00e4m vilka typer och placeringar av t\u00e4tningarna som beh\u00f6ver bytas ut.<\/li>\n<li>Hydraulcylindrar har vanligtvis flera t\u00e4tningar, inklusive kolvst\u00e5ngst\u00e4tningar, kolvt\u00e4tningar och torkart\u00e4tningar.<\/li>\n<li>Konsultera tillverkarens dokumentation eller referensmaterial f\u00f6r att identifiera de t\u00e4tningar som kr\u00e4vs.<\/li>\n<\/ul>\n<\/li>\n<li><strong>Demontering:<\/strong>\n<ul>\n<li>Ta bort alla f\u00e4stkomponenter s\u00e5som bultar, l\u00e5sringar eller h\u00e5llringar som h\u00e5ller fast cylinderhuvudet eller locket.<\/li>\n<li>Ta f\u00f6rsiktigt bort cylinderhuvudet eller locket s\u00e5 att kolven, st\u00e5ngen och t\u00e4tningarna kommer fram.<\/li>\n<li>Var uppm\u00e4rksam p\u00e5 t\u00e4tningarnas placering och ordning f\u00f6r korrekt \u00e5termontering.<\/li>\n<\/ul>\n<\/li>\n<li><strong>Ta bort de gamla t\u00e4tningarna:<\/strong>\n<ul>\n<li>Kontrollera de gamla t\u00e4tningarna f\u00f6r skador eller slitage och identifiera l\u00e4mplig borttagningsmetod.<\/li>\n<li>Beroende p\u00e5 t\u00e4tningstyp kan du beh\u00f6va anv\u00e4nda verktyg f\u00f6r att ta bort t\u00e4tningarna, s\u00e5som hackor eller krokar, eller f\u00f6rsiktigt b\u00e4nda ut dem med en platt skruvmejsel.<\/li>\n<li>Var f\u00f6rsiktig s\u00e5 att du inte skadar cylinderns ytor n\u00e4r du tar bort t\u00e4tningen.<\/li>\n<\/ul>\n<\/li>\n<li><strong>Reng\u00f6r och inspektera:<\/strong>\n<ul>\n<li>Reng\u00f6r cylinderloppet, st\u00e5ngen och omgivande komponenter noggrant med en luddfri trasa eller ett l\u00e4mpligt l\u00f6sningsmedel.<\/li>\n<li>Kontrollera alla komponenter f\u00f6r tecken p\u00e5 skador, slitage eller repor. Byt ut slitna eller skadade delar vid behov.<\/li>\n<\/ul>\n<\/li>\n<li><strong>Montera de nya t\u00e4tningarna:<\/strong>\n<ul>\n<li>Applicera ett tunt lager hydraulv\u00e4tska eller t\u00e4tningssm\u00f6rjmedel p\u00e5 de nya t\u00e4tningarna f\u00f6r att underl\u00e4tta installationen och s\u00e4kerst\u00e4lla korrekt t\u00e4tning.<\/li>\n<li>Placera de nya t\u00e4tningarna f\u00f6rsiktigt i sina sp\u00e5r och se till att de \u00e4r korrekt orienterade.<\/li>\n<li>Anv\u00e4nd ett t\u00e4tningsinstallationsverktyg eller en mjuk klubba f\u00f6r att f\u00f6rsiktigt trycka t\u00e4tningarna p\u00e5 plats och se till att de sitter j\u00e4mnt och s\u00e4kert.<\/li>\n<\/ul>\n<\/li>\n<li><strong>\u00c5termontering:<\/strong>\n<ul>\n<li>Montera tillbaka alla \u00e5terst\u00e5ende komponenter som togs bort under demonteringen, s\u00e5som bultar, l\u00e5sringar eller l\u00e5sringar.<\/li>\n<li>F\u00f6lj tillverkarens specifikationer f\u00f6r \u00e5tdragningsmoment och \u00e5tdragningsordning f\u00f6r att s\u00e4kerst\u00e4lla korrekt t\u00e4tning och uppriktning.<\/li>\n<li>Dubbelkolla ordning och placering av t\u00e4tningarna f\u00f6r att s\u00e4kerst\u00e4lla att de sitter r\u00e4tt.<\/li>\n<\/ul>\n<\/li>\n<li><strong>Testning och verifiering:<\/strong>\n<ul>\n<li>\u00c5teranslut hydraulcylindern till systemet och se till att alla anslutningar \u00e4r s\u00e4kra.<\/li>\n<li>\u00c5terst\u00e4ll systemtrycket gradvis och kontrollera om det finns n\u00e5gra l\u00e4ckor eller onormalt beteende.<\/li>\n<li>K\u00f6r hydraulcylindern genom hela dess r\u00f6relseomr\u00e5de f\u00f6r att kontrollera att t\u00e4tningen fungerar korrekt och att den \u00f6vergripande funktionen fungerar korrekt.<\/li>\n<\/ul>\n<\/li>\n<\/ol>\n<h2><strong>Fabrikens kapacitet och kapacitet:<\/strong><\/h2>\n<h3>(1) Montering<\/h3>\n<p>Vi har en f\u00f6rstklassig oberoende forsknings- och utvecklingsplattform. Verkstaden f\u00f6r tillverkning av hydraulcylindrar har fyra halvautomatiska monteringslinjer f\u00f6r lyftcylindrar och en automatisk monteringslinje f\u00f6r tiltcylindrar, med en planerad \u00e5rlig produktionskapacitet p\u00e5 1 miljon enheter. Specialcylinderverkstaden \u00e4r utrustad med olika specifikationer f\u00f6r ett halvautomatiskt reng\u00f6ringsmonteringssystem med en planerad \u00e5rlig produktionskapacitet p\u00e5 200 000 och utrustad med k\u00e4nd CNC-bearbetningsutrustning, ett fleroperationscenter, en specialutrustning f\u00f6r h\u00f6gprecisionscylindrar, en robotsvetsmaskin, en automatisk reng\u00f6ringsmaskin, en automatisk cylindermonteringsmaskin och en automatisk produktionslinje f\u00f6r m\u00e5lning. Befintlig kritisk utrustning p\u00e5 mer \u00e4n 300 set (set). Optimal allokering och effektiv anv\u00e4ndning av utrustningsresurser s\u00e4kerst\u00e4ller produkternas noggrannhetskrav och uppfyller produkternas h\u00f6ga kvalitetsbehov.<\/p>\n<p><img loading=\"lazy\" decoding=\"async\" class=\"alignnone wp-image-626\" src=\"https:\/\/hydraulic-cylinders.net\/wp-content\/uploads\/2023\/08\/hydraulic-cylinder-product-1-300x158.webp\" alt=\"\" width=\"495\" height=\"260\" srcset=\"https:\/\/hydraulic-cylinders.net\/wp-content\/uploads\/2023\/08\/hydraulic-cylinder-product-1-300x158.webp 495w, https:\/\/hydraulic-cylinders.net\/wp-content\/uploads\/2023\/08\/hydraulic-cylinder-product-1-480x252.webp 480w\" sizes=\"(min-width: 0px) and (max-width: 480px) 480px, (min-width: 481px) 495px, 100vw\" \/> <img loading=\"lazy\" decoding=\"async\" class=\"alignnone wp-image-627\" src=\"https:\/\/hydraulic-cylinders.net\/wp-content\/uploads\/2023\/08\/hydraulic-cylinder-product-2-300x189.webp\" alt=\"\" width=\"413\" height=\"260\" \/><\/p>\n<h3>(2) Maskinbearbetning<\/h3>\n<p>Bearbetningsverkstaden \u00e4r utrustad med en specialanpassad svarvcentral f\u00f6r lutande r\u00e4ls, bearbetningscenter, h\u00f6ghastighetsh\u00f6nsmaskin, svetsrobot och annan relaterad utrustning, som kan hantera bearbetning av cylinderr\u00f6r med en maximal innerdiameter p\u00e5 400 mm och en maximal l\u00e4ngd p\u00e5 6 meter.<\/p>\n<p><img loading=\"lazy\" decoding=\"async\" class=\"alignnone wp-image-628 size-large\" src=\"https:\/\/hydraulic-cylinders.net\/wp-content\/uploads\/2023\/08\/hydraulic-cylinder-product-3-1024x391.webp\" alt=\"\" width=\"1024\" height=\"391\" srcset=\"https:\/\/hydraulic-cylinders.net\/wp-content\/uploads\/2023\/08\/hydraulic-cylinder-product-3-980x374.webp 980w, https:\/\/hydraulic-cylinders.net\/wp-content\/uploads\/2023\/08\/hydraulic-cylinder-product-3-480x183.webp 480w\" sizes=\"(min-width: 0px) and (max-width: 480px) 480px, (min-width: 481px) and (max-width: 980px) 980px, (min-width: 981px) 1024px, 100vw\" \/><\/p>\n<h3>(3) Svetsning<\/h3>\n<p><img loading=\"lazy\" decoding=\"async\" class=\"alignnone wp-image-629 size-large\" src=\"https:\/\/hydraulic-cylinders.net\/wp-content\/uploads\/2023\/08\/hydraulic-cylinder-product-4-1024x510.webp\" alt=\"\" width=\"1024\" height=\"510\" srcset=\"https:\/\/hydraulic-cylinders.net\/wp-content\/uploads\/2023\/08\/hydraulic-cylinder-product-4-980x488.webp 980w, https:\/\/hydraulic-cylinders.net\/wp-content\/uploads\/2023\/08\/hydraulic-cylinder-product-4-480x239.webp 480w\" sizes=\"(min-width: 0px) and (max-width: 480px) 480px, (min-width: 481px) and (max-width: 980px) 980px, (min-width: 981px) 1024px, 100vw\" \/><\/p>\n<h3>(4) M\u00e5lning och ytbehandling<\/h3>\n<p>Med sm\u00e5 och medelstora cylindriska automatiska vattenbaserade f\u00e4rgbel\u00e4ggningslinjer, f\u00f6r att uppn\u00e5 automatisk robotlastning och lossning samt automatisk sprutning, \u00e4r den designade kapaciteten 4000 stycken per skift;<br \/>\nVi har \u00e4ven en halvautomatisk f\u00e4rgproduktionslinje f\u00f6r stora cylindrar som drivs av en sl\u00e4pkedja, med en designkapacitet p\u00e5 60 l\u00e5dor per skift.<\/p>\n<p><img loading=\"lazy\" decoding=\"async\" class=\"alignnone wp-image-630\" src=\"https:\/\/hydraulic-cylinders.net\/wp-content\/uploads\/2023\/08\/hydraulic-cylinder-product-5-300x213.webp\" alt=\"\" width=\"366\" height=\"260\" \/> <img loading=\"lazy\" decoding=\"async\" class=\"alignnone wp-image-631\" src=\"https:\/\/hydraulic-cylinders.net\/wp-content\/uploads\/2023\/08\/hydraulic-cylinder-product-6-300x225.webp\" alt=\"\" width=\"347\" height=\"260\" \/><\/p>\n<h3>(5) Testning<\/h3>\n<p>Vi har f\u00f6rstklassiga inspektionsanl\u00e4ggningar och testb\u00e4ddar f\u00f6r att s\u00e4kerst\u00e4lla att cylinderns prestanda uppfyller kraven.<\/p>\n<p><img loading=\"lazy\" decoding=\"async\" class=\"alignnone wp-image-632\" src=\"https:\/\/hydraulic-cylinders.net\/wp-content\/uploads\/2023\/08\/hydraulic-cylinder-product-8-300x200.webp\" alt=\"\" width=\"389\" height=\"260\" \/><\/p>\n<p>&nbsp;<\/p>\n<p>&nbsp;<\/p>\n<p>Vi \u00e4r en av de b\u00e4sta tillverkarna av hydraulcylindrar. Vi kan erbjuda ett helt\u00e4ckande utbud av hydraulcylindrar. Vi tillhandah\u00e5ller \u00e4ven motsvarande <a href=\"https:\/\/hzpt.com\/agricultural-pto-gearbox\/\" target=\"_blank\" rel=\"noopener\">jordbruksv\u00e4xell\u00e5dor<\/a>Vi har exporterat v\u00e5ra produkter till kunder \u00f6ver hela v\u00e4rlden och f\u00e5tt ett gott rykte tack vare v\u00e5r \u00f6verl\u00e4gsna produktkvalitet och kundservice. Vi v\u00e4lkomnar kunder b\u00e5de hemma och utomlands att kontakta oss f\u00f6r att f\u00f6rhandla aff\u00e4rer, utbyta information och <a href=\"https:\/\/www.hydraulic-cylinders.net\/sv\/contact-us\/\">samarbeta med oss<\/a>!<\/p>\n<p>&nbsp;<\/p>","protected":false},"excerpt":{"rendered":"<p>Double Shield TBM Torque Cylinder The double shield TBM torque cylinder is a cutting-edge hydraulic component that maximizes the efficiency and accuracy of tunnel boring machines. This specialized cylinder provides the necessary torque force for the rotation of the cutterhead, enabling smooth and precise excavation during tunneling operations. This comprehensive article will explore the key [&hellip;]<\/p>","protected":false},"featured_media":1918,"comment_status":"open","ping_status":"closed","template":"","meta":{"_et_pb_use_builder":"","_et_pb_old_content":"","_et_gb_content_width":""},"product_brand":[],"product_cat":[1550,1519],"product_tag":[1380],"class_list":{"0":"post-1916","1":"product","2":"type-product","3":"status-publish","4":"has-post-thumbnail","6":"product_cat-double-acting-hydraulic-cylinder","7":"product_cat-shield-machine-hydraulic-cylinders","8":"product_tag-hydraulic-cylinder","10":"first","11":"instock","12":"shipping-taxable","13":"product-type-simple"},"amp_enabled":true,"_links":{"self":[{"href":"https:\/\/www.hydraulic-cylinders.net\/sv\/wp-json\/wp\/v2\/product\/1916","targetHints":{"allow":["GET"]}}],"collection":[{"href":"https:\/\/www.hydraulic-cylinders.net\/sv\/wp-json\/wp\/v2\/product"}],"about":[{"href":"https:\/\/www.hydraulic-cylinders.net\/sv\/wp-json\/wp\/v2\/types\/product"}],"replies":[{"embeddable":true,"href":"https:\/\/www.hydraulic-cylinders.net\/sv\/wp-json\/wp\/v2\/comments?post=1916"}],"wp:featuredmedia":[{"embeddable":true,"href":"https:\/\/www.hydraulic-cylinders.net\/sv\/wp-json\/wp\/v2\/media\/1918"}],"wp:attachment":[{"href":"https:\/\/www.hydraulic-cylinders.net\/sv\/wp-json\/wp\/v2\/media?parent=1916"}],"wp:term":[{"taxonomy":"product_brand","embeddable":true,"href":"https:\/\/www.hydraulic-cylinders.net\/sv\/wp-json\/wp\/v2\/product_brand?post=1916"},{"taxonomy":"product_cat","embeddable":true,"href":"https:\/\/www.hydraulic-cylinders.net\/sv\/wp-json\/wp\/v2\/product_cat?post=1916"},{"taxonomy":"product_tag","embeddable":true,"href":"https:\/\/www.hydraulic-cylinders.net\/sv\/wp-json\/wp\/v2\/product_tag?post=1916"}],"curies":[{"name":"wp","href":"https:\/\/api.w.org\/{rel}","templated":true}]}}