{"id":19178,"date":"2025-04-07T06:16:41","date_gmt":"2025-04-07T06:16:41","guid":{"rendered":"https:\/\/www.hydraulic-cylinders.net\/product\/boom-cylinder-for-xcmg-small-excavator-xe15\/"},"modified":"2025-04-07T06:16:44","modified_gmt":"2025-04-07T06:16:44","slug":"boom-cylinder-for-xcmg-small-excavator-xe15","status":"publish","type":"product","link":"https:\/\/www.hydraulic-cylinders.net\/sv\/produkt\/boom-cylinder-for-xcmg-small-excavator-xe15\/","title":{"rendered":"Bomcylinder f\u00f6r XCMG liten gr\u00e4vmaskin XE15"},"content":{"rendered":"<h1>Bomcylinder f\u00f6r XCMG liten gr\u00e4vmaskin XE15<\/h1>\n<h2>Introduktion till bomcylinder<\/h2>\n<p>Bomcylindern \u00e4r en viktig komponent i hydraulsystemen i tunga maskiner, s\u00e4rskilt i sm\u00e5 gr\u00e4vmaskiner som XCMG XE15. Denna hydraulcylinder \u00e4r specifikt utformad f\u00f6r att styra bommens r\u00f6relse, vilket g\u00f6r att den kan lyftas, s\u00e4nkas och lutas effektivt under olika operationer. Dessa \u00e5tg\u00e4rder \u00e4r viktiga f\u00f6r materialhanteringsuppgifter, vilket g\u00f6r bomcylindern till en avg\u00f6rande del av funktionen hos gr\u00e4vmaskiner, gr\u00e4vmaskiner och frontlastare.<\/p>\n<p><img decoding=\"async\" src=\"https:\/\/www.hydraulic-cylinders.net\/wp-content\/uploads\/2025\/04\/songte-company-1.webp\" alt=\"Bomcylinder\" \/><\/p>\n<h3>Funktion och till\u00e4mpning av bomcylindrar<\/h3>\n<p>En bomcylinder \u00e4r en typ av hydraulcylinder som fungerar genom det hydrauliska tryck som genereras av maskineriet. Den g\u00f6r det m\u00f6jligt f\u00f6r gr\u00e4vutrustningen att utf\u00f6ra uppgifter som att gr\u00e4va, lyfta och flytta material med precision. Det hydrauliska systemet utnyttjar kraften fr\u00e5n v\u00e4tska under tryck f\u00f6r att uppn\u00e5 j\u00e4mna och kraftfulla r\u00f6relser, vilket g\u00f6r det l\u00e4mpligt f\u00f6r tunga applikationer.<\/p>\n<h2>Funktioner hos bomcylindern<\/h2>\n<ul>\n<li><strong>H\u00f6g styrka och h\u00e5llbarhet:<\/strong> Dessa cylindrar \u00e4r tillverkade av h\u00f6gh\u00e5llfast st\u00e5l eller aluminium och t\u00e5l h\u00f6gt tryck och tunga belastningar, vilket g\u00f6r dem l\u00e4mpliga f\u00f6r tuffa arbetsmilj\u00f6er.<\/li>\n<li><strong>Effektiv hydraulisk drift:<\/strong> Konstruktionen m\u00f6jligg\u00f6r smidiga och responsiva hydrauliska \u00e5tg\u00e4rder, vilket ger kraftfulla tryck- och dragkrafter som kr\u00e4vs f\u00f6r komplexa driftsuppgifter.<\/li>\n<li><strong>Olika typer:<\/strong> Finns i enkelverkande och dubbelverkande alternativ, vilket g\u00f6r det m\u00f6jligt f\u00f6r anv\u00e4ndare att v\u00e4lja efter operativa behov, med vissa modeller med teleskopisk design f\u00f6r l\u00e4ngre r\u00e4ckvidd.<\/li>\n<li><strong>Underh\u00e5llsv\u00e4nlig:<\/strong> Utformad f\u00f6r att underl\u00e4tta inspektion och underh\u00e5ll, vilket s\u00e4kerst\u00e4ller l\u00e5ng livsl\u00e4ngd och minskar stillest\u00e5ndstiden f\u00f6r maskiner.<\/li>\n<li><strong>Korrosionsbest\u00e4ndighet:<\/strong> Tillverkad av material som motst\u00e5r korrosion, vilket \u00f6kar cylinderns livsl\u00e4ngd och tillf\u00f6rlitlighet i olika milj\u00f6f\u00f6rh\u00e5llanden.<\/li>\n<\/ul>\n<h2>V\u00e5ra tillverkningsm\u00f6jligheter<\/h2>\n<p>Vi specialiserar oss p\u00e5 att producera h\u00f6gkvalitativa bomcylindrar som perfekt ers\u00e4tter befintliga hydraulcylindrar. V\u00e5ra produkter \u00e4r precisionskonstruerade f\u00f6r att uppfylla branschstandarder.<\/p>\n<p><img decoding=\"async\" src=\"https:\/\/www.hydraulic-cylinders.net\/wp-content\/uploads\/2025\/04\/songte-cylinder-head-with-all-kinds-excavator-models.webp\" alt=\"Produktion av hydraulcylindrar\" \/><\/p>\n<h2>Applikationsscenarier<\/h2>\n<h3>Byggutrustning<\/h3>\n<p>I gr\u00e4vmaskiner spelar bomcylindrar en avg\u00f6rande roll vid gr\u00e4vning, lastning och transport av jord eller skr\u00e4p. De ger den kraft och kontroll som kr\u00e4vs f\u00f6r att man\u00f6vrera bommen effektivt. I gr\u00e4vlastare hj\u00e4lper bomcylindrar inte bara till vid gr\u00e4varbeten utan \u00e4ven vid lyft av tunga laster, vilket visar p\u00e5 deras m\u00e5ngsidighet inom byggbranschen.<\/p>\n<h3>Jordbruksmaskiner<\/h3>\n<p>I frontlastare anv\u00e4nds bomcylindrar f\u00f6r att skopa, lyfta och transportera olika material, inklusive jord, h\u00f6 och andra jordbruksprodukter. Deras f\u00f6rm\u00e5ga att ge kraftfulla lyftkapaciteter g\u00f6r dem oumb\u00e4rliga i jordbruksverksamheter d\u00e4r effektivitet och precision \u00e4r avg\u00f6rande.<\/p>\n<h3>Gr\u00e4vmaskiner<\/h3>\n<p>I vanliga gr\u00e4vmaskiner g\u00f6r bomcylindrar att skopan kan tr\u00e4nga ner i marken effektivt. Denna funktion \u00e4r avg\u00f6rande f\u00f6r gr\u00e4vning, d\u00e5 den m\u00f6jligg\u00f6r djupare gr\u00e4vning utan st\u00f6rre anstr\u00e4ngning. Den hydrauliska funktionen s\u00e4kerst\u00e4ller att skopan kan styras exakt, vilket f\u00f6rb\u00e4ttrar produktiviteten p\u00e5 byggarbetsplatser.<\/p>\n<h3>Lastare<\/h3>\n<p>P\u00e5 frontlastare hj\u00e4lper bomcylindrar till att lyfta och dumpa material effektivt. De ger den styrka som kr\u00e4vs f\u00f6r att hantera tunga laster, vilket s\u00e4kerst\u00e4ller att operationer som lastning av lastbilar eller flytt av material utf\u00f6rs enkelt och effektivt.<\/p>\n<h2>Design\u00f6verv\u00e4ganden<\/h2>\n<h3>Lastkapacitet<\/h3>\n<p>Vid konstruktion av bomcylindrar \u00e4r lastkapacitet en prim\u00e4r faktor. Cylindern m\u00e5ste kunna hantera maximal belastning utan att kompromissa med den strukturella integriteten. Detta inneb\u00e4r detaljerade ber\u00e4kningar och tester f\u00f6r att s\u00e4kerst\u00e4lla att de material som anv\u00e4nds kan motst\u00e5 driftsp\u00e5frestningar.<\/p>\n<h3>T\u00e4tning<\/h3>\n<p>Effektiv t\u00e4tning \u00e4r avg\u00f6rande f\u00f6r att f\u00f6rhindra l\u00e4ckage av hydraulv\u00e4tska, vilket kan orsaka betydande driftsfel. T\u00e4tningar m\u00e5ste v\u00e4ljas baserat p\u00e5 driftsmilj\u00f6 och v\u00e4tsketyp, med h\u00f6gkvalitativa material f\u00f6r att ge l\u00e5ng livsl\u00e4ngd och tillf\u00f6rlitlighet.<\/p>\n<h3>Varaktighet<\/h3>\n<p>H\u00e5llbarhet \u00e4r en annan viktig faktor, eftersom bomcylindrar ofta arbetar under tuffa f\u00f6rh\u00e5llanden. Konstruktionen m\u00e5ste ta h\u00e4nsyn till slitage och anv\u00e4nda behandlingar och bel\u00e4ggningar som f\u00f6rb\u00e4ttrar motst\u00e5ndskraften mot n\u00f6tning och korrosion, vilket f\u00f6rl\u00e4nger produktens livsl\u00e4ngd.<\/p>\n<h3>S\u00e4kerhetsfunktioner<\/h3>\n<p>Att inf\u00f6rliva s\u00e4kerhetsfunktioner \u00e4r avg\u00f6rande f\u00f6r att skydda b\u00e5de utrustningen och operat\u00f6ren. Detta inkluderar s\u00e4kerhetsventiler och tryckavlastningsmekanismer f\u00f6r att f\u00f6rhindra \u00f6verbelastning och s\u00e4kerst\u00e4lla s\u00e4ker drift under alla f\u00f6rh\u00e5llanden.<\/p>\n<h3>Underh\u00e5llbarhet<\/h3>\n<p>Genom att konstruera f\u00f6r underh\u00e5llsv\u00e4nlighet s\u00e4kerst\u00e4lls att operat\u00f6rerna enkelt kan komma \u00e5t och serva bomcylindern. Detta inneb\u00e4r att komponenten \u00e4r konstruerad f\u00f6r enkel sm\u00f6rjning, inspektion och utbyte av delar, vilket minskar stillest\u00e5ndstid och underh\u00e5llskostnader.<\/p>\n<p><img decoding=\"async\" src=\"https:\/\/www.hydraulic-cylinders.net\/wp-content\/uploads\/2025\/04\/songte-oil-pipes-and-spare-parts.webp\" alt=\"Hydrauliska komponenter\" \/><\/p>\n<h2>T\u00e4tning och sm\u00f6rjning<\/h2>\n<p>Korrekt t\u00e4tning och sm\u00f6rjning \u00e4r avg\u00f6rande f\u00f6r att bibeh\u00e5lla effektiviteten och livsl\u00e4ngden hos bomcylindrar. Olika t\u00e4tningskomponenter, s\u00e5som kolvt\u00e4tningar och st\u00e5ngt\u00e4tningar, \u00e4r avg\u00f6rande f\u00f6r att f\u00f6rhindra l\u00e4ckage av hydraulv\u00e4tska. Material som polyuretan och nitrilgummi anv\u00e4nds ofta f\u00f6r sina slitstarka egenskaper. Dessutom genomg\u00e5r cylinderhuset och de g\u00e4ngade \u00e4ndarna exakta bearbetningsprocesser f\u00f6r att f\u00f6rb\u00e4ttra h\u00e5llbarheten och minska friktionen. Regelbunden sm\u00f6rjning med hydraulolja \u00e4r n\u00f6dv\u00e4ndig f\u00f6r att bibeh\u00e5lla smidig drift och f\u00f6rhindra slitage.<\/p>\n<h2>F\u00f6rebyggande underh\u00e5lls\u00e5tg\u00e4rder<\/h2>\n<ul>\n<li><strong>Regelbundna inspektioner:<\/strong> Att genomf\u00f6ra rutinkontroller f\u00f6r att s\u00e4kerst\u00e4lla att alla komponenter fungerar korrekt hj\u00e4lper till att identifiera potentiella problem innan de eskalerar.<\/li>\n<li><strong>Sm\u00f6rjning:<\/strong> Att s\u00e4kerst\u00e4lla att hydraulsystemet \u00e4r tillr\u00e4ckligt smort f\u00f6rhindrar slitage och f\u00f6rb\u00e4ttrar cylinderns driftseffektivitet.<\/li>\n<li><strong>Byte av t\u00e4tning:<\/strong> Regelbundet byte av t\u00e4tningar kan f\u00f6rhindra l\u00e4ckage och bibeh\u00e5lla hydraultrycket, vilket s\u00e4kerst\u00e4ller j\u00e4mn prestanda.<\/li>\n<\/ul>\n<h2>Installationsriktlinjer<\/h2>\n<p>Installation av en bomcylinder kr\u00e4ver noggrann uppm\u00e4rksamhet p\u00e5 detaljer f\u00f6r att s\u00e4kerst\u00e4lla optimal prestanda. B\u00f6rja med att rikta in cylindern korrekt med monteringsf\u00e4stena och se till att den \u00e4r rak och s\u00e4ker. Det \u00e4r avg\u00f6rande att anv\u00e4nda l\u00e4mpliga monteringsf\u00e4sten f\u00f6r att h\u00e5lla cylindern p\u00e5 plats. Se till att alla hydrauliska anslutningar \u00e4r l\u00e4ckagefria och att systemet \u00e4r fyllt med r\u00e4tt typ av hydraulv\u00e4tska. Efter installationen, utf\u00f6r en serie testoperationer f\u00f6r att verifiera att cylindern fungerar korrekt under belastning.<\/p>\n<h2>Underh\u00e5llsuppgifter<\/h2>\n<ul>\n<li><strong>Regelbundna inspektioner:<\/strong> Schemal\u00e4gg regelbundna inspektioner f\u00f6r att uppt\u00e4cka tecken p\u00e5 slitage eller skador tidigt. Denna proaktiva metod m\u00f6jligg\u00f6r snabba reparationer, vilket minimerar risken f\u00f6r haverier.<\/li>\n<li><strong>Korrekt sm\u00f6rjning:<\/strong> S\u00e4kerst\u00e4ll att sm\u00f6rjning utf\u00f6rs med rekommenderade intervaller och med specificerad hydraulolja. Detta steg \u00e4r avg\u00f6rande f\u00f6r att bibeh\u00e5lla cylinderns prestanda och f\u00f6rhindra f\u00f6r tidigt slitage.<\/li>\n<li><strong>Byte av t\u00e4tning:<\/strong> Kontrollera t\u00e4tningarna f\u00f6r tecken p\u00e5 slitage eller l\u00e4ckage. Regelbundet byte av t\u00e4tningar \u00e4r viktigt f\u00f6r att bibeh\u00e5lla hydraulisk integritet och driftseffektivitet.<\/li>\n<\/ul>\n<h2>S\u00e4kerhetsaspekter och milj\u00f6faktorer<\/h2>\n<p>N\u00e4r man arbetar med hydrauliska system \u00e4r s\u00e4kerhets\u00e5tg\u00e4rder av st\u00f6rsta vikt. Operat\u00f6rer b\u00f6r utbildas i korrekt hantering av hydraulisk utrustning f\u00f6r att f\u00f6rhindra olyckor. Dessutom b\u00f6r milj\u00f6faktorer som exponering f\u00f6r extrema temperaturer eller fr\u00e4tande \u00e4mnen beaktas vid konstruktion och anv\u00e4ndning av bomcylindrar f\u00f6r att undvika fel.<\/p>\n<h2>Fels\u00f6kning och vanliga problem<\/h2>\n<ul>\n<li><strong>F\u00f6rlust av hydrauliskt tryck:<\/strong> Detta kan tyda p\u00e5 en l\u00e4cka i hydraulsystemet eller en trasig pump. Regelbundna inspektioner och reparationer kan f\u00f6rhindra detta problem.<\/li>\n<li><strong>L\u00e5ngsam drift:<\/strong> Om bomcylindern arbetar l\u00e5ngsamt kan det bero p\u00e5 otillr\u00e4cklig hydraulv\u00e4tska eller blockering i ledningarna. Kontroll av v\u00e4tskeniv\u00e5er och ledningar kan hj\u00e4lpa till att l\u00f6sa detta.<\/li>\n<li><strong>Ovanliga ljud:<\/strong> Ljud kan tyda p\u00e5 inre slitage eller behov av sm\u00f6rjning. Omedelbar inspektion och underh\u00e5ll rekommenderas f\u00f6r att f\u00f6rhindra ytterligare skador.<\/li>\n<\/ul>\n<h2>Tips f\u00f6r felhantering<\/h2>\n<p>F\u00f6r att effektivt diagnostisera och \u00e5tg\u00e4rda problem b\u00f6r operat\u00f6rer f\u00f6ra detaljerade loggar \u00f6ver utrustningens prestanda. Att identifiera m\u00f6nster i problem kan underl\u00e4tta fels\u00f6kning. Regelbunden utbildning i driftsprocedurer och underh\u00e5ll kan ytterligare minimera problem. Att implementera ett f\u00f6rebyggande underh\u00e5llsschema \u00e4r avg\u00f6rande f\u00f6r att minska potentiella fel och \u00f6ka bomcylinderns livsl\u00e4ngd.<\/p>\n<p><img decoding=\"async\" src=\"https:\/\/www.hydraulic-cylinders.net\/wp-content\/uploads\/2025\/04\/songte-bushings-with-all-kinds-of-excavator-models.webp\" alt=\"Hydrauliska komponenter\" \/><\/p>\n<h2>F\u00f6retags\u00f6versikt<\/h2>\n<p>Vi \u00e4r en ledande tillverkare av hydraulcylindrar och specialiserar oss p\u00e5 h\u00f6gkvalitativa reservdelar. V\u00e5rt omfattande produktsortiment har positionerat oss som en nyckelakt\u00f6r p\u00e5 b\u00e5de inhemska och internationella marknader. Vi fokuserar p\u00e5 excellens genom f\u00f6rfinade tillverkningsprocesser och avancerade produktionsledningsstrategier. V\u00e5rt engagemang f\u00f6r kvalitet f\u00f6rst\u00e4rks av h\u00f6gkvalificerad personal, toppmodern tillverkningsutrustning och str\u00e4nga testsystem. Vi str\u00e4var efter att m\u00f6ta olika kunders behov med h\u00f6g effektivitet, precision och kvalitet.<\/p>\n<p><img decoding=\"async\" src=\"https:\/\/www.hydraulic-cylinders.net\/wp-content\/uploads\/2025\/04\/songte-company-4.webp\" alt=\"Tillverkningsanl\u00e4ggning\" \/><br \/>\n<img decoding=\"async\" src=\"https:\/\/www.hydraulic-cylinders.net\/wp-content\/uploads\/2025\/04\/songte-company-3.webp\" alt=\"Produktionsutrustning\" \/><\/p>\n<p>V\u00e5ra erbjudanden omfattar specialiserade tj\u00e4nster, internationella certifieringar och robust eftermarknadssupport. Vi prioriterar kundn\u00f6jdhet och \u00e4r dedikerade till att tillhandah\u00e5lla skr\u00e4ddarsydda l\u00f6sningar f\u00f6r att m\u00f6ta specifika krav.<\/p>\n<p>F\u00f6rfattare: lyl<\/p>","protected":false},"excerpt":{"rendered":"<p>Boom Cylinder For XCMG Small Excavator XE15 Introduction to Boom Cylinder The Boom Cylinder is a vital component in the hydraulic systems of heavy machinery, particularly in small excavators like the XCMG XE15. This hydraulic cylinder is specifically designed to control the motion of the boom, enabling it to lift, lower, and tilt effectively during [&hellip;]<\/p>","protected":false},"featured_media":17879,"comment_status":"open","ping_status":"closed","template":"","meta":{"_et_pb_use_builder":"","_et_pb_old_content":"","_et_gb_content_width":""},"product_brand":[],"product_cat":[1546],"product_tag":[1547,1496],"class_list":{"0":"post-19178","1":"product","2":"type-product","3":"status-publish","4":"has-post-thumbnail","6":"product_cat-boom-cylinders","7":"product_tag-boom-cylinders","8":"product_tag-hydraulic-cylinders","10":"first","11":"instock","12":"shipping-taxable","13":"product-type-simple"},"amp_enabled":true,"_links":{"self":[{"href":"https:\/\/www.hydraulic-cylinders.net\/sv\/wp-json\/wp\/v2\/product\/19178","targetHints":{"allow":["GET"]}}],"collection":[{"href":"https:\/\/www.hydraulic-cylinders.net\/sv\/wp-json\/wp\/v2\/product"}],"about":[{"href":"https:\/\/www.hydraulic-cylinders.net\/sv\/wp-json\/wp\/v2\/types\/product"}],"replies":[{"embeddable":true,"href":"https:\/\/www.hydraulic-cylinders.net\/sv\/wp-json\/wp\/v2\/comments?post=19178"}],"wp:featuredmedia":[{"embeddable":true,"href":"https:\/\/www.hydraulic-cylinders.net\/sv\/wp-json\/wp\/v2\/media\/17879"}],"wp:attachment":[{"href":"https:\/\/www.hydraulic-cylinders.net\/sv\/wp-json\/wp\/v2\/media?parent=19178"}],"wp:term":[{"taxonomy":"product_brand","embeddable":true,"href":"https:\/\/www.hydraulic-cylinders.net\/sv\/wp-json\/wp\/v2\/product_brand?post=19178"},{"taxonomy":"product_cat","embeddable":true,"href":"https:\/\/www.hydraulic-cylinders.net\/sv\/wp-json\/wp\/v2\/product_cat?post=19178"},{"taxonomy":"product_tag","embeddable":true,"href":"https:\/\/www.hydraulic-cylinders.net\/sv\/wp-json\/wp\/v2\/product_tag?post=19178"}],"curies":[{"name":"wp","href":"https:\/\/api.w.org\/{rel}","templated":true}]}}