{"id":19191,"date":"2025-04-07T06:17:22","date_gmt":"2025-04-07T06:17:22","guid":{"rendered":"https:\/\/www.hydraulic-cylinders.net\/product\/boom-cylinder-for-xcmg-middle-excavator-xe265c\/"},"modified":"2025-04-07T06:17:24","modified_gmt":"2025-04-07T06:17:24","slug":"boom-cylinder-for-xcmg-middle-excavator-xe265c","status":"publish","type":"product","link":"https:\/\/www.hydraulic-cylinders.net\/sv\/produkt\/boom-cylinder-for-xcmg-middle-excavator-xe265c\/","title":{"rendered":"Bomcylinder f\u00f6r XCMG mellangr\u00e4vmaskin XE265C"},"content":{"rendered":"<h1>Bomcylinder f\u00f6r XCMG mellangr\u00e4vmaskin XE265C<\/h1>\n<h2>Produkt\u00f6versikt<\/h2>\n<p>Bomcylindern f\u00f6r XCMG:s mellangr\u00e4vmaskin XE265C \u00e4r en viktig komponent som \u00e4r speciellt utformad f\u00f6r tunga maskiner, s\u00e4rskilt gr\u00e4vmaskiner. Denna hydraulcylinder styr bommens r\u00f6relse, vilket g\u00f6r att den kan h\u00f6jas, s\u00e4nkas och lutas, vilket \u00e4r avg\u00f6rande f\u00f6r olika materialhanteringsuppgifter. Designen och funktionaliteten hos denna skopcylinder \u00e4r skr\u00e4ddarsydd f\u00f6r att m\u00f6ta kraven inom bygg, gr\u00e4vning och andra till\u00e4mpningar som kr\u00e4ver exakt kontroll och h\u00e5llbarhet.<\/p>\n<p><img decoding=\"async\" src=\"https:\/\/www.hydraulic-cylinders.net\/wp-content\/uploads\/2025\/04\/songte-company-1.webp\" alt=\"Bomcylinder f\u00f6r gr\u00e4vmaskiner\"><\/p>\n<h3>Definition och funktion<\/h3>\n<p>En skopcylinder \u00e4r en typ av hydraulcylinder som \u00e4r speciellt konstruerad f\u00f6r att hantera skopans r\u00f6relse i tunga maskiner som gr\u00e4vmaskiner, gr\u00e4vlastare och frontlastare. Dess prim\u00e4ra syfte \u00e4r att underl\u00e4tta lyftning, s\u00e4nkning och lutning av skopan, vilket \u00e4r avg\u00f6rande f\u00f6r materiallastning och transportuppgifter. Det hydrauliska systemet arbetar under h\u00f6gt tryck, vilket m\u00f6jligg\u00f6r smidig och effektiv r\u00f6relse, vilket g\u00f6r det oumb\u00e4rligt i olika tunga operationer.<\/p>\n<h2>Funktioner hos bomcylindern<\/h2>\n<ul>\n<li><strong>H\u00f6g styrka och h\u00e5llbarhet:<\/strong> Denna cylinder \u00e4r tillverkad av h\u00f6gh\u00e5llfast st\u00e5l eller aluminium och t\u00e5l h\u00f6ga tryck och tunga belastningar. Konstruktionen har beaktat slitstyrka och korrosionsskydd, vilket f\u00f6rl\u00e4nger dess livsl\u00e4ngd.<\/li>\n<li><strong>Effektiv hydraulisk drift:<\/strong> Cylindern anv\u00e4nder hydrauliskt oljetryck f\u00f6r smidig ut- och indragning, vilket ger snabb respons p\u00e5 kontrollkommandon och en betydande tryck- och dragkraft l\u00e4mplig f\u00f6r tunga och komplexa uppgifter.<\/li>\n<li><strong>Olika typer:<\/strong> Finns i b\u00e5de enkelverkande (hydraulisk i en riktning) och dubbelverkande (hydraulisk i tv\u00e5 riktningar) konfigurationer. Vissa modeller har en teleskopisk design som m\u00f6jligg\u00f6r st\u00f6rre utbyggnad utan att \u00f6ka de yttre m\u00e5tten, perfekt f\u00f6r utrymmesbegr\u00e4nsade till\u00e4mpningar.<\/li>\n<li><strong>Anpassad tillverkning:<\/strong> V\u00e5ra produkter kan perfekt ers\u00e4tta ett brett utbud av hydraulcylindrar, vilket s\u00e4kerst\u00e4ller kompatibilitet med olika gr\u00e4vmaskinsmodeller.<\/li>\n<\/ul>\n<p><img decoding=\"async\" src=\"https:\/\/www.hydraulic-cylinders.net\/wp-content\/uploads\/2025\/04\/songte-cylinder-head-with-all-kinds-excavator-models.webp\" alt=\"Topplock f\u00f6r gr\u00e4vmaskiner\"><\/p>\n<h2>Anv\u00e4ndningsomr\u00e5den f\u00f6r bomcylindern<\/h2>\n<h3>Byggutrustning<\/h3>\n<p>I gr\u00e4vmaskiner \u00e4r bomcylindrar viktiga f\u00f6r att gr\u00e4va, lasta och flytta jord eller skr\u00e4p. Den hydrauliska funktionen g\u00f6r det m\u00f6jligt f\u00f6r f\u00f6raren att utf\u00f6ra uppgifter effektivt, vilket \u00f6kar produktiviteten p\u00e5 byggarbetsplatser.<\/p>\n<h3>Jordbruksmaskiner<\/h3>\n<p>I frontlastare underl\u00e4ttar dessa cylindrar uppsamling, lyftning och transport av jord, h\u00f6 och andra material. Deras tillf\u00f6rlitlighet spelar en viktig roll f\u00f6r att f\u00f6rb\u00e4ttra driftseffektiviteten p\u00e5 jordbruksf\u00e4lt.<\/p>\n<h3>Gr\u00e4vmaskiner<\/h3>\n<p>Med bomcylindern kan gr\u00e4vmaskiner effektivt tr\u00e4nga ner i marken, vilket m\u00f6jligg\u00f6r effektiva gr\u00e4vningsoperationer. Denna funktion \u00e4r avg\u00f6rande f\u00f6r olika projekt, fr\u00e5n grundarbeten till landskapsarkitektur.<\/p>\n<h3>Lastare<\/h3>\n<p>I frontlastare hj\u00e4lper bomcylindrar till att snabbt lyfta och dumpa material. Denna f\u00f6rm\u00e5ga g\u00f6r dem oumb\u00e4rliga f\u00f6r materialhanteringsuppgifter inom bygg och avfallshantering.<\/p>\n<h2>Design\u00f6verv\u00e4ganden och urvalskriterier<\/h2>\n<h3>Lastkapacitet<\/h3>\n<p>Bomcylinderns lastkapacitet \u00e4r av st\u00f6rsta vikt. Den m\u00e5ste vara tillr\u00e4cklig f\u00f6r att hantera vikten av material som lyfts eller flyttas utan att kompromissa med s\u00e4kerhet eller prestanda. Att f\u00f6rst\u00e5 de specifika lastkraven f\u00f6r en applikation s\u00e4kerst\u00e4ller valet av en l\u00e4mplig cylinder.<\/p>\n<h3>T\u00e4tningssystem<\/h3>\n<p>Ett robust t\u00e4tningssystem \u00e4r avg\u00f6rande f\u00f6r att f\u00f6rhindra l\u00e4ckage av hydraulv\u00e4tska och s\u00e4kerst\u00e4lla optimal prestanda. H\u00f6gkvalitativa t\u00e4tningar tillverkade av h\u00e5llbara material m\u00e5ste v\u00e4ljas f\u00f6r att klara driftsmilj\u00f6n och bibeh\u00e5lla effektiviteten.<\/p>\n<h3>Varaktighet<\/h3>\n<p>H\u00e5llbarhet \u00e4r avg\u00f6rande f\u00f6r bomcylindern p\u00e5 grund av de tuffa f\u00f6rh\u00e5llanden den arbetar under. Detta inkluderar exponering f\u00f6r extrema temperaturer, damm och f\u00f6roreningar. Att v\u00e4lja material och konstruktioner som \u00f6kar livsl\u00e4ngden \u00e4r avg\u00f6rande f\u00f6r att minimera stillest\u00e5ndstid och underh\u00e5llskostnader.<\/p>\n<h3>S\u00e4kerhetsfunktioner<\/h3>\n<p>S\u00e4kerhet \u00e4r h\u00f6gsta prioritet vid konstruktion av hydraulcylindrar. Implementering av s\u00e4kerhetsfunktioner som tryckavlastningsventiler hj\u00e4lper till att f\u00f6rhindra katastrofala fel och s\u00e4kerst\u00e4ller s\u00e4ker drift under olika f\u00f6rh\u00e5llanden.<\/p>\n<h3>Underh\u00e5llbarhet<\/h3>\n<p>Att utforma bomcylindrar f\u00f6r enkelt underh\u00e5ll f\u00f6rb\u00e4ttrar deras anv\u00e4ndbarhet. Funktioner som m\u00f6jligg\u00f6r bekv\u00e4m \u00e5tkomst till t\u00e4tningar och komponenter kan avsev\u00e4rt minska underh\u00e5llstiden och \u00f6ka driftseffektiviteten.<\/p>\n<p><img decoding=\"async\" src=\"https:\/\/www.hydraulic-cylinders.net\/wp-content\/uploads\/2025\/04\/songte-oil-pipes-and-spare-parts.webp\" alt=\"Hydrauliska delar\"><\/p>\n<h2>T\u00e4tning och sm\u00f6rjning<\/h2>\n<p>Effektiv t\u00e4tning och sm\u00f6rjning \u00e4r viktiga komponenter f\u00f6r bomcylinderns livsl\u00e4ngd och prestanda. Olika t\u00e4tningar, s\u00e5som kolvt\u00e4tningar och st\u00e5ngt\u00e4tningar, \u00e4r ofta tillverkade av n\u00f6tningsbest\u00e4ndiga material som polyuretan och nitrilgummi. Dessa material v\u00e4ljs ut f\u00f6r sin f\u00f6rm\u00e5ga att motst\u00e5 h\u00f6ga tryck och temperaturer samtidigt som de effektivt f\u00f6rhindrar v\u00e4tskel\u00e4ckage.<\/p>\n<p>Cylinderhuset och de g\u00e4ngade \u00e4ndytorna genomg\u00e5r precisionsbearbetning f\u00f6r att f\u00f6rb\u00e4ttra slitstyrkan, vilket \u00e4r avg\u00f6rande f\u00f6r att bibeh\u00e5lla hydraulsystemets integritet. Regelbunden sm\u00f6rjning med l\u00e4mplig hydraulolja m\u00e5ste utf\u00f6ras f\u00f6r att s\u00e4kerst\u00e4lla att r\u00f6rliga delar fungerar smidigt, vilket minimerar friktion och slitage.<\/p>\n<h2>Regelbunden inspektion och f\u00f6rebyggande underh\u00e5ll<\/h2>\n<ul>\n<li><strong>Rutininspektioner:<\/strong> Utf\u00f6r regelbundna inspektioner f\u00f6r att identifiera tecken p\u00e5 slitage eller skador, s\u00e5som l\u00e4ckor eller ytkorrosion. Tidig uppt\u00e4ckt hj\u00e4lper till att f\u00f6rhindra allvarligare problem.<\/li>\n<li><strong>Sm\u00f6rjning:<\/strong> S\u00e4kerst\u00e4ll att alla r\u00f6rliga delar sm\u00f6rjs i tid f\u00f6r att minska slitage och friktion. Denna underh\u00e5llsuppgift \u00e4r avg\u00f6rande f\u00f6r att f\u00f6rl\u00e4nga hydraulcylinderns livsl\u00e4ngd.<\/li>\n<li><strong>Byte av t\u00e4tning:<\/strong> Kontrollera regelbundet t\u00e4tningarna f\u00f6r tecken p\u00e5 slitage och byt ut dem vid behov. Att underh\u00e5lla fungerande t\u00e4tningar \u00e4r viktigt f\u00f6r att f\u00f6rhindra v\u00e4tskel\u00e4ckage och s\u00e4kerst\u00e4lla optimal prestanda.<\/li>\n<\/ul>\n<h2>Installationsriktlinjer<\/h2>\n<p>Korrekt installation av bomcylindern \u00e4r avg\u00f6rande f\u00f6r optimal prestanda och livsl\u00e4ngd. B\u00f6rja med att se till att alla komponenter \u00e4r rena och fria fr\u00e5n skr\u00e4p f\u00f6re installation. Rikta in cylindern noggrant med monteringsf\u00e4stena och anv\u00e4nd l\u00e4mpliga st\u00f6d f\u00f6r att f\u00e4sta den p\u00e5 plats.<\/p>\n<p>Det \u00e4r viktigt att f\u00f6lja tillverkarens specifikationer f\u00f6r \u00e5tdragningsmoment och monteringsprocedurer f\u00f6r att f\u00f6rhindra feljustering eller on\u00f6dig belastning p\u00e5 cylindern. Efter installationen, utf\u00f6r en noggrann inspektion f\u00f6r att bekr\u00e4fta att alla f\u00e4stelement \u00e4r s\u00e4kra och att det inte finns n\u00e5gra l\u00e4ckor i hydraulsystemet. Korrekt justering och montering \u00e4r avg\u00f6rande f\u00f6r att bomcylindern ska fungera effektivt.<\/p>\n<h2>Underh\u00e5llsuppgifter<\/h2>\n<ul>\n<li><strong>Regelbundna kontroller:<\/strong> Regelbundna inspektioner hj\u00e4lper till att identifiera potentiella problem innan de eskalerar. Leta efter tecken p\u00e5 slitage, l\u00e4ckor och skador under dessa kontroller.<\/li>\n<li><strong>Korrekt sm\u00f6rjning:<\/strong> Sm\u00f6rj regelbundet alla r\u00f6rliga delar med den rekommenderade hydrauloljan f\u00f6r att minska friktion och f\u00f6rl\u00e4nga cylinderns livsl\u00e4ngd. Uppr\u00e4tta ett sm\u00f6rjschema baserat p\u00e5 anv\u00e4ndning.<\/li>\n<li><strong>Byte av t\u00e4tning:<\/strong> Var proaktiv n\u00e4r du byter ut t\u00e4tningar som visar tecken p\u00e5 slitage. Att \u00e5tg\u00e4rda t\u00e4tningsproblem omedelbart f\u00f6rhindrar l\u00e4ckor och bibeh\u00e5ller hydraulisk effektivitet.<\/li>\n<\/ul>\n<h2>S\u00e4kerhetsaspekter och milj\u00f6faktorer<\/h2>\n<p>Vid anv\u00e4ndning av hydraulcylindrar \u00e4r s\u00e4kerhets\u00e5tg\u00e4rder av yttersta vikt. Operat\u00f6rer b\u00f6r utbildas f\u00f6r att f\u00f6rst\u00e5 utrustningens funktioner och begr\u00e4nsningar. Att s\u00e4kerst\u00e4lla att s\u00e4kerhetsfunktioner finns p\u00e5 plats, s\u00e5som tryckavlastningsventiler, kan f\u00f6rhindra olyckor och skador p\u00e5 utrustningen. Dessutom b\u00f6r operat\u00f6rer vara medvetna om sin omgivning och f\u00f6lja s\u00e4kra driftsprocedurer f\u00f6r att minimera riskerna i samband med hydraulisk utrustning.<\/p>\n<h2>Fels\u00f6kning och vanliga problem<\/h2>\n<ul>\n<li><strong>V\u00e4tskel\u00e4ckage:<\/strong> Kontrollera om det finns l\u00e4ckor runt t\u00e4tningar eller kopplingar, eftersom detta kan tyda p\u00e5 slitage eller felaktig installation. Det kan vara n\u00f6dv\u00e4ndigt att dra \u00e5t anslutningar eller byta ut t\u00e4tningar.<\/li>\n<li><strong>Minskad prestanda:<\/strong> Om cylindern inte g\u00e5r att dra ut eller in smidigt, kontrollera hydraulv\u00e4tskeniv\u00e5erna och inspektera om det finns blockeringar i hydraulledningarna.<\/li>\n<li><strong>\u00d6verhettning:<\/strong> Kontinuerlig drift under h\u00f6g belastning kan orsaka \u00f6verhettning. S\u00e4kerst\u00e4ll att kylsystemet fungerar korrekt och att cylindern inte \u00e4r \u00f6verbelastad.<\/li>\n<\/ul>\n<h2>Tips f\u00f6r feldiagnos<\/h2>\n<p>F\u00f6r att effektivt diagnostisera problem, etablera en systematisk metod. B\u00f6rja med att notera eventuella onormala ljud eller driftst\u00f6rningar. Kontrollera v\u00e4tskeniv\u00e5er och kontrollera om det finns l\u00e4ckor som en del av rutinkontrollerna. Implementera f\u00f6rebyggande \u00e5tg\u00e4rder genom att f\u00f6lja underh\u00e5llsscheman och byta ut slitna delar omedelbart f\u00f6r att minimera potentiella problem.<\/p>\n<p><img decoding=\"async\" src=\"https:\/\/www.hydraulic-cylinders.net\/wp-content\/uploads\/2025\/04\/songte-bushings-with-all-kinds-of-excavator-models.webp\" alt=\"Bussningar f\u00f6r gr\u00e4vmaskiner\"><\/p>\n<h2>Om v\u00e5rt f\u00f6retag<\/h2>\n<p>Vi \u00e4r en ledande tillverkare och grossist av hydraulcylindrar, specialiserade p\u00e5 att erbjuda h\u00f6gkvalitativa alternativ f\u00f6r olika till\u00e4mpningar. V\u00e5rt breda produktsortiment har gjort oss till en framst\u00e5ende akt\u00f6r p\u00e5 b\u00e5de inhemska och internationella marknader. Vi f\u00f6ljer principerna om excellens och f\u00f6rlitar oss p\u00e5 f\u00f6rfinade tillverkningsstrategier och avancerad produktionsstyrning.<\/p>\n<p>V\u00e5rt engagemang f\u00f6r kvalitet backas upp av en skicklig arbetsstyrka, toppmodern tillverkningsutrustning och ett omfattande testsystem. Vi f\u00f6rb\u00e4ttrar kontinuerligt v\u00e5r produktionskapacitet f\u00f6r att m\u00f6ta olika kunders behov samtidigt som vi s\u00e4kerst\u00e4ller h\u00f6g effektivitet, precision och kvalitet.<\/p>\n<p><img decoding=\"async\" src=\"https:\/\/www.hydraulic-cylinders.net\/wp-content\/uploads\/2025\/04\/songte-company-4.webp\" alt=\"F\u00f6retags\u00f6versikt\"><br \/>\n<img decoding=\"async\" src=\"https:\/\/www.hydraulic-cylinders.net\/wp-content\/uploads\/2025\/04\/songte-company-3.webp\" alt=\"Tillverkningsanl\u00e4ggning\"><\/p>\n<p>F\u00f6rfattare: lyl<\/p>","protected":false},"excerpt":{"rendered":"<p>Boom Cylinder For XCMG Middle Excavator XE265C Product Overview The Boom Cylinder for XCMG Middle Excavator XE265C is a crucial component designed specifically for heavy machinery, particularly excavators. This hydraulic cylinder controls the movement of the boom, allowing it to raise, lower, and tilt, which is essential for various material handling tasks. The design and [&hellip;]<\/p>","protected":false},"featured_media":17877,"comment_status":"open","ping_status":"closed","template":"","meta":{"_et_pb_use_builder":"","_et_pb_old_content":"","_et_gb_content_width":""},"product_brand":[],"product_cat":[1546],"product_tag":[1547,1496],"class_list":{"0":"post-19191","1":"product","2":"type-product","3":"status-publish","4":"has-post-thumbnail","6":"product_cat-boom-cylinders","7":"product_tag-boom-cylinders","8":"product_tag-hydraulic-cylinders","10":"first","11":"instock","12":"shipping-taxable","13":"product-type-simple"},"amp_enabled":true,"_links":{"self":[{"href":"https:\/\/www.hydraulic-cylinders.net\/sv\/wp-json\/wp\/v2\/product\/19191","targetHints":{"allow":["GET"]}}],"collection":[{"href":"https:\/\/www.hydraulic-cylinders.net\/sv\/wp-json\/wp\/v2\/product"}],"about":[{"href":"https:\/\/www.hydraulic-cylinders.net\/sv\/wp-json\/wp\/v2\/types\/product"}],"replies":[{"embeddable":true,"href":"https:\/\/www.hydraulic-cylinders.net\/sv\/wp-json\/wp\/v2\/comments?post=19191"}],"wp:featuredmedia":[{"embeddable":true,"href":"https:\/\/www.hydraulic-cylinders.net\/sv\/wp-json\/wp\/v2\/media\/17877"}],"wp:attachment":[{"href":"https:\/\/www.hydraulic-cylinders.net\/sv\/wp-json\/wp\/v2\/media?parent=19191"}],"wp:term":[{"taxonomy":"product_brand","embeddable":true,"href":"https:\/\/www.hydraulic-cylinders.net\/sv\/wp-json\/wp\/v2\/product_brand?post=19191"},{"taxonomy":"product_cat","embeddable":true,"href":"https:\/\/www.hydraulic-cylinders.net\/sv\/wp-json\/wp\/v2\/product_cat?post=19191"},{"taxonomy":"product_tag","embeddable":true,"href":"https:\/\/www.hydraulic-cylinders.net\/sv\/wp-json\/wp\/v2\/product_tag?post=19191"}],"curies":[{"name":"wp","href":"https:\/\/api.w.org\/{rel}","templated":true}]}}