{"id":19194,"date":"2025-04-07T06:17:29","date_gmt":"2025-04-07T06:17:29","guid":{"rendered":"https:\/\/www.hydraulic-cylinders.net\/product\/boom-cylinder-for-xcmg-middle-excavator-xe235c\/"},"modified":"2025-04-07T06:17:31","modified_gmt":"2025-04-07T06:17:31","slug":"boom-cylinder-for-xcmg-middle-excavator-xe235c","status":"publish","type":"product","link":"https:\/\/www.hydraulic-cylinders.net\/sv\/produkt\/boom-cylinder-for-xcmg-middle-excavator-xe235c\/","title":{"rendered":"Bomcylinder f\u00f6r XCMG mellangr\u00e4vmaskin XE235C"},"content":{"rendered":"<h1>Bomcylinder f\u00f6r XCMG mellangr\u00e4vmaskin XE235C<\/h1>\n<h2>Introduktion till bomcylinder<\/h2>\n<p>Bomcylindern \u00e4r en viktig hydraulisk komponent som \u00e4r speciellt utformad f\u00f6r att styra skopans r\u00f6relse i tunga maskiner som gr\u00e4vmaskiner, gr\u00e4vskopor och frontlastare. Den g\u00f6r det m\u00f6jligt f\u00f6r skopan att lyfta, s\u00e4nka och luta, vilket underl\u00e4ttar effektiva materialhanteringsuppgifter. I hydrauliska system spelar bomcylindrar en viktig roll genom att omvandla hydraultryck till mekanisk kraft, vilket \u00e4r n\u00f6dv\u00e4ndigt f\u00f6r att utf\u00f6ra olika operationer inom bygg- och industriapplikationer. Dessa cylindrar \u00e4r konstruerade f\u00f6r att motst\u00e5 h\u00f6ga tryck och tunga belastningar, vilket g\u00f6r dem oumb\u00e4rliga i m\u00e5nga maskinapplikationer.<\/p>\n<p><img decoding=\"async\" src=\"https:\/\/www.hydraulic-cylinders.net\/wp-content\/uploads\/2025\/04\/songte-company-1.webp\" alt=\"Bomcylinder\"><\/p>\n<h2>Viktiga funktioner hos bomcylindern<\/h2>\n<ul>\n<li><strong>H\u00f6g styrka och h\u00e5llbarhet:<\/strong> Bomcylindern \u00e4r vanligtvis tillverkad av h\u00f6gh\u00e5llfast st\u00e5l eller aluminium och t\u00e5l h\u00f6gt tryck och tunga belastningar. Dess design tar h\u00e4nsyn till slitstyrka och korrosionsbest\u00e4ndighet, vilket s\u00e4kerst\u00e4ller en l\u00e5ng livsl\u00e4ngd.<\/li>\n<li><strong>Effektiv hydraulisk drift:<\/strong> Cylindern anv\u00e4nder hydrauliskt oljetryck f\u00f6r smidig ut- och indragning, vilket m\u00f6jligg\u00f6r snabba svar p\u00e5 kontrollkommandon samtidigt som den ger kraftfull drag- och tryckkraft, idealisk f\u00f6r tunga och komplexa operationer.<\/li>\n<li><strong>Olika typer:<\/strong> Det finns alternativ f\u00f6r enkelverkande (hydraulisk verkning i en riktning) eller dubbelverkande (hydraulisk verkning i b\u00e5da riktningarna) cylindrar f\u00f6r att m\u00f6ta olika driftsbehov. Vissa modeller \u00e4r teleskopiska, vilket m\u00f6jligg\u00f6r st\u00f6rre utdrag utan att \u00f6ka de yttre m\u00e5tten, l\u00e4mpliga f\u00f6r utrymmesbegr\u00e4nsade till\u00e4mpningar.<\/li>\n<li><strong>Kompatibilitet:<\/strong> V\u00e5ra produkter \u00e4r utformade f\u00f6r att perfekt ers\u00e4tta olika hydraulcylindrar, vilket s\u00e4kerst\u00e4ller s\u00f6ml\u00f6s integration med befintliga maskiner.<\/li>\n<li><strong>Anpassade l\u00f6sningar:<\/strong> Vi erbjuder skr\u00e4ddarsydda l\u00f6sningar baserade p\u00e5 specifika driftskrav och s\u00e4kerst\u00e4ller r\u00e4tt l\u00f6sning f\u00f6r varje applikation.<\/li>\n<\/ul>\n<p><img decoding=\"async\" src=\"https:\/\/www.hydraulic-cylinders.net\/wp-content\/uploads\/2025\/04\/songte-cylinder-head-with-all-kinds-excavator-models.webp\" alt=\"Kompatibilitet med bomcylinder\"><\/p>\n<h2>Applikationsscenarier<\/h2>\n<h3>Byggutrustning<\/h3>\n<p>In excavators, the boom cylinder is crucial for digging, loading, and moving dirt or debris. It provides the necessary force for the bucket to penetrate the ground effectively, making it a vital component for excavation tasks. When used in backhoes, the boom cylinder contributes to both digging and lifting operations, enhancing the machine&#8217;s versatility.<\/p>\n<h3>Jordbruksmaskiner<\/h3>\n<p>I frontlastare anv\u00e4nds bomcylindrar f\u00f6r att skopa, lyfta och transportera jord, h\u00f6 och andra material. Deras f\u00f6rm\u00e5ga att hantera tunga laster och utf\u00f6ra olika man\u00f6vrar g\u00f6r dem ov\u00e4rderliga i jordbruksmilj\u00f6er, d\u00e5 de effektiviserar uppgifter som lastning och lossning av material.<\/p>\n<h3>Gr\u00e4vmaskiner<\/h3>\n<p>Bomcylindern g\u00f6r att skopan kan tr\u00e4nga ner i jorden effektivt, vilket underl\u00e4ttar gr\u00e4vningen som \u00e4r avg\u00f6rande f\u00f6r olika bygg- och landskapsprojekt. Dess effektivitet p\u00e5verkar direkt produktiviteten och den operativa framg\u00e5ngen vid gr\u00e4varbeten.<\/p>\n<h3>Lastare<\/h3>\n<p>P\u00e5 frontlastare hj\u00e4lper bomcylindrar till att lyfta och dumpa material effektivt. De g\u00f6r det m\u00f6jligt f\u00f6r lastaren att hantera tunga laster, vilket g\u00f6r dem viktiga f\u00f6r uppgifter som transport av ballast, jord och andra tunga material.<\/p>\n<h2>Design\u00f6verv\u00e4ganden och urvalsstandarder<\/h2>\n<h3>Lastkapacitet<\/h3>\n<p>Vid konstruktion av en bomcylinder \u00e4r lastkapaciteten av st\u00f6rsta vikt. Den m\u00e5ste kunna hantera den maximala f\u00f6rv\u00e4ntade belastningen under drift utan att fel uppst\u00e5r. Detta inkluderar att beakta faktorer som vikten p\u00e5 det material som hanteras och driftsmilj\u00f6n.<\/p>\n<h3>T\u00e4tning<\/h3>\n<p>Effektiv t\u00e4tning \u00e4r avg\u00f6rande f\u00f6r att f\u00f6rhindra l\u00e4ckage av hydraulv\u00e4tska, vilket kan \u00e4ventyra prestanda och s\u00e4kerhet. T\u00e4tningars integritet, s\u00e5som kolvt\u00e4tningar och kolvst\u00e5ngst\u00e4tningar, s\u00e4kerst\u00e4ller optimal drift och f\u00f6rl\u00e4nger cylinderns livsl\u00e4ngd.<\/p>\n<h3>Varaktighet<\/h3>\n<p>H\u00e5llbarhet \u00e4r avg\u00f6rande f\u00f6r bomcylindrar som anv\u00e4nds i tuffa milj\u00f6er. Material och bel\u00e4ggningar som anv\u00e4nds b\u00f6r motst\u00e5 n\u00f6tning och korrosion f\u00f6r att f\u00f6rl\u00e4nga cylinderns livsl\u00e4ngd, s\u00e4rskilt i utomhusapplikationer som uts\u00e4tts f\u00f6r v\u00e4der och vind.<\/p>\n<h3>S\u00e4kerhet<\/h3>\n<p>S\u00e4kerhet \u00e4r en viktig faktor vid konstruktion av bomcylindrar. L\u00e4mpliga s\u00e4kerhetsfunktioner m\u00e5ste integreras f\u00f6r att skydda b\u00e5de operat\u00f6rer och maskiner. Detta inkluderar tryckavlastningsventiler och n\u00f6dstoppsmekanismer f\u00f6r att f\u00f6rhindra olyckor under drift.<\/p>\n<h3>Underh\u00e5ll<\/h3>\n<p>Att konstruera f\u00f6r enkelt underh\u00e5ll \u00e4r viktigt f\u00f6r att s\u00e4kerst\u00e4lla att cylindrar kan servas utan omfattande driftstopp. Detta inkluderar funktioner som m\u00f6jligg\u00f6r enkel \u00e5tkomst till interna komponenter f\u00f6r reparationer eller utbyten.<\/p>\n<p><img decoding=\"async\" src=\"https:\/\/www.hydraulic-cylinders.net\/wp-content\/uploads\/2025\/04\/songte-oil-pipes-and-spare-parts.webp\" alt=\"Hydrauliska cylinderkomponenter\"><\/p>\n<h2>T\u00e4tning och sm\u00f6rjning av bomcylindrar<\/h2>\n<p>Korrekt t\u00e4tning och sm\u00f6rjning \u00e4r avg\u00f6rande f\u00f6r bomcylindrarnas prestanda och livsl\u00e4ngd. Olika t\u00e4tningar, s\u00e5som kolvt\u00e4tningar och st\u00e5ngt\u00e4tningar, anv\u00e4nds f\u00f6r att f\u00f6rhindra l\u00e4ckage av hydraulv\u00e4tska. T\u00e4tningar tillverkade av slitstarka material som polyuretan och nitrilgummi \u00e4r att f\u00f6redra f\u00f6r sin h\u00e5llbarhet.<\/p>\n<p>Cylinderhuset och de g\u00e4ngade \u00e4ndarna \u00e4r fint bearbetade f\u00f6r att f\u00f6rb\u00e4ttra slitstyrkan, vilket s\u00e4kerst\u00e4ller att de t\u00e5l driftens p\u00e5frestningar. Regelbunden sm\u00f6rjning av hydraulolja \u00e4r n\u00f6dv\u00e4ndig f\u00f6r att bibeh\u00e5lla smidig drift och f\u00f6rhindra f\u00f6r tidigt slitage av interna komponenter.<\/p>\n<h2>F\u00f6rebyggande underh\u00e5lls\u00e5tg\u00e4rder<\/h2>\n<ul>\n<li><strong>Regelbundna inspektioner:<\/strong> Utf\u00f6r regelbundna kontroller f\u00f6r att identifiera tecken p\u00e5 slitage eller skador. Denna proaktiva metod kan bidra till att \u00e5tg\u00e4rda problem innan de leder till st\u00f6rre fel.<\/li>\n<li><strong>Korrekt sm\u00f6rjning:<\/strong> S\u00e4kerst\u00e4ll att hydraulolja tills\u00e4tts regelbundet i cylindern f\u00f6r att bibeh\u00e5lla sm\u00f6rjningen, f\u00f6rhindra slitage och bibeh\u00e5lla effektiviteten.<\/li>\n<li><strong>Byte av t\u00e4tning:<\/strong> Kontrollera och byt regelbundet t\u00e4tningar vid behov f\u00f6r att f\u00f6rhindra l\u00e4ckage och bibeh\u00e5lla hydraultrycket.<\/li>\n<\/ul>\n<h2>Installationsriktlinjer<\/h2>\n<p>Installation av en bomcylinder kr\u00e4ver noggrann uppm\u00e4rksamhet f\u00f6r att s\u00e4kerst\u00e4lla optimal prestanda. H\u00e4r \u00e4r stegen f\u00f6r korrekt installation:<\/p>\n<ol>\n<li><strong>F\u00f6rberedelse:<\/strong> Se till att alla monteringsf\u00e4sten och alla beslag \u00e4r i gott skick f\u00f6re installation.<\/li>\n<li><strong>Inriktning:<\/strong> Rikta in cylindern korrekt i f\u00f6rh\u00e5llande till f\u00e4stpunkterna f\u00f6r att undvika belastning p\u00e5 t\u00e4tningarna och f\u00f6rhindra f\u00f6r tidigt slitage.<\/li>\n<li><strong>S\u00e4ker montering:<\/strong> Anv\u00e4nd l\u00e4mpliga monteringsf\u00e4sten f\u00f6r att ordentligt f\u00e4sta cylindern p\u00e5 plats, vilket s\u00e4kerst\u00e4ller stabilitet under drift.<\/li>\n<li><strong>Hydrauliska anslutningar:<\/strong> Anslut hydraulslangarna till cylindern och se till att alla anslutningar \u00e4r \u00e5tdragna och l\u00e4ckagefria.<\/li>\n<li><strong>Testning:<\/strong> Efter installationen, testa cylindern under normala driftsf\u00f6rh\u00e5llanden f\u00f6r att verifiera prestandan och kontrollera om det finns n\u00e5gra l\u00e4ckor.<\/li>\n<\/ol>\n<h2>Vanliga underh\u00e5llsuppgifter<\/h2>\n<ul>\n<li><strong>Regelbundna inspektioner:<\/strong> Regelbundna kontroller av tecken p\u00e5 slitage eller potentiella problem \u00e4r avg\u00f6rande f\u00f6r att bibeh\u00e5lla cylinderns prestanda.<\/li>\n<li><strong>Korrekt sm\u00f6rjning:<\/strong> Att s\u00e4kerst\u00e4lla tillr\u00e4cklig sm\u00f6rjning \u00e4r avg\u00f6rande f\u00f6r att minimera friktion och slitage p\u00e5 interna komponenter, vilket f\u00f6rl\u00e4nger cylinderns livsl\u00e4ngd.<\/li>\n<li><strong>Byte av t\u00e4tning och kalibreringar:<\/strong> Byt regelbundet t\u00e4tningar vid behov och utf\u00f6r kalibreringskontroller f\u00f6r att s\u00e4kerst\u00e4lla att hydraulsystemet fungerar korrekt.<\/li>\n<\/ul>\n<h2>S\u00e4kerhetsaspekter och milj\u00f6faktorer<\/h2>\n<p>N\u00e4r man arbetar med bomcylindrar \u00e4r det avg\u00f6rande att implementera s\u00e4kerhets\u00e5tg\u00e4rder. Operat\u00f6rer b\u00f6r vara medvetna om de potentiella faror som \u00e4r f\u00f6rknippade med hydraulsystem, s\u00e5som tryckbrott eller v\u00e4tskel\u00e4ckage. Att s\u00e4kerst\u00e4lla korrekt utbildning och efterlevnad av s\u00e4kerhetsprotokoll hj\u00e4lper till att minska riskerna. Dessutom \u00e4r det viktigt att beakta milj\u00f6faktorer under drift, s\u00e5som v\u00e4derf\u00f6rh\u00e5llanden och terr\u00e4ng, f\u00f6r s\u00e4ker hantering och anv\u00e4ndning av maskiner.<\/p>\n<h2>Feldiagnos och vanliga problem<\/h2>\n<ul>\n<li><strong>L\u00e4ckande t\u00e4tningar:<\/strong> Ett vanligt problem \u00e4r l\u00e4ckage av hydraulv\u00e4tska, ofta orsakat av slitna eller skadade t\u00e4tningar. Regelbunden inspektion kan hj\u00e4lpa till att uppt\u00e4cka detta tidigt.<\/li>\n<li><strong>Minskad prestanda:<\/strong> A decrease in the cylinder&#8217;s responsiveness can indicate internal wear or contamination in the hydraulic fluid.<\/li>\n<li><strong>Konstiga ljud:<\/strong> Ovanliga ljud under drift kan tyda p\u00e5 mekaniska problem eller felaktig sm\u00f6rjning.<\/li>\n<\/ul>\n<h2>Fels\u00f6kningstips<\/h2>\n<p>F\u00f6r att effektivt diagnostisera och \u00e5tg\u00e4rda problem med bomcylindern:<\/p>\n<ul>\n<li>Utf\u00f6r regelbundna inspektioner f\u00f6r att uppt\u00e4cka potentiella problem tidigt.<\/li>\n<li>H\u00e5ll ett rent hydraulsystem f\u00f6r att f\u00f6rhindra kontaminering.<\/li>\n<li>Se till att alla anslutningar och kopplingar \u00e4r \u00e5tdragna och s\u00e4kra.<\/li>\n<\/ul>\n<p>Genom att implementera f\u00f6rebyggande \u00e5tg\u00e4rder kan sannolikheten f\u00f6r st\u00f6rre problem avsev\u00e4rt minskas, vilket s\u00e4kerst\u00e4ller problemfri drift och f\u00f6rl\u00e4nger utrustningens livsl\u00e4ngd.<\/p>\n<p><img decoding=\"async\" src=\"https:\/\/www.hydraulic-cylinders.net\/wp-content\/uploads\/2025\/04\/songte-bushings-with-all-kinds-of-excavator-models.webp\" alt=\"Komponenter f\u00f6r bomcylinder\"><\/p>\n<h2>Om v\u00e5rt f\u00f6retag<\/h2>\n<p>Vi \u00e4r en ledande tillverkare och grossist av hydraulcylindrar, specialiserade p\u00e5 ers\u00e4ttningsalternativ. V\u00e5rt omfattande produktsortiment positionerar oss som en av de ledande tillverkarna p\u00e5 b\u00e5de den inhemska och internationella marknaden. Vi str\u00e4var efter h\u00f6gsta kvalitet, med st\u00f6d av en f\u00f6rfinad tillverkningsstrategi som betonar industriell produktionsstyrning.<\/p>\n<p>V\u00e5ra toppmoderna tillverkningsanl\u00e4ggningar anv\u00e4nder skickliga tekniker, avancerad digital utrustning och professionella inspektionssystem f\u00f6r att f\u00f6rb\u00e4ttra v\u00e5r produktionskapacitet. Vi str\u00e4var efter att kontinuerligt f\u00f6rb\u00e4ttra v\u00e5r tillverkningsplattform och f\u00f6rfina produktionsv\u00e4gen f\u00f6r att s\u00e4kerst\u00e4lla h\u00f6gkvalitativa produkter som m\u00f6ter olika kunders behov.<\/p>\n<p>V\u00e5rt fokus p\u00e5 professionalism, internationella certifieringar, anpassningstj\u00e4nster, avancerad produktionsutrustning och exceptionell eftermarknadsservice skiljer oss fr\u00e5n m\u00e4ngden i branschen.<\/p>\n<p><img decoding=\"async\" src=\"https:\/\/www.hydraulic-cylinders.net\/wp-content\/uploads\/2025\/04\/songte-company-4.webp\" alt=\"F\u00f6retags\u00f6versikt\"><br \/>\n<img decoding=\"async\" src=\"https:\/\/www.hydraulic-cylinders.net\/wp-content\/uploads\/2025\/04\/songte-company-3.webp\" alt=\"F\u00f6retagsinfrastruktur\"><\/p>\n<p>F\u00f6rfattare: lyl<\/p>","protected":false},"excerpt":{"rendered":"<p>Boom Cylinder For XCMG Middle Excavator XE235C Introduction to Boom Cylinder The Boom Cylinder is an essential hydraulic component specifically designed for controlling the motion of the bucket in heavy machinery like excavators, backhoes, and front loaders. It enables the bucket to lift, lower, and tilt, facilitating efficient material handling tasks. In hydraulic systems, boom [&hellip;]<\/p>","protected":false},"featured_media":17880,"comment_status":"open","ping_status":"closed","template":"","meta":{"_et_pb_use_builder":"","_et_pb_old_content":"","_et_gb_content_width":""},"product_brand":[],"product_cat":[1546],"product_tag":[1547,1496],"class_list":{"0":"post-19194","1":"product","2":"type-product","3":"status-publish","4":"has-post-thumbnail","6":"product_cat-boom-cylinders","7":"product_tag-boom-cylinders","8":"product_tag-hydraulic-cylinders","10":"first","11":"instock","12":"shipping-taxable","13":"product-type-simple"},"amp_enabled":true,"_links":{"self":[{"href":"https:\/\/www.hydraulic-cylinders.net\/sv\/wp-json\/wp\/v2\/product\/19194","targetHints":{"allow":["GET"]}}],"collection":[{"href":"https:\/\/www.hydraulic-cylinders.net\/sv\/wp-json\/wp\/v2\/product"}],"about":[{"href":"https:\/\/www.hydraulic-cylinders.net\/sv\/wp-json\/wp\/v2\/types\/product"}],"replies":[{"embeddable":true,"href":"https:\/\/www.hydraulic-cylinders.net\/sv\/wp-json\/wp\/v2\/comments?post=19194"}],"wp:featuredmedia":[{"embeddable":true,"href":"https:\/\/www.hydraulic-cylinders.net\/sv\/wp-json\/wp\/v2\/media\/17880"}],"wp:attachment":[{"href":"https:\/\/www.hydraulic-cylinders.net\/sv\/wp-json\/wp\/v2\/media?parent=19194"}],"wp:term":[{"taxonomy":"product_brand","embeddable":true,"href":"https:\/\/www.hydraulic-cylinders.net\/sv\/wp-json\/wp\/v2\/product_brand?post=19194"},{"taxonomy":"product_cat","embeddable":true,"href":"https:\/\/www.hydraulic-cylinders.net\/sv\/wp-json\/wp\/v2\/product_cat?post=19194"},{"taxonomy":"product_tag","embeddable":true,"href":"https:\/\/www.hydraulic-cylinders.net\/sv\/wp-json\/wp\/v2\/product_tag?post=19194"}],"curies":[{"name":"wp","href":"https:\/\/api.w.org\/{rel}","templated":true}]}}