{"id":19195,"date":"2025-04-07T06:17:31","date_gmt":"2025-04-07T06:17:31","guid":{"rendered":"https:\/\/www.hydraulic-cylinders.net\/product\/boom-cylinder-for-xcmg-middle-excavator-xe260cll\/"},"modified":"2025-04-07T06:17:34","modified_gmt":"2025-04-07T06:17:34","slug":"boom-cylinder-for-xcmg-middle-excavator-xe260cll","status":"publish","type":"product","link":"https:\/\/www.hydraulic-cylinders.net\/sv\/produkt\/boom-cylinder-for-xcmg-middle-excavator-xe260cll\/","title":{"rendered":"Bomcylinder f\u00f6r XCMG mellangr\u00e4vmaskin XE260CLL"},"content":{"rendered":"<h1>Bomcylinder f\u00f6r XCMG mellangr\u00e4vmaskin XE260CLL<\/h1>\n<h2>Produkt\u00f6versikt<\/h2>\n<p>Bomcylindern f\u00f6r XCMG mellangr\u00e4vmaskin XE260CLL \u00e4r en avg\u00f6rande komponent i gr\u00e4vmaskinernas hydraulsystem. Denna hydraulcylinder \u00e4r specifikt utformad f\u00f6r att styra bommens r\u00f6relse, vilket g\u00f6r att den kan lyfta, s\u00e4nka och luta med precision. Dessa funktioner \u00e4r viktiga f\u00f6r olika materialhanteringsuppgifter och s\u00e4kerst\u00e4ller effektivitet och \u00e4ndam\u00e5lsenlighet i driften.<\/p>\n<p><img decoding=\"async\" src=\"https:\/\/www.hydraulic-cylinders.net\/wp-content\/uploads\/2025\/04\/songte-company-1.webp\" alt=\"Bomcylinder f\u00f6r gr\u00e4vmaskin\" \/><\/p>\n<h3>Definition och funktion<\/h3>\n<p>Bomcylindrar \u00e4r hydraulcylindrar som spelar en viktig roll i tunga maskiner, s\u00e4rskilt i gr\u00e4vmaskiner, traktorgr\u00e4vare och frontlastare. De underl\u00e4ttar bommens r\u00f6relse, vilket g\u00f6r att f\u00f6rare kan utf\u00f6ra viktiga uppgifter som att gr\u00e4va, lyfta och transportera material. Hydraulsystemets tryck m\u00f6jligg\u00f6r en j\u00e4mn och kontrollerad r\u00f6relse, vilket g\u00f6r dessa cylindrar oumb\u00e4rliga i bygg- och jordbruksutrustning.<\/p>\n<h2>Viktiga funktioner<\/h2>\n<ul>\n<li><strong>H\u00f6g styrka och h\u00e5llbarhet:<\/strong> Dessa cylindrar \u00e4r tillverkade av h\u00f6gh\u00e5llfast st\u00e5l eller aluminium och t\u00e5l h\u00f6gt tryck och tunga belastningar, vilket g\u00f6r dem l\u00e4mpliga f\u00f6r tuffa arbetsmilj\u00f6er.<\/li>\n<li><strong>Effektiv hydraulisk drift:<\/strong> Genom att anv\u00e4nda hydrauloljetrycket m\u00f6jligg\u00f6rs smidiga ut- och indragningsr\u00f6relser, vilket ger de kraftfulla tryck- och dragkrafterna som kr\u00e4vs f\u00f6r tunga lyft och komplexa uppgifter.<\/li>\n<li><strong>Olika typer:<\/strong> Dessa cylindrar finns i enkelverkande eller dubbelverkande konfigurationer och kan anpassas f\u00f6r att m\u00f6ta olika driftsbehov. Vissa modeller \u00e4r teleskopiska, vilket m\u00f6jligg\u00f6r ut\u00f6kad r\u00e4ckvidd utan att \u00f6ka de yttre m\u00e5tten.<\/li>\n<li><strong>Enkel installation:<\/strong> Utformad f\u00f6r kompatibilitet med olika gr\u00e4vmaskinsmodeller, vilket s\u00e4kerst\u00e4ller enkla utbytes- och installationsprocesser.<\/li>\n<li><strong>Underh\u00e5llsv\u00e4nlig design:<\/strong> Inneh\u00e5ller funktioner som f\u00f6renklar inspektion och underh\u00e5ll, vilket f\u00f6rl\u00e4nger cylinderns livsl\u00e4ngd.<\/li>\n<\/ul>\n<p>V\u00e5ra produkter kan perfekt ers\u00e4tta befintliga hydraulcylindrar, vilket s\u00e4kerst\u00e4ller optimal prestanda och tillf\u00f6rlitlighet.<\/p>\n<p><img decoding=\"async\" src=\"https:\/\/www.hydraulic-cylinders.net\/wp-content\/uploads\/2025\/04\/songte-cylinder-head-with-all-kinds-excavator-models.webp\" alt=\"Gr\u00e4vmaskinens cylinderhuvud\" \/><\/p>\n<h2>Applikationsscenarier<\/h2>\n<h3>Byggutrustning<\/h3>\n<p>I gr\u00e4vmaskiner \u00e4r bomcylindrar viktiga f\u00f6r gr\u00e4vning, lastning och f\u00f6rflyttning av jord eller skr\u00e4p. Deras f\u00f6rm\u00e5ga att exakt kontrollera bommens position m\u00f6jligg\u00f6r effektiv gr\u00e4vning och materialhantering, vilket g\u00f6r dem oumb\u00e4rliga f\u00f6r byggprojekt.<\/p>\n<h3>Jordbruksmaskiner<\/h3>\n<p>I frontlastare underl\u00e4ttar bomcylindrar uppsamling, lyftning och transport av jord, h\u00f6 och andra material. Deras robusta design s\u00e4kerst\u00e4ller att de kan hantera kraven fr\u00e5n jordbruksuppgifter, vilket f\u00f6rb\u00e4ttrar effektiviteten och produktiviteten p\u00e5 g\u00e5rdar.<\/p>\n<h3>Gr\u00e4vmaskiner<\/h3>\n<p>Bomcylindrar \u00e4r avg\u00f6rande f\u00f6r att gr\u00e4va effektivt i gr\u00e4vmaskiner, vilket g\u00f6r att skopan kan tr\u00e4nga ner i jorden. Denna funktion \u00e4r avg\u00f6rande f\u00f6r olika gr\u00e4vprojekt, oavsett om det g\u00e4ller landskapsarkitektur, byggnation eller rivning.<\/p>\n<h3>Lastare<\/h3>\n<p>Hos frontlastare hj\u00e4lper bomcylindrar till att lyfta och dumpa laster effektivt. Deras kraftfulla funktion \u00e4r avg\u00f6rande f\u00f6r att hantera tunga material och s\u00e4kerst\u00e4lla att uppgifter utf\u00f6rs snabbt och effektivt.<\/p>\n<h2>Design\u00f6verv\u00e4ganden och urvalskriterier<\/h2>\n<h3>Lastkapacitet<\/h3>\n<p>N\u00e4r man v\u00e4ljer en bomcylinder \u00e4r det avg\u00f6rande att f\u00f6rst\u00e5 dess lastkapacitet. Denna specifikation avg\u00f6r hur mycket vikt cylindern s\u00e4kert kan lyfta och hantera. Det \u00e4r viktigt att v\u00e4lja en cylinder som uppfyller eller \u00f6vertr\u00e4ffar kraven f\u00f6r den specifika applikationen f\u00f6r att f\u00f6rhindra fel och garantera s\u00e4kerheten. \u00d6verbelastning av en cylinder kan leda till katastrofala fel, vilket g\u00f6r det viktigt att regelbundet bed\u00f6ma materialvikten.<\/p>\n<h3>T\u00e4tningsprestanda<\/h3>\n<p>T\u00e4tning \u00e4r en annan viktig aspekt av hydraulcylindrar. Korrekta t\u00e4tningar f\u00f6rhindrar l\u00e4ckage och uppr\u00e4tth\u00e5ller trycket i systemet. H\u00f6gkvalitativa t\u00e4tningar tillverkade av h\u00e5llbara material \u00e4r avg\u00f6rande f\u00f6r att s\u00e4kerst\u00e4lla tillf\u00f6rlitlig drift. D\u00e5lig t\u00e4tning kan leda till f\u00f6rlust av hydraulv\u00e4tska, minskad effektivitet och milj\u00f6risker, vilket betonar vikten av att anv\u00e4nda t\u00e4tningskomponenter av h\u00f6gsta kvalitet.<\/p>\n<h3>Varaktighet<\/h3>\n<p>H\u00e5llbarhet \u00e4r en viktig faktor vid konstruktionen av hydraulcylindrar. Dessa komponenter uts\u00e4tts f\u00f6r tuffa driftsf\u00f6rh\u00e5llanden, inklusive extrema temperaturer, damm och fukt. Att v\u00e4lja material och konstruktioner som f\u00f6rb\u00e4ttrar h\u00e5llbarheten \u00e4r avg\u00f6rande f\u00f6r l\u00e5ngvarig prestanda. Regelbundna inspektioner och underh\u00e5ll kan ytterligare \u00f6ka cylinderns livsl\u00e4ngd och s\u00e4kerst\u00e4lla att den fungerar optimalt \u00f6ver tid.<\/p>\n<h3>S\u00e4kerhetsfunktioner<\/h3>\n<p>S\u00e4kerhet \u00e4r av st\u00f6rsta vikt n\u00e4r det g\u00e4ller hydraulsystem. Bomcylindrar b\u00f6r ha s\u00e4kerhetsfunktioner som \u00f6vertrycksventiler f\u00f6r att f\u00f6rhindra \u00f6vertryck. Dessutom kan korrekt installation och regelbundna underh\u00e5llskontroller bidra till att minska riskerna i samband med hydrauliska fel. Operat\u00f6rer b\u00f6r utbildas f\u00f6r att k\u00e4nna igen tecken p\u00e5 slitage eller funktionsfel f\u00f6r att fr\u00e4mja en s\u00e4ker arbetsmilj\u00f6.<\/p>\n<h3>Anv\u00e4ndbarhet<\/h3>\n<p>Att konstruera hydraulcylindrar f\u00f6r enkelt underh\u00e5ll f\u00f6rb\u00e4ttrar deras servicev\u00e4nlighet, vilket minskar stillest\u00e5ndstid och reparationskostnader. Funktioner som tillg\u00e4ngliga t\u00e4tningar och komponenter underl\u00e4ttar snabba reparationer eller utbyten. Regelbundna underh\u00e5llsscheman b\u00f6r uppr\u00e4ttas f\u00f6r att s\u00e4kerst\u00e4lla att eventuellt slitage \u00e5tg\u00e4rdas snabbt, vilket f\u00f6rl\u00e4nger utrustningens livsl\u00e4ngd.<\/p>\n<p><img decoding=\"async\" src=\"https:\/\/www.hydraulic-cylinders.net\/wp-content\/uploads\/2025\/04\/songte-oil-pipes-and-spare-parts.webp\" alt=\"Hydrauliska reservdelar\" \/><\/p>\n<h2>T\u00e4tning och sm\u00f6rjning<\/h2>\n<p>Effektiv t\u00e4tning och sm\u00f6rjning \u00e4r avg\u00f6rande f\u00f6r optimal prestanda hos bomcylindrar. Olika t\u00e4tningskomponenter, s\u00e5som kolvt\u00e4tningar och st\u00e5ngt\u00e4tningar, anv\u00e4nds f\u00f6r att bibeh\u00e5lla hydraulsystemets integritet. Att v\u00e4lja t\u00e4tningar tillverkade av slitstarka material som polyuretan eller nitrilgummi f\u00f6rb\u00e4ttrar h\u00e5llbarhet och prestanda. Cylinderhuset och de g\u00e4ngade \u00e4ndytorna b\u00f6r finbearbetas f\u00f6r att f\u00f6rb\u00e4ttra slitstyrkan.<\/p>\n<p>Regelbunden sm\u00f6rjning \u00e4r ocks\u00e5 avg\u00f6rande. Tillr\u00e4cklig m\u00e4ngd hydraulolja m\u00e5ste fyllas p\u00e5 regelbundet f\u00f6r att s\u00e4kerst\u00e4lla smidig drift och f\u00f6rhindra \u00f6verdrivet slitage. Att uppr\u00e4tth\u00e5lla r\u00e4tt oljeniv\u00e5 och kvalitet \u00e4r avg\u00f6rande f\u00f6r hydraulkomponenternas livsl\u00e4ngd.<\/p>\n<h2>Regelbundna inspektioner och f\u00f6rebyggande underh\u00e5lls\u00e5tg\u00e4rder<\/h2>\n<ul>\n<li><strong>Regelbundna inspektioner:<\/strong> Det \u00e4r viktigt att inspektera hydraulcylindrar f\u00f6r l\u00e4ckor, slitage och skador. Operat\u00f6rer b\u00f6r regelbundet utf\u00f6ra visuella inspektioner f\u00f6r att identifiera potentiella problem innan de eskalerar.<\/li>\n<li><strong>L\u00e4mplig sm\u00f6rjning:<\/strong> Att s\u00e4kerst\u00e4lla att hydraulcylindrarna \u00e4r tillr\u00e4ckligt smorda \u00e4r avg\u00f6rande f\u00f6r smidig drift och f\u00f6r att f\u00f6rhindra slitage. Detta inkluderar att kontrollera oljeniv\u00e5erna och byta olja vid behov.<\/li>\n<li><strong>Byte av t\u00e4tning:<\/strong> Regelbundet byte av t\u00e4tningar kan f\u00f6rhindra l\u00e4ckage av hydraulv\u00e4tska och bibeh\u00e5lla systemets effektivitet. Operat\u00f6rer b\u00f6r utbildas f\u00f6r att k\u00e4nna igen n\u00e4r t\u00e4tningar beh\u00f6ver bytas ut f\u00f6r att undvika systemfel.<\/li>\n<\/ul>\n<h2>Installationsriktlinjer<\/h2>\n<p>Korrekt installation av bomcylindrar \u00e4r avg\u00f6rande f\u00f6r att s\u00e4kerst\u00e4lla optimal prestanda. Vid installation \u00e4r det viktigt att rikta in cylindern korrekt i f\u00f6rh\u00e5llande till f\u00e4stpunkterna. Feljustering kan orsaka f\u00f6r tidigt slitage eller fel p\u00e5 cylindern. Anv\u00e4nd l\u00e4mpliga installationsf\u00e4sten f\u00f6r att s\u00e4kra cylindern p\u00e5 plats under installationen.<\/p>\n<p>Se alltid tillverkarens riktlinjer f\u00f6r specifika installationsanvisningar och \u00e5tdragningsmomentspecifikationer. Kontrollera efter installationen att det inte finns l\u00e4ckor och att hydraulsystemet fungerar korrekt. \u00d6vervaka regelbundet cylinderns prestanda f\u00f6r att uppt\u00e4cka eventuella problem tidigt.<\/p>\n<h2>Underh\u00e5llsuppgifter<\/h2>\n<ul>\n<li><strong>Regelbundna kontroller:<\/strong> Genomf\u00f6r regelbundna inspektioner f\u00f6r att identifiera eventuella onormala tecken, s\u00e5som l\u00e4ckor eller ovanliga ljud. Detta hj\u00e4lper till att \u00e5tg\u00e4rda potentiella problem i tid.<\/li>\n<li><strong>Korrekt sm\u00f6rjning:<\/strong> Se till att hydrauloljan har r\u00e4tt niv\u00e5 och att oljan \u00e4r ren. Anv\u00e4nd tillverkarens rekommenderade olja f\u00f6r att bibeh\u00e5lla prestandan.<\/li>\n<li><strong>Byte och kalibrering av t\u00e4tning:<\/strong> Kontrollera regelbundet t\u00e4tningarna f\u00f6r slitage och byt ut dem vid behov. Kalibreringskontroller s\u00e4kerst\u00e4ller att systemet fungerar inom angivna parametrar, vilket f\u00f6rb\u00e4ttrar s\u00e4kerhet och prestanda.<\/li>\n<\/ul>\n<p>Korrekt installation, sm\u00f6rjning och justeringar \u00e4r avg\u00f6rande f\u00f6r hydraulcylindrarnas livsl\u00e4ngd. S\u00e4kerst\u00e4ll korrekt uppriktning under installationen och anv\u00e4nd r\u00e4tt monteringsf\u00e4sten f\u00f6r att s\u00e4kra cylindern. F\u00f6lj rekommenderade inspektions-, reparations- och utbytesprocedurer och \u00f6verv\u00e4g v\u00e5ra renoveringstj\u00e4nster f\u00f6r att f\u00f6rl\u00e4nga livsl\u00e4ngden p\u00e5 dina hydrauliska komponenter.<\/p>\n<p><img decoding=\"async\" src=\"https:\/\/www.hydraulic-cylinders.net\/wp-content\/uploads\/2025\/04\/songte-chushion-collar.webp\" alt=\"Kuddekrage\" \/><\/p>\n<h2>S\u00e4kerhetsaspekter och milj\u00f6faktorer<\/h2>\n<p>Att prioritera s\u00e4kerhet vid arbete med hydrauliska system \u00e4r avg\u00f6rande. Operat\u00f6rer b\u00f6r alltid b\u00e4ra l\u00e4mplig personlig skyddsutrustning och vara utbildade i n\u00f6d\u00e5tg\u00e4rder. Dessutom \u00e4r det viktigt att implementera s\u00e4kerhets\u00e5tg\u00e4rder, s\u00e5som regelbunden kontroll av l\u00e4ckor och underh\u00e5ll av utrustning, f\u00f6r att minska riskerna i samband med hydrauliska fel.<\/p>\n<h2>Fels\u00f6kning och vanliga problem<\/h2>\n<ul>\n<li><strong>L\u00e4ckage:<\/strong> Ett av de vanligaste problemen med hydraulcylindrar. Kontrollera t\u00e4tningar och kopplingar f\u00f6r slitage eller skador och byt ut dem vid behov.<\/li>\n<li><strong>Otillr\u00e4cklig str\u00f6m:<\/strong> Om cylindern inte lyfter eller r\u00f6r sig som f\u00f6rv\u00e4ntat, kontrollera hydraulv\u00e4tskeniv\u00e5erna och leta efter blockeringar i ledningarna.<\/li>\n<li><strong>Ovanliga ljud:<\/strong> Gnisslande eller v\u00e4sande ljud kan tyda p\u00e5 luft i systemet eller l\u00e5ga v\u00e4tskeniv\u00e5er. Unders\u00f6k och \u00e5tg\u00e4rda dessa problem omedelbart.<\/li>\n<\/ul>\n<h3>Fels\u00f6kningstips<\/h3>\n<p>Om du upplever problem med din bomcylinder, b\u00f6rja med att kontrollera om det finns l\u00e4ckor eller sprickor i t\u00e4tningarna. Se till att hydraulv\u00e4tskan \u00e4r p\u00e5 r\u00e4tt niv\u00e5 och fri fr\u00e5n f\u00f6roreningar. Regelbundet underh\u00e5ll kan mildra m\u00e5nga vanliga problem, s\u00e5 uppr\u00e4tta ett rutinm\u00e4ssigt inspektionsschema f\u00f6r att identifiera potentiella problem tidigt.<\/p>\n<p><img decoding=\"async\" src=\"https:\/\/www.hydraulic-cylinders.net\/wp-content\/uploads\/2025\/04\/songte-bushings-with-all-kinds-of-excavator-models.webp\" alt=\"Gr\u00e4vmaskinsbussningar\" \/><\/p>\n<h2>Om oss<\/h2>\n<p>Vi \u00e4r en ledande tillverkare av hydraulcylindrar f\u00f6r reservdelar och erbjuder ett omfattande produktsortiment p\u00e5 den inhemska och internationella marknaden. V\u00e5rt engagemang f\u00f6r excellens backas upp av en f\u00f6rfinad tillverkningsstrategi som utnyttjar skicklig personal, avancerad digital tillverkningsutrustning och professionella testsystem. Vi f\u00f6rb\u00e4ttrar kontinuerligt v\u00e5ra tillverkningsm\u00f6jligheter f\u00f6r att effektivt och exakt m\u00f6ta olika kunders behov.<\/p>\n<p>V\u00e5rt fokus p\u00e5 kvalitet s\u00e4kerst\u00e4ller att vi f\u00f6ljer internationella standarder, och v\u00e5ra kundanpassade tj\u00e4nster g\u00f6r det m\u00f6jligt f\u00f6r oss att tillgodose specifika krav. V\u00e5r toppmoderna produktionsutrustning och robusta eftermarknadssupport ger v\u00e5ra kunder trygghet i sina investeringar.<\/p>\n<p><img decoding=\"async\" src=\"https:\/\/www.hydraulic-cylinders.net\/wp-content\/uploads\/2025\/04\/songte-company-4.webp\" alt=\"F\u00f6retagsbild 1\" \/><br \/>\n<img decoding=\"async\" src=\"https:\/\/www.hydraulic-cylinders.net\/wp-content\/uploads\/2025\/04\/songte-company-3.webp\" alt=\"F\u00f6retagsbild 2\" \/><\/p>\n<p>F\u00f6rfattare: lyl<\/p>","protected":false},"excerpt":{"rendered":"<p>Boom Cylinder For XCMG Middle Excavator XE260CLL Product Overview The Boom Cylinder for XCMG Middle Excavator XE260CLL is a crucial component in the hydraulic systems of excavators. This hydraulic cylinder is specifically designed to control the movement of the boom, enabling it to lift, lower, and tilt with precision. These functions are essential for various [&hellip;]<\/p>","protected":false},"featured_media":17881,"comment_status":"open","ping_status":"closed","template":"","meta":{"_et_pb_use_builder":"","_et_pb_old_content":"","_et_gb_content_width":""},"product_brand":[],"product_cat":[1546],"product_tag":[1547,1496],"class_list":{"0":"post-19195","1":"product","2":"type-product","3":"status-publish","4":"has-post-thumbnail","6":"product_cat-boom-cylinders","7":"product_tag-boom-cylinders","8":"product_tag-hydraulic-cylinders","10":"first","11":"instock","12":"shipping-taxable","13":"product-type-simple"},"amp_enabled":true,"_links":{"self":[{"href":"https:\/\/www.hydraulic-cylinders.net\/sv\/wp-json\/wp\/v2\/product\/19195","targetHints":{"allow":["GET"]}}],"collection":[{"href":"https:\/\/www.hydraulic-cylinders.net\/sv\/wp-json\/wp\/v2\/product"}],"about":[{"href":"https:\/\/www.hydraulic-cylinders.net\/sv\/wp-json\/wp\/v2\/types\/product"}],"replies":[{"embeddable":true,"href":"https:\/\/www.hydraulic-cylinders.net\/sv\/wp-json\/wp\/v2\/comments?post=19195"}],"wp:featuredmedia":[{"embeddable":true,"href":"https:\/\/www.hydraulic-cylinders.net\/sv\/wp-json\/wp\/v2\/media\/17881"}],"wp:attachment":[{"href":"https:\/\/www.hydraulic-cylinders.net\/sv\/wp-json\/wp\/v2\/media?parent=19195"}],"wp:term":[{"taxonomy":"product_brand","embeddable":true,"href":"https:\/\/www.hydraulic-cylinders.net\/sv\/wp-json\/wp\/v2\/product_brand?post=19195"},{"taxonomy":"product_cat","embeddable":true,"href":"https:\/\/www.hydraulic-cylinders.net\/sv\/wp-json\/wp\/v2\/product_cat?post=19195"},{"taxonomy":"product_tag","embeddable":true,"href":"https:\/\/www.hydraulic-cylinders.net\/sv\/wp-json\/wp\/v2\/product_tag?post=19195"}],"curies":[{"name":"wp","href":"https:\/\/api.w.org\/{rel}","templated":true}]}}