{"id":1920,"date":"2023-10-20T02:38:46","date_gmt":"2023-10-20T02:38:46","guid":{"rendered":"https:\/\/hydraulic-cylinders.net\/?post_type=product&#038;p=1920"},"modified":"2023-10-20T06:00:33","modified_gmt":"2023-10-20T06:00:33","slug":"hp3v-series-axial-piston-variable-displacement-hydraulic-pump","status":"publish","type":"product","link":"https:\/\/www.hydraulic-cylinders.net\/sv\/produkt\/hp3v-series-axial-piston-variable-displacement-hydraulic-pump\/","title":{"rendered":"HP3V-serien axialkolvs hydraulpump med variabel deplacement"},"content":{"rendered":"<h1 style=\"text-align: center;\"><strong>HP3V-serien axialkolvs hydraulpump med variabel deplacement<\/strong><\/h1>\n<p><img loading=\"lazy\" decoding=\"async\" class=\"aligncenter wp-image-1931\" src=\"https:\/\/hydraulic-cylinders.net\/wp-content\/uploads\/2023\/10\/hp3v-series-axial-piston-variable-displacement-hydraulic-pump-1-300x300.webp\" alt=\"\" width=\"400\" height=\"400\" \/><\/p>\n<p>HP3V-seriens hydraulpump med variabelt deplacement och axialkolv \u00e4r banbrytande inom hydraulsystem. Pumpen \u00e4r konstruerad med precisionsteknik och banbrytande teknik och levererar \u00f6verl\u00e4gsen effektivitet och prestanda, vilket g\u00f6r den till en oumb\u00e4rlig komponent f\u00f6r olika industriella till\u00e4mpningar. Denna omfattande artikel kommer att utforska de viktigaste egenskaperna, anv\u00e4ndningsmetoderna och underh\u00e5llsriktlinjerna f\u00f6r HP3V-hydraulpumpen med variabelt deplacement och axialkolv.<\/p>\n<p>HP3V-seriens hydraulpump med variabelt deplacement och axialkolv \u00e4r ett kraftpaket som levererar o\u00f6vertr\u00e4ffad effektivitet och prestanda i hydrauliska system. Med sin variabla deplacementteknik, kompakta design och tysta drift \u00e4r denna pump en p\u00e5litlig och exakt l\u00f6sning f\u00f6r olika industriella till\u00e4mpningar. Genom att f\u00f6lja de rekommenderade anv\u00e4ndningsmetoderna och regelbundna underh\u00e5llspraxis kommer HP3V-seriens pump att forts\u00e4tta att ge exceptionell prestanda, vilket bidrar till framg\u00e5ngen f\u00f6r olika hydrauliska system. Omfamna kraften i effektivitet och prestanda med HP3V-seriens hydraulpump med variabelt deplacement och frig\u00f6r den fulla potentialen i ditt hydrauliska system.<\/p>\n<p>HP3V-serien axialkolvshydraulpump med variabelt slagvolym, viktiga egenskaper:<\/p>\n<ul>\n<li>Teknik f\u00f6r variabel deplacement: HP3V-seriens pump har avancerad teknik f\u00f6r variabel deplacement, vilket g\u00f6r att den kan justera utmatningsvolymen baserat p\u00e5 systemkrav. Denna funktion maximerar energieffektiviteten, minskar v\u00e4rmegenereringen och optimerar systemets totala prestanda.<\/li>\n<li>O\u00f6vertr\u00e4ffad effektivitet: HP3V-seriens pump uppn\u00e5r exceptionell effektivitet med sin innovativa axialkolvsdesign. Den ger exakt hydraulisk kraft, vilket s\u00e4kerst\u00e4ller smidig drift och m\u00f6jligg\u00f6r enkel hantering av h\u00f6gtrycksapplikationer.<\/li>\n<li>Kompakt design: Pumpens kompakta design optimerar utrymmesutnyttjandet i hydrauliska system. Dess lilla storlek m\u00f6jligg\u00f6r enkel integration, \u00e4ven i tr\u00e5nga utrymmen, utan att kompromissa med prestanda eller funktionalitet.<\/li>\n<li>Tyst drift: Ljudreduceringsfunktioner som \u00e4r inbyggda i HP3V-seriens pumpar s\u00e4kerst\u00e4ller tyst drift i olika industriella milj\u00f6er. Denna egenskap \u00e4r v\u00e4rdefull i till\u00e4mpningar som kr\u00e4ver l\u00e5ga ljudniv\u00e5er, vilket fr\u00e4mjar en bekv\u00e4m och produktiv arbetsmilj\u00f6.<\/li>\n<\/ul>\n<h2><strong>HP3V-serien Axialkolv variabel deplacement hydraulpump Parameter:<\/strong><\/h2>\n<table class=\"table table-bordered table-hover table-colored\" data-sort=\"sortDisabled\">\n<tbody>\n<tr class=\"firstRow\">\n<td colspan=\"1\" rowspan=\"2\" align=\"center\" valign=\"middle\">Storlek<\/td>\n<td rowspan=\"2\" align=\"center\" valign=\"middle\">Slagvolym cc\/varv<\/td>\n<td colspan=\"2\" rowspan=\"1\" align=\"center\" valign=\"middle\">Tryckst\u00e5ng<\/td>\n<td colspan=\"2\" rowspan=\"1\" align=\"center\" valign=\"middle\">Rotationshastighet r\/min<\/td>\n<\/tr>\n<tr>\n<td align=\"center\" valign=\"middle\">Betygsatt<\/td>\n<td align=\"center\" valign=\"middle\">Topp<\/td>\n<td align=\"center\" valign=\"middle\">Max f\u00f6r sj\u00e4lvsugande<sup>*1<\/sup><\/td>\n<td align=\"center\" valign=\"middle\">Max<sup>*2<\/sup><\/td>\n<\/tr>\n<tr>\n<td align=\"center\" valign=\"middle\">HP3V80<\/td>\n<td align=\"center\" valign=\"middle\">80<\/td>\n<td align=\"center\" valign=\"middle\">320<\/td>\n<td align=\"center\" valign=\"middle\">350<\/td>\n<td align=\"center\" valign=\"middle\">2400<\/td>\n<td align=\"center\" valign=\"middle\">3000<\/td>\n<\/tr>\n<tr>\n<td align=\"center\" valign=\"middle\">HP3V140<\/td>\n<td align=\"center\" valign=\"middle\">140<\/td>\n<td align=\"center\" valign=\"middle\">350<\/td>\n<td align=\"center\" valign=\"middle\">400<\/td>\n<td align=\"center\" valign=\"middle\">2150<\/td>\n<td align=\"center\" valign=\"middle\">2500<\/td>\n<\/tr>\n<\/tbody>\n<\/table>\n<h2><strong>F\u00f6rdelar med axialkolvshydraulpump med variabel slagvolym i HP3V-serien:<\/strong><\/h2>\n<p>\u2022 Anv\u00e4nds i \u00f6ppen krets i medium- och h\u00f6gtrycksapplikationer<br \/>\n\u2022 H\u00f6gt kontinuerligt tryck<br \/>\n\u2022 Goda sj\u00e4lvgrundande egenskaper<br \/>\n\u2022 H\u00f6g tillf\u00f6rlitlighet<br \/>\n\u2022 H\u00f6gt effekt-viktf\u00f6rh\u00e5llande<br \/>\n\u2022 Flera kontrollmetoder<br \/>\n\u2022 Snabb respons<br \/>\n\u2022 L\u00e5gtryckspuls<\/p>\n<h2><strong>HP3V-serien axialkolvs hydraulpump med variabel deplacement <\/strong><strong>Ans\u00f6kan:<\/strong><\/h2>\n<p><img loading=\"lazy\" decoding=\"async\" class=\"alignnone wp-image-1934 size-full\" src=\"https:\/\/hydraulic-cylinders.net\/wp-content\/uploads\/2023\/10\/hp3v-series-axial-piston-variable-displacement-hydraulic-pump-2.webp\" alt=\"\" width=\"1156\" height=\"405\" srcset=\"https:\/\/hydraulic-cylinders.net\/wp-content\/uploads\/2023\/10\/hp3v-series-axial-piston-variable-displacement-hydraulic-pump-2.webp 1156w, https:\/\/hydraulic-cylinders.net\/wp-content\/uploads\/2023\/10\/hp3v-series-axial-piston-variable-displacement-hydraulic-pump-2-980x343.webp 980w, https:\/\/hydraulic-cylinders.net\/wp-content\/uploads\/2023\/10\/hp3v-series-axial-piston-variable-displacement-hydraulic-pump-2-480x168.webp 480w\" sizes=\"(min-width: 0px) and (max-width: 480px) 480px, (min-width: 481px) and (max-width: 980px) 980px, (min-width: 981px) 1156px, 100vw\" \/><\/p>\n<h2><strong>Anv\u00e4ndningsmetod f\u00f6r HP3V-serien axialkolvs hydraulpump med variabel f\u00f6rskjutning<\/strong><strong>:<\/strong><\/h2>\n<ul>\n<li><strong>Pumpinstallation:<\/strong> Installera HP3V-seriens axialkolvs-hydraulpump med variabelt deplacement p\u00e5 den angivna platsen i hydraulsystemet. Se tillverkarens riktlinjer och specifikationer f\u00f6r korrekt uppriktning och s\u00e4ker fasts\u00e4ttning i systemets struktur med l\u00e4mpliga monteringsf\u00e4sten eller tillbeh\u00f6r.<\/li>\n<li><strong>Integration av hydraulsystem:<\/strong> Anslut pumpen till hydraulsystemet med kompatibla slangar, kopplingar och ventiler. Se till att alla anslutningar \u00e4r s\u00e4kra, l\u00e4ckagefria och korrekt \u00e5tdragna f\u00f6r att garantera optimal hydraulisk prestanda.<\/li>\n<li><strong>V\u00e4tskekompatibilitet:<\/strong> Kontrollera att hydraulv\u00e4tskan som anv\u00e4nds i systemet \u00e4r kompatibel med HP3V-seriens pump. Se tillverkarens rekommendationer f\u00f6r l\u00e4mplig v\u00e4tsketyp, viskositet och temperaturomr\u00e5de. \u00d6vervaka och underh\u00e5ll hydraulv\u00e4tskan regelbundet f\u00f6r att s\u00e4kerst\u00e4lla korrekt pumpdrift och livsl\u00e4ngd.<\/li>\n<li><strong>Driftsparametrar:<\/strong> Bekanta dig med pumpens styralternativ och justera driftsparametrarna enligt hydraulsystemets specifika krav. \u00d6vervaka och \u00e4ndra pumpens deplacementinst\u00e4llningar f\u00f6r att optimera prestanda och energieffektivitet.<\/li>\n<\/ul>\n<h2><strong>Hur tar man bort \u00e4ndk\u00e5pan p\u00e5 en hydraulcylinder?<\/strong><\/h2>\n<p>F\u00f6r att ta bort \u00e4ndk\u00e5pan p\u00e5 en hydraulcylinder, f\u00f6lj dessa steg:<\/p>\n<ol>\n<li><strong>F\u00f6rbered dig f\u00f6r uppgiften:<\/strong>\n<ul>\n<li>Se till att hydraulsystemet \u00e4r tryckl\u00f6st och fr\u00e5nkopplat.<\/li>\n<li>Reng\u00f6r cylinderns utsida f\u00f6r att f\u00f6rhindra att skr\u00e4p tr\u00e4nger in under processen.<\/li>\n<li>Placera cylindern p\u00e5 en stabil arbetsyta och s\u00e4kra den med hj\u00e4lp av kl\u00e4mmor eller ett skruvst\u00e4d.<\/li>\n<\/ul>\n<\/li>\n<li><strong>Identifiera kvarh\u00e5llningsmekanismer:<\/strong>\n<ul>\n<li>Inspektera cylindern f\u00f6r att fastst\u00e4lla vilken fasth\u00e5llningsmekanism som anv\u00e4nds p\u00e5 \u00e4ndk\u00e5pan. Det kan vara bultar, g\u00e4ngade anslutningar, sn\u00e4ppringar eller l\u00e5sringar.<\/li>\n<\/ul>\n<\/li>\n<li><strong>Ta bort bultar eller f\u00e4stelement:<\/strong>\n<ul>\n<li>Om \u00e4ndk\u00e5pan \u00e4r f\u00e4st med bultar, anv\u00e4nd en l\u00e4mplig skiftnyckel eller hylsnyckel f\u00f6r att lossa och ta bort dem.<\/li>\n<li>Se till att du har l\u00e4mplig \u00e5tkomst till alla bultar och skruva bort dem j\u00e4mnt f\u00f6r att undvika skador p\u00e5 cylindern eller \u00e4ndk\u00e5pan.<\/li>\n<\/ul>\n<\/li>\n<li><strong>Lossa g\u00e4ngade anslutningar:<\/strong>\n<ul>\n<li>F\u00f6r g\u00e4ngade anslutningar, anv\u00e4nd en skiftnyckel eller nyckel f\u00f6r att lossa f\u00f6rh\u00e5llandet mellan \u00e4ndk\u00e5pan och cylinderhuset.<\/li>\n<li>Applicera f\u00f6rsiktigt men j\u00e4mnt tryck moturs f\u00f6r att lossa g\u00e4ngorna.<\/li>\n<li>N\u00e4r den har lossats, forts\u00e4tt vrida \u00e4ndk\u00e5pan f\u00f6r hand tills den kan tas bort helt.<\/li>\n<\/ul>\n<\/li>\n<li><strong>Ta bort sn\u00e4ppringar eller l\u00e5sringar:<\/strong>\n<ul>\n<li>Om \u00e4ndk\u00e5pan \u00e4r s\u00e4krad med sn\u00e4ppringar eller l\u00e5sringar, anv\u00e4nd en sn\u00e4ppringst\u00e5ng eller l\u00e5sringst\u00e5ng f\u00f6r att f\u00f6rsiktigt ta bort ringarna.<\/li>\n<li>S\u00e4tt in t\u00e5ngen i ringens \u00e4ndar och kl\u00e4m handtagen f\u00f6r att komprimera ringen, s\u00e5 att den kan dras ut ur sitt sp\u00e5r.<\/li>\n<li>Var f\u00f6rsiktig s\u00e5 att du inte skadar cylindern eller \u00e4ndk\u00e5pan under denna process.<\/li>\n<\/ul>\n<\/li>\n<li><strong>Separera \u00e4ndk\u00e5pan:<\/strong>\n<ul>\n<li>N\u00e4r alla fasth\u00e5llningsmekanismer har tagits bort, knacka f\u00f6rsiktigt p\u00e5 \u00e4ndk\u00e5pan med en gummiklubba eller en mjuk hammare f\u00f6r att lossa den fr\u00e5n cylinderhuset.<\/li>\n<li>Applicera j\u00e4mnt tryck runt omkretsen av \u00e4ndk\u00e5pan f\u00f6r att f\u00f6rhindra att den fastnar.<\/li>\n<\/ul>\n<\/li>\n<li><strong>Inspektera och reng\u00f6r:<\/strong>\n<ul>\n<li>N\u00e4r \u00e4ndk\u00e5pan har tagits bort, inspektera t\u00e4tningsytorna, O-ringarna och de interna komponenterna f\u00f6r eventuella skador eller slitage.<\/li>\n<li>Reng\u00f6r \u00e4ndk\u00e5pan, cylinderhuset och alla relaterade komponenter med en luddfri trasa eller ett l\u00e4mpligt l\u00f6sningsmedel f\u00f6r att avl\u00e4gsna eventuella f\u00f6roreningar eller skr\u00e4p.<\/li>\n<\/ul>\n<\/li>\n<\/ol>\n<h2><strong>Fabrikens kapacitet och kapacitet:<\/strong><\/h2>\n<h3>(1) Montering<\/h3>\n<p>Vi har en f\u00f6rstklassig oberoende forsknings- och utvecklingsplattform. Verkstaden f\u00f6r tillverkning av hydraulcylindrar har fyra halvautomatiska monteringslinjer f\u00f6r lyftcylindrar och en automatisk monteringslinje f\u00f6r tiltcylindrar, med en planerad \u00e5rlig produktionskapacitet p\u00e5 1 miljon enheter. Specialcylinderverkstaden \u00e4r utrustad med olika specifikationer f\u00f6r ett halvautomatiskt reng\u00f6ringsmonteringssystem med en planerad \u00e5rlig produktionskapacitet p\u00e5 200 000 och utrustad med k\u00e4nd CNC-bearbetningsutrustning, ett fleroperationscenter, en specialutrustning f\u00f6r h\u00f6gprecisionscylindrar, en robotsvetsmaskin, en automatisk reng\u00f6ringsmaskin, en automatisk cylindermonteringsmaskin och en automatisk produktionslinje f\u00f6r m\u00e5lning. Befintlig kritisk utrustning p\u00e5 mer \u00e4n 300 set (set). Optimal allokering och effektiv anv\u00e4ndning av utrustningsresurser s\u00e4kerst\u00e4ller produkternas noggrannhetskrav och uppfyller produkternas h\u00f6ga kvalitetsbehov.<\/p>\n<p><img loading=\"lazy\" decoding=\"async\" class=\"alignnone wp-image-626\" src=\"https:\/\/hydraulic-cylinders.net\/wp-content\/uploads\/2023\/08\/hydraulic-cylinder-product-1-300x158.webp\" alt=\"\" width=\"495\" height=\"260\" srcset=\"https:\/\/hydraulic-cylinders.net\/wp-content\/uploads\/2023\/08\/hydraulic-cylinder-product-1-300x158.webp 495w, https:\/\/hydraulic-cylinders.net\/wp-content\/uploads\/2023\/08\/hydraulic-cylinder-product-1-480x252.webp 480w\" sizes=\"(min-width: 0px) and (max-width: 480px) 480px, (min-width: 481px) 495px, 100vw\" \/> <img loading=\"lazy\" decoding=\"async\" class=\"alignnone wp-image-627\" src=\"https:\/\/hydraulic-cylinders.net\/wp-content\/uploads\/2023\/08\/hydraulic-cylinder-product-2-300x189.webp\" alt=\"\" width=\"413\" height=\"260\" \/><\/p>\n<h3>(2) Maskinbearbetning<\/h3>\n<p>Bearbetningsverkstaden \u00e4r utrustad med en specialanpassad svarvcentral f\u00f6r lutande r\u00e4ls, bearbetningscenter, h\u00f6ghastighetsh\u00f6nsmaskin, svetsrobot och annan relaterad utrustning, som kan hantera bearbetning av cylinderr\u00f6r med en maximal innerdiameter p\u00e5 400 mm och en maximal l\u00e4ngd p\u00e5 6 meter.<\/p>\n<p><img loading=\"lazy\" decoding=\"async\" class=\"alignnone wp-image-628 size-large\" src=\"https:\/\/hydraulic-cylinders.net\/wp-content\/uploads\/2023\/08\/hydraulic-cylinder-product-3-1024x391.webp\" alt=\"\" width=\"1024\" height=\"391\" srcset=\"https:\/\/hydraulic-cylinders.net\/wp-content\/uploads\/2023\/08\/hydraulic-cylinder-product-3-980x374.webp 980w, https:\/\/hydraulic-cylinders.net\/wp-content\/uploads\/2023\/08\/hydraulic-cylinder-product-3-480x183.webp 480w\" sizes=\"(min-width: 0px) and (max-width: 480px) 480px, (min-width: 481px) and (max-width: 980px) 980px, (min-width: 981px) 1024px, 100vw\" \/><\/p>\n<h3>(3) Svetsning<\/h3>\n<p><img loading=\"lazy\" decoding=\"async\" class=\"alignnone wp-image-629 size-large\" src=\"https:\/\/hydraulic-cylinders.net\/wp-content\/uploads\/2023\/08\/hydraulic-cylinder-product-4-1024x510.webp\" alt=\"\" width=\"1024\" height=\"510\" srcset=\"https:\/\/hydraulic-cylinders.net\/wp-content\/uploads\/2023\/08\/hydraulic-cylinder-product-4-980x488.webp 980w, https:\/\/hydraulic-cylinders.net\/wp-content\/uploads\/2023\/08\/hydraulic-cylinder-product-4-480x239.webp 480w\" sizes=\"(min-width: 0px) and (max-width: 480px) 480px, (min-width: 481px) and (max-width: 980px) 980px, (min-width: 981px) 1024px, 100vw\" \/><\/p>\n<h3>(4) M\u00e5lning och ytbehandling<\/h3>\n<p>Med sm\u00e5 och medelstora cylindriska automatiska vattenbaserade f\u00e4rgbel\u00e4ggningslinjer, f\u00f6r att uppn\u00e5 automatisk robotlastning och lossning samt automatisk sprutning, \u00e4r den designade kapaciteten 4000 stycken per skift;<br \/>\nVi har \u00e4ven en halvautomatisk f\u00e4rgproduktionslinje f\u00f6r stora cylindrar som drivs av en sl\u00e4pkedja, med en designkapacitet p\u00e5 60 l\u00e5dor per skift.<\/p>\n<p><img loading=\"lazy\" decoding=\"async\" class=\"alignnone wp-image-630\" src=\"https:\/\/hydraulic-cylinders.net\/wp-content\/uploads\/2023\/08\/hydraulic-cylinder-product-5-300x213.webp\" alt=\"\" width=\"366\" height=\"260\" \/> <img loading=\"lazy\" decoding=\"async\" class=\"alignnone wp-image-631\" src=\"https:\/\/hydraulic-cylinders.net\/wp-content\/uploads\/2023\/08\/hydraulic-cylinder-product-6-300x225.webp\" alt=\"\" width=\"347\" height=\"260\" \/><\/p>\n<h3>(5) Testning<\/h3>\n<p>Vi har f\u00f6rstklassiga inspektionsanl\u00e4ggningar och testb\u00e4ddar f\u00f6r att s\u00e4kerst\u00e4lla att cylinderns prestanda uppfyller kraven.<\/p>\n<p><img loading=\"lazy\" decoding=\"async\" class=\"alignnone wp-image-632\" src=\"https:\/\/hydraulic-cylinders.net\/wp-content\/uploads\/2023\/08\/hydraulic-cylinder-product-8-300x200.webp\" alt=\"\" width=\"389\" height=\"260\" \/><\/p>\n<p>&nbsp;<\/p>\n<p>&nbsp;<\/p>\n<p>Vi \u00e4r en av de b\u00e4sta tillverkarna av hydraulcylindrar. Vi kan erbjuda ett helt\u00e4ckande utbud av hydraulcylindrar. Vi tillhandah\u00e5ller \u00e4ven motsvarande <a href=\"https:\/\/hzpt.com\/agricultural-pto-gearbox\/\" target=\"_blank\" rel=\"noopener\">jordbruksv\u00e4xell\u00e5dor<\/a>Vi har exporterat v\u00e5ra produkter till kunder \u00f6ver hela v\u00e4rlden och f\u00e5tt ett gott rykte tack vare v\u00e5r \u00f6verl\u00e4gsna produktkvalitet och kundservice. Vi v\u00e4lkomnar kunder b\u00e5de hemma och utomlands att kontakta oss f\u00f6r att f\u00f6rhandla aff\u00e4rer, utbyta information och <a href=\"https:\/\/www.hydraulic-cylinders.net\/sv\/contact-us\/\">samarbeta med oss<\/a>!<\/p>\n<p>&nbsp;<\/p>","protected":false},"excerpt":{"rendered":"<p>HP3V Series Axial Piston Variable Displacement Hydraulic Pump The HP3V series axial piston variable displacement hydraulic pump is a game-changer in hydraulic systems. This pump is designed with precision engineering and cutting-edge technology and delivers superior efficiency and performance, making it an indispensable component for various industrial applications. This comprehensive article will explore the key [&hellip;]<\/p>","protected":false},"featured_media":1932,"comment_status":"open","ping_status":"closed","template":"","meta":{"_et_pb_use_builder":"","_et_pb_old_content":"","_et_gb_content_width":""},"product_brand":[],"product_cat":[1425],"product_tag":[1380],"class_list":{"0":"post-1920","1":"product","2":"type-product","3":"status-publish","4":"has-post-thumbnail","6":"product_cat-piston-pump","7":"product_tag-hydraulic-cylinder","9":"first","10":"instock","11":"shipping-taxable","12":"product-type-simple"},"amp_enabled":true,"_links":{"self":[{"href":"https:\/\/www.hydraulic-cylinders.net\/sv\/wp-json\/wp\/v2\/product\/1920","targetHints":{"allow":["GET"]}}],"collection":[{"href":"https:\/\/www.hydraulic-cylinders.net\/sv\/wp-json\/wp\/v2\/product"}],"about":[{"href":"https:\/\/www.hydraulic-cylinders.net\/sv\/wp-json\/wp\/v2\/types\/product"}],"replies":[{"embeddable":true,"href":"https:\/\/www.hydraulic-cylinders.net\/sv\/wp-json\/wp\/v2\/comments?post=1920"}],"wp:featuredmedia":[{"embeddable":true,"href":"https:\/\/www.hydraulic-cylinders.net\/sv\/wp-json\/wp\/v2\/media\/1932"}],"wp:attachment":[{"href":"https:\/\/www.hydraulic-cylinders.net\/sv\/wp-json\/wp\/v2\/media?parent=1920"}],"wp:term":[{"taxonomy":"product_brand","embeddable":true,"href":"https:\/\/www.hydraulic-cylinders.net\/sv\/wp-json\/wp\/v2\/product_brand?post=1920"},{"taxonomy":"product_cat","embeddable":true,"href":"https:\/\/www.hydraulic-cylinders.net\/sv\/wp-json\/wp\/v2\/product_cat?post=1920"},{"taxonomy":"product_tag","embeddable":true,"href":"https:\/\/www.hydraulic-cylinders.net\/sv\/wp-json\/wp\/v2\/product_tag?post=1920"}],"curies":[{"name":"wp","href":"https:\/\/api.w.org\/{rel}","templated":true}]}}