{"id":1921,"date":"2023-10-20T03:13:13","date_gmt":"2023-10-20T03:13:13","guid":{"rendered":"https:\/\/hydraulic-cylinders.net\/?post_type=product&#038;p=1921"},"modified":"2023-10-20T03:55:31","modified_gmt":"2023-10-20T03:55:31","slug":"hp3v-s-series-axial-piston-variable-displacement-hydraulic-pump","status":"publish","type":"product","link":"https:\/\/www.hydraulic-cylinders.net\/sv\/produkt\/hp3v-s-series-axial-piston-variable-displacement-hydraulic-pump\/","title":{"rendered":"HP3V-S-serien axialkolvshydraulpump med variabelt slagvolym"},"content":{"rendered":"<h1 style=\"text-align: center;\"><strong>HP3V-S-serien axialkolvshydraulpump med variabelt slagvolym<\/strong><\/h1>\n<p><img loading=\"lazy\" decoding=\"async\" class=\"aligncenter wp-image-1935\" src=\"https:\/\/hydraulic-cylinders.net\/wp-content\/uploads\/2023\/10\/hp3v-s-series-axial-piston-variable-displacement-hydraulic-pump-1-300x300.webp\" alt=\"\" width=\"400\" height=\"400\" \/><\/p>\n<p>HP3V-S-seriens hydraulpump med variabelt deplacement och axialkolv \u00e4r en banbrytande l\u00f6sning som revolutionerar hydraulsystem. Med sin exceptionella effektivitet och enast\u00e5ende prestanda \u00e4r denna pump oumb\u00e4rlig i olika industriella till\u00e4mpningar. Denna omfattande artikel kommer att utforska de viktigaste egenskaperna, anv\u00e4ndningsmetoderna och underh\u00e5llsriktlinjerna f\u00f6r HP3V-S-seriens hydraulpump med variabelt deplacement och axialkolv.<\/p>\n<p>HP3V-S-seriens hydraulpump med variabelt deplacement och axialkolv \u00e4r en kraftfull och effektiv l\u00f6sning f\u00f6r hydraulsystem. Med sin variabla deplacementteknik, kompakta design och tysta drift levererar denna pump exceptionell prestanda inom olika industriella till\u00e4mpningar. Genom att f\u00f6lja de rekommenderade anv\u00e4ndningsmetoderna och regelbundna underh\u00e5llspraxis kommer hp3v-s-seriens pump att forts\u00e4tta att ge enast\u00e5ende prestanda och bidra till hydraulsystemens framg\u00e5ng. Omfamna kraften i effektivitet och prestanda med hp3v-s-seriens hydraulpump med variabelt deplacement och frig\u00f6r den fulla potentialen i ditt hydraulsystem.<\/p>\n<p>HP3V-S-serien axialkolvshydraulpump med variabelt slagvolym Viktiga egenskaper:<\/p>\n<ul>\n<li>Variabel deplacementteknik: HP3V-S-seriens pump \u00e4r utrustad med avancerad variabel deplacementteknik och m\u00f6jligg\u00f6r exakt justering av utmatningsvolymen f\u00f6r att matcha specifika systemkrav. Denna funktion maximerar energieffektiviteten, minskar v\u00e4rmeutvecklingen och optimerar systemets totala prestanda.<\/li>\n<li>O\u00f6vertr\u00e4ffad effektivitet: HP3V-S-seriens pumpar anv\u00e4nder en innovativ axialkolvkonstruktion som ger exceptionell effektivitet. Exakt hydraulkraft s\u00e4kerst\u00e4ller smidig drift och hanterar utan anstr\u00e4ngning h\u00f6gtrycksapplikationer.<\/li>\n<li>Kompakt och m\u00e5ngsidig: Pumpens kompakta design m\u00f6jligg\u00f6r enkel integration i hydrauliska system med begr\u00e4nsat utrymme. Dess m\u00e5ngsidighet g\u00f6r att den kan anv\u00e4ndas i olika applikationer utan att kompromissa med prestanda eller funktionalitet.<\/li>\n<li>Tyst och p\u00e5litlig drift: Ljudreduceringsfunktioner som \u00e4r inbyggda i HP3V-S-seriens pumpar s\u00e4kerst\u00e4ller tyst drift i olika industriella milj\u00f6er. Denna egenskap \u00e4r v\u00e4rdefull i applikationer som kr\u00e4ver l\u00e5ga ljudniv\u00e5er och fr\u00e4mjar en bekv\u00e4m och produktiv arbetsmilj\u00f6. Dessutom s\u00e4kerst\u00e4ller pumpens robusta konstruktion l\u00e5ngvarig tillf\u00f6rlitlighet.<\/li>\n<\/ul>\n<h2><strong>HP3V-S-serien axialkolvs hydraulpump med variabel slagvolym Parameter:<\/strong><\/h2>\n<table class=\"table table-bordered table-hover table-colored\" data-sort=\"sortDisabled\">\n<tbody>\n<tr class=\"firstRow\">\n<td colspan=\"2\" align=\"left\" valign=\"middle\">Storlek<\/td>\n<td align=\"center\" valign=\"middle\">HP5VS28<\/td>\n<td align=\"center\" valign=\"middle\">HP5V28<\/td>\n<td align=\"center\" valign=\"middle\">HP5V45<\/td>\n<td align=\"center\" valign=\"middle\">HP5V60<\/td>\n<td align=\"center\" valign=\"middle\">HP5V76<\/td>\n<td align=\"center\" valign=\"middle\">HP5V85<\/td>\n<td align=\"center\" valign=\"middle\">HP5V105<\/td>\n<\/tr>\n<tr>\n<td colspan=\"2\" align=\"left\" valign=\"middle\">Slagvolym (cc\/varv)<\/td>\n<td align=\"center\" valign=\"middle\">28<\/td>\n<td align=\"center\" valign=\"middle\">28<\/td>\n<td align=\"center\" valign=\"middle\">45<\/td>\n<td align=\"center\" valign=\"middle\">60<\/td>\n<td align=\"center\" valign=\"middle\">76<\/td>\n<td align=\"center\" valign=\"middle\">85<\/td>\n<td align=\"center\" valign=\"middle\">104.3<\/td>\n<\/tr>\n<tr>\n<td rowspan=\"2\" align=\"left\" valign=\"middle\">Tryck<\/td>\n<td align=\"center\" valign=\"middle\">Nominellt tryck (bar)<\/td>\n<td align=\"center\" valign=\"middle\">250<\/td>\n<td align=\"center\" valign=\"middle\">320<\/td>\n<td align=\"center\" valign=\"middle\">320<\/td>\n<td align=\"center\" valign=\"middle\">250<\/td>\n<td align=\"center\" valign=\"middle\">320<\/td>\n<td align=\"center\" valign=\"middle\">280<\/td>\n<td align=\"center\" valign=\"middle\">350<\/td>\n<\/tr>\n<tr>\n<td align=\"left\" valign=\"middle\">Topptryck (bar)<\/td>\n<td align=\"center\" valign=\"middle\">315<\/td>\n<td align=\"center\" valign=\"middle\">350<\/td>\n<td align=\"center\" valign=\"middle\">350<\/td>\n<td align=\"center\" valign=\"middle\">280<\/td>\n<td align=\"center\" valign=\"middle\">350<\/td>\n<td align=\"center\" valign=\"middle\">320<\/td>\n<td align=\"center\" valign=\"middle\">400<\/td>\n<\/tr>\n<tr>\n<td rowspan=\"2\" align=\"left\" valign=\"middle\">Rotationshastighet r\/min<\/td>\n<td align=\"center\" valign=\"middle\">Max f\u00f6r sj\u00e4lvsugande\u00a0<sup>*1<\/sup>\u00a0(bar)<\/td>\n<td align=\"center\" valign=\"middle\">3000<\/td>\n<td align=\"center\" valign=\"middle\">3000<\/td>\n<td align=\"center\" valign=\"middle\">2700<\/td>\n<td align=\"center\" valign=\"middle\">2400<\/td>\n<td align=\"center\" valign=\"middle\">2400<\/td>\n<td align=\"center\" valign=\"middle\">2400<\/td>\n<td align=\"center\" valign=\"middle\">2200<\/td>\n<\/tr>\n<tr>\n<td align=\"center\" valign=\"middle\">Max<sup>*2\u00a0<\/sup>\u00a0(bar)<\/td>\n<td align=\"center\" valign=\"middle\">3600<\/td>\n<td align=\"center\" valign=\"middle\">3600<\/td>\n<td align=\"center\" valign=\"middle\">3250<\/td>\n<td align=\"center\" valign=\"middle\">3000<\/td>\n<td align=\"center\" valign=\"middle\">3000<\/td>\n<td align=\"center\" valign=\"middle\">3000<\/td>\n<td align=\"center\" valign=\"middle\">2600<\/td>\n<\/tr>\n<tr>\n<td colspan=\"2\" align=\"left\" valign=\"middle\">Vikt (kg)<\/td>\n<td align=\"center\" valign=\"middle\">17.2<\/td>\n<td align=\"center\" valign=\"middle\">20<\/td>\n<td align=\"center\" valign=\"middle\">24<\/td>\n<td align=\"center\" valign=\"middle\">24<\/td>\n<td align=\"center\" valign=\"middle\">28<\/td>\n<td align=\"center\" valign=\"middle\">28<\/td>\n<td align=\"center\" valign=\"middle\">45<\/td>\n<\/tr>\n<tr>\n<td colspan=\"2\" align=\"left\" valign=\"middle\">M\u00e4ngd olja som ska fyllas i pumphuset (L)<\/td>\n<td align=\"center\" valign=\"middle\">0.55<\/td>\n<td align=\"center\" valign=\"middle\">0.6<\/td>\n<td align=\"center\" valign=\"middle\">0.6<\/td>\n<td align=\"center\" valign=\"middle\">0.6<\/td>\n<td align=\"center\" valign=\"middle\">0.8<\/td>\n<td align=\"center\" valign=\"middle\">0.8<\/td>\n<td align=\"center\" valign=\"middle\">1<\/td>\n<\/tr>\n<tr>\n<td colspan=\"2\" align=\"left\" valign=\"middle\">Temperaturomr\u00e5de (\u2103)<\/td>\n<td colspan=\"7\" align=\"center\" valign=\"middle\">-20~95<\/td>\n<\/tr>\n<tr>\n<td colspan=\"2\" rowspan=\"1\" align=\"left\" valign=\"middle\">Temperaturomr\u00e5de (mm<sup>2<\/sup>\/s)<\/td>\n<td colspan=\"7\" align=\"center\" valign=\"middle\">10-1000<sup>*3<\/sup>(B\u00e4sta anv\u00e4ndningen av viskositetsintervallet 16~36 mm<sup>2<\/sup>\/s)<\/td>\n<\/tr>\n<\/tbody>\n<\/table>\n<h2><strong>F\u00f6rdelar med axialkolvshydraulpump med variabel slagvolym i HP3V-S-serien:<\/strong><\/h2>\n<p>\u2022 Variabel pump i sv\u00e4ngplatta f\u00f6r \u00f6ppen krets.<br \/>\n\u2022 J\u00e4mf\u00f6rt med produkter p\u00e5 den befintliga marknaden anv\u00e4nds f\u00f6rst\u00e4rkta drivaxlar och h\u00f6gh\u00e5llfasta cylindermaterial vilket leder till prestanda vid kontinuerligt tryck p\u00e5 mer \u00e4n 320 bar.<br \/>\n\u2022 Kraftiga lager som cylindriska rullar anv\u00e4nds f\u00f6r att f\u00f6rb\u00e4ttra lastb\u00e4rande kapacitet och l\u00e5ng livsl\u00e4ngd.<br \/>\n\u2022 H\u00f6gt effekt\/vikt-f\u00f6rh\u00e5llande.<br \/>\n\u2022 Finns med amerikanska (SAE) och japanska (JIS) monteringsfl\u00e4nsar och axlar.<br \/>\n\u2022 Utm\u00e4rkt tillf\u00f6rlitlighet och l\u00e5ng livsl\u00e4ngd.<br \/>\n\u2022 M\u00e5ngfald av kontrollalternativ.<br \/>\n\u2022 Genomg\u00e5ende drivning som tillval.<br \/>\n\u2022 Snabb kontrollrespons.<br \/>\n\u2022 L\u00e5gtryckspulsering och l\u00e5gt ljud.<br \/>\n\u2022 Utvecklad f\u00f6r teknik, mobila fordon, industri, andra industriella till\u00e4mpningar och jordbruksmaskiner<\/p>\n<h2><strong>HP3V-S-serien axialkolvshydraulpump med variabelt slagvolym <\/strong><strong>Ans\u00f6kan:<\/strong><\/h2>\n<p><img loading=\"lazy\" decoding=\"async\" class=\"alignnone wp-image-1938 size-full\" src=\"https:\/\/hydraulic-cylinders.net\/wp-content\/uploads\/2023\/10\/hp3v-s-series-axial-piston-variable-displacement-hydraulic-pump-2.jpg\" alt=\"\" width=\"1145\" height=\"234\" srcset=\"https:\/\/hydraulic-cylinders.net\/wp-content\/uploads\/2023\/10\/hp3v-s-series-axial-piston-variable-displacement-hydraulic-pump-2.jpg 1145w, https:\/\/hydraulic-cylinders.net\/wp-content\/uploads\/2023\/10\/hp3v-s-series-axial-piston-variable-displacement-hydraulic-pump-2-980x200.jpg 980w, https:\/\/hydraulic-cylinders.net\/wp-content\/uploads\/2023\/10\/hp3v-s-series-axial-piston-variable-displacement-hydraulic-pump-2-480x98.jpg 480w\" sizes=\"(min-width: 0px) and (max-width: 480px) 480px, (min-width: 481px) and (max-width: 980px) 980px, (min-width: 981px) 1145px, 100vw\" \/><\/p>\n<h2><strong>Anv\u00e4ndningsmetod f\u00f6r HP3V-serien axialkolvs hydraulpump med variabel f\u00f6rskjutning<\/strong><strong>:<\/strong><\/h2>\n<ul>\n<li><strong>Installation:<\/strong> V\u00e4lj en l\u00e4mplig plats i hydraulsystemet f\u00f6r att installera HP3V-S-seriens axialkolvshydraulpump med variabelt deplacement. S\u00e4kerst\u00e4ll korrekt uppriktning och s\u00e4ker fasts\u00e4ttning i systemets struktur med l\u00e4mpliga monteringsf\u00e4sten eller tillbeh\u00f6r.<\/li>\n<li><strong>Integrering med hydraulsystem:<\/strong> Anslut pumpen till hydraulsystemet med kompatibla slangar, kopplingar och ventiler. Se till att alla anslutningar \u00e4r s\u00e4kra, l\u00e4ckagefria och korrekt \u00e5tdragna f\u00f6r att garantera optimal hydraulisk prestanda.<\/li>\n<li><strong>V\u00e4tskekompatibilitet:<\/strong> Kontrollera att hydraulv\u00e4tskan som anv\u00e4nds i systemet \u00e4r kompatibel med HP3V-S-seriens pump. Se tillverkarens rekommendationer f\u00f6r l\u00e4mplig v\u00e4tsketyp, viskositet och temperaturomr\u00e5de. \u00d6vervaka och underh\u00e5ll hydraulv\u00e4tskan regelbundet f\u00f6r att s\u00e4kerst\u00e4lla korrekt pumpdrift och livsl\u00e4ngd.<\/li>\n<li><strong>Driftsparametrar:<\/strong> Bekanta dig med pumpens styralternativ och justera driftsparametrarna enligt hydraulsystemets specifika krav. \u00d6vervaka och \u00e4ndra pumpens deplacementinst\u00e4llningar f\u00f6r att optimera prestanda och energieffektivitet.<\/li>\n<\/ul>\n<h2><strong>Hur man renoverar en hydraulcylinder?<\/strong><\/h2>\n<p>Att renovera en hydraulcylinder inneb\u00e4r att demontera, inspektera, byta ut slitna eller skadade komponenter och montera cylindern igen. H\u00e4r \u00e4r en steg-f\u00f6r-steg-guide om hur man renoverar en hydraulcylinder:<\/p>\n<ol>\n<li><strong>F\u00f6rberedelse:<\/strong>\n<ul>\n<li>Se till att hydraulsystemet \u00e4r tryckl\u00f6st och fr\u00e5nkopplat.<\/li>\n<li>Reng\u00f6r cylinderns utsida f\u00f6r att f\u00f6rhindra kontaminering under renoveringsprocessen.<\/li>\n<li>Placera cylindern p\u00e5 en stabil arbetsyta och s\u00e4kra den med hj\u00e4lp av kl\u00e4mmor eller ett skruvst\u00e4d.<\/li>\n<\/ul>\n<\/li>\n<li><strong>Demontering:<\/strong>\n<ul>\n<li>Ta bort cylinderns \u00e4ndk\u00e5por med hj\u00e4lp av l\u00e4mpliga verktyg och tekniker som anges av tillverkaren.<\/li>\n<li>Ta f\u00f6rsiktigt bort kolv- och st\u00e5ngenheten fr\u00e5n cylinderr\u00f6ret.<\/li>\n<li>Observera ordningen i vilken komponenterna tas bort f\u00f6r att s\u00e4kerst\u00e4lla korrekt \u00e5termontering.<\/li>\n<\/ul>\n<\/li>\n<li><strong>Inspektion:<\/strong>\n<ul>\n<li>Kontrollera noggrant alla komponenter f\u00f6r tecken p\u00e5 slitage, skador eller kontaminering.<\/li>\n<li>Kontrollera cylinderr\u00f6ret f\u00f6r repor, gropskador eller rost. Om det finns betydande skador kan cylinderr\u00f6ret beh\u00f6va bytas ut.<\/li>\n<li>Unders\u00f6k kolven, st\u00e5ngen och t\u00e4tningarna f\u00f6r slitage, hack eller repor. Byt ut alla skadade delar.<\/li>\n<\/ul>\n<\/li>\n<li><strong>Komponentbyte:<\/strong>\n<ul>\n<li>Byt ut kolvt\u00e4tningar, st\u00e5ngt\u00e4tningar och alla O-ringar eller packningar som visar tecken p\u00e5 slitage eller skador.<\/li>\n<li>S\u00e4kerst\u00e4ll att reservdelarna \u00e4r kompatibla med den specifika hydraulcylindermodellen.<\/li>\n<li>Sm\u00f6rj de nya t\u00e4tningarna och O-ringarna med hydraulolja f\u00f6re montering.<\/li>\n<\/ul>\n<\/li>\n<li><strong>\u00c5termontering:<\/strong>\n<ul>\n<li>B\u00f6rja monteringen genom att s\u00e4tta tillbaka kolv- och st\u00e5ngenheten i cylindercylindern.<\/li>\n<li>Applicera ett tunt lager hydraulolja p\u00e5 cylindercylindern och t\u00e4tningarna f\u00f6r att underl\u00e4tta \u00e5termonteringen.<\/li>\n<li>Rikta noggrant in komponenterna och skjut in kolvaggregatet i cylinderr\u00f6ret.<\/li>\n<li>F\u00e4st \u00e4ndk\u00e5porna och se till att de \u00e4r korrekt justerade och \u00e5tdragna enligt tillverkarens specifikationer.<\/li>\n<\/ul>\n<\/li>\n<li><strong>Testning och installation:<\/strong>\n<ul>\n<li>N\u00e4r cylindern \u00e4r monterad igen, utf\u00f6r ett trycktest f\u00f6r att s\u00e4kerst\u00e4lla att den fungerar korrekt.<\/li>\n<li>Anslut hydraulsystemet och \u00f6ka gradvis trycket samtidigt som du kontrollerar om det finns l\u00e4ckor eller onormalt beteende.<\/li>\n<li>Om cylindern klarar trycktestet \u00e4r den redo att monteras tillbaka i hydraulsystemet.<\/li>\n<\/ul>\n<\/li>\n<li><strong>Regelbundet underh\u00e5ll:<\/strong>\n<ul>\n<li>Implementera ett regelbundet underh\u00e5llsschema f\u00f6r att f\u00f6rl\u00e4nga livsl\u00e4ngden p\u00e5 den renoverade hydraulcylindern.<\/li>\n<li>\u00d6vervaka cylindern f\u00f6r tecken p\u00e5 l\u00e4ckage, kraftigt slitage eller andra problem.<\/li>\n<li>Reng\u00f6r utsidan regelbundet och h\u00e5ll hydraulv\u00e4tskan p\u00e5 r\u00e4tt niv\u00e5.<\/li>\n<\/ul>\n<\/li>\n<\/ol>\n<h2><strong>Fabrikens kapacitet och kapacitet:<\/strong><\/h2>\n<h3>(1) Montering<\/h3>\n<p>Vi har en f\u00f6rstklassig oberoende forsknings- och utvecklingsplattform. Verkstaden f\u00f6r tillverkning av hydraulcylindrar har fyra halvautomatiska monteringslinjer f\u00f6r lyftcylindrar och en automatisk monteringslinje f\u00f6r tiltcylindrar, med en planerad \u00e5rlig produktionskapacitet p\u00e5 1 miljon enheter. Specialcylinderverkstaden \u00e4r utrustad med olika specifikationer f\u00f6r ett halvautomatiskt reng\u00f6ringsmonteringssystem med en planerad \u00e5rlig produktionskapacitet p\u00e5 200 000 och utrustad med k\u00e4nd CNC-bearbetningsutrustning, ett fleroperationscenter, en specialutrustning f\u00f6r h\u00f6gprecisionscylindrar, en robotsvetsmaskin, en automatisk reng\u00f6ringsmaskin, en automatisk cylindermonteringsmaskin och en automatisk produktionslinje f\u00f6r m\u00e5lning. Befintlig kritisk utrustning p\u00e5 mer \u00e4n 300 set (set). Optimal allokering och effektiv anv\u00e4ndning av utrustningsresurser s\u00e4kerst\u00e4ller produkternas noggrannhetskrav och uppfyller produkternas h\u00f6ga kvalitetsbehov.<\/p>\n<p><img loading=\"lazy\" decoding=\"async\" class=\"alignnone wp-image-626\" src=\"https:\/\/hydraulic-cylinders.net\/wp-content\/uploads\/2023\/08\/hydraulic-cylinder-product-1-300x158.webp\" alt=\"\" width=\"495\" height=\"260\" srcset=\"https:\/\/hydraulic-cylinders.net\/wp-content\/uploads\/2023\/08\/hydraulic-cylinder-product-1-300x158.webp 495w, https:\/\/hydraulic-cylinders.net\/wp-content\/uploads\/2023\/08\/hydraulic-cylinder-product-1-480x252.webp 480w\" sizes=\"(min-width: 0px) and (max-width: 480px) 480px, (min-width: 481px) 495px, 100vw\" \/> <img loading=\"lazy\" decoding=\"async\" class=\"alignnone wp-image-627\" src=\"https:\/\/hydraulic-cylinders.net\/wp-content\/uploads\/2023\/08\/hydraulic-cylinder-product-2-300x189.webp\" alt=\"\" width=\"413\" height=\"260\" \/><\/p>\n<h3>(2) Maskinbearbetning<\/h3>\n<p>Bearbetningsverkstaden \u00e4r utrustad med en specialanpassad svarvcentral f\u00f6r lutande r\u00e4ls, bearbetningscenter, h\u00f6ghastighetsh\u00f6nsmaskin, svetsrobot och annan relaterad utrustning, som kan hantera bearbetning av cylinderr\u00f6r med en maximal innerdiameter p\u00e5 400 mm och en maximal l\u00e4ngd p\u00e5 6 meter.<\/p>\n<p><img loading=\"lazy\" decoding=\"async\" class=\"alignnone wp-image-628 size-large\" src=\"https:\/\/hydraulic-cylinders.net\/wp-content\/uploads\/2023\/08\/hydraulic-cylinder-product-3-1024x391.webp\" alt=\"\" width=\"1024\" height=\"391\" srcset=\"https:\/\/hydraulic-cylinders.net\/wp-content\/uploads\/2023\/08\/hydraulic-cylinder-product-3-980x374.webp 980w, https:\/\/hydraulic-cylinders.net\/wp-content\/uploads\/2023\/08\/hydraulic-cylinder-product-3-480x183.webp 480w\" sizes=\"(min-width: 0px) and (max-width: 480px) 480px, (min-width: 481px) and (max-width: 980px) 980px, (min-width: 981px) 1024px, 100vw\" \/><\/p>\n<h3>(3) Svetsning<\/h3>\n<p><img loading=\"lazy\" decoding=\"async\" class=\"alignnone wp-image-629 size-large\" src=\"https:\/\/hydraulic-cylinders.net\/wp-content\/uploads\/2023\/08\/hydraulic-cylinder-product-4-1024x510.webp\" alt=\"\" width=\"1024\" height=\"510\" srcset=\"https:\/\/hydraulic-cylinders.net\/wp-content\/uploads\/2023\/08\/hydraulic-cylinder-product-4-980x488.webp 980w, https:\/\/hydraulic-cylinders.net\/wp-content\/uploads\/2023\/08\/hydraulic-cylinder-product-4-480x239.webp 480w\" sizes=\"(min-width: 0px) and (max-width: 480px) 480px, (min-width: 481px) and (max-width: 980px) 980px, (min-width: 981px) 1024px, 100vw\" \/><\/p>\n<h3>(4) M\u00e5lning och ytbehandling<\/h3>\n<p>Med sm\u00e5 och medelstora cylindriska automatiska vattenbaserade f\u00e4rgbel\u00e4ggningslinjer, f\u00f6r att uppn\u00e5 automatisk robotlastning och lossning samt automatisk sprutning, \u00e4r den designade kapaciteten 4000 stycken per skift;<br \/>\nVi har \u00e4ven en halvautomatisk f\u00e4rgproduktionslinje f\u00f6r stora cylindrar som drivs av en sl\u00e4pkedja, med en designkapacitet p\u00e5 60 l\u00e5dor per skift.<\/p>\n<p><img loading=\"lazy\" decoding=\"async\" class=\"alignnone wp-image-630\" src=\"https:\/\/hydraulic-cylinders.net\/wp-content\/uploads\/2023\/08\/hydraulic-cylinder-product-5-300x213.webp\" alt=\"\" width=\"366\" height=\"260\" \/> <img loading=\"lazy\" decoding=\"async\" class=\"alignnone wp-image-631\" src=\"https:\/\/hydraulic-cylinders.net\/wp-content\/uploads\/2023\/08\/hydraulic-cylinder-product-6-300x225.webp\" alt=\"\" width=\"347\" height=\"260\" \/><\/p>\n<h3>(5) Testning<\/h3>\n<p>Vi har f\u00f6rstklassiga inspektionsanl\u00e4ggningar och testb\u00e4ddar f\u00f6r att s\u00e4kerst\u00e4lla att cylinderns prestanda uppfyller kraven.<\/p>\n<p><img loading=\"lazy\" decoding=\"async\" class=\"alignnone wp-image-632\" src=\"https:\/\/hydraulic-cylinders.net\/wp-content\/uploads\/2023\/08\/hydraulic-cylinder-product-8-300x200.webp\" alt=\"\" width=\"389\" height=\"260\" \/><\/p>\n<p>&nbsp;<\/p>\n<p>&nbsp;<\/p>\n<p>Vi \u00e4r en av de b\u00e4sta tillverkarna av hydraulcylindrar. Vi kan erbjuda ett helt\u00e4ckande utbud av hydraulcylindrar. Vi tillhandah\u00e5ller \u00e4ven motsvarande <a href=\"https:\/\/hzpt.com\/agricultural-pto-gearbox\/\" target=\"_blank\" rel=\"noopener\">jordbruksv\u00e4xell\u00e5dor<\/a>Vi har exporterat v\u00e5ra produkter till kunder \u00f6ver hela v\u00e4rlden och f\u00e5tt ett gott rykte tack vare v\u00e5r \u00f6verl\u00e4gsna produktkvalitet och kundservice. Vi v\u00e4lkomnar kunder b\u00e5de hemma och utomlands att kontakta oss f\u00f6r att f\u00f6rhandla aff\u00e4rer, utbyta information och <a href=\"https:\/\/www.hydraulic-cylinders.net\/sv\/contact-us\/\">samarbeta med oss<\/a>!<\/p>\n<p>&nbsp;<\/p>","protected":false},"excerpt":{"rendered":"<p>HP3V-S Series Axial Piston Variable Displacement Hydraulic Pump The HP3V-S series axial piston variable displacement hydraulic pump is a cutting-edge solution that revolutionizes hydraulic systems. With its exceptional efficiency and outstanding performance, this pump is indispensable in various industrial applications. This comprehensive article will explore the key characteristics, usage methods, and maintenance guidelines for the [&hellip;]<\/p>","protected":false},"featured_media":1936,"comment_status":"open","ping_status":"closed","template":"","meta":{"_et_pb_use_builder":"","_et_pb_old_content":"","_et_gb_content_width":""},"product_brand":[],"product_cat":[1425],"product_tag":[1380],"class_list":{"0":"post-1921","1":"product","2":"type-product","3":"status-publish","4":"has-post-thumbnail","6":"product_cat-piston-pump","7":"product_tag-hydraulic-cylinder","9":"first","10":"instock","11":"shipping-taxable","12":"product-type-simple"},"amp_enabled":true,"_links":{"self":[{"href":"https:\/\/www.hydraulic-cylinders.net\/sv\/wp-json\/wp\/v2\/product\/1921","targetHints":{"allow":["GET"]}}],"collection":[{"href":"https:\/\/www.hydraulic-cylinders.net\/sv\/wp-json\/wp\/v2\/product"}],"about":[{"href":"https:\/\/www.hydraulic-cylinders.net\/sv\/wp-json\/wp\/v2\/types\/product"}],"replies":[{"embeddable":true,"href":"https:\/\/www.hydraulic-cylinders.net\/sv\/wp-json\/wp\/v2\/comments?post=1921"}],"wp:featuredmedia":[{"embeddable":true,"href":"https:\/\/www.hydraulic-cylinders.net\/sv\/wp-json\/wp\/v2\/media\/1936"}],"wp:attachment":[{"href":"https:\/\/www.hydraulic-cylinders.net\/sv\/wp-json\/wp\/v2\/media?parent=1921"}],"wp:term":[{"taxonomy":"product_brand","embeddable":true,"href":"https:\/\/www.hydraulic-cylinders.net\/sv\/wp-json\/wp\/v2\/product_brand?post=1921"},{"taxonomy":"product_cat","embeddable":true,"href":"https:\/\/www.hydraulic-cylinders.net\/sv\/wp-json\/wp\/v2\/product_cat?post=1921"},{"taxonomy":"product_tag","embeddable":true,"href":"https:\/\/www.hydraulic-cylinders.net\/sv\/wp-json\/wp\/v2\/product_tag?post=1921"}],"curies":[{"name":"wp","href":"https:\/\/api.w.org\/{rel}","templated":true}]}}