{"id":19221,"date":"2025-04-07T06:18:45","date_gmt":"2025-04-07T06:18:45","guid":{"rendered":"https:\/\/www.hydraulic-cylinders.net\/product\/boom-cylinder-for-zoomlion-middle-excavator-ze210e-9\/"},"modified":"2025-04-07T06:18:48","modified_gmt":"2025-04-07T06:18:48","slug":"boom-cylinder-for-zoomlion-middle-excavator-ze210e-9","status":"publish","type":"product","link":"https:\/\/www.hydraulic-cylinders.net\/sv\/produkt\/boom-cylinder-for-zoomlion-middle-excavator-ze210e-9\/","title":{"rendered":"Bomcylinder f\u00f6r Zoomlion mellangr\u00e4vmaskin ZE210E-9"},"content":{"rendered":"<h1>Bomcylinder f\u00f6r Zoomlion mellangr\u00e4vmaskin ZE210E-9<\/h1>\n<h2>Produkt\u00f6versikt<\/h2>\n<p>Bomcylindern till Zoomlion mellangr\u00e4vmaskin ZE210E-9 \u00e4r en viktig hydraulisk komponent som spelar en avg\u00f6rande roll f\u00f6r tunga maskiners funktion. Denna hydraulcylinder \u00e4r specifikt utformad f\u00f6r att styra bommens r\u00f6relse, vilket m\u00f6jligg\u00f6r en rad olika operationer som \u00e4r viktiga f\u00f6r gr\u00e4vning och materialhantering.<\/p>\n<p>Skopans cylinder underl\u00e4ttar lyftning, s\u00e4nkning och lutning av gr\u00e4vmaskinens skopa, vilket g\u00f6r den oumb\u00e4rlig i olika till\u00e4mpningar. Hydraulsystemet, som inkluderar denna cylinder, anv\u00e4nder trycksatt hydraulv\u00e4tska f\u00f6r att skapa linj\u00e4r r\u00f6relse, vilket g\u00f6r det m\u00f6jligt f\u00f6r f\u00f6raren att utf\u00f6ra uppgifter med precision och effektivitet.<\/p>\n<p><img decoding=\"async\" src=\"https:\/\/www.hydraulic-cylinders.net\/wp-content\/uploads\/2025\/04\/songte-company-1.webp\" alt=\"Bild av bomcylinder\" \/><\/p>\n<h2>Funktioner hos bomcylindern<\/h2>\n<ul>\n<li><strong>H\u00f6g styrka och h\u00e5llbarhet:<\/strong> Bomcylindern \u00e4r tillverkad av h\u00f6gh\u00e5llfast st\u00e5l eller aluminium och kan motst\u00e5 h\u00f6ga tryck och tunga belastningar samtidigt som den \u00e4r konstruerad f\u00f6r att motst\u00e5 slitage och korrosion, vilket s\u00e4kerst\u00e4ller en l\u00e5ng livsl\u00e4ngd.<\/li>\n<li><strong>Effektiv hydraulisk drift:<\/strong> Cylindern anv\u00e4nder hydrauliskt oljetryck f\u00f6r smidig ut- och indragning, vilket ger snabb respons p\u00e5 kontrollkommandon och levererar kraftfulla tryck- och dragfunktioner som \u00e4r l\u00e4mpliga f\u00f6r tunga och komplexa uppgifter.<\/li>\n<li><strong>Olika typer:<\/strong> Finns som enkelverkande (i en riktning) eller dubbelverkande (i b\u00e5da riktningarna) cylindrar, d\u00e4r vissa modeller erbjuder en teleskopisk design f\u00f6r st\u00f6rre r\u00e4ckvidd utan att \u00f6ka den yttre storleken, idealiskt f\u00f6r tr\u00e5nga utrymmen.<\/li>\n<li><strong>Precisionsteknik:<\/strong> Tillverkad med avancerade tekniska tekniker f\u00f6r att s\u00e4kerst\u00e4lla optimal prestanda, tillf\u00f6rlitlighet och kompatibilitet med olika gr\u00e4vmaskinsmodeller.<\/li>\n<li><strong>Anpassningsbara l\u00f6sningar:<\/strong> V\u00e5rt f\u00f6retag kan producera denna produkt f\u00f6r att uppfylla specifika krav och perfekt ers\u00e4tta befintliga hydraulcylindrar.<\/li>\n<\/ul>\n<p><img decoding=\"async\" src=\"https:\/\/www.hydraulic-cylinders.net\/wp-content\/uploads\/2025\/04\/songte-cylinder-head-with-all-kinds-excavator-models.webp\" alt=\"Gr\u00e4vmaskinsmodeller\" \/><\/p>\n<h2>Anv\u00e4ndningsomr\u00e5den f\u00f6r bomcylindern<\/h2>\n<h3>Byggutrustning<\/h3>\n<p>I entreprenadmaskiner \u00e4r bomcylindern viktig i gr\u00e4vmaskiner f\u00f6r gr\u00e4vning, lastning och flyttning av jord eller skr\u00e4p. Cylindern g\u00f6r att skopan kan tr\u00e4nga ner i marken, vilket underl\u00e4ttar effektiv gr\u00e4vning samtidigt som stabiliteten bibeh\u00e5lls under drift. Dessutom hj\u00e4lper den till att lyfta material till h\u00f6gre niv\u00e5er f\u00f6r b\u00e4ttre placering, vilket \u00f6kar produktiviteten p\u00e5 arbetsplatsen.<\/p>\n<h3>Jordbruksmaskiner<\/h3>\n<p>I jordbruksmaskiner, s\u00e5som frontlastare, anv\u00e4nds bomcylindern f\u00f6r att skopa, lyfta och transportera jord, h\u00f6 och andra material. M\u00f6jligheten att kontrollera skopans vinkel och h\u00f6jd m\u00f6jligg\u00f6r effektiv materialhantering under plantering, sk\u00f6rd och andra jordbruksuppgifter.<\/p>\n<h3>Gr\u00e4vmaskiner<\/h3>\n<p>Bomcylindern g\u00f6r det m\u00f6jligt f\u00f6r gr\u00e4vmaskiner att effektivt tr\u00e4nga ner i jorden, vilket g\u00f6r den till en kritisk komponent f\u00f6r gr\u00e4vningsarbeten. Dess tillf\u00f6rlitliga prestanda s\u00e4kerst\u00e4ller att maskinen kan hantera olika terr\u00e4nger och f\u00f6rh\u00e5llanden, vilket garanterar att projektet fortskrider smidigt och effektivt.<\/p>\n<h3>Lastare<\/h3>\n<p>I frontlastare hj\u00e4lper bomcylindrar till att lyfta och dumpa laster effektivt. De ger den kraft som kr\u00e4vs f\u00f6r att lyfta tunga material till betydande h\u00f6jder, vilket m\u00f6jligg\u00f6r enkel lossning och placering, vilket \u00e4r avg\u00f6rande f\u00f6r att uppr\u00e4tth\u00e5lla arbetsfl\u00f6det i bygg- och landskapsprojekt.<\/p>\n<h2>Design\u00f6verv\u00e4ganden och urvalskriterier<\/h2>\n<h3>Lastkapacitet<\/h3>\n<p>N\u00e4r man v\u00e4ljer en bomcylinder \u00e4r lastkapaciteten en avg\u00f6rande faktor. Cylindern m\u00e5ste kunna hantera vikten av de material som flyttas, s\u00e5v\u00e4l som de dynamiska krafter som ut\u00f6vas under drift. Att f\u00f6rst\u00e5 specifikationerna och s\u00e4kerst\u00e4lla att cylindern \u00e4r klassad f\u00f6r de f\u00f6rv\u00e4ntade belastningarna kommer att f\u00f6rhindra fel och f\u00f6rb\u00e4ttra s\u00e4kerheten. Tillverkare tillhandah\u00e5ller vanligtvis detaljerade lastklassningar, och det \u00e4r avg\u00f6rande att v\u00e4lja en cylinder som \u00f6verstiger de maximalt f\u00f6rv\u00e4ntade belastningarna f\u00f6r \u00f6kad tillf\u00f6rlitlighet.<\/p>\n<h3>T\u00e4tning och h\u00e5llbarhet<\/h3>\n<p>T\u00e4tningssystemet i en bomcylinder \u00e4r avg\u00f6rande f\u00f6r dess livsl\u00e4ngd och prestanda. H\u00f6gkvalitativa t\u00e4tningar f\u00f6rhindrar l\u00e4ckage av hydraulv\u00e4tska, vilket \u00e4r avg\u00f6rande f\u00f6r att bibeh\u00e5lla tryck och effektivitet. Anv\u00e4ndningen av slitstarka material som polyuretan och nitrilgummi f\u00f6r t\u00e4tningar s\u00e4kerst\u00e4ller motst\u00e5ndskraft mot slitage, samt temperaturf\u00f6r\u00e4ndringar och milj\u00f6f\u00f6rh\u00e5llanden. En v\u00e4l t\u00e4tad cylinder minimerar underh\u00e5llsbehov och driftstopp, vilket ger b\u00e4ttre total effektivitet.<\/p>\n<h3>S\u00e4kerhetsfunktioner<\/h3>\n<p>S\u00e4kerhet \u00e4r h\u00f6gsta prioritet vid konstruktion av hydraulcylindrar. Avancerade s\u00e4kerhetsfunktioner, s\u00e5som tryckavlastningsventiler och \u00f6verslagsstopp, hj\u00e4lper till att f\u00f6rhindra katastrofala fel och s\u00e4kerst\u00e4lla s\u00e4ker drift. Dessa funktioner skyddar b\u00e5de maskiner och operat\u00f6r, vilket minskar risken f\u00f6r olyckor p\u00e5 arbetsplatsen. Dessutom spelar regelbundna inspektioner och efterlevnad av s\u00e4kerhetsstandarder en viktig roll f\u00f6r att uppr\u00e4tth\u00e5lla driftss\u00e4kerheten och f\u00f6rebygga olyckor.<\/p>\n<h3>Underh\u00e5ll och reparationsm\u00f6jligheter<\/h3>\n<p>Att konstruera en bomcylinder med underh\u00e5ll i \u00e5tanke \u00e4r avg\u00f6rande f\u00f6r dess l\u00e5ngsiktiga prestanda. Funktioner som underl\u00e4ttar enkel \u00e5tkomst f\u00f6r underh\u00e5ll, s\u00e5som avtagbara lock och tillg\u00e4ngliga hydrauliska anslutningar, kan avsev\u00e4rt minska driftstopp. Regelbundna underh\u00e5llsprocedurer, inklusive inspektioner och snabba reparationer, kan f\u00f6rl\u00e4nga cylinderns livsl\u00e4ngd och s\u00e4kerst\u00e4lla j\u00e4mn prestanda, vilket minimerar de totala driftskostnaderna.<\/p>\n<p><img decoding=\"async\" src=\"https:\/\/www.hydraulic-cylinders.net\/wp-content\/uploads\/2025\/04\/songte-oil-pipes-and-spare-parts.webp\" alt=\"Oljer\u00f6r och reservdelar\" \/><\/p>\n<h2>T\u00e4tning och sm\u00f6rjning<\/h2>\n<p>Effektiv t\u00e4tning och sm\u00f6rjning \u00e4r grundl\u00e4ggande f\u00f6r hydraulcylindrars funktion. Olika t\u00e4tningskomponenter, inklusive kolvt\u00e4tningar och kolvst\u00e5ngst\u00e4tningar, anv\u00e4nds f\u00f6r att f\u00f6rhindra l\u00e4ckage och bibeh\u00e5lla trycket i systemet. T\u00e4tningar tillverkade av slitstarka material som polyuretan och nitrilgummi f\u00f6rb\u00e4ttrar h\u00e5llbarhet och prestanda avsev\u00e4rt.<\/p>\n<p>Cylinderhuset och de g\u00e4ngade \u00e4ndarna \u00e4r exakt bearbetade f\u00f6r att f\u00f6rb\u00e4ttra slitstyrkan. Regelbunden sm\u00f6rjning med hydraulolja \u00e4r avg\u00f6rande; det minskar friktion och slitage p\u00e5 r\u00f6rliga delar och s\u00e4kerst\u00e4ller smidig drift. Operat\u00f6rer b\u00f6r f\u00f6lja tillverkarens rekommendationer f\u00f6r sm\u00f6rjintervall och m\u00e4ngder f\u00f6r att bibeh\u00e5lla optimal prestanda.<\/p>\n<h2>Regelbunden inspektion och f\u00f6rebyggande underh\u00e5ll<\/h2>\n<ul>\n<li><strong>Frekventa inspektioner:<\/strong> Regelbundna inspektioner \u00e4r viktiga f\u00f6r att identifiera potentiella problem innan de eskalerar. Operat\u00f6rer b\u00f6r visuellt inspektera cylindern f\u00f6r tecken p\u00e5 slitage, l\u00e4ckor eller skador och utf\u00f6ra driftskontroller f\u00f6r att s\u00e4kerst\u00e4lla att allt fungerar som avsett.<\/li>\n<li><strong>L\u00e4mplig sm\u00f6rjning:<\/strong> Att s\u00e4kerst\u00e4lla att hydraulsystemet \u00e4r ordentligt smort \u00e4r nyckeln till att minska friktion och slitage. Operat\u00f6rer b\u00f6r f\u00f6lja en schemalagd sm\u00f6rjrutin baserad p\u00e5 driftstimmar och milj\u00f6f\u00f6rh\u00e5llanden, med hj\u00e4lp av rekommenderad hydrauloljetyp.<\/li>\n<li><strong>Byte av t\u00e4tning:<\/strong> T\u00e4tningar \u00e4r slitagekomponenter och b\u00f6r bytas ut som en del av det rutinm\u00e4ssiga underh\u00e5llet. Regelbundna kontroller kan hj\u00e4lpa till att identifiera t\u00e4tningar som visar tecken p\u00e5 slitage eller skador, vilket m\u00f6jligg\u00f6r snabba byten f\u00f6r att f\u00f6rhindra l\u00e4ckor och bibeh\u00e5lla systemets integritet.<\/li>\n<\/ul>\n<h2>Installationsriktlinjer<\/h2>\n<p>Korrekt installation av bomcylindern \u00e4r avg\u00f6rande f\u00f6r dess prestanda och livsl\u00e4ngd. B\u00f6rja med att se till att monteringsytorna \u00e4r rena och fria fr\u00e5n skr\u00e4p. Anv\u00e4nd l\u00e4mpliga monteringsf\u00e4sten f\u00f6r att s\u00e4kra cylindern p\u00e5 plats och undvik \u00f6verdriven r\u00f6relse under drift. Korrekt inriktning \u00e4r avg\u00f6rande; cylinderst\u00e5ngen ska vara i linje med lasten f\u00f6r att f\u00f6rhindra sidobelastning, vilket kan leda till f\u00f6r tidigt slitage eller haveri.<\/p>\n<p>F\u00f6lj dessa steg under installationen:<\/p>\n<ul>\n<li>S\u00e4kerst\u00e4ll att alla g\u00e4ngade anslutningar \u00e4r korrekt \u00e5tdragna enligt tillverkarens specifikationer.<\/li>\n<li>Kontrollera att hydraulslangar och kopplingar \u00e4r ordentligt fastsatta f\u00f6r att f\u00f6rhindra l\u00e4ckage.<\/li>\n<li>Efter installationen, cykla cylindern genom hela dess r\u00f6relseomr\u00e5de f\u00f6r att s\u00e4kerst\u00e4lla att det inte finns n\u00e5gra hinder eller uppriktningsproblem.<\/li>\n<li>Utf\u00f6r ett trycktest f\u00f6r att bekr\u00e4fta att systemet fungerar korrekt och att det inte finns n\u00e5gra l\u00e4ckor innan utrustningen tas i bruk.<\/li>\n<\/ul>\n<h2>Vanliga underh\u00e5llsuppgifter<\/h2>\n<ul>\n<li><strong>Regelbundna inspektioner:<\/strong> Att genomf\u00f6ra noggranna inspektioner hj\u00e4lper till att identifiera potentiella problem tidigt. Leta efter tecken p\u00e5 l\u00e4ckor, korrosion eller skador och \u00e5tg\u00e4rda dem omedelbart f\u00f6r att f\u00f6rhindra st\u00f6rre problem.<\/li>\n<li><strong>Korrekt sm\u00f6rjning:<\/strong> Sm\u00f6rj cylindern regelbundet enligt tillverkarens anvisningar. Denna metod \u00e4r avg\u00f6rande f\u00f6r att bibeh\u00e5lla smidig drift och minska slitage p\u00e5 t\u00e4tningar och r\u00f6rliga delar.<\/li>\n<li><strong>Kontroller av t\u00e4tningsbyte och kalibrering:<\/strong> Kontrollera regelbundet t\u00e4tningarna f\u00f6r slitage och byt ut dem vid behov. Kalibrering av cylindern s\u00e4kerst\u00e4ller att den fungerar inom specificerade parametrar, vilket \u00e4r avg\u00f6rande f\u00f6r att bibeh\u00e5lla prestanda och s\u00e4kerhet.<\/li>\n<\/ul>\n<h2>S\u00e4kerhetsaspekter och milj\u00f6faktorer<\/h2>\n<p>S\u00e4kerhets\u00e5tg\u00e4rder \u00e4r av st\u00f6rsta vikt vid anv\u00e4ndning av hydrauliska system. Operat\u00f6rer b\u00f6r utbildas i s\u00e4ker hantering och f\u00f6rst\u00e5 de potentiella faror som \u00e4r f\u00f6rknippade med hydraulisk utrustning. Regelbundna s\u00e4kerhetsrevisioner och efterlevnad av etablerade s\u00e4kerhetsriktlinjer kan avsev\u00e4rt minska risken f\u00f6r olyckor p\u00e5 arbetsplatsen. Dessutom kan milj\u00f6faktorer som temperaturfluktuationer och exponering f\u00f6r h\u00e5rda f\u00f6rh\u00e5llanden p\u00e5verka hydraulcylindrarnas prestanda; d\u00e4rf\u00f6r \u00e4r det avg\u00f6rande att v\u00e4lja material och konstruktioner som \u00e4r l\u00e4mpliga f\u00f6r specifika milj\u00f6er.<\/p>\n<h2>Fels\u00f6kning och vanliga problem<\/h2>\n<ul>\n<li><strong>L\u00e4ckage:<\/strong> Ett av de vanligaste problemen med hydraulcylindrar \u00e4r l\u00e4ckage, vilket kan orsakas av slitna t\u00e4tningar eller skadade kopplingar. F\u00f6r att fels\u00f6ka, inspektera t\u00e4tningarna och byt ut dem vid behov. Se till att alla anslutningar \u00e4r \u00e5tdragna och inte \u00e4r korsg\u00e4ngade.<\/li>\n<li><strong>D\u00e5lig prestanda:<\/strong> Om cylindern inte g\u00e5r att dra ut eller in smidigt kan det bero p\u00e5 otillr\u00e4cklig hydraulv\u00e4tska eller luft i systemet. Kontrollera v\u00e4tskeniv\u00e5erna och lufta systemet f\u00f6r att avl\u00e4gsna eventuell luft som kan komma in i systemet.<\/li>\n<li><strong>\u00d6verhettning:<\/strong> \u00d6verhettning kan uppst\u00e5 p\u00e5 grund av f\u00f6r h\u00f6g belastning eller otillr\u00e4ckliga v\u00e4tskeniv\u00e5er. S\u00e4kerst\u00e4ll att hydraulv\u00e4tskan har r\u00e4tt niv\u00e5 och att systemet inte \u00e4r \u00f6verbelastat. L\u00e5t systemet svalna innan du \u00e5terupptar driften.<\/li>\n<\/ul>\n<p>F\u00f6rebyggande \u00e5tg\u00e4rder som regelbundet underh\u00e5ll, anv\u00e4ndning av l\u00e4mpliga hydraulv\u00e4tskor och utbildning av operat\u00f6rer i korrekt hantering kan mildra dessa problem och f\u00f6rl\u00e4nga utrustningens livsl\u00e4ngd.<\/p>\n<p><img decoding=\"async\" src=\"https:\/\/www.hydraulic-cylinders.net\/wp-content\/uploads\/2025\/04\/songte-bushings-with-all-kinds-of-excavator-models.webp\" alt=\"Bussningar med gr\u00e4vmaskinsmodeller\" \/><\/p>\n<h2>F\u00f6retags\u00f6versikt<\/h2>\n<p>Vi \u00e4r en ledande tillverkare av hydraulcylindrar f\u00f6r reservdelar, v\u00e4lk\u00e4nda p\u00e5 b\u00e5de den inhemska och internationella marknaden. V\u00e5rt omfattande produktsortiment bef\u00e4ster v\u00e5r position som en ledande tillverkare och grossistdistribut\u00f6r. Vi str\u00e4var efter h\u00f6gsta kvalitet genom noggranna strategier f\u00f6r tillverkningshantering. V\u00e5ra investeringar i teknisk talang, avancerad digital tillverkningsutrustning och professionella testsystem f\u00f6rb\u00e4ttrar v\u00e5r produktionskapacitet, vilket g\u00f6r att vi kan m\u00f6ta olika kunders behov med h\u00f6g effektivitet, precision och kvalitet.<\/p>\n<p>V\u00e5rt f\u00f6retag \u00e4r stolta \u00f6ver sin professionalism, internationella certifieringar, kundanpassade tj\u00e4nster, avancerad produktionsutrustning och omfattande eftermarknadssupport, vilket s\u00e4kerst\u00e4ller att v\u00e5ra kunder f\u00e5r exceptionella produkter och service.<\/p>\n<p><img decoding=\"async\" src=\"https:\/\/www.hydraulic-cylinders.net\/wp-content\/uploads\/2025\/04\/songte-company-4.webp\" alt=\"F\u00f6retags\u00f6versikt\" \/><br \/>\n<img decoding=\"async\" src=\"https:\/\/www.hydraulic-cylinders.net\/wp-content\/uploads\/2025\/04\/songte-company-3.webp\" alt=\"Tillverkningsanl\u00e4ggning\" \/><\/p>\n<p>F\u00f6rfattare: lyl<\/p>","protected":false},"excerpt":{"rendered":"<p>Boom Cylinder For Zoomlion Middle Excavator ZE210E-9 Product Overview The Boom Cylinder for the Zoomlion Middle Excavator ZE210E-9 is a vital hydraulic component that plays a crucial role in the functionality of heavy machinery. This hydraulic cylinder is specifically designed to control the movement of the boom, allowing for a range of operations essential for [&hellip;]<\/p>","protected":false},"featured_media":17877,"comment_status":"open","ping_status":"closed","template":"","meta":{"_et_pb_use_builder":"","_et_pb_old_content":"","_et_gb_content_width":""},"product_brand":[],"product_cat":[1546],"product_tag":[1547,1496],"class_list":{"0":"post-19221","1":"product","2":"type-product","3":"status-publish","4":"has-post-thumbnail","6":"product_cat-boom-cylinders","7":"product_tag-boom-cylinders","8":"product_tag-hydraulic-cylinders","10":"first","11":"instock","12":"shipping-taxable","13":"product-type-simple"},"amp_enabled":true,"_links":{"self":[{"href":"https:\/\/www.hydraulic-cylinders.net\/sv\/wp-json\/wp\/v2\/product\/19221","targetHints":{"allow":["GET"]}}],"collection":[{"href":"https:\/\/www.hydraulic-cylinders.net\/sv\/wp-json\/wp\/v2\/product"}],"about":[{"href":"https:\/\/www.hydraulic-cylinders.net\/sv\/wp-json\/wp\/v2\/types\/product"}],"replies":[{"embeddable":true,"href":"https:\/\/www.hydraulic-cylinders.net\/sv\/wp-json\/wp\/v2\/comments?post=19221"}],"wp:featuredmedia":[{"embeddable":true,"href":"https:\/\/www.hydraulic-cylinders.net\/sv\/wp-json\/wp\/v2\/media\/17877"}],"wp:attachment":[{"href":"https:\/\/www.hydraulic-cylinders.net\/sv\/wp-json\/wp\/v2\/media?parent=19221"}],"wp:term":[{"taxonomy":"product_brand","embeddable":true,"href":"https:\/\/www.hydraulic-cylinders.net\/sv\/wp-json\/wp\/v2\/product_brand?post=19221"},{"taxonomy":"product_cat","embeddable":true,"href":"https:\/\/www.hydraulic-cylinders.net\/sv\/wp-json\/wp\/v2\/product_cat?post=19221"},{"taxonomy":"product_tag","embeddable":true,"href":"https:\/\/www.hydraulic-cylinders.net\/sv\/wp-json\/wp\/v2\/product_tag?post=19221"}],"curies":[{"name":"wp","href":"https:\/\/api.w.org\/{rel}","templated":true}]}}