{"id":19225,"date":"2025-04-07T06:19:03","date_gmt":"2025-04-07T06:19:03","guid":{"rendered":"https:\/\/www.hydraulic-cylinders.net\/product\/boom-cylinder-for-zoomlion-large-excavator-ze520e\/"},"modified":"2025-04-07T06:19:05","modified_gmt":"2025-04-07T06:19:05","slug":"boom-cylinder-for-zoomlion-large-excavator-ze520e","status":"publish","type":"product","link":"https:\/\/www.hydraulic-cylinders.net\/sv\/produkt\/boom-cylinder-for-zoomlion-large-excavator-ze520e\/","title":{"rendered":"Bomcylinder f\u00f6r Zoomlion stor gr\u00e4vmaskin ZE520E"},"content":{"rendered":"<h1>Bomcylinder f\u00f6r Zoomlion stor gr\u00e4vmaskin ZE520E<\/h1>\n<h2>Produkt\u00f6versikt<\/h2>\n<p>Bomcylindern f\u00f6r Zoomlions stora gr\u00e4vmaskin ZE520E \u00e4r en hydraulcylinder som \u00e4r speciellt utformad f\u00f6r att styra bommens r\u00f6relse i tunga maskiner som gr\u00e4vmaskiner. Denna viktiga komponent g\u00f6r att bommen kan lyftas, s\u00e4nkas och lutas, vilket underl\u00e4ttar effektiva materialhanteringsuppgifter. I hydrauliska system spelar bomcylindern en avg\u00f6rande roll f\u00f6r att omvandla hydraulisk energi till mekanisk kraft, vilket g\u00f6r den viktig f\u00f6r bygg, gr\u00e4vning och andra tunga applikationer.<\/p>\n<p><img decoding=\"async\" src=\"https:\/\/www.hydraulic-cylinders.net\/wp-content\/uploads\/2025\/04\/songte-company-1.webp\" alt=\"Bomcylinder f\u00f6r gr\u00e4vmaskiner\" \/><\/p>\n<h3>Definition och funktion av bomcylindern<\/h3>\n<p>Bomcylindern \u00e4r en typ av hydraulcylinder som \u00e4r konstruerad f\u00f6r att fungera i tuffa milj\u00f6er, vilket m\u00f6jligg\u00f6r exakt kontroll av bommens r\u00f6relser. Den fungerar genom att anv\u00e4nda hydraulv\u00e4tska f\u00f6r att skapa tryck, vilket i sin tur r\u00f6r cylinderns kolv. N\u00e4r kolven r\u00f6r sig f\u00f6rl\u00e4ngs eller dras den in, vilket resulterar i bommens vertikala och horisontella r\u00f6relser. Denna mekanism \u00e4r avg\u00f6rande f\u00f6r uppgifter som att gr\u00e4va, lyfta och transportera tunga material, vilket g\u00f6r den till en oumb\u00e4rlig del av gr\u00e4vmaskiner och andra byggmaskiner.<\/p>\n<h2>Viktiga funktioner hos bomcylindern<\/h2>\n<ul>\n<li><strong>H\u00f6g styrka och h\u00e5llbarhet:<\/strong> Cylindern \u00e4r tillverkad av h\u00f6gh\u00e5llfast st\u00e5l eller aluminium och t\u00e5l h\u00f6ga tryck och tunga belastningar, vilket g\u00f6r den l\u00e4mplig f\u00f6r tuffa arbetsf\u00f6rh\u00e5llanden. Dess design betonar slitstyrka och korrosionsskydd, vilket f\u00f6rl\u00e4nger dess livsl\u00e4ngd.<\/li>\n<li><strong>Effektiv hydraulisk drift:<\/strong> Cylindern anv\u00e4nder hydrauliskt oljetryck f\u00f6r smidig ut- och indragning, vilket m\u00f6jligg\u00f6r snabb respons p\u00e5 f\u00f6rarens kommandon och ger kraftfulla drag- och tryckkrafter som \u00e4r idealiska f\u00f6r tunga och komplexa uppgifter.<\/li>\n<li><strong>Olika typer:<\/strong> Cylindern finns i enkelverkande (i en riktning) eller dubbelverkande (i b\u00e5da riktningarna) modeller och kan anpassas till olika driftskrav. Vissa modeller har teleskopiska konstruktioner f\u00f6r st\u00f6rre f\u00f6rl\u00e4ngning utan att \u00f6ka de yttersta m\u00e5tten.<\/li>\n<\/ul>\n<h3>V\u00e5r produktionskapacitet<\/h3>\n<p>Vi tillverkar denna produkt, och v\u00e5ra cylindrar \u00e4r utformade f\u00f6r att perfekt ers\u00e4tta befintliga hydraulcylindrar i olika till\u00e4mpningar.<\/p>\n<p><img decoding=\"async\" src=\"https:\/\/www.hydraulic-cylinders.net\/wp-content\/uploads\/2025\/04\/songte-cylinder-head-with-all-kinds-excavator-models.webp\" alt=\"Topplock f\u00f6r gr\u00e4vmaskiner\" \/><\/p>\n<h2>Anv\u00e4ndningsomr\u00e5den f\u00f6r bomcylindern<\/h2>\n<ul>\n<li>\n<h3>Byggutrustning:<\/h3>\n<p> Inom gr\u00e4vmaskiner \u00e4r bomcylindern avg\u00f6rande f\u00f6r gr\u00e4vning, lastning och f\u00f6rflyttning av jord eller skr\u00e4p. Den g\u00f6r det m\u00f6jligt f\u00f6r operat\u00f6rer att effektivt kontrollera bommens position, vilket \u00f6kar produktiviteten under byggprojekt. Bomens f\u00f6rm\u00e5ga att n\u00e5 betydande h\u00f6jder och djup s\u00e4kerst\u00e4ller att olika uppgifter, s\u00e5som schaktning och materialflyttning, utf\u00f6rs effektivt.<\/li>\n<li>\n<h3>Jordbruksmaskiner:<\/h3>\n<p> I frontlastare anv\u00e4nds bomcylindern f\u00f6r att skopa, lyfta och transportera material som jord, h\u00f6 och andra jordbruksprodukter. Dess robusta design hj\u00e4lper lantbrukare att hantera tunga laster samtidigt som de bibeh\u00e5ller man\u00f6vrerbarheten, vilket g\u00f6r den viktig f\u00f6r uppgifter som att lasta sl\u00e4pvagnar eller omforma mark.<\/li>\n<li>\n<h3>Gr\u00e4vmaskiner:<\/h3>\n<p> Bomcylindern g\u00f6r att gr\u00e4vmaskinens skopa kan tr\u00e4nga ner i jorden, vilket underl\u00e4ttar gr\u00e4vning. Denna funktion \u00e4r avg\u00f6rande f\u00f6r bygg-, landskaps- och gruvdrift d\u00e4r exakt gr\u00e4vning beh\u00f6vs f\u00f6r grundl\u00e4ggning eller f\u00f6r att r\u00f6ja mark.<\/li>\n<li>\n<h3>Lastare:<\/h3>\n<p> I frontlastare hj\u00e4lper bomcylindrar till att lyfta och dumpa material effektivt. Denna funktion \u00e4r avg\u00f6rande f\u00f6r arbeten inom b\u00e5de bygg- och jordbruksmilj\u00f6er, d\u00e4r snabb lossning av material kan f\u00f6rb\u00e4ttra arbetsfl\u00f6det avsev\u00e4rt.<\/li>\n<\/ul>\n<h2>Design\u00f6verv\u00e4ganden och urvalskriterier<\/h2>\n<ul>\n<li>\n<h3>Lastkapacitet:<\/h3>\n<p> Bomcylindern m\u00e5ste kunna b\u00e4ra den maximala f\u00f6rv\u00e4ntade belastningen utan att haverera. Vid val av cylinder \u00e4r det viktigt att beakta vikten p\u00e5 materialet som flyttas och den maximala lyfth\u00f6jden som kr\u00e4vs. Konstruktionen b\u00f6r s\u00e4kerst\u00e4lla att cylindern kan hantera dessa tryck samtidigt som driftss\u00e4kerheten bibeh\u00e5lls.<\/h3>\n<\/li>\n<li>\n<h3>T\u00e4tningseffektivitet:<\/h3>\n<p> God t\u00e4tning \u00e4r avg\u00f6rande f\u00f6r att f\u00f6rhindra l\u00e4ckage av hydraulv\u00e4tska, vilket kan leda till minskad effektivitet och potentiella skador p\u00e5 utrustningen. Att v\u00e4lja r\u00e4tt typ av t\u00e4tningar, s\u00e5som O-ringar eller kolvt\u00e4tningar, och se till att de \u00e4r tillverkade av h\u00e5llbara material som polyuretan eller nitrilgummi, \u00f6kar cylinderns livsl\u00e4ngd.<\/h3>\n<\/li>\n<li>\n<h3>Varaktighet:<\/h3>\n<p> Cylindern b\u00f6r vara konstruerad f\u00f6r l\u00e5ng livsl\u00e4ngd, med h\u00e4nsyn till slitage fr\u00e5n regelbunden anv\u00e4ndning i tuffa milj\u00f6er. Funktioner som en h\u00e5rdf\u00f6rkromad st\u00e5ng och robusta \u00e4ndk\u00e5por kan f\u00f6rb\u00e4ttra h\u00e5llbarheten genom att motst\u00e5 n\u00f6tning och korrosion, vilket \u00e4r vanligt p\u00e5 byggarbetsplatser.<\/h3>\n<\/li>\n<li>\n<h3>S\u00e4kerhetsfunktioner:<\/h3>\n<p> S\u00e4kerhet b\u00f6r prioriteras vid konstruktionen av bomcylindern. Att inf\u00f6rliva s\u00e4kerhetsfunktioner som tryckavlastningsventiler och robusta f\u00e4sten f\u00f6r inf\u00e4stning kan f\u00f6rhindra olyckor och s\u00e4kerst\u00e4lla f\u00f6rarens s\u00e4kerhet vid anv\u00e4ndning av tunga maskiner.<\/h3>\n<\/li>\n<li>\n<h3>Tillg\u00e4nglighet f\u00f6r underh\u00e5ll:<\/h3>\n<p> Konstruktionen b\u00f6r m\u00f6jligg\u00f6ra enkel \u00e5tkomst till komponenter som kr\u00e4ver regelbundet underh\u00e5ll, s\u00e5som t\u00e4tningar och sm\u00f6rjpunkter. Detta underl\u00e4ttar snabba underh\u00e5lls\u00e5tg\u00e4rder och f\u00f6rl\u00e4nger produktens livsl\u00e4ngd.<\/h3>\n<\/li>\n<\/ul>\n<p><img decoding=\"async\" src=\"https:\/\/www.hydraulic-cylinders.net\/wp-content\/uploads\/2025\/04\/songte-oil-pipes-and-spare-parts.webp\" alt=\"Hydrauliska komponenter och delar\" \/><\/p>\n<h2>T\u00e4tning och sm\u00f6rjning av cylindern<\/h2>\n<p>Korrekt t\u00e4tning och sm\u00f6rjning \u00e4r avg\u00f6rande f\u00f6r effektiv drift av bomcylindrar. Olika t\u00e4tningskomponenter som kolvt\u00e4tningar och st\u00e5ngt\u00e4tningar anv\u00e4nds f\u00f6r att f\u00f6rhindra l\u00e4ckage av hydraulv\u00e4tska, vilket s\u00e4kerst\u00e4ller optimal prestanda. T\u00e4tningar tillverkade av slitstarka material, s\u00e5som polyuretan och nitrilgummi, \u00e4r att f\u00f6redra f\u00f6r sin h\u00e5llbarhet. Dessutom genomg\u00e5r cylinderhuset och de g\u00e4ngade \u00e4ndytorna exakta ytbehandlingsprocesser f\u00f6r att f\u00f6rb\u00e4ttra slitstyrkan.<\/p>\n<p>Regelbunden sm\u00f6rjning med hydraulolja \u00e4r avg\u00f6rande f\u00f6r att bibeh\u00e5lla cylinderns prestanda. Tillr\u00e4cklig sm\u00f6rjning minskar friktionen mellan r\u00f6rliga delar, vilket f\u00f6rhindrar slitage och f\u00f6rl\u00e4nger cylinderns livsl\u00e4ngd. Operat\u00f6rer b\u00f6r se till att hydrauloljan fylls p\u00e5 vid behov och \u00f6vervaka v\u00e4tskeniv\u00e5erna under regelbundna underh\u00e5llskontroller.<\/p>\n<h2>Regelbunden inspektion och f\u00f6rebyggande underh\u00e5ll<\/h2>\n<ul>\n<li>\n<h3>Rutininspektioner:<\/h3>\n<p> Att regelbundet kontrollera bomcylindern \u00e4r viktigt f\u00f6r att identifiera tecken p\u00e5 slitage, l\u00e4ckor eller skador. F\u00f6rare b\u00f6r kontrollera cylinderns utsida f\u00f6r sprickor eller korrosion och s\u00e4kerst\u00e4lla att t\u00e4tningarna \u00e4r intakta. Tidig uppt\u00e4ckt av problem kan f\u00f6rhindra mer allvarliga fel och kostsamma reparationer.<\/h3>\n<\/li>\n<li>\n<h3>Korrekt sm\u00f6rjning:<\/h3>\n<p> Att s\u00e4kerst\u00e4lla att cylindern \u00e4r tillr\u00e4ckligt smord \u00e4r avg\u00f6rande f\u00f6r dess smidiga drift. Regelbunden tillsats av r\u00e4tt typ och m\u00e4ngd hydraulv\u00e4tska minimerar friktion och slitage. Operat\u00f6rer b\u00f6r uppr\u00e4tth\u00e5lla ett sm\u00f6rjschema baserat p\u00e5 anv\u00e4ndningsintensitet f\u00f6r att h\u00e5lla hydraulsystemet i optimal funktion.<\/h3>\n<\/li>\n<li>\n<h3>Byte av t\u00e4tning:<\/h3>\n<p> Med tiden kan t\u00e4tningar slitas ut och f\u00f6rlora sin effektivitet. Att regelbundet kontrollera t\u00e4tningarna f\u00f6r tecken p\u00e5 slitage eller skador och byta ut dem vid behov kan f\u00f6rhindra l\u00e4ckage och bibeh\u00e5lla hydraultrycket. Denna proaktiva metod s\u00e4kerst\u00e4ller bomcylinderns livsl\u00e4ngd och tillf\u00f6rlitlighet.<\/h3>\n<\/li>\n<\/ul>\n<p><img decoding=\"async\" src=\"https:\/\/www.hydraulic-cylinders.net\/wp-content\/uploads\/2025\/04\/songte-chushion-collar.webp\" alt=\"D\u00e4mpningskrage f\u00f6r cylindrar\" \/><\/p>\n<h2>S\u00e4kerhetsaspekter och milj\u00f6faktorer<\/h2>\n<p>Vid arbete med hydraulcylindrar \u00e4r s\u00e4kerhets\u00e5tg\u00e4rder av st\u00f6rsta vikt. Korrekt utbildning och efterlevnad av s\u00e4kerhetsprotokoll kan f\u00f6rhindra olyckor som kan uppst\u00e5 p\u00e5 grund av felaktig anv\u00e4ndning eller underh\u00e5ll av bomcylindern. F\u00f6rare b\u00f6r vara medvetna om potentiella faror, s\u00e5som l\u00e4ckage av hydraulv\u00e4tska, vilket kan skapa hala ytor och leda till fall. Dessutom \u00e4r det avg\u00f6rande f\u00f6r s\u00e4ker drift att cylindern \u00e4r s\u00e4kert monterad och att s\u00e4kerhetsmekanismer finns p\u00e5 plats.<\/p>\n<h2>Fels\u00f6kning och vanliga problem<\/h2>\n<ul>\n<li>\n<h3>L\u00e4ckage av hydraulv\u00e4tska:<\/h3>\n<p> Ett av de vanligaste problemen med bomcylindrar \u00e4r l\u00e4ckage av hydraulv\u00e4tska. Dessa l\u00e4ckor kan uppst\u00e5 p\u00e5 grund av slitna t\u00e4tningar eller skadade cylinderkomponenter. Regelbundna inspektioner kan hj\u00e4lpa till att identifiera l\u00e4ckor tidigt, vilket m\u00f6jligg\u00f6r snabba reparationer f\u00f6r att f\u00f6rhindra v\u00e4tskef\u00f6rlust.<\/h3>\n<\/li>\n<li>\n<h3>Inkonsekvent prestanda:<\/h3>\n<p> Om bomcylindern r\u00f6r sig l\u00e5ngsamt eller oregelbundet kan det tyda p\u00e5 problem med hydraultrycket eller blockeringar i hydraulledningarna. Fels\u00f6kning inneb\u00e4r att kontrollera v\u00e4tskeniv\u00e5er, inspektera slangar f\u00f6r veck eller skador och s\u00e4kerst\u00e4lla att hydraulpumpen fungerar korrekt.<\/h3>\n<\/li>\n<li>\n<h3>\u00d6verdrivet slitage:<\/h3>\n<p> Med tiden kan \u00f6verdrivet slitage p\u00e5 cylinderns komponenter leda till minskad effektivitet och potentiellt haveri. Regelbundet underh\u00e5ll, inklusive byte av t\u00e4tningar och sm\u00f6rjning, \u00e4r avg\u00f6rande f\u00f6r att f\u00f6rl\u00e4nga cylinderns livsl\u00e4ngd och bibeh\u00e5lla optimal prestanda.<\/h3>\n<\/li>\n<\/ul>\n<p><img decoding=\"async\" src=\"https:\/\/www.hydraulic-cylinders.net\/wp-content\/uploads\/2025\/04\/songte-bushings-with-all-kinds-of-excavator-models.webp\" alt=\"Bussningar f\u00f6r gr\u00e4vmaskinsmodeller\" \/><\/p>\n<h2>Tips f\u00f6r felhantering och f\u00f6rebyggande \u00e5tg\u00e4rder<\/h2>\n<p>Effektiv felhantering och f\u00f6rebyggande \u00e5tg\u00e4rder \u00e4r avg\u00f6rande f\u00f6r att bibeh\u00e5lla bomcylinderns prestanda. Operat\u00f6rer b\u00f6r ta fram en checklista \u00f6ver vanliga problem och motsvarande l\u00f6sningar, s\u00e5som att identifiera k\u00e4llan till hydraulv\u00e4tskel\u00e4ckor och omedelbart \u00e5tg\u00e4rda dem. Genom att implementera rutinm\u00e4ssiga underh\u00e5llsscheman kan risken f\u00f6r ov\u00e4ntade fel avsev\u00e4rt minskas.<\/p>\n<p>Dessutom kan utbildning f\u00f6r operat\u00f6rer i att k\u00e4nna igen tidiga tecken p\u00e5 funktionsfel ge dem m\u00f6jlighet att vidta korrigerande \u00e5tg\u00e4rder innan ett litet problem eskalerar till ett allvarligt problem. Regelbunden uppdatering av underh\u00e5llsprotokoll i enlighet med tillverkarens riktlinjer kan ytterligare f\u00f6rb\u00e4ttra utrustningens tillf\u00f6rlitlighet.<\/p>\n<h2>F\u00f6retags\u00f6versikt<\/h2>\n<p>Vi \u00e4r en ledande tillverkare av hydraulcylindrar och specialiserar oss p\u00e5 att producera h\u00f6gkvalitativa ers\u00e4ttningscylindrar f\u00f6r olika till\u00e4mpningar. V\u00e5rt omfattande produktsortiment har positionerat oss som en av de ledande tillverkarna och grossistdistribut\u00f6rerna p\u00e5 b\u00e5de inhemska och internationella marknader. Vi f\u00f6ljer principerna om h\u00f6gsta kvalitet och f\u00f6rlitar oss p\u00e5 en noggrann tillverkningsstrategi.<\/p>\n<p>V\u00e5rt f\u00f6retag investerar kontinuerligt i avancerad teknik, h\u00f6gkvalitativ tillverkningsutrustning och professionella testsystem f\u00f6r att f\u00f6rb\u00e4ttra produktionsplattformen och f\u00f6rb\u00e4ttra produktkvaliteten. V\u00e5r starka innovationsf\u00f6rm\u00e5ga \u00e4r grundad i effektivitet, precision och kvalitet, vilket g\u00f6r det m\u00f6jligt f\u00f6r oss att m\u00f6ta v\u00e5ra kunders olika behov.<\/p>\n<p><img decoding=\"async\" src=\"https:\/\/www.hydraulic-cylinders.net\/wp-content\/uploads\/2025\/04\/songte-company-4.webp\" alt=\"F\u00f6retagsbild 1\" \/><br \/>\n<img decoding=\"async\" src=\"https:\/\/www.hydraulic-cylinders.net\/wp-content\/uploads\/2025\/04\/songte-company-3.webp\" alt=\"F\u00f6retagsbild 2\" \/><\/p>\n<p>Med professionell expertis, internationella certifieringar, anpassningsbara tj\u00e4nster, toppmodern produktionsutrustning och p\u00e5litlig eftermarknadssupport \u00e4r vi engagerade i att f\u00f6rse kunderna med de b\u00e4sta l\u00f6sningarna f\u00f6r deras hydrauliska behov.<\/p>\n<p>F\u00f6rfattare: lyl<\/p>","protected":false},"excerpt":{"rendered":"<p>Boom Cylinder For Zoomlion Large Excavator ZE520E Product Overview The Boom Cylinder for Zoomlion Large Excavator ZE520E is a hydraulic cylinder specifically designed to control the movement of the boom in heavy machinery such as excavators. This vital component enables the boom to lift, lower, and tilt, facilitating efficient material handling tasks. In hydraulic systems, [&hellip;]<\/p>","protected":false},"featured_media":17881,"comment_status":"open","ping_status":"closed","template":"","meta":{"_et_pb_use_builder":"","_et_pb_old_content":"","_et_gb_content_width":""},"product_brand":[],"product_cat":[1546],"product_tag":[1547,1496],"class_list":{"0":"post-19225","1":"product","2":"type-product","3":"status-publish","4":"has-post-thumbnail","6":"product_cat-boom-cylinders","7":"product_tag-boom-cylinders","8":"product_tag-hydraulic-cylinders","10":"first","11":"instock","12":"shipping-taxable","13":"product-type-simple"},"amp_enabled":true,"_links":{"self":[{"href":"https:\/\/www.hydraulic-cylinders.net\/sv\/wp-json\/wp\/v2\/product\/19225","targetHints":{"allow":["GET"]}}],"collection":[{"href":"https:\/\/www.hydraulic-cylinders.net\/sv\/wp-json\/wp\/v2\/product"}],"about":[{"href":"https:\/\/www.hydraulic-cylinders.net\/sv\/wp-json\/wp\/v2\/types\/product"}],"replies":[{"embeddable":true,"href":"https:\/\/www.hydraulic-cylinders.net\/sv\/wp-json\/wp\/v2\/comments?post=19225"}],"wp:featuredmedia":[{"embeddable":true,"href":"https:\/\/www.hydraulic-cylinders.net\/sv\/wp-json\/wp\/v2\/media\/17881"}],"wp:attachment":[{"href":"https:\/\/www.hydraulic-cylinders.net\/sv\/wp-json\/wp\/v2\/media?parent=19225"}],"wp:term":[{"taxonomy":"product_brand","embeddable":true,"href":"https:\/\/www.hydraulic-cylinders.net\/sv\/wp-json\/wp\/v2\/product_brand?post=19225"},{"taxonomy":"product_cat","embeddable":true,"href":"https:\/\/www.hydraulic-cylinders.net\/sv\/wp-json\/wp\/v2\/product_cat?post=19225"},{"taxonomy":"product_tag","embeddable":true,"href":"https:\/\/www.hydraulic-cylinders.net\/sv\/wp-json\/wp\/v2\/product_tag?post=19225"}],"curies":[{"name":"wp","href":"https:\/\/api.w.org\/{rel}","templated":true}]}}