{"id":1923,"date":"2023-10-20T06:03:53","date_gmt":"2023-10-20T06:03:53","guid":{"rendered":"https:\/\/hydraulic-cylinders.net\/?post_type=product&#038;p=1923"},"modified":"2023-10-20T06:09:25","modified_gmt":"2023-10-20T06:09:25","slug":"v90n-dp-series-axial-piston-variable-displacement-double-hydraulic-pump","status":"publish","type":"product","link":"https:\/\/www.hydraulic-cylinders.net\/sv\/produkt\/v90n-dp-series-axial-piston-variable-displacement-double-hydraulic-pump\/","title":{"rendered":"V90N-DP-serien axialkolvs variabel deplacement dubbelhydraulpump"},"content":{"rendered":"<h1 style=\"text-align: center;\"><strong>V90N-DP-serien axialkolvs variabel deplacement dubbelhydraulpump<\/strong><\/h1>\n<p><img loading=\"lazy\" decoding=\"async\" class=\"aligncenter wp-image-1945\" src=\"https:\/\/hydraulic-cylinders.net\/wp-content\/uploads\/2023\/10\/v90n-dp-series-axial-piston-variable-displacement-double-pump-1-300x300.webp\" alt=\"\" width=\"400\" height=\"400\" \/><\/p>\n<p>V90N-DP-seriens hydraulpump med variabelt deplacement och axialkolv \u00e4r en revolutionerande l\u00f6sning som kombinerar kraft, effektivitet och m\u00e5ngsidighet. Pumpen \u00e4r utformad f\u00f6r att m\u00f6ta kraven fr\u00e5n moderna hydraulsystem och levererar exceptionell prestanda i en m\u00e4ngd olika till\u00e4mpningar. Denna omfattande artikel kommer att f\u00f6rdjupa sig i de viktigaste funktionerna, anv\u00e4ndningsmetoderna och underh\u00e5llsriktlinjerna f\u00f6r V90n-DP-seriens hydraulpump med variabelt deplacement och axialkolv.<\/p>\n<p>V90N-DP-seriens hydraulpump med variabelt deplacement och axialkolv \u00e4r en kraftfull och m\u00e5ngsidig l\u00f6sning f\u00f6r hydraulsystem. Med sin dubbelpumpskonfiguration, variabla deplacementteknik och h\u00f6gtryckskapacitet levererar denna pump exceptionell prestanda inom olika industriella till\u00e4mpningar. Genom att f\u00f6lja de rekommenderade anv\u00e4ndningsmetoderna och regelbundna underh\u00e5llspraxis kommer pumpen i v90n-dp-serien att forts\u00e4tta att ge enast\u00e5ende prestanda och bidra till hydraulsystemens framg\u00e5ng. Omfamna kraften i m\u00e5ngsidighet och effektivitet med V90n-dp-seriens hydraulpump med variabelt deplacement och frig\u00f6r den fulla potentialen i ditt hydraulsystem.<\/p>\n<p>V90N-DP-serien axialkolvpump med variabel slagvolym, dubbel hydraulpump, viktiga egenskaper:<\/p>\n<ul>\n<li>Dubbelpumpkonfiguration: V90N-DP-serien har en dubbelpumpkonfiguration som integrerar tv\u00e5 pumpar i en enda enhet. Denna design maximerar kraftf\u00f6rdelningen och f\u00f6rb\u00e4ttrar systemets totala prestanda, vilket g\u00f6r den idealisk f\u00f6r applikationer som kr\u00e4ver flera hydrauliska funktioner eller samtidig drift.<\/li>\n<li>Variabel slagvolymsteknik: Pumpen i V90N-DP-serien \u00e4r utrustad med avancerad variabel slagvolymsteknik och m\u00f6jligg\u00f6r exakt justering av utmatningsvolymen f\u00f6r varje pump. Denna funktion optimerar energif\u00f6rbrukningen, minskar v\u00e4rmeutvecklingen och f\u00f6rb\u00e4ttrar hydraulsystemets totala effektivitet.<\/li>\n<li>H\u00f6gtryckskapacitet: Med sin robusta axialkolvkonstruktion levererar pumpen i V90N-DP-serien exceptionell prestanda \u00e4ven under h\u00f6gtrycksf\u00f6rh\u00e5llanden. Den s\u00e4kerst\u00e4ller tillf\u00f6rlitlig drift och effektiv kraft\u00f6verf\u00f6ring, vilket g\u00f6r den l\u00e4mplig f\u00f6r kr\u00e4vande industriella applikationer.<\/li>\n<li>M\u00e5ngsidiga till\u00e4mpningar: Pumpen i V90N-DP-serien \u00e4r mycket m\u00e5ngsidig och kan anv\u00e4ndas inom olika branscher, inklusive bygg, jordbruk, materialhantering med mera. Dess anpassningsf\u00f6rm\u00e5ga till olika arbetsf\u00f6rh\u00e5llanden och krav g\u00f6r den v\u00e4rdefull f\u00f6r en m\u00e4ngd olika hydrauliska till\u00e4mpningar.<\/li>\n<\/ul>\n<h2><strong>V90N-DP-serien axialkolv variabel deplacement dubbel hydraulpump Parameter:<\/strong><\/h2>\n<table class=\"table table-bordered table-hover table-colored\" data-sort=\"sortDisabled\">\n<tbody>\n<tr class=\"firstRow\">\n<td colspan=\"2\" align=\"left\" valign=\"middle\">Storlek<\/td>\n<td align=\"center\" valign=\"middle\">V90N180DP<\/td>\n<td align=\"center\" valign=\"middle\">V90N212DP<\/td>\n<td align=\"center\" valign=\"middle\">V90N230DP<\/td>\n<td align=\"center\" valign=\"middle\">V90N252DP<\/td>\n<\/tr>\n<tr>\n<td colspan=\"2\" align=\"left\" valign=\"middle\">Slagvolym cc\/varv<\/td>\n<td align=\"center\" valign=\"middle\">180\u00d72<\/td>\n<td align=\"center\" valign=\"middle\">212\u00d72<\/td>\n<td align=\"center\" valign=\"middle\">230\u00d72<\/td>\n<td align=\"center\" valign=\"middle\">252\u00d72<\/td>\n<\/tr>\n<tr>\n<td rowspan=\"2\" align=\"left\" valign=\"middle\">Rotation r\/min<\/td>\n<td align=\"left\" valign=\"middle\">Max f\u00f6r sj\u00e4lvsugande<sup>*1<\/sup><\/td>\n<td align=\"center\" valign=\"middle\">2000<\/td>\n<td align=\"center\" valign=\"middle\">1800<\/td>\n<td align=\"center\" valign=\"middle\">1800<\/td>\n<td align=\"center\" valign=\"middle\">1800<\/td>\n<\/tr>\n<tr>\n<td align=\"left\" valign=\"middle\">Max<sup>*2<\/sup><\/td>\n<td align=\"center\" valign=\"middle\">2400<\/td>\n<td align=\"center\" valign=\"middle\">2000<\/td>\n<td align=\"center\" valign=\"middle\">2000<\/td>\n<td align=\"center\" valign=\"middle\">2000<\/td>\n<\/tr>\n<tr>\n<td rowspan=\"2\" align=\"left\" valign=\"middle\">Tryckst\u00e5ng<\/td>\n<td align=\"left\" valign=\"middle\">Betygsatt<\/td>\n<td align=\"center\" valign=\"middle\">380<\/td>\n<td align=\"center\" valign=\"middle\">350<\/td>\n<td align=\"center\" valign=\"middle\">350<\/td>\n<td align=\"center\" valign=\"middle\">350<\/td>\n<\/tr>\n<tr>\n<td align=\"left\" valign=\"middle\">Topp<\/td>\n<td align=\"center\" valign=\"middle\">420<\/td>\n<td align=\"center\" valign=\"middle\">392<\/td>\n<td align=\"center\" valign=\"middle\">392<\/td>\n<td align=\"center\" valign=\"middle\">392<\/td>\n<\/tr>\n<tr>\n<td colspan=\"2\" align=\"left\" valign=\"middle\">Ing\u00e5ende vridmoment (Nm)<\/td>\n<td align=\"center\" valign=\"middle\">1200<\/td>\n<td align=\"center\" valign=\"middle\">1500<\/td>\n<td align=\"center\" valign=\"middle\">1800<\/td>\n<td align=\"center\" valign=\"middle\">2100<\/td>\n<\/tr>\n<tr>\n<td colspan=\"2\" align=\"left\" valign=\"middle\">M\u00e4ngd olja som ska fyllas i pumphuset (L)<\/td>\n<td colspan=\"4\" align=\"center\" valign=\"middle\">10<\/td>\n<\/tr>\n<tr>\n<td colspan=\"2\" align=\"left\" valign=\"middle\">Sugtryck (bar)<\/td>\n<td colspan=\"4\" align=\"center\" valign=\"middle\">0,7 \uff5e 2<\/td>\n<\/tr>\n<tr>\n<td colspan=\"2\" align=\"left\" valign=\"middle\">Skaltryck (bar)<\/td>\n<td colspan=\"4\" align=\"center\" valign=\"middle\">1<\/td>\n<\/tr>\n<tr>\n<td colspan=\"2\" align=\"left\" valign=\"middle\">Max skaltryck (bar)<\/td>\n<td colspan=\"4\" align=\"center\" valign=\"middle\">3<\/td>\n<\/tr>\n<tr>\n<td colspan=\"2\" align=\"left\" valign=\"middle\">Vikt (kg)<\/td>\n<td align=\"center\" valign=\"middle\">262<\/td>\n<td align=\"center\" valign=\"middle\">270<\/td>\n<td align=\"center\" valign=\"middle\">270<\/td>\n<td align=\"center\" valign=\"middle\">320<\/td>\n<\/tr>\n<tr>\n<td colspan=\"2\" align=\"left\" valign=\"middle\">Oljeviskositet (mm<sup>2<\/sup>\/s<\/td>\n<td colspan=\"4\" align=\"center\" valign=\"middle\">10 \uff5e 1000<sup>*3<\/sup>(B\u00e4sta intervall 16 \uff5e 36)<\/td>\n<\/tr>\n<\/tbody>\n<\/table>\n<h2><strong>F\u00f6rdelar med V90N-DP-serien axialkolvpump med variabel slagvolym och dubbel hydraulpump:<\/strong><\/h2>\n<p>\u2022 Anv\u00e4nds i h\u00f6gtryckssystem med \u00f6ppen krets<br \/>\n\u2022 H\u00f6gt nominellt tryck, h\u00f6g effektivitet, l\u00e5ng livsl\u00e4ngd, till\u00e4mpas under tunga belastningsf\u00f6rh\u00e5llanden<br \/>\n\u2022 Sv\u00e4nghjulsfl\u00e4nsgr\u00e4nssnitt m\u00f6jligg\u00f6r direkt anslutning till kraftuttaget<br \/>\n\u2022 Kompakt design, kort installationsl\u00e4ngd<br \/>\n\u2022 Integrerar flera styrmetoder f\u00f6r att utf\u00f6ra sammansatt styrning av tryck, fl\u00f6de och effekt<\/p>\n<h2><strong>V90N-DP-serien axialkolvs variabel deplacement dubbelhydraulpump <\/strong><strong>Ans\u00f6kan:<\/strong><\/h2>\n<p><img loading=\"lazy\" decoding=\"async\" class=\"alignnone wp-image-1944 size-full\" src=\"https:\/\/hydraulic-cylinders.net\/wp-content\/uploads\/2023\/10\/v90n-dp-series-axial-piston-variable-displacement-double-pump-2.webp\" alt=\"\" width=\"1156\" height=\"260\" srcset=\"https:\/\/hydraulic-cylinders.net\/wp-content\/uploads\/2023\/10\/v90n-dp-series-axial-piston-variable-displacement-double-pump-2.webp 1156w, https:\/\/hydraulic-cylinders.net\/wp-content\/uploads\/2023\/10\/v90n-dp-series-axial-piston-variable-displacement-double-pump-2-980x220.webp 980w, https:\/\/hydraulic-cylinders.net\/wp-content\/uploads\/2023\/10\/v90n-dp-series-axial-piston-variable-displacement-double-pump-2-480x108.webp 480w\" sizes=\"(min-width: 0px) and (max-width: 480px) 480px, (min-width: 481px) and (max-width: 980px) 980px, (min-width: 981px) 1156px, 100vw\" \/><\/p>\n<h2><strong>Anv\u00e4ndningsmetod f\u00f6r V90N-DP-serien axialkolvs variabel deplacement dubbelhydraulisk pump<\/strong><strong>:<\/strong><\/h2>\n<ul>\n<li>Pumpinstallation: V\u00e4lj en l\u00e4mplig plats i hydraulsystemet f\u00f6r att installera V90N-DP-seriens axiella kolvpump med variabelt deplacement. S\u00e4kerst\u00e4ll korrekt uppriktning och f\u00e4st pumpen ordentligt i systemets struktur med l\u00e4mpliga monteringsf\u00e4sten eller tillbeh\u00f6r.<\/li>\n<li>Integrering med hydraulsystemet: Anslut pumpen till hydraulsystemet med kompatibla slangar, kopplingar och ventiler. Se till att alla anslutningar \u00e4r s\u00e4kra, l\u00e4ckagefria och ordentligt \u00e5tdragna f\u00f6r att s\u00e4kerst\u00e4lla optimal hydraulisk prestanda.<\/li>\n<li>V\u00e4tskekompatibilitet: Kontrollera att hydraulv\u00e4tskan som anv\u00e4nds i systemet \u00e4r kompatibel med V90N-DP-seriens pump. Se tillverkarens rekommendationer f\u00f6r l\u00e4mplig v\u00e4tsketyp, viskositet och temperaturomr\u00e5de. \u00d6vervaka och underh\u00e5ll hydraulv\u00e4tskan regelbundet f\u00f6r att s\u00e4kerst\u00e4lla korrekt pumpdrift och livsl\u00e4ngd.<\/li>\n<li>Driftparametrar: Bekanta dig med pumpens styralternativ och justera driftsparametrarna enligt hydraulsystemets specifika krav. \u00d6vervaka och justera pumpens deplacementinst\u00e4llningar f\u00f6r att optimera prestanda och energieffektivitet.<\/li>\n<\/ul>\n<h2><strong>Hur man luftar en hydraulcylinder?<\/strong><\/h2>\n<p>Luftning av en hydraulcylinder \u00e4r en process som anv\u00e4nds f\u00f6r att avl\u00e4gsna luft eller gas som finns kvar i systemet och s\u00e4kerst\u00e4lla korrekt funktion. H\u00e4r \u00e4r en steg-f\u00f6r-steg-guide om hur man luftar en hydraulcylinder:<\/p>\n<ol>\n<li><strong>S\u00e4kerhets\u00e5tg\u00e4rder:<\/strong>\n<ul>\n<li>Se till att hydraulsystemet \u00e4r tryckl\u00f6st och avst\u00e4ngt.<\/li>\n<li>Anv\u00e4nd l\u00e4mplig personlig skyddsutrustning, s\u00e5som handskar och skyddsglas\u00f6gon.<\/li>\n<\/ul>\n<\/li>\n<li><strong>Lokalisera avluftningsventilen:<\/strong>\n<ul>\n<li>Identifiera luftningsventilen p\u00e5 hydraulcylindern. Den \u00e4r vanligtvis placerad n\u00e4ra cylinderns h\u00f6gsta punkt eller p\u00e5 \u00e4ndk\u00e5pan.<\/li>\n<\/ul>\n<\/li>\n<li><strong>F\u00f6rbered verktyg:<\/strong>\n<ul>\n<li>Samla de n\u00f6dv\u00e4ndiga verktygen, inklusive en skiftnyckel eller hylsa som passar till avluftningsventilen.<\/li>\n<\/ul>\n<\/li>\n<li><strong>Placera en beh\u00e5llare:<\/strong>\n<ul>\n<li>Placera en l\u00e4mplig beh\u00e5llare eller absorberande material under avluftningsventilen f\u00f6r att f\u00e5nga upp eventuell v\u00e4tska som kan sl\u00e4ppas ut under avluftningsprocessen.<\/li>\n<\/ul>\n<\/li>\n<li><strong>\u00d6ppna avluftningsventilen:<\/strong>\n<ul>\n<li>\u00d6ppna l\u00e5ngsamt och f\u00f6rsiktigt luftningsventilen moturs med hj\u00e4lp av skiftnyckeln eller hylsnyckeln. Detta g\u00f6r att luft eller gas kan komma ut ur cylindern.<\/li>\n<\/ul>\n<\/li>\n<li><strong>\u00d6vervaka v\u00e4tskefl\u00f6de:<\/strong>\n<ul>\n<li>H\u00e5ll koll p\u00e5 v\u00e4tskefl\u00f6det fr\u00e5n luftningsventilen. Inledningsvis kan luft eller gas sl\u00e4ppas ut, f\u00f6ljt av en j\u00e4mn str\u00f6m av hydraulv\u00e4tska. L\u00e5t v\u00e4tskan fl\u00f6da tills alla luftbubblor har eliminerats och endast v\u00e4tska kommer ut.<\/li>\n<\/ul>\n<\/li>\n<li><strong>St\u00e4ng avluftningsventilen:<\/strong>\n<ul>\n<li>N\u00e4r endast v\u00e4tskan fl\u00f6dar j\u00e4mnt, st\u00e4ng avluftningsventilen medurs. Se till att den \u00e4r ordentligt \u00e5tdragen, men undvik att dra \u00e5t f\u00f6r h\u00e5rt f\u00f6r att f\u00f6rhindra skador.<\/li>\n<\/ul>\n<\/li>\n<li><strong>Kontrollera v\u00e4tskeniv\u00e5n:<\/strong>\n<ul>\n<li>Kontrollera hydraulv\u00e4tskeniv\u00e5n i systemets beh\u00e5llare. Fyll p\u00e5 v\u00e4tska vid behov f\u00f6r att bibeh\u00e5lla den rekommenderade niv\u00e5n.<\/li>\n<\/ul>\n<\/li>\n<li><strong>Testcylinderns funktion:<\/strong>\n<ul>\n<li>Sl\u00e5 p\u00e5 hydraulsystemet och k\u00f6r cylindern genom hela dess r\u00f6relseomr\u00e5de. Observera eventuella avvikelser eller oregelbundenheter i dess r\u00f6relse.<\/li>\n<\/ul>\n<\/li>\n<li><strong>Upprepa vid behov:<\/strong>\n<ul>\n<li>Om det fortfarande finns tecken p\u00e5 luft i systemet eller om cylindern inte g\u00e5r smidigt, upprepa luftningsprocessen. \u00d6ppna luftningsventilen igen och l\u00e5t mer v\u00e4tska fl\u00f6da tills all luft \u00e4r utsl\u00e4ppt.<\/li>\n<\/ul>\n<\/li>\n<li><strong>Slutkontroll och underh\u00e5ll:<\/strong>\n<ul>\n<li>Utf\u00f6r en slutlig inspektion av hydraulsystemet f\u00f6r att kontrollera eventuella l\u00e4ckor, korrekt v\u00e4tskeniv\u00e5 och smidig drift. \u00c5tg\u00e4rda eventuella problem vid behov.<\/li>\n<li>Implementera ett regelbundet underh\u00e5llsschema f\u00f6r hydraulsystemet, inklusive regelbundna kontroller av luftansamling och avluftning vid behov.<\/li>\n<\/ul>\n<\/li>\n<\/ol>\n<h2><strong>Fabrikens kapacitet och kapacitet:<\/strong><\/h2>\n<h3>(1) Montering<\/h3>\n<p>Vi har en f\u00f6rstklassig oberoende forsknings- och utvecklingsplattform. Verkstaden f\u00f6r tillverkning av hydraulcylindrar har fyra halvautomatiska monteringslinjer f\u00f6r lyftcylindrar och en automatisk monteringslinje f\u00f6r tiltcylindrar, med en planerad \u00e5rlig produktionskapacitet p\u00e5 1 miljon enheter. Specialcylinderverkstaden \u00e4r utrustad med olika specifikationer f\u00f6r ett halvautomatiskt reng\u00f6ringsmonteringssystem med en planerad \u00e5rlig produktionskapacitet p\u00e5 200 000 och utrustad med k\u00e4nd CNC-bearbetningsutrustning, ett fleroperationscenter, en specialutrustning f\u00f6r h\u00f6gprecisionscylindrar, en robotsvetsmaskin, en automatisk reng\u00f6ringsmaskin, en automatisk cylindermonteringsmaskin och en automatisk produktionslinje f\u00f6r m\u00e5lning. Befintlig kritisk utrustning p\u00e5 mer \u00e4n 300 set (set). Optimal allokering och effektiv anv\u00e4ndning av utrustningsresurser s\u00e4kerst\u00e4ller produkternas noggrannhetskrav och uppfyller produkternas h\u00f6ga kvalitetsbehov.<\/p>\n<p><img loading=\"lazy\" decoding=\"async\" class=\"alignnone wp-image-626\" src=\"https:\/\/hydraulic-cylinders.net\/wp-content\/uploads\/2023\/08\/hydraulic-cylinder-product-1-300x158.webp\" alt=\"\" width=\"495\" height=\"260\" srcset=\"https:\/\/hydraulic-cylinders.net\/wp-content\/uploads\/2023\/08\/hydraulic-cylinder-product-1-300x158.webp 495w, https:\/\/hydraulic-cylinders.net\/wp-content\/uploads\/2023\/08\/hydraulic-cylinder-product-1-480x252.webp 480w\" sizes=\"(min-width: 0px) and (max-width: 480px) 480px, (min-width: 481px) 495px, 100vw\" \/> <img loading=\"lazy\" decoding=\"async\" class=\"alignnone wp-image-627\" src=\"https:\/\/hydraulic-cylinders.net\/wp-content\/uploads\/2023\/08\/hydraulic-cylinder-product-2-300x189.webp\" alt=\"\" width=\"413\" height=\"260\" \/><\/p>\n<h3>(2) Maskinbearbetning<\/h3>\n<p>Bearbetningsverkstaden \u00e4r utrustad med en specialanpassad svarvcentral f\u00f6r lutande r\u00e4ls, bearbetningscenter, h\u00f6ghastighetsh\u00f6nsmaskin, svetsrobot och annan relaterad utrustning, som kan hantera bearbetning av cylinderr\u00f6r med en maximal innerdiameter p\u00e5 400 mm och en maximal l\u00e4ngd p\u00e5 6 meter.<\/p>\n<p><img loading=\"lazy\" decoding=\"async\" class=\"alignnone wp-image-628 size-large\" src=\"https:\/\/hydraulic-cylinders.net\/wp-content\/uploads\/2023\/08\/hydraulic-cylinder-product-3-1024x391.webp\" alt=\"\" width=\"1024\" height=\"391\" srcset=\"https:\/\/hydraulic-cylinders.net\/wp-content\/uploads\/2023\/08\/hydraulic-cylinder-product-3-980x374.webp 980w, https:\/\/hydraulic-cylinders.net\/wp-content\/uploads\/2023\/08\/hydraulic-cylinder-product-3-480x183.webp 480w\" sizes=\"(min-width: 0px) and (max-width: 480px) 480px, (min-width: 481px) and (max-width: 980px) 980px, (min-width: 981px) 1024px, 100vw\" \/><\/p>\n<h3>(3) Svetsning<\/h3>\n<p><img loading=\"lazy\" decoding=\"async\" class=\"alignnone wp-image-629 size-large\" src=\"https:\/\/hydraulic-cylinders.net\/wp-content\/uploads\/2023\/08\/hydraulic-cylinder-product-4-1024x510.webp\" alt=\"\" width=\"1024\" height=\"510\" srcset=\"https:\/\/hydraulic-cylinders.net\/wp-content\/uploads\/2023\/08\/hydraulic-cylinder-product-4-980x488.webp 980w, https:\/\/hydraulic-cylinders.net\/wp-content\/uploads\/2023\/08\/hydraulic-cylinder-product-4-480x239.webp 480w\" sizes=\"(min-width: 0px) and (max-width: 480px) 480px, (min-width: 481px) and (max-width: 980px) 980px, (min-width: 981px) 1024px, 100vw\" \/><\/p>\n<h3>(4) M\u00e5lning och ytbehandling<\/h3>\n<p>Med sm\u00e5 och medelstora cylindriska automatiska vattenbaserade f\u00e4rgbel\u00e4ggningslinjer, f\u00f6r att uppn\u00e5 automatisk robotlastning och lossning samt automatisk sprutning, \u00e4r den designade kapaciteten 4000 stycken per skift;<br \/>\nVi har \u00e4ven en halvautomatisk f\u00e4rgproduktionslinje f\u00f6r stora cylindrar som drivs av en sl\u00e4pkedja, med en designkapacitet p\u00e5 60 l\u00e5dor per skift.<\/p>\n<p><img loading=\"lazy\" decoding=\"async\" class=\"alignnone wp-image-630\" src=\"https:\/\/hydraulic-cylinders.net\/wp-content\/uploads\/2023\/08\/hydraulic-cylinder-product-5-300x213.webp\" alt=\"\" width=\"366\" height=\"260\" \/> <img loading=\"lazy\" decoding=\"async\" class=\"alignnone wp-image-631\" src=\"https:\/\/hydraulic-cylinders.net\/wp-content\/uploads\/2023\/08\/hydraulic-cylinder-product-6-300x225.webp\" alt=\"\" width=\"347\" height=\"260\" \/><\/p>\n<h3>(5) Testning<\/h3>\n<p>Vi har f\u00f6rstklassiga inspektionsanl\u00e4ggningar och testb\u00e4ddar f\u00f6r att s\u00e4kerst\u00e4lla att cylinderns prestanda uppfyller kraven.<\/p>\n<p><img loading=\"lazy\" decoding=\"async\" class=\"alignnone wp-image-632\" src=\"https:\/\/hydraulic-cylinders.net\/wp-content\/uploads\/2023\/08\/hydraulic-cylinder-product-8-300x200.webp\" alt=\"\" width=\"389\" height=\"260\" \/><\/p>\n<p>&nbsp;<\/p>\n<p>&nbsp;<\/p>\n<p>Vi \u00e4r en av de b\u00e4sta tillverkarna av hydraulcylindrar. Vi kan erbjuda ett helt\u00e4ckande utbud av hydraulcylindrar. Vi tillhandah\u00e5ller \u00e4ven motsvarande <a href=\"https:\/\/hzpt.com\/agricultural-pto-gearbox\/\" target=\"_blank\" rel=\"noopener\">jordbruksv\u00e4xell\u00e5dor<\/a>Vi har exporterat v\u00e5ra produkter till kunder \u00f6ver hela v\u00e4rlden och f\u00e5tt ett gott rykte tack vare v\u00e5r \u00f6verl\u00e4gsna produktkvalitet och kundservice. Vi v\u00e4lkomnar kunder b\u00e5de hemma och utomlands att kontakta oss f\u00f6r att f\u00f6rhandla aff\u00e4rer, utbyta information och <a href=\"https:\/\/www.hydraulic-cylinders.net\/sv\/contact-us\/\">samarbeta med oss<\/a>!<\/p>\n<p>&nbsp;<\/p>","protected":false},"excerpt":{"rendered":"<p>V90N-DP Series Axial Piston Variable Displacement Double Hydraulic Pump The V90N-DP series axial piston variable displacement double hydraulic pump is a revolutionary solution that combines power, efficiency, and versatility. Designed to meet the demands of modern hydraulic systems, this pump delivers exceptional performance in a wide range of applications. This comprehensive article will delve into [&hellip;]<\/p>","protected":false},"featured_media":1946,"comment_status":"open","ping_status":"closed","template":"","meta":{"_et_pb_use_builder":"","_et_pb_old_content":"","_et_gb_content_width":""},"product_brand":[],"product_cat":[1425],"product_tag":[1380],"class_list":{"0":"post-1923","1":"product","2":"type-product","3":"status-publish","4":"has-post-thumbnail","6":"product_cat-piston-pump","7":"product_tag-hydraulic-cylinder","9":"first","10":"instock","11":"shipping-taxable","12":"product-type-simple"},"amp_enabled":true,"_links":{"self":[{"href":"https:\/\/www.hydraulic-cylinders.net\/sv\/wp-json\/wp\/v2\/product\/1923","targetHints":{"allow":["GET"]}}],"collection":[{"href":"https:\/\/www.hydraulic-cylinders.net\/sv\/wp-json\/wp\/v2\/product"}],"about":[{"href":"https:\/\/www.hydraulic-cylinders.net\/sv\/wp-json\/wp\/v2\/types\/product"}],"replies":[{"embeddable":true,"href":"https:\/\/www.hydraulic-cylinders.net\/sv\/wp-json\/wp\/v2\/comments?post=1923"}],"wp:featuredmedia":[{"embeddable":true,"href":"https:\/\/www.hydraulic-cylinders.net\/sv\/wp-json\/wp\/v2\/media\/1946"}],"wp:attachment":[{"href":"https:\/\/www.hydraulic-cylinders.net\/sv\/wp-json\/wp\/v2\/media?parent=1923"}],"wp:term":[{"taxonomy":"product_brand","embeddable":true,"href":"https:\/\/www.hydraulic-cylinders.net\/sv\/wp-json\/wp\/v2\/product_brand?post=1923"},{"taxonomy":"product_cat","embeddable":true,"href":"https:\/\/www.hydraulic-cylinders.net\/sv\/wp-json\/wp\/v2\/product_cat?post=1923"},{"taxonomy":"product_tag","embeddable":true,"href":"https:\/\/www.hydraulic-cylinders.net\/sv\/wp-json\/wp\/v2\/product_tag?post=1923"}],"curies":[{"name":"wp","href":"https:\/\/api.w.org\/{rel}","templated":true}]}}