{"id":1924,"date":"2023-10-20T06:11:20","date_gmt":"2023-10-20T06:11:20","guid":{"rendered":"https:\/\/hydraulic-cylinders.net\/?post_type=product&#038;p=1924"},"modified":"2023-10-20T06:22:44","modified_gmt":"2023-10-20T06:22:44","slug":"hp3g-series-axial-piston-variable-displacement-hydraulic-pump","status":"publish","type":"product","link":"https:\/\/www.hydraulic-cylinders.net\/sv\/produkt\/hp3g-series-axial-piston-variable-displacement-hydraulic-pump\/","title":{"rendered":"HP3G-serien axialkolvs hydraulpump med variabel slagvolym"},"content":{"rendered":"<h1 style=\"text-align: center;\"><strong>HP3G-serien axialkolvs hydraulpump med variabel slagvolym<\/strong><\/h1>\n<p><img loading=\"lazy\" decoding=\"async\" class=\"aligncenter wp-image-1947\" src=\"https:\/\/hydraulic-cylinders.net\/wp-content\/uploads\/2023\/10\/hp3g-series-axial-piston-variable-displacement-pump-1-300x300.webp\" alt=\"\" width=\"400\" height=\"400\" \/><\/p>\n<p>HP3G-seriens hydraulpump med variabelt deplacement och axialkolv \u00e4r en banbrytande hydraulisk l\u00f6sning som kombinerar kraft, effektivitet och m\u00e5ngsidighet. Denna pump \u00e4r utformad f\u00f6r att m\u00f6ta kraven fr\u00e5n moderna industriella applikationer och levererar exceptionell prestanda i en m\u00e4ngd olika hydraulsystem. Den h\u00e4r informativa artikeln kommer att utforska de viktigaste funktionerna, anv\u00e4ndningsmetoderna och underh\u00e5llsriktlinjerna f\u00f6r HP3G-seriens hydraulpump med variabelt deplacement och axialkolv.<\/p>\n<p>HP3G-seriens hydraulpump med variabelt slagvolym och axialkolv \u00e4r en kraftfull och effektiv l\u00f6sning f\u00f6r hydraulsystem. Med sin variabla slagvolymsteknik, h\u00f6gtryckskapacitet och kompakta design levererar denna pump exceptionell prestanda f\u00f6r olika till\u00e4mpningar. Genom att f\u00f6lja de rekommenderade anv\u00e4ndningsmetoderna och regelbundna underh\u00e5llspraxis kommer HP3G-seriens hydraulpump att forts\u00e4tta att ge enast\u00e5ende prestanda och bidra till hydraulsystemens framg\u00e5ng. Utnyttja kraften och effektiviteten hos HP3G-seriens hydraulpump med variabelt slagvolym och axialkolv f\u00f6r att frig\u00f6ra hela potentialen i ditt hydraulsystem.<\/p>\n<p>HP3G-serien axialkolvshydraulpump med variabelt slagvolym, viktiga egenskaper:<\/p>\n<ol>\n<li>Variabel slagvolymsteknik: HP3G-seriens hydraulpump \u00e4r utrustad med avancerad variabel slagvolymsteknik, vilket m\u00f6jligg\u00f6r exakt justering av hydraulpumpens utmatningsvolym. Denna funktion optimerar energif\u00f6rbrukningen, f\u00f6rb\u00e4ttrar systemeffektiviteten och minskar driftskostnaderna.<\/li>\n<li>H\u00f6gtryckskapacitet: Hydraulpumpen HP3G-serien utm\u00e4rker sig i h\u00f6gtrycksapplikationer med sin robusta axialkolvkonstruktion. Den levererar j\u00e4mn prestanda under kr\u00e4vande f\u00f6rh\u00e5llanden, vilket s\u00e4kerst\u00e4ller tillf\u00f6rlitlig drift och effektiv kraft\u00f6verf\u00f6ring.<\/li>\n<li>Kompakt och l\u00e4tt design: Den kompakta och l\u00e4tta designen hos HP3G-seriens hydraulpump g\u00f6r den enkel att integrera i olika hydraulsystem. Dess platsbesparande egenskaper ger installationsflexibilitet, s\u00e4rskilt i applikationer med begr\u00e4nsat utrymme.<\/li>\n<li>Brett anv\u00e4ndningsomr\u00e5de: Hydraulpumpen i HP3G-serien \u00e4r mycket m\u00e5ngsidig, vilket g\u00f6r den l\u00e4mplig f\u00f6r olika industrier, inklusive bygg, jordbruk, materialhantering med mera. Dess anpassningsf\u00f6rm\u00e5ga till olika arbetsf\u00f6rh\u00e5llanden och krav g\u00f6r den till en ov\u00e4rderlig tillg\u00e5ng i hydrauliska system \u00f6ver hela v\u00e4rlden.<\/li>\n<\/ol>\n<h2><strong>HP3G-serien axialkolv variabel deplacement hydraulpump Parameter:<\/strong><\/h2>\n<table class=\"table table-bordered table-hover table-colored\" data-sort=\"sortDisabled\">\n<tbody>\n<tr class=\"firstRow\">\n<td colspan=\"1\" rowspan=\"2\" align=\"center\" valign=\"middle\">Storlek<\/td>\n<td rowspan=\"2\" align=\"center\" valign=\"middle\">Slagvolym cc\/varv<\/td>\n<td colspan=\"2\" rowspan=\"1\" align=\"center\" valign=\"middle\">Tryckst\u00e5ng<\/td>\n<td colspan=\"2\" rowspan=\"1\" align=\"center\" valign=\"middle\">Rotationshastighet r\/min<\/td>\n<\/tr>\n<tr>\n<td align=\"center\" valign=\"middle\">Betygsatt<\/td>\n<td align=\"center\" valign=\"middle\">Topp<\/td>\n<td align=\"center\" valign=\"middle\">Betygsatt<\/td>\n<td align=\"center\" valign=\"middle\">Max<sup>*2<\/sup><\/td>\n<\/tr>\n<tr>\n<td align=\"center\" valign=\"middle\">HP3G28<\/td>\n<td align=\"center\" valign=\"middle\">28<\/td>\n<td align=\"center\" valign=\"middle\">345<\/td>\n<td align=\"center\" valign=\"middle\">380<\/td>\n<td align=\"center\" valign=\"middle\">3400<\/td>\n<td align=\"center\" valign=\"middle\">4000<\/td>\n<\/tr>\n<tr>\n<td align=\"center\" valign=\"middle\">HP3G32<\/td>\n<td align=\"center\" valign=\"middle\">32<\/td>\n<td align=\"center\" valign=\"middle\">345<\/td>\n<td align=\"center\" valign=\"middle\">380<\/td>\n<td align=\"center\" valign=\"middle\">3400<\/td>\n<td align=\"center\" valign=\"middle\">4000<\/td>\n<\/tr>\n<tr>\n<td align=\"center\" valign=\"middle\">HP3G46<\/td>\n<td align=\"center\" valign=\"middle\">46<\/td>\n<td align=\"center\" valign=\"middle\">345<\/td>\n<td align=\"center\" valign=\"middle\">385<\/td>\n<td align=\"center\" valign=\"middle\">3000<\/td>\n<td align=\"center\" valign=\"middle\">4100<\/td>\n<\/tr>\n<\/tbody>\n<\/table>\n<h2><strong>F\u00f6rdelar med axialkolvshydraulpump med variabel slagvolym i HP3G-serien:<\/strong><\/h2>\n<p>\u2022 Anv\u00e4nds i slutna hydrauliska system med h\u00f6gt tryck<br \/>\n\u2022 Fl\u00f6deshastigheten \u00e4r proportionell mot drivhastighet och slagvolym och kan varieras stegl\u00f6st<br \/>\n\u2022 H\u00f6gtrycksventil p\u00e5 pumpens h\u00f6gtryckssida<br \/>\n\u2022 Integrerad oljepump som kyler och kompletterar systemet med olja<br \/>\n\u2022 H\u00f6g tillf\u00f6rlitlighet, l\u00e5ng livsl\u00e4ngd, h\u00f6gt effekt\/vikt-f\u00f6rh\u00e5llande<\/p>\n<h2><strong>HP3G-serien axialkolvs hydraulpump med variabel slagvolym <\/strong><strong>Ans\u00f6kan:<\/strong><\/h2>\n<p><img loading=\"lazy\" decoding=\"async\" class=\"alignnone wp-image-1950 size-full\" src=\"https:\/\/hydraulic-cylinders.net\/wp-content\/uploads\/2023\/10\/hp3g-series-axial-piston-variable-displacement-pump-2.webp\" alt=\"\" width=\"1140\" height=\"217\" srcset=\"https:\/\/hydraulic-cylinders.net\/wp-content\/uploads\/2023\/10\/hp3g-series-axial-piston-variable-displacement-pump-2.webp 1140w, https:\/\/hydraulic-cylinders.net\/wp-content\/uploads\/2023\/10\/hp3g-series-axial-piston-variable-displacement-pump-2-980x187.webp 980w, https:\/\/hydraulic-cylinders.net\/wp-content\/uploads\/2023\/10\/hp3g-series-axial-piston-variable-displacement-pump-2-480x91.webp 480w\" sizes=\"(min-width: 0px) and (max-width: 480px) 480px, (min-width: 481px) and (max-width: 980px) 980px, (min-width: 981px) 1140px, 100vw\" \/><\/p>\n<h2><strong>Anv\u00e4ndningsmetod f\u00f6r HP3G-serien axialkolvs hydraulpump med variabel f\u00f6rskjutning<\/strong><strong>:<\/strong><\/h2>\n<ul>\n<li><strong>Pumpinstallation:<\/strong> V\u00e4lj en l\u00e4mplig plats i hydraulsystemet f\u00f6r att installera HP3G-seriens axialkolvshydraulpump med variabelt deplacement. S\u00e4kerst\u00e4ll korrekt uppriktning och f\u00e4st pumpen ordentligt i systemets struktur med l\u00e4mpliga monteringsf\u00e4sten eller tillbeh\u00f6r.<\/li>\n<li><strong>V\u00e4tskekompatibilitet:<\/strong> Kontrollera att hydraulv\u00e4tskan som anv\u00e4nds i systemet \u00e4r kompatibel med HP3G-seriens hydraulpump. Se tillverkarens rekommendationer f\u00f6r l\u00e4mplig v\u00e4tsketyp, viskositet och temperaturomr\u00e5de. \u00d6vervaka och underh\u00e5ll hydraulv\u00e4tskan regelbundet f\u00f6r att s\u00e4kerst\u00e4lla korrekt drift och livsl\u00e4ngd f\u00f6r hydraulpumpen.<\/li>\n<li><strong>Integrering med hydraulsystem:<\/strong> Anslut hydraulpumpen till hydraulsystemet med kompatibla slangar, kopplingar och ventiler. Se till att alla anslutningar \u00e4r s\u00e4kra, l\u00e4ckagefria och ordentligt \u00e5tdragna f\u00f6r optimal hydraulisk prestanda.<\/li>\n<li><strong>Driftsparametrar:<\/strong> Bekanta dig med hydraulpumpens styralternativ och justera driftsparametrarna enligt hydraulsystemets specifika krav. \u00d6vervaka och \u00e4ndra pumpens slagvolyminst\u00e4llningar f\u00f6r att optimera prestanda och energieffektivitet.<\/li>\n<\/ul>\n<h2><strong>Hur kontrollerar man om en hydraulcylinder l\u00e4cker inuti?<\/strong><\/h2>\n<p>Att kontrollera om det finns interna l\u00e4ckor i en hydraulcylinder \u00e4r en viktig underh\u00e5llsuppgift f\u00f6r att s\u00e4kerst\u00e4lla korrekt funktion och f\u00f6rhindra potentiella problem. H\u00e4r \u00e4r en steg-f\u00f6r-steg-guide om hur man kontrollerar om en hydraulcylinder l\u00e4cker internt:<\/p>\n<ol>\n<li><strong>S\u00e4kerhet f\u00f6rst:<\/strong> Innan du utf\u00f6r n\u00e5gra underh\u00e5llsarbeten, se till att hydraulsystemet \u00e4r tryckl\u00f6st och att alla str\u00f6mk\u00e4llor \u00e4r fr\u00e5nkopplade f\u00f6r att undvika olyckor.<\/li>\n<li><strong>Visuell inspektion:<\/strong> B\u00f6rja med att visuellt inspektera hydraulcylinderns utsida f\u00f6r att uppt\u00e4cka eventuella tecken p\u00e5 oljel\u00e4ckage. Leta efter oljefl\u00e4ckar, droppar eller v\u00e5ta fl\u00e4ckar runt cylinderhuset, st\u00e5ngen och t\u00e4tningarna. Externa l\u00e4ckor kan ocks\u00e5 tyda p\u00e5 interna l\u00e4ckor.<\/li>\n<li><strong>Cylinderindragning:<\/strong> Dra ut hydraulcylindern helt och dra sedan in den helt. Observera om det finns n\u00e5gra m\u00e4rkbara f\u00f6r\u00e4ndringar i hastighet eller motst\u00e5nd under ut- eller indragning. Ovanligt l\u00e5ngsam eller ryckig r\u00f6relse kan vara ett tecken p\u00e5 intern l\u00e4ckage.<\/li>\n<li><strong>H\u00e5llposition:<\/strong> Dra ut cylindern till en specifik position och h\u00e5ll den inst\u00e4lld ett tag, till exempel n\u00e5gra minuter till en timme. \u00d6vervaka om cylindern bibeh\u00e5ller sin position utan att driva. Drift eller gradvis r\u00f6relse tyder p\u00e5 internt l\u00e4ckage.<\/li>\n<li><strong>Cylinderdriftstest:<\/strong> Utf\u00f6r ett cylinderdriftstest genom att helt dra ut cylindern och st\u00e4nga styrventilen f\u00f6r att isolera cylindern fr\u00e5n hydraulsystemet. \u00d6vervaka cylinderns position under en l\u00e4ngre period, till exempel flera timmar, f\u00f6r att kontrollera om det finns r\u00f6relse. Om cylindern driver eller r\u00f6r sig l\u00e5ngsamt tyder det p\u00e5 ett internt l\u00e4ckage.<\/li>\n<li><strong>Tryckfallstest:<\/strong> Anslut en tryckm\u00e4tare till hydraulsystemet och trycks\u00e4tt den till maximalt arbetstryck. St\u00e4ng styrventilen f\u00f6r att isolera cylindern. \u00d6vervaka tryckm\u00e4taren f\u00f6r eventuella betydande tryckfall \u00f6ver tid. Ett snabbt tryckfall indikerar internt l\u00e4ckage.<\/li>\n<li><strong>Demontering och inspektion:<\/strong> Om du misst\u00e4nker en intern l\u00e4cka men inte har identifierat den genom tidigare tester, kan du beh\u00f6va demontera hydraulcylindern f\u00f6r en mer grundlig inspektion. Se tillverkarens anvisningar eller s\u00f6k hj\u00e4lp fr\u00e5n en kvalificerad tekniker f\u00f6r att s\u00e4kerst\u00e4lla korrekt demontering och montering.<\/li>\n<li><strong>T\u00e4tningskontroll:<\/strong> Kontrollera cylinderns t\u00e4tningar, inklusive kolvt\u00e4tningen, kolvst\u00e5ngst\u00e4tningen och packboxt\u00e4tningarna, f\u00f6r tecken p\u00e5 skador, slitage eller f\u00f6rs\u00e4mring. Skadade eller slitna t\u00e4tningar kan orsaka interna l\u00e4ckor. Byt ut alla defekta t\u00e4tningar mot l\u00e4mpliga reservdelar.<\/li>\n<li><strong>\u00c5termontering och testning:<\/strong> Efter att n\u00f6dv\u00e4ndiga inspektioner eller reparationer har slutf\u00f6rts, montera tillbaka hydraulcylindern och utf\u00f6r ett slutligt funktionstest. Utf\u00f6r de tidigare testerna som n\u00e4mnts ovan f\u00f6r att s\u00e4kerst\u00e4lla att de interna l\u00e4ckorna har \u00e5tg\u00e4rdats och att cylindern fungerar korrekt.<\/li>\n<\/ol>\n<h2><strong>Fabrikens kapacitet och kapacitet:<\/strong><\/h2>\n<h3>(1) Montering<\/h3>\n<p>Vi har en f\u00f6rstklassig oberoende forsknings- och utvecklingsplattform. Verkstaden f\u00f6r tillverkning av hydraulcylindrar har fyra halvautomatiska monteringslinjer f\u00f6r lyftcylindrar och en automatisk monteringslinje f\u00f6r tiltcylindrar, med en planerad \u00e5rlig produktionskapacitet p\u00e5 1 miljon enheter. Specialcylinderverkstaden \u00e4r utrustad med olika specifikationer f\u00f6r ett halvautomatiskt reng\u00f6ringsmonteringssystem med en planerad \u00e5rlig produktionskapacitet p\u00e5 200 000 och utrustad med k\u00e4nd CNC-bearbetningsutrustning, ett fleroperationscenter, en specialutrustning f\u00f6r h\u00f6gprecisionscylindrar, en robotsvetsmaskin, en automatisk reng\u00f6ringsmaskin, en automatisk cylindermonteringsmaskin och en automatisk produktionslinje f\u00f6r m\u00e5lning. Befintlig kritisk utrustning p\u00e5 mer \u00e4n 300 set (set). Optimal allokering och effektiv anv\u00e4ndning av utrustningsresurser s\u00e4kerst\u00e4ller produkternas noggrannhetskrav och uppfyller produkternas h\u00f6ga kvalitetsbehov.<\/p>\n<p><img loading=\"lazy\" decoding=\"async\" class=\"alignnone wp-image-626\" src=\"https:\/\/hydraulic-cylinders.net\/wp-content\/uploads\/2023\/08\/hydraulic-cylinder-product-1-300x158.webp\" alt=\"\" width=\"495\" height=\"260\" srcset=\"https:\/\/hydraulic-cylinders.net\/wp-content\/uploads\/2023\/08\/hydraulic-cylinder-product-1-300x158.webp 495w, https:\/\/hydraulic-cylinders.net\/wp-content\/uploads\/2023\/08\/hydraulic-cylinder-product-1-480x252.webp 480w\" sizes=\"(min-width: 0px) and (max-width: 480px) 480px, (min-width: 481px) 495px, 100vw\" \/> <img loading=\"lazy\" decoding=\"async\" class=\"alignnone wp-image-627\" src=\"https:\/\/hydraulic-cylinders.net\/wp-content\/uploads\/2023\/08\/hydraulic-cylinder-product-2-300x189.webp\" alt=\"\" width=\"413\" height=\"260\" \/><\/p>\n<h3>(2) Maskinbearbetning<\/h3>\n<p>Bearbetningsverkstaden \u00e4r utrustad med en specialanpassad svarvcentral f\u00f6r lutande r\u00e4ls, bearbetningscenter, h\u00f6ghastighetsh\u00f6nsmaskin, svetsrobot och annan relaterad utrustning, som kan hantera bearbetning av cylinderr\u00f6r med en maximal innerdiameter p\u00e5 400 mm och en maximal l\u00e4ngd p\u00e5 6 meter.<\/p>\n<p><img loading=\"lazy\" decoding=\"async\" class=\"alignnone wp-image-628 size-large\" src=\"https:\/\/hydraulic-cylinders.net\/wp-content\/uploads\/2023\/08\/hydraulic-cylinder-product-3-1024x391.webp\" alt=\"\" width=\"1024\" height=\"391\" srcset=\"https:\/\/hydraulic-cylinders.net\/wp-content\/uploads\/2023\/08\/hydraulic-cylinder-product-3-980x374.webp 980w, https:\/\/hydraulic-cylinders.net\/wp-content\/uploads\/2023\/08\/hydraulic-cylinder-product-3-480x183.webp 480w\" sizes=\"(min-width: 0px) and (max-width: 480px) 480px, (min-width: 481px) and (max-width: 980px) 980px, (min-width: 981px) 1024px, 100vw\" \/><\/p>\n<h3>(3) Svetsning<\/h3>\n<p><img loading=\"lazy\" decoding=\"async\" class=\"alignnone wp-image-629 size-large\" src=\"https:\/\/hydraulic-cylinders.net\/wp-content\/uploads\/2023\/08\/hydraulic-cylinder-product-4-1024x510.webp\" alt=\"\" width=\"1024\" height=\"510\" srcset=\"https:\/\/hydraulic-cylinders.net\/wp-content\/uploads\/2023\/08\/hydraulic-cylinder-product-4-980x488.webp 980w, https:\/\/hydraulic-cylinders.net\/wp-content\/uploads\/2023\/08\/hydraulic-cylinder-product-4-480x239.webp 480w\" sizes=\"(min-width: 0px) and (max-width: 480px) 480px, (min-width: 481px) and (max-width: 980px) 980px, (min-width: 981px) 1024px, 100vw\" \/><\/p>\n<h3>(4) M\u00e5lning och ytbehandling<\/h3>\n<p>Med sm\u00e5 och medelstora cylindriska automatiska vattenbaserade f\u00e4rgbel\u00e4ggningslinjer, f\u00f6r att uppn\u00e5 automatisk robotlastning och lossning samt automatisk sprutning, \u00e4r den designade kapaciteten 4000 stycken per skift;<br \/>\nVi har \u00e4ven en halvautomatisk f\u00e4rgproduktionslinje f\u00f6r stora cylindrar som drivs av en sl\u00e4pkedja, med en designkapacitet p\u00e5 60 l\u00e5dor per skift.<\/p>\n<p><img loading=\"lazy\" decoding=\"async\" class=\"alignnone wp-image-630\" src=\"https:\/\/hydraulic-cylinders.net\/wp-content\/uploads\/2023\/08\/hydraulic-cylinder-product-5-300x213.webp\" alt=\"\" width=\"366\" height=\"260\" \/> <img loading=\"lazy\" decoding=\"async\" class=\"alignnone wp-image-631\" src=\"https:\/\/hydraulic-cylinders.net\/wp-content\/uploads\/2023\/08\/hydraulic-cylinder-product-6-300x225.webp\" alt=\"\" width=\"347\" height=\"260\" \/><\/p>\n<h3>(5) Testning<\/h3>\n<p>Vi har f\u00f6rstklassiga inspektionsanl\u00e4ggningar och testb\u00e4ddar f\u00f6r att s\u00e4kerst\u00e4lla att cylinderns prestanda uppfyller kraven.<\/p>\n<p><img loading=\"lazy\" decoding=\"async\" class=\"alignnone wp-image-632\" src=\"https:\/\/hydraulic-cylinders.net\/wp-content\/uploads\/2023\/08\/hydraulic-cylinder-product-8-300x200.webp\" alt=\"\" width=\"389\" height=\"260\" \/><\/p>\n<p>&nbsp;<\/p>\n<p>&nbsp;<\/p>\n<p>Vi \u00e4r en av de b\u00e4sta tillverkarna av hydraulcylindrar. Vi kan erbjuda ett helt\u00e4ckande utbud av hydraulcylindrar. Vi tillhandah\u00e5ller \u00e4ven motsvarande <a href=\"https:\/\/hzpt.com\/agricultural-pto-gearbox\/\" target=\"_blank\" rel=\"noopener\">jordbruksv\u00e4xell\u00e5dor<\/a>Vi har exporterat v\u00e5ra produkter till kunder \u00f6ver hela v\u00e4rlden och f\u00e5tt ett gott rykte tack vare v\u00e5r \u00f6verl\u00e4gsna produktkvalitet och kundservice. Vi v\u00e4lkomnar kunder b\u00e5de hemma och utomlands att kontakta oss f\u00f6r att f\u00f6rhandla aff\u00e4rer, utbyta information och <a href=\"https:\/\/www.hydraulic-cylinders.net\/sv\/contact-us\/\">samarbeta med oss<\/a>!<\/p>\n<p>&nbsp;<\/p>","protected":false},"excerpt":{"rendered":"<p>HP3G Series Axial Piston Variable Displacement Hydraulic Pump The HP3G series axial piston variable displacement hydraulic pump is a cutting-edge hydraulic solution that combines power, efficiency, and versatility. Designed to meet the demands of modern industrial applications, this pump delivers exceptional performance in a wide range of hydraulic systems. This informative article will explore the [&hellip;]<\/p>","protected":false},"featured_media":1948,"comment_status":"open","ping_status":"closed","template":"","meta":{"_et_pb_use_builder":"","_et_pb_old_content":"","_et_gb_content_width":""},"product_brand":[],"product_cat":[1425],"product_tag":[],"class_list":{"0":"post-1924","1":"product","2":"type-product","3":"status-publish","4":"has-post-thumbnail","6":"product_cat-piston-pump","8":"first","9":"instock","10":"shipping-taxable","11":"product-type-simple"},"amp_enabled":true,"_links":{"self":[{"href":"https:\/\/www.hydraulic-cylinders.net\/sv\/wp-json\/wp\/v2\/product\/1924","targetHints":{"allow":["GET"]}}],"collection":[{"href":"https:\/\/www.hydraulic-cylinders.net\/sv\/wp-json\/wp\/v2\/product"}],"about":[{"href":"https:\/\/www.hydraulic-cylinders.net\/sv\/wp-json\/wp\/v2\/types\/product"}],"replies":[{"embeddable":true,"href":"https:\/\/www.hydraulic-cylinders.net\/sv\/wp-json\/wp\/v2\/comments?post=1924"}],"wp:featuredmedia":[{"embeddable":true,"href":"https:\/\/www.hydraulic-cylinders.net\/sv\/wp-json\/wp\/v2\/media\/1948"}],"wp:attachment":[{"href":"https:\/\/www.hydraulic-cylinders.net\/sv\/wp-json\/wp\/v2\/media?parent=1924"}],"wp:term":[{"taxonomy":"product_brand","embeddable":true,"href":"https:\/\/www.hydraulic-cylinders.net\/sv\/wp-json\/wp\/v2\/product_brand?post=1924"},{"taxonomy":"product_cat","embeddable":true,"href":"https:\/\/www.hydraulic-cylinders.net\/sv\/wp-json\/wp\/v2\/product_cat?post=1924"},{"taxonomy":"product_tag","embeddable":true,"href":"https:\/\/www.hydraulic-cylinders.net\/sv\/wp-json\/wp\/v2\/product_tag?post=1924"}],"curies":[{"name":"wp","href":"https:\/\/api.w.org\/{rel}","templated":true}]}}