{"id":19296,"date":"2025-04-07T06:25:34","date_gmt":"2025-04-07T06:25:34","guid":{"rendered":"https:\/\/www.hydraulic-cylinders.net\/product\/boom-cylinder-for-liugong-middle-excavator-clg225c\/"},"modified":"2025-04-07T06:25:37","modified_gmt":"2025-04-07T06:25:37","slug":"boom-cylinder-for-liugong-middle-excavator-clg225c","status":"publish","type":"product","link":"https:\/\/www.hydraulic-cylinders.net\/sv\/produkt\/boom-cylinder-for-liugong-middle-excavator-clg225c\/","title":{"rendered":"Bomcylinder f\u00f6r Liugong mellangr\u00e4vmaskin CLG225C"},"content":{"rendered":"<h1>Bomcylinder f\u00f6r Liugong mellangr\u00e4vmaskin CLG225C<\/h1>\n<h2>Produkt\u00f6versikt<\/h2>\n<p>Bomcylindern f\u00f6r Liugongs mellangr\u00e4vmaskin CLG225C \u00e4r en specialiserad hydraulcylinder som \u00e4r konstruerad f\u00f6r att styra bommens r\u00f6relse i olika tunga maskiner, s\u00e5som gr\u00e4vmaskiner, traktorgr\u00e4vare och frontlastare. Dessa cylindrar \u00e4r viktiga komponenter i hydraulsystem, vilket g\u00f6r att bommen kan lyftas, s\u00e4nkas och lutas med precision, vilket underl\u00e4ttar effektiv materialhantering.<\/p>\n<p>Hydraulcylindrar, inklusive bomcylindrar, fungerar genom att omvandla hydraulisk energi till mekanisk energi. Denna process m\u00f6jligg\u00f6r smidiga och kontrollerade r\u00f6relser av redskap, vilket \u00e4r avg\u00f6rande f\u00f6r uppgifter som gr\u00e4vning, lyftning och transport av material p\u00e5 byggarbetsplatser och andra tunga applikationer.<\/p>\n<p><img decoding=\"async\" src=\"https:\/\/www.hydraulic-cylinders.net\/wp-content\/uploads\/2025\/04\/songte-company-1.webp\" alt=\"Bomcylinder f\u00f6r gr\u00e4vmaskin\" \/><\/p>\n<h2>Funktioner hos bomcylindern<\/h2>\n<ul>\n<li><strong>H\u00f6g styrka och h\u00e5llbarhet:<\/strong> Dessa cylindrar, som vanligtvis \u00e4r tillverkade av h\u00f6gh\u00e5llfast st\u00e5l eller aluminium, t\u00e5l h\u00f6gt tryck och tunga belastningar, vilket g\u00f6r dem l\u00e4mpliga f\u00f6r tuffa arbetsf\u00f6rh\u00e5llanden. Deras design inkluderar slitstyrka och korrosionsskydd f\u00f6r att f\u00f6rl\u00e4nga deras livsl\u00e4ngd.<\/li>\n<li><strong>Effektiv hydraulisk drift:<\/strong> Genom att utnyttja hydrauloljans tryck erbjuder bomcylindern smidig och responsiv ut- och ink\u00f6rning, vilket ger kraftfulla tryck- och dragfunktioner, avg\u00f6rande f\u00f6r hantering av tunga f\u00f6rem\u00e5l och komplexa uppgifter.<\/li>\n<li><strong>Olika typer:<\/strong> Dessa cylindrar finns i enkelverkande (med hydrauliskt tryck i en riktning) eller dubbelverkande (med tryck i b\u00e5da riktningarna) konfigurationer och kan uppfylla olika driftskrav. Vissa modeller \u00e4r teleskopiska, vilket m\u00f6jligg\u00f6r st\u00f6rre utdrag utan att \u00f6ka de yttre m\u00e5tten, perfekt f\u00f6r applikationer med begr\u00e4nsat utrymme.<\/li>\n<li><strong>Kompatibilitet:<\/strong> V\u00e5rt produktsortiment omfattar cylindrar som perfekt ers\u00e4tter befintliga hydraulcylindrar i olika maskiner, vilket s\u00e4kerst\u00e4ller s\u00f6ml\u00f6s integration och prestanda.<\/li>\n<li><strong>Anpassningsalternativ:<\/strong> Vi kan erbjuda skr\u00e4ddarsydda l\u00f6sningar f\u00f6r att m\u00f6ta specifika kunders behov, vilket s\u00e4kerst\u00e4ller optimal prestanda och effektivitet.<\/li>\n<\/ul>\n<p><img decoding=\"async\" src=\"https:\/\/www.hydraulic-cylinders.net\/wp-content\/uploads\/2025\/04\/songte-cylinder-head-with-all-kinds-excavator-models.webp\" alt=\"Gr\u00e4vmaskinens cylindermodeller\" \/><\/p>\n<h2>Anv\u00e4ndningsomr\u00e5den f\u00f6r bomcylindern<\/h2>\n<h3>Byggutrustning<\/h3>\n<p>I gr\u00e4vmaskiner \u00e4r bomcylindrar viktiga f\u00f6r gr\u00e4vning, lastning och transport av jord eller skr\u00e4p. De g\u00f6r det m\u00f6jligt f\u00f6r f\u00f6raren att effektivt kontrollera bommens r\u00f6relse, vilket s\u00e4kerst\u00e4ller noggrann gr\u00e4vning och materialhantering. I gr\u00e4vlastare hj\u00e4lper dessa cylindrar till vid b\u00e5de gr\u00e4vning och lyft, vilket g\u00f6r dem oumb\u00e4rliga f\u00f6r byggprojekt.<\/p>\n<h3>Jordbruksmaskiner<\/h3>\n<p>I frontlastare anv\u00e4nds bomcylindrar f\u00f6r att skopa, lyfta och transportera jord, h\u00f6 och andra material. Deras tillf\u00f6rlitliga drift \u00e4r avg\u00f6rande f\u00f6r jordbruksuppgifter och s\u00e4kerst\u00e4ller produktivitet och effektivitet i jordbruksverksamheten.<\/p>\n<h3>Gruvdrift och stenbrytning<\/h3>\n<p>F\u00f6r gr\u00e4vmaskiner g\u00f6r bomcylindrar att skopan kan penetrera jorden effektivt, vilket underl\u00e4ttar utgr\u00e4vning av mineraler eller andra material fr\u00e5n marken. Deras robusta design s\u00e4kerst\u00e4ller att de kan hantera de kr\u00e4vande f\u00f6rh\u00e5llandena i gruvmilj\u00f6er.<\/p>\n<h3>Lastare<\/h3>\n<p>Hos frontlastare spelar bomcylindrar en avg\u00f6rande roll vid lyft och tippning av laster. Deras f\u00f6rm\u00e5ga att ge kraftfulla lyftkapaciteter f\u00f6rb\u00e4ttrar effektiviteten och s\u00e4kerst\u00e4ller att material kan flyttas snabbt och s\u00e4kert p\u00e5 arbetsplatsen.<\/p>\n<h2>Design\u00f6verv\u00e4ganden och urvalskriterier<\/h2>\n<h3>Lastkapacitet<\/h3>\n<p>Bomcylinderns lastkapacitet \u00e4r av st\u00f6rsta vikt. Den m\u00e5ste vara konstruerad f\u00f6r att hantera den maximala vikt den kommer att uts\u00e4ttas f\u00f6r under drift. En cylinder med otillr\u00e4cklig kapacitet kan leda till fel, vilket orsakar s\u00e4kerhetsrisker och driftstopp. Ingenj\u00f6rer m\u00e5ste ber\u00e4kna de f\u00f6rv\u00e4ntade belastningarna och v\u00e4lja cylindrar som \u00f6verstiger dessa parametrar f\u00f6r att s\u00e4kerst\u00e4lla tillf\u00f6rlitlighet.<\/p>\n<h3>T\u00e4tning<\/h3>\n<p>Effektiv t\u00e4tning \u00e4r avg\u00f6rande f\u00f6r hydrauliska system. De valda t\u00e4tningarna m\u00e5ste motst\u00e5 h\u00f6gt tryck och f\u00f6rhindra l\u00e4ckage. H\u00f6gkvalitativa t\u00e4tningar, s\u00e5som de som \u00e4r tillverkade av polyuretan eller nitrilgummi, motst\u00e5r slitage och bibeh\u00e5ller sin integritet \u00f6ver tid. Korrekt t\u00e4tning s\u00e4kerst\u00e4ller optimal prestanda och livsl\u00e4ngd f\u00f6r hydraulcylindern.<\/p>\n<h3>Varaktighet<\/h3>\n<p>H\u00e5llbarhet \u00e4r avg\u00f6rande f\u00f6r hydraulcylindrar som arbetar under tuffa f\u00f6rh\u00e5llanden. Materialen som anv\u00e4nds vid tillverkningen m\u00e5ste motst\u00e5 korrosion, n\u00f6tning och mekaniskt slitage. Regelbundna bed\u00f6mningar av materialets integritet hj\u00e4lper till att f\u00f6rl\u00e4nga bomcylinderns livsl\u00e4ngd och f\u00f6rhindra f\u00f6rtida haverier.<\/p>\n<h3>S\u00e4kerhet<\/h3>\n<p>S\u00e4kerhet b\u00f6r vara en prim\u00e4r fr\u00e5ga vid konstruktionen av hydraulcylindrar. Funktioner som tryckavlastningsventiler, s\u00e4kerhetsl\u00e5s och robust konstruktion hj\u00e4lper till att skydda operat\u00f6rer och maskiner. Att s\u00e4kerst\u00e4lla att cylindrar uppfyller internationella s\u00e4kerhetsstandarder \u00e4r avg\u00f6rande f\u00f6r driftss\u00e4kerheten.<\/p>\n<h3>Underh\u00e5ll<\/h3>\n<p>Underh\u00e5lls\u00e5tg\u00e4rder b\u00f6r integreras i konstruktionen. Komponenter b\u00f6r vara tillg\u00e4ngliga f\u00f6r rutinkontroller och reparationer. Regelbundna underh\u00e5llsprotokoll f\u00f6rb\u00e4ttrar bomcylinderns livsl\u00e4ngd och effektivitet, vilket minskar de totala \u00e4gandekostnaderna.<\/p>\n<p><img decoding=\"async\" src=\"https:\/\/www.hydraulic-cylinders.net\/wp-content\/uploads\/2025\/04\/songte-oil-pipes-and-spare-parts.webp\" alt=\"Oljer\u00f6r och reservdelar\" \/><\/p>\n<h2>T\u00e4tning och sm\u00f6rjning<\/h2>\n<p>Korrekt t\u00e4tning och sm\u00f6rjning \u00e4r avg\u00f6rande f\u00f6r hydraulcylindrars funktion. Olika t\u00e4tningar, s\u00e5som kolvt\u00e4tningar och kolvst\u00e5ngst\u00e4tningar, m\u00e5ste anv\u00e4ndas f\u00f6r att f\u00f6rhindra l\u00e4ckage av hydraulv\u00e4tska. Valet av t\u00e4tningar tillverkade av slitstarka material som polyuretan eller nitrilgummi \u00e4r avg\u00f6rande f\u00f6r att bibeh\u00e5lla prestandan. Dessutom m\u00e5ste cylinderhuset och de g\u00e4ngade \u00e4ndytorna vara finbearbetade f\u00f6r att f\u00f6rb\u00e4ttra slitstyrkan. Regelbundna intervall f\u00f6r sm\u00f6rjning av hydraulolja \u00e4r n\u00f6dv\u00e4ndiga f\u00f6r att s\u00e4kerst\u00e4lla smidig drift och f\u00f6rhindra friktionsinducerade skador.<\/p>\n<h2>Regelbunden inspektion och f\u00f6rebyggande underh\u00e5lls\u00e5tg\u00e4rder<\/h2>\n<ul>\n<li><strong>Regelbundna inspektioner:<\/strong> Genomf\u00f6r schemalagda inspektioner f\u00f6r att kontrollera l\u00e4ckor, slitage och andra potentiella problem. Tidig uppt\u00e4ckt kan f\u00f6rhindra allvarliga skador och kostsamma reparationer.<\/li>\n<li><strong>Korrekt sm\u00f6rjning:<\/strong> Se till att cylindrarna \u00e4r tillr\u00e4ckligt smorda f\u00f6r att minska friktion och slitage. Anv\u00e4nd l\u00e4mplig typ av hydraulolja som rekommenderas av tillverkaren.<\/li>\n<li><strong>Byte av t\u00e4tning:<\/strong> Kontrollera regelbundet t\u00e4tningarna f\u00f6r slitage och byt ut dem vid behov f\u00f6r att bibeh\u00e5lla hydraulsystemets integritet. Detta f\u00f6rhindrar l\u00e4ckage och systemfel.<\/li>\n<\/ul>\n<h2>Installationsriktlinjer<\/h2>\n<p>Korrekt installation av bomcylindern \u00e4r avg\u00f6rande f\u00f6r optimal prestanda. B\u00f6rja med att se till att monteringsytorna \u00e4r rena och fria fr\u00e5n skr\u00e4p. Rikta in cylindern med f\u00e4stpunkterna och anv\u00e4nd l\u00e4mpliga monteringsf\u00e4sten f\u00f6r att f\u00e4sta den p\u00e5 plats. Se till att dra \u00e5t bultarna enligt tillverkarens specifikationer f\u00f6r att f\u00f6rhindra att de lossnar under drift. Efter installationen, utf\u00f6r en testk\u00f6rning f\u00f6r att verifiera att cylindern fungerar korrekt och att det inte finns n\u00e5gra l\u00e4ckor. Kontrollera regelbundet inriktningen och s\u00e4kra monteringspunkterna under f\u00f6rebyggande underh\u00e5llskontroller f\u00f6r att s\u00e4kerst\u00e4lla fortsatt prestanda.<\/p>\n<h2>Vanliga underh\u00e5llsuppgifter<\/h2>\n<ul>\n<li><strong>Regelbundna kontroller:<\/strong> Rutininspektioner hj\u00e4lper till att identifiera slitage och potentiella problem innan de eskalerar, vilket s\u00e4kerst\u00e4ller att cylindern fungerar smidigt och effektivt.<\/li>\n<li><strong>L\u00e4mplig sm\u00f6rjning:<\/strong> Applicera regelbundet den rekommenderade hydrauloljan f\u00f6r att bibeh\u00e5lla smidig drift och minska slitage p\u00e5 interna komponenter.<\/li>\n<li><strong>Byte av t\u00e4tning:<\/strong> \u00d6vervaka t\u00e4tningarna f\u00f6r slitage och byt ut dem i tid f\u00f6r att undvika l\u00e4ckor och bibeh\u00e5lla hydraultrycket.<\/li>\n<\/ul>\n<p>Korrekt installation, sm\u00f6rjning och justering \u00e4r avg\u00f6rande. Se till att cylindern \u00e4r korrekt justerad under installationen. Anv\u00e4nd l\u00e4mpliga monteringsf\u00e4sten f\u00f6r att s\u00e4kra cylindern effektivt. Rekommenderade inspektions-, reparations- och utbytesprocedurer b\u00f6r f\u00f6ljas f\u00f6r att s\u00e4kerst\u00e4lla att systemet fungerar optimalt. Att tillhandah\u00e5lla alternativ f\u00f6r utbyte av delar och renoveringstj\u00e4nster kan \u00f6ka bomcylinderns livsl\u00e4ngd.<\/p>\n<p><img decoding=\"async\" src=\"https:\/\/www.hydraulic-cylinders.net\/wp-content\/uploads\/2025\/04\/songte-chushion-collar.webp\" alt=\"Kuddekrage\" \/><\/p>\n<h2>S\u00e4kerhetsaspekter och milj\u00f6faktorer<\/h2>\n<p>Vid anv\u00e4ndning av hydraulcylindrar \u00e4r s\u00e4kerhets\u00e5tg\u00e4rder av st\u00f6rsta vikt. Operat\u00f6rer b\u00f6r utbildas f\u00f6r att k\u00e4nna igen faror i samband med hydraulsystem. Rutinm\u00e4ssiga s\u00e4kerhetskontroller och efterlevnad av s\u00e4kerhetsf\u00f6reskrifter bidrar till att minimera riskerna p\u00e5 arbetsplatsen. Dessutom kan milj\u00f6faktorer som v\u00e4tskel\u00e4ckage skada omgivande ekosystem, vilket g\u00f6r det viktigt att anv\u00e4nda milj\u00f6v\u00e4nliga hydraulv\u00e4tskor och implementera inneslutnings\u00e5tg\u00e4rder f\u00f6r att f\u00f6rhindra spill.<\/p>\n<h2>Feldiagnos och vanliga problem<\/h2>\n<ul>\n<li><strong>L\u00e4ckage:<\/strong> L\u00e4ckage i hydrauliska system kan ofta uppst\u00e5 p\u00e5 grund av slitna t\u00e4tningar eller felaktig installation. Regelbundna inspektioner kan hj\u00e4lpa till att identifiera l\u00e4ckor tidigt.<\/li>\n<li><strong>Minskad prestanda:<\/strong> Om bomcylindern inte svarar tillr\u00e4ckligt kan det tyda p\u00e5 ett problem med v\u00e4tskeniv\u00e5er, t\u00e4tningar eller sj\u00e4lva hydraulsystemet.<\/li>\n<li><strong>Buller:<\/strong> Ovanliga ljud under drift kan tyda p\u00e5 interna skador eller bristande sm\u00f6rjning. \u00c5tg\u00e4rda dessa problem omedelbart f\u00f6r att f\u00f6rhindra ytterligare problem.<\/li>\n<\/ul>\n<p>Fels\u00f6kningstips inkluderar kontroll av v\u00e4tskeniv\u00e5er, inspektion av t\u00e4tningar och att s\u00e4kerst\u00e4lla att systemet \u00e4r korrekt kalibrerat. F\u00f6rebyggande \u00e5tg\u00e4rder, s\u00e5som regelbundet underh\u00e5ll och inspektioner, \u00e4r viktiga f\u00f6r att minimera potentiella problem och s\u00e4kerst\u00e4lla att bomcylindern fungerar effektivt.<\/p>\n<p><img decoding=\"async\" src=\"https:\/\/www.hydraulic-cylinders.net\/wp-content\/uploads\/2025\/04\/songte-bushings-with-all-kinds-of-excavator-models.webp\" alt=\"Bussningar med gr\u00e4vmaskinsmodeller\" \/><\/p>\n<h2>Om v\u00e5rt f\u00f6retag<\/h2>\n<p>Vi \u00e4r en ledande tillverkare av hydraulcylindrar f\u00f6r reservdelar och erbjuder ett omfattande produktsortiment f\u00f6r att m\u00f6ta olika marknadskrav. V\u00e5rt engagemang f\u00f6r h\u00f6gsta kvalitet st\u00f6ds av en f\u00f6rfinad tillverkningsstrategi som utnyttjar avancerad digital utrustning och professionella testsystem. V\u00e5r skickliga personal f\u00f6rb\u00e4ttrar kontinuerligt v\u00e5r tillverkningskapacitet, vilket s\u00e4kerst\u00e4ller h\u00f6g effektivitet, precision och kvalitet f\u00f6r att m\u00f6ta olika kunders behov.<\/p>\n<p>V\u00e5r specialisering backas upp av internationella certifieringar, vilket garanterar att v\u00e5ra produkter uppfyller globala standarder. Vi erbjuder skr\u00e4ddarsydda tj\u00e4nster efter individuella behov och s\u00e4kerst\u00e4ller optimala l\u00f6sningar f\u00f6r v\u00e5ra kunder. V\u00e5r produktionsutrustning \u00e4r toppmodern och utformad f\u00f6r att leverera h\u00f6gkvalitativa produkter snabbt och tillf\u00f6rlitligt. Med dedikerad eftermarknadssupport s\u00e4kerst\u00e4ller vi kundn\u00f6jdhet och l\u00e5ngsiktiga partnerskap.<\/p>\n<p><img decoding=\"async\" src=\"https:\/\/www.hydraulic-cylinders.net\/wp-content\/uploads\/2025\/04\/songte-company-4.webp\" alt=\"F\u00f6retags\u00f6versikt\" \/><br \/>\n<img decoding=\"async\" src=\"https:\/\/www.hydraulic-cylinders.net\/wp-content\/uploads\/2025\/04\/songte-company-3.webp\" alt=\"F\u00f6retagsfaciliteter\" \/><\/p>\n<p>F\u00f6rfattare: lyl<\/p>","protected":false},"excerpt":{"rendered":"<p>Boom Cylinder For Liugong Middle Excavator CLG225C Product Overview The Boom Cylinder for Liugong Middle Excavator CLG225C is a specialized hydraulic cylinder designed to control the movement of the boom in various heavy machinery, such as excavators, backhoe loaders, and front loaders. These cylinders are crucial components in hydraulic systems, enabling the boom to lift, [&hellip;]<\/p>","protected":false},"featured_media":17876,"comment_status":"open","ping_status":"closed","template":"","meta":{"_et_pb_use_builder":"","_et_pb_old_content":"","_et_gb_content_width":""},"product_brand":[],"product_cat":[1546],"product_tag":[1547,1496],"class_list":{"0":"post-19296","1":"product","2":"type-product","3":"status-publish","4":"has-post-thumbnail","6":"product_cat-boom-cylinders","7":"product_tag-boom-cylinders","8":"product_tag-hydraulic-cylinders","10":"first","11":"instock","12":"shipping-taxable","13":"product-type-simple"},"amp_enabled":true,"_links":{"self":[{"href":"https:\/\/www.hydraulic-cylinders.net\/sv\/wp-json\/wp\/v2\/product\/19296","targetHints":{"allow":["GET"]}}],"collection":[{"href":"https:\/\/www.hydraulic-cylinders.net\/sv\/wp-json\/wp\/v2\/product"}],"about":[{"href":"https:\/\/www.hydraulic-cylinders.net\/sv\/wp-json\/wp\/v2\/types\/product"}],"replies":[{"embeddable":true,"href":"https:\/\/www.hydraulic-cylinders.net\/sv\/wp-json\/wp\/v2\/comments?post=19296"}],"wp:featuredmedia":[{"embeddable":true,"href":"https:\/\/www.hydraulic-cylinders.net\/sv\/wp-json\/wp\/v2\/media\/17876"}],"wp:attachment":[{"href":"https:\/\/www.hydraulic-cylinders.net\/sv\/wp-json\/wp\/v2\/media?parent=19296"}],"wp:term":[{"taxonomy":"product_brand","embeddable":true,"href":"https:\/\/www.hydraulic-cylinders.net\/sv\/wp-json\/wp\/v2\/product_brand?post=19296"},{"taxonomy":"product_cat","embeddable":true,"href":"https:\/\/www.hydraulic-cylinders.net\/sv\/wp-json\/wp\/v2\/product_cat?post=19296"},{"taxonomy":"product_tag","embeddable":true,"href":"https:\/\/www.hydraulic-cylinders.net\/sv\/wp-json\/wp\/v2\/product_tag?post=19296"}],"curies":[{"name":"wp","href":"https:\/\/api.w.org\/{rel}","templated":true}]}}