{"id":19310,"date":"2025-04-07T06:26:13","date_gmt":"2025-04-07T06:26:13","guid":{"rendered":"https:\/\/www.hydraulic-cylinders.net\/product\/boom-cylinder-for-xgma-small-excavator-xg806\/"},"modified":"2025-04-07T06:26:15","modified_gmt":"2025-04-07T06:26:15","slug":"boom-cylinder-for-xgma-small-excavator-xg806","status":"publish","type":"product","link":"https:\/\/www.hydraulic-cylinders.net\/sv\/produkt\/boom-cylinder-for-xgma-small-excavator-xg806\/","title":{"rendered":"Bomcylinder f\u00f6r XGMA liten gr\u00e4vmaskin XG806"},"content":{"rendered":"<h1>Bomcylinder f\u00f6r XGMA liten gr\u00e4vmaskin XG806<\/h1>\n<h2>Produkt\u00f6versikt<\/h2>\n<p>Bomcylindern f\u00f6r XGMA liten gr\u00e4vmaskin XG806 \u00e4r en avg\u00f6rande komponent i hydraulsystem, speciellt utformad f\u00f6r att styra skopans r\u00f6relse i olika tunga maskiner, inklusive gr\u00e4vmaskiner, gr\u00e4vlastare och frontlastare. Denna hydraulcylinder underl\u00e4ttar lyftning, s\u00e4nkning och lutning av skopan, vilket \u00f6kar effektiviteten vid materialhanteringsuppgifter.<\/p>\n<p>I grund och botten \u00e4r skopcylindrar specialiserade hydraulcylindrar som m\u00f6jligg\u00f6r exakt kontroll \u00f6ver gr\u00e4vnings- och lastningsprocesserna. De fungerar genom att omvandla hydraultryck till mekanisk kraft, vilket g\u00f6r det m\u00f6jligt f\u00f6r operat\u00f6rer att effektivt utf\u00f6ra uppgifter som gr\u00e4vning, lyftning och transport av material. Konstruktionen av dessa cylindrar s\u00e4kerst\u00e4ller tillf\u00f6rlitlighet och prestanda under kr\u00e4vande f\u00f6rh\u00e5llanden, vilket g\u00f6r dem oumb\u00e4rliga inom bygg- och jordbrukssektorn.<\/p>\n<p><img decoding=\"async\" src=\"https:\/\/www.hydraulic-cylinders.net\/wp-content\/uploads\/2025\/04\/songte-company-1.webp\" alt=\"Bild av bomcylinder\"\/><\/p>\n<h2>Funktioner hos bomcylindern<\/h2>\n<ul>\n<li><strong>H\u00f6g styrka och h\u00e5llbarhet:<\/strong> Bomcylindern \u00e4r tillverkad av h\u00f6gh\u00e5llfast st\u00e5l eller aluminium och t\u00e5l h\u00f6gt tryck och tunga belastningar, vilket g\u00f6r den l\u00e4mplig f\u00f6r tuffa arbetsmilj\u00f6er. Dess design tar h\u00e4nsyn till slitstyrka och korrosionsbest\u00e4ndighet, vilket i slut\u00e4ndan f\u00f6rl\u00e4nger dess livsl\u00e4ngd.<\/li>\n<li><strong>Effektiv hydraulisk drift:<\/strong> Cylindern anv\u00e4nder hydrauliskt oljetryck f\u00f6r smidig ut- och indragning, vilket m\u00f6jligg\u00f6r snabb respons p\u00e5 man\u00f6verkommandon samtidigt som den ger betydande tryck- och dragkraft, idealisk f\u00f6r hantering av tunga f\u00f6rem\u00e5l och komplexa uppgifter.<\/li>\n<li><strong>Olika typer:<\/strong> Bomcylindern finns i enkelverkande (hydraulisk funktion i en riktning) eller dubbelverkande (hydraulisk funktion i b\u00e5da riktningarna) konfigurationer och uppfyller olika driftsbehov. Vissa modeller \u00e4r teleskopiska, vilket m\u00f6jligg\u00f6r st\u00f6rre utbyggnad utan att \u00f6ka de yttre m\u00e5tten, vilket \u00e4r perfekt f\u00f6r applikationer med begr\u00e4nsat utrymme.<\/li>\n<li><strong>Anpassad tillverkning:<\/strong> V\u00e5rt f\u00f6retag specialiserar sig p\u00e5 att tillverka bomcylindrar som perfekt ers\u00e4tter befintliga hydraulcylindrar, vilket s\u00e4kerst\u00e4ller en s\u00f6ml\u00f6s passform och funktion f\u00f6r olika maskinmodeller.<\/li>\n<li><strong>Kvalitetss\u00e4kring:<\/strong> Varje cylinder genomg\u00e5r rigor\u00f6sa tester f\u00f6r att uppfylla branschstandarder, vilket s\u00e4kerst\u00e4ller tillf\u00f6rlitlighet och prestanda i f\u00e4lt.<\/li>\n<\/ul>\n<p><img decoding=\"async\" src=\"https:\/\/www.hydraulic-cylinders.net\/wp-content\/uploads\/2025\/04\/songte-cylinder-head-with-all-kinds-excavator-models.webp\" alt=\"Bild p\u00e5 topplock\"\/><\/p>\n<h2>Applikationsscenarier<\/h2>\n<h3>1. Byggutrustning<\/h3>\n<p>I gr\u00e4vmaskiner \u00e4r bomcylindrar avg\u00f6rande f\u00f6r gr\u00e4vning, lastning och f\u00f6rflyttning av jord eller skr\u00e4p. Den hydrauliska funktionen g\u00f6r det m\u00f6jligt f\u00f6r f\u00f6raren att man\u00f6vrera skopan med precision, vilket \u00e4r avg\u00f6rande f\u00f6r bygguppgifter som kr\u00e4ver noggrannhet i djup och materialplacering. M\u00f6jligheten att lyfta och s\u00e4nka skopan effektivt g\u00f6r arbetsprocesserna snabbare, vilket leder till \u00f6kad produktivitet p\u00e5 byggarbetsplatser.<\/p>\n<h3>2. Jordbruksmaskiner<\/h3>\n<p>Bomcylindrar, som anv\u00e4nds i frontlastare, underl\u00e4ttar uppsamling, lyftning och transport av jord, h\u00f6 och andra material. Deras robusta design m\u00f6jligg\u00f6r tunga lyft utan att kompromissa med maskinens integritet. Hydraulsystemet s\u00e4kerst\u00e4ller att f\u00f6rarna enkelt kan hantera stora volymer material, vilket optimerar driftseffektiviteten i jordbruksuppgifter.<\/p>\n<h3>3. Gr\u00e4vmaskiner<\/h3>\n<p>I gr\u00e4vmaskiner g\u00f6r bomcylindern att skopan effektivt kan tr\u00e4nga ner i marken och uppn\u00e5 \u00f6nskat gr\u00e4vdjup. Denna funktion \u00e4r avg\u00f6rande f\u00f6r olika byggtill\u00e4mpningar, eftersom den m\u00f6jligg\u00f6r effektiv borttagning av jord och skr\u00e4p, vilket avsev\u00e4rt f\u00f6rb\u00e4ttrar gr\u00e4vningsprocessen.<\/p>\n<h3>4. Lastare<\/h3>\n<p>P\u00e5 frontlastare hj\u00e4lper bomcylindern till att lyfta och dumpa material effektivt. Denna funktion \u00e4r avg\u00f6rande f\u00f6r uppgifter som att lasta lastbilar eller flytta material till olika platser p\u00e5 arbetsplatsen, vilket s\u00e4kerst\u00e4ller att arbetet g\u00e5r smidigt och effektivt.<\/p>\n<h2>Design\u00f6verv\u00e4ganden och urvalsstandarder<\/h2>\n<h3>Lastkapacitet<\/h3>\n<p>N\u00e4r man v\u00e4ljer en bomcylinder \u00e4r en av de viktigaste faktorerna dess lastkapacitet. Cylindern m\u00e5ste kunna hantera den maximala vikt den kommer att uts\u00e4ttas f\u00f6r under drift. Detta kr\u00e4ver noggrann bed\u00f6mning av arbetsf\u00f6rh\u00e5llandena och vilken typ av material som hanteras. Tillverkare tillhandah\u00e5ller vanligtvis lastklassningar, vilka b\u00f6r matchas med driftskraven f\u00f6r att f\u00f6rhindra fel.<\/p>\n<h3>T\u00e4tningsprestanda<\/h3>\n<p>T\u00e4tning \u00e4r avg\u00f6rande i hydrauliska system f\u00f6r att f\u00f6rhindra l\u00e4ckor och bibeh\u00e5lla trycket. Valet av t\u00e4tningar \u2013 s\u00e5som kolvt\u00e4tningar och kolvst\u00e5ngst\u00e4tningar \u2013 m\u00e5ste g\u00f6ras baserat p\u00e5 arbetsmilj\u00f6n. T\u00e4tningar tillverkade av material som polyuretan och nitrilgummi erbjuder utm\u00e4rkt slitstyrka och anv\u00e4nds ofta i h\u00f6gpresterande hydrauliska applikationer. Att s\u00e4kerst\u00e4lla korrekt t\u00e4tning f\u00f6rl\u00e4nger cylinderns livsl\u00e4ngd och bibeh\u00e5ller driftseffektiviteten.<\/p>\n<h3>Varaktighet<\/h3>\n<p>H\u00e5llbarhet \u00e4r av st\u00f6rsta vikt vid konstruktion av hydraulcylindrar. Faktorer som materialval, ytbehandling och designintegritet bidrar till produktens totala livsl\u00e4ngd. H\u00f6gkvalitativa material och ytbel\u00e4ggningar kan f\u00f6rhindra korrosion och slitage, vilket s\u00e4kerst\u00e4ller tillf\u00f6rlitlig prestanda \u00f6ver tid. Regelbundet underh\u00e5ll och inspektioner kan ytterligare f\u00f6rb\u00e4ttra cylinderns h\u00e5llbarhet och minska behovet av utbyten.<\/p>\n<h3>S\u00e4kerhetsfunktioner<\/h3>\n<p>S\u00e4kerhet \u00e4r h\u00f6gsta prioritet vid konstruktionen av hydraulcylindrar. Funktioner som tryckavlastningsventiler och s\u00e4kerhetsl\u00e5s kan f\u00f6rhindra olyckor orsakade av f\u00f6r h\u00f6gt tryck eller mekaniska fel. Operat\u00f6rer b\u00f6r utbildas f\u00f6r att f\u00f6rst\u00e5 dessa s\u00e4kerhetsmekanismer, s\u00e4kerst\u00e4lla korrekt anv\u00e4ndning av utrustningen och minska risken f\u00f6r skador p\u00e5 arbetsplatsen.<\/p>\n<h3>Tillg\u00e4nglighet f\u00f6r underh\u00e5ll<\/h3>\n<p>Bomcylinderns konstruktion b\u00f6r m\u00f6jligg\u00f6ra enkel \u00e5tkomst under underh\u00e5ll. Regelbundna inspektioner och service \u00e4r avg\u00f6rande f\u00f6r att s\u00e4kerst\u00e4lla att hydraulsystemet fungerar effektivt. M\u00f6jligheten att snabbt byta t\u00e4tningar eller kontrollera v\u00e4tskeniv\u00e5er kan spara tid och minska stillest\u00e5ndstider under drift. Tillverkare b\u00f6r beakta underh\u00e5llskrav i sina konstruktioner, vilket g\u00f6r det bekv\u00e4mt f\u00f6r operat\u00f6rerna.<\/p>\n<p><img decoding=\"async\" src=\"https:\/\/www.hydraulic-cylinders.net\/wp-content\/uploads\/2025\/04\/songte-oil-pipes-and-spare-parts.webp\" alt=\"Bild av oljer\u00f6r och reservdelar\"\/><\/p>\n<h2>T\u00e4tning och sm\u00f6rjning<\/h2>\n<p>Effektiv t\u00e4tning och sm\u00f6rjning \u00e4r avg\u00f6rande f\u00f6r hydraulcylindrars prestanda. Olika t\u00e4tningskomponenter, s\u00e5som kolvt\u00e4tningar och kolvst\u00e5ngst\u00e4tningar, anv\u00e4nds f\u00f6r att uppr\u00e4tth\u00e5lla hydraultrycket och f\u00f6rhindra v\u00e4tskel\u00e4ckage. Valet av t\u00e4tningar tillverkade av slitstarka material som polyuretan och nitrilgummi f\u00f6rb\u00e4ttrar slitstyrkan avsev\u00e4rt.<\/p>\n<p>Cylinderhuset och de g\u00e4ngade \u00e4ndytorna \u00e4r noggrant bearbetade f\u00f6r att f\u00f6rb\u00e4ttra slitstyrkan och s\u00e4kerst\u00e4lla l\u00e5ng livsl\u00e4ngd. Regelbunden sm\u00f6rjning \u00e4r avg\u00f6rande; operat\u00f6rer b\u00f6r regelbundet fylla p\u00e5 hydraulolja f\u00f6r att bibeh\u00e5lla optimal prestanda och minska friktionen inuti cylindern. Detta skyddar inte bara de interna komponenterna utan s\u00e4kerst\u00e4ller ocks\u00e5 smidig drift under belastning.<\/p>\n<h2>Regelbunden inspektion och f\u00f6rebyggande underh\u00e5lls\u00e5tg\u00e4rder<\/h2>\n<ul>\n<li><strong>Frekventa inspektioner:<\/strong> Kontrollera regelbundet cylindern och omgivande komponenter f\u00f6r tecken p\u00e5 slitage eller skador. Leta efter oljel\u00e4ckor, vilket kan tyda p\u00e5 att t\u00e4tningen har g\u00e5tt s\u00f6nder, och bed\u00f6m hydraulledningarnas allm\u00e4nna skick.<\/li>\n<li><strong>Korrekt sm\u00f6rjning:<\/strong> Se till att cylindern \u00e4r tillr\u00e4ckligt smord. Anv\u00e4nd rekommenderad typ av hydraulolja och applicera den enligt tillverkarens anvisningar f\u00f6r att bibeh\u00e5lla optimal prestanda.<\/li>\n<li><strong>Byte av t\u00e4tning:<\/strong> \u00d6vervaka t\u00e4tningarnas skick och byt ut dem vid behov. F\u00f6rs\u00e4mrade t\u00e4tningar kan leda till v\u00e4tskel\u00e4ckage och f\u00f6rs\u00e4mrad prestanda, s\u00e5 ett snabbt byte \u00e4r viktigt f\u00f6r att bibeh\u00e5lla cylinderns integritet.<\/li>\n<\/ul>\n<h2>Installationsriktlinjer<\/h2>\n<p>Korrekt installation av bomcylindern \u00e4r avg\u00f6rande f\u00f6r att s\u00e4kerst\u00e4lla dess funktionalitet och livsl\u00e4ngd. B\u00f6rja med att se till att arbetsytan \u00e4r ren och fri fr\u00e5n skr\u00e4p. Rikta in cylindern korrekt med monteringsf\u00e4stena och s\u00e4kra den med l\u00e4mpliga installationsverktyg f\u00f6r att f\u00f6rhindra feljustering.<\/p>\n<p>Anv\u00e4nd de rekommenderade \u00e5tdragningsmomentspecifikationerna f\u00f6r monteringsbultar f\u00f6r att s\u00e4kerst\u00e4lla en s\u00e4ker passform. Kontrollera de hydrauliska anslutningarna f\u00f6r att undvika l\u00e4ckage; se till att alla kopplingar \u00e4r \u00e5tdragna och korrekt monterade. Efter installationen, inspektera systemet f\u00f6r tecken p\u00e5 l\u00e4ckage eller onormal drift innan utrustningen tas i bruk.<\/p>\n<h2>Vanliga underh\u00e5llsuppgifter<\/h2>\n<h3>1. Regelbundna inspektioner<\/h3>\n<p>Utf\u00f6r regelbundna inspektioner f\u00f6r att identifiera slitage eller skador tidigt. Leta efter tecken p\u00e5 l\u00e4ckor runt t\u00e4tningar och anslutningar och bed\u00f6m cylinderns och hydraulsystemets allm\u00e4nna skick. Tidig uppt\u00e4ckt av problem kan f\u00f6rhindra mer allvarliga problem l\u00e4ngre fram.<\/p>\n<h3>2. L\u00e4mplig sm\u00f6rjning<\/h3>\n<p>S\u00e4kerst\u00e4ll att cylindern \u00e4r smord enligt tillverkarens specifikationer. Korrekt sm\u00f6rjning minskar friktion och slitage p\u00e5 r\u00f6rliga delar, vilket f\u00f6rl\u00e4nger hydraulcylinderns livsl\u00e4ngd. Anv\u00e4nd hydraulolja av h\u00f6g kvalitet och f\u00f6lj schemalagda underh\u00e5llsintervall f\u00f6r sm\u00f6rjning.<\/p>\n<h3>3. T\u00e4tningsbyte och kalibreringskontroller<\/h3>\n<p>Kontrollera regelbundet t\u00e4tningarnas skick och byt ut dem vid behov f\u00f6r att f\u00f6rhindra l\u00e4ckage. Kalibreringskontroller s\u00e4kerst\u00e4ller att cylindern fungerar inom sina avsedda specifikationer, vilket f\u00f6rhindrar driftsineffektivitet. Korrekt uppriktning under installationen \u00e4r avg\u00f6rande; \u00f6verv\u00e4g att anv\u00e4nda l\u00e4mpliga monteringsf\u00e4sten f\u00f6r att s\u00e4kert montera cylindern p\u00e5 plats.<\/p>\n<p><img decoding=\"async\" src=\"https:\/\/www.hydraulic-cylinders.net\/wp-content\/uploads\/2025\/04\/songte-chushion-collar.webp\" alt=\"Bild av kuddekrage\"\/><\/p>\n<h2>S\u00e4kerhetsaspekter och milj\u00f6faktorer<\/h2>\n<p>Vid arbete med hydraulcylindrar \u00e4r det avg\u00f6rande att s\u00e4kerhets\u00e5tg\u00e4rderna f\u00f6ljs. Operat\u00f6rer b\u00f6r utbildas i s\u00e4ker hantering och anv\u00e4ndning av hydraulisk utrustning. S\u00e4kerst\u00e4ll att alla s\u00e4kerhetsanordningar fungerar, inklusive tryckavlastningsventiler, f\u00f6r att f\u00f6rhindra olyckor orsakade av ov\u00e4ntade tryckst\u00f6tar. Dessutom b\u00f6r en ren och s\u00e4ker arbetsmilj\u00f6 uppr\u00e4tth\u00e5llas f\u00f6r att minimera risker i samband med spill eller l\u00e4ckage av hydraulv\u00e4tska.<\/p>\n<h2>Fels\u00f6kning och vanliga problem<\/h2>\n<ul>\n<li><strong>L\u00e4ckage:<\/strong> Om du m\u00e4rker att hydraulv\u00e4tska l\u00e4cker kan det tyda p\u00e5 slitna t\u00e4tningar eller l\u00f6sa anslutningar. Kontrollera t\u00e4tningar och kopplingar f\u00f6r skador och byt ut dem vid behov.<\/li>\n<li><strong>Minskad prestanda:<\/strong> Om bomcylindern inte svarar som f\u00f6rv\u00e4ntat, kontrollera om det finns l\u00e5ga hydraulv\u00e4tskeniv\u00e5er eller luft i systemet. Det kan vara n\u00f6dv\u00e4ndigt att lufta systemet f\u00f6r att avl\u00e4gsna inst\u00e4ngd luft.<\/li>\n<li><strong>Ovanliga ljud:<\/strong> Om konstiga ljud uppst\u00e5r under drift kan det tyda p\u00e5 inre slitage eller skador. En noggrann inspektion b\u00f6r utf\u00f6ras f\u00f6r att identifiera och \u00e5tg\u00e4rda problemet.<\/li>\n<\/ul>\n<h2>Tips f\u00f6r felhantering<\/h2>\n<p>F\u00f6r att effektivt diagnostisera och l\u00f6sa problem med bomcylindern b\u00f6r operat\u00f6rer regelbundet granska prestandadata och utf\u00f6ra inspektioner. Utveckla ett f\u00f6rebyggande underh\u00e5llsschema f\u00f6r att identifiera potentiella problem innan de leder till allvarliga fel. Att utbilda personal om vanliga fel och deras l\u00f6sningar kan ocks\u00e5 f\u00f6rb\u00e4ttra driftseffektiviteten och s\u00e4kerheten.<\/p>\n<p><img decoding=\"async\" src=\"https:\/\/www.hydraulic-cylinders.net\/wp-content\/uploads\/2025\/04\/songte-bushings-with-all-kinds-of-excavator-models.webp\" alt=\"Bussningar Bild\"\/><\/p>\n<h2>F\u00f6retags\u00f6versikt<\/h2>\n<p>Vi \u00e4r en tillverkare som specialiserar oss p\u00e5 hydrauliska reservcylindrar och erbjuder ett omfattande produktsortiment f\u00f6r att bli en av de ledande tillverkarna och grossistdistribut\u00f6rerna p\u00e5 den inhemska och internationella marknaden. V\u00e5rt engagemang f\u00f6r exceptionell kvalitet st\u00f6ds av en sofistikerad tillverkningsstrategi, som utnyttjar skicklig teknisk personal, avancerad digital tillverkningsutrustning och professionella testsystem.<\/p>\n<p>Genom att kontinuerligt f\u00f6rb\u00e4ttra v\u00e5r tillverkningsplattform s\u00e4kerst\u00e4ller vi att v\u00e5ra produkter uppfyller h\u00f6gkvalitativa produktionsstandarder. V\u00e5ra robusta kreativa f\u00f6rm\u00e5gor g\u00f6r det m\u00f6jligt f\u00f6r oss att leverera effektiva, precisa och h\u00f6gkvalitativa l\u00f6sningar skr\u00e4ddarsydda f\u00f6r att m\u00f6ta v\u00e5ra kunders olika behov.<\/p>\n<p><img decoding=\"async\" src=\"https:\/\/www.hydraulic-cylinders.net\/wp-content\/uploads\/2025\/04\/songte-company-4.webp\" alt=\"F\u00f6retagsbild 1\"\/><br \/>\n<img decoding=\"async\" src=\"https:\/\/www.hydraulic-cylinders.net\/wp-content\/uploads\/2025\/04\/songte-company-3.webp\" alt=\"F\u00f6retagsbild 2\"\/><\/p>\n<p>F\u00f6rfattare: lyl<\/p>","protected":false},"excerpt":{"rendered":"<p>Boom Cylinder For XGMA Small Excavator XG806 Product Overview The Boom Cylinder for XGMA Small Excavator XG806 is a crucial component in hydraulic systems, specifically designed to control the movement of buckets in various heavy machinery including excavators, backhoe loaders, and front loaders. This hydraulic cylinder facilitates the lifting, lowering, and tilting of the bucket, [&hellip;]<\/p>","protected":false},"featured_media":17875,"comment_status":"open","ping_status":"closed","template":"","meta":{"_et_pb_use_builder":"","_et_pb_old_content":"","_et_gb_content_width":""},"product_brand":[],"product_cat":[1546],"product_tag":[1547,1496],"class_list":{"0":"post-19310","1":"product","2":"type-product","3":"status-publish","4":"has-post-thumbnail","6":"product_cat-boom-cylinders","7":"product_tag-boom-cylinders","8":"product_tag-hydraulic-cylinders","10":"first","11":"instock","12":"shipping-taxable","13":"product-type-simple"},"amp_enabled":true,"_links":{"self":[{"href":"https:\/\/www.hydraulic-cylinders.net\/sv\/wp-json\/wp\/v2\/product\/19310","targetHints":{"allow":["GET"]}}],"collection":[{"href":"https:\/\/www.hydraulic-cylinders.net\/sv\/wp-json\/wp\/v2\/product"}],"about":[{"href":"https:\/\/www.hydraulic-cylinders.net\/sv\/wp-json\/wp\/v2\/types\/product"}],"replies":[{"embeddable":true,"href":"https:\/\/www.hydraulic-cylinders.net\/sv\/wp-json\/wp\/v2\/comments?post=19310"}],"wp:featuredmedia":[{"embeddable":true,"href":"https:\/\/www.hydraulic-cylinders.net\/sv\/wp-json\/wp\/v2\/media\/17875"}],"wp:attachment":[{"href":"https:\/\/www.hydraulic-cylinders.net\/sv\/wp-json\/wp\/v2\/media?parent=19310"}],"wp:term":[{"taxonomy":"product_brand","embeddable":true,"href":"https:\/\/www.hydraulic-cylinders.net\/sv\/wp-json\/wp\/v2\/product_brand?post=19310"},{"taxonomy":"product_cat","embeddable":true,"href":"https:\/\/www.hydraulic-cylinders.net\/sv\/wp-json\/wp\/v2\/product_cat?post=19310"},{"taxonomy":"product_tag","embeddable":true,"href":"https:\/\/www.hydraulic-cylinders.net\/sv\/wp-json\/wp\/v2\/product_tag?post=19310"}],"curies":[{"name":"wp","href":"https:\/\/api.w.org\/{rel}","templated":true}]}}