{"id":19311,"date":"2025-04-07T06:26:15","date_gmt":"2025-04-07T06:26:15","guid":{"rendered":"https:\/\/www.hydraulic-cylinders.net\/product\/boom-cylinder-for-xgma-small-excavator-xg808\/"},"modified":"2025-04-07T06:26:27","modified_gmt":"2025-04-07T06:26:27","slug":"boom-cylinder-for-xgma-small-excavator-xg808","status":"publish","type":"product","link":"https:\/\/www.hydraulic-cylinders.net\/sv\/produkt\/boom-cylinder-for-xgma-small-excavator-xg808\/","title":{"rendered":"Bomcylinder f\u00f6r XGMA liten gr\u00e4vmaskin XG808"},"content":{"rendered":"<h1>Bomcylinder f\u00f6r XGMA liten gr\u00e4vmaskin XG808<\/h1>\n<h2>F\u00f6rst\u00e5 bomcylindern<\/h2>\n<p>Bomcylindern, speciellt utformad f\u00f6r XGMA Small Excavator XG808, \u00e4r en avg\u00f6rande komponent i hydraulsystemet i tunga maskiner. Denna hydraulcylinder ansvarar f\u00f6r att styra bommens r\u00f6relse, vilket m\u00f6jligg\u00f6r exakta lyft-, s\u00e4nk- och lutningsr\u00f6relser. Den spelar en viktig roll vid materialhanteringsuppgifter, vilket g\u00f6r den oumb\u00e4rlig f\u00f6r olika till\u00e4mpningar inom bygg och jordbruk.<\/p>\n<p>Dessa cylindrar \u00e4r konstruerade f\u00f6r att fungera under h\u00f6ga tryckf\u00f6rh\u00e5llanden, vilket s\u00e4kerst\u00e4ller tillf\u00f6rlitlig drift \u00e4ven i kr\u00e4vande milj\u00f6er. Genom att anv\u00e4nda hydraulv\u00e4tska kan bomcylindern ut\u00f6va betydande kraft, vilket g\u00f6r att tunga laster kan flyttas effektivt. Bomcylinderns design fokuserar inte bara p\u00e5 funktionalitet utan \u00e4ven p\u00e5 h\u00e5llbarhet och underh\u00e5ll, vilket s\u00e4kerst\u00e4ller en l\u00e5ng livsl\u00e4ngd.<\/p>\n<p><img decoding=\"async\" src=\"https:\/\/www.hydraulic-cylinders.net\/wp-content\/uploads\/2025\/04\/songte-company-1.webp\" alt=\"Bild av bomcylinder\"><\/p>\n<h2>Viktiga funktioner hos bomcylindern<\/h2>\n<ul>\n<li><strong>H\u00f6g styrka och h\u00e5llbarhet:<\/strong> Tillverkad av h\u00f6gh\u00e5llfast st\u00e5l eller aluminium, t\u00e5l denna cylinder h\u00f6gt tryck och tunga belastningar samtidigt som den motst\u00e5r slitage och korrosion, vilket f\u00f6rl\u00e4nger dess livsl\u00e4ngd.<\/li>\n<li><strong>Effektiv hydraulisk drift:<\/strong> Bomcylindern anv\u00e4nder hydraultryck f\u00f6r smidig ut- och ink\u00f6rning, vilket m\u00f6jligg\u00f6r snabb respons p\u00e5 kontrollkommandon och ger kraftfull tryck- och dragkraft.<\/li>\n<li><strong>Olika typer:<\/strong> Alternativen inkluderar enkelverkande (med hydraulisk kraft i en riktning) eller dubbelverkande (med hydraulisk kraft i b\u00e5da riktningarna) cylindrar, d\u00e4r vissa modeller \u00e4r konstruerade f\u00f6r teleskopisk drift.<\/li>\n<li><strong>Anpassningsbara l\u00f6sningar:<\/strong> V\u00e5ra produkter kan perfekt ers\u00e4tta olika hydraulcylindrar p\u00e5 marknaden, vilket s\u00e4kerst\u00e4ller kompatibilitet med olika gr\u00e4vmaskinsmodeller.<\/li>\n<li><strong>Enkelt underh\u00e5ll:<\/strong> Utformad med anv\u00e4ndarv\u00e4nliga funktioner f\u00f6r att underl\u00e4tta underh\u00e5ll och reparationer, vilket s\u00e4kerst\u00e4ller optimal prestanda \u00f6ver tid.<\/li>\n<\/ul>\n<p><img decoding=\"async\" src=\"https:\/\/www.hydraulic-cylinders.net\/wp-content\/uploads\/2025\/04\/songte-cylinder-head-with-all-kinds-excavator-models.webp\" alt=\"Bild p\u00e5 topplock\"><\/p>\n<h2>Anv\u00e4ndningsomr\u00e5den f\u00f6r bomcylindern<\/h2>\n<h3>Byggutrustning<\/h3>\n<p>I gr\u00e4vmaskiner \u00e4r bomcylindrar grundl\u00e4ggande f\u00f6r gr\u00e4vning, lastning och f\u00f6rflyttning av jord eller skr\u00e4p. De g\u00f6r att bommen kan n\u00e5 olika h\u00f6jder och vinklar, vilket g\u00f6r gr\u00e4varbetet mer effektivt. M\u00f6jligheten att snabbt v\u00e4xla mellan olika driftsl\u00e4gen \u00f6kar produktiviteten p\u00e5 byggarbetsplatser.<\/p>\n<h3>Jordbruksmaskiner<\/h3>\n<p>I frontlastare anv\u00e4nds bomcylindrar f\u00f6r att skopa, lyfta och transportera jord, h\u00f6 och andra material. Hydraulsystemet ger den kraft som kr\u00e4vs f\u00f6r att lyfta tunga laster, vilket g\u00f6r uppgifter som att r\u00f6ja mark eller flytta f\u00f6rn\u00f6denheter mer hanterbara och effektiva.<\/p>\n<h3>Gr\u00e4vmaskiner<\/h3>\n<p>F\u00f6r gr\u00e4vmaskiner g\u00f6r bomcylindern att skopan kan penetrera jorden effektivt, vilket underl\u00e4ttar gr\u00e4vningsprocessen. Dess design s\u00e4kerst\u00e4ller att krafterna f\u00f6rdelas j\u00e4mnt, vilket m\u00f6jligg\u00f6r djupare gr\u00e4vning och stabilare drift, \u00e4ven i utmanande terr\u00e4ng.<\/p>\n<h3>Lastare<\/h3>\n<p>Hos frontlastare hj\u00e4lper bomcylindrar till att lyfta och dumpa laster effektivt. Deras f\u00f6rm\u00e5ga att snabbt f\u00f6rl\u00e4ngas och dras in inneb\u00e4r att material kan flyttas med precision, vilket minskar stillest\u00e5ndstiden och \u00f6kar den totala produktiviteten.<\/p>\n<h2>Design\u00f6verv\u00e4ganden och urvalskriterier<\/h2>\n<h3>Lastkapacitet<\/h3>\n<p>N\u00e4r man v\u00e4ljer en bomcylinder \u00e4r det avg\u00f6rande att f\u00f6rst\u00e5 dess lastkapacitet. Cylindern m\u00e5ste kunna hantera den f\u00f6rv\u00e4ntade vikten av de material den ska lyfta. \u00d6verbelastning kan leda till katastrofala fel, vilket g\u00f6r det viktigt att v\u00e4lja en cylinder som uppfyller eller \u00f6vertr\u00e4ffar de erforderliga specifikationerna.<\/p>\n<h3>T\u00e4tning<\/h3>\n<p>Effektiv t\u00e4tning \u00e4r avg\u00f6rande f\u00f6r att f\u00f6rhindra l\u00e4ckage av hydraulv\u00e4tska, vilket kan minska effektiviteten och leda till komponentfel. H\u00f6gkvalitativa t\u00e4tningar ger tillf\u00f6rlitlig prestanda och s\u00e4kerst\u00e4ller att cylindern fungerar smidigt och effektivt under h\u00f6gt tryck.<\/p>\n<h3>Varaktighet<\/h3>\n<p>H\u00e5llbarhet \u00e4r avg\u00f6rande f\u00f6r bomcylindrar, s\u00e4rskilt under tuffa arbetsf\u00f6rh\u00e5llanden. Materialen som anv\u00e4nds i konstruktionen b\u00f6r motst\u00e5 slitage och korrosion, vilket s\u00e4kerst\u00e4ller att cylindern bibeh\u00e5ller sin prestanda \u00f6ver tid. Regelbundna inspektioner kan hj\u00e4lpa till att identifiera slitage tidigt, vilket m\u00f6jligg\u00f6r snabb underh\u00e5ll.<\/p>\n<h3>S\u00e4kerhet<\/h3>\n<p>S\u00e4kerhetsfunktioner m\u00e5ste integreras i bomcylinderns konstruktion f\u00f6r att skydda f\u00f6rare och utrustning. Detta inkluderar att integrera \u00f6vertrycksventiler och s\u00e4kerst\u00e4lla att cylindern \u00e4r konstruerad f\u00f6r att motst\u00e5 ov\u00e4ntade belastningar utan att haverera.<\/p>\n<h3>Anv\u00e4ndbarhet<\/h3>\n<p>Slutligen \u00e4r enkelt underh\u00e5ll en viktig faktor. En v\u00e4lkonstruerad bomcylinder b\u00f6r m\u00f6jligg\u00f6ra enkla inspektioner, reparationer och utbyte av delar, vilket minskar stillest\u00e5ndstid och underh\u00e5llskostnader under utrustningens livsl\u00e4ngd.<\/p>\n<p><img decoding=\"async\" src=\"https:\/\/www.hydraulic-cylinders.net\/wp-content\/uploads\/2025\/04\/songte-oil-pipes-and-spare-parts.webp\" alt=\"Bild av oljer\u00f6r och reservdelar\"><\/p>\n<h2>T\u00e4tning och sm\u00f6rjning<\/h2>\n<p>Effektiv t\u00e4tning och sm\u00f6rjning \u00e4r avg\u00f6rande f\u00f6r bomcylindrarnas prestanda. Olika t\u00e4tningar, s\u00e5som kolvt\u00e4tningar och st\u00e5ngt\u00e4tningar, anv\u00e4nds f\u00f6r att uppr\u00e4tth\u00e5lla hydraultrycket och f\u00f6rhindra l\u00e4ckage. Dessa t\u00e4tningar \u00e4r vanligtvis tillverkade av slitstarka material som polyuretan eller nitrilgummi, vilka erbjuder utm\u00e4rkt slitstyrka.<\/p>\n<p>Cylinderhuset och de g\u00e4ngade \u00e4ndytorna b\u00f6r finbearbetas f\u00f6r att f\u00f6rb\u00e4ttra deras slitstyrka. Regelbunden sm\u00f6rjning med hydraulolja \u00e4r avg\u00f6rande f\u00f6r att s\u00e4kerst\u00e4lla smidig drift och f\u00f6rhindra skador p\u00e5 grund av friktion. Korrekt sm\u00f6rjning minimerar slitage och f\u00f6rl\u00e4nger cylinderns livsl\u00e4ngd.<\/p>\n<h2>Regelbunden inspektion och f\u00f6rebyggande underh\u00e5ll<\/h2>\n<ul>\n<li><strong>Schemalagda inspektioner:<\/strong> Regelbundna inspektioner hj\u00e4lper till att identifiera tecken p\u00e5 slitage eller skador innan de leder till fel. Kontroll av l\u00e4ckor, ytskador och cylinderns allm\u00e4nna skick \u00e4r avg\u00f6rande.<\/li>\n<li><strong>Sm\u00f6rjning och underh\u00e5ll:<\/strong> Att s\u00e4kerst\u00e4lla att cylindern \u00e4r tillr\u00e4ckligt smord f\u00f6rhindrar \u00f6verdrivet slitage och bibeh\u00e5ller driftseffektiviteten. Regelbundna sm\u00f6rjkontroller b\u00f6r ing\u00e5 i det rutinm\u00e4ssiga underh\u00e5llet.<\/li>\n<li><strong>Byte av t\u00e4tning:<\/strong> T\u00e4tningar b\u00f6r bytas regelbundet f\u00f6r att bibeh\u00e5lla prestanda och f\u00f6rhindra l\u00e4ckage. Att \u00f6vervaka t\u00e4tningarnas skick och byta ut dem vid behov \u00e4r avg\u00f6rande f\u00f6r l\u00e5ngsiktig drift.<\/li>\n<\/ul>\n<h2>Installationsriktlinjer<\/h2>\n<p>Korrekt installation av bomcylindern \u00e4r avg\u00f6rande f\u00f6r optimal prestanda. B\u00f6rja med att se till att alla monteringspunkter \u00e4r rena och fria fr\u00e5n skr\u00e4p. Rikta in cylindern korrekt med maskinens befintliga f\u00e4sten och anv\u00e4nd l\u00e4mpliga st\u00f6df\u00e4sten f\u00f6r att f\u00e4sta den p\u00e5 plats. Se till att alla hydrauliska anslutningar \u00e4r \u00e5tdragna och l\u00e4ckagefria, och kontrollera att trycket \u00e4r korrekt inst\u00e4llt f\u00f6re anv\u00e4ndning. Genom att f\u00f6lja dessa steg s\u00e4kerst\u00e4lls att cylindern fungerar effektivt och s\u00e4kert under hela sin livscykel.<\/p>\n<h2>Vanliga underh\u00e5llsuppgifter<\/h2>\n<ul>\n<li><strong>Regelbundna inspektioner:<\/strong> Att utf\u00f6ra regelbundna inspektioner \u00e4r viktigt. Leta efter tecken p\u00e5 slitage, l\u00e4ckor eller ovanliga ljud under drift. Tidig uppt\u00e4ckt av problem kan f\u00f6rhindra kostsamma reparationer.<\/li>\n<li><strong>L\u00e4mplig sm\u00f6rjning:<\/strong> Sm\u00f6rj cylindern regelbundet f\u00f6r att minimera friktion och slitage. Anv\u00e4nd rekommenderad hydrauloljetyp och f\u00f6lj tillverkarens riktlinjer f\u00f6r sm\u00f6rjintervall.<\/li>\n<li><strong>Byte och kalibrering av t\u00e4tning:<\/strong> \u00d6vervaka t\u00e4tningarna f\u00f6r tecken p\u00e5 slitage och byt ut dem vid behov. Kalibrera regelbundet hydraulsystemet f\u00f6r att s\u00e4kerst\u00e4lla optimal prestanda och synkronisering mellan komponenterna.<\/li>\n<\/ul>\n<p>Korrekt installation, sm\u00f6rjning och justering \u00e4r avg\u00f6rande f\u00f6r att bibeh\u00e5lla bomcylinderns funktion. Att anv\u00e4nda r\u00e4tt monteringsf\u00e4sten och f\u00f6lja justeringstips kan avsev\u00e4rt f\u00f6rb\u00e4ttra prestandan och f\u00f6rl\u00e4nga cylinderns livsl\u00e4ngd.<\/p>\n<p><img decoding=\"async\" src=\"https:\/\/www.hydraulic-cylinders.net\/wp-content\/uploads\/2025\/04\/songte-chushion-collar.webp\" alt=\"Bild av kuddekrage\"><\/p>\n<h2>S\u00e4kerhetsaspekter och milj\u00f6faktorer<\/h2>\n<p>S\u00e4kerhets\u00e5tg\u00e4rder \u00e4r av st\u00f6rsta vikt vid anv\u00e4ndning och underh\u00e5ll av bomcylindrar. F\u00f6lj alltid tillverkarens riktlinjer och s\u00e4kerhetsprotokoll f\u00f6r att undvika olyckor. L\u00e4mplig skyddsutrustning b\u00f6r b\u00e4ras vid underh\u00e5llsarbeten. Dessutom kan milj\u00f6faktorer som v\u00e4derf\u00f6rh\u00e5llanden p\u00e5verka prestandan, s\u00e5 operat\u00f6rer b\u00f6r vara medvetna om och vidta n\u00f6dv\u00e4ndiga f\u00f6rsiktighets\u00e5tg\u00e4rder.<\/p>\n<h2>Fels\u00f6kning av vanliga problem<\/h2>\n<ul>\n<li><strong>L\u00e4ckage:<\/strong> Om hydraulv\u00e4tska l\u00e4cker, kontrollera t\u00e4tningarna f\u00f6r skador och se till att alla anslutningar \u00e4r ordentligt \u00e5tdragna. Byt ut slitna t\u00e4tningar och dra \u00e5t anslutningarna vid behov.<\/li>\n<li><strong>Inkonsekvent drift:<\/strong> Om cylindern inte fungerar korrekt, kontrollera om det finns luft i hydraulsystemet eller l\u00e5ga v\u00e4tskeniv\u00e5er. Lufta systemet och se till att v\u00e4tskeniv\u00e5erna \u00e4r korrekta.<\/li>\n<li><strong>Ov\u00e4ntade ljud:<\/strong> Ovanliga ljud kan tyda p\u00e5 inre slitage eller skador. Kontrollera cylindern f\u00f6r slitage och \u00f6verv\u00e4g att kontakta en tekniker om problemet kvarst\u00e5r.<\/li>\n<\/ul>\n<p>F\u00f6r att minimera potentiella problem \u00e4r proaktiva \u00e5tg\u00e4rder som regelbundna underh\u00e5llskontroller och korrekt drifttr\u00e4ning avg\u00f6rande. Dessa steg kan bidra till att s\u00e4kerst\u00e4lla att bomcylindern fungerar smidigt och effektivt.<\/p>\n<p><img decoding=\"async\" src=\"https:\/\/www.hydraulic-cylinders.net\/wp-content\/uploads\/2025\/04\/songte-bushings-with-all-kinds-of-excavator-models.webp\" alt=\"Bussningar Bild\"><\/p>\n<h2>Om v\u00e5rt f\u00f6retag<\/h2>\n<p>Vi \u00e4r en ledande tillverkare av hydraulcylindrar f\u00f6r reservdelar och erbjuder ett omfattande produktsortiment. V\u00e5rt engagemang f\u00f6r excellens har positionerat oss som en av de ledande tillverkarna och grossisterna av hydraulcylindrar p\u00e5 b\u00e5de inhemska och internationella marknader. Vi fokuserar p\u00e5 \u00f6verl\u00e4gsen kvalitet och utnyttjar f\u00f6rfinade tillverkningsstrategier och avancerad produktionshantering. V\u00e5rt skickliga tekniska team anv\u00e4nder avancerad digital tillverkningsutrustning och professionella testsystem f\u00f6r att f\u00f6rb\u00e4ttra v\u00e5r tillverkningskapacitet.<\/p>\n<p>Vi erbjuder skr\u00e4ddarsydda tj\u00e4nster f\u00f6r att m\u00f6ta olika kunders behov och s\u00e4kerst\u00e4ller att v\u00e5ra produkter erbjuder h\u00f6g effektivitet, precision och kvalitet. V\u00e5r eftermarknadsservice \u00e4r dedikerad till att st\u00f6dja v\u00e5ra kunder, ge hj\u00e4lp med installation, underh\u00e5ll och eventuella fr\u00e5gor efter k\u00f6pet.<\/p>\n<p><img decoding=\"async\" src=\"https:\/\/www.hydraulic-cylinders.net\/wp-content\/uploads\/2025\/04\/songte-company-4.webp\" alt=\"F\u00f6retagsbild\"><br \/>\n<img decoding=\"async\" src=\"https:\/\/www.hydraulic-cylinders.net\/wp-content\/uploads\/2025\/04\/songte-company-3.webp\" alt=\"F\u00f6retagsbild\"><\/p>\n<p>F\u00f6rfattare: lyl<\/p>","protected":false},"excerpt":{"rendered":"<p>Boom Cylinder For XGMA Small Excavator XG808 Understanding the Boom Cylinder The boom cylinder, specifically designed for the XGMA Small Excavator XG808, is a crucial component in the hydraulic system of heavy machinery. This hydraulic cylinder is responsible for controlling the movement of the boom, allowing for precise lifting, lowering, and tilting motions. It plays [&hellip;]<\/p>","protected":false},"featured_media":17876,"comment_status":"open","ping_status":"closed","template":"","meta":{"_et_pb_use_builder":"","_et_pb_old_content":"","_et_gb_content_width":""},"product_brand":[],"product_cat":[1546],"product_tag":[1547,1496],"class_list":{"0":"post-19311","1":"product","2":"type-product","3":"status-publish","4":"has-post-thumbnail","6":"product_cat-boom-cylinders","7":"product_tag-boom-cylinders","8":"product_tag-hydraulic-cylinders","10":"first","11":"instock","12":"shipping-taxable","13":"product-type-simple"},"amp_enabled":true,"_links":{"self":[{"href":"https:\/\/www.hydraulic-cylinders.net\/sv\/wp-json\/wp\/v2\/product\/19311","targetHints":{"allow":["GET"]}}],"collection":[{"href":"https:\/\/www.hydraulic-cylinders.net\/sv\/wp-json\/wp\/v2\/product"}],"about":[{"href":"https:\/\/www.hydraulic-cylinders.net\/sv\/wp-json\/wp\/v2\/types\/product"}],"replies":[{"embeddable":true,"href":"https:\/\/www.hydraulic-cylinders.net\/sv\/wp-json\/wp\/v2\/comments?post=19311"}],"wp:featuredmedia":[{"embeddable":true,"href":"https:\/\/www.hydraulic-cylinders.net\/sv\/wp-json\/wp\/v2\/media\/17876"}],"wp:attachment":[{"href":"https:\/\/www.hydraulic-cylinders.net\/sv\/wp-json\/wp\/v2\/media?parent=19311"}],"wp:term":[{"taxonomy":"product_brand","embeddable":true,"href":"https:\/\/www.hydraulic-cylinders.net\/sv\/wp-json\/wp\/v2\/product_brand?post=19311"},{"taxonomy":"product_cat","embeddable":true,"href":"https:\/\/www.hydraulic-cylinders.net\/sv\/wp-json\/wp\/v2\/product_cat?post=19311"},{"taxonomy":"product_tag","embeddable":true,"href":"https:\/\/www.hydraulic-cylinders.net\/sv\/wp-json\/wp\/v2\/product_tag?post=19311"}],"curies":[{"name":"wp","href":"https:\/\/api.w.org\/{rel}","templated":true}]}}