{"id":19312,"date":"2025-04-07T06:26:28","date_gmt":"2025-04-07T06:26:28","guid":{"rendered":"https:\/\/www.hydraulic-cylinders.net\/product\/boom-cylinder-for-xgma-small-excavator-xg809e\/"},"modified":"2025-04-07T06:26:31","modified_gmt":"2025-04-07T06:26:31","slug":"boom-cylinder-for-xgma-small-excavator-xg809e","status":"publish","type":"product","link":"https:\/\/www.hydraulic-cylinders.net\/sv\/produkt\/boom-cylinder-for-xgma-small-excavator-xg809e\/","title":{"rendered":"Bomcylinder f\u00f6r XGMA liten gr\u00e4vmaskin XG809E"},"content":{"rendered":"<h1>Bomcylinder f\u00f6r XGMA liten gr\u00e4vmaskin XG809E<\/h1>\n<h2>Introduktion till bomcylinder<\/h2>\n<p>Bomcylindern f\u00f6r XGMA liten gr\u00e4vmaskin XG809E \u00e4r en avg\u00f6rande komponent i gr\u00e4vmaskiners hydraulsystem. Den \u00e4r specifikt utformad f\u00f6r att styra bommens r\u00f6relse, vilket m\u00f6jligg\u00f6r en m\u00e4ngd olika operationer. Denna hydraulcylinder g\u00f6r att bommen kan h\u00f6jas, s\u00e4nkas och lutas, vilket underl\u00e4ttar materialhanteringsuppgifter effektivt. Skopcylindern, en typ av hydraulcylinder, \u00e4r avg\u00f6rande f\u00f6r att styra r\u00f6relsen hos tunga maskinredskap som skopor, gr\u00e4vmaskiner och frontlastare. Genom att utnyttja hydraultrycket ger dessa cylindrar den n\u00f6dv\u00e4ndiga kraften f\u00f6r att lyfta och man\u00f6vrera tunga laster f\u00f6r att f\u00f6rb\u00e4ttra produktiviteten p\u00e5 byggarbetsplatser.<\/p>\n<p><img decoding=\"async\" src=\"https:\/\/www.hydraulic-cylinders.net\/wp-content\/uploads\/2025\/04\/songte-company-1.webp\" alt=\"Bild av bomcylinder\"><\/p>\n<h2>Funktioner hos bomcylindern<\/h2>\n<ul>\n<li><strong>H\u00f6g styrka och h\u00e5llbarhet:<\/strong> Dessa cylindrar, som vanligtvis \u00e4r tillverkade av h\u00f6gh\u00e5llfast st\u00e5l eller aluminium, \u00e4r konstruerade f\u00f6r att motst\u00e5 h\u00f6gt tryck och tunga belastningar, vilket g\u00f6r dem l\u00e4mpliga f\u00f6r tuffa arbetsmilj\u00f6er. De \u00e4r konstruerade med slitstyrka och korrosionsbest\u00e4ndighet i \u00e5tanke, vilket f\u00f6rl\u00e4nger deras livsl\u00e4ngd.<\/li>\n<li><strong>Effektiv hydraulisk drift:<\/strong> Genom att utnyttja hydrauloljetrycket ger bomcylindern smidig ut- och ink\u00f6rning, vilket m\u00f6jligg\u00f6r snabb respons p\u00e5 f\u00f6rarens kommandon och levererar betydande tryck- och dragkraft, perfekt f\u00f6r hantering av tunga och komplexa uppgifter.<\/li>\n<li><strong>Olika typer:<\/strong> Bomcylindrar finns i enkelverkande (i en riktning) eller dubbelverkande (i tv\u00e5 riktningar) konfigurationer, vilket tillgodoser olika driftsbehov. Vissa modeller \u00e4r teleskopiska, vilket m\u00f6jligg\u00f6r betydande f\u00f6rl\u00e4ngning utan att \u00f6ka de yttre m\u00e5tten, vilket g\u00f6r dem l\u00e4mpliga f\u00f6r utrymmesbegr\u00e4nsade till\u00e4mpningar.<\/li>\n<li><strong>Precisionsteknik:<\/strong> Varje cylinder tillverkas med precision f\u00f6r att s\u00e4kerst\u00e4lla optimal prestanda och tillf\u00f6rlitlighet, vilket \u00e4r avg\u00f6rande f\u00f6r att bibeh\u00e5lla effektiviteten inom bygg- och jordbruksapplikationer.<\/li>\n<li><strong>Kompatibilitet:<\/strong> V\u00e5ra bomcylindrar kan perfekt ers\u00e4tta befintliga hydraulcylindrar, vilket s\u00e4kerst\u00e4ller s\u00f6ml\u00f6s integration och funktionalitet i din utrustning.<\/li>\n<\/ul>\n<p><img decoding=\"async\" src=\"https:\/\/www.hydraulic-cylinders.net\/wp-content\/uploads\/2025\/04\/songte-cylinder-head-with-all-kinds-excavator-models.webp\" alt=\"Kompatibla modeller\"><\/p>\n<h2>Anv\u00e4ndningsomr\u00e5den f\u00f6r bomcylindern<\/h2>\n<h3>Byggutrustning<\/h3>\n<p>I byggmaskiner som gr\u00e4vmaskiner \u00e4r bomcylindern avg\u00f6rande f\u00f6r gr\u00e4vning, lastning och transport av jord eller skr\u00e4p. M\u00f6jligheten att kontrollera bommens h\u00f6jd och vinkel m\u00f6jligg\u00f6r effektiva gr\u00e4vningsoperationer. Gr\u00e4vlastare \u00e4r ocks\u00e5 starkt beroende av bomcylindern f\u00f6r b\u00e5de gr\u00e4v- och lyftfunktioner, vilket g\u00f6r den till en oumb\u00e4rlig del av olika bygguppgifter.<\/p>\n<h3>Jordbruksmaskiner<\/h3>\n<p>I jordbruksutrustning som frontlastare anv\u00e4nds bomcylindrar f\u00f6r att skopa, lyfta och transportera jord, h\u00f6 och andra material. Deras tillf\u00f6rlitlighet s\u00e4kerst\u00e4ller att lantbrukare kan utf\u00f6ra uppgifter effektivt och \u00f6ka produktiviteten inom olika jordbruksverksamheter.<\/p>\n<h3>Gr\u00e4vmaskiner<\/h3>\n<p>F\u00f6r gr\u00e4vmaskiner g\u00f6r bomcylindrar att skopan kan tr\u00e4nga ner i marken, vilket underl\u00e4ttar gr\u00e4vning. Deras robusta design st\u00f6der h\u00f6gpresterande gr\u00e4vuppgifter, vilket s\u00e4kerst\u00e4ller att f\u00f6rare effektivt kan hantera materialhantering under olika f\u00f6rh\u00e5llanden.<\/p>\n<h3>Lastare<\/h3>\n<p>I frontlastare hj\u00e4lper bomcylindrar till att lyfta och dumpa laster. Deras f\u00f6rm\u00e5ga att ge kraftfulla lyftkapaciteter \u00e4r avg\u00f6rande f\u00f6r effektiv materialhantering, vilket g\u00f6r dem avg\u00f6rande f\u00f6r bygg- och logistikverksamhet.<\/p>\n<h2>Design\u00f6verv\u00e4ganden och urvalskriterier<\/h2>\n<h3>Lastkapacitet<\/h3>\n<p>Bomcylinderns lastkapacitet \u00e4r en kritisk konstruktionsfaktor. Den m\u00e5ste kunna hantera den maximala vikt som utrustningen kommer att uts\u00e4ttas f\u00f6r under drift. Att f\u00f6rst\u00e5 de specifika kraven f\u00f6r lastkapacitet \u00e4r avg\u00f6rande f\u00f6r att s\u00e4kerst\u00e4lla s\u00e4kerhet och effektivitet i alla till\u00e4mpningar.<\/p>\n<h3>T\u00e4tningsprestanda<\/h3>\n<p>Effektiv t\u00e4tning \u00e4r avg\u00f6rande f\u00f6r att bibeh\u00e5lla det hydrauliska trycket i cylindern. H\u00f6gkvalitativa t\u00e4tningar f\u00f6rhindrar l\u00e4ckage och s\u00e4kerst\u00e4ller att hydraulsystemet fungerar effektivt. Att v\u00e4lja r\u00e4tt t\u00e4tningsmaterial, s\u00e5som polyuretan eller nitrilgummi, s\u00e4kerst\u00e4ller l\u00e5ngvarig prestanda och minskar underh\u00e5llsbehovet.<\/p>\n<h3>Varaktighet<\/h3>\n<p>H\u00e5llbarhet \u00e4r en nyckelfaktor vid konstruktionen av bomcylindrar. De m\u00e5ste motst\u00e5 extrema f\u00f6rh\u00e5llanden, inklusive h\u00f6gt tryck, temperaturfluktuationer och exponering f\u00f6r tuffa milj\u00f6er. Att v\u00e4lja material och konstruktioner som fr\u00e4mjar h\u00e5llbarhet \u00e4r avg\u00f6rande f\u00f6r l\u00e5ngsiktig driftsframg\u00e5ng.<\/p>\n<h3>S\u00e4kerhetsfunktioner<\/h3>\n<p>S\u00e4kerhets\u00e5tg\u00e4rder b\u00f6r integreras i konstruktionen av bomcylindrar. Detta inkluderar fels\u00e4kringar och tryckavlastningsventiler som skyddar operat\u00f6rer och maskiner fr\u00e5n potentiella faror. Att utv\u00e4rdera s\u00e4kerhetsfunktioner under urvalsprocessen \u00e4r avg\u00f6rande f\u00f6r att s\u00e4kerst\u00e4lla den \u00f6vergripande s\u00e4kerheten i verksamheten.<\/p>\n<h3>Enkelt underh\u00e5ll<\/h3>\n<p>Underh\u00e5llsfr\u00e5gor \u00e4r avg\u00f6rande vid konstruktion av en bomcylinder. Funktioner som underl\u00e4ttar enkel \u00e5tkomst f\u00f6r inspektioner, reparationer och utbyten kan avsev\u00e4rt minska driftstopp och f\u00f6rb\u00e4ttra driftseffektiviteten. En v\u00e4lkonstruerad cylinder b\u00f6r erbjuda enkla underh\u00e5llsprocedurer f\u00f6r att h\u00e5lla den i optimalt skick.<\/p>\n<p><img decoding=\"async\" src=\"https:\/\/www.hydraulic-cylinders.net\/wp-content\/uploads\/2025\/04\/songte-oil-pipes-and-spare-parts.webp\" alt=\"Hydrauliska delar\"><\/p>\n<h2>T\u00e4tning och sm\u00f6rjning<\/h2>\n<p>Korrekt t\u00e4tning och sm\u00f6rjning \u00e4r avg\u00f6rande f\u00f6r effektiv drift av bomcylindrar. Olika t\u00e4tningar, s\u00e5som kolvt\u00e4tningar och st\u00e5ngt\u00e4tningar, spelar en avg\u00f6rande roll f\u00f6r att f\u00f6rhindra l\u00e4ckage och uppr\u00e4tth\u00e5lla hydraultrycket. T\u00e4tningar tillverkade av slitstarka material som polyuretan och nitrilgummi s\u00e4kerst\u00e4ller l\u00e5ng livsl\u00e4ngd och tillf\u00f6rlitlighet i kr\u00e4vande milj\u00f6er. Ytorna p\u00e5 cylinderhuset och de g\u00e4ngade \u00e4ndarna \u00e4r exakt ytbehandlade f\u00f6r att f\u00f6rb\u00e4ttra slitstyrkan. Regelbundet underh\u00e5ll, inklusive snabb tillsats av hydraulolja f\u00f6r sm\u00f6rjning, \u00e4r n\u00f6dv\u00e4ndigt f\u00f6r att cylindern ska fungera optimalt och f\u00f6r att f\u00f6rhindra f\u00f6r tidigt slitage eller haveri.<\/p>\n<h2>F\u00f6rebyggande underh\u00e5lls\u00e5tg\u00e4rder<\/h2>\n<ul>\n<li><strong>Regelbundna inspektioner:<\/strong> Att utf\u00f6ra rutinm\u00e4ssiga inspektioner av bomcylindern hj\u00e4lper till att identifiera eventuella tecken p\u00e5 slitage eller skador tidigt, vilket f\u00f6rhindrar st\u00f6rre problem l\u00e4ngre fram.<\/li>\n<li><strong>Korrekt sm\u00f6rjning:<\/strong> Det \u00e4r viktigt att h\u00e5lla cylindern tillr\u00e4ckligt smord f\u00f6r smidig drift. Att f\u00f6lja tillverkarens rekommendationer f\u00f6r sm\u00f6rjintervall och typer kommer att avsev\u00e4rt \u00f6ka cylinderns livsl\u00e4ngd.<\/li>\n<li><strong>Byte av t\u00e4tning:<\/strong> Det \u00e4r viktigt att \u00f6vervaka t\u00e4tningarnas skick. Att snabbt byta ut slitna eller skadade t\u00e4tningar f\u00f6rhindrar l\u00e4ckage och uppr\u00e4tth\u00e5ller hydraultrycket.<\/li>\n<\/ul>\n<h2>Installationsriktlinjer<\/h2>\n<p>Korrekt installation av bomcylindern \u00e4r avg\u00f6rande f\u00f6r optimal prestanda. B\u00f6rja med att se till att alla komponenter \u00e4r rena och fria fr\u00e5n skr\u00e4p f\u00f6re installation. Rikta in cylindern korrekt i f\u00f6rh\u00e5llande till monteringspunkterna f\u00f6r att undvika on\u00f6dig belastning p\u00e5 komponenterna. Det \u00e4r l\u00e4mpligt att anv\u00e4nda l\u00e4mpliga monteringsf\u00e4sten f\u00f6r att f\u00e4sta cylindern ordentligt p\u00e5 plats. Att f\u00f6lja tillverkarens specifikationer f\u00f6r \u00e5tdragningsmoment och anslutningstyper kommer att f\u00f6rb\u00e4ttra cylinderns tillf\u00f6rlitlighet. Efter installationen, g\u00f6r en noggrann kontroll f\u00f6r att s\u00e4kerst\u00e4lla att allt fungerar korrekt innan utrustningen tas i drift.<\/p>\n<h2>Vanliga underh\u00e5llsuppgifter<\/h2>\n<ul>\n<li><strong>Regelbundna inspektioner:<\/strong> Kontrollera regelbundet om det finns l\u00e4ckor, slitage eller andra ovanliga tecken p\u00e5 skador. Tidig uppt\u00e4ckt kan f\u00f6rhindra allvarliga fel.<\/li>\n<li><strong>Korrekt sm\u00f6rjning:<\/strong> S\u00e4kerst\u00e4ll att hydraulcylindern sm\u00f6rjs enligt tillverkarens anvisningar f\u00f6r att bibeh\u00e5lla dess effektivitet och livsl\u00e4ngd.<\/li>\n<li><strong>Byte av t\u00e4tning:<\/strong> Kontrollera t\u00e4tningarna f\u00f6r slitage och byt ut dem vid behov f\u00f6r att bibeh\u00e5lla hydraultrycket och f\u00f6rhindra l\u00e4ckage.<\/li>\n<\/ul>\n<h2>S\u00e4kerhetsaspekter och milj\u00f6faktorer<\/h2>\n<p>N\u00e4r man arbetar med hydrauliska system \u00e4r s\u00e4kerheten av st\u00f6rsta vikt. Att implementera s\u00e4kerhets\u00e5tg\u00e4rder som att anv\u00e4nda skyddsutrustning, f\u00f6lja driftsriktlinjer och s\u00e4kerst\u00e4lla korrekt utbildning f\u00f6r operat\u00f6rer kan f\u00f6rhindra olyckor och skador. Att vara medveten om milj\u00f6faktorer som kan p\u00e5verka hydrauliska system, s\u00e5som extrema temperaturer eller korrosiva milj\u00f6er, \u00e4r ocks\u00e5 avg\u00f6rande f\u00f6r att bibeh\u00e5lla utrustningens integritet och funktionalitet.<\/p>\n<h2>Fels\u00f6kning och vanliga problem<\/h2>\n<ul>\n<li><strong>L\u00e4ckage:<\/strong> Kontrollera t\u00e4tningar och kopplingar f\u00f6r slitage eller skador om du uppt\u00e4cker v\u00e4tskel\u00e4ckage. Byt ut t\u00e4tningar vid behov och se till att alla anslutningar \u00e4r ordentligt \u00e5tdragna.<\/li>\n<li><strong>Brist p\u00e5 kraft:<\/strong> Om cylindern inte svarar tillr\u00e4ckligt, kontrollera hydraulv\u00e4tskeniv\u00e5n och se till att det inte finns n\u00e5gra blockeringar i hydraulledningarna.<\/li>\n<li><strong>Ov\u00e4ntade ljud:<\/strong> Ovanliga ljud under drift kan tyda p\u00e5 inre slitage eller skador. G\u00f6r en noggrann inspektion f\u00f6r att identifiera ljudk\u00e4llan och vidta korrigerande \u00e5tg\u00e4rder.<\/li>\n<\/ul>\n<h2>Fels\u00f6kningstips<\/h2>\n<p>F\u00f6r att effektivt diagnostisera och l\u00f6sa problem med bomcylindrar, f\u00f6r en detaljerad logg \u00f6ver operationer och oregelbundenheter. Kontrollera regelbundet l\u00e4ckor, \u00f6vervaka hydraulv\u00e4tskeniv\u00e5erna och lyssna efter ovanliga ljud. F\u00f6rebyggande \u00e5tg\u00e4rder, som att strikt f\u00f6lja underh\u00e5llsscheman och anv\u00e4nda kvalitetsdelar, kan avsev\u00e4rt minska sannolikheten f\u00f6r att problem uppst\u00e5r.<\/p>\n<p><img decoding=\"async\" src=\"https:\/\/www.hydraulic-cylinders.net\/wp-content\/uploads\/2025\/04\/songte-bushings-with-all-kinds-of-excavator-models.webp\" alt=\"Bussningar f\u00f6r gr\u00e4vmaskiner\"><\/p>\n<h2>Om v\u00e5rt f\u00f6retag<\/h2>\n<p>Vi \u00e4r en ledande tillverkare av hydraulcylindrar f\u00f6r reservdelar och erbjuder ett omfattande produktsortiment som riktar sig till b\u00e5de inhemska och internationella marknader. V\u00e5rt f\u00f6retag \u00e4r engagerat i excellens och anv\u00e4nder en f\u00f6rfinad produktionsstrategi i en toppmodern tillverkningsverkstad. Vi utnyttjar skicklig teknisk personal, avancerad digital tillverkningsutrustning och professionella testsystem f\u00f6r att f\u00f6rb\u00e4ttra v\u00e5r tillverkningskapacitet. Genom att prioritera h\u00f6g effektivitet, precision och kvalitet m\u00f6ter vi v\u00e5ra kunders olika behov.<\/p>\n<p><img decoding=\"async\" src=\"https:\/\/www.hydraulic-cylinders.net\/wp-content\/uploads\/2025\/04\/songte-company-4.webp\" alt=\"F\u00f6retags\u00f6versikt\"><br \/>\n<img decoding=\"async\" src=\"https:\/\/www.hydraulic-cylinders.net\/wp-content\/uploads\/2025\/04\/songte-company-3.webp\" alt=\"F\u00f6retagsfaciliteter\"><\/p>\n<p>Vi erbjuder skr\u00e4ddarsydda tj\u00e4nster som tillgodoser specifika kundkrav och s\u00e4kerst\u00e4ller att v\u00e5ra produkter uppfyller h\u00f6gsta internationella standarder. Med fokus p\u00e5 effektiv eftermarknadssupport s\u00e4kerst\u00e4ller vi att v\u00e5ra kunder f\u00e5r omfattande hj\u00e4lp under hela v\u00e5ra produkters livscykel.<\/p>\n<p>F\u00f6rfattare: lyl<\/p>","protected":false},"excerpt":{"rendered":"<p>Boom Cylinder For XGMA Small Excavator XG809E Introduction to Boom Cylinder The Boom Cylinder for XGMA Small Excavator XG809E is a crucial component in the hydraulic systems of excavators. It is specifically designed to control the movement of the boom, enabling a variety of operations. This hydraulic cylinder allows the boom to raise, lower, and [&hellip;]<\/p>","protected":false},"featured_media":17877,"comment_status":"open","ping_status":"closed","template":"","meta":{"_et_pb_use_builder":"","_et_pb_old_content":"","_et_gb_content_width":""},"product_brand":[],"product_cat":[1546],"product_tag":[1547,1496],"class_list":{"0":"post-19312","1":"product","2":"type-product","3":"status-publish","4":"has-post-thumbnail","6":"product_cat-boom-cylinders","7":"product_tag-boom-cylinders","8":"product_tag-hydraulic-cylinders","10":"first","11":"instock","12":"shipping-taxable","13":"product-type-simple"},"amp_enabled":true,"_links":{"self":[{"href":"https:\/\/www.hydraulic-cylinders.net\/sv\/wp-json\/wp\/v2\/product\/19312","targetHints":{"allow":["GET"]}}],"collection":[{"href":"https:\/\/www.hydraulic-cylinders.net\/sv\/wp-json\/wp\/v2\/product"}],"about":[{"href":"https:\/\/www.hydraulic-cylinders.net\/sv\/wp-json\/wp\/v2\/types\/product"}],"replies":[{"embeddable":true,"href":"https:\/\/www.hydraulic-cylinders.net\/sv\/wp-json\/wp\/v2\/comments?post=19312"}],"wp:featuredmedia":[{"embeddable":true,"href":"https:\/\/www.hydraulic-cylinders.net\/sv\/wp-json\/wp\/v2\/media\/17877"}],"wp:attachment":[{"href":"https:\/\/www.hydraulic-cylinders.net\/sv\/wp-json\/wp\/v2\/media?parent=19312"}],"wp:term":[{"taxonomy":"product_brand","embeddable":true,"href":"https:\/\/www.hydraulic-cylinders.net\/sv\/wp-json\/wp\/v2\/product_brand?post=19312"},{"taxonomy":"product_cat","embeddable":true,"href":"https:\/\/www.hydraulic-cylinders.net\/sv\/wp-json\/wp\/v2\/product_cat?post=19312"},{"taxonomy":"product_tag","embeddable":true,"href":"https:\/\/www.hydraulic-cylinders.net\/sv\/wp-json\/wp\/v2\/product_tag?post=19312"}],"curies":[{"name":"wp","href":"https:\/\/api.w.org\/{rel}","templated":true}]}}