{"id":19314,"date":"2025-04-07T06:26:33","date_gmt":"2025-04-07T06:26:33","guid":{"rendered":"https:\/\/www.hydraulic-cylinders.net\/product\/boom-cylinder-for-xgma-middle-excavator-xg820\/"},"modified":"2025-04-07T06:26:36","modified_gmt":"2025-04-07T06:26:36","slug":"boom-cylinder-for-xgma-middle-excavator-xg820","status":"publish","type":"product","link":"https:\/\/www.hydraulic-cylinders.net\/sv\/produkt\/boom-cylinder-for-xgma-middle-excavator-xg820\/","title":{"rendered":"Bomcylinder f\u00f6r XGMA mellangr\u00e4vmaskin XG820"},"content":{"rendered":"<h1>Bomcylinder f\u00f6r XGMA mellangr\u00e4vmaskin XG820<\/h1>\n<h2>Produkt\u00f6versikt<\/h2>\n<p>Bomcylindern f\u00f6r XGMA-mellangr\u00e4vmaskinen XG820 \u00e4r en viktig hydraulisk komponent som \u00e4r utformad f\u00f6r att styra gr\u00e4vmaskinens bomr\u00f6relser. Den spelar en avg\u00f6rande roll i hydraulsystemet och m\u00f6jligg\u00f6r exakt lyftning, s\u00e4nkning och lutning av gr\u00e4vmaskinens skopa. Denna m\u00e5ngsidighet \u00e4r avg\u00f6rande f\u00f6r olika materialhanteringsuppgifter p\u00e5 byggarbetsplatser och andra tunga operationer.<\/p>\n<p><img decoding=\"async\" src=\"https:\/\/www.hydraulic-cylinders.net\/wp-content\/uploads\/2025\/04\/songte-company-1.webp\" alt=\"Bomcylinder f\u00f6r XGMA mellangr\u00e4vmaskin XG820\"><\/p>\n<h3>Definition och funktionalitet<\/h3>\n<p>Bomcylindrar \u00e4r hydraulcylindrar som \u00e4r speciellt konstruerade f\u00f6r tunga maskiner som gr\u00e4vmaskiner, traktorgr\u00e4vare och frontlastare. Dessa cylindrar g\u00f6r att bommen kan f\u00f6rl\u00e4ngas och dras in, vilket underl\u00e4ttar skopans r\u00f6relse f\u00f6r att gr\u00e4va, lyfta och transportera material effektivt. Hydraulsystemets tryck utnyttjas f\u00f6r att uppn\u00e5 smidiga och kontrollerade r\u00f6relser, vilket s\u00e4kerst\u00e4ller att f\u00f6raren kan hantera tunga laster med l\u00e4tthet.<\/p>\n<h2>Viktiga funktioner hos bomcylindern<\/h2>\n<ul>\n<li><strong>H\u00f6g styrka och h\u00e5llbarhet:<\/strong> Dessa cylindrar \u00e4r tillverkade av h\u00f6gh\u00e5llfast st\u00e5l eller aluminium och t\u00e5l h\u00f6gt tryck och tunga belastningar, vilket g\u00f6r dem l\u00e4mpliga f\u00f6r tuffa arbetsmilj\u00f6er. Designen har slitstyrka och korrosionsbest\u00e4ndighet, vilket f\u00f6rl\u00e4nger livsl\u00e4ngden.<\/li>\n<li><strong>Effektiv hydraulisk drift:<\/strong> Bomcylindern arbetar med hydrauliskt oljetryck, vilket m\u00f6jligg\u00f6r smidig ut- och ink\u00f6rning. Denna snabba respons p\u00e5 styrkommandon ger kraftfulla tryck- och dragfunktioner, perfekta f\u00f6r tunga och komplexa uppgifter.<\/li>\n<li><strong>Olika typer:<\/strong> Beroende p\u00e5 driftsbehov erbjuder vi enkelverkande (hydraulisk verkning i en riktning) eller dubbelverkande (hydraulisk verkning i b\u00e5da riktningarna) cylindrar, d\u00e4r vissa modeller har teleskopiska designer f\u00f6r st\u00f6rre utdrag utan att \u00f6ka ytterm\u00e5tten, perfekt f\u00f6r applikationer med begr\u00e4nsat utrymme.<\/li>\n<\/ul>\n<h3>V\u00e5ra tillverkningsm\u00f6jligheter<\/h3>\n<p>Vi tillverkar dessa bomcylindrar med precision, vilket s\u00e4kerst\u00e4ller att de perfekt ers\u00e4tter befintliga hydraulcylindrar i olika maskintyper.<\/p>\n<p><img decoding=\"async\" src=\"https:\/\/www.hydraulic-cylinders.net\/wp-content\/uploads\/2025\/04\/songte-cylinder-head-with-all-kinds-excavator-models.webp\" alt=\"Gr\u00e4vmaskinsmodeller med bomcylinder\"><\/p>\n<h2>Anv\u00e4ndningsomr\u00e5den f\u00f6r bomcylindern<\/h2>\n<h3>Byggutrustning<\/h3>\n<p>I gr\u00e4vmaskiner \u00e4r bomcylindrar avg\u00f6rande f\u00f6r gr\u00e4vning, lastning och f\u00f6rflyttning av jord eller skr\u00e4p. De m\u00f6jligg\u00f6r effektiv penetration av marken, vilket underl\u00e4ttar gr\u00e4vningsarbetet och \u00f6kar produktiviteten.<\/p>\n<h3>Jordbruksmaskiner<\/h3>\n<p>I frontlastare anv\u00e4nds bomcylindrar f\u00f6r att skopa, lyfta och transportera jord, h\u00f6 och andra material. Deras hydrauliska kapacitet g\u00f6r det m\u00f6jligt f\u00f6r lantbrukare att slutf\u00f6ra uppgifter snabbt och effektivt, vilket f\u00f6rb\u00e4ttrar den totala produktiviteten.<\/p>\n<h3>Gr\u00e4vmaskiner<\/h3>\n<p>Bomcylindern g\u00f6r att skopan kan tr\u00e4nga ner i marken effektivt, vilket g\u00f6r gr\u00e4varbeten mer hanterbara. Denna funktion \u00e4r avg\u00f6rande f\u00f6r bygg- och gruvprojekt d\u00e4r precisionsgr\u00e4vning kr\u00e4vs.<\/p>\n<h3>Lastare<\/h3>\n<p>Hos frontlastare hj\u00e4lper bomcylindrar till att lyfta och dumpa laster effektivt. Deras design s\u00e4kerst\u00e4ller att optimal kraft appliceras, vilket minskar f\u00f6rarens anstr\u00e4ngning och \u00f6kar driftseffektiviteten.<\/p>\n<h2>Design\u00f6verv\u00e4ganden och urvalskriterier<\/h2>\n<h3>Lastkapacitet<\/h3>\n<p>Att v\u00e4lja en bomcylinder kr\u00e4ver f\u00f6rst\u00e5else f\u00f6r dess lastkapacitet. Det \u00e4r viktigt att v\u00e4lja en cylinder som kan b\u00e4ra den maximala vikt den kommer att uts\u00e4ttas f\u00f6r under drift. \u00d6verbelastning kan leda till cylinderfel eller skador p\u00e5 gr\u00e4vmaskinen.<\/p>\n<h3>T\u00e4tning<\/h3>\n<p>Effektiv t\u00e4tning \u00e4r avg\u00f6rande f\u00f6r att f\u00f6rhindra l\u00e4ckage av hydraulv\u00e4tska. H\u00f6gkvalitativa t\u00e4tningar s\u00e4kerst\u00e4ller att hydraultrycket bibeh\u00e5lls, vilket bidrar till bomcylinderns effektivitet och livsl\u00e4ngd. Regelbundna inspektioner av slitage p\u00e5 t\u00e4tningarna kan f\u00f6rhindra kostsamma reparationer.<\/p>\n<h3>Varaktighet<\/h3>\n<p>H\u00e5llbarhet \u00e4r en nyckelfaktor i byggmilj\u00f6er. Att v\u00e4lja bomcylindrar tillverkade av robusta material, med bel\u00e4ggningar som motst\u00e5r korrosion och slitage, kan avsev\u00e4rt f\u00f6rl\u00e4nga utrustningens livsl\u00e4ngd.<\/p>\n<h3>S\u00e4kerhet<\/h3>\n<p>S\u00e4kerhetsfunktioner som tryckavlastningsventiler och s\u00e4kerhetsl\u00e5s \u00e4r avg\u00f6rande f\u00f6r att f\u00f6rhindra olyckor under drift. Dessa funktioner skyddar b\u00e5de operat\u00f6ren och maskinen och s\u00e4kerst\u00e4ller s\u00e4ker och tillf\u00f6rlitlig prestanda.<\/p>\n<h3>Underh\u00e5ll<\/h3>\n<p>Enkelt underh\u00e5ll \u00e4r en annan aspekt att beakta. Bomcylindrar som \u00e4r konstruerade f\u00f6r snabb \u00e5tkomst till komponenter f\u00f6r inspektion och reparation hj\u00e4lper till att minimera driftstopp och h\u00e5lla driften ig\u00e5ng smidigt.<\/p>\n<p><img decoding=\"async\" src=\"https:\/\/www.hydraulic-cylinders.net\/wp-content\/uploads\/2025\/04\/songte-oil-pipes-and-spare-parts.webp\" alt=\"Oljer\u00f6r och reservdelar\"><\/p>\n<h2>T\u00e4tning och sm\u00f6rjning<\/h2>\n<p>F\u00f6r att bibeh\u00e5lla bomcylindrarnas integritet och funktionalitet \u00e4r korrekt t\u00e4tning och sm\u00f6rjning avg\u00f6rande. Olika t\u00e4tningar, s\u00e5som kolvt\u00e4tningar och st\u00e5ngt\u00e4tningar, \u00e4r tillverkade av slitstarka material som polyuretan och nitrilgummi, vilket s\u00e4kerst\u00e4ller slitagemotst\u00e5nd. Dessutom genomg\u00e5r cylinderhuset och de g\u00e4ngade ytorna fin bearbetning, vilket \u00f6kar deras h\u00e5llbarhet. Regelbunden sm\u00f6rjning med l\u00e4mplig hydraulolja \u00e4r n\u00f6dv\u00e4ndig f\u00f6r att minska friktion och slitage, vilket s\u00e4kerst\u00e4ller l\u00e5ngvarig prestanda.<\/p>\n<h2>Regelbundna kontroller och f\u00f6rebyggande underh\u00e5ll<\/h2>\n<ul>\n<li><strong>Rutininspektioner:<\/strong> Kontrollera regelbundet cylindern f\u00f6r tecken p\u00e5 slitage, l\u00e4ckor eller skador. Denna proaktiva metod hj\u00e4lper till att identifiera problem innan de eskalerar, vilket minimerar ov\u00e4ntade driftstopp.<\/li>\n<li><strong>Sm\u00f6rjning:<\/strong> Se till att hydrauloljan fylls p\u00e5 och byts vid behov, f\u00f6r att bibeh\u00e5lla optimal prestanda och f\u00f6rhindra inre slitage.<\/li>\n<li><strong>Byte av t\u00e4tning:<\/strong> \u00d6vervaka t\u00e4tningarna f\u00f6r slitage och byt ut dem vid behov f\u00f6r att f\u00f6rhindra l\u00e4ckage och bibeh\u00e5lla hydraultrycket.<\/li>\n<\/ul>\n<h2>Installationsriktlinjer<\/h2>\n<p>Korrekt installation av bomcylindern \u00e4r avg\u00f6rande f\u00f6r dess prestanda och livsl\u00e4ngd. B\u00f6rja med att se till att alla komponenter \u00e4r rena och fria fr\u00e5n skr\u00e4p. Rikta in cylindern noggrant i f\u00f6rh\u00e5llande till monteringspunkterna och anv\u00e4nd l\u00e4mpliga monteringsf\u00e4sten f\u00f6r att f\u00e4sta den. Dra \u00e5t alla f\u00e4stelement enligt tillverkarens specifikationer och undvik att dra \u00e5t f\u00f6r h\u00e5rt f\u00f6r att f\u00f6rhindra skador. Kontrollera efter installationen att den r\u00f6r sig och \u00e4r inriktad korrekt innan utrustningen tas i bruk. \u00d6vervaka regelbundet cylindern f\u00f6r eventuella tecken p\u00e5 feljustering eller onormal funktion.<\/p>\n<h2>Vanliga underh\u00e5llsuppgifter<\/h2>\n<ul>\n<li><strong>Regelbundna kontroller:<\/strong> Regelbundna inspektioner hj\u00e4lper till att uppt\u00e4cka eventuella problem tidigt, vilket s\u00e4kerst\u00e4ller att bomcylindern f\u00f6rblir i optimalt skick samtidigt som risken f\u00f6r fel under drift minskas.<\/li>\n<li><strong>Korrekt sm\u00f6rjning:<\/strong> Tillr\u00e4cklig sm\u00f6rjning \u00e4r avg\u00f6rande f\u00f6r att bibeh\u00e5lla hydraulv\u00e4tskans effektivitet och f\u00f6rhindra metall-mot-metall-kontakt, vilket kan leda till slitage och haveri.<\/li>\n<li><strong>Byte av t\u00e4tning:<\/strong> Kontrollera regelbundet t\u00e4tningarna f\u00f6r slitage och byt ut dem f\u00f6r att bibeh\u00e5lla hydraultrycket och f\u00f6rhindra l\u00e4ckage.<\/li>\n<\/ul>\n<h2>S\u00e4kerhetsaspekter och milj\u00f6faktorer<\/h2>\n<p>S\u00e4kerhets\u00e5tg\u00e4rder \u00e4r av st\u00f6rsta vikt vid anv\u00e4ndning av hydrauliska system. Operat\u00f6rer b\u00f6r utbildas i korrekt hantering och drift av bomcylindrar f\u00f6r att f\u00f6rhindra olyckor. Dessutom spelar milj\u00f6h\u00e4nsyn, s\u00e5som att s\u00e4kerst\u00e4lla att hydraulv\u00e4tskor kasseras korrekt och minimera spill, en viktig roll f\u00f6r att uppr\u00e4tth\u00e5lla s\u00e4kerheten och efterlevnaden av milj\u00f6f\u00f6reskrifter.<\/p>\n<h2>Feldiagnos och vanliga problem<\/h2>\n<ul>\n<li><strong>L\u00e4ckage:<\/strong> Om v\u00e4tska l\u00e4cker fr\u00e5n cylindern kan det tyda p\u00e5 att t\u00e4tningen \u00e4r trasig eller skadad. Kontrollera t\u00e4tningarna och byt ut dem vid behov.<\/li>\n<li><strong>Minskad prestanda:<\/strong> Om cylindern inte svarar tillr\u00e4ckligt, kontrollera hydraulv\u00e4tskeniv\u00e5n eller om det finns luft i systemet, vilket kan p\u00e5verka prestandan.<\/li>\n<li><strong>Ovanliga ljud:<\/strong> Eventuella skrapande eller ovanliga ljud under drift kan tyda p\u00e5 inre skador eller behov av sm\u00f6rjning. Unders\u00f6k omedelbart f\u00f6r att undvika ytterligare skador.<\/li>\n<\/ul>\n<h2>Fels\u00f6kningstips<\/h2>\n<p>N\u00e4r du diagnostiserar problem med bomcylindern, b\u00f6rja med att kontrollera om det finns tecken p\u00e5 l\u00e4ckage eller onormal drift. S\u00e4kerst\u00e4ll att alla hydrauliska anslutningar \u00e4r s\u00e4kra och att v\u00e4tskeniv\u00e5erna \u00e4r tillr\u00e4ckliga. Om problemen kvarst\u00e5r, se tillverkarens specifikationer f\u00f6r ytterligare fels\u00f6kningssteg. F\u00f6rebyggande \u00e5tg\u00e4rder, s\u00e5som regelbundet underh\u00e5ll och att f\u00f6lja driftsriktlinjer, kan minimera potentiella problem och f\u00f6rl\u00e4nga bomcylinderns livsl\u00e4ngd.<\/p>\n<p><img decoding=\"async\" src=\"https:\/\/www.hydraulic-cylinders.net\/wp-content\/uploads\/2025\/04\/songte-bushings-with-all-kinds-of-excavator-models.webp\" alt=\"Bussningar f\u00f6r gr\u00e4vmaskinsmodeller\"><\/p>\n<h2>Om v\u00e5rt f\u00f6retag<\/h2>\n<p>Vi \u00e4r en ledande tillverkare och grossistdistribut\u00f6r av hydraulcylindrar, specialiserade p\u00e5 h\u00f6gkvalitativa alternativ f\u00f6r olika maskiner. V\u00e5rt omfattande produktsortiment har positionerat oss som ett p\u00e5litligt namn p\u00e5 b\u00e5de inhemska och internationella marknader. Vi str\u00e4var efter h\u00f6gsta kvalitet och utnyttjar precisionstillverkningsstrategier som st\u00f6ds av teknisk expertis, avancerad utrustning och ett strikt kvalitetskontrollsystem. V\u00e5rt engagemang f\u00f6r innovation och effektivitet g\u00f6r det m\u00f6jligt f\u00f6r oss att m\u00f6ta olika kunders behov samtidigt som vi s\u00e4kerst\u00e4ller h\u00f6gsta m\u00f6jliga prestandastandard.<\/p>\n<h3>V\u00e5r expertis och v\u00e5ra tj\u00e4nster<\/h3>\n<ul>\n<li><strong>Professionalism:<\/strong> V\u00e5rt team best\u00e5r av skickliga yrkesm\u00e4n som \u00e4r dedikerade till att leverera f\u00f6rstklassiga produkter och tj\u00e4nster.<\/li>\n<li><strong>Internationella certifieringar:<\/strong> Vi innehar olika internationella certifieringar, vilket s\u00e4kerst\u00e4ller efterlevnad av globala tillverkningsstandarder.<\/li>\n<li><strong>Anpassade tj\u00e4nster:<\/strong> Vi erbjuder anpassningsalternativ f\u00f6r att m\u00f6ta specifika kundkrav, vilket f\u00f6rb\u00e4ttrar v\u00e5ra produkters \u00f6vergripande funktionalitet.<\/li>\n<li><strong>Toppmoderna produktionsanl\u00e4ggningar:<\/strong> V\u00e5r avancerade produktionsutrustning g\u00f6r det m\u00f6jligt f\u00f6r oss att uppr\u00e4tth\u00e5lla h\u00f6g precision och effektivitet i tillverkningen.<\/li>\n<li><strong>Eftermarknadssupport:<\/strong> Vi erbjuder utm\u00e4rkt kundservice efter k\u00f6pet, vilket s\u00e4kerst\u00e4ller kundn\u00f6jdhet och st\u00f6d f\u00f6r eventuella fr\u00e5gor eller problem.<\/li>\n<\/ul>\n<p><img decoding=\"async\" src=\"https:\/\/www.hydraulic-cylinders.net\/wp-content\/uploads\/2025\/04\/songte-company-4.webp\" alt=\"F\u00f6retags\u00f6versikt\"><br \/>\n<img decoding=\"async\" src=\"https:\/\/www.hydraulic-cylinders.net\/wp-content\/uploads\/2025\/04\/songte-company-3.webp\" alt=\"F\u00f6retagsfaciliteter\"><\/p>\n<p>F\u00f6rfattare: lyl<\/p>","protected":false},"excerpt":{"rendered":"<p>Boom Cylinder For XGMA Middle Excavator XG820 Product Overview The Boom Cylinder for the XGMA Middle Excavator XG820 is an essential hydraulic component designed to control the movement of excavator booms. It plays a crucial role in the hydraulic system, allowing for the precise lifting, lowering, and tilting of the excavator&#8217;s bucket. This versatility is [&hellip;]<\/p>","protected":false},"featured_media":17879,"comment_status":"open","ping_status":"closed","template":"","meta":{"_et_pb_use_builder":"","_et_pb_old_content":"","_et_gb_content_width":""},"product_brand":[],"product_cat":[1546],"product_tag":[1547,1496],"class_list":{"0":"post-19314","1":"product","2":"type-product","3":"status-publish","4":"has-post-thumbnail","6":"product_cat-boom-cylinders","7":"product_tag-boom-cylinders","8":"product_tag-hydraulic-cylinders","10":"first","11":"instock","12":"shipping-taxable","13":"product-type-simple"},"amp_enabled":true,"_links":{"self":[{"href":"https:\/\/www.hydraulic-cylinders.net\/sv\/wp-json\/wp\/v2\/product\/19314","targetHints":{"allow":["GET"]}}],"collection":[{"href":"https:\/\/www.hydraulic-cylinders.net\/sv\/wp-json\/wp\/v2\/product"}],"about":[{"href":"https:\/\/www.hydraulic-cylinders.net\/sv\/wp-json\/wp\/v2\/types\/product"}],"replies":[{"embeddable":true,"href":"https:\/\/www.hydraulic-cylinders.net\/sv\/wp-json\/wp\/v2\/comments?post=19314"}],"wp:featuredmedia":[{"embeddable":true,"href":"https:\/\/www.hydraulic-cylinders.net\/sv\/wp-json\/wp\/v2\/media\/17879"}],"wp:attachment":[{"href":"https:\/\/www.hydraulic-cylinders.net\/sv\/wp-json\/wp\/v2\/media?parent=19314"}],"wp:term":[{"taxonomy":"product_brand","embeddable":true,"href":"https:\/\/www.hydraulic-cylinders.net\/sv\/wp-json\/wp\/v2\/product_brand?post=19314"},{"taxonomy":"product_cat","embeddable":true,"href":"https:\/\/www.hydraulic-cylinders.net\/sv\/wp-json\/wp\/v2\/product_cat?post=19314"},{"taxonomy":"product_tag","embeddable":true,"href":"https:\/\/www.hydraulic-cylinders.net\/sv\/wp-json\/wp\/v2\/product_tag?post=19314"}],"curies":[{"name":"wp","href":"https:\/\/api.w.org\/{rel}","templated":true}]}}