{"id":19317,"date":"2025-04-07T06:26:41","date_gmt":"2025-04-07T06:26:41","guid":{"rendered":"https:\/\/www.hydraulic-cylinders.net\/product\/boom-cylinder-for-xgma-middle-excavator-xg822fl\/"},"modified":"2025-04-07T06:26:43","modified_gmt":"2025-04-07T06:26:43","slug":"boom-cylinder-for-xgma-middle-excavator-xg822fl","status":"publish","type":"product","link":"https:\/\/www.hydraulic-cylinders.net\/sv\/produkt\/boom-cylinder-for-xgma-middle-excavator-xg822fl\/","title":{"rendered":"Bomcylinder f\u00f6r XGMA mellangr\u00e4vmaskin XG822FL"},"content":{"rendered":"<h1>Bomcylinder f\u00f6r XGMA mellangr\u00e4vmaskin XG822FL<\/h1>\n<h2>Introduktion till bomcylinder<\/h2>\n<p>Bomcylindern \u00e4r en kritisk komponent i tunga maskiner, speciellt utformad f\u00f6r XGMA-mellangr\u00e4vmaskinen XG822FL. Denna hydraulcylinder styr bommens r\u00f6relse, vilket g\u00f6r det m\u00f6jligt f\u00f6r f\u00f6raren att utf\u00f6ra olika uppgifter som att lyfta, s\u00e4nka och luta bommen effektivt. Funktionaliteten hos en bomcylinder \u00e4r avg\u00f6rande f\u00f6r effektiv drift i bygg- och gr\u00e4vprojekt. Den fungerar i ett hydraulsystem som anv\u00e4nder trycksatt v\u00e4tska f\u00f6r att skapa r\u00f6relse och kraft. Detta g\u00f6r det m\u00f6jligt f\u00f6r tunga maskiner att utf\u00f6ra uppgifter som annars skulle kr\u00e4va betydande manuell anstr\u00e4ngning, vilket \u00f6kar produktiviteten och s\u00e4kerheten p\u00e5 arbetsplatserna.<\/p>\n<p><img decoding=\"async\" src=\"https:\/\/www.hydraulic-cylinders.net\/wp-content\/uploads\/2025\/04\/songte-company-1.webp\" alt=\"Bild av bomcylinder\"><\/p>\n<h2>Funktioner hos bomcylindern<\/h2>\n<ul>\n<li><strong>H\u00f6g styrka och h\u00e5llbarhet:<\/strong> Bomcylindern \u00e4r tillverkad av h\u00f6gh\u00e5llfast st\u00e5l eller aluminium och \u00e4r konstruerad f\u00f6r att motst\u00e5 h\u00f6ga tryck och tunga belastningar, vilket g\u00f6r den l\u00e4mplig f\u00f6r tuffa arbetsmilj\u00f6er. Den \u00e4r konstruerad f\u00f6r slitstyrka och korrosionsskydd, vilket resulterar i en f\u00f6rl\u00e4ngd livsl\u00e4ngd.<\/li>\n<li><strong>Effektiv hydraulisk drift:<\/strong> Cylindern anv\u00e4nder hydrauliskt v\u00e4tsketryck f\u00f6r smidig ut- och indragning, vilket m\u00f6jligg\u00f6r snabb respons p\u00e5 operat\u00f6rskommandon samtidigt som den levererar betydande tryck- och dragkrafter l\u00e4mpliga f\u00f6r hantering av tunga material och komplexa uppgifter.<\/li>\n<li><strong>Olika typer:<\/strong> Alternativen inkluderar enkelverkande cylindrar (som arbetar i en riktning) och dubbelverkande cylindrar (som arbetar i b\u00e5da riktningarna) f\u00f6r att m\u00f6ta olika driftsbehov. Vissa modeller \u00e4r teleskopiska, vilket m\u00f6jligg\u00f6r st\u00f6rre utdrag utan att \u00f6ka de yttre m\u00e5tten, vilket \u00e4r idealiskt f\u00f6r applikationer med begr\u00e4nsat utrymme.<\/li>\n<li><strong>M\u00e5ngsidiga till\u00e4mpningar:<\/strong> Bomcylindern kan anv\u00e4ndas i olika maskiner, vilket \u00f6kar dess anv\u00e4ndbarhet inom olika sektorer.<\/li>\n<li><strong>Anpassad tillverkning:<\/strong> V\u00e5ra produkter kan perfekt ers\u00e4tta befintliga hydraulcylindrar med motsvarande eller \u00f6verl\u00e4gsen prestanda, vilket s\u00e4kerst\u00e4ller kompatibilitet och tillf\u00f6rlitlighet.<\/li>\n<\/ul>\n<p><img decoding=\"async\" src=\"https:\/\/www.hydraulic-cylinders.net\/wp-content\/uploads\/2025\/04\/songte-cylinder-head-with-all-kinds-excavator-models.webp\" alt=\"Hydraulcylinder f\u00f6r gr\u00e4vmaskiner\"><\/p>\n<h2>Till\u00e4mpningar av bomcylinder<\/h2>\n<h3>Byggutrustning<\/h3>\n<p>Inom gr\u00e4vmaskiner \u00e4r bomcylindrar avg\u00f6rande f\u00f6r gr\u00e4vning, lastning och f\u00f6rflyttning av jord eller skr\u00e4p. Deras design underl\u00e4ttar exakt krafttillf\u00f6rsel, vilket g\u00f6r det m\u00f6jligt f\u00f6r f\u00f6rare att hantera stora volymer material effektivt. I gr\u00e4vlastare hj\u00e4lper bomcylindern inte bara till vid gr\u00e4vning utan \u00e4ven vid lyftoperationer, vilket \u00f6kar produktiviteten p\u00e5 byggarbetsplatser.<\/p>\n<h3>Jordbruksmaskiner<\/h3>\n<p>I frontlastare \u00e4r bomcylindrar avg\u00f6rande f\u00f6r att skopa, lyfta och transportera jord, h\u00f6 och andra material. Den hydrauliska kraften som dessa cylindrar tillhandah\u00e5ller m\u00f6jligg\u00f6r s\u00f6ml\u00f6s drift, vilket g\u00f6r dem oumb\u00e4rliga i jordbruksarbetsfl\u00f6den d\u00e4r tid och effektivitet \u00e4r av st\u00f6rsta vikt.<\/p>\n<h3>Gr\u00e4vmaskiner<\/h3>\n<p>I gr\u00e4vmaskiner g\u00f6r bomcylindern att skopan kan tr\u00e4nga ner i marken effektivt, vilket underl\u00e4ttar gr\u00e4vningsprocessen. Den hydrauliska mekanismen m\u00f6jligg\u00f6r exakt kontroll \u00f6ver gr\u00e4vningsdjupet och -vinkeln, vilket \u00e4r avg\u00f6rande f\u00f6r olika arbetsplatsf\u00f6rh\u00e5llanden och projektkrav.<\/p>\n<h3>Lastare<\/h3>\n<p>Frontlastare anv\u00e4nder bomcylindrar f\u00f6r att lyfta och dumpa laster effektivt. Bomcylinderns design s\u00e4kerst\u00e4ller att tunga material kan hanteras med precision, vilket avsev\u00e4rt f\u00f6rb\u00e4ttrar driftseffektiviteten och minskar den fysiska belastningen p\u00e5 f\u00f6rarna.<\/p>\n<h2>Design\u00f6verv\u00e4ganden och urvalskriterier<\/h2>\n<ul>\n<li><strong>Lastkapacitet:<\/strong> Konstruktionen av en bomcylinder m\u00e5ste ta h\u00e4nsyn till den maximala belastningen den kan b\u00e4ra. Detta inneb\u00e4r att analysera materialens vikt och s\u00e4kerst\u00e4lla att cylindern kan hantera motsvarande tryck och krafter utan att haverera.<\/li>\n<li><strong>T\u00e4tningsf\u00f6rm\u00e5ga:<\/strong> Effektiv t\u00e4tning \u00e4r avg\u00f6rande f\u00f6r hydraulcylindrars livsl\u00e4ngd och effektivitet. Kvalitetst\u00e4tningar f\u00f6rhindrar v\u00e4tskel\u00e4ckage och kontaminering, vilket kan leda till systemfel. Valet av t\u00e4tningsmaterial, s\u00e5som polyuretan och nitrilgummi, spelar en betydande roll f\u00f6r cylinderns prestanda.<\/li>\n<li><strong>Varaktighet:<\/strong> Bomcylindrar b\u00f6r konstrueras f\u00f6r att motst\u00e5 tuffa driftsf\u00f6rh\u00e5llanden. Detta inkluderar motst\u00e5ndskraft mot slitage, korrosion och utmattning \u00f6ver tid. H\u00f6gkvalitativa material och avancerade tillverkningsprocesser bidrar till produktens h\u00e5llbarhet.<\/li>\n<li><strong>S\u00e4kerhetsfunktioner:<\/strong> S\u00e4kerhetsaspekter \u00e4r av st\u00f6rsta vikt i hydrauliska system. Bomcylindrar b\u00f6r vara utrustade med s\u00e4kerhetsmekanismer som f\u00f6rhindrar oavsiktlig man\u00f6vrering och ger fels\u00e4kra funktioner vid tryckf\u00f6rlust eller mekaniskt fel.<\/li>\n<li><strong>Tillg\u00e4nglighet f\u00f6r underh\u00e5ll:<\/strong> En design som m\u00f6jligg\u00f6r enkelt underh\u00e5ll och inspektion kan avsev\u00e4rt f\u00f6rl\u00e4nga bomcylinderns livsl\u00e4ngd. Komponenterna b\u00f6r vara \u00e5tkomliga f\u00f6r rutinkontroller och reparationer utan omfattande demontering.<\/li>\n<\/ul>\n<p><img decoding=\"async\" src=\"https:\/\/www.hydraulic-cylinders.net\/wp-content\/uploads\/2025\/04\/songte-oil-pipes-and-spare-parts.webp\" alt=\"Hydrauliska delar\"><\/p>\n<h2>T\u00e4tning och sm\u00f6rjning av cylindern<\/h2>\n<p>F\u00f6r att s\u00e4kerst\u00e4lla optimal prestanda anv\u00e4nds olika t\u00e4tningskomponenter i bomcylindrar, inklusive kolvt\u00e4tningar och st\u00e5ngt\u00e4tningar. Valet av t\u00e4tningsmaterial, s\u00e5som h\u00f6gkvalitativ polyuretan eller nitrilgummi, \u00e4r avg\u00f6rande f\u00f6r att bibeh\u00e5lla hydraulisk integritet och f\u00f6rhindra l\u00e4ckage. Cylinderhuset och de g\u00e4ngade \u00e4ndytorna genomg\u00e5r finbearbetningsprocesser f\u00f6r att f\u00f6rb\u00e4ttra slitstyrkan och den totala h\u00e5llbarheten. Regelbunden sm\u00f6rjning med hydraulolja \u00e4r n\u00f6dv\u00e4ndig f\u00f6r att bibeh\u00e5lla cylinderns smidiga drift och f\u00f6rhindra f\u00f6r tidigt slitage av interna komponenter. Korrekt sm\u00f6rjning hj\u00e4lper ocks\u00e5 till att kyla hydraulsystemet, vilket ytterligare f\u00f6rl\u00e4nger dess livsl\u00e4ngd.<\/p>\n<h2>F\u00f6rebyggande underh\u00e5lls\u00e5tg\u00e4rder<\/h2>\n<ul>\n<li><strong>Regelbundna inspektioner:<\/strong> Regelbundna kontroller av slitage, l\u00e4ckor eller tecken p\u00e5 funktionsfel kan hj\u00e4lpa till att identifiera problem innan de blir allvarliga. Detta inkluderar att unders\u00f6ka t\u00e4tningar, kolvst\u00e5ngens integritet och hydrauliska anslutningar.<\/li>\n<li><strong>L\u00e4mplig sm\u00f6rjning:<\/strong> Att se till att cylindern \u00e4r tillr\u00e4ckligt smord med r\u00e4tt hydraulolja \u00e4r avg\u00f6rande. Regelbundna oljebyten och kontroller f\u00f6r f\u00f6roreningar kan f\u00f6rb\u00e4ttra prestanda och h\u00e5llbarhet.<\/li>\n<li><strong>Byte av t\u00e4tning:<\/strong> T\u00e4tningar b\u00f6r bytas ut regelbundet beroende p\u00e5 driftsmilj\u00f6 och anv\u00e4ndningsfrekvens. Slitna t\u00e4tningar kan leda till betydande f\u00f6rlust av hydraulv\u00e4tska, vilket p\u00e5verkar systemets totala effektivitet.<\/li>\n<\/ul>\n<h2>Installationsriktlinjer<\/h2>\n<p>Proper installation of the boom cylinder is vital for optimal performance and longevity. During installation, ensure that the cylinder is correctly aligned with the machinery to prevent undue stress on the cylinder and its mounts. Utilize appropriate mounting brackets to secure the cylinder firmly in place, avoiding movement that could lead to misalignment. It is also essential to follow the manufacturer&#8217;s specifications regarding hydraulic connections and torque settings to ensure a leak-free setup. After installation, conduct a thorough check for any signs of leakage and test the hydraulic system to confirm proper operation.<\/p>\n<h2>Underh\u00e5llsuppgifter<\/h2>\n<ul>\n<li><strong>Regelbundna kontroller:<\/strong> Utf\u00f6r rutinm\u00e4ssiga inspektioner f\u00f6r att identifiera eventuella problem tidigt. Leta efter l\u00e4ckor, ovanliga ljud och tecken p\u00e5 slitage p\u00e5 t\u00e4tningar och st\u00e4nger.<\/li>\n<li><strong>Korrekt sm\u00f6rjning:<\/strong> S\u00e4kerst\u00e4ll att hydrauloljan har r\u00e4tt niv\u00e5 och byt ut den vid behov f\u00f6r att bibeh\u00e5lla optimala sm\u00f6rjf\u00f6rh\u00e5llanden.<\/li>\n<li><strong>Byte och kalibrering av t\u00e4tning:<\/strong> Byt regelbundet ut t\u00e4tningar som visar tecken p\u00e5 slitage och kontrollera kalibreringen av hydraulsystemet f\u00f6r att s\u00e4kerst\u00e4lla att det fungerar korrekt. Ett felaktigt kalibrerat system kan leda till ineffektivitet och potentiella skador.<\/li>\n<\/ul>\n<h2>S\u00e4kerhetsaspekter och milj\u00f6faktorer<\/h2>\n<p>Vid anv\u00e4ndning av bomcylindrar \u00e4r s\u00e4kerhets\u00e5tg\u00e4rder avg\u00f6rande f\u00f6r att f\u00f6rhindra olyckor och s\u00e4kerst\u00e4lla en s\u00e4ker arbetsmilj\u00f6. Operat\u00f6rer b\u00f6r utbildas i korrekt anv\u00e4ndning av hydraulsystem och de potentiella faror som \u00e4r f\u00f6rknippade med dem. Dessutom b\u00f6r man vara noga med att f\u00f6lja milj\u00f6f\u00f6reskrifter och s\u00e4kerst\u00e4lla att hydraulv\u00e4tskor hanteras ansvarsfullt f\u00f6r att f\u00f6rhindra kontaminering av mark och vattenk\u00e4llor. L\u00e4mpliga inneslutnings\u00e5tg\u00e4rder b\u00f6r finnas p\u00e5 plats f\u00f6r att hantera eventuella l\u00e4ckor eller spill som kan uppst\u00e5 under drift eller underh\u00e5ll.<\/p>\n<h2>Feldiagnos och vanliga problem<\/h2>\n<ul>\n<li><strong>L\u00e4ckage:<\/strong> Ett av de vanligaste problemen med hydraulcylindrar \u00e4r l\u00e4ckage fr\u00e5n t\u00e4tningar eller kopplingar. Detta kan leda till minskad prestanda och effektivitet. Regelbunden inspektion av t\u00e4tningar och anslutningar \u00e4r n\u00f6dv\u00e4ndig f\u00f6r att identifiera och \u00e5tg\u00e4rda l\u00e4ckor snabbt.<\/li>\n<li><strong>Oresponsiv r\u00f6relse:<\/strong> Om bomcylindern inte svarar som f\u00f6rv\u00e4ntat kan detta tyda p\u00e5 problem med hydraultrycket eller interna skador. Att diagnostisera hydraulsystemet och kontrollera om det finns hinder eller blockeringar kan hj\u00e4lpa till att \u00e5tg\u00e4rda problemet.<\/li>\n<li><strong>\u00d6verdrivet buller:<\/strong> Ovanliga ljud under drift kan tyda p\u00e5 slitage eller skador i cylindern eller hydraulsystemet. Att unders\u00f6ka ljudk\u00e4llan och byta ut slitna komponenter kan f\u00f6rhindra ytterligare skador.<\/li>\n<\/ul>\n<h2>Fels\u00f6kningstips<\/h2>\n<p>F\u00f6r att effektivt diagnostisera och l\u00f6sa problem med bomcylindern, \u00f6verv\u00e4g f\u00f6ljande fels\u00f6kningstips: Kontrollera f\u00f6rst regelbundet om det finns tecken p\u00e5 l\u00e4ckor eller skador. \u00c5tg\u00e4rda eventuella l\u00e4ckor s\u00e5 snart de identifieras f\u00f6r att f\u00f6rhindra f\u00f6rlust av hydraulv\u00e4tska. Se sedan till att hydraultrycket ligger inom det rekommenderade intervallet f\u00f6r optimal prestanda. Om trycket \u00e4r l\u00e5gt, unders\u00f6k m\u00f6jliga orsaker som blockerade ledningar eller slitna komponenter. Slutligen, uppr\u00e4tth\u00e5ll en ren arbetsmilj\u00f6 f\u00f6r att f\u00f6rhindra att f\u00f6roreningar kommer in i hydraulsystemet, vilket kan leda till slitage och funktionsfel med tiden.<\/p>\n<p><img decoding=\"async\" src=\"https:\/\/www.hydraulic-cylinders.net\/wp-content\/uploads\/2025\/04\/songte-bushings-with-all-kinds-of-excavator-models.webp\" alt=\"Gr\u00e4vmaskinsbussningar\"><\/p>\n<h2>Om v\u00e5rt f\u00f6retag<\/h2>\n<p>We are a leading manufacturer of replacement hydraulic cylinders, offering a wide range of products that cater to both domestic and international markets. Our commitment to excellence is reflected in our meticulous manufacturing processes and a focus on high-quality production. Leveraging advanced technology, skilled personnel, and robust production management strategies, we continuously enhance our manufacturing capabilities to meet our clients&#8217; diverse needs. Our products are designed with precision and engineered for reliability, ensuring that we provide top-tier solutions.<\/p>\n<p><img decoding=\"async\" src=\"https:\/\/www.hydraulic-cylinders.net\/wp-content\/uploads\/2025\/04\/songte-company-4.webp\" alt=\"F\u00f6retagsbild\"><br \/>\n<img decoding=\"async\" src=\"https:\/\/www.hydraulic-cylinders.net\/wp-content\/uploads\/2025\/04\/songte-company-3.webp\" alt=\"F\u00f6retagsbild\"><\/p>\n<h2>Slutsats<\/h2>\n<p>Med ett omfattande sortiment av hydraulcylindrar och fokus p\u00e5 kvalitet \u00e4r vi engagerade i att tillhandah\u00e5lla p\u00e5litliga produkter som m\u00f6ter v\u00e5ra kunders behov. V\u00e5ra internationella certifieringar, kundanpassade tj\u00e4nster, avancerade produktionsutrustning och dedikerade eftermarknadssupport understryker v\u00e5r position som en p\u00e5litlig partner inom hydraulcylinderbranschen.<\/p>\n<p>F\u00f6rfattare: lyl<\/p>","protected":false},"excerpt":{"rendered":"<p>Boom Cylinder For XGMA Middle Excavator XG822FL Introduction to Boom Cylinder The Boom Cylinder is a critical component of heavy machinery, specifically designed for the XGMA Middle Excavator XG822FL. This hydraulic cylinder controls the movement of the boom, enabling the operator to perform various tasks such as lifting, lowering, and tilting the boom effectively. The [&hellip;]<\/p>","protected":false},"featured_media":17867,"comment_status":"open","ping_status":"closed","template":"","meta":{"_et_pb_use_builder":"","_et_pb_old_content":"","_et_gb_content_width":""},"product_brand":[],"product_cat":[1546],"product_tag":[1547,1496],"class_list":{"0":"post-19317","1":"product","2":"type-product","3":"status-publish","4":"has-post-thumbnail","6":"product_cat-boom-cylinders","7":"product_tag-boom-cylinders","8":"product_tag-hydraulic-cylinders","10":"first","11":"instock","12":"shipping-taxable","13":"product-type-simple"},"amp_enabled":true,"_links":{"self":[{"href":"https:\/\/www.hydraulic-cylinders.net\/sv\/wp-json\/wp\/v2\/product\/19317","targetHints":{"allow":["GET"]}}],"collection":[{"href":"https:\/\/www.hydraulic-cylinders.net\/sv\/wp-json\/wp\/v2\/product"}],"about":[{"href":"https:\/\/www.hydraulic-cylinders.net\/sv\/wp-json\/wp\/v2\/types\/product"}],"replies":[{"embeddable":true,"href":"https:\/\/www.hydraulic-cylinders.net\/sv\/wp-json\/wp\/v2\/comments?post=19317"}],"wp:featuredmedia":[{"embeddable":true,"href":"https:\/\/www.hydraulic-cylinders.net\/sv\/wp-json\/wp\/v2\/media\/17867"}],"wp:attachment":[{"href":"https:\/\/www.hydraulic-cylinders.net\/sv\/wp-json\/wp\/v2\/media?parent=19317"}],"wp:term":[{"taxonomy":"product_brand","embeddable":true,"href":"https:\/\/www.hydraulic-cylinders.net\/sv\/wp-json\/wp\/v2\/product_brand?post=19317"},{"taxonomy":"product_cat","embeddable":true,"href":"https:\/\/www.hydraulic-cylinders.net\/sv\/wp-json\/wp\/v2\/product_cat?post=19317"},{"taxonomy":"product_tag","embeddable":true,"href":"https:\/\/www.hydraulic-cylinders.net\/sv\/wp-json\/wp\/v2\/product_tag?post=19317"}],"curies":[{"name":"wp","href":"https:\/\/api.w.org\/{rel}","templated":true}]}}