{"id":19318,"date":"2025-04-07T06:26:43","date_gmt":"2025-04-07T06:26:43","guid":{"rendered":"https:\/\/www.hydraulic-cylinders.net\/product\/boom-cylinder-for-xgma-middle-excavator-xg822el\/"},"modified":"2025-04-07T06:26:45","modified_gmt":"2025-04-07T06:26:45","slug":"boom-cylinder-for-xgma-middle-excavator-xg822el","status":"publish","type":"product","link":"https:\/\/www.hydraulic-cylinders.net\/sv\/produkt\/boom-cylinder-for-xgma-middle-excavator-xg822el\/","title":{"rendered":"Bomcylinder f\u00f6r XGMA mellangr\u00e4vmaskin XG822EL"},"content":{"rendered":"<h1>Bomcylinder f\u00f6r XGMA mellangr\u00e4vmaskin XG822EL<\/h1>\n<h2>Produkt\u00f6versikt<\/h2>\n<p>Bomcylindern f\u00f6r XGMA mellangr\u00e4vmaskin XG822EL \u00e4r en avg\u00f6rande komponent i gr\u00e4vmaskiners hydraulsystem. Denna hydraulcylinder \u00e4r specifikt utformad f\u00f6r att styra bomarmens r\u00f6relse, vilket m\u00f6jligg\u00f6r effektiv lyftning, s\u00e4nkning och lutning av skopan. Den spelar en viktig roll f\u00f6r att underl\u00e4tta materialhanteringsuppgifter, vilket g\u00f6r den oumb\u00e4rlig f\u00f6r tunga maskiner.<\/p>\n<p><img decoding=\"async\" src=\"https:\/\/www.hydraulic-cylinders.net\/wp-content\/uploads\/2025\/04\/songte-company-1.webp\" alt=\"Bomcylinder f\u00f6r gr\u00e4vmaskin\"><\/p>\n<h3>Definition och funktionalitet<\/h3>\n<p>Skopcylindern \u00e4r en typ av hydraulcylinder som reglerar skopans r\u00f6relse i olika tunga maskiner som gr\u00e4vmaskiner, gr\u00e4vlastare och frontlastare. Genom hydraultrycket g\u00f6r den det m\u00f6jligt f\u00f6r skopan att utf\u00f6ra viktiga \u00e5tg\u00e4rder som att gr\u00e4va, lasta och transportera material. Bomcylinderns design s\u00e4kerst\u00e4ller smidig och effektiv drift, vilket m\u00f6jligg\u00f6r exakt kontroll under kr\u00e4vande uppgifter.<\/p>\n<h2>Produktegenskaper<\/h2>\n<ul>\n<li><strong>H\u00f6g styrka och h\u00e5llbarhet:<\/strong> Bomcylindern \u00e4r tillverkad av h\u00f6gh\u00e5llfast st\u00e5l eller aluminium och t\u00e5l h\u00f6gt tryck och tunga belastningar. Den \u00e4r konstruerad f\u00f6r att klara tuffa arbetsf\u00f6rh\u00e5llanden, med fokus p\u00e5 slitstyrka och korrosionsskydd f\u00f6r att f\u00f6rl\u00e4nga dess livsl\u00e4ngd.<\/li>\n<li><strong>Effektiv hydraulisk drift:<\/strong> Cylindern anv\u00e4nder hydrauliskt oljetryck f\u00f6r smidig teleskopr\u00f6relse och svarar snabbt p\u00e5 f\u00f6rarens kommandon samtidigt som den levererar kraftfulla tryck- och dragkrafter f\u00f6r att hantera tunga och komplexa uppgifter.<\/li>\n<li><strong>Olika typer:<\/strong> Bomcylindern finns i enkelverkande (i en riktning) eller dubbelverkande (i b\u00e5da riktningarna) konfigurationer och kan v\u00e4ljas baserat p\u00e5 specifika driftsbehov. Vissa modeller har teleskopiska konstruktioner, vilket m\u00f6jligg\u00f6r st\u00f6rre utbyggnad utan att \u00f6ka de yttre m\u00e5tten, perfekt f\u00f6r utrymmesbegr\u00e4nsade till\u00e4mpningar.<\/li>\n<li><strong>Anpassad tillverkning:<\/strong> V\u00e5ra produkter kan ers\u00e4tta olika hydraulcylindrar med \u00f6verl\u00e4gsen kvalitet och prestanda, vilket s\u00e4kerst\u00e4ller kompatibilitet med flera gr\u00e4vmaskinsmodeller.<\/li>\n<li><strong>M\u00e5ngsidiga till\u00e4mpningar:<\/strong> Bomcylindern \u00e4r anpassningsbar f\u00f6r olika maskiner, vilket f\u00f6rb\u00e4ttrar den totala driftseffektiviteten inom flera sektorer.<\/li>\n<\/ul>\n<p><img decoding=\"async\" src=\"https:\/\/www.hydraulic-cylinders.net\/wp-content\/uploads\/2025\/04\/songte-cylinder-head-with-all-kinds-excavator-models.webp\" alt=\"Topplock f\u00f6r gr\u00e4vmaskinsmodeller\"><\/p>\n<h2>Applikationsscenarier<\/h2>\n<h3>Byggutrustning<\/h3>\n<p>Inom entreprenadmaskiner \u00e4r bomcylindrar avg\u00f6rande f\u00f6r gr\u00e4vmaskiner, eftersom de kan gr\u00e4va, lasta och flytta jord eller skr\u00e4p effektivt. Deras design m\u00f6jligg\u00f6r optimal lyftkraft och r\u00e4ckvidd, vilket underl\u00e4ttar uppgifter som gr\u00e4vning av diken till landskapsarkitektur. I gr\u00e4vlastare hj\u00e4lper bomcylindern till vid b\u00e5de gr\u00e4vnings- och lyftuppgifter, vilket maximerar driftseffektiviteten.<\/p>\n<h3>Jordbruksmaskiner<\/h3>\n<p>I jordbruksmaskiner som frontlastare anv\u00e4nds bomcylindrar f\u00f6r att skopa, lyfta och transportera jord, h\u00f6 och andra material. Deras styrka och tillf\u00f6rlitlighet s\u00e4kerst\u00e4ller att lantbrukare kan lita p\u00e5 sin utrustning f\u00f6r olika uppgifter, vilket \u00f6kar produktiviteten i jordbruket.<\/p>\n<h3>Gr\u00e4vmaskiner<\/h3>\n<p>F\u00f6r gr\u00e4vmaskiner g\u00f6r bomcylindern att skopan kan tr\u00e4nga ner i jorden effektivt, vilket m\u00f6jligg\u00f6r effektiva gr\u00e4vningar. Hydraulsystemet s\u00e4kerst\u00e4ller j\u00e4mn prestanda, vilket \u00e4r avg\u00f6rande f\u00f6r djupa gr\u00e4vningar eller utmanande terr\u00e4ng.<\/p>\n<h3>Lastare<\/h3>\n<p>Hos frontlastare \u00e4r bomcylindern avg\u00f6rande f\u00f6r att lyfta och dumpa material effektivt. Den ger den kraft som kr\u00e4vs f\u00f6r att lyfta tunga laster samtidigt som stabiliteten bibeh\u00e5lls, vilket \u00e4r avg\u00f6rande f\u00f6r bygg- och materialhanteringsuppgifter.<\/p>\n<h2>Design\u00f6verv\u00e4ganden och urvalskriterier<\/h2>\n<h3>Lastkapacitet<\/h3>\n<p>N\u00e4r man v\u00e4ljer en bomcylinder \u00e4r det avg\u00f6rande att f\u00f6rst\u00e5 dess lastkapacitet. Cylindern m\u00e5ste kunna b\u00e4ra den maximala vikt som kommer att lyftas eller flyttas under drift. Tillverkare tillhandah\u00e5ller ofta specifikationer som anger lastgr\u00e4nserna, vilka b\u00f6r beaktas noggrant f\u00f6r att f\u00f6rhindra fel under anv\u00e4ndning. Att v\u00e4lja en cylinder med l\u00e4mplig lastkapacitet s\u00e4kerst\u00e4ller s\u00e4kerhet och effektivitet.<\/p>\n<h3>T\u00e4tning och h\u00e5llbarhet<\/h3>\n<p>Bomcylinderns t\u00e4tningsdesign \u00e4r avg\u00f6rande f\u00f6r att bibeh\u00e5lla hydraulv\u00e4tskans integritet och f\u00f6rhindra l\u00e4ckage. H\u00f6gkvalitativa t\u00e4tningar, s\u00e5som kolvt\u00e4tningar och kolvst\u00e5ngst\u00e4tningar tillverkade av slitstarka material som polyuretan och nitrilgummi, \u00e4r viktiga f\u00f6r l\u00e5ng livsl\u00e4ngd. Cylinderns hus och g\u00e4ngade \u00e4ndytor b\u00f6r ocks\u00e5 behandlas noggrant f\u00f6r att f\u00f6rb\u00e4ttra slitstyrkan, vilket s\u00e4kerst\u00e4ller en l\u00e4ngre livsl\u00e4ngd.<\/p>\n<h3>S\u00e4kerhetsfunktioner<\/h3>\n<p>S\u00e4kerhet \u00e4r av st\u00f6rsta vikt vid anv\u00e4ndning av tunga maskiner. Bomcylinderns konstruktion b\u00f6r inneh\u00e5lla s\u00e4kerhetsfunktioner som f\u00f6rhindrar ov\u00e4ntade fel. Detta inkluderar tryckavlastningsventiler f\u00f6r att undvika \u00f6vertryck och robust konstruktion f\u00f6r att motst\u00e5 tuffa f\u00f6rh\u00e5llanden. Regelbundna inspektioner och efterlevnad av s\u00e4kerhetsprotokoll \u00e4r avg\u00f6rande f\u00f6r att bibeh\u00e5lla utrustningens integritet.<\/p>\n<p><img decoding=\"async\" src=\"https:\/\/www.hydraulic-cylinders.net\/wp-content\/uploads\/2025\/04\/songte-oil-pipes-and-spare-parts.webp\" alt=\"Oljer\u00f6r och reservdelar\"><\/p>\n<h2>T\u00e4tning och sm\u00f6rjning<\/h2>\n<p>Korrekt t\u00e4tning \u00e4r avg\u00f6rande f\u00f6r effektiv drift av hydraulcylindrar. Olika t\u00e4tningar, inklusive kolvt\u00e4tningar och kolvst\u00e5ngst\u00e4tningar, anv\u00e4nds f\u00f6r att f\u00f6rhindra l\u00e4ckage av hydraulv\u00e4tska. Valet av slitstarka material som polyuretan och nitrilgummi f\u00f6rb\u00e4ttrar slitstyrkan och f\u00f6rl\u00e4nger t\u00e4tningarnas livsl\u00e4ngd. Cylinderhuset och de g\u00e4ngade \u00e4ndarna b\u00f6r precisionsbearbetas f\u00f6r att f\u00f6rb\u00e4ttra h\u00e5llbarheten.<\/p>\n<p>Regelbunden sm\u00f6rjning \u00e4r ocks\u00e5 avg\u00f6rande. Hydraulolja b\u00f6r fyllas p\u00e5 regelbundet f\u00f6r att s\u00e4kerst\u00e4lla optimal funktion av t\u00e4tningarna och f\u00f6rhindra slitage p\u00e5 interna komponenter. Tillr\u00e4cklig sm\u00f6rjning minskar friktion, vilket kan leda till \u00f6verhettning och f\u00f6r tidigt haveri i hydraulsystemet.<\/p>\n<h2>Regelbunden inspektion och f\u00f6rebyggande underh\u00e5lls\u00e5tg\u00e4rder<\/h2>\n<ul>\n<li><strong>Regelbundna inspektioner:<\/strong> Genomf\u00f6r noggranna inspektioner av bomcylindern f\u00f6r att identifiera eventuella tecken p\u00e5 slitage eller skador. Kontrollera om det finns l\u00e4ckor, ovanliga ljud eller oregelbundna r\u00f6relser som kan tyda p\u00e5 potentiella problem. Tidig uppt\u00e4ckt kan f\u00f6rhindra kostsamma reparationer och driftstopp.<\/li>\n<li><strong>Korrekt sm\u00f6rjning:<\/strong> S\u00e4kerst\u00e4ll att hydrauloljeniv\u00e5erna h\u00e5lls och att t\u00e4tningarna \u00e4r tillr\u00e4ckligt smorda. Kontrollera regelbundet hydrauloljans viskositet och kvalitet och byt ut den vid behov f\u00f6r att bibeh\u00e5lla optimal prestanda.<\/li>\n<li><strong>Byte av t\u00e4tning:<\/strong> Med tiden kan t\u00e4tningar slitas ut och beh\u00f6va bytas ut. Regelbundna kontroller b\u00f6r utf\u00f6ras f\u00f6r att identifiera slitna t\u00e4tningar, och utbyten b\u00f6r g\u00f6ras i tid f\u00f6r att f\u00f6rhindra l\u00e4ckor och bibeh\u00e5lla hydraulisk effektivitet.<\/li>\n<\/ul>\n<h2>Installationsriktlinjer<\/h2>\n<p>Korrekt installation av bomcylindern \u00e4r avg\u00f6rande f\u00f6r dess prestanda och livsl\u00e4ngd. B\u00f6rja med att se till att alla komponenter \u00e4r rena och fria fr\u00e5n skr\u00e4p. Rikta in cylindern ordentligt med monteringsf\u00e4stena och anv\u00e4nd l\u00e4mpliga installationsst\u00f6d f\u00f6r att f\u00e4sta den p\u00e5 plats. Se till att alla f\u00e4stelement \u00e4r \u00e5tdragna enligt tillverkarens specifikationer f\u00f6r att f\u00f6rhindra att de lossnar under drift.<\/p>\n<p>Under installationen \u00e4r det viktigt att justera cylindern noggrant f\u00f6r att f\u00f6rhindra on\u00f6dig belastning p\u00e5 komponenterna. Efter att cylindern har s\u00e4krats, dubbelkontrollera att alla hydraulledningar \u00e4r korrekt anslutna och fria fr\u00e5n l\u00e4ckor. N\u00e4r cylindern \u00e4r installerad, testa systemet f\u00f6r att kontrollera att den fungerar smidigt och s\u00e4kerst\u00e4ll att hydraulsystemet fungerar som avsett.<\/p>\n<h2>Underh\u00e5llsuppgifter<\/h2>\n<h3>Regelbundna kontroller<\/h3>\n<p>Att regelbundet kontrollera bomcylindern hj\u00e4lper till att identifiera eventuella problem innan de eskalerar. Detta inkluderar att visuellt inspektera cylindern f\u00f6r tecken p\u00e5 slitage, kontrollera hydraulv\u00e4tskeniv\u00e5er och s\u00e4kerst\u00e4lla att det inte finns n\u00e5gra l\u00e4ckor. Att implementera ett regelbundet inspektionsschema kan avsev\u00e4rt \u00f6ka cylinderns livsl\u00e4ngd.<\/p>\n<h3>L\u00e4mplig sm\u00f6rjning<\/h3>\n<p>Korrekt sm\u00f6rjning \u00e4r avg\u00f6rande f\u00f6r att bomcylindern ska fungera smidigt. Anv\u00e4nd rekommenderad hydraulolja och se till att den har r\u00e4tt niv\u00e5. Kontrollera regelbundet att oljan inte \u00e4r smutsig och byt ut den vid behov f\u00f6r att bibeh\u00e5lla optimal prestanda och f\u00f6rhindra slitage p\u00e5 hydraulkomponenterna.<\/p>\n<h3>T\u00e4tningsbyte och kalibreringskontroller<\/h3>\n<p>Kontrollera regelbundet t\u00e4tningarna f\u00f6r tecken p\u00e5 slitage och byt ut dem omedelbart f\u00f6r att f\u00f6rhindra l\u00e4ckage av hydraulv\u00e4tska. Kalibreringskontroller \u00e4r ocks\u00e5 viktiga f\u00f6r att s\u00e4kerst\u00e4lla att cylindern fungerar korrekt och effektivt. Uppr\u00e4tta en rutin f\u00f6r att kontrollera hydraulsystemets prestanda och justera inst\u00e4llningarna vid behov f\u00f6r att bibeh\u00e5lla optimal drift.<\/p>\n<p><img decoding=\"async\" src=\"https:\/\/www.hydraulic-cylinders.net\/wp-content\/uploads\/2025\/04\/songte-chushion-collar.webp\" alt=\"Kuddekrage\"><\/p>\n<h2>S\u00e4kerhetsaspekter och milj\u00f6faktorer<\/h2>\n<p>Vid drift av hydrauliska system \u00e4r s\u00e4kerhets\u00e5tg\u00e4rder av st\u00f6rsta vikt. Operat\u00f6rer b\u00f6r utbildas i s\u00e4ker anv\u00e4ndning av utrustning och vikten av att f\u00f6lja s\u00e4kerhetsprotokoll f\u00f6r att minimera risker. Personlig skyddsutrustning (PPE) b\u00f6r b\u00e4ras och underh\u00e5llsprocedurer b\u00f6r utf\u00f6ras i en kontrollerad milj\u00f6 f\u00f6r att garantera s\u00e4kerheten.<\/p>\n<p>Milj\u00f6faktorer m\u00e5ste ocks\u00e5 beaktas, eftersom hydraulv\u00e4tskor kan vara skadliga f\u00f6r ekosystemet. Korrekt kassering av anv\u00e4nda v\u00e4tskor och efterlevnad av milj\u00f6f\u00f6reskrifter \u00e4r avg\u00f6rande f\u00f6r att mildra eventuella milj\u00f6p\u00e5verkan.<\/p>\n<h2>Feldiagnos och vanliga problem<\/h2>\n<h3>Vanliga problem<\/h3>\n<ul>\n<li><strong>V\u00e4tskel\u00e4ckage:<\/strong> Detta kan orsakas av slitna t\u00e4tningar eller skadade kopplingar. Regelbundna inspektioner kan hj\u00e4lpa till att identifiera l\u00e4ckor tidigt.<\/li>\n<li><strong>Svarsl\u00f6s cylinder:<\/strong> Detta kan tyda p\u00e5 l\u00e5ga hydraulv\u00e4tskeniv\u00e5er eller luft i systemet, vilket kan st\u00f6ra normal drift.<\/li>\n<li><strong>\u00d6verhettning:<\/strong> \u00d6verdriven v\u00e4rme kan bero p\u00e5 otillr\u00e4cklig sm\u00f6rjning eller \u00f6verbelastning, vilket kr\u00e4ver omedelbar uppm\u00e4rksamhet f\u00f6r att f\u00f6rhindra skador.<\/li>\n<\/ul>\n<h3>Fels\u00f6kningstips<\/h3>\n<p>F\u00f6r att effektivt fels\u00f6ka problem, b\u00f6rja med att identifiera symtomen. Vid v\u00e4tskel\u00e4ckage, inspektera t\u00e4tningar och kopplingar f\u00f6r skador. F\u00f6r cylindrar som inte svarar, kontrollera v\u00e4tskeniv\u00e5erna och lufta systemet vid behov. Om \u00f6verhettning intr\u00e4ffar, granska sm\u00f6rjrutinerna och se till att systemet inte \u00e4r \u00f6verbelastat.<\/p>\n<p>Regelbundet underh\u00e5ll och inspektioner kan bidra till att f\u00f6rhindra att dessa problem uppst\u00e5r. Att utbilda operat\u00f6rer i korrekt anv\u00e4ndning och underh\u00e5llsprotokoll minimerar ytterligare potentiella problem och s\u00e4kerst\u00e4ller att hydraulsystemet fungerar effektivt.<\/p>\n<p><img decoding=\"async\" src=\"https:\/\/www.hydraulic-cylinders.net\/wp-content\/uploads\/2025\/04\/songte-bushings-with-all-kinds-of-excavator-models.webp\" alt=\"Bussningar f\u00f6r gr\u00e4vmaskinsmodeller\"><\/p>\n<h2>F\u00f6retags\u00f6versikt<\/h2>\n<p>Vi \u00e4r en ledande tillverkare av hydraulcylindrar f\u00f6r reservdelar och erbjuder ett omfattande produktsortiment f\u00f6r b\u00e5de inhemska och internationella marknader. V\u00e5rt engagemang f\u00f6r excellens driver oss att anta noggranna tillverkningsstrategier, anv\u00e4nda avancerad teknik och skickliga yrkesm\u00e4n f\u00f6r att h\u00f6ja v\u00e5r produktionskapacitet.<\/p>\n<p>V\u00e5ra toppmoderna tillverkningsanl\u00e4ggningar s\u00e4kerst\u00e4ller h\u00f6g effektivitet, precision och kvalitet genom hela produktionsprocessen. Vi prioriterar kundn\u00f6jdhet genom att erbjuda kundanpassade tj\u00e4nster skr\u00e4ddarsydda efter specifika behov, med st\u00f6d av internationella certifieringar som bekr\u00e4ftar v\u00e5rt engagemang f\u00f6r kvalitetsstandarder.<\/p>\n<p>Med robust eftermarknadssupport s\u00e4kerst\u00e4ller vi att v\u00e5ra kunder f\u00e5r kontinuerlig hj\u00e4lp och fr\u00e4mjar l\u00e5ngsiktiga relationer byggda p\u00e5 f\u00f6rtroende och p\u00e5litlighet.<\/p>\n<p><img decoding=\"async\" src=\"https:\/\/www.hydraulic-cylinders.net\/wp-content\/uploads\/2025\/04\/songte-company-4.webp\" alt=\"F\u00f6retags\u00f6versikt\"><br \/>\n<img decoding=\"async\" src=\"https:\/\/www.hydraulic-cylinders.net\/wp-content\/uploads\/2025\/04\/songte-company-3.webp\" alt=\"F\u00f6retagets tillverkningsprocess\"><\/p>\n<p>F\u00f6rfattare: lyl<\/p>","protected":false},"excerpt":{"rendered":"<p>Boom Cylinder For XGMA Middle Excavator XG822EL Product Overview The Boom Cylinder for XGMA Middle Excavator XG822EL is a crucial component in the hydraulic system of excavators. This hydraulic cylinder is specifically designed to control the movement of the boom arm, enabling efficient lifting, lowering, and tilting of the bucket. It plays a vital role [&hellip;]<\/p>","protected":false},"featured_media":17868,"comment_status":"open","ping_status":"closed","template":"","meta":{"_et_pb_use_builder":"","_et_pb_old_content":"","_et_gb_content_width":""},"product_brand":[],"product_cat":[1546],"product_tag":[1547,1496],"class_list":{"0":"post-19318","1":"product","2":"type-product","3":"status-publish","4":"has-post-thumbnail","6":"product_cat-boom-cylinders","7":"product_tag-boom-cylinders","8":"product_tag-hydraulic-cylinders","10":"first","11":"instock","12":"shipping-taxable","13":"product-type-simple"},"amp_enabled":true,"_links":{"self":[{"href":"https:\/\/www.hydraulic-cylinders.net\/sv\/wp-json\/wp\/v2\/product\/19318","targetHints":{"allow":["GET"]}}],"collection":[{"href":"https:\/\/www.hydraulic-cylinders.net\/sv\/wp-json\/wp\/v2\/product"}],"about":[{"href":"https:\/\/www.hydraulic-cylinders.net\/sv\/wp-json\/wp\/v2\/types\/product"}],"replies":[{"embeddable":true,"href":"https:\/\/www.hydraulic-cylinders.net\/sv\/wp-json\/wp\/v2\/comments?post=19318"}],"wp:featuredmedia":[{"embeddable":true,"href":"https:\/\/www.hydraulic-cylinders.net\/sv\/wp-json\/wp\/v2\/media\/17868"}],"wp:attachment":[{"href":"https:\/\/www.hydraulic-cylinders.net\/sv\/wp-json\/wp\/v2\/media?parent=19318"}],"wp:term":[{"taxonomy":"product_brand","embeddable":true,"href":"https:\/\/www.hydraulic-cylinders.net\/sv\/wp-json\/wp\/v2\/product_brand?post=19318"},{"taxonomy":"product_cat","embeddable":true,"href":"https:\/\/www.hydraulic-cylinders.net\/sv\/wp-json\/wp\/v2\/product_cat?post=19318"},{"taxonomy":"product_tag","embeddable":true,"href":"https:\/\/www.hydraulic-cylinders.net\/sv\/wp-json\/wp\/v2\/product_tag?post=19318"}],"curies":[{"name":"wp","href":"https:\/\/api.w.org\/{rel}","templated":true}]}}