{"id":19322,"date":"2025-04-07T06:26:55","date_gmt":"2025-04-07T06:26:55","guid":{"rendered":"https:\/\/www.hydraulic-cylinders.net\/product\/boom-cylinder-for-xgma-large-excavator-xg836mh\/"},"modified":"2025-04-07T06:26:57","modified_gmt":"2025-04-07T06:26:57","slug":"boom-cylinder-for-xgma-large-excavator-xg836mh","status":"publish","type":"product","link":"https:\/\/www.hydraulic-cylinders.net\/sv\/produkt\/boom-cylinder-for-xgma-large-excavator-xg836mh\/","title":{"rendered":"Bomcylinder f\u00f6r XGMA stor gr\u00e4vmaskin XG836MH"},"content":{"rendered":"<h1>Bomcylinder f\u00f6r XGMA stor gr\u00e4vmaskin XG836MH<\/h1>\n<h2>Introduktion till bomcylindrar<\/h2>\n<p>Bomcylindern till den stora gr\u00e4vmaskinen XGMA XG836MH \u00e4r en kritisk komponent avsedd f\u00f6r tunga maskiner. Denna hydraulcylinder \u00e4r specialiserad p\u00e5 att styra r\u00f6relsen hos gr\u00e4vmaskinstillbeh\u00f6r, s\u00e5som skopor, vilket m\u00f6jligg\u00f6r viktiga uppgifter som lyftning, s\u00e4nkning och lutning. Den underl\u00e4ttar effektiv materialhantering, vilket g\u00f6r den till en viktig del av olika bygg- och gr\u00e4vprojekt.<\/p>\n<p><img decoding=\"async\" src=\"https:\/\/www.hydraulic-cylinders.net\/wp-content\/uploads\/2025\/04\/songte-company-1.webp\" alt=\"Bomcylinder f\u00f6r gr\u00e4vmaskiner\" \/><\/p>\n<h3>F\u00f6rst\u00e5 skopcylindrar<\/h3>\n<p>Skopscylindrar \u00e4r hydrauliska mekanismer som \u00e4r speciellt konstruerade f\u00f6r att hantera r\u00f6relsen av skopor p\u00e5 tunga anl\u00e4ggningsmaskiner, inklusive gr\u00e4vmaskiner, traktorgr\u00e4vare och frontlastare. De arbetar i ett hydraulsystem d\u00e4r trycksatt v\u00e4tska anv\u00e4nds f\u00f6r att skapa r\u00f6relse. Denna till\u00e4mpning g\u00f6r att skopan kan utf\u00f6ra viktiga funktioner som kr\u00e4vs f\u00f6r att gr\u00e4va, transportera och dumpa material effektivt. Utformningen och driften av dessa cylindrar \u00e4r avg\u00f6rande f\u00f6r att uppn\u00e5 optimal prestanda i kr\u00e4vande arbetsmilj\u00f6er.<\/p>\n<h2>Funktioner hos bomcylindern<\/h2>\n<ul>\n<li><strong>H\u00f6g styrka och h\u00e5llbarhet:<\/strong> Dessa cylindrar \u00e4r tillverkade av h\u00f6gh\u00e5llfast st\u00e5l eller aluminium och t\u00e5l h\u00f6ga tryck och tunga belastningar, vilket s\u00e4kerst\u00e4ller tillf\u00f6rlitlighet \u00e4ven under tuffa arbetsf\u00f6rh\u00e5llanden.<\/li>\n<li><strong>Effektiv hydraulisk drift:<\/strong> Genom att anv\u00e4nda hydrauloljetrycket m\u00f6jligg\u00f6r bomcylindern smidig ut- och ink\u00f6rning, vilket ger snabb respons p\u00e5 f\u00f6rarens kommandon och levererar kraftfulla tryck- och dragkrafter.<\/li>\n<li><strong>Olika typer:<\/strong> Dessa cylindrar finns i enkelverkande och dubbelverkande utf\u00f6randen och tillgodoser olika driftsbehov. Vissa modeller \u00e4r teleskopiska, vilket m\u00f6jligg\u00f6r l\u00e4ngre r\u00e4ckvidd utan att \u00f6ka de yttersta m\u00e5tten.<\/li>\n<li><strong>Enkel integration:<\/strong> Utformad f\u00f6r att s\u00f6ml\u00f6st ers\u00e4tta befintliga hydraulcylindrar, vilket s\u00e4kerst\u00e4ller smidiga uppgraderingar och underh\u00e5ll.<\/li>\n<li><strong>Underh\u00e5llsv\u00e4nlig design:<\/strong> Konfigurerad f\u00f6r enkla underh\u00e5llsprocedurer, vilket m\u00f6jligg\u00f6r f\u00f6rl\u00e4ngd livsl\u00e4ngd och minskad stillest\u00e5ndstid.<\/li>\n<\/ul>\n<p><img decoding=\"async\" src=\"https:\/\/www.hydraulic-cylinders.net\/wp-content\/uploads\/2025\/04\/songte-cylinder-head-with-all-kinds-excavator-models.webp\" alt=\"Gr\u00e4vmaskinsmodeller\" \/><\/p>\n<h2>Anv\u00e4ndningsomr\u00e5den f\u00f6r bomcylindern<\/h2>\n<h3>Byggutrustning<\/h3>\n<p>I gr\u00e4vmaskiner spelar bomcylindrar en viktig roll vid gr\u00e4vning, lastning och f\u00f6rflyttning av jord eller skr\u00e4p. Deras f\u00f6rm\u00e5ga att effektivt kontrollera skopans r\u00f6relse \u00e4r avg\u00f6rande f\u00f6r framg\u00e5ngsrika gr\u00e4vningsoperationer. Dessutom hj\u00e4lper de i gr\u00e4vlastare till med b\u00e5de att gr\u00e4va diken och lyfta material, vilket \u00f6kar den totala produktiviteten p\u00e5 byggarbetsplatser.<\/p>\n<h3>Jordbruksmaskiner<\/h3>\n<p>I frontlastare ansvarar bomcylindrar f\u00f6r att skopa, lyfta och transportera jord, h\u00f6 och andra material. Deras robusta design s\u00e4kerst\u00e4ller att de kan hantera betydande vikt, vilket g\u00f6r dem oumb\u00e4rliga f\u00f6r jordbruksuppgifter. De g\u00f6r det m\u00f6jligt f\u00f6r jordbrukare och entrepren\u00f6rer att utf\u00f6ra olika uppgifter effektivt, s\u00e5som lastning och lossning av material, vilket \u00f6kar produktiviteten inom jordbrukssektorn.<\/p>\n<h3>Gr\u00e4vmaskiner<\/h3>\n<p>I gr\u00e4vmaskiner g\u00f6r bomcylindern att skopan kan tr\u00e4nga ner i jorden effektivt. Denna f\u00f6rm\u00e5ga \u00e4r avg\u00f6rande f\u00f6r olika gr\u00e4vuppgifter, fr\u00e5n landskapsarkitektur till storskaliga byggprojekt. Bomcylinderns design s\u00e4kerst\u00e4ller exakt kontroll \u00f6ver skopans r\u00f6relser, vilket \u00e4r avg\u00f6rande f\u00f6r att minimera st\u00f6rningar i omgivande omr\u00e5den.<\/p>\n<h3>Lastare<\/h3>\n<p>I frontlastare underl\u00e4ttar dessa cylindrar effektivt lyftning och dumpning av material. Deras hydrauliska kapacitet m\u00f6jligg\u00f6r snabb man\u00f6vrering, vilket \u00e4r avg\u00f6rande i snabba byggmilj\u00f6er. Effektiviteten som bomcylindrar erbjuder \u00f6kar lastarnas totala driftskapacitet, vilket g\u00f6r dem mer effektiva f\u00f6r materialhanteringsuppgifter.<\/p>\n<h2>Design\u00f6verv\u00e4ganden och urvalskriterier<\/h2>\n<h3>Lastkapacitet<\/h3>\n<p>Utformningen av bomcylindrar m\u00e5ste prioritera lastkapaciteten f\u00f6r att s\u00e4kerst\u00e4lla att de kan hantera vikten av gr\u00e4vmaskinsredskap och de material som flyttas. Ingenj\u00f6rer ber\u00e4knar den erforderliga lastkapaciteten baserat p\u00e5 den avsedda anv\u00e4ndningen, vilket s\u00e4kerst\u00e4ller att cylindern kan fungera s\u00e4kert utan risk f\u00f6r fel.<\/p>\n<h3>T\u00e4tningseffektivitet<\/h3>\n<p>Korrekt t\u00e4tning \u00e4r avg\u00f6rande f\u00f6r att f\u00f6rhindra l\u00e4ckage av hydraulv\u00e4tska, vilket kan leda till minskad effektivitet och potentiella skador p\u00e5 hydraulsystemet. H\u00f6gkvalitativa t\u00e4tningar tillverkade av slitstarka material som polyuretan eller nitrilgummi f\u00f6rb\u00e4ttrar t\u00e4tningsprestanda samtidigt som de minskar underh\u00e5llsbehovet.<\/p>\n<h3>Varaktighet<\/h3>\n<p>H\u00e5llbarhet \u00e4r avg\u00f6rande f\u00f6r bomcylindrar, eftersom de uts\u00e4tts f\u00f6r extrema f\u00f6rh\u00e5llanden och krafter under drift. Att v\u00e4lja material som t\u00e5l slitage, tillsammans med skyddande bel\u00e4ggningar, f\u00f6rl\u00e4nger cylinderns livsl\u00e4ngd och minskar antalet byten.<\/p>\n<h3>S\u00e4kerhet<\/h3>\n<p>S\u00e4kerhetsfunktioner vid konstruktionen av bomcylindrar \u00e4r av st\u00f6rsta vikt, s\u00e4rskilt i tunga maskiner d\u00e4r fel kan leda till olyckor. Genom att inf\u00f6rliva s\u00e4kerhetsmekanismer som tryckavlastningsventiler och robusta monteringssystem minimeras riskerna i samband med hydrauliska fel.<\/p>\n<h3>Underh\u00e5llbarhet<\/h3>\n<p>Att utforma bomcylindrar f\u00f6r enkelt underh\u00e5ll s\u00e4kerst\u00e4ller att operat\u00f6rer ofta kan kontrollera problem och utf\u00f6ra n\u00f6dv\u00e4ndiga reparationer utan omfattande driftstopp. Funktioner som tillg\u00e4ngliga sm\u00f6rjnipplar och l\u00e4tt utbytbara t\u00e4tningar f\u00f6rb\u00e4ttrar underh\u00e5llsv\u00e4nligheten.<\/p>\n<p><img decoding=\"async\" src=\"https:\/\/www.hydraulic-cylinders.net\/wp-content\/uploads\/2025\/04\/songte-oil-pipes-and-spare-parts.webp\" alt=\"Hydrauliska delar\" \/><\/p>\n<h2>T\u00e4tning och sm\u00f6rjning<\/h2>\n<p>Effektiv t\u00e4tning och sm\u00f6rjning \u00e4r avg\u00f6rande f\u00f6r bomcylindrars prestanda och livsl\u00e4ngd. Olika t\u00e4tningar, inklusive kolvt\u00e4tningar och st\u00e5ngt\u00e4tningar, anv\u00e4nds f\u00f6r att uppr\u00e4tth\u00e5lla hydraultrycket och f\u00f6rhindra v\u00e4tskef\u00f6rlust. Material som polyuretan och nitrilgummi anv\u00e4nds ofta f\u00f6r sina slitstarka egenskaper. Cylinderhuset och de g\u00e4ngade \u00e4ndytorna genomg\u00e5r fina bearbetningar f\u00f6r att f\u00f6rb\u00e4ttra h\u00e5llbarhet och slitstyrka. Dessutom \u00e4r regelbunden sm\u00f6rjning med hydraulolja n\u00f6dv\u00e4ndig f\u00f6r att s\u00e4kerst\u00e4lla smidig drift och minimera friktion mellan r\u00f6rliga delar.<\/p>\n<h2>Regelbunden inspektion och f\u00f6rebyggande underh\u00e5lls\u00e5tg\u00e4rder<\/h2>\n<ul>\n<li><strong>Regelbundna inspektioner:<\/strong> Att utf\u00f6ra regelbundna inspektioner hj\u00e4lper till att identifiera potentiella problem innan de eskalerar. Kontrollera l\u00e4ckor, slitage och korrekt inriktning.<\/li>\n<li><strong>Korrekt sm\u00f6rjning:<\/strong> Se till att alla r\u00f6rliga delar \u00e4r tillr\u00e4ckligt smorda f\u00f6r att minska friktion och f\u00f6rhindra slitage. Anv\u00e4nd rekommenderad typ av hydraulolja f\u00f6r optimal prestanda.<\/li>\n<li><strong>Byte av t\u00e4tning:<\/strong> Schemal\u00e4gg regelbundna t\u00e4tningsbyten baserat p\u00e5 anv\u00e4ndning f\u00f6r att bibeh\u00e5lla cylinderns integritet. Kontrollera t\u00e4tningarna f\u00f6r tecken p\u00e5 slitage och byt ut dem vid behov.<\/li>\n<\/ul>\n<h2>Installationsriktlinjer<\/h2>\n<p>Korrekt installation av bomcylindern \u00e4r avg\u00f6rande f\u00f6r optimal prestanda. B\u00f6rja med att se till att arbetsomr\u00e5det \u00e4r rent och fritt fr\u00e5n skr\u00e4p. Rikta in cylindern korrekt med monteringsf\u00e4stena och anv\u00e4nd l\u00e4mpliga monteringsf\u00e4sten f\u00f6r att f\u00e4sta den. S\u00e4kerst\u00e4ll att hydrauliska anslutningar \u00e4r \u00e5tdragna och l\u00e4ckagefria. N\u00e4r cylindern \u00e4r installerad, kontrollera den f\u00f6r att f\u00f6rhindra on\u00f6dig belastning under drift. Efter installationen, utf\u00f6r en provk\u00f6rning f\u00f6r att verifiera funktionen och g\u00f6r n\u00f6dv\u00e4ndiga justeringar av hydraulsystemet f\u00f6r smidig drift.<\/p>\n<h2>Vanliga underh\u00e5llsuppgifter<\/h2>\n<ul>\n<li><strong>Regelbundna inspektioner:<\/strong> Regelbundna kontroller av l\u00e4ckor eller tecken p\u00e5 slitage hj\u00e4lper till att bibeh\u00e5lla cylinderns effektivitet. Kontrollera alla anslutningar och t\u00e4tningar f\u00f6r att s\u00e4kerst\u00e4lla att de \u00e4r intakta.<\/li>\n<li><strong>Korrekt sm\u00f6rjning:<\/strong> Det \u00e4r viktigt att bibeh\u00e5lla l\u00e4mpliga sm\u00f6rjniv\u00e5er. Se till att cylindern sm\u00f6rjs enligt tillverkarens rekommendationer f\u00f6r att f\u00f6rhindra f\u00f6r tidigt slitage.<\/li>\n<li><strong>Byte av t\u00e4tning:<\/strong> Bed\u00f6m regelbundet t\u00e4tningarnas skick och byt ut dem vid behov. Denna uppgift f\u00f6rhindrar f\u00f6rlust av hydraulv\u00e4tska och uppr\u00e4tth\u00e5ller systemtrycket.<\/li>\n<\/ul>\n<h2>S\u00e4kerhetsaspekter och milj\u00f6faktorer<\/h2>\n<p>Vid anv\u00e4ndning av bomcylindrar \u00e4r s\u00e4kerhets\u00e5tg\u00e4rder av st\u00f6rsta vikt. Operat\u00f6rer b\u00f6r f\u00f6lja alla s\u00e4kerhetsriktlinjer, inklusive att b\u00e4ra l\u00e4mplig personlig skyddsutrustning (PPE) f\u00f6r att minimera riskerna under drift. Korrekt utbildning i hantering av hydrauliska system \u00e4r avg\u00f6rande f\u00f6r att f\u00f6rhindra olyckor. Dessutom \u00e4r det avg\u00f6rande att uppm\u00e4rksamma milj\u00f6faktorer; att se till att hydraulv\u00e4tskor inte l\u00e4cker ut i milj\u00f6n bidrar till att minska ekologiska risker.<\/p>\n<h2>Fels\u00f6kning och vanliga problem<\/h2>\n<ul>\n<li><strong>L\u00e4ckage:<\/strong> Kontrollera alla t\u00e4tningar och anslutningar f\u00f6r slitage eller skador. Byt ut eventuella defekta t\u00e4tningar och se till att anslutningarna \u00e4r ordentligt \u00e5tdragna.<\/li>\n<li><strong>D\u00e5lig prestanda:<\/strong> Kontrollera hydraulv\u00e4tskeniv\u00e5er och kvalitet. L\u00e5g v\u00e4tska kan leda till otillr\u00e4cklig prestanda, s\u00e5 se till att den uppfyller specifikationerna.<\/li>\n<li><strong>Buller under drift:<\/strong> Ovanliga ljud kan tyda p\u00e5 mekaniska problem. Kontrollera om det finns feljustering eller skadade komponenter som kan beh\u00f6va justeras eller bytas ut.<\/li>\n<\/ul>\n<h2>Fels\u00f6kningstips<\/h2>\n<p>F\u00f6r att effektivt diagnostisera och l\u00f6sa problem med bomcylindrar b\u00f6r operat\u00f6rer f\u00f6ra en omfattande underh\u00e5llslogg. F\u00f6r register \u00f6ver inspektioner, reparationer och v\u00e4tskebyten. Regelbunden utbildning i hydraulsystem kan ge operat\u00f6rer m\u00f6jlighet att identifiera problem tidigt. Implementera f\u00f6rebyggande \u00e5tg\u00e4rder, s\u00e5som rutininspektioner och efterlevnad av underh\u00e5llsscheman, f\u00f6r att minimera risken f\u00f6r potentiella fel.<\/p>\n<p><img decoding=\"async\" src=\"https:\/\/www.hydraulic-cylinders.net\/wp-content\/uploads\/2025\/04\/songte-bushings-with-all-kinds-of-excavator-models.webp\" alt=\"Gr\u00e4vmaskinsbussningar\" \/><\/p>\n<h2>Om v\u00e5rt f\u00f6retag<\/h2>\n<p>Vi \u00e4r en ledande tillverkare av hydraulcylindrar f\u00f6r reservdelar och erbjuder ett omfattande produktsortiment som betj\u00e4nar b\u00e5de inhemska och internationella marknader. V\u00e5rt engagemang f\u00f6r \u00f6verl\u00e4gsen kvalitet st\u00f6ds av en f\u00f6rfinad tillverkningsstrategi som integrerar avancerad teknik och skicklig personal. Genom att anv\u00e4nda toppmodern digital tillverkningsutrustning och professionella testsystem f\u00f6rb\u00e4ttrar vi kontinuerligt v\u00e5r produktionskapacitet. V\u00e5r betoning p\u00e5 effektivitet, precision och h\u00f6ga kvalitetsstandarder m\u00f6ter v\u00e5ra kunders olika behov.<\/p>\n<p><img decoding=\"async\" src=\"https:\/\/www.hydraulic-cylinders.net\/wp-content\/uploads\/2025\/04\/songte-company-4.webp\" alt=\"F\u00f6retags\u00f6versikt\" \/><br \/>\n<img decoding=\"async\" src=\"https:\/\/www.hydraulic-cylinders.net\/wp-content\/uploads\/2025\/04\/songte-company-3.webp\" alt=\"F\u00f6retagsfaciliteter\" \/><\/p>\n<p>V\u00e5r expertis str\u00e4cker sig till internationella certifieringar, skr\u00e4ddarsydda tj\u00e4nster och exceptionell eftermarknadssupport, vilket s\u00e4kerst\u00e4ller att v\u00e5ra kunder f\u00e5r h\u00f6gsta m\u00f6jliga serviceniv\u00e5 och produkttillf\u00f6rlitlighet.<\/p>\n<p>F\u00f6rfattare: lyl<\/p>","protected":false},"excerpt":{"rendered":"<p>Boom Cylinder For XGMA Large Excavator XG836MH Introduction to Boom Cylinders The Boom Cylinder for the XGMA Large Excavator XG836MH is a critical component designed for heavy machinery operations. This hydraulic cylinder specializes in controlling the movement of excavator attachments, such as buckets, enabling essential tasks such as lifting, lowering, and tilting. It facilitates effective [&hellip;]<\/p>","protected":false},"featured_media":17872,"comment_status":"open","ping_status":"closed","template":"","meta":{"_et_pb_use_builder":"","_et_pb_old_content":"","_et_gb_content_width":""},"product_brand":[],"product_cat":[1546],"product_tag":[1547,1496],"class_list":{"0":"post-19322","1":"product","2":"type-product","3":"status-publish","4":"has-post-thumbnail","6":"product_cat-boom-cylinders","7":"product_tag-boom-cylinders","8":"product_tag-hydraulic-cylinders","10":"first","11":"instock","12":"shipping-taxable","13":"product-type-simple"},"amp_enabled":true,"_links":{"self":[{"href":"https:\/\/www.hydraulic-cylinders.net\/sv\/wp-json\/wp\/v2\/product\/19322","targetHints":{"allow":["GET"]}}],"collection":[{"href":"https:\/\/www.hydraulic-cylinders.net\/sv\/wp-json\/wp\/v2\/product"}],"about":[{"href":"https:\/\/www.hydraulic-cylinders.net\/sv\/wp-json\/wp\/v2\/types\/product"}],"replies":[{"embeddable":true,"href":"https:\/\/www.hydraulic-cylinders.net\/sv\/wp-json\/wp\/v2\/comments?post=19322"}],"wp:featuredmedia":[{"embeddable":true,"href":"https:\/\/www.hydraulic-cylinders.net\/sv\/wp-json\/wp\/v2\/media\/17872"}],"wp:attachment":[{"href":"https:\/\/www.hydraulic-cylinders.net\/sv\/wp-json\/wp\/v2\/media?parent=19322"}],"wp:term":[{"taxonomy":"product_brand","embeddable":true,"href":"https:\/\/www.hydraulic-cylinders.net\/sv\/wp-json\/wp\/v2\/product_brand?post=19322"},{"taxonomy":"product_cat","embeddable":true,"href":"https:\/\/www.hydraulic-cylinders.net\/sv\/wp-json\/wp\/v2\/product_cat?post=19322"},{"taxonomy":"product_tag","embeddable":true,"href":"https:\/\/www.hydraulic-cylinders.net\/sv\/wp-json\/wp\/v2\/product_tag?post=19322"}],"curies":[{"name":"wp","href":"https:\/\/api.w.org\/{rel}","templated":true}]}}