{"id":19373,"date":"2025-04-07T06:30:57","date_gmt":"2025-04-07T06:30:57","guid":{"rendered":"https:\/\/www.hydraulic-cylinders.net\/product\/boom-cylinder-for-sdlg-middle-excavator-lg6225\/"},"modified":"2025-04-07T06:31:01","modified_gmt":"2025-04-07T06:31:01","slug":"boom-cylinder-for-sdlg-middle-excavator-lg6225","status":"publish","type":"product","link":"https:\/\/www.hydraulic-cylinders.net\/sv\/produkt\/boom-cylinder-for-sdlg-middle-excavator-lg6225\/","title":{"rendered":"Bomcylinder f\u00f6r SDLG mellangr\u00e4vmaskin LG6225"},"content":{"rendered":"<h1>Bomcylinder f\u00f6r SDLG mellangr\u00e4vmaskin LG6225<\/h1>\n<h2>Produkt\u00f6versikt<\/h2>\n<p>Bomcylindern f\u00f6r SDLG:s mellangr\u00e4vmaskin LG6225 \u00e4r en avg\u00f6rande komponent i hydraulsystemen f\u00f6r tunga maskiner. Denna hydraulcylinder \u00e4r speciellt utformad f\u00f6r att styra skopans r\u00f6relse i olika tunga maskiner som gr\u00e4vmaskiner, gr\u00e4vlastare och frontlastare. Den g\u00f6r att skopan kan lyftas, s\u00e4nkas och lutas, vilket underl\u00e4ttar materialhanteringsuppgifter effektivt.<\/p>\n<p>Denna hydraulcylinder fungerar genom att anv\u00e4nda trycksatt hydraulolja f\u00f6r att skapa r\u00f6relse, vilket g\u00f6r den avg\u00f6rande f\u00f6r operationer som kr\u00e4ver precision och kraft. Skopscylindern spelar en avg\u00f6rande roll i prestandan hos bygg- och jordbruksmaskiner, vilket s\u00e4kerst\u00e4ller att f\u00f6rarna kan utf\u00f6ra sina uppgifter med l\u00e4tthet och effektivitet.<\/p>\n<p><img decoding=\"async\" src=\"https:\/\/www.hydraulic-cylinders.net\/wp-content\/uploads\/2025\/04\/songte-company-1.webp\" alt=\"Bomcylinder f\u00f6r gr\u00e4vmaskiner\"><\/p>\n<h2>Viktiga funktioner hos bomcylindern<\/h2>\n<ul>\n<li><strong>H\u00f6g styrka och h\u00e5llbarhet:<\/strong> Den \u00e4r vanligtvis tillverkad av h\u00f6gh\u00e5llfast st\u00e5l eller aluminium och t\u00e5l h\u00f6gt tryck och tunga belastningar, vilket g\u00f6r den l\u00e4mplig f\u00f6r tuffa arbetsmilj\u00f6er. Designen tar h\u00e4nsyn till slitstyrka och korrosionsbest\u00e4ndighet, vilket f\u00f6rl\u00e4nger dess livsl\u00e4ngd.<\/li>\n<li><strong>Effektiv hydraulisk drift:<\/strong> Utnyttjar hydrauloljans tryck f\u00f6r smidig ut- och indragning, vilket m\u00f6jligg\u00f6r snabb respons p\u00e5 operat\u00f6rskommandon och ger kraftfull tryck- och dragkraft, idealisk f\u00f6r hantering av tunga material och komplexa uppgifter.<\/li>\n<li><strong>Olika typer:<\/strong> Finns med enkelverkande (hydraulisk i en riktning) eller dubbelverkande (hydraulisk i b\u00e5da riktningarna) cylindrar f\u00f6r att m\u00f6ta olika driftsbehov. Vissa modeller \u00e4r teleskopiska, vilket m\u00f6jligg\u00f6r st\u00f6rre utdrag utan att \u00f6ka de yttre m\u00e5tten, l\u00e4mpliga f\u00f6r applikationer med begr\u00e4nsat utrymme.<\/li>\n<li><strong>Anpassningsbara alternativ:<\/strong> Beroende p\u00e5 de specifika kraven kan bomcylindern skr\u00e4ddarsys f\u00f6r att passa olika maskiner, vilket s\u00e4kerst\u00e4ller kompatibilitet och optimal prestanda.<\/li>\n<li><strong>Enkel installation och underh\u00e5ll:<\/strong> Utformad f\u00f6r enkel montering och regelbundet underh\u00e5ll, vilket s\u00e4kerst\u00e4ller driftseffektivitet och l\u00e5ng livsl\u00e4ngd.<\/li>\n<\/ul>\n<p>V\u00e5ra produkter kan perfekt ers\u00e4tta dessa hydraulcylindrar.<\/p>\n<p><img decoding=\"async\" src=\"https:\/\/www.hydraulic-cylinders.net\/wp-content\/uploads\/2025\/04\/songte-cylinder-head-with-all-kinds-excavator-models.webp\" alt=\"Hydrauliska cylindermodeller\"><\/p>\n<h2>Applikationsscenarier<\/h2>\n<h3>Byggutrustning<\/h3>\n<p>I gr\u00e4vmaskiner \u00e4r bomcylindrar avg\u00f6rande f\u00f6r gr\u00e4vning, lastning och f\u00f6rflyttning av jord eller skr\u00e4p. Den exakta kontrollen de erbjuder g\u00f6r det m\u00f6jligt f\u00f6r f\u00f6rare att utf\u00f6ra uppgifter med noggrannhet, vilket \u00f6kar produktiviteten p\u00e5 byggarbetsplatser. I gr\u00e4vlastare underl\u00e4ttar skopcylindern b\u00e5de gr\u00e4vning och lyftning, vilket g\u00f6r den till ett oumb\u00e4rligt verktyg i olika byggtill\u00e4mpningar.<\/p>\n<h3>Jordbruksmaskiner<\/h3>\n<p>I frontlastare anv\u00e4nds bomcylindrar f\u00f6r att skopa, lyfta och transportera jord, h\u00f6 och andra material. Deras robusta design hj\u00e4lper lantbrukare att effektivt hantera uppgifter som att lasta foder eller r\u00f6ja \u00e5krar, vilket \u00e4r avg\u00f6rande f\u00f6r jordbrukets produktivitet.<\/p>\n<h3>Gr\u00e4vmaskiner<\/h3>\n<p>I gr\u00e4vmaskiner g\u00f6r skopcylindern att skopan kan tr\u00e4nga ner i jorden effektivt, vilket underl\u00e4ttar gr\u00e4vning. Dess lyft- och lutningsf\u00f6rm\u00e5ga \u00e4r avg\u00f6rande f\u00f6r att flytta jord och f\u00f6rbereda byggarbetsplatser, vilket g\u00f6r den till en grundl\u00e4ggande aspekt av gr\u00e4varbete.<\/p>\n<h3>Lastare<\/h3>\n<p>I frontlastare hj\u00e4lper bomcylindrar till att lyfta och dumpa material effektivt. Denna funktion \u00e4r avg\u00f6rande i olika milj\u00f6er, inklusive bygg och landskapsarkitektur, d\u00e4r snabb och effektiv materialhantering kr\u00e4vs.<\/p>\n<h2>Design\u00f6verv\u00e4ganden och urvalskriterier<\/h2>\n<h3>Lastkapacitet<\/h3>\n<p>N\u00e4r man v\u00e4ljer en bomcylinder \u00e4r det viktigt att ta h\u00e4nsyn till lastkapaciteten, vilket avg\u00f6r hur mycket vikt cylindern kan hantera utan att g\u00e5 s\u00f6nder. En h\u00f6gre lastkapacitet s\u00e4kerst\u00e4ller att cylindern kan fungera effektivt under kr\u00e4vande f\u00f6rh\u00e5llanden, vilket g\u00f6r den l\u00e4mplig f\u00f6r kr\u00e4vande till\u00e4mpningar.<\/p>\n<h3>T\u00e4tning<\/h3>\n<p>Effektiv t\u00e4tning \u00e4r avg\u00f6rande f\u00f6r att f\u00f6rhindra l\u00e4ckage av hydraulv\u00e4tska, vilket kan leda till minskad effektivitet och potentiella skador p\u00e5 maskineriet. Valet av t\u00e4tningar \u2013 s\u00e5som kolvt\u00e4tningar och kolvst\u00e5ngst\u00e4tningar \u2013 b\u00f6r inneh\u00e5lla h\u00e5llbara material som motst\u00e5r slitage och milj\u00f6faktorer, vilket s\u00e4kerst\u00e4ller l\u00e5ngvarig prestanda.<\/p>\n<h3>Varaktighet<\/h3>\n<p>Bomcylinderns h\u00e5llbarhet \u00e4r av st\u00f6rsta vikt, eftersom den m\u00e5ste klara av p\u00e5frestningarna vid h\u00e5rd anv\u00e4ndning. Faktorer som materialval, tillverkningsprocesser och milj\u00f6exponering p\u00e5verkar alla cylinderns livsl\u00e4ngd, och att v\u00e4lja h\u00f6gkvalitativa komponenter kan avsev\u00e4rt f\u00f6rb\u00e4ttra h\u00e5llbarheten.<\/p>\n<h3>S\u00e4kerhet<\/h3>\n<p>S\u00e4kerhetsaspekter innefattar att s\u00e4kerst\u00e4lla att hydraulsystemet fungerar felfritt under h\u00f6gt tryck. Implementering av s\u00e4kerhetsfunktioner, s\u00e5som \u00f6vertrycksventiler, kan f\u00f6rhindra olyckor och skydda b\u00e5de maskiner och operat\u00f6r.<\/p>\n<h3>Underh\u00e5ll<\/h3>\n<p>Enkelt underh\u00e5ll \u00e4r en annan viktig faktor. En v\u00e4lkonstruerad cylinder b\u00f6r m\u00f6jligg\u00f6ra regelbundna inspektioner, sm\u00f6rjning och komponentbyten utan omfattande driftstopp, vilket s\u00e4kerst\u00e4ller att maskineriet f\u00f6rblir funktionsdugligt och effektivt.<\/p>\n<p><img decoding=\"async\" src=\"https:\/\/www.hydraulic-cylinders.net\/wp-content\/uploads\/2025\/04\/songte-oil-pipes-and-spare-parts.webp\" alt=\"Hydrauliska cylinderdelar\"><\/p>\n<h2>T\u00e4tning och sm\u00f6rjning<\/h2>\n<p>Bomcylindern anv\u00e4nder olika t\u00e4tningskomponenter, inklusive kolvt\u00e4tningar och st\u00e5ngt\u00e4tningar, f\u00f6r att bibeh\u00e5lla effektiviteten. T\u00e4tningar tillverkade av material som polyuretan och nitrilgummi \u00e4r att f\u00f6redra f\u00f6r sin slitstyrka. Cylinderhuset och de g\u00e4ngade \u00e4ndytorna \u00e4r fint bearbetade f\u00f6r att f\u00f6rb\u00e4ttra slitstyrkan, vilket \u00e4r avg\u00f6rande f\u00f6r livsl\u00e4ngden.<\/p>\n<p>Regelbunden sm\u00f6rjning med hydraulolja \u00e4r n\u00f6dv\u00e4ndig f\u00f6r att t\u00e4tningarna ska fungera korrekt och f\u00f6r att minimera friktionsslitage mellan r\u00f6rliga delar. Korrekt sm\u00f6rjning bidrar till att f\u00f6rl\u00e4nga cylinderns livsl\u00e4ngd samtidigt som det s\u00e4kerst\u00e4ller smidig drift under anv\u00e4ndning.<\/p>\n<h2>Regelbundna inspektioner och f\u00f6rebyggande underh\u00e5lls\u00e5tg\u00e4rder<\/h2>\n<ul>\n<li><strong>Rutinm\u00e4ssig inspektion:<\/strong> Kontrollera regelbundet l\u00e4ckor, slitage och tecken p\u00e5 skador f\u00f6r att s\u00e4kerst\u00e4lla att hydraulsystemet fungerar effektivt. Tidig uppt\u00e4ckt av problem kan f\u00f6rhindra allvarligare skador och driftstopp.<\/li>\n<li><strong>L\u00e4mplig sm\u00f6rjning:<\/strong> S\u00e4kerst\u00e4ll att hydrauloljeniv\u00e5erna \u00e4r tillr\u00e4ckliga och att oljan \u00e4r ren. Korrekt sm\u00f6rjning minimerar risken f\u00f6r slitage p\u00e5 kritiska komponenter.<\/li>\n<li><strong>Byte av t\u00e4tning:<\/strong> Byt ut t\u00e4tningar vid f\u00f6rsta tecken p\u00e5 slitage f\u00f6r att bibeh\u00e5lla systemets integritet och f\u00f6rhindra l\u00e4ckage. Regelbundna t\u00e4tningskontroller b\u00f6r ing\u00e5 i underh\u00e5llsrutinen.<\/li>\n<\/ul>\n<h2>Installationsriktlinjer<\/h2>\n<p>Korrekt installation av bomcylindern \u00e4r avg\u00f6rande f\u00f6r optimal prestanda. B\u00f6rja med att rikta in cylindern korrekt i f\u00f6rh\u00e5llande till maskinens monteringspunkter. Anv\u00e4nd l\u00e4mpliga monteringsf\u00e4sten f\u00f6r att s\u00e4kra cylindern p\u00e5 plats och se till att den \u00e4r ordentligt fastsatt f\u00f6r att f\u00f6rhindra r\u00f6relse under drift.<\/p>\n<p>Kontrollera alla hydrauliska anslutningar f\u00f6r kompatibilitet och integritet f\u00f6re installation. Efter att cylindern \u00e4r s\u00e4krad, anslut hydraulledningarna och se till att ingen luft \u00e4r inst\u00e4ngd i systemet. Fyll slutligen hydraulsystemet med rekommenderad hydraulolja och lufta systemet vid behov f\u00f6r att eliminera eventuella luftfickor.<\/p>\n<h2>Vanliga underh\u00e5llsuppgifter<\/h2>\n<ul>\n<li><strong>Regelbundna kontroller:<\/strong> Regelbundna inspektioner hj\u00e4lper till att identifiera potentiella problem innan de eskalerar, vilket s\u00e4kerst\u00e4ller att cylindern f\u00f6rblir i optimalt skick.<\/li>\n<li><strong>L\u00e4mplig sm\u00f6rjning:<\/strong> Regelbunden sm\u00f6rjning \u00e4r avg\u00f6rande f\u00f6r att minska friktion och slitage p\u00e5 r\u00f6rliga delar. Anv\u00e4nd alltid den rekommenderade oljetypen och se till att den \u00e4r ren.<\/li>\n<li><strong>Byte och kalibrering av t\u00e4tning:<\/strong> Byt regelbundet ut slitna t\u00e4tningar f\u00f6r att f\u00f6rhindra l\u00e4ckage och s\u00e4kerst\u00e4lla effektiv drift. Kalibreringskontroller b\u00f6r ocks\u00e5 utf\u00f6ras f\u00f6r att bibeh\u00e5lla korrekt hydraulisk funktion.<\/li>\n<\/ul>\n<p>Vikten av korrekt installation, sm\u00f6rjning och justeringar kan inte nog betonas. Under installationen \u00e4r korrekt inriktning av cylindern avg\u00f6rande f\u00f6r att undvika on\u00f6dig belastning p\u00e5 komponenterna. Det \u00e4r l\u00e4mpligt att anv\u00e4nda l\u00e4mpliga monteringsf\u00e4sten f\u00f6r att s\u00e4kra cylindern effektivt.<\/p>\n<p>Regelbundna rekommenderade inspektioner, reparationer och utbytesprocedurer b\u00f6r f\u00f6ljas f\u00f6r att bibeh\u00e5lla bomcylinderns livsl\u00e4ngd. Genom att implementera dessa metoder s\u00e4kerst\u00e4lls smidig drift och risken f\u00f6r ov\u00e4ntade fel minskas.<\/p>\n<p><img decoding=\"async\" src=\"https:\/\/www.hydraulic-cylinders.net\/wp-content\/uploads\/2025\/04\/songte-chushion-collar.webp\" alt=\"Cylinderformad kuddekrage\"><\/p>\n<h2>S\u00e4kerhetsaspekter och milj\u00f6faktorer<\/h2>\n<p>S\u00e4kerhets\u00e5tg\u00e4rder \u00e4r av yttersta vikt vid hantering av hydrauliska system. Operat\u00f6rer b\u00f6r alltid b\u00e4ra l\u00e4mplig personlig skyddsutrustning (PPE) och f\u00f6lja s\u00e4kerhetsprotokoll f\u00f6r att f\u00f6rhindra olyckor. L\u00e4ckage av hydraulv\u00e4tska utg\u00f6r milj\u00f6risker; d\u00e4rf\u00f6r b\u00f6r omedelbara \u00e5tg\u00e4rder vidtas f\u00f6r att begr\u00e4nsa och sanera spill.<\/p>\n<h2>Fels\u00f6kning och vanliga problem<\/h2>\n<ul>\n<li><strong>L\u00e4ckage:<\/strong> Orsakas ofta av slitna t\u00e4tningar eller kopplingar. Inspektera t\u00e4tningarna regelbundet och byt ut dem vid behov f\u00f6r att f\u00f6rhindra f\u00f6rlust av hydraulv\u00e4tska.<\/li>\n<li><strong>Otillr\u00e4cklig str\u00f6m:<\/strong> Kan bero p\u00e5 l\u00e5ga hydraulv\u00e4tskeniv\u00e5er eller blockeringar i systemet. Se till att v\u00e4tskan har optimala niv\u00e5er och kontrollera om det finns n\u00e5gra blockeringar.<\/li>\n<li><strong>Ovanliga ljud:<\/strong> Skrapande eller sm\u00e4llande ljud kan tyda p\u00e5 inre skador eller bristande sm\u00f6rjning. Unders\u00f6k omedelbart f\u00f6r att undvika ytterligare skador.<\/li>\n<\/ul>\n<h2>Fels\u00f6kningstips<\/h2>\n<p>Effektiv fels\u00f6kning b\u00f6rjar med regelbundna inspektioner och \u00f6vervakning av hydraulsystemets prestanda. Att f\u00f6ra en detaljerad underh\u00e5llslogg kan hj\u00e4lpa till att identifiera \u00e5terkommande problem och \u00e5tg\u00e4rda dem snabbt. F\u00f6rebyggande \u00e5tg\u00e4rder som regelbundna t\u00e4tnings- och v\u00e4tskekontroller kan minimera potentiella problem och s\u00e4kerst\u00e4lla smidig drift.<\/p>\n<p><img decoding=\"async\" src=\"https:\/\/www.hydraulic-cylinders.net\/wp-content\/uploads\/2025\/04\/songte-bushings-with-all-kinds-of-excavator-models.webp\" alt=\"Bussningar f\u00f6r gr\u00e4vmaskinsmodeller\"><\/p>\n<h2>Om v\u00e5rt f\u00f6retag<\/h2>\n<p>Vi \u00e4r en tillverkare som specialiserar oss p\u00e5 alternativa hydraulcylindrar och erbjuder ett brett utbud av produkter som har positionerat oss som en av de ledande tillverkarna och grossisterna p\u00e5 b\u00e5de inhemska och internationella marknader. V\u00e5rt engagemang f\u00f6r excellens \u00e4r rotat i en f\u00f6rfinad tillverkningsstrategi som betonar digitaliserad h\u00f6gkvalitativ tillverkningsutrustning och professionella testsystem.<\/p>\n<p>Vi f\u00f6rb\u00e4ttrar kontinuerligt v\u00e5ra tillverkningsplattformar genom teknisk innovation, vilket s\u00e4kerst\u00e4ller h\u00f6g effektivitet, precision och kvalitet i v\u00e5ra produkter. V\u00e5ra m\u00e5ngsidiga erbjudanden m\u00f6ter v\u00e5ra kunders varierande behov och erbjuder skr\u00e4ddarsydda l\u00f6sningar f\u00f6r att s\u00e4kerst\u00e4lla fullst\u00e4ndig tillfredsst\u00e4llelse.<\/p>\n<p>Dessutom \u00e4r v\u00e5rt f\u00f6retag internationellt certifierat, vilket f\u00f6rst\u00e4rker det f\u00f6rtroende och den professionalism vi erbjuder i v\u00e5ra tj\u00e4nster. Vi erbjuder omfattande anpassningsm\u00f6jligheter, toppmodern produktionsutrustning och exceptionell eftermarknadssupport f\u00f6r att garantera v\u00e5ra kunder den b\u00e4sta upplevelsen.<\/p>\n<p><img decoding=\"async\" src=\"https:\/\/www.hydraulic-cylinders.net\/wp-content\/uploads\/2025\/04\/songte-company-4.webp\" alt=\"F\u00f6retags\u00f6versikt\"><br \/>\n<img decoding=\"async\" src=\"https:\/\/www.hydraulic-cylinders.net\/wp-content\/uploads\/2025\/04\/songte-company-3.webp\" alt=\"Produktionsanl\u00e4ggning\"><\/p>\n<p>F\u00f6rfattare: lyl<\/p>","protected":false},"excerpt":{"rendered":"<p>Boom Cylinder For SDLG Middle Excavator LG6225 Product Overview The Boom Cylinder for SDLG Middle Excavator LG6225 is a crucial component in the hydraulic systems of heavy machinery. This hydraulic cylinder is specifically designed to control the movement of the bucket in various heavy equipment such as excavators, backhoe loaders, and front loaders. It enables [&hellip;]<\/p>","protected":false},"featured_media":17878,"comment_status":"open","ping_status":"closed","template":"","meta":{"_et_pb_use_builder":"","_et_pb_old_content":"","_et_gb_content_width":""},"product_brand":[],"product_cat":[1546],"product_tag":[1547,1496],"class_list":{"0":"post-19373","1":"product","2":"type-product","3":"status-publish","4":"has-post-thumbnail","6":"product_cat-boom-cylinders","7":"product_tag-boom-cylinders","8":"product_tag-hydraulic-cylinders","10":"first","11":"instock","12":"shipping-taxable","13":"product-type-simple"},"amp_enabled":true,"_links":{"self":[{"href":"https:\/\/www.hydraulic-cylinders.net\/sv\/wp-json\/wp\/v2\/product\/19373","targetHints":{"allow":["GET"]}}],"collection":[{"href":"https:\/\/www.hydraulic-cylinders.net\/sv\/wp-json\/wp\/v2\/product"}],"about":[{"href":"https:\/\/www.hydraulic-cylinders.net\/sv\/wp-json\/wp\/v2\/types\/product"}],"replies":[{"embeddable":true,"href":"https:\/\/www.hydraulic-cylinders.net\/sv\/wp-json\/wp\/v2\/comments?post=19373"}],"wp:featuredmedia":[{"embeddable":true,"href":"https:\/\/www.hydraulic-cylinders.net\/sv\/wp-json\/wp\/v2\/media\/17878"}],"wp:attachment":[{"href":"https:\/\/www.hydraulic-cylinders.net\/sv\/wp-json\/wp\/v2\/media?parent=19373"}],"wp:term":[{"taxonomy":"product_brand","embeddable":true,"href":"https:\/\/www.hydraulic-cylinders.net\/sv\/wp-json\/wp\/v2\/product_brand?post=19373"},{"taxonomy":"product_cat","embeddable":true,"href":"https:\/\/www.hydraulic-cylinders.net\/sv\/wp-json\/wp\/v2\/product_cat?post=19373"},{"taxonomy":"product_tag","embeddable":true,"href":"https:\/\/www.hydraulic-cylinders.net\/sv\/wp-json\/wp\/v2\/product_tag?post=19373"}],"curies":[{"name":"wp","href":"https:\/\/api.w.org\/{rel}","templated":true}]}}